{"id":10022,"date":"2020-04-11T12:31:50","date_gmt":"2020-04-11T10:31:50","guid":{"rendered":"https:\/\/www.schramas.com\/?post_type=product&#038;p=10022"},"modified":"2026-03-26T16:34:08","modified_gmt":"2026-03-26T15:34:08","slug":"weigela-praecox-bouquet-rose-reich-bluhende-zartrosa-topfpflanze-gewachsen-in-einem-9-cm-topf-fur-garten-terrasse-oder-balkon","status":"publish","type":"product","link":"https:\/\/www.schramas.com\/de\/shop\/weigela-praecox-bouquet-rose-reich-bluhende-zartrosa-topfpflanze-gewachsen-in-einem-9-cm-topf-fur-garten-terrasse-oder-balkon\/","title":{"rendered":"Weigela praecox 'Bouquet Rose', 2-Liter-Topf"},"content":{"rendered":"<p>Weigela Middendorffiana \u201eBouquet Rose\u201c ist ein reich bl\u00fchender Strauch mit zartrosa glockenf\u00f6rmigen Bl\u00fcten. Die maximale H\u00f6he des Strauchs betr\u00e4gt 150 cm. Die Pflanze bl\u00fcht im Fr\u00fchsommer Mai und Juni.<\/p>\n<p>Schramas.com liefert diese in 2-Liter-T\u00f6pfen.<\/p>","protected":false},"excerpt":{"rendered":"<p>Weigela praecox &#039;Bouquet Rose&#039;<\/p>\n<p>Weigelia rosa<\/p>\n<p>Bl\u00fctenstand: Rosa glockenf\u00f6rmige Bl\u00fcten.<\/p>\n<p>Max. H\u00f6he 150 cm<\/p>\n<p>Laubabwerfend.<\/p>\n<p>Hardy<\/p>\n<p>Lieferh\u00f6he inkl. Topf: 40 cm<\/p>\n<p>Topfgr\u00f6\u00dfe: 2-Liter-Topf<\/p>","protected":false},"featured_media":10023,"template":"","meta":{"_joinchat":[]},"product_brand":[],"product_cat":[302,300,290,229,305],"product_tag":[495,504,351],"class_list":{"0":"post-10022","1":"product","2":"type-product","3":"status-publish","4":"has-post-thumbnail","6":"product_cat-bladverliezende-heesters","7":"product_cat-heesters","8":"product_cat-sierheester","9":"product_cat-sierheesters","10":"product_cat-planten-heesters","11":"product_tag-sierheester","12":"product_tag-vlinderplant","13":"product_tag-winterhard","14":"pa_bloeimaanden-juni","15":"pa_bloeimaanden-augustus","16":"pa_groeihoogte-150-200-cm","17":"pa_pot-zonder-pot","19":"first","20":"outofstock","21":"taxable","22":"shipping-taxable","23":"purchasable","24":"product-type-simple"},"yoast_head":"<!-- This site is optimized with the Yoast SEO plugin v24.2 - https:\/\/yoast.com\/wordpress\/plugins\/seo\/ -->\n<title>Weigela praecox &#039;Bouquet Rose&#039;, 2 liter pot kopen | Planten eenvoudig online bestellen | Schramas.com<\/title>\n<meta name=\"robots\" content=\"index, follow, max-snippet:-1, max-image-preview:large, max-video-preview:-1\" \/>\n<link rel=\"canonical\" href=\"https:\/\/www.schramas.com\/de\/shop\/weigela-praecox-bouquet-rose-reich-bluhende-zartrosa-topfpflanze-gewachsen-in-einem-9-cm-topf-fur-garten-terrasse-oder-balkon\/\" \/>\n<meta property=\"og:locale\" content=\"de_DE\" \/>\n<meta property=\"og:type\" content=\"article\" \/>\n<meta property=\"og:title\" content=\"Weigela praecox &#039;Bouquet Rose&#039;, 2 liter pot kopen | Planten eenvoudig online bestellen | Schramas.com\" \/>\n<meta property=\"og:description\" content=\"Weigela praecox &#039;Bouquet Rose&#039;  Weigelia roze  Bloeiwijze: Roze klokvormige bloemen.  Max. hoogte 150 cm  Bladverliezend.  Winterhard  Leverhoogte incl. pot: 40 cm  Potmaat: 2 liter pot\" \/>\n<meta property=\"og:url\" content=\"https:\/\/www.schramas.com\/de\/shop\/weigela-praecox-bouquet-rose-reich-bluhende-zartrosa-topfpflanze-gewachsen-in-einem-9-cm-topf-fur-garten-terrasse-oder-balkon\/\" \/>\n<meta property=\"og:site_name\" content=\"Planten eenvoudig online bestellen | Schramas.com\" \/>\n<meta property=\"article:publisher\" content=\"https:\/\/www.facebook.com\/Schramascom-106872874153195\/\" \/>\n<meta property=\"article:modified_time\" content=\"2026-03-26T15:34:08+00:00\" \/>\n<meta property=\"og:image\" content=\"https:\/\/www.schramas.com\/wp-content\/uploads\/2020\/04\/weigelia-roze-schramas.jpg\" \/>\n\t<meta property=\"og:image:width\" content=\"271\" \/>\n\t<meta property=\"og:image:height\" content=\"186\" \/>\n\t<meta property=\"og:image:type\" content=\"image\/jpeg\" \/>\n<meta name=\"twitter:card\" content=\"summary_large_image\" \/>\n<meta name=\"twitter:label1\" content=\"Gesch\u00e4tzte Lesezeit\" \/>\n\t<meta name=\"twitter:data1\" content=\"1\u00a0Minute\" \/>\n<script type=\"application\/ld+json\" class=\"yoast-schema-graph\">{\"@context\":\"https:\/\/schema.org\",\"@graph\":[{\"@type\":[\"WebPage\",\"ItemPage\"],\"@id\":\"https:\/\/www.schramas.com\/winkel\/weigela-praecox-bouquet-rose-rijkbloeiend-zacht-roze-pot-gekweekt-in-een-9-cm-pot-voor-tuin-terras-of-balkon\/\",\"url\":\"https:\/\/www.schramas.com\/winkel\/weigela-praecox-bouquet-rose-rijkbloeiend-zacht-roze-pot-gekweekt-in-een-9-cm-pot-voor-tuin-terras-of-balkon\/\",\"name\":\"Weigela praecox 'Bouquet Rose', 2 liter pot kopen | Planten eenvoudig online bestellen | Schramas.com\",\"isPartOf\":{\"@id\":\"https:\/\/www.schramas.com\/#website\"},\"primaryImageOfPage\":{\"@id\":\"https:\/\/www.schramas.com\/winkel\/weigela-praecox-bouquet-rose-rijkbloeiend-zacht-roze-pot-gekweekt-in-een-9-cm-pot-voor-tuin-terras-of-balkon\/#primaryimage\"},\"image\":{\"@id\":\"https:\/\/www.schramas.com\/winkel\/weigela-praecox-bouquet-rose-rijkbloeiend-zacht-roze-pot-gekweekt-in-een-9-cm-pot-voor-tuin-terras-of-balkon\/#primaryimage\"},\"thumbnailUrl\":\"https:\/\/www.schramas.com\/wp-content\/uploads\/2020\/04\/weigelia-roze-schramas.jpg\",\"datePublished\":\"2020-04-11T10:31:50+00:00\",\"dateModified\":\"2026-03-26T15:34:08+00:00\",\"breadcrumb\":{\"@id\":\"https:\/\/www.schramas.com\/winkel\/weigela-praecox-bouquet-rose-rijkbloeiend-zacht-roze-pot-gekweekt-in-een-9-cm-pot-voor-tuin-terras-of-balkon\/#breadcrumb\"},\"inLanguage\":\"de\",\"potentialAction\":[{\"@type\":\"ReadAction\",\"target\":[\"https:\/\/www.schramas.com\/winkel\/weigela-praecox-bouquet-rose-rijkbloeiend-zacht-roze-pot-gekweekt-in-een-9-cm-pot-voor-tuin-terras-of-balkon\/\"]}]},{\"@type\":\"ImageObject\",\"inLanguage\":\"de\",\"@id\":\"https:\/\/www.schramas.com\/winkel\/weigela-praecox-bouquet-rose-rijkbloeiend-zacht-roze-pot-gekweekt-in-een-9-cm-pot-voor-tuin-terras-of-balkon\/#primaryimage\",\"url\":\"https:\/\/www.schramas.com\/wp-content\/uploads\/2020\/04\/weigelia-roze-schramas.jpg\",\"contentUrl\":\"https:\/\/www.schramas.com\/wp-content\/uploads\/2020\/04\/weigelia-roze-schramas.jpg\",\"width\":271,\"height\":186},{\"@type\":\"BreadcrumbList\",\"@id\":\"https:\/\/www.schramas.com\/winkel\/weigela-praecox-bouquet-rose-rijkbloeiend-zacht-roze-pot-gekweekt-in-een-9-cm-pot-voor-tuin-terras-of-balkon\/#breadcrumb\",\"itemListElement\":[{\"@type\":\"ListItem\",\"position\":1,\"name\":\"Product\",\"item\":\"https:\/\/www.schramas.com\/assortiment\/\"},{\"@type\":\"ListItem\",\"position\":2,\"name\":\"Tuinplanten\",\"item\":\"https:\/\/www.schramas.com\/product-category\/planten-heesters\/\"},{\"@type\":\"ListItem\",\"position\":3,\"name\":\"Heesters\",\"item\":\"https:\/\/www.schramas.com\/product-category\/planten-heesters\/heesters\/\"},{\"@type\":\"ListItem\",\"position\":4,\"name\":\"Sierheesters\",\"item\":\"https:\/\/www.schramas.com\/product-category\/planten-heesters\/heesters\/sierheesters\/\"},{\"@type\":\"ListItem\",\"position\":5,\"name\":\"Weigela praecox &#8216;Bouquet Rose&#8217;, 2 liter pot\"}]},{\"@type\":\"WebSite\",\"@id\":\"https:\/\/www.schramas.com\/#website\",\"url\":\"https:\/\/www.schramas.com\/\",\"name\":\"Schramas.com | Tuinplanten eenvoudig online bestellen | Direct van onze Kwekerij\",\"description\":\"\",\"alternateName\":\"Schramas.com - Alle planten direct van de kweker\",\"potentialAction\":[{\"@type\":\"SearchAction\",\"target\":{\"@type\":\"EntryPoint\",\"urlTemplate\":\"https:\/\/www.schramas.com\/?s={search_term_string}\"},\"query-input\":{\"@type\":\"PropertyValueSpecification\",\"valueRequired\":true,\"valueName\":\"search_term_string\"}}],\"inLanguage\":\"de\"}]}<\/script>\n<!-- \/ Yoast SEO plugin. -->","yoast_head_json":{"title":"Kaufen Sie Weigela praecox &#039;Bouquet Rose&#039;, 2 Liter Topf | Pflanzen einfach online bestellen | Schramas.com","robots":{"index":"index","follow":"follow","max-snippet":"max-snippet:-1","max-image-preview":"max-image-preview:large","max-video-preview":"max-video-preview:-1"},"canonical":"https:\/\/www.schramas.com\/de\/shop\/weigela-praecox-bouquet-rose-reich-bluhende-zartrosa-topfpflanze-gewachsen-in-einem-9-cm-topf-fur-garten-terrasse-oder-balkon\/","og_locale":"de_DE","og_type":"article","og_title":"Weigela praecox 'Bouquet Rose', 2 liter pot kopen | Planten eenvoudig online bestellen | Schramas.com","og_description":"Weigela praecox 'Bouquet Rose'  Weigelia roze  Bloeiwijze: Roze klokvormige bloemen.  Max. hoogte 150 cm  Bladverliezend.  Winterhard  Leverhoogte incl. pot: 40 cm  Potmaat: 2 liter pot","og_url":"https:\/\/www.schramas.com\/de\/shop\/weigela-praecox-bouquet-rose-reich-bluhende-zartrosa-topfpflanze-gewachsen-in-einem-9-cm-topf-fur-garten-terrasse-oder-balkon\/","og_site_name":"Planten eenvoudig online bestellen | Schramas.com","article_publisher":"https:\/\/www.facebook.com\/Schramascom-106872874153195\/","article_modified_time":"2026-03-26T15:34:08+00:00","og_image":[{"width":271,"height":186,"url":"https:\/\/www.schramas.com\/wp-content\/uploads\/2020\/04\/weigelia-roze-schramas.jpg","type":"image\/jpeg"}],"twitter_card":"summary_large_image","twitter_misc":{"Gesch\u00e4tzte Lesezeit":"1\u00a0Minute"},"schema":{"@context":"https:\/\/schema.org","@graph":[{"@type":["WebPage","ItemPage"],"@id":"https:\/\/www.schramas.com\/winkel\/weigela-praecox-bouquet-rose-rijkbloeiend-zacht-roze-pot-gekweekt-in-een-9-cm-pot-voor-tuin-terras-of-balkon\/","url":"https:\/\/www.schramas.com\/winkel\/weigela-praecox-bouquet-rose-rijkbloeiend-zacht-roze-pot-gekweekt-in-een-9-cm-pot-voor-tuin-terras-of-balkon\/","name":"Kaufen Sie Weigela praecox &#039;Bouquet Rose&#039;, 2 Liter Topf | Pflanzen einfach online bestellen | Schramas.com","isPartOf":{"@id":"https:\/\/www.schramas.com\/#website"},"primaryImageOfPage":{"@id":"https:\/\/www.schramas.com\/winkel\/weigela-praecox-bouquet-rose-rijkbloeiend-zacht-roze-pot-gekweekt-in-een-9-cm-pot-voor-tuin-terras-of-balkon\/#primaryimage"},"image":{"@id":"https:\/\/www.schramas.com\/winkel\/weigela-praecox-bouquet-rose-rijkbloeiend-zacht-roze-pot-gekweekt-in-een-9-cm-pot-voor-tuin-terras-of-balkon\/#primaryimage"},"thumbnailUrl":"https:\/\/www.schramas.com\/wp-content\/uploads\/2020\/04\/weigelia-roze-schramas.jpg","datePublished":"2020-04-11T10:31:50+00:00","dateModified":"2026-03-26T15:34:08+00:00","breadcrumb":{"@id":"https:\/\/www.schramas.com\/winkel\/weigela-praecox-bouquet-rose-rijkbloeiend-zacht-roze-pot-gekweekt-in-een-9-cm-pot-voor-tuin-terras-of-balkon\/#breadcrumb"},"inLanguage":"de","potentialAction":[{"@type":"ReadAction","target":["https:\/\/www.schramas.com\/winkel\/weigela-praecox-bouquet-rose-rijkbloeiend-zacht-roze-pot-gekweekt-in-een-9-cm-pot-voor-tuin-terras-of-balkon\/"]}]},{"@type":"ImageObject","inLanguage":"de","@id":"https:\/\/www.schramas.com\/winkel\/weigela-praecox-bouquet-rose-rijkbloeiend-zacht-roze-pot-gekweekt-in-een-9-cm-pot-voor-tuin-terras-of-balkon\/#primaryimage","url":"https:\/\/www.schramas.com\/wp-content\/uploads\/2020\/04\/weigelia-roze-schramas.jpg","contentUrl":"https:\/\/www.schramas.com\/wp-content\/uploads\/2020\/04\/weigelia-roze-schramas.jpg","width":271,"height":186},{"@type":"BreadcrumbList","@id":"https:\/\/www.schramas.com\/winkel\/weigela-praecox-bouquet-rose-rijkbloeiend-zacht-roze-pot-gekweekt-in-een-9-cm-pot-voor-tuin-terras-of-balkon\/#breadcrumb","itemListElement":[{"@type":"ListItem","position":1,"name":"Product","item":"https:\/\/www.schramas.com\/assortiment\/"},{"@type":"ListItem","position":2,"name":"Tuinplanten","item":"https:\/\/www.schramas.com\/product-category\/planten-heesters\/"},{"@type":"ListItem","position":3,"name":"Heesters","item":"https:\/\/www.schramas.com\/product-category\/planten-heesters\/heesters\/"},{"@type":"ListItem","position":4,"name":"Sierheesters","item":"https:\/\/www.schramas.com\/product-category\/planten-heesters\/heesters\/sierheesters\/"},{"@type":"ListItem","position":5,"name":"Weigela praecox &#8216;Bouquet Rose&#8217;, 2 liter pot"}]},{"@type":"WebSite","@id":"https:\/\/www.schramas.com\/#website","url":"https:\/\/www.schramas.com\/","name":"Schramas.com | Gartenpflanzen einfach online bestellen | Direkt aus unserer G\u00e4rtnerei","description":"","alternateName":"Schramas.com - Alle planten direct van de kweker","potentialAction":[{"@type":"SearchAction","target":{"@type":"EntryPoint","urlTemplate":"https:\/\/www.schramas.com\/?s={search_term_string}"},"query-input":{"@type":"PropertyValueSpecification","valueRequired":true,"valueName":"search_term_string"}}],"inLanguage":"de"}]}},"_links":{"self":[{"href":"https:\/\/www.schramas.com\/de\/wp-json\/wp\/v2\/product\/10022","targetHints":{"allow":["GET"]}}],"collection":[{"href":"https:\/\/www.schramas.com\/de\/wp-json\/wp\/v2\/product"}],"about":[{"href":"https:\/\/www.schramas.com\/de\/wp-json\/wp\/v2\/types\/product"}],"version-history":[{"count":1,"href":"https:\/\/www.schramas.com\/de\/wp-json\/wp\/v2\/product\/10022\/revisions"}],"predecessor-version":[{"id":46627,"href":"https:\/\/www.schramas.com\/de\/wp-json\/wp\/v2\/product\/10022\/revisions\/46627"}],"wp:featuredmedia":[{"embeddable":true,"href":"https:\/\/www.schramas.com\/de\/wp-json\/wp\/v2\/media\/10023"}],"wp:attachment":[{"href":"https:\/\/www.schramas.com\/de\/wp-json\/wp\/v2\/media?parent=10022"}],"wp:term":[{"taxonomy":"product_brand","embeddable":true,"href":"https:\/\/www.schramas.com\/de\/wp-json\/wp\/v2\/product_brand?post=10022"},{"taxonomy":"product_cat","embeddable":true,"href":"https:\/\/www.schramas.com\/de\/wp-json\/wp\/v2\/product_cat?post=10022"},{"taxonomy":"product_tag","embeddable":true,"href":"https:\/\/www.schramas.com\/de\/wp-json\/wp\/v2\/product_tag?post=10022"}],"curies":[{"name":"wp","href":"https:\/\/api.w.org\/{rel}","templated":true}]}}