{"id":12765,"date":"2020-10-21T12:03:41","date_gmt":"2020-10-21T10:03:41","guid":{"rendered":"https:\/\/www.schramas.com\/?post_type=product&#038;p=12765"},"modified":"2026-03-26T16:34:19","modified_gmt":"2026-03-26T15:34:19","slug":"lavendel-hidcote-staude-fur-garten-terrasse-balkon-im-2-liter-topf","status":"publish","type":"product","link":"https:\/\/www.schramas.com\/de\/shop\/lavendel-hidcote-staude-fur-garten-terrasse-balkon-im-2-liter-topf\/","title":{"rendered":"Lavendel 'Hidcote', mehrj\u00e4hrig im 2-Liter-Topf"},"content":{"rendered":"<p>Lavendel \u201eHidcote\u201c produziert dunkelviolette Bl\u00fcten, die wunderbar duften, ist einigerma\u00dfen winterhart und wird inklusive Bl\u00fcten nicht h\u00f6her als 40\u201350 cm.<br \/>\nLieferung im 2-Liter-Topf, die H\u00f6he betr\u00e4gt inklusive Topf mindestens 20 cm.<\/p>\n<p>Die Pflanze wird in einem schwarzen Anzuchttopf aus Kunststoff geliefert.<\/p>","protected":false},"excerpt":{"rendered":"<p>Lavendel Hidcote<\/p>\n<p>Blattfarbe: gr\u00fcn<\/p>\n<p>Winterhart, immergr\u00fcn<\/p>\n<p>H\u00f6he: ca. 20-30 cm<\/p>\n<p>Topfgr\u00f6\u00dfe: 2-Liter-Topf<\/p>","protected":false},"featured_media":16236,"template":"","meta":{"_joinchat":[]},"product_brand":[],"product_cat":[303,300,229,305,805],"product_tag":[540,541,539,542,499,351],"class_list":{"0":"post-12765","1":"product","2":"type-product","3":"status-publish","4":"has-post-thumbnail","6":"product_cat-groenblijvende-heesters","7":"product_cat-heesters","8":"product_cat-sierheesters","9":"product_cat-planten-heesters","10":"product_cat-winter","11":"product_tag-bamboe","12":"product_tag-bamboo","13":"product_tag-fargesia","14":"product_tag-groen-wit","15":"product_tag-groenblijvend","16":"product_tag-winterhard","17":"pa_groeihoogte-30-60-cm","18":"pa_pot-zonder-pot","20":"first","21":"outofstock","22":"taxable","23":"shipping-taxable","24":"purchasable","25":"product-type-simple"},"yoast_head":"<!-- This site is optimized with the Yoast SEO plugin v24.2 - https:\/\/yoast.com\/wordpress\/plugins\/seo\/ -->\n<title>Lavendel &#039;Hidcote&#039;, vaste plant in 2 liter pot kopen | Planten eenvoudig online bestellen | Schramas.com<\/title>\n<meta name=\"robots\" content=\"index, follow, max-snippet:-1, max-image-preview:large, max-video-preview:-1\" \/>\n<link rel=\"canonical\" href=\"https:\/\/www.schramas.com\/de\/shop\/lavendel-hidcote-staude-fur-garten-terrasse-balkon-im-2-liter-topf\/\" \/>\n<meta property=\"og:locale\" content=\"de_DE\" \/>\n<meta property=\"og:type\" content=\"article\" \/>\n<meta property=\"og:title\" content=\"Lavendel &#039;Hidcote&#039;, vaste plant in 2 liter pot kopen | Planten eenvoudig online bestellen | Schramas.com\" \/>\n<meta property=\"og:description\" content=\"Lavendula Hidcote  Kleur blad: groen  Winterhard, groenblijvend  Hoogte: circa 20-30 cm  Potmaat: 2 liter pot\" \/>\n<meta property=\"og:url\" content=\"https:\/\/www.schramas.com\/de\/shop\/lavendel-hidcote-staude-fur-garten-terrasse-balkon-im-2-liter-topf\/\" \/>\n<meta property=\"og:site_name\" content=\"Planten eenvoudig online bestellen | Schramas.com\" \/>\n<meta property=\"article:publisher\" content=\"https:\/\/www.facebook.com\/Schramascom-106872874153195\/\" \/>\n<meta property=\"article:modified_time\" content=\"2026-03-26T15:34:19+00:00\" \/>\n<meta property=\"og:image\" content=\"https:\/\/www.schramas.com\/wp-content\/uploads\/2021\/06\/210617_9505349465134_Lavendel-Hidcote-bewerkt-vooraanzicht.png\" \/>\n\t<meta property=\"og:image:width\" content=\"1200\" \/>\n\t<meta property=\"og:image:height\" content=\"1200\" \/>\n\t<meta property=\"og:image:type\" content=\"image\/png\" \/>\n<meta name=\"twitter:card\" content=\"summary_large_image\" \/>\n<script type=\"application\/ld+json\" class=\"yoast-schema-graph\">{\"@context\":\"https:\/\/schema.org\",\"@graph\":[{\"@type\":[\"WebPage\",\"ItemPage\"],\"@id\":\"https:\/\/www.schramas.com\/winkel\/lavendel-hidcote-vaste-plant-voor-tuin-terras-balkon-in-2-liter-pot\/\",\"url\":\"https:\/\/www.schramas.com\/winkel\/lavendel-hidcote-vaste-plant-voor-tuin-terras-balkon-in-2-liter-pot\/\",\"name\":\"Lavendel 'Hidcote', vaste plant in 2 liter pot kopen | Planten eenvoudig online bestellen | Schramas.com\",\"isPartOf\":{\"@id\":\"https:\/\/www.schramas.com\/#website\"},\"primaryImageOfPage\":{\"@id\":\"https:\/\/www.schramas.com\/winkel\/lavendel-hidcote-vaste-plant-voor-tuin-terras-balkon-in-2-liter-pot\/#primaryimage\"},\"image\":{\"@id\":\"https:\/\/www.schramas.com\/winkel\/lavendel-hidcote-vaste-plant-voor-tuin-terras-balkon-in-2-liter-pot\/#primaryimage\"},\"thumbnailUrl\":\"https:\/\/www.schramas.com\/wp-content\/uploads\/2021\/06\/210617_9505349465134_Lavendel-Hidcote-bewerkt-vooraanzicht.png\",\"datePublished\":\"2020-10-21T10:03:41+00:00\",\"dateModified\":\"2026-03-26T15:34:19+00:00\",\"breadcrumb\":{\"@id\":\"https:\/\/www.schramas.com\/winkel\/lavendel-hidcote-vaste-plant-voor-tuin-terras-balkon-in-2-liter-pot\/#breadcrumb\"},\"inLanguage\":\"de\",\"potentialAction\":[{\"@type\":\"ReadAction\",\"target\":[\"https:\/\/www.schramas.com\/winkel\/lavendel-hidcote-vaste-plant-voor-tuin-terras-balkon-in-2-liter-pot\/\"]}]},{\"@type\":\"ImageObject\",\"inLanguage\":\"de\",\"@id\":\"https:\/\/www.schramas.com\/winkel\/lavendel-hidcote-vaste-plant-voor-tuin-terras-balkon-in-2-liter-pot\/#primaryimage\",\"url\":\"https:\/\/www.schramas.com\/wp-content\/uploads\/2021\/06\/210617_9505349465134_Lavendel-Hidcote-bewerkt-vooraanzicht.png\",\"contentUrl\":\"https:\/\/www.schramas.com\/wp-content\/uploads\/2021\/06\/210617_9505349465134_Lavendel-Hidcote-bewerkt-vooraanzicht.png\",\"width\":1200,\"height\":1200},{\"@type\":\"BreadcrumbList\",\"@id\":\"https:\/\/www.schramas.com\/winkel\/lavendel-hidcote-vaste-plant-voor-tuin-terras-balkon-in-2-liter-pot\/#breadcrumb\",\"itemListElement\":[{\"@type\":\"ListItem\",\"position\":1,\"name\":\"Product\",\"item\":\"https:\/\/www.schramas.com\/assortiment\/\"},{\"@type\":\"ListItem\",\"position\":2,\"name\":\"Tuinplanten\",\"item\":\"https:\/\/www.schramas.com\/product-category\/planten-heesters\/\"},{\"@type\":\"ListItem\",\"position\":3,\"name\":\"Heesters\",\"item\":\"https:\/\/www.schramas.com\/product-category\/planten-heesters\/heesters\/\"},{\"@type\":\"ListItem\",\"position\":4,\"name\":\"Sierheesters\",\"item\":\"https:\/\/www.schramas.com\/product-category\/planten-heesters\/heesters\/sierheesters\/\"},{\"@type\":\"ListItem\",\"position\":5,\"name\":\"Lavendel &#8216;Hidcote&#8217;, vaste plant in 2 liter pot\"}]},{\"@type\":\"WebSite\",\"@id\":\"https:\/\/www.schramas.com\/#website\",\"url\":\"https:\/\/www.schramas.com\/\",\"name\":\"Schramas.com | Tuinplanten eenvoudig online bestellen | Direct van onze Kwekerij\",\"description\":\"\",\"alternateName\":\"Schramas.com - Alle planten direct van de kweker\",\"potentialAction\":[{\"@type\":\"SearchAction\",\"target\":{\"@type\":\"EntryPoint\",\"urlTemplate\":\"https:\/\/www.schramas.com\/?s={search_term_string}\"},\"query-input\":{\"@type\":\"PropertyValueSpecification\",\"valueRequired\":true,\"valueName\":\"search_term_string\"}}],\"inLanguage\":\"de\"}]}<\/script>\n<!-- \/ Yoast SEO plugin. -->","yoast_head_json":{"title":"Kaufen Sie Lavendel &#039;Hidcote&#039;, mehrj\u00e4hrige Pflanze im 2-Liter-Topf | Pflanzen einfach online bestellen | Schramas.com","robots":{"index":"index","follow":"follow","max-snippet":"max-snippet:-1","max-image-preview":"max-image-preview:large","max-video-preview":"max-video-preview:-1"},"canonical":"https:\/\/www.schramas.com\/de\/shop\/lavendel-hidcote-staude-fur-garten-terrasse-balkon-im-2-liter-topf\/","og_locale":"de_DE","og_type":"article","og_title":"Lavendel 'Hidcote', vaste plant in 2 liter pot kopen | Planten eenvoudig online bestellen | Schramas.com","og_description":"Lavendula Hidcote  Kleur blad: groen  Winterhard, groenblijvend  Hoogte: circa 20-30 cm  Potmaat: 2 liter pot","og_url":"https:\/\/www.schramas.com\/de\/shop\/lavendel-hidcote-staude-fur-garten-terrasse-balkon-im-2-liter-topf\/","og_site_name":"Planten eenvoudig online bestellen | Schramas.com","article_publisher":"https:\/\/www.facebook.com\/Schramascom-106872874153195\/","article_modified_time":"2026-03-26T15:34:19+00:00","og_image":[{"width":1200,"height":1200,"url":"https:\/\/www.schramas.com\/wp-content\/uploads\/2021\/06\/210617_9505349465134_Lavendel-Hidcote-bewerkt-vooraanzicht.png","type":"image\/png"}],"twitter_card":"summary_large_image","schema":{"@context":"https:\/\/schema.org","@graph":[{"@type":["WebPage","ItemPage"],"@id":"https:\/\/www.schramas.com\/winkel\/lavendel-hidcote-vaste-plant-voor-tuin-terras-balkon-in-2-liter-pot\/","url":"https:\/\/www.schramas.com\/winkel\/lavendel-hidcote-vaste-plant-voor-tuin-terras-balkon-in-2-liter-pot\/","name":"Kaufen Sie Lavendel &#039;Hidcote&#039;, mehrj\u00e4hrige Pflanze im 2-Liter-Topf | Pflanzen einfach online bestellen | Schramas.com","isPartOf":{"@id":"https:\/\/www.schramas.com\/#website"},"primaryImageOfPage":{"@id":"https:\/\/www.schramas.com\/winkel\/lavendel-hidcote-vaste-plant-voor-tuin-terras-balkon-in-2-liter-pot\/#primaryimage"},"image":{"@id":"https:\/\/www.schramas.com\/winkel\/lavendel-hidcote-vaste-plant-voor-tuin-terras-balkon-in-2-liter-pot\/#primaryimage"},"thumbnailUrl":"https:\/\/www.schramas.com\/wp-content\/uploads\/2021\/06\/210617_9505349465134_Lavendel-Hidcote-bewerkt-vooraanzicht.png","datePublished":"2020-10-21T10:03:41+00:00","dateModified":"2026-03-26T15:34:19+00:00","breadcrumb":{"@id":"https:\/\/www.schramas.com\/winkel\/lavendel-hidcote-vaste-plant-voor-tuin-terras-balkon-in-2-liter-pot\/#breadcrumb"},"inLanguage":"de","potentialAction":[{"@type":"ReadAction","target":["https:\/\/www.schramas.com\/winkel\/lavendel-hidcote-vaste-plant-voor-tuin-terras-balkon-in-2-liter-pot\/"]}]},{"@type":"ImageObject","inLanguage":"de","@id":"https:\/\/www.schramas.com\/winkel\/lavendel-hidcote-vaste-plant-voor-tuin-terras-balkon-in-2-liter-pot\/#primaryimage","url":"https:\/\/www.schramas.com\/wp-content\/uploads\/2021\/06\/210617_9505349465134_Lavendel-Hidcote-bewerkt-vooraanzicht.png","contentUrl":"https:\/\/www.schramas.com\/wp-content\/uploads\/2021\/06\/210617_9505349465134_Lavendel-Hidcote-bewerkt-vooraanzicht.png","width":1200,"height":1200},{"@type":"BreadcrumbList","@id":"https:\/\/www.schramas.com\/winkel\/lavendel-hidcote-vaste-plant-voor-tuin-terras-balkon-in-2-liter-pot\/#breadcrumb","itemListElement":[{"@type":"ListItem","position":1,"name":"Product","item":"https:\/\/www.schramas.com\/assortiment\/"},{"@type":"ListItem","position":2,"name":"Tuinplanten","item":"https:\/\/www.schramas.com\/product-category\/planten-heesters\/"},{"@type":"ListItem","position":3,"name":"Heesters","item":"https:\/\/www.schramas.com\/product-category\/planten-heesters\/heesters\/"},{"@type":"ListItem","position":4,"name":"Sierheesters","item":"https:\/\/www.schramas.com\/product-category\/planten-heesters\/heesters\/sierheesters\/"},{"@type":"ListItem","position":5,"name":"Lavendel &#8216;Hidcote&#8217;, vaste plant in 2 liter pot"}]},{"@type":"WebSite","@id":"https:\/\/www.schramas.com\/#website","url":"https:\/\/www.schramas.com\/","name":"Schramas.com | Gartenpflanzen einfach online bestellen | Direkt aus unserer G\u00e4rtnerei","description":"","alternateName":"Schramas.com - Alle planten direct van de kweker","potentialAction":[{"@type":"SearchAction","target":{"@type":"EntryPoint","urlTemplate":"https:\/\/www.schramas.com\/?s={search_term_string}"},"query-input":{"@type":"PropertyValueSpecification","valueRequired":true,"valueName":"search_term_string"}}],"inLanguage":"de"}]}},"_links":{"self":[{"href":"https:\/\/www.schramas.com\/de\/wp-json\/wp\/v2\/product\/12765","targetHints":{"allow":["GET"]}}],"collection":[{"href":"https:\/\/www.schramas.com\/de\/wp-json\/wp\/v2\/product"}],"about":[{"href":"https:\/\/www.schramas.com\/de\/wp-json\/wp\/v2\/types\/product"}],"version-history":[{"count":0,"href":"https:\/\/www.schramas.com\/de\/wp-json\/wp\/v2\/product\/12765\/revisions"}],"wp:featuredmedia":[{"embeddable":true,"href":"https:\/\/www.schramas.com\/de\/wp-json\/wp\/v2\/media\/16236"}],"wp:attachment":[{"href":"https:\/\/www.schramas.com\/de\/wp-json\/wp\/v2\/media?parent=12765"}],"wp:term":[{"taxonomy":"product_brand","embeddable":true,"href":"https:\/\/www.schramas.com\/de\/wp-json\/wp\/v2\/product_brand?post=12765"},{"taxonomy":"product_cat","embeddable":true,"href":"https:\/\/www.schramas.com\/de\/wp-json\/wp\/v2\/product_cat?post=12765"},{"taxonomy":"product_tag","embeddable":true,"href":"https:\/\/www.schramas.com\/de\/wp-json\/wp\/v2\/product_tag?post=12765"}],"curies":[{"name":"wp","href":"https:\/\/api.w.org\/{rel}","templated":true}]}}