{"id":13310,"date":"2020-12-05T11:03:18","date_gmt":"2020-12-05T10:03:18","guid":{"rendered":"https:\/\/www.schramas.com\/?post_type=product&#038;p=13310"},"modified":"2026-03-26T16:34:20","modified_gmt":"2026-03-26T15:34:20","slug":"corylus-avellana-cosford-haselnusswurzelstock","status":"publish","type":"product","link":"https:\/\/www.schramas.com\/de\/shop\/corylus-avellana-cosford-haselnusswurzelstock\/","title":{"rendered":"Morus bombycis 'Shin Tso', Japanischer Maulbeerbaum, 1.5L Topf"},"content":{"rendered":"<p>Diese Morus bombycis &#039;Shin Tso&#039; Maulbeere hat mittelgro\u00dfe Bl\u00e4tter und nach der Bl\u00fcte sehr aromatische dunkelviolette Maulbeerbeeren.<br \/>\nMaulbeeren gedeihen gut an einem sonnigen Standort und in gut durchl\u00e4ssigen B\u00f6den. Diese Maulbeere reift im Juli mit ziemlich gro\u00dfen, superleckeren Fr\u00fcchten. Der Ertrag ist nicht sehr gro\u00df, aber das wird durch den hervorragenden Geschmack ausgeglichen!<\/p>","protected":false},"excerpt":{"rendered":"<p>Morus bombycis &#039;Shin Tso&#039;<\/p>\n<p>Maulbeere<\/p>\n<p>Max. H\u00f6he ca. 400 cm<\/p>\n<p>Laubabwerfend<\/p>\n<p>Hardy<\/p>\n<p>Lieferung im 1,5-Liter-Topf<\/p>","protected":false},"featured_media":21225,"template":"","meta":{"_joinchat":[]},"product_brand":[],"product_cat":[262,2391,999,805],"product_tag":[],"class_list":{"0":"post-13310","1":"product","2":"type-product","3":"status-publish","4":"has-post-thumbnail","6":"product_cat-bomen-struiken","7":"product_cat-mediterrane-en-exotische-fruitplanten","8":"product_cat-moerbeien","9":"product_cat-winter","10":"pa_bloeimaanden-februari","11":"pa_bloeimaanden-maart","12":"pa_groeihoogte-200-300-cm","14":"first","15":"outofstock","16":"taxable","17":"shipping-taxable","18":"purchasable","19":"product-type-simple"},"yoast_head":"<!-- This site is optimized with the Yoast SEO plugin v24.2 - https:\/\/yoast.com\/wordpress\/plugins\/seo\/ -->\n<title>Morus bombycis &#039;Shin Tso&#039;, Japanse Moerbei, 1,5L pot kopen | Planten eenvoudig online bestellen | Schramas.com<\/title>\n<meta name=\"robots\" content=\"index, follow, max-snippet:-1, max-image-preview:large, max-video-preview:-1\" \/>\n<link rel=\"canonical\" href=\"https:\/\/www.schramas.com\/de\/shop\/corylus-avellana-cosford-haselnusswurzelstock\/\" \/>\n<meta property=\"og:locale\" content=\"de_DE\" \/>\n<meta property=\"og:type\" content=\"article\" \/>\n<meta property=\"og:title\" content=\"Morus bombycis &#039;Shin Tso&#039;, Japanse Moerbei, 1,5L pot kopen | Planten eenvoudig online bestellen | Schramas.com\" \/>\n<meta property=\"og:description\" content=\"Morus bombycis &#039;Shin Tso&#039;  Moerbei  Max. hoogte ca. 400 cm  Bladverliezend  Winterhard  Geleverd in een 1,5L pot\" \/>\n<meta property=\"og:url\" content=\"https:\/\/www.schramas.com\/de\/shop\/corylus-avellana-cosford-haselnusswurzelstock\/\" \/>\n<meta property=\"og:site_name\" content=\"Planten eenvoudig online bestellen | Schramas.com\" \/>\n<meta property=\"article:publisher\" content=\"https:\/\/www.facebook.com\/Schramascom-106872874153195\/\" \/>\n<meta property=\"article:modified_time\" content=\"2026-03-26T15:34:20+00:00\" \/>\n<meta property=\"og:image\" content=\"http:\/\/www.schramas.com\/wp-content\/uploads\/2020\/12\/Shin-tso-sfeer.jpg\" \/>\n\t<meta property=\"og:image:width\" content=\"1200\" \/>\n\t<meta property=\"og:image:height\" content=\"1200\" \/>\n\t<meta property=\"og:image:type\" content=\"image\/jpeg\" \/>\n<meta name=\"twitter:card\" content=\"summary_large_image\" \/>\n<meta name=\"twitter:label1\" content=\"Gesch\u00e4tzte Lesezeit\" \/>\n\t<meta name=\"twitter:data1\" content=\"1\u00a0Minute\" \/>\n<script type=\"application\/ld+json\" class=\"yoast-schema-graph\">{\"@context\":\"https:\/\/schema.org\",\"@graph\":[{\"@type\":[\"WebPage\",\"ItemPage\"],\"@id\":\"https:\/\/www.schramas.com\/winkel\/corylus-avellana-cosford-hazelnoot-wortelgoed\/\",\"url\":\"https:\/\/www.schramas.com\/winkel\/corylus-avellana-cosford-hazelnoot-wortelgoed\/\",\"name\":\"Morus bombycis 'Shin Tso', Japanse Moerbei, 1,5L pot kopen | Planten eenvoudig online bestellen | Schramas.com\",\"isPartOf\":{\"@id\":\"https:\/\/www.schramas.com\/#website\"},\"primaryImageOfPage\":{\"@id\":\"https:\/\/www.schramas.com\/winkel\/corylus-avellana-cosford-hazelnoot-wortelgoed\/#primaryimage\"},\"image\":{\"@id\":\"https:\/\/www.schramas.com\/winkel\/corylus-avellana-cosford-hazelnoot-wortelgoed\/#primaryimage\"},\"thumbnailUrl\":\"https:\/\/www.schramas.com\/wp-content\/uploads\/2020\/12\/Shin-tso-sfeer.jpg\",\"datePublished\":\"2020-12-05T10:03:18+00:00\",\"dateModified\":\"2026-03-26T15:34:20+00:00\",\"breadcrumb\":{\"@id\":\"https:\/\/www.schramas.com\/winkel\/corylus-avellana-cosford-hazelnoot-wortelgoed\/#breadcrumb\"},\"inLanguage\":\"de\",\"potentialAction\":[{\"@type\":\"ReadAction\",\"target\":[\"https:\/\/www.schramas.com\/winkel\/corylus-avellana-cosford-hazelnoot-wortelgoed\/\"]}]},{\"@type\":\"ImageObject\",\"inLanguage\":\"de\",\"@id\":\"https:\/\/www.schramas.com\/winkel\/corylus-avellana-cosford-hazelnoot-wortelgoed\/#primaryimage\",\"url\":\"https:\/\/www.schramas.com\/wp-content\/uploads\/2020\/12\/Shin-tso-sfeer.jpg\",\"contentUrl\":\"https:\/\/www.schramas.com\/wp-content\/uploads\/2020\/12\/Shin-tso-sfeer.jpg\",\"width\":1200,\"height\":1200},{\"@type\":\"BreadcrumbList\",\"@id\":\"https:\/\/www.schramas.com\/winkel\/corylus-avellana-cosford-hazelnoot-wortelgoed\/#breadcrumb\",\"itemListElement\":[{\"@type\":\"ListItem\",\"position\":1,\"name\":\"Product\",\"item\":\"https:\/\/www.schramas.com\/assortiment\/\"},{\"@type\":\"ListItem\",\"position\":2,\"name\":\"Bomen &amp; Struiken\",\"item\":\"https:\/\/www.schramas.com\/product-category\/bomen-struiken\/\"},{\"@type\":\"ListItem\",\"position\":3,\"name\":\"Morus bombycis &#8216;Shin Tso&#8217;, Japanse Moerbei, 1,5L pot\"}]},{\"@type\":\"WebSite\",\"@id\":\"https:\/\/www.schramas.com\/#website\",\"url\":\"https:\/\/www.schramas.com\/\",\"name\":\"Schramas.com | Tuinplanten eenvoudig online bestellen | Direct van onze Kwekerij\",\"description\":\"\",\"alternateName\":\"Schramas.com - Alle planten direct van de kweker\",\"potentialAction\":[{\"@type\":\"SearchAction\",\"target\":{\"@type\":\"EntryPoint\",\"urlTemplate\":\"https:\/\/www.schramas.com\/?s={search_term_string}\"},\"query-input\":{\"@type\":\"PropertyValueSpecification\",\"valueRequired\":true,\"valueName\":\"search_term_string\"}}],\"inLanguage\":\"de\"}]}<\/script>\n<!-- \/ Yoast SEO plugin. -->","yoast_head_json":{"title":"Kaufen Sie Morus bombycis &#039;Shin Tso&#039;, japanische Maulbeere, 1,5 l Topf | Pflanzen einfach online bestellen | Schramas.com","robots":{"index":"index","follow":"follow","max-snippet":"max-snippet:-1","max-image-preview":"max-image-preview:large","max-video-preview":"max-video-preview:-1"},"canonical":"https:\/\/www.schramas.com\/de\/shop\/corylus-avellana-cosford-haselnusswurzelstock\/","og_locale":"de_DE","og_type":"article","og_title":"Morus bombycis 'Shin Tso', Japanse Moerbei, 1,5L pot kopen | Planten eenvoudig online bestellen | Schramas.com","og_description":"Morus bombycis 'Shin Tso'  Moerbei  Max. hoogte ca. 400 cm  Bladverliezend  Winterhard  Geleverd in een 1,5L pot","og_url":"https:\/\/www.schramas.com\/de\/shop\/corylus-avellana-cosford-haselnusswurzelstock\/","og_site_name":"Planten eenvoudig online bestellen | Schramas.com","article_publisher":"https:\/\/www.facebook.com\/Schramascom-106872874153195\/","article_modified_time":"2026-03-26T15:34:20+00:00","og_image":[{"width":1200,"height":1200,"url":"http:\/\/www.schramas.com\/wp-content\/uploads\/2020\/12\/Shin-tso-sfeer.jpg","type":"image\/jpeg"}],"twitter_card":"summary_large_image","twitter_misc":{"Gesch\u00e4tzte Lesezeit":"1\u00a0Minute"},"schema":{"@context":"https:\/\/schema.org","@graph":[{"@type":["WebPage","ItemPage"],"@id":"https:\/\/www.schramas.com\/winkel\/corylus-avellana-cosford-hazelnoot-wortelgoed\/","url":"https:\/\/www.schramas.com\/winkel\/corylus-avellana-cosford-hazelnoot-wortelgoed\/","name":"Kaufen Sie Morus bombycis &#039;Shin Tso&#039;, japanische Maulbeere, 1,5 l Topf | Pflanzen einfach online bestellen | Schramas.com","isPartOf":{"@id":"https:\/\/www.schramas.com\/#website"},"primaryImageOfPage":{"@id":"https:\/\/www.schramas.com\/winkel\/corylus-avellana-cosford-hazelnoot-wortelgoed\/#primaryimage"},"image":{"@id":"https:\/\/www.schramas.com\/winkel\/corylus-avellana-cosford-hazelnoot-wortelgoed\/#primaryimage"},"thumbnailUrl":"https:\/\/www.schramas.com\/wp-content\/uploads\/2020\/12\/Shin-tso-sfeer.jpg","datePublished":"2020-12-05T10:03:18+00:00","dateModified":"2026-03-26T15:34:20+00:00","breadcrumb":{"@id":"https:\/\/www.schramas.com\/winkel\/corylus-avellana-cosford-hazelnoot-wortelgoed\/#breadcrumb"},"inLanguage":"de","potentialAction":[{"@type":"ReadAction","target":["https:\/\/www.schramas.com\/winkel\/corylus-avellana-cosford-hazelnoot-wortelgoed\/"]}]},{"@type":"ImageObject","inLanguage":"de","@id":"https:\/\/www.schramas.com\/winkel\/corylus-avellana-cosford-hazelnoot-wortelgoed\/#primaryimage","url":"https:\/\/www.schramas.com\/wp-content\/uploads\/2020\/12\/Shin-tso-sfeer.jpg","contentUrl":"https:\/\/www.schramas.com\/wp-content\/uploads\/2020\/12\/Shin-tso-sfeer.jpg","width":1200,"height":1200},{"@type":"BreadcrumbList","@id":"https:\/\/www.schramas.com\/winkel\/corylus-avellana-cosford-hazelnoot-wortelgoed\/#breadcrumb","itemListElement":[{"@type":"ListItem","position":1,"name":"Product","item":"https:\/\/www.schramas.com\/assortiment\/"},{"@type":"ListItem","position":2,"name":"Bomen &amp; Struiken","item":"https:\/\/www.schramas.com\/product-category\/bomen-struiken\/"},{"@type":"ListItem","position":3,"name":"Morus bombycis &#8216;Shin Tso&#8217;, Japanse Moerbei, 1,5L pot"}]},{"@type":"WebSite","@id":"https:\/\/www.schramas.com\/#website","url":"https:\/\/www.schramas.com\/","name":"Schramas.com | Gartenpflanzen einfach online bestellen | Direkt aus unserer G\u00e4rtnerei","description":"","alternateName":"Schramas.com - Alle planten direct van de kweker","potentialAction":[{"@type":"SearchAction","target":{"@type":"EntryPoint","urlTemplate":"https:\/\/www.schramas.com\/?s={search_term_string}"},"query-input":{"@type":"PropertyValueSpecification","valueRequired":true,"valueName":"search_term_string"}}],"inLanguage":"de"}]}},"_links":{"self":[{"href":"https:\/\/www.schramas.com\/de\/wp-json\/wp\/v2\/product\/13310","targetHints":{"allow":["GET"]}}],"collection":[{"href":"https:\/\/www.schramas.com\/de\/wp-json\/wp\/v2\/product"}],"about":[{"href":"https:\/\/www.schramas.com\/de\/wp-json\/wp\/v2\/types\/product"}],"version-history":[{"count":1,"href":"https:\/\/www.schramas.com\/de\/wp-json\/wp\/v2\/product\/13310\/revisions"}],"predecessor-version":[{"id":46293,"href":"https:\/\/www.schramas.com\/de\/wp-json\/wp\/v2\/product\/13310\/revisions\/46293"}],"wp:featuredmedia":[{"embeddable":true,"href":"https:\/\/www.schramas.com\/de\/wp-json\/wp\/v2\/media\/21225"}],"wp:attachment":[{"href":"https:\/\/www.schramas.com\/de\/wp-json\/wp\/v2\/media?parent=13310"}],"wp:term":[{"taxonomy":"product_brand","embeddable":true,"href":"https:\/\/www.schramas.com\/de\/wp-json\/wp\/v2\/product_brand?post=13310"},{"taxonomy":"product_cat","embeddable":true,"href":"https:\/\/www.schramas.com\/de\/wp-json\/wp\/v2\/product_cat?post=13310"},{"taxonomy":"product_tag","embeddable":true,"href":"https:\/\/www.schramas.com\/de\/wp-json\/wp\/v2\/product_tag?post=13310"}],"curies":[{"name":"wp","href":"https:\/\/api.w.org\/{rel}","templated":true}]}}