{"id":13541,"date":"2021-01-13T12:01:27","date_gmt":"2021-01-13T11:01:27","guid":{"rendered":"https:\/\/www.schramas.com\/?post_type=product&#038;p=13541"},"modified":"2026-04-01T17:50:14","modified_gmt":"2026-04-01T15:50:14","slug":"prunus-gisela-6-pbr-8mm-pfropfbar","status":"publish","type":"product","link":"https:\/\/www.schramas.com\/de\/shop\/prunus-gisela-6-pbr-8mm-pfropfbar\/","title":{"rendered":"Prunus Gisela 6 pbr 8mm+ veredelbar"},"content":{"rendered":"<p>Prunus Gisela\u00ae 6 ist ein beliebter mittelstarker Wurzelstock f\u00fcr S\u00fc\u00dfkirschen und Sauerkirschen, ideal f\u00fcr den Kirschanbau auf leichteren bis schwereren B\u00f6den ohne Bew\u00e4sserungsm\u00f6glichkeiten. Diese Unterlage eignet sich hervorragend f\u00fcr den Anbau auf B\u00f6den, die weniger fruchtbar sind als Gisela\u00ae 5, und wird oft f\u00fcr gr\u00f6\u00dfere Parzellen und gr\u00f6\u00dfere Pflanzabst\u00e4nde gew\u00e4hlt.<\/p>\n<p>Wesentliche Merkmale:<br \/>\nWuchskraft: Gisela\u00ae 6 hat eine mittlere Wuchskraft, was dazu f\u00fchrt, dass der Baum h\u00f6her w\u00e4chst als der auf Gisela\u00ae 5. Er stellt weniger Anspr\u00fcche an Bodenqualit\u00e4t, Wasserbedarf und Kulturmanagement und ist daher ideal f\u00fcr Parzellen mit weniger optimalen Wachstumsbedingungen .<br \/>\nWuchsform: Die auf Gisela\u00ae 6 wachsenden B\u00e4ume haben eine offene und ausladende Wuchsform mit guter Verzweigung. Der Wurzelstock ergibt einen Baum, der f\u00fcr eine dauerhafte St\u00fctze geeignet ist, wenn die B\u00e4ume als Kronen ausgebildet werden.<br \/>\nBoden und Klima: Gisela\u00ae 6 ist weniger w\u00e4hlerisch in Bezug auf die Bodenbedingungen als Gisela\u00ae 5 und eignet sich gut f\u00fcr schwerere B\u00f6den und auf Parzellen mit weniger Bew\u00e4sserung. F\u00fcr eine optimale Leistung ist jedoch eine gute Entw\u00e4sserung unerl\u00e4sslich.<br \/>\nToleranz und Widerstandsf\u00e4higkeit: Gisela\u00ae 6 ist k\u00e4lteresistent und resistent gegen verschiedene klimatische Bedingungen. Obwohl es eine gewisse Anf\u00e4lligkeit f\u00fcr Phytophthora, Bakterienkrebs und Krongallen aufweist, zeigt es eine gewisse Resistenz gegen Krongallen.<br \/>\nSaugf\u00e4hig: Dieser Wurzelstock verf\u00fcgt \u00fcber wenig Wurzelspeicher, was die Pflege erleichtert.<br \/>\nZeichen f\u00fcr Gesundheit und Widerstandskraft:<br \/>\nPhytophthora: Begrenzte Anf\u00e4lligkeit f\u00fcr Phytophthora.<br \/>\nBakterienkrebs: Eine gewisse Anf\u00e4lligkeit f\u00fcr bakteriellen Krebs.<br \/>\nWurzelfusarium \/ Eichen- und Honigwurzelfusarium: Eine gewisse Empfindlichkeit gegen\u00fcber diesen Pilzen.<br \/>\nKronengallen: Eine gewisse Resistenz gegen Kronengallen wird durch Agrobacterium tumefaciens verursacht.<br \/>\nReplant-Komplex: Begrenzte Empfindlichkeit gegen\u00fcber dem Replant-Komplex.<br \/>\nAnwendung:<br \/>\nGisela\u00ae 6 ist ideal f\u00fcr leichte bis schwere B\u00f6den in ausgedehnten Obstg\u00e4rten mit gr\u00f6\u00dferen Pflanzabst\u00e4nden. Es ist die ideale Wahl f\u00fcr Situationen, in denen eine Bew\u00e4sserung nicht m\u00f6glich ist oder der Boden f\u00fcr andere Kirschunterlagen nicht optimal ist. Sie bietet ein gutes Gleichgewicht zwischen Wachstum und Fruchtproduktion und eignet sich daher perfekt f\u00fcr den Anbau unter ausgedehnteren Bedingungen mit weniger intensiver Pflege.<\/p>","protected":false},"excerpt":{"rendered":"<p>M\u00e4\u00dfig stark wachsende, winterharte Unterlage, geeignet f\u00fcr Kirschen.<\/p>","protected":false},"featured_media":8091,"template":"","meta":{"_joinchat":[]},"product_brand":[],"product_cat":[264],"product_tag":[575,568,1015,571],"class_list":{"0":"post-13541","1":"product","2":"type-product","3":"status-publish","4":"has-post-thumbnail","6":"product_cat-prunus","7":"product_tag-kers","8":"product_tag-onderstam","9":"product_tag-rootstock","10":"product_tag-zwak-groeiend","12":"first","13":"outofstock","14":"taxable","15":"shipping-taxable","16":"purchasable","17":"product-type-simple"},"yoast_head":"<!-- This site is optimized with the Yoast SEO plugin v24.2 - https:\/\/yoast.com\/wordpress\/plugins\/seo\/ -->\n<title>Prunus Gisela 6 pbr 8mm+ entbaar kopen | Planten eenvoudig online bestellen | Schramas.com<\/title>\n<meta name=\"robots\" content=\"index, follow, max-snippet:-1, max-image-preview:large, max-video-preview:-1\" \/>\n<link rel=\"canonical\" href=\"https:\/\/www.schramas.com\/de\/shop\/prunus-gisela-6-pbr-8mm-pfropfbar\/\" \/>\n<meta property=\"og:locale\" content=\"de_DE\" \/>\n<meta property=\"og:type\" content=\"article\" \/>\n<meta property=\"og:title\" content=\"Prunus Gisela 6 pbr 8mm+ entbaar kopen | Planten eenvoudig online bestellen | Schramas.com\" \/>\n<meta property=\"og:description\" content=\"Matig sterkgroeiende winterharde onderstam geschikt voor Kersen.\" \/>\n<meta property=\"og:url\" content=\"https:\/\/www.schramas.com\/de\/shop\/prunus-gisela-6-pbr-8mm-pfropfbar\/\" \/>\n<meta property=\"og:site_name\" content=\"Planten eenvoudig online bestellen | Schramas.com\" \/>\n<meta property=\"article:publisher\" content=\"https:\/\/www.facebook.com\/Schramascom-106872874153195\/\" \/>\n<meta property=\"article:modified_time\" content=\"2026-04-01T15:50:14+00:00\" \/>\n<meta property=\"og:image\" content=\"http:\/\/www.schramas.com\/wp-content\/uploads\/2019\/11\/weigi-2-e1574064898970-scaled.jpg\" \/>\n\t<meta property=\"og:image:width\" content=\"1920\" \/>\n\t<meta property=\"og:image:height\" content=\"2560\" \/>\n\t<meta property=\"og:image:type\" content=\"image\/jpeg\" \/>\n<meta name=\"twitter:card\" content=\"summary_large_image\" \/>\n<meta name=\"twitter:label1\" content=\"Gesch\u00e4tzte Lesezeit\" \/>\n\t<meta name=\"twitter:data1\" content=\"2\u00a0Minuten\" \/>\n<script type=\"application\/ld+json\" class=\"yoast-schema-graph\">{\"@context\":\"https:\/\/schema.org\",\"@graph\":[{\"@type\":[\"WebPage\",\"ItemPage\"],\"@id\":\"https:\/\/www.schramas.com\/winkel\/prunus-gisela-6-pbr-8mm-entbaar\/\",\"url\":\"https:\/\/www.schramas.com\/winkel\/prunus-gisela-6-pbr-8mm-entbaar\/\",\"name\":\"Prunus Gisela 6 pbr 8mm+ entbaar kopen | Planten eenvoudig online bestellen | Schramas.com\",\"isPartOf\":{\"@id\":\"https:\/\/www.schramas.com\/#website\"},\"primaryImageOfPage\":{\"@id\":\"https:\/\/www.schramas.com\/winkel\/prunus-gisela-6-pbr-8mm-entbaar\/#primaryimage\"},\"image\":{\"@id\":\"https:\/\/www.schramas.com\/winkel\/prunus-gisela-6-pbr-8mm-entbaar\/#primaryimage\"},\"thumbnailUrl\":\"https:\/\/www.schramas.com\/wp-content\/uploads\/2019\/11\/weigi-2-e1574064898970-scaled.jpg\",\"datePublished\":\"2021-01-13T11:01:27+00:00\",\"dateModified\":\"2026-04-01T15:50:14+00:00\",\"breadcrumb\":{\"@id\":\"https:\/\/www.schramas.com\/winkel\/prunus-gisela-6-pbr-8mm-entbaar\/#breadcrumb\"},\"inLanguage\":\"de\",\"potentialAction\":[{\"@type\":\"ReadAction\",\"target\":[\"https:\/\/www.schramas.com\/winkel\/prunus-gisela-6-pbr-8mm-entbaar\/\"]}]},{\"@type\":\"ImageObject\",\"inLanguage\":\"de\",\"@id\":\"https:\/\/www.schramas.com\/winkel\/prunus-gisela-6-pbr-8mm-entbaar\/#primaryimage\",\"url\":\"https:\/\/www.schramas.com\/wp-content\/uploads\/2019\/11\/weigi-2-e1574064898970-scaled.jpg\",\"contentUrl\":\"https:\/\/www.schramas.com\/wp-content\/uploads\/2019\/11\/weigi-2-e1574064898970-scaled.jpg\",\"width\":1920,\"height\":2560},{\"@type\":\"BreadcrumbList\",\"@id\":\"https:\/\/www.schramas.com\/winkel\/prunus-gisela-6-pbr-8mm-entbaar\/#breadcrumb\",\"itemListElement\":[{\"@type\":\"ListItem\",\"position\":1,\"name\":\"Product\",\"item\":\"https:\/\/www.schramas.com\/assortiment\/\"},{\"@type\":\"ListItem\",\"position\":2,\"name\":\"Zelf kweken \/ Onderstammen\",\"item\":\"https:\/\/www.schramas.com\/product-category\/zelf-kweken\/\"},{\"@type\":\"ListItem\",\"position\":3,\"name\":\"Onderstammen voor pruimen, kersen, abrikozen, nectarines en perziken\",\"item\":\"https:\/\/www.schramas.com\/product-category\/zelf-kweken\/prunus\/\"},{\"@type\":\"ListItem\",\"position\":4,\"name\":\"Prunus Gisela 6 pbr 8mm+ entbaar\"}]},{\"@type\":\"WebSite\",\"@id\":\"https:\/\/www.schramas.com\/#website\",\"url\":\"https:\/\/www.schramas.com\/\",\"name\":\"Schramas.com | Tuinplanten eenvoudig online bestellen | Direct van onze Kwekerij\",\"description\":\"\",\"alternateName\":\"Schramas.com - Alle planten direct van de kweker\",\"potentialAction\":[{\"@type\":\"SearchAction\",\"target\":{\"@type\":\"EntryPoint\",\"urlTemplate\":\"https:\/\/www.schramas.com\/?s={search_term_string}\"},\"query-input\":{\"@type\":\"PropertyValueSpecification\",\"valueRequired\":true,\"valueName\":\"search_term_string\"}}],\"inLanguage\":\"de\"}]}<\/script>\n<!-- \/ Yoast SEO plugin. -->","yoast_head_json":{"title":"Kaufen Sie Prunus Gisela 6 pbr 8mm+ pfropfbar | Pflanzen einfach online bestellen | Schramas.com","robots":{"index":"index","follow":"follow","max-snippet":"max-snippet:-1","max-image-preview":"max-image-preview:large","max-video-preview":"max-video-preview:-1"},"canonical":"https:\/\/www.schramas.com\/de\/shop\/prunus-gisela-6-pbr-8mm-pfropfbar\/","og_locale":"de_DE","og_type":"article","og_title":"Prunus Gisela 6 pbr 8mm+ entbaar kopen | Planten eenvoudig online bestellen | Schramas.com","og_description":"Matig sterkgroeiende winterharde onderstam geschikt voor Kersen.","og_url":"https:\/\/www.schramas.com\/de\/shop\/prunus-gisela-6-pbr-8mm-pfropfbar\/","og_site_name":"Planten eenvoudig online bestellen | Schramas.com","article_publisher":"https:\/\/www.facebook.com\/Schramascom-106872874153195\/","article_modified_time":"2026-04-01T15:50:14+00:00","og_image":[{"width":1920,"height":2560,"url":"http:\/\/www.schramas.com\/wp-content\/uploads\/2019\/11\/weigi-2-e1574064898970-scaled.jpg","type":"image\/jpeg"}],"twitter_card":"summary_large_image","twitter_misc":{"Gesch\u00e4tzte Lesezeit":"2\u00a0Minuten"},"schema":{"@context":"https:\/\/schema.org","@graph":[{"@type":["WebPage","ItemPage"],"@id":"https:\/\/www.schramas.com\/winkel\/prunus-gisela-6-pbr-8mm-entbaar\/","url":"https:\/\/www.schramas.com\/winkel\/prunus-gisela-6-pbr-8mm-entbaar\/","name":"Kaufen Sie Prunus Gisela 6 pbr 8mm+ pfropfbar | Pflanzen einfach online bestellen | Schramas.com","isPartOf":{"@id":"https:\/\/www.schramas.com\/#website"},"primaryImageOfPage":{"@id":"https:\/\/www.schramas.com\/winkel\/prunus-gisela-6-pbr-8mm-entbaar\/#primaryimage"},"image":{"@id":"https:\/\/www.schramas.com\/winkel\/prunus-gisela-6-pbr-8mm-entbaar\/#primaryimage"},"thumbnailUrl":"https:\/\/www.schramas.com\/wp-content\/uploads\/2019\/11\/weigi-2-e1574064898970-scaled.jpg","datePublished":"2021-01-13T11:01:27+00:00","dateModified":"2026-04-01T15:50:14+00:00","breadcrumb":{"@id":"https:\/\/www.schramas.com\/winkel\/prunus-gisela-6-pbr-8mm-entbaar\/#breadcrumb"},"inLanguage":"de","potentialAction":[{"@type":"ReadAction","target":["https:\/\/www.schramas.com\/winkel\/prunus-gisela-6-pbr-8mm-entbaar\/"]}]},{"@type":"ImageObject","inLanguage":"de","@id":"https:\/\/www.schramas.com\/winkel\/prunus-gisela-6-pbr-8mm-entbaar\/#primaryimage","url":"https:\/\/www.schramas.com\/wp-content\/uploads\/2019\/11\/weigi-2-e1574064898970-scaled.jpg","contentUrl":"https:\/\/www.schramas.com\/wp-content\/uploads\/2019\/11\/weigi-2-e1574064898970-scaled.jpg","width":1920,"height":2560},{"@type":"BreadcrumbList","@id":"https:\/\/www.schramas.com\/winkel\/prunus-gisela-6-pbr-8mm-entbaar\/#breadcrumb","itemListElement":[{"@type":"ListItem","position":1,"name":"Product","item":"https:\/\/www.schramas.com\/assortiment\/"},{"@type":"ListItem","position":2,"name":"Zelf kweken \/ Onderstammen","item":"https:\/\/www.schramas.com\/product-category\/zelf-kweken\/"},{"@type":"ListItem","position":3,"name":"Onderstammen voor pruimen, kersen, abrikozen, nectarines en perziken","item":"https:\/\/www.schramas.com\/product-category\/zelf-kweken\/prunus\/"},{"@type":"ListItem","position":4,"name":"Prunus Gisela 6 pbr 8mm+ entbaar"}]},{"@type":"WebSite","@id":"https:\/\/www.schramas.com\/#website","url":"https:\/\/www.schramas.com\/","name":"Schramas.com | Gartenpflanzen einfach online bestellen | Direkt aus unserer G\u00e4rtnerei","description":"","alternateName":"Schramas.com - Alle planten direct van de kweker","potentialAction":[{"@type":"SearchAction","target":{"@type":"EntryPoint","urlTemplate":"https:\/\/www.schramas.com\/?s={search_term_string}"},"query-input":{"@type":"PropertyValueSpecification","valueRequired":true,"valueName":"search_term_string"}}],"inLanguage":"de"}]}},"_links":{"self":[{"href":"https:\/\/www.schramas.com\/de\/wp-json\/wp\/v2\/product\/13541","targetHints":{"allow":["GET"]}}],"collection":[{"href":"https:\/\/www.schramas.com\/de\/wp-json\/wp\/v2\/product"}],"about":[{"href":"https:\/\/www.schramas.com\/de\/wp-json\/wp\/v2\/types\/product"}],"version-history":[{"count":1,"href":"https:\/\/www.schramas.com\/de\/wp-json\/wp\/v2\/product\/13541\/revisions"}],"predecessor-version":[{"id":45170,"href":"https:\/\/www.schramas.com\/de\/wp-json\/wp\/v2\/product\/13541\/revisions\/45170"}],"wp:featuredmedia":[{"embeddable":true,"href":"https:\/\/www.schramas.com\/de\/wp-json\/wp\/v2\/media\/8091"}],"wp:attachment":[{"href":"https:\/\/www.schramas.com\/de\/wp-json\/wp\/v2\/media?parent=13541"}],"wp:term":[{"taxonomy":"product_brand","embeddable":true,"href":"https:\/\/www.schramas.com\/de\/wp-json\/wp\/v2\/product_brand?post=13541"},{"taxonomy":"product_cat","embeddable":true,"href":"https:\/\/www.schramas.com\/de\/wp-json\/wp\/v2\/product_cat?post=13541"},{"taxonomy":"product_tag","embeddable":true,"href":"https:\/\/www.schramas.com\/de\/wp-json\/wp\/v2\/product_tag?post=13541"}],"curies":[{"name":"wp","href":"https:\/\/api.w.org\/{rel}","templated":true}]}}