{"id":14594,"date":"2021-04-13T10:36:45","date_gmt":"2021-04-13T08:36:45","guid":{"rendered":"https:\/\/www.schramas.com\/?post_type=product&#038;p=14594"},"modified":"2026-03-26T16:34:27","modified_gmt":"2026-03-26T15:34:27","slug":"crinodendron-hookerianum-ada-hoffmann-rosa-chilenischer-laternenbaum-2-liter-topf","status":"publish","type":"product","link":"https:\/\/www.schramas.com\/de\/shop\/crinodendron-hookerianum-ada-hoffmann-rosa-chilenischer-laternenbaum-2-liter-topf\/","title":{"rendered":"Crinodendron hookerianum Ada Hoffmann, rosa chilenischer Laternenbaum, 2 Liter Topf"},"content":{"rendered":"<p>Diese wundersch\u00f6ne Pflanze 9, auch chilenischer Laternenbaum genannt, stammt urspr\u00fcnglich aus Chile, wo sie haupts\u00e4chlich in der N\u00e4he von B\u00e4chen und feuchten Umgebungen w\u00e4chst und mit wundersch\u00f6nen rosafarbenen Laternenbl\u00fcten bl\u00fcht. Sie w\u00e4chst langsam und ist daher ideal f\u00fcr eine K\u00fcbel- oder Pflanzk\u00fcbelpflanze, aber angesichts des vorherigen Textes ist sie auch eine tolle Pflanze f\u00fcr die Platzierung in der N\u00e4he Ihres Teichs! Die Pflanze mag eine schattige Umgebung und ist nur bis -10 Grad winterhart.<\/p>","protected":false},"excerpt":{"rendered":"<p>Crinodendron Hookerianum Ada Hoffmann&#039;<\/p>\n<p>Ein chilenischer Laternenbaum<\/p>\n<p>Bl\u00fctenstand: rosa Bl\u00fcte. Mai\/Aug.<\/p>\n<p>Max. H\u00f6he 100 - 200 cm<\/p>\n<p>Gr\u00fcn bleiben.<\/p>\n<p>Winterhart bis -10<\/p>\n<p>Lieferh\u00f6he inkl. Topf: 40 cm<\/p>\n<p>Topfgr\u00f6\u00dfe: 2-Liter-Topf<\/p>","protected":false},"featured_media":16292,"template":"","meta":{"_joinchat":[]},"product_brand":[],"product_cat":[228,303,229],"product_tag":[502,503,505,501,499,495,504,351],"class_list":{"0":"post-14594","1":"product","2":"type-product","3":"status-publish","4":"has-post-thumbnail","6":"product_cat-drachtplant","7":"product_cat-groenblijvende-heesters","8":"product_cat-sierheesters","9":"product_tag-amerikaanse-sering","10":"product_tag-bijenplant","11":"product_tag-blauw-paars","12":"product_tag-ceanothus","13":"product_tag-groenblijvend","14":"product_tag-sierheester","15":"product_tag-vlinderplant","16":"product_tag-winterhard","17":"pa_bloeimaanden-juni","18":"pa_bloeimaanden-augustus","19":"pa_ewd_uwcf_colors-roze","20":"pa_groeihoogte-150-200-cm","21":"pa_pot-zonder-pot","23":"first","24":"outofstock","25":"taxable","26":"shipping-taxable","27":"purchasable","28":"product-type-simple"},"yoast_head":"<!-- This site is optimized with the Yoast SEO plugin v24.2 - https:\/\/yoast.com\/wordpress\/plugins\/seo\/ -->\n<title>Crinodendron hookerianum Ada Hoffmann, roze Chileense lantaarnboom, 2 liter pot kopen | Planten eenvoudig online bestellen | Schramas.com<\/title>\n<meta name=\"robots\" content=\"index, follow, max-snippet:-1, max-image-preview:large, max-video-preview:-1\" \/>\n<link rel=\"canonical\" href=\"https:\/\/www.schramas.com\/de\/shop\/crinodendron-hookerianum-ada-hoffmann-rosa-chilenischer-laternenbaum-2-liter-topf\/\" \/>\n<meta property=\"og:locale\" content=\"de_DE\" \/>\n<meta property=\"og:type\" content=\"article\" \/>\n<meta property=\"og:title\" content=\"Crinodendron hookerianum Ada Hoffmann, roze Chileense lantaarnboom, 2 liter pot kopen | Planten eenvoudig online bestellen | Schramas.com\" \/>\n<meta property=\"og:description\" content=\"Crinodendron hookerianum Ada Hoffmann&#039;  AChileense lantaarnboom  Bloeiwijze: roze bloem. Mei\/ Aug.  Max. hoogte 100 - 200 cm  Groen blijvend.  Winterhard tot -10  Leverhoogte incl. pot: 40- cm  Potmaat: 2 liter pot\" \/>\n<meta property=\"og:url\" content=\"https:\/\/www.schramas.com\/de\/shop\/crinodendron-hookerianum-ada-hoffmann-rosa-chilenischer-laternenbaum-2-liter-topf\/\" \/>\n<meta property=\"og:site_name\" content=\"Planten eenvoudig online bestellen | Schramas.com\" \/>\n<meta property=\"article:publisher\" content=\"https:\/\/www.facebook.com\/Schramascom-106872874153195\/\" \/>\n<meta property=\"article:modified_time\" content=\"2026-03-26T15:34:27+00:00\" \/>\n<meta property=\"og:image\" content=\"https:\/\/www.schramas.com\/wp-content\/uploads\/2021\/06\/210617_9509842947760_Crinodendron-Hookerianum-Ada-Hoffmann-roze-bewerkt-vooraanzicht.png\" \/>\n\t<meta property=\"og:image:width\" content=\"1200\" \/>\n\t<meta property=\"og:image:height\" content=\"1200\" \/>\n\t<meta property=\"og:image:type\" content=\"image\/png\" \/>\n<meta name=\"twitter:card\" content=\"summary_large_image\" \/>\n<script type=\"application\/ld+json\" class=\"yoast-schema-graph\">{\"@context\":\"https:\/\/schema.org\",\"@graph\":[{\"@type\":[\"WebPage\",\"ItemPage\"],\"@id\":\"https:\/\/www.schramas.com\/winkel\/crinodendron-hookerianum-ada-hoffmann-roze-chileense-lantaarnboom-2-liter-pot\/\",\"url\":\"https:\/\/www.schramas.com\/winkel\/crinodendron-hookerianum-ada-hoffmann-roze-chileense-lantaarnboom-2-liter-pot\/\",\"name\":\"Crinodendron hookerianum Ada Hoffmann, roze Chileense lantaarnboom, 2 liter pot kopen | Planten eenvoudig online bestellen | Schramas.com\",\"isPartOf\":{\"@id\":\"https:\/\/www.schramas.com\/#website\"},\"primaryImageOfPage\":{\"@id\":\"https:\/\/www.schramas.com\/winkel\/crinodendron-hookerianum-ada-hoffmann-roze-chileense-lantaarnboom-2-liter-pot\/#primaryimage\"},\"image\":{\"@id\":\"https:\/\/www.schramas.com\/winkel\/crinodendron-hookerianum-ada-hoffmann-roze-chileense-lantaarnboom-2-liter-pot\/#primaryimage\"},\"thumbnailUrl\":\"https:\/\/www.schramas.com\/wp-content\/uploads\/2021\/06\/210617_9509842947760_Crinodendron-Hookerianum-Ada-Hoffmann-roze-bewerkt-vooraanzicht.png\",\"datePublished\":\"2021-04-13T08:36:45+00:00\",\"dateModified\":\"2026-03-26T15:34:27+00:00\",\"breadcrumb\":{\"@id\":\"https:\/\/www.schramas.com\/winkel\/crinodendron-hookerianum-ada-hoffmann-roze-chileense-lantaarnboom-2-liter-pot\/#breadcrumb\"},\"inLanguage\":\"de\",\"potentialAction\":[{\"@type\":\"ReadAction\",\"target\":[\"https:\/\/www.schramas.com\/winkel\/crinodendron-hookerianum-ada-hoffmann-roze-chileense-lantaarnboom-2-liter-pot\/\"]}]},{\"@type\":\"ImageObject\",\"inLanguage\":\"de\",\"@id\":\"https:\/\/www.schramas.com\/winkel\/crinodendron-hookerianum-ada-hoffmann-roze-chileense-lantaarnboom-2-liter-pot\/#primaryimage\",\"url\":\"https:\/\/www.schramas.com\/wp-content\/uploads\/2021\/06\/210617_9509842947760_Crinodendron-Hookerianum-Ada-Hoffmann-roze-bewerkt-vooraanzicht.png\",\"contentUrl\":\"https:\/\/www.schramas.com\/wp-content\/uploads\/2021\/06\/210617_9509842947760_Crinodendron-Hookerianum-Ada-Hoffmann-roze-bewerkt-vooraanzicht.png\",\"width\":1200,\"height\":1200},{\"@type\":\"BreadcrumbList\",\"@id\":\"https:\/\/www.schramas.com\/winkel\/crinodendron-hookerianum-ada-hoffmann-roze-chileense-lantaarnboom-2-liter-pot\/#breadcrumb\",\"itemListElement\":[{\"@type\":\"ListItem\",\"position\":1,\"name\":\"Product\",\"item\":\"https:\/\/www.schramas.com\/assortiment\/\"},{\"@type\":\"ListItem\",\"position\":2,\"name\":\"Tuinplanten\",\"item\":\"https:\/\/www.schramas.com\/product-category\/planten-heesters\/\"},{\"@type\":\"ListItem\",\"position\":3,\"name\":\"Heesters\",\"item\":\"https:\/\/www.schramas.com\/product-category\/planten-heesters\/heesters\/\"},{\"@type\":\"ListItem\",\"position\":4,\"name\":\"Sierheesters\",\"item\":\"https:\/\/www.schramas.com\/product-category\/planten-heesters\/heesters\/sierheesters\/\"},{\"@type\":\"ListItem\",\"position\":5,\"name\":\"Crinodendron hookerianum Ada Hoffmann, roze Chileense lantaarnboom, 2 liter pot\"}]},{\"@type\":\"WebSite\",\"@id\":\"https:\/\/www.schramas.com\/#website\",\"url\":\"https:\/\/www.schramas.com\/\",\"name\":\"Schramas.com | Tuinplanten eenvoudig online bestellen | Direct van onze Kwekerij\",\"description\":\"\",\"alternateName\":\"Schramas.com - Alle planten direct van de kweker\",\"potentialAction\":[{\"@type\":\"SearchAction\",\"target\":{\"@type\":\"EntryPoint\",\"urlTemplate\":\"https:\/\/www.schramas.com\/?s={search_term_string}\"},\"query-input\":{\"@type\":\"PropertyValueSpecification\",\"valueRequired\":true,\"valueName\":\"search_term_string\"}}],\"inLanguage\":\"de\"}]}<\/script>\n<!-- \/ Yoast SEO plugin. -->","yoast_head_json":{"title":"Kaufen Sie Crinodendron Hookerianum Ada Hoffmann, rosa chilenischer Laternenbaum, 2 Liter Topf | Pflanzen einfach online bestellen | Schramas.com","robots":{"index":"index","follow":"follow","max-snippet":"max-snippet:-1","max-image-preview":"max-image-preview:large","max-video-preview":"max-video-preview:-1"},"canonical":"https:\/\/www.schramas.com\/de\/shop\/crinodendron-hookerianum-ada-hoffmann-rosa-chilenischer-laternenbaum-2-liter-topf\/","og_locale":"de_DE","og_type":"article","og_title":"Crinodendron hookerianum Ada Hoffmann, roze Chileense lantaarnboom, 2 liter pot kopen | Planten eenvoudig online bestellen | Schramas.com","og_description":"Crinodendron hookerianum Ada Hoffmann'  AChileense lantaarnboom  Bloeiwijze: roze bloem. Mei\/ Aug.  Max. hoogte 100 - 200 cm  Groen blijvend.  Winterhard tot -10  Leverhoogte incl. pot: 40- cm  Potmaat: 2 liter pot","og_url":"https:\/\/www.schramas.com\/de\/shop\/crinodendron-hookerianum-ada-hoffmann-rosa-chilenischer-laternenbaum-2-liter-topf\/","og_site_name":"Planten eenvoudig online bestellen | Schramas.com","article_publisher":"https:\/\/www.facebook.com\/Schramascom-106872874153195\/","article_modified_time":"2026-03-26T15:34:27+00:00","og_image":[{"width":1200,"height":1200,"url":"https:\/\/www.schramas.com\/wp-content\/uploads\/2021\/06\/210617_9509842947760_Crinodendron-Hookerianum-Ada-Hoffmann-roze-bewerkt-vooraanzicht.png","type":"image\/png"}],"twitter_card":"summary_large_image","schema":{"@context":"https:\/\/schema.org","@graph":[{"@type":["WebPage","ItemPage"],"@id":"https:\/\/www.schramas.com\/winkel\/crinodendron-hookerianum-ada-hoffmann-roze-chileense-lantaarnboom-2-liter-pot\/","url":"https:\/\/www.schramas.com\/winkel\/crinodendron-hookerianum-ada-hoffmann-roze-chileense-lantaarnboom-2-liter-pot\/","name":"Kaufen Sie Crinodendron Hookerianum Ada Hoffmann, rosa chilenischer Laternenbaum, 2 Liter Topf | Pflanzen einfach online bestellen | Schramas.com","isPartOf":{"@id":"https:\/\/www.schramas.com\/#website"},"primaryImageOfPage":{"@id":"https:\/\/www.schramas.com\/winkel\/crinodendron-hookerianum-ada-hoffmann-roze-chileense-lantaarnboom-2-liter-pot\/#primaryimage"},"image":{"@id":"https:\/\/www.schramas.com\/winkel\/crinodendron-hookerianum-ada-hoffmann-roze-chileense-lantaarnboom-2-liter-pot\/#primaryimage"},"thumbnailUrl":"https:\/\/www.schramas.com\/wp-content\/uploads\/2021\/06\/210617_9509842947760_Crinodendron-Hookerianum-Ada-Hoffmann-roze-bewerkt-vooraanzicht.png","datePublished":"2021-04-13T08:36:45+00:00","dateModified":"2026-03-26T15:34:27+00:00","breadcrumb":{"@id":"https:\/\/www.schramas.com\/winkel\/crinodendron-hookerianum-ada-hoffmann-roze-chileense-lantaarnboom-2-liter-pot\/#breadcrumb"},"inLanguage":"de","potentialAction":[{"@type":"ReadAction","target":["https:\/\/www.schramas.com\/winkel\/crinodendron-hookerianum-ada-hoffmann-roze-chileense-lantaarnboom-2-liter-pot\/"]}]},{"@type":"ImageObject","inLanguage":"de","@id":"https:\/\/www.schramas.com\/winkel\/crinodendron-hookerianum-ada-hoffmann-roze-chileense-lantaarnboom-2-liter-pot\/#primaryimage","url":"https:\/\/www.schramas.com\/wp-content\/uploads\/2021\/06\/210617_9509842947760_Crinodendron-Hookerianum-Ada-Hoffmann-roze-bewerkt-vooraanzicht.png","contentUrl":"https:\/\/www.schramas.com\/wp-content\/uploads\/2021\/06\/210617_9509842947760_Crinodendron-Hookerianum-Ada-Hoffmann-roze-bewerkt-vooraanzicht.png","width":1200,"height":1200},{"@type":"BreadcrumbList","@id":"https:\/\/www.schramas.com\/winkel\/crinodendron-hookerianum-ada-hoffmann-roze-chileense-lantaarnboom-2-liter-pot\/#breadcrumb","itemListElement":[{"@type":"ListItem","position":1,"name":"Product","item":"https:\/\/www.schramas.com\/assortiment\/"},{"@type":"ListItem","position":2,"name":"Tuinplanten","item":"https:\/\/www.schramas.com\/product-category\/planten-heesters\/"},{"@type":"ListItem","position":3,"name":"Heesters","item":"https:\/\/www.schramas.com\/product-category\/planten-heesters\/heesters\/"},{"@type":"ListItem","position":4,"name":"Sierheesters","item":"https:\/\/www.schramas.com\/product-category\/planten-heesters\/heesters\/sierheesters\/"},{"@type":"ListItem","position":5,"name":"Crinodendron hookerianum Ada Hoffmann, roze Chileense lantaarnboom, 2 liter pot"}]},{"@type":"WebSite","@id":"https:\/\/www.schramas.com\/#website","url":"https:\/\/www.schramas.com\/","name":"Schramas.com | Gartenpflanzen einfach online bestellen | Direkt aus unserer G\u00e4rtnerei","description":"","alternateName":"Schramas.com - Alle planten direct van de kweker","potentialAction":[{"@type":"SearchAction","target":{"@type":"EntryPoint","urlTemplate":"https:\/\/www.schramas.com\/?s={search_term_string}"},"query-input":{"@type":"PropertyValueSpecification","valueRequired":true,"valueName":"search_term_string"}}],"inLanguage":"de"}]}},"_links":{"self":[{"href":"https:\/\/www.schramas.com\/de\/wp-json\/wp\/v2\/product\/14594","targetHints":{"allow":["GET"]}}],"collection":[{"href":"https:\/\/www.schramas.com\/de\/wp-json\/wp\/v2\/product"}],"about":[{"href":"https:\/\/www.schramas.com\/de\/wp-json\/wp\/v2\/types\/product"}],"version-history":[{"count":0,"href":"https:\/\/www.schramas.com\/de\/wp-json\/wp\/v2\/product\/14594\/revisions"}],"wp:featuredmedia":[{"embeddable":true,"href":"https:\/\/www.schramas.com\/de\/wp-json\/wp\/v2\/media\/16292"}],"wp:attachment":[{"href":"https:\/\/www.schramas.com\/de\/wp-json\/wp\/v2\/media?parent=14594"}],"wp:term":[{"taxonomy":"product_brand","embeddable":true,"href":"https:\/\/www.schramas.com\/de\/wp-json\/wp\/v2\/product_brand?post=14594"},{"taxonomy":"product_cat","embeddable":true,"href":"https:\/\/www.schramas.com\/de\/wp-json\/wp\/v2\/product_cat?post=14594"},{"taxonomy":"product_tag","embeddable":true,"href":"https:\/\/www.schramas.com\/de\/wp-json\/wp\/v2\/product_tag?post=14594"}],"curies":[{"name":"wp","href":"https:\/\/api.w.org\/{rel}","templated":true}]}}