{"id":14764,"date":"2021-04-24T10:38:54","date_gmt":"2021-04-24T08:38:54","guid":{"rendered":"https:\/\/www.schramas.com\/?post_type=product&#038;p=14764"},"modified":"2026-04-29T08:05:21","modified_gmt":"2026-04-29T06:05:21","slug":"rubus-fruticosus-tayberry-kreuz-himbeere-brombeere-2-liter-topf","status":"publish","type":"product","link":"https:\/\/www.schramas.com\/de\/shop\/rubus-fruticosus-tayberry-kreuz-himbeere-brombeere-2-liter-topf\/","title":{"rendered":"Rubus fruticosus x idaeus 'Tayberry' Hybride Himbeere\/Brombeere, Brombeere, 2 Liter Topf"},"content":{"rendered":"<p>Rubus fruticosus Tayberry ist eine Kreuzung zwischen einer Himbeere und einer Brombeere. Sie bl\u00fcht im Mai-Juni mit wei\u00df-rosa Bl\u00fcten und bringt sehr schmackhafte gro\u00dfe s\u00fc\u00dfe Fr\u00fcchte hervor, die oft nicht gekauft werden. Der Strauch ist nesselig, so dass es ratsam ist, beim Pfl\u00fccken einen Handschuh zu tragen. Die Fr\u00fcchte reifen bereits Anfang Juli.<\/p>","protected":false},"excerpt":{"rendered":"<p>Rubus fruticosus Tayberry<\/p>\n<p>Geschmack: s\u00fc\u00df<\/p>\n<p>Bl\u00fctenfarbe: wei\u00df<\/p>\n<p>Max. H\u00f6he: 150-200 cm<\/p>\n<p>Im ersten Jahr vor Frost sch\u00fctzen<\/p>","protected":false},"featured_media":20704,"template":"","meta":{"_joinchat":[]},"product_brand":[],"product_cat":[262,44,42,234],"product_tag":[731,807,806,597,825],"class_list":{"0":"post-14764","1":"product","2":"type-product","3":"status-publish","4":"has-post-thumbnail","6":"product_cat-bomen-struiken","7":"product_cat-bramen","8":"product_cat-frambozen","9":"product_cat-fruitstruiken","10":"product_tag-braam","11":"product_tag-bramen","12":"product_tag-bramenstruik","13":"product_tag-framboos","14":"product_tag-kruising","15":"pa_ewd_uwcf_colors-wit","16":"pa_groeihoogte-150-200-cm","17":"pa_pot-zonder-pot","19":"first","20":"instock","21":"taxable","22":"shipping-taxable","23":"purchasable","24":"product-type-simple"},"yoast_head":"<!-- This site is optimized with the Yoast SEO plugin v24.2 - https:\/\/yoast.com\/wordpress\/plugins\/seo\/ -->\n<title>Rubus fruticosus x idaeus &#039;Tayberry&#039; kruising framboos\/braam, braamboos, 2 liter pot kopen | Planten eenvoudig online bestellen | Schramas.com<\/title>\n<meta name=\"robots\" content=\"index, follow, max-snippet:-1, max-image-preview:large, max-video-preview:-1\" \/>\n<link rel=\"canonical\" href=\"https:\/\/www.schramas.com\/de\/shop\/rubus-fruticosus-tayberry-kreuz-himbeere-brombeere-2-liter-topf\/\" \/>\n<meta property=\"og:locale\" content=\"de_DE\" \/>\n<meta property=\"og:type\" content=\"article\" \/>\n<meta property=\"og:title\" content=\"Rubus fruticosus x idaeus &#039;Tayberry&#039; kruising framboos\/braam, braamboos, 2 liter pot kopen | Planten eenvoudig online bestellen | Schramas.com\" \/>\n<meta property=\"og:description\" content=\"Rubus fruticosus Tayberry  Smaak: zoet  Bloemkleur: wit  Max. hoogte: 150-200 cm  Eerste jaar beschermen tegen vorst\" \/>\n<meta property=\"og:url\" content=\"https:\/\/www.schramas.com\/de\/shop\/rubus-fruticosus-tayberry-kreuz-himbeere-brombeere-2-liter-topf\/\" \/>\n<meta property=\"og:site_name\" content=\"Planten eenvoudig online bestellen | Schramas.com\" \/>\n<meta property=\"article:publisher\" content=\"https:\/\/www.facebook.com\/Schramascom-106872874153195\/\" \/>\n<meta property=\"article:modified_time\" content=\"2026-04-29T06:05:21+00:00\" \/>\n<meta property=\"og:image\" content=\"http:\/\/www.schramas.com\/wp-content\/uploads\/2021\/04\/Tayberry-sfeer.jpg\" \/>\n\t<meta property=\"og:image:width\" content=\"1200\" \/>\n\t<meta property=\"og:image:height\" content=\"1200\" \/>\n\t<meta property=\"og:image:type\" content=\"image\/jpeg\" \/>\n<meta name=\"twitter:card\" content=\"summary_large_image\" \/>\n<meta name=\"twitter:label1\" content=\"Gesch\u00e4tzte Lesezeit\" \/>\n\t<meta name=\"twitter:data1\" content=\"1\u00a0Minute\" \/>\n<script type=\"application\/ld+json\" class=\"yoast-schema-graph\">{\"@context\":\"https:\/\/schema.org\",\"@graph\":[{\"@type\":[\"WebPage\",\"ItemPage\"],\"@id\":\"https:\/\/www.schramas.com\/winkel\/rubus-fruticosus-tayberry-kruising-framboos-braam-2-liter-pot\/\",\"url\":\"https:\/\/www.schramas.com\/winkel\/rubus-fruticosus-tayberry-kruising-framboos-braam-2-liter-pot\/\",\"name\":\"Rubus fruticosus x idaeus 'Tayberry' kruising framboos\/braam, braamboos, 2 liter pot kopen | Planten eenvoudig online bestellen | Schramas.com\",\"isPartOf\":{\"@id\":\"https:\/\/www.schramas.com\/#website\"},\"primaryImageOfPage\":{\"@id\":\"https:\/\/www.schramas.com\/winkel\/rubus-fruticosus-tayberry-kruising-framboos-braam-2-liter-pot\/#primaryimage\"},\"image\":{\"@id\":\"https:\/\/www.schramas.com\/winkel\/rubus-fruticosus-tayberry-kruising-framboos-braam-2-liter-pot\/#primaryimage\"},\"thumbnailUrl\":\"https:\/\/www.schramas.com\/wp-content\/uploads\/2021\/04\/Tayberry-sfeer.jpg\",\"datePublished\":\"2021-04-24T08:38:54+00:00\",\"dateModified\":\"2026-04-29T06:05:21+00:00\",\"breadcrumb\":{\"@id\":\"https:\/\/www.schramas.com\/winkel\/rubus-fruticosus-tayberry-kruising-framboos-braam-2-liter-pot\/#breadcrumb\"},\"inLanguage\":\"de\",\"potentialAction\":[{\"@type\":\"ReadAction\",\"target\":[\"https:\/\/www.schramas.com\/winkel\/rubus-fruticosus-tayberry-kruising-framboos-braam-2-liter-pot\/\"]}]},{\"@type\":\"ImageObject\",\"inLanguage\":\"de\",\"@id\":\"https:\/\/www.schramas.com\/winkel\/rubus-fruticosus-tayberry-kruising-framboos-braam-2-liter-pot\/#primaryimage\",\"url\":\"https:\/\/www.schramas.com\/wp-content\/uploads\/2021\/04\/Tayberry-sfeer.jpg\",\"contentUrl\":\"https:\/\/www.schramas.com\/wp-content\/uploads\/2021\/04\/Tayberry-sfeer.jpg\",\"width\":1200,\"height\":1200},{\"@type\":\"BreadcrumbList\",\"@id\":\"https:\/\/www.schramas.com\/winkel\/rubus-fruticosus-tayberry-kruising-framboos-braam-2-liter-pot\/#breadcrumb\",\"itemListElement\":[{\"@type\":\"ListItem\",\"position\":1,\"name\":\"Product\",\"item\":\"https:\/\/www.schramas.com\/assortiment\/\"},{\"@type\":\"ListItem\",\"position\":2,\"name\":\"Bomen &amp; Struiken\",\"item\":\"https:\/\/www.schramas.com\/product-category\/bomen-struiken\/\"},{\"@type\":\"ListItem\",\"position\":3,\"name\":\"Fruitstruiken\",\"item\":\"https:\/\/www.schramas.com\/de\/produktkategorie\/baume-und-straucher\/obststraucher\/\"},{\"@type\":\"ListItem\",\"position\":4,\"name\":\"Bramen\",\"item\":\"https:\/\/www.schramas.com\/product-category\/bomen-struiken\/fruitstruiken\/bramen\/\"},{\"@type\":\"ListItem\",\"position\":5,\"name\":\"Rubus fruticosus x idaeus &#8216;Tayberry&#8217; kruising framboos\/braam, braamboos, 2 liter pot\"}]},{\"@type\":\"WebSite\",\"@id\":\"https:\/\/www.schramas.com\/#website\",\"url\":\"https:\/\/www.schramas.com\/\",\"name\":\"Schramas.com | Tuinplanten eenvoudig online bestellen | Direct van onze Kwekerij\",\"description\":\"\",\"alternateName\":\"Schramas.com - Alle planten direct van de kweker\",\"potentialAction\":[{\"@type\":\"SearchAction\",\"target\":{\"@type\":\"EntryPoint\",\"urlTemplate\":\"https:\/\/www.schramas.com\/?s={search_term_string}\"},\"query-input\":{\"@type\":\"PropertyValueSpecification\",\"valueRequired\":true,\"valueName\":\"search_term_string\"}}],\"inLanguage\":\"de\"}]}<\/script>\n<!-- \/ Yoast SEO plugin. -->","yoast_head_json":{"title":"Rubus fruticosus x idaeus 'Tayberry' Hybride Himbeere\/Beere, Brombeere, 2 Liter Topf kaufen | Pflanzen leicht online kaufen | Schramas.de","robots":{"index":"index","follow":"follow","max-snippet":"max-snippet:-1","max-image-preview":"max-image-preview:large","max-video-preview":"max-video-preview:-1"},"canonical":"https:\/\/www.schramas.com\/de\/shop\/rubus-fruticosus-tayberry-kreuz-himbeere-brombeere-2-liter-topf\/","og_locale":"de_DE","og_type":"article","og_title":"Rubus fruticosus x idaeus 'Tayberry' kruising framboos\/braam, braamboos, 2 liter pot kopen | Planten eenvoudig online bestellen | Schramas.com","og_description":"Rubus fruticosus Tayberry  Smaak: zoet  Bloemkleur: wit  Max. hoogte: 150-200 cm  Eerste jaar beschermen tegen vorst","og_url":"https:\/\/www.schramas.com\/de\/shop\/rubus-fruticosus-tayberry-kreuz-himbeere-brombeere-2-liter-topf\/","og_site_name":"Planten eenvoudig online bestellen | Schramas.com","article_publisher":"https:\/\/www.facebook.com\/Schramascom-106872874153195\/","article_modified_time":"2026-04-29T06:05:21+00:00","og_image":[{"width":1200,"height":1200,"url":"http:\/\/www.schramas.com\/wp-content\/uploads\/2021\/04\/Tayberry-sfeer.jpg","type":"image\/jpeg"}],"twitter_card":"summary_large_image","twitter_misc":{"Gesch\u00e4tzte Lesezeit":"1\u00a0Minute"},"schema":{"@context":"https:\/\/schema.org","@graph":[{"@type":["WebPage","ItemPage"],"@id":"https:\/\/www.schramas.com\/winkel\/rubus-fruticosus-tayberry-kruising-framboos-braam-2-liter-pot\/","url":"https:\/\/www.schramas.com\/winkel\/rubus-fruticosus-tayberry-kruising-framboos-braam-2-liter-pot\/","name":"Rubus fruticosus x idaeus 'Tayberry' Hybride Himbeere\/Beere, Brombeere, 2 Liter Topf kaufen | Pflanzen leicht online kaufen | Schramas.de","isPartOf":{"@id":"https:\/\/www.schramas.com\/#website"},"primaryImageOfPage":{"@id":"https:\/\/www.schramas.com\/winkel\/rubus-fruticosus-tayberry-kruising-framboos-braam-2-liter-pot\/#primaryimage"},"image":{"@id":"https:\/\/www.schramas.com\/winkel\/rubus-fruticosus-tayberry-kruising-framboos-braam-2-liter-pot\/#primaryimage"},"thumbnailUrl":"https:\/\/www.schramas.com\/wp-content\/uploads\/2021\/04\/Tayberry-sfeer.jpg","datePublished":"2021-04-24T08:38:54+00:00","dateModified":"2026-04-29T06:05:21+00:00","breadcrumb":{"@id":"https:\/\/www.schramas.com\/winkel\/rubus-fruticosus-tayberry-kruising-framboos-braam-2-liter-pot\/#breadcrumb"},"inLanguage":"de","potentialAction":[{"@type":"ReadAction","target":["https:\/\/www.schramas.com\/winkel\/rubus-fruticosus-tayberry-kruising-framboos-braam-2-liter-pot\/"]}]},{"@type":"ImageObject","inLanguage":"de","@id":"https:\/\/www.schramas.com\/winkel\/rubus-fruticosus-tayberry-kruising-framboos-braam-2-liter-pot\/#primaryimage","url":"https:\/\/www.schramas.com\/wp-content\/uploads\/2021\/04\/Tayberry-sfeer.jpg","contentUrl":"https:\/\/www.schramas.com\/wp-content\/uploads\/2021\/04\/Tayberry-sfeer.jpg","width":1200,"height":1200},{"@type":"BreadcrumbList","@id":"https:\/\/www.schramas.com\/winkel\/rubus-fruticosus-tayberry-kruising-framboos-braam-2-liter-pot\/#breadcrumb","itemListElement":[{"@type":"ListItem","position":1,"name":"Product","item":"https:\/\/www.schramas.com\/assortiment\/"},{"@type":"ListItem","position":2,"name":"Bomen &amp; Struiken","item":"https:\/\/www.schramas.com\/product-category\/bomen-struiken\/"},{"@type":"ListItem","position":3,"name":"Fruitstruiken","item":"https:\/\/www.schramas.com\/de\/produktkategorie\/baume-und-straucher\/obststraucher\/"},{"@type":"ListItem","position":4,"name":"Bramen","item":"https:\/\/www.schramas.com\/product-category\/bomen-struiken\/fruitstruiken\/bramen\/"},{"@type":"ListItem","position":5,"name":"Rubus fruticosus x idaeus &#8216;Tayberry&#8217; kruising framboos\/braam, braamboos, 2 liter pot"}]},{"@type":"WebSite","@id":"https:\/\/www.schramas.com\/#website","url":"https:\/\/www.schramas.com\/","name":"Schramas.com | Gartenpflanzen einfach online bestellen | Direkt aus unserer G\u00e4rtnerei","description":"","alternateName":"Schramas.com - Alle planten direct van de kweker","potentialAction":[{"@type":"SearchAction","target":{"@type":"EntryPoint","urlTemplate":"https:\/\/www.schramas.com\/?s={search_term_string}"},"query-input":{"@type":"PropertyValueSpecification","valueRequired":true,"valueName":"search_term_string"}}],"inLanguage":"de"}]}},"_links":{"self":[{"href":"https:\/\/www.schramas.com\/de\/wp-json\/wp\/v2\/product\/14764","targetHints":{"allow":["GET"]}}],"collection":[{"href":"https:\/\/www.schramas.com\/de\/wp-json\/wp\/v2\/product"}],"about":[{"href":"https:\/\/www.schramas.com\/de\/wp-json\/wp\/v2\/types\/product"}],"version-history":[{"count":1,"href":"https:\/\/www.schramas.com\/de\/wp-json\/wp\/v2\/product\/14764\/revisions"}],"predecessor-version":[{"id":48873,"href":"https:\/\/www.schramas.com\/de\/wp-json\/wp\/v2\/product\/14764\/revisions\/48873"}],"wp:featuredmedia":[{"embeddable":true,"href":"https:\/\/www.schramas.com\/de\/wp-json\/wp\/v2\/media\/20704"}],"wp:attachment":[{"href":"https:\/\/www.schramas.com\/de\/wp-json\/wp\/v2\/media?parent=14764"}],"wp:term":[{"taxonomy":"product_brand","embeddable":true,"href":"https:\/\/www.schramas.com\/de\/wp-json\/wp\/v2\/product_brand?post=14764"},{"taxonomy":"product_cat","embeddable":true,"href":"https:\/\/www.schramas.com\/de\/wp-json\/wp\/v2\/product_cat?post=14764"},{"taxonomy":"product_tag","embeddable":true,"href":"https:\/\/www.schramas.com\/de\/wp-json\/wp\/v2\/product_tag?post=14764"}],"curies":[{"name":"wp","href":"https:\/\/api.w.org\/{rel}","templated":true}]}}