{"id":14786,"date":"2021-04-24T11:36:03","date_gmt":"2021-04-24T09:36:03","guid":{"rendered":"https:\/\/www.schramas.com\/?post_type=product&#038;p=14786"},"modified":"2026-03-26T16:34:28","modified_gmt":"2026-03-26T15:34:28","slug":"rubus-fruticosus-adrienne-dornenloser-brombeerstrauch-2-liter-topf","status":"publish","type":"product","link":"https:\/\/www.schramas.com\/de\/shop\/rubus-fruticosus-adrienne-dornenloser-brombeerstrauch-2-liter-topf\/","title":{"rendered":"Rubus fruticosus 'Adrienne' dornenloser Brombeerstrauch, 2 Liter Topf"},"content":{"rendered":"<p>Eine fr\u00fch fruchtende, dornenlose Sorte mit ausgezeichneter Fruchtqualit\u00e4t. Die Fr\u00fcchte sind gro\u00df, fest, lang und kegelf\u00f6rmig. Sie sehen leuchtend und attraktiv aus, und die saftigen Beeren sind wirklich ein ausgezeichneter Geschmack. F\u00fcr ein optimales Ergebnis ben\u00f6tigt die Pflanze Halbschatten oder volle Sonne.<\/p>","protected":false},"excerpt":{"rendered":"<p>Rubus fruticosus Adrienne<\/p>\n<p>Geschmack: s\u00fc\u00df<\/p>\n<p>Max. H\u00f6he: 150-200 cm<\/p>\n<p>Im ersten Jahr vor Frost sch\u00fctzen.<\/p>\n<p>Dieser Strauch wird in einem 2-Liter-Topf geliefert.<\/p>","protected":false},"featured_media":14789,"template":"","meta":{"_joinchat":[]},"product_brand":[],"product_cat":[262,44,234],"product_tag":[731,807,806,730],"class_list":{"0":"post-14786","1":"product","2":"type-product","3":"status-publish","4":"has-post-thumbnail","6":"product_cat-bomen-struiken","7":"product_cat-bramen","8":"product_cat-fruitstruiken","9":"product_tag-braam","10":"product_tag-bramen","11":"product_tag-bramenstruik","12":"product_tag-doornloos","13":"pa_groeihoogte-150-200-cm","14":"pa_pot-zonder-pot","16":"first","17":"outofstock","18":"taxable","19":"shipping-taxable","20":"purchasable","21":"product-type-simple"},"yoast_head":"<!-- This site is optimized with the Yoast SEO plugin v24.2 - https:\/\/yoast.com\/wordpress\/plugins\/seo\/ -->\n<title>Rubus fruticosus &#039;Adrienne&#039; doornloze bramenstruik, 2 liter pot kopen | Planten eenvoudig online bestellen | Schramas.com<\/title>\n<meta name=\"robots\" content=\"index, follow, max-snippet:-1, max-image-preview:large, max-video-preview:-1\" \/>\n<link rel=\"canonical\" href=\"https:\/\/www.schramas.com\/de\/shop\/rubus-fruticosus-adrienne-dornenloser-brombeerstrauch-2-liter-topf\/\" \/>\n<meta property=\"og:locale\" content=\"de_DE\" \/>\n<meta property=\"og:type\" content=\"article\" \/>\n<meta property=\"og:title\" content=\"Rubus fruticosus &#039;Adrienne&#039; doornloze bramenstruik, 2 liter pot kopen | Planten eenvoudig online bestellen | Schramas.com\" \/>\n<meta property=\"og:description\" content=\"Rubus fruticosus Adrienne  Smaak: zoet  Max. hoogte: 150-200 cm  Eerste jaar beschermen tegen vorst.  Deze struik wordt in een 2 liter pot geleverd.\" \/>\n<meta property=\"og:url\" content=\"https:\/\/www.schramas.com\/de\/shop\/rubus-fruticosus-adrienne-dornenloser-brombeerstrauch-2-liter-topf\/\" \/>\n<meta property=\"og:site_name\" content=\"Planten eenvoudig online bestellen | Schramas.com\" \/>\n<meta property=\"article:publisher\" content=\"https:\/\/www.facebook.com\/Schramascom-106872874153195\/\" \/>\n<meta property=\"article:modified_time\" content=\"2026-03-26T15:34:28+00:00\" \/>\n<meta property=\"og:image\" content=\"https:\/\/www.schramas.com\/wp-content\/uploads\/2021\/04\/Rubus-fruticosus-Adrienne-detail.png\" \/>\n\t<meta property=\"og:image:width\" content=\"500\" \/>\n\t<meta property=\"og:image:height\" content=\"500\" \/>\n\t<meta property=\"og:image:type\" content=\"image\/png\" \/>\n<meta name=\"twitter:card\" content=\"summary_large_image\" \/>\n<script type=\"application\/ld+json\" class=\"yoast-schema-graph\">{\"@context\":\"https:\/\/schema.org\",\"@graph\":[{\"@type\":[\"WebPage\",\"ItemPage\"],\"@id\":\"https:\/\/www.schramas.com\/fr\/boutique\/rubus-fruticosus-adrienne-murier-sans-epines-pot-de-2-litres\/\",\"url\":\"https:\/\/www.schramas.com\/fr\/boutique\/rubus-fruticosus-adrienne-murier-sans-epines-pot-de-2-litres\/\",\"name\":\"Rubus fruticosus 'Adrienne' doornloze bramenstruik, 2 liter pot kopen | Planten eenvoudig online bestellen | Schramas.com\",\"isPartOf\":{\"@id\":\"https:\/\/www.schramas.com\/#website\"},\"primaryImageOfPage\":{\"@id\":\"https:\/\/www.schramas.com\/fr\/boutique\/rubus-fruticosus-adrienne-murier-sans-epines-pot-de-2-litres\/#primaryimage\"},\"image\":{\"@id\":\"https:\/\/www.schramas.com\/fr\/boutique\/rubus-fruticosus-adrienne-murier-sans-epines-pot-de-2-litres\/#primaryimage\"},\"thumbnailUrl\":\"https:\/\/www.schramas.com\/wp-content\/uploads\/2021\/04\/Rubus-fruticosus-Adrienne-detail.png\",\"datePublished\":\"2021-04-24T09:36:03+00:00\",\"dateModified\":\"2026-03-26T15:34:28+00:00\",\"breadcrumb\":{\"@id\":\"https:\/\/www.schramas.com\/fr\/boutique\/rubus-fruticosus-adrienne-murier-sans-epines-pot-de-2-litres\/#breadcrumb\"},\"inLanguage\":\"de\",\"potentialAction\":[{\"@type\":\"ReadAction\",\"target\":[\"https:\/\/www.schramas.com\/fr\/boutique\/rubus-fruticosus-adrienne-murier-sans-epines-pot-de-2-litres\/\"]}]},{\"@type\":\"ImageObject\",\"inLanguage\":\"de\",\"@id\":\"https:\/\/www.schramas.com\/fr\/boutique\/rubus-fruticosus-adrienne-murier-sans-epines-pot-de-2-litres\/#primaryimage\",\"url\":\"https:\/\/www.schramas.com\/wp-content\/uploads\/2021\/04\/Rubus-fruticosus-Adrienne-detail.png\",\"contentUrl\":\"https:\/\/www.schramas.com\/wp-content\/uploads\/2021\/04\/Rubus-fruticosus-Adrienne-detail.png\",\"width\":500,\"height\":500},{\"@type\":\"BreadcrumbList\",\"@id\":\"https:\/\/www.schramas.com\/fr\/boutique\/rubus-fruticosus-adrienne-murier-sans-epines-pot-de-2-litres\/#breadcrumb\",\"itemListElement\":[{\"@type\":\"ListItem\",\"position\":1,\"name\":\"Product\",\"item\":\"https:\/\/www.schramas.com\/assortiment\/\"},{\"@type\":\"ListItem\",\"position\":2,\"name\":\"Bomen &amp; Struiken\",\"item\":\"https:\/\/www.schramas.com\/product-category\/bomen-struiken\/\"},{\"@type\":\"ListItem\",\"position\":3,\"name\":\"Fruitstruiken\",\"item\":\"https:\/\/www.schramas.com\/de\/produktkategorie\/baume-und-straucher\/obststraucher\/\"},{\"@type\":\"ListItem\",\"position\":4,\"name\":\"Bramen\",\"item\":\"https:\/\/www.schramas.com\/product-category\/bomen-struiken\/fruitstruiken\/bramen\/\"},{\"@type\":\"ListItem\",\"position\":5,\"name\":\"Rubus fruticosus &#8216;Adrienne&#8217; doornloze bramenstruik, 2 liter pot\"}]},{\"@type\":\"WebSite\",\"@id\":\"https:\/\/www.schramas.com\/#website\",\"url\":\"https:\/\/www.schramas.com\/\",\"name\":\"Schramas.com | Tuinplanten eenvoudig online bestellen | Direct van onze Kwekerij\",\"description\":\"\",\"alternateName\":\"Schramas.com - Alle planten direct van de kweker\",\"potentialAction\":[{\"@type\":\"SearchAction\",\"target\":{\"@type\":\"EntryPoint\",\"urlTemplate\":\"https:\/\/www.schramas.com\/?s={search_term_string}\"},\"query-input\":{\"@type\":\"PropertyValueSpecification\",\"valueRequired\":true,\"valueName\":\"search_term_string\"}}],\"inLanguage\":\"de\"}]}<\/script>\n<!-- \/ Yoast SEO plugin. -->","yoast_head_json":{"title":"Rubus fruticosus 'Adrienne' dornenloser Brombeerstrauch, 2 Liter Topf kaufen | Pflanzen leicht online kaufen | Schramas.de","robots":{"index":"index","follow":"follow","max-snippet":"max-snippet:-1","max-image-preview":"max-image-preview:large","max-video-preview":"max-video-preview:-1"},"canonical":"https:\/\/www.schramas.com\/de\/shop\/rubus-fruticosus-adrienne-dornenloser-brombeerstrauch-2-liter-topf\/","og_locale":"de_DE","og_type":"article","og_title":"Rubus fruticosus 'Adrienne' doornloze bramenstruik, 2 liter pot kopen | Planten eenvoudig online bestellen | Schramas.com","og_description":"Rubus fruticosus Adrienne  Smaak: zoet  Max. hoogte: 150-200 cm  Eerste jaar beschermen tegen vorst.  Deze struik wordt in een 2 liter pot geleverd.","og_url":"https:\/\/www.schramas.com\/de\/shop\/rubus-fruticosus-adrienne-dornenloser-brombeerstrauch-2-liter-topf\/","og_site_name":"Planten eenvoudig online bestellen | Schramas.com","article_publisher":"https:\/\/www.facebook.com\/Schramascom-106872874153195\/","article_modified_time":"2026-03-26T15:34:28+00:00","og_image":[{"width":500,"height":500,"url":"https:\/\/www.schramas.com\/wp-content\/uploads\/2021\/04\/Rubus-fruticosus-Adrienne-detail.png","type":"image\/png"}],"twitter_card":"summary_large_image","schema":{"@context":"https:\/\/schema.org","@graph":[{"@type":["WebPage","ItemPage"],"@id":"https:\/\/www.schramas.com\/fr\/boutique\/rubus-fruticosus-adrienne-murier-sans-epines-pot-de-2-litres\/","url":"https:\/\/www.schramas.com\/fr\/boutique\/rubus-fruticosus-adrienne-murier-sans-epines-pot-de-2-litres\/","name":"Rubus fruticosus 'Adrienne' dornenloser Brombeerstrauch, 2 Liter Topf kaufen | Pflanzen leicht online kaufen | Schramas.de","isPartOf":{"@id":"https:\/\/www.schramas.com\/#website"},"primaryImageOfPage":{"@id":"https:\/\/www.schramas.com\/fr\/boutique\/rubus-fruticosus-adrienne-murier-sans-epines-pot-de-2-litres\/#primaryimage"},"image":{"@id":"https:\/\/www.schramas.com\/fr\/boutique\/rubus-fruticosus-adrienne-murier-sans-epines-pot-de-2-litres\/#primaryimage"},"thumbnailUrl":"https:\/\/www.schramas.com\/wp-content\/uploads\/2021\/04\/Rubus-fruticosus-Adrienne-detail.png","datePublished":"2021-04-24T09:36:03+00:00","dateModified":"2026-03-26T15:34:28+00:00","breadcrumb":{"@id":"https:\/\/www.schramas.com\/fr\/boutique\/rubus-fruticosus-adrienne-murier-sans-epines-pot-de-2-litres\/#breadcrumb"},"inLanguage":"de","potentialAction":[{"@type":"ReadAction","target":["https:\/\/www.schramas.com\/fr\/boutique\/rubus-fruticosus-adrienne-murier-sans-epines-pot-de-2-litres\/"]}]},{"@type":"ImageObject","inLanguage":"de","@id":"https:\/\/www.schramas.com\/fr\/boutique\/rubus-fruticosus-adrienne-murier-sans-epines-pot-de-2-litres\/#primaryimage","url":"https:\/\/www.schramas.com\/wp-content\/uploads\/2021\/04\/Rubus-fruticosus-Adrienne-detail.png","contentUrl":"https:\/\/www.schramas.com\/wp-content\/uploads\/2021\/04\/Rubus-fruticosus-Adrienne-detail.png","width":500,"height":500},{"@type":"BreadcrumbList","@id":"https:\/\/www.schramas.com\/fr\/boutique\/rubus-fruticosus-adrienne-murier-sans-epines-pot-de-2-litres\/#breadcrumb","itemListElement":[{"@type":"ListItem","position":1,"name":"Product","item":"https:\/\/www.schramas.com\/assortiment\/"},{"@type":"ListItem","position":2,"name":"Bomen &amp; Struiken","item":"https:\/\/www.schramas.com\/product-category\/bomen-struiken\/"},{"@type":"ListItem","position":3,"name":"Fruitstruiken","item":"https:\/\/www.schramas.com\/de\/produktkategorie\/baume-und-straucher\/obststraucher\/"},{"@type":"ListItem","position":4,"name":"Bramen","item":"https:\/\/www.schramas.com\/product-category\/bomen-struiken\/fruitstruiken\/bramen\/"},{"@type":"ListItem","position":5,"name":"Rubus fruticosus &#8216;Adrienne&#8217; doornloze bramenstruik, 2 liter pot"}]},{"@type":"WebSite","@id":"https:\/\/www.schramas.com\/#website","url":"https:\/\/www.schramas.com\/","name":"Schramas.com | Gartenpflanzen einfach online bestellen | Direkt aus unserer G\u00e4rtnerei","description":"","alternateName":"Schramas.com - Alle planten direct van de kweker","potentialAction":[{"@type":"SearchAction","target":{"@type":"EntryPoint","urlTemplate":"https:\/\/www.schramas.com\/?s={search_term_string}"},"query-input":{"@type":"PropertyValueSpecification","valueRequired":true,"valueName":"search_term_string"}}],"inLanguage":"de"}]}},"_links":{"self":[{"href":"https:\/\/www.schramas.com\/de\/wp-json\/wp\/v2\/product\/14786","targetHints":{"allow":["GET"]}}],"collection":[{"href":"https:\/\/www.schramas.com\/de\/wp-json\/wp\/v2\/product"}],"about":[{"href":"https:\/\/www.schramas.com\/de\/wp-json\/wp\/v2\/types\/product"}],"version-history":[{"count":0,"href":"https:\/\/www.schramas.com\/de\/wp-json\/wp\/v2\/product\/14786\/revisions"}],"wp:featuredmedia":[{"embeddable":true,"href":"https:\/\/www.schramas.com\/de\/wp-json\/wp\/v2\/media\/14789"}],"wp:attachment":[{"href":"https:\/\/www.schramas.com\/de\/wp-json\/wp\/v2\/media?parent=14786"}],"wp:term":[{"taxonomy":"product_brand","embeddable":true,"href":"https:\/\/www.schramas.com\/de\/wp-json\/wp\/v2\/product_brand?post=14786"},{"taxonomy":"product_cat","embeddable":true,"href":"https:\/\/www.schramas.com\/de\/wp-json\/wp\/v2\/product_cat?post=14786"},{"taxonomy":"product_tag","embeddable":true,"href":"https:\/\/www.schramas.com\/de\/wp-json\/wp\/v2\/product_tag?post=14786"}],"curies":[{"name":"wp","href":"https:\/\/api.w.org\/{rel}","templated":true}]}}