{"id":17968,"date":"2022-07-15T09:45:38","date_gmt":"2022-07-15T07:45:38","guid":{"rendered":"https:\/\/www.schramas.com\/?post_type=product&#038;p=17968"},"modified":"2026-03-26T16:34:41","modified_gmt":"2026-03-26T15:34:41","slug":"callicarpa-bodinieri-profusion-2l-topf","status":"publish","type":"product","link":"https:\/\/www.schramas.com\/de\/shop\/callicarpa-bodinieri-profusion-2l-topf\/","title":{"rendered":"Callicarpa bodinieri 'Profusion', 2-Liter-Topf"},"content":{"rendered":"<p>Die Callicarpa bodinieri \u201eProfusion\u201c oder Beerenpflanze ist ein wundersch\u00f6ner Zierstrauch, der im Juni und Juli mit kleinen lila\/rosa Bl\u00fcten bl\u00fcht. Im Herbst tr\u00e4gt der Zierstrauch auff\u00e4llig violette Beeren, die noch deutlicher hervortreten, wenn die Bl\u00e4tter vom Strauch fallen und die Beeren an den kahlen Zweigen sichtbar werden. Die Beeren dieses Zierstrauchs bleiben bis zum Winter an den Zweigen h\u00e4ngen. Der Zierstrauch wird maximal 2,5 Meter hoch und ist sehr winterhart.<\/p>","protected":false},"excerpt":{"rendered":"<p>Callicarpa bodinieri &#039;Profusion&#039;<\/p>\n<p><em>Bl\u00fctenstand: Lila\/rosa Bl\u00fcten, Juni\/Juli<\/em><\/p>\n<p><em>Max. H\u00f6he 250 cm<\/em><\/p>\n<p><em>Widerstandsf\u00e4hig bis -15<\/em><\/p>\n<p><em>Lieferh\u00f6he inkl. Topf: 30+ cm<\/em><\/p>\n<p>Topfgr\u00f6\u00dfe: 2-Liter-Topf<\/p>","protected":false},"featured_media":20005,"template":"","meta":{"_joinchat":[]},"product_brand":[],"product_cat":[303,300,229,305],"product_tag":[603,923,725,495,504,351],"class_list":{"0":"post-17968","1":"product","2":"type-product","3":"status-publish","4":"has-post-thumbnail","6":"product_cat-groenblijvende-heesters","7":"product_cat-heesters","8":"product_cat-sierheesters","9":"product_cat-planten-heesters","10":"product_tag-bessen","11":"product_tag-opvallen","12":"product_tag-paars","13":"product_tag-sierheester","14":"product_tag-vlinderplant","15":"product_tag-winterhard","16":"pa_bloeimaanden-juni","17":"pa_bloeimaanden-augustus","18":"pa_groeihoogte-150-200-cm","19":"pa_pot-zonder-pot","21":"first","22":"outofstock","23":"taxable","24":"shipping-taxable","25":"purchasable","26":"product-type-simple"},"yoast_head":"<!-- This site is optimized with the Yoast SEO plugin v24.2 - https:\/\/yoast.com\/wordpress\/plugins\/seo\/ -->\n<title>Callicarpa bodinieri &#039;Profusion&#039;, 2 liter pot kopen | Planten eenvoudig online bestellen | Schramas.com<\/title>\n<meta name=\"robots\" content=\"index, follow, max-snippet:-1, max-image-preview:large, max-video-preview:-1\" \/>\n<link rel=\"canonical\" href=\"https:\/\/www.schramas.com\/de\/shop\/callicarpa-bodinieri-profusion-2l-topf\/\" \/>\n<meta property=\"og:locale\" content=\"de_DE\" \/>\n<meta property=\"og:type\" content=\"article\" \/>\n<meta property=\"og:title\" content=\"Callicarpa bodinieri &#039;Profusion&#039;, 2 liter pot kopen | Planten eenvoudig online bestellen | Schramas.com\" \/>\n<meta property=\"og:description\" content=\"Callicarpa bodinieri &#039;Profusion&#039;  Bloeiwijze: Lila\/roze bloemetjes, juni\/juli  Max. hoogte 250 cm  Winterhard tot -15  Leverhoogte incl. pot: 30+ cm  Potmaat: 2 liter pot\" \/>\n<meta property=\"og:url\" content=\"https:\/\/www.schramas.com\/de\/shop\/callicarpa-bodinieri-profusion-2l-topf\/\" \/>\n<meta property=\"og:site_name\" content=\"Planten eenvoudig online bestellen | Schramas.com\" \/>\n<meta property=\"article:publisher\" content=\"https:\/\/www.facebook.com\/Schramascom-106872874153195\/\" \/>\n<meta property=\"article:modified_time\" content=\"2026-03-26T15:34:41+00:00\" \/>\n<meta property=\"og:image\" content=\"http:\/\/www.schramas.com\/wp-content\/uploads\/2022\/07\/profusion-sfeer.jpg\" \/>\n\t<meta property=\"og:image:width\" content=\"1200\" \/>\n\t<meta property=\"og:image:height\" content=\"1200\" \/>\n\t<meta property=\"og:image:type\" content=\"image\/jpeg\" \/>\n<meta name=\"twitter:card\" content=\"summary_large_image\" \/>\n<meta name=\"twitter:label1\" content=\"Gesch\u00e4tzte Lesezeit\" \/>\n\t<meta name=\"twitter:data1\" content=\"1\u00a0Minute\" \/>\n<script type=\"application\/ld+json\" class=\"yoast-schema-graph\">{\"@context\":\"https:\/\/schema.org\",\"@graph\":[{\"@type\":[\"WebPage\",\"ItemPage\"],\"@id\":\"https:\/\/www.schramas.com\/winkel\/callicarpa-bodinieri-profusion-2l-pot\/\",\"url\":\"https:\/\/www.schramas.com\/winkel\/callicarpa-bodinieri-profusion-2l-pot\/\",\"name\":\"Callicarpa bodinieri 'Profusion', 2 liter pot kopen | Planten eenvoudig online bestellen | Schramas.com\",\"isPartOf\":{\"@id\":\"https:\/\/www.schramas.com\/#website\"},\"primaryImageOfPage\":{\"@id\":\"https:\/\/www.schramas.com\/winkel\/callicarpa-bodinieri-profusion-2l-pot\/#primaryimage\"},\"image\":{\"@id\":\"https:\/\/www.schramas.com\/winkel\/callicarpa-bodinieri-profusion-2l-pot\/#primaryimage\"},\"thumbnailUrl\":\"https:\/\/www.schramas.com\/wp-content\/uploads\/2022\/07\/profusion-sfeer.jpg\",\"datePublished\":\"2022-07-15T07:45:38+00:00\",\"dateModified\":\"2026-03-26T15:34:41+00:00\",\"breadcrumb\":{\"@id\":\"https:\/\/www.schramas.com\/winkel\/callicarpa-bodinieri-profusion-2l-pot\/#breadcrumb\"},\"inLanguage\":\"de\",\"potentialAction\":[{\"@type\":\"ReadAction\",\"target\":[\"https:\/\/www.schramas.com\/winkel\/callicarpa-bodinieri-profusion-2l-pot\/\"]}]},{\"@type\":\"ImageObject\",\"inLanguage\":\"de\",\"@id\":\"https:\/\/www.schramas.com\/winkel\/callicarpa-bodinieri-profusion-2l-pot\/#primaryimage\",\"url\":\"https:\/\/www.schramas.com\/wp-content\/uploads\/2022\/07\/profusion-sfeer.jpg\",\"contentUrl\":\"https:\/\/www.schramas.com\/wp-content\/uploads\/2022\/07\/profusion-sfeer.jpg\",\"width\":1200,\"height\":1200},{\"@type\":\"BreadcrumbList\",\"@id\":\"https:\/\/www.schramas.com\/winkel\/callicarpa-bodinieri-profusion-2l-pot\/#breadcrumb\",\"itemListElement\":[{\"@type\":\"ListItem\",\"position\":1,\"name\":\"Product\",\"item\":\"https:\/\/www.schramas.com\/assortiment\/\"},{\"@type\":\"ListItem\",\"position\":2,\"name\":\"Tuinplanten\",\"item\":\"https:\/\/www.schramas.com\/product-category\/planten-heesters\/\"},{\"@type\":\"ListItem\",\"position\":3,\"name\":\"Heesters\",\"item\":\"https:\/\/www.schramas.com\/product-category\/planten-heesters\/heesters\/\"},{\"@type\":\"ListItem\",\"position\":4,\"name\":\"Sierheesters\",\"item\":\"https:\/\/www.schramas.com\/product-category\/planten-heesters\/heesters\/sierheesters\/\"},{\"@type\":\"ListItem\",\"position\":5,\"name\":\"Callicarpa bodinieri &#8216;Profusion&#8217;, 2 liter pot\"}]},{\"@type\":\"WebSite\",\"@id\":\"https:\/\/www.schramas.com\/#website\",\"url\":\"https:\/\/www.schramas.com\/\",\"name\":\"Schramas.com | Tuinplanten eenvoudig online bestellen | Direct van onze Kwekerij\",\"description\":\"\",\"alternateName\":\"Schramas.com - Alle planten direct van de kweker\",\"potentialAction\":[{\"@type\":\"SearchAction\",\"target\":{\"@type\":\"EntryPoint\",\"urlTemplate\":\"https:\/\/www.schramas.com\/?s={search_term_string}\"},\"query-input\":{\"@type\":\"PropertyValueSpecification\",\"valueRequired\":true,\"valueName\":\"search_term_string\"}}],\"inLanguage\":\"de\"}]}<\/script>\n<!-- \/ Yoast SEO plugin. -->","yoast_head_json":{"title":"Kaufen Sie Callicarpa bodinieri &#039;Profusion&#039;, 2 Liter Topf | Pflanzen einfach online bestellen | Schramas.com","robots":{"index":"index","follow":"follow","max-snippet":"max-snippet:-1","max-image-preview":"max-image-preview:large","max-video-preview":"max-video-preview:-1"},"canonical":"https:\/\/www.schramas.com\/de\/shop\/callicarpa-bodinieri-profusion-2l-topf\/","og_locale":"de_DE","og_type":"article","og_title":"Callicarpa bodinieri 'Profusion', 2 liter pot kopen | Planten eenvoudig online bestellen | Schramas.com","og_description":"Callicarpa bodinieri 'Profusion'  Bloeiwijze: Lila\/roze bloemetjes, juni\/juli  Max. hoogte 250 cm  Winterhard tot -15  Leverhoogte incl. pot: 30+ cm  Potmaat: 2 liter pot","og_url":"https:\/\/www.schramas.com\/de\/shop\/callicarpa-bodinieri-profusion-2l-topf\/","og_site_name":"Planten eenvoudig online bestellen | Schramas.com","article_publisher":"https:\/\/www.facebook.com\/Schramascom-106872874153195\/","article_modified_time":"2026-03-26T15:34:41+00:00","og_image":[{"width":1200,"height":1200,"url":"http:\/\/www.schramas.com\/wp-content\/uploads\/2022\/07\/profusion-sfeer.jpg","type":"image\/jpeg"}],"twitter_card":"summary_large_image","twitter_misc":{"Gesch\u00e4tzte Lesezeit":"1\u00a0Minute"},"schema":{"@context":"https:\/\/schema.org","@graph":[{"@type":["WebPage","ItemPage"],"@id":"https:\/\/www.schramas.com\/winkel\/callicarpa-bodinieri-profusion-2l-pot\/","url":"https:\/\/www.schramas.com\/winkel\/callicarpa-bodinieri-profusion-2l-pot\/","name":"Kaufen Sie Callicarpa bodinieri &#039;Profusion&#039;, 2 Liter Topf | Pflanzen einfach online bestellen | Schramas.com","isPartOf":{"@id":"https:\/\/www.schramas.com\/#website"},"primaryImageOfPage":{"@id":"https:\/\/www.schramas.com\/winkel\/callicarpa-bodinieri-profusion-2l-pot\/#primaryimage"},"image":{"@id":"https:\/\/www.schramas.com\/winkel\/callicarpa-bodinieri-profusion-2l-pot\/#primaryimage"},"thumbnailUrl":"https:\/\/www.schramas.com\/wp-content\/uploads\/2022\/07\/profusion-sfeer.jpg","datePublished":"2022-07-15T07:45:38+00:00","dateModified":"2026-03-26T15:34:41+00:00","breadcrumb":{"@id":"https:\/\/www.schramas.com\/winkel\/callicarpa-bodinieri-profusion-2l-pot\/#breadcrumb"},"inLanguage":"de","potentialAction":[{"@type":"ReadAction","target":["https:\/\/www.schramas.com\/winkel\/callicarpa-bodinieri-profusion-2l-pot\/"]}]},{"@type":"ImageObject","inLanguage":"de","@id":"https:\/\/www.schramas.com\/winkel\/callicarpa-bodinieri-profusion-2l-pot\/#primaryimage","url":"https:\/\/www.schramas.com\/wp-content\/uploads\/2022\/07\/profusion-sfeer.jpg","contentUrl":"https:\/\/www.schramas.com\/wp-content\/uploads\/2022\/07\/profusion-sfeer.jpg","width":1200,"height":1200},{"@type":"BreadcrumbList","@id":"https:\/\/www.schramas.com\/winkel\/callicarpa-bodinieri-profusion-2l-pot\/#breadcrumb","itemListElement":[{"@type":"ListItem","position":1,"name":"Product","item":"https:\/\/www.schramas.com\/assortiment\/"},{"@type":"ListItem","position":2,"name":"Tuinplanten","item":"https:\/\/www.schramas.com\/product-category\/planten-heesters\/"},{"@type":"ListItem","position":3,"name":"Heesters","item":"https:\/\/www.schramas.com\/product-category\/planten-heesters\/heesters\/"},{"@type":"ListItem","position":4,"name":"Sierheesters","item":"https:\/\/www.schramas.com\/product-category\/planten-heesters\/heesters\/sierheesters\/"},{"@type":"ListItem","position":5,"name":"Callicarpa bodinieri &#8216;Profusion&#8217;, 2 liter pot"}]},{"@type":"WebSite","@id":"https:\/\/www.schramas.com\/#website","url":"https:\/\/www.schramas.com\/","name":"Schramas.com | Gartenpflanzen einfach online bestellen | Direkt aus unserer G\u00e4rtnerei","description":"","alternateName":"Schramas.com - Alle planten direct van de kweker","potentialAction":[{"@type":"SearchAction","target":{"@type":"EntryPoint","urlTemplate":"https:\/\/www.schramas.com\/?s={search_term_string}"},"query-input":{"@type":"PropertyValueSpecification","valueRequired":true,"valueName":"search_term_string"}}],"inLanguage":"de"}]}},"_links":{"self":[{"href":"https:\/\/www.schramas.com\/de\/wp-json\/wp\/v2\/product\/17968","targetHints":{"allow":["GET"]}}],"collection":[{"href":"https:\/\/www.schramas.com\/de\/wp-json\/wp\/v2\/product"}],"about":[{"href":"https:\/\/www.schramas.com\/de\/wp-json\/wp\/v2\/types\/product"}],"version-history":[{"count":1,"href":"https:\/\/www.schramas.com\/de\/wp-json\/wp\/v2\/product\/17968\/revisions"}],"predecessor-version":[{"id":53430,"href":"https:\/\/www.schramas.com\/de\/wp-json\/wp\/v2\/product\/17968\/revisions\/53430"}],"wp:featuredmedia":[{"embeddable":true,"href":"https:\/\/www.schramas.com\/de\/wp-json\/wp\/v2\/media\/20005"}],"wp:attachment":[{"href":"https:\/\/www.schramas.com\/de\/wp-json\/wp\/v2\/media?parent=17968"}],"wp:term":[{"taxonomy":"product_brand","embeddable":true,"href":"https:\/\/www.schramas.com\/de\/wp-json\/wp\/v2\/product_brand?post=17968"},{"taxonomy":"product_cat","embeddable":true,"href":"https:\/\/www.schramas.com\/de\/wp-json\/wp\/v2\/product_cat?post=17968"},{"taxonomy":"product_tag","embeddable":true,"href":"https:\/\/www.schramas.com\/de\/wp-json\/wp\/v2\/product_tag?post=17968"}],"curies":[{"name":"wp","href":"https:\/\/api.w.org\/{rel}","templated":true}]}}