{"id":18085,"date":"2022-02-14T10:08:55","date_gmt":"2022-02-14T09:08:55","guid":{"rendered":"https:\/\/www.schramas.com\/?post_type=product&#038;p=18085"},"modified":"2026-04-01T10:07:43","modified_gmt":"2026-04-01T08:07:43","slug":"lonicera-caerulea-larisa-honeyberry-2-liter-topf","status":"publish","type":"product","link":"https:\/\/www.schramas.com\/de\/shop\/lonicera-caerulea-larisa-honeyberry-2-liter-topf\/","title":{"rendered":"Lonicera caerulea 'Larisa' - Honigbeere - H\u00f6he 70cm - 2 Liter Topf"},"content":{"rendered":"<p>Lonicera caerulea 'Larissa' wird auch Maibeere oder Honigbeere genannt.<\/p>\n<p>Bl\u00fcht im zeitigen Fr\u00fchjahr, also Vorsicht vor Frost. Larissa hat eine l\u00e4ngliche s\u00fc\u00df-saure Beere, die reich an Vitamin B und C ist.<\/p>\n<p>Sie best\u00e4ubt sich selbst, aber wenn andere Pflanzen in der N\u00e4he sind, produziert die Pflanze mehr Beeren.<\/p>\n<p>Die Bl\u00fcte wird von Bienen und die Beeren von V\u00f6geln geliebt.<\/p>\n<p>Der Strauch ist winterhart und wirft im Herbst seine Bl\u00e4tter ab. Die Beere w\u00e4chst auf allen B\u00f6den, am besten in der Sonne oder im Halbschatten an einem feuchten Ort.<\/p>","protected":false},"excerpt":{"rendered":"<p>Lonicera caerula 'Larissa'<\/p>\n<p>Honigbeere<\/p>\n<p>Geschmack: frisch-s\u00fc\u00df<\/p>\n<p>Fruchtfarbe: blau-violett<\/p>\n<p>H\u00f6he max: 1,5 - 1,8 Meter<\/p>\n<p>Sowohl f\u00fcr die Terrasse als auch f\u00fcr den offenen Boden geeignet<\/p>\n<p>Lieferh\u00f6he inkl. Topf: +\/_50 cm<\/p>\n<p>Topfgr\u00f6\u00dfe: 2 Liter.<\/p>","protected":false},"featured_media":39755,"template":"","meta":{"_joinchat":[]},"product_brand":[],"product_cat":[302,262,234,46,761],"product_tag":[643,676,677,656,351,328],"class_list":{"0":"post-18085","1":"product","2":"type-product","3":"status-publish","4":"has-post-thumbnail","6":"product_cat-bladverliezende-heesters","7":"product_cat-bomen-struiken","8":"product_cat-fruitstruiken","9":"product_cat-lonicera","10":"product_cat-lente","11":"product_tag-honingbes","12":"product_tag-lonicera","13":"product_tag-purple-sweet","14":"product_tag-vitamine","15":"product_tag-winterhard","16":"product_tag-zoet","17":"pa_bloeimaanden-maart","18":"pa_bloeimaanden-april","19":"pa_groeihoogte-150-200-cm","20":"pa_pot-9-cm-pot","22":"first","23":"outofstock","24":"taxable","25":"shipping-taxable","26":"purchasable","27":"product-type-simple"},"yoast_head":"<!-- This site is optimized with the Yoast SEO plugin v24.2 - https:\/\/yoast.com\/wordpress\/plugins\/seo\/ -->\n<title>Lonicera caerulea &#039;Larisa&#039; - honingbes - Hoogte 70cm - 2 liter pot kopen | Planten eenvoudig online bestellen | Schramas.com<\/title>\n<meta name=\"robots\" content=\"index, follow, max-snippet:-1, max-image-preview:large, max-video-preview:-1\" \/>\n<link rel=\"canonical\" href=\"https:\/\/www.schramas.com\/de\/shop\/lonicera-caerulea-larisa-honeyberry-2-liter-topf\/\" \/>\n<meta property=\"og:locale\" content=\"de_DE\" \/>\n<meta property=\"og:type\" content=\"article\" \/>\n<meta property=\"og:title\" content=\"Lonicera caerulea &#039;Larisa&#039; - honingbes - Hoogte 70cm - 2 liter pot kopen | Planten eenvoudig online bestellen | Schramas.com\" \/>\n<meta property=\"og:description\" content=\"Lonicera caerula &#039;Larissa&#039;  Honingbes  Smaak: fris zoet  Kleur vrucht: blauw paars  Hoogte max: 1,5 - 1,8 meter  Geschikt voor zowel patio als volle grond  Leverhoogte incl. pot: +\/_50 cm  Pot maat: 2 liter.\" \/>\n<meta property=\"og:url\" content=\"https:\/\/www.schramas.com\/de\/shop\/lonicera-caerulea-larisa-honeyberry-2-liter-topf\/\" \/>\n<meta property=\"og:site_name\" content=\"Planten eenvoudig online bestellen | Schramas.com\" \/>\n<meta property=\"article:publisher\" content=\"https:\/\/www.facebook.com\/Schramascom-106872874153195\/\" \/>\n<meta property=\"article:modified_time\" content=\"2026-04-01T08:07:43+00:00\" \/>\n<meta property=\"og:image\" content=\"http:\/\/www.schramas.com\/wp-content\/uploads\/2022\/02\/Lonicera-Larisa-sfeer.jpg\" \/>\n\t<meta property=\"og:image:width\" content=\"1200\" \/>\n\t<meta property=\"og:image:height\" content=\"1200\" \/>\n\t<meta property=\"og:image:type\" content=\"image\/jpeg\" \/>\n<meta name=\"twitter:card\" content=\"summary_large_image\" \/>\n<script type=\"application\/ld+json\" class=\"yoast-schema-graph\">{\"@context\":\"https:\/\/schema.org\",\"@graph\":[{\"@type\":[\"WebPage\",\"ItemPage\"],\"@id\":\"https:\/\/www.schramas.com\/winkel\/lonicera-caerulea-larisa-honingbes-2-liter-pot\/\",\"url\":\"https:\/\/www.schramas.com\/winkel\/lonicera-caerulea-larisa-honingbes-2-liter-pot\/\",\"name\":\"Lonicera caerulea 'Larisa' - honingbes - Hoogte 70cm - 2 liter pot kopen | Planten eenvoudig online bestellen | Schramas.com\",\"isPartOf\":{\"@id\":\"https:\/\/www.schramas.com\/#website\"},\"primaryImageOfPage\":{\"@id\":\"https:\/\/www.schramas.com\/winkel\/lonicera-caerulea-larisa-honingbes-2-liter-pot\/#primaryimage\"},\"image\":{\"@id\":\"https:\/\/www.schramas.com\/winkel\/lonicera-caerulea-larisa-honingbes-2-liter-pot\/#primaryimage\"},\"thumbnailUrl\":\"https:\/\/www.schramas.com\/wp-content\/uploads\/2022\/02\/Lonicera-Larisa-sfeer.jpg\",\"datePublished\":\"2022-02-14T09:08:55+00:00\",\"dateModified\":\"2026-04-01T08:07:43+00:00\",\"breadcrumb\":{\"@id\":\"https:\/\/www.schramas.com\/winkel\/lonicera-caerulea-larisa-honingbes-2-liter-pot\/#breadcrumb\"},\"inLanguage\":\"de\",\"potentialAction\":[{\"@type\":\"ReadAction\",\"target\":[\"https:\/\/www.schramas.com\/winkel\/lonicera-caerulea-larisa-honingbes-2-liter-pot\/\"]}]},{\"@type\":\"ImageObject\",\"inLanguage\":\"de\",\"@id\":\"https:\/\/www.schramas.com\/winkel\/lonicera-caerulea-larisa-honingbes-2-liter-pot\/#primaryimage\",\"url\":\"https:\/\/www.schramas.com\/wp-content\/uploads\/2022\/02\/Lonicera-Larisa-sfeer.jpg\",\"contentUrl\":\"https:\/\/www.schramas.com\/wp-content\/uploads\/2022\/02\/Lonicera-Larisa-sfeer.jpg\",\"width\":1200,\"height\":1200},{\"@type\":\"BreadcrumbList\",\"@id\":\"https:\/\/www.schramas.com\/winkel\/lonicera-caerulea-larisa-honingbes-2-liter-pot\/#breadcrumb\",\"itemListElement\":[{\"@type\":\"ListItem\",\"position\":1,\"name\":\"Product\",\"item\":\"https:\/\/www.schramas.com\/assortiment\/\"},{\"@type\":\"ListItem\",\"position\":2,\"name\":\"Bomen &amp; Struiken\",\"item\":\"https:\/\/www.schramas.com\/product-category\/bomen-struiken\/\"},{\"@type\":\"ListItem\",\"position\":3,\"name\":\"Fruitstruiken\",\"item\":\"https:\/\/www.schramas.com\/de\/produktkategorie\/baume-und-straucher\/obststraucher\/\"},{\"@type\":\"ListItem\",\"position\":4,\"name\":\"Honingbessen\",\"item\":\"https:\/\/www.schramas.com\/de\/produktkategorie\/baume-und-straucher\/obststraucher\/lonicera\/\"},{\"@type\":\"ListItem\",\"position\":5,\"name\":\"Lonicera caerulea &#8216;Larisa&#8217; &#8211; honingbes &#8211; Hoogte 70cm &#8211; 2 liter pot\"}]},{\"@type\":\"WebSite\",\"@id\":\"https:\/\/www.schramas.com\/#website\",\"url\":\"https:\/\/www.schramas.com\/\",\"name\":\"Schramas.com | Tuinplanten eenvoudig online bestellen | Direct van onze Kwekerij\",\"description\":\"\",\"alternateName\":\"Schramas.com - Alle planten direct van de kweker\",\"potentialAction\":[{\"@type\":\"SearchAction\",\"target\":{\"@type\":\"EntryPoint\",\"urlTemplate\":\"https:\/\/www.schramas.com\/?s={search_term_string}\"},\"query-input\":{\"@type\":\"PropertyValueSpecification\",\"valueRequired\":true,\"valueName\":\"search_term_string\"}}],\"inLanguage\":\"de\"}]}<\/script>\n<!-- \/ Yoast SEO plugin. -->","yoast_head_json":{"title":"Kaufen Sie Lonicera caerulea &#039;Larisa&#039; - Honigbeere - H\u00f6he 70 cm - 2 Liter Topf | Pflanzen einfach online bestellen | Schramas.com","robots":{"index":"index","follow":"follow","max-snippet":"max-snippet:-1","max-image-preview":"max-image-preview:large","max-video-preview":"max-video-preview:-1"},"canonical":"https:\/\/www.schramas.com\/de\/shop\/lonicera-caerulea-larisa-honeyberry-2-liter-topf\/","og_locale":"de_DE","og_type":"article","og_title":"Lonicera caerulea 'Larisa' - honingbes - Hoogte 70cm - 2 liter pot kopen | Planten eenvoudig online bestellen | Schramas.com","og_description":"Lonicera caerula 'Larissa'  Honingbes  Smaak: fris zoet  Kleur vrucht: blauw paars  Hoogte max: 1,5 - 1,8 meter  Geschikt voor zowel patio als volle grond  Leverhoogte incl. pot: +\/_50 cm  Pot maat: 2 liter.","og_url":"https:\/\/www.schramas.com\/de\/shop\/lonicera-caerulea-larisa-honeyberry-2-liter-topf\/","og_site_name":"Planten eenvoudig online bestellen | Schramas.com","article_publisher":"https:\/\/www.facebook.com\/Schramascom-106872874153195\/","article_modified_time":"2026-04-01T08:07:43+00:00","og_image":[{"width":1200,"height":1200,"url":"http:\/\/www.schramas.com\/wp-content\/uploads\/2022\/02\/Lonicera-Larisa-sfeer.jpg","type":"image\/jpeg"}],"twitter_card":"summary_large_image","schema":{"@context":"https:\/\/schema.org","@graph":[{"@type":["WebPage","ItemPage"],"@id":"https:\/\/www.schramas.com\/winkel\/lonicera-caerulea-larisa-honingbes-2-liter-pot\/","url":"https:\/\/www.schramas.com\/winkel\/lonicera-caerulea-larisa-honingbes-2-liter-pot\/","name":"Kaufen Sie Lonicera caerulea &#039;Larisa&#039; - Honigbeere - H\u00f6he 70 cm - 2 Liter Topf | Pflanzen einfach online bestellen | Schramas.com","isPartOf":{"@id":"https:\/\/www.schramas.com\/#website"},"primaryImageOfPage":{"@id":"https:\/\/www.schramas.com\/winkel\/lonicera-caerulea-larisa-honingbes-2-liter-pot\/#primaryimage"},"image":{"@id":"https:\/\/www.schramas.com\/winkel\/lonicera-caerulea-larisa-honingbes-2-liter-pot\/#primaryimage"},"thumbnailUrl":"https:\/\/www.schramas.com\/wp-content\/uploads\/2022\/02\/Lonicera-Larisa-sfeer.jpg","datePublished":"2022-02-14T09:08:55+00:00","dateModified":"2026-04-01T08:07:43+00:00","breadcrumb":{"@id":"https:\/\/www.schramas.com\/winkel\/lonicera-caerulea-larisa-honingbes-2-liter-pot\/#breadcrumb"},"inLanguage":"de","potentialAction":[{"@type":"ReadAction","target":["https:\/\/www.schramas.com\/winkel\/lonicera-caerulea-larisa-honingbes-2-liter-pot\/"]}]},{"@type":"ImageObject","inLanguage":"de","@id":"https:\/\/www.schramas.com\/winkel\/lonicera-caerulea-larisa-honingbes-2-liter-pot\/#primaryimage","url":"https:\/\/www.schramas.com\/wp-content\/uploads\/2022\/02\/Lonicera-Larisa-sfeer.jpg","contentUrl":"https:\/\/www.schramas.com\/wp-content\/uploads\/2022\/02\/Lonicera-Larisa-sfeer.jpg","width":1200,"height":1200},{"@type":"BreadcrumbList","@id":"https:\/\/www.schramas.com\/winkel\/lonicera-caerulea-larisa-honingbes-2-liter-pot\/#breadcrumb","itemListElement":[{"@type":"ListItem","position":1,"name":"Product","item":"https:\/\/www.schramas.com\/assortiment\/"},{"@type":"ListItem","position":2,"name":"Bomen &amp; Struiken","item":"https:\/\/www.schramas.com\/product-category\/bomen-struiken\/"},{"@type":"ListItem","position":3,"name":"Fruitstruiken","item":"https:\/\/www.schramas.com\/de\/produktkategorie\/baume-und-straucher\/obststraucher\/"},{"@type":"ListItem","position":4,"name":"Honingbessen","item":"https:\/\/www.schramas.com\/de\/produktkategorie\/baume-und-straucher\/obststraucher\/lonicera\/"},{"@type":"ListItem","position":5,"name":"Lonicera caerulea &#8216;Larisa&#8217; &#8211; honingbes &#8211; Hoogte 70cm &#8211; 2 liter pot"}]},{"@type":"WebSite","@id":"https:\/\/www.schramas.com\/#website","url":"https:\/\/www.schramas.com\/","name":"Schramas.com | Gartenpflanzen einfach online bestellen | Direkt aus unserer G\u00e4rtnerei","description":"","alternateName":"Schramas.com - Alle planten direct van de kweker","potentialAction":[{"@type":"SearchAction","target":{"@type":"EntryPoint","urlTemplate":"https:\/\/www.schramas.com\/?s={search_term_string}"},"query-input":{"@type":"PropertyValueSpecification","valueRequired":true,"valueName":"search_term_string"}}],"inLanguage":"de"}]}},"_links":{"self":[{"href":"https:\/\/www.schramas.com\/de\/wp-json\/wp\/v2\/product\/18085","targetHints":{"allow":["GET"]}}],"collection":[{"href":"https:\/\/www.schramas.com\/de\/wp-json\/wp\/v2\/product"}],"about":[{"href":"https:\/\/www.schramas.com\/de\/wp-json\/wp\/v2\/types\/product"}],"version-history":[{"count":2,"href":"https:\/\/www.schramas.com\/de\/wp-json\/wp\/v2\/product\/18085\/revisions"}],"predecessor-version":[{"id":40478,"href":"https:\/\/www.schramas.com\/de\/wp-json\/wp\/v2\/product\/18085\/revisions\/40478"}],"wp:featuredmedia":[{"embeddable":true,"href":"https:\/\/www.schramas.com\/de\/wp-json\/wp\/v2\/media\/39755"}],"wp:attachment":[{"href":"https:\/\/www.schramas.com\/de\/wp-json\/wp\/v2\/media?parent=18085"}],"wp:term":[{"taxonomy":"product_brand","embeddable":true,"href":"https:\/\/www.schramas.com\/de\/wp-json\/wp\/v2\/product_brand?post=18085"},{"taxonomy":"product_cat","embeddable":true,"href":"https:\/\/www.schramas.com\/de\/wp-json\/wp\/v2\/product_cat?post=18085"},{"taxonomy":"product_tag","embeddable":true,"href":"https:\/\/www.schramas.com\/de\/wp-json\/wp\/v2\/product_tag?post=18085"}],"curies":[{"name":"wp","href":"https:\/\/api.w.org\/{rel}","templated":true}]}}