{"id":18133,"date":"2022-02-19T13:15:58","date_gmt":"2022-02-19T12:15:58","guid":{"rendered":"https:\/\/www.schramas.com\/?post_type=product&#038;p=18133"},"modified":"2026-04-25T13:32:50","modified_gmt":"2026-04-25T11:32:50","slug":"prunus-avium-karina-kirschbaum-gisela-5-wurzelstock-5-liter-topf","status":"publish","type":"product","link":"https:\/\/www.schramas.com\/de\/shop\/prunus-avium-karina-kirschbaum-gisela-5-wurzelstock-5-liter-topf\/","title":{"rendered":"Prunus avium 'Karina' Kirschbaum, Gisela 5 Unterlage, 5 Liter Topf"},"content":{"rendered":"<p>Die Karina-Kirsche erfreut sich sowohl bei Privatpersonen als auch bei professionellen Z\u00fcchtern gro\u00dfer Beliebtheit. Karina produziert gro\u00dfe, dunkle und s\u00fc\u00dfe Kirschen. Der Baum bringt im Fr\u00fchling wundersch\u00f6ne Bl\u00fcten hervor. Auch wenn Karina selbstbest\u00e4ubend ist, empfehlen wir die Zugabe eines Fremdbest\u00e4ubers f\u00fcr eine bessere Best\u00e4ubung und mehr Fr\u00fcchte. Dieser Kirschbaum w\u00e4chst auf einem Gisela 5\u00ae-Wurzelstock. Im Freiland kann der Kirschbaum aufgrund des Wurzelstocks bis zu 3,5 Meter hoch werden. Dank des Wurzelstocks kann der Baum auch im zweiten Jahr beginnen, Fr\u00fcchte zu tragen.<\/p>\n<p>&nbsp;<\/p>","protected":false},"excerpt":{"rendered":"<p>Prunus Avium 'Karina'<\/p>\n<p>Unterlage: Gisela 5<\/p>\n<p>Geschmack: s\u00fc\u00df<\/p>\n<p>Fruchtfarbe: rot<\/p>\n<p>Maximale H\u00f6he: ca. 3,5-4,5 Meter in offenem Gel\u00e4nde<\/p>\n<p>Lieferh\u00f6he: 80-120 cm<\/p>\n<p>Selbstbest\u00e4ubend, aber f\u00fcr mehr Fr\u00fcchte empfehlen wir Fremdbest\u00e4ubung<\/p>\n<p>Wird in einem 5-Liter-Topf geliefert.<\/p>","protected":false},"featured_media":20261,"template":"","meta":{"_joinchat":[]},"product_brand":[],"product_cat":[262,233,22],"product_tag":[352,750,575,751,312,351,328],"class_list":{"0":"post-18133","1":"product","2":"type-product","3":"status-publish","4":"has-post-thumbnail","6":"product_cat-bomen-struiken","7":"product_cat-fruitbomen","8":"product_cat-kersen","9":"product_tag-geent","10":"product_tag-karina","11":"product_tag-kers","12":"product_tag-rood-zelfbestuivend","13":"product_tag-steenvrucht","14":"product_tag-winterhard","15":"product_tag-zoet","16":"pa_bloeimaanden-april","17":"pa_bloeimaanden-mei","18":"pa_groeihoogte-300-cm","19":"pa_pot-5-liter-pot","21":"first","22":"instock","23":"taxable","24":"shipping-taxable","25":"purchasable","26":"product-type-simple"},"yoast_head":"<!-- This site is optimized with the Yoast SEO plugin v24.2 - https:\/\/yoast.com\/wordpress\/plugins\/seo\/ -->\n<title>Prunus avium &#039;Karina&#039; kersenboom, Gisela 5 onderstam, 5 liter pot kopen | Planten eenvoudig online bestellen | Schramas.com<\/title>\n<meta name=\"robots\" content=\"index, follow, max-snippet:-1, max-image-preview:large, max-video-preview:-1\" \/>\n<link rel=\"canonical\" href=\"https:\/\/www.schramas.com\/de\/da\/butik\/prunus-avium-karina-kirsebaertrae-gisela-5-grundstamme-5-liters-potte\/\" \/>\n<meta property=\"og:locale\" content=\"de_DE\" \/>\n<meta property=\"og:type\" content=\"article\" \/>\n<meta property=\"og:title\" content=\"Prunus avium &#039;Karina&#039; kersenboom, Gisela 5 onderstam, 5 liter pot kopen | Planten eenvoudig online bestellen | Schramas.com\" \/>\n<meta property=\"og:description\" content=\"Prunus Avium &#039;Karina&#039;  Onderstam: Gisela 5\u00ae  Smaak: zoet  Kleur vrucht: rood  Hoogte maximaal: ca. 3,5-4,5 meter in de volle grond  Leverhoogte: 80-120 cm  Zelfbestuivend maar voor meer fruit adviseren wij kruisbestuiving  Geleverd in een 5 liter pot.\" \/>\n<meta property=\"og:url\" content=\"https:\/\/www.schramas.com\/de\/da\/butik\/prunus-avium-karina-kirsebaertrae-gisela-5-grundstamme-5-liters-potte\/\" \/>\n<meta property=\"og:site_name\" content=\"Planten eenvoudig online bestellen | Schramas.com\" \/>\n<meta property=\"article:publisher\" content=\"https:\/\/www.facebook.com\/Schramascom-106872874153195\/\" \/>\n<meta property=\"article:modified_time\" content=\"2026-04-25T11:32:50+00:00\" \/>\n<meta property=\"og:image\" content=\"https:\/\/www.schramas.com\/wp-content\/uploads\/2022\/02\/Karina-sfeer.jpg\" \/>\n\t<meta property=\"og:image:width\" content=\"1200\" \/>\n\t<meta property=\"og:image:height\" content=\"1200\" \/>\n\t<meta property=\"og:image:type\" content=\"image\/jpeg\" \/>\n<meta name=\"twitter:card\" content=\"summary_large_image\" \/>\n<script type=\"application\/ld+json\" class=\"yoast-schema-graph\">{\"@context\":\"https:\/\/schema.org\",\"@graph\":[{\"@type\":[\"WebPage\",\"ItemPage\"],\"@id\":\"https:\/\/www.schramas.com\/da\/butik\/prunus-avium-karina-kirsebaertrae-gisela-5-grundstamme-5-liters-potte\/\",\"url\":\"https:\/\/www.schramas.com\/da\/butik\/prunus-avium-karina-kirsebaertrae-gisela-5-grundstamme-5-liters-potte\/\",\"name\":\"Prunus avium 'Karina' kersenboom, Gisela 5 onderstam, 5 liter pot kopen | Planten eenvoudig online bestellen | Schramas.com\",\"isPartOf\":{\"@id\":\"https:\/\/www.schramas.com\/#website\"},\"primaryImageOfPage\":{\"@id\":\"https:\/\/www.schramas.com\/da\/butik\/prunus-avium-karina-kirsebaertrae-gisela-5-grundstamme-5-liters-potte\/#primaryimage\"},\"image\":{\"@id\":\"https:\/\/www.schramas.com\/da\/butik\/prunus-avium-karina-kirsebaertrae-gisela-5-grundstamme-5-liters-potte\/#primaryimage\"},\"thumbnailUrl\":\"https:\/\/www.schramas.com\/wp-content\/uploads\/2022\/02\/Karina-sfeer.jpg\",\"datePublished\":\"2022-02-19T12:15:58+00:00\",\"dateModified\":\"2026-04-25T11:32:50+00:00\",\"breadcrumb\":{\"@id\":\"https:\/\/www.schramas.com\/da\/butik\/prunus-avium-karina-kirsebaertrae-gisela-5-grundstamme-5-liters-potte\/#breadcrumb\"},\"inLanguage\":\"de\",\"potentialAction\":[{\"@type\":\"ReadAction\",\"target\":[\"https:\/\/www.schramas.com\/da\/butik\/prunus-avium-karina-kirsebaertrae-gisela-5-grundstamme-5-liters-potte\/\"]}]},{\"@type\":\"ImageObject\",\"inLanguage\":\"de\",\"@id\":\"https:\/\/www.schramas.com\/da\/butik\/prunus-avium-karina-kirsebaertrae-gisela-5-grundstamme-5-liters-potte\/#primaryimage\",\"url\":\"https:\/\/www.schramas.com\/wp-content\/uploads\/2022\/02\/Karina-sfeer.jpg\",\"contentUrl\":\"https:\/\/www.schramas.com\/wp-content\/uploads\/2022\/02\/Karina-sfeer.jpg\",\"width\":1200,\"height\":1200},{\"@type\":\"BreadcrumbList\",\"@id\":\"https:\/\/www.schramas.com\/da\/butik\/prunus-avium-karina-kirsebaertrae-gisela-5-grundstamme-5-liters-potte\/#breadcrumb\",\"itemListElement\":[{\"@type\":\"ListItem\",\"position\":1,\"name\":\"Product\",\"item\":\"https:\/\/www.schramas.com\/assortiment\/\"},{\"@type\":\"ListItem\",\"position\":2,\"name\":\"Bomen &amp; Struiken\",\"item\":\"https:\/\/www.schramas.com\/product-category\/bomen-struiken\/\"},{\"@type\":\"ListItem\",\"position\":3,\"name\":\"Fruitbomen\",\"item\":\"https:\/\/www.schramas.com\/product-category\/bomen-struiken\/fruitbomen\/\"},{\"@type\":\"ListItem\",\"position\":4,\"name\":\"Kersen\",\"item\":\"https:\/\/www.schramas.com\/product-category\/bomen-struiken\/fruitbomen\/kersen\/\"},{\"@type\":\"ListItem\",\"position\":5,\"name\":\"Prunus avium &#8216;Karina&#8217; kersenboom, Gisela 5 onderstam, 5 liter pot\"}]},{\"@type\":\"WebSite\",\"@id\":\"https:\/\/www.schramas.com\/#website\",\"url\":\"https:\/\/www.schramas.com\/\",\"name\":\"Schramas.com | Tuinplanten eenvoudig online bestellen | Direct van onze Kwekerij\",\"description\":\"\",\"alternateName\":\"Schramas.com - Alle planten direct van de kweker\",\"potentialAction\":[{\"@type\":\"SearchAction\",\"target\":{\"@type\":\"EntryPoint\",\"urlTemplate\":\"https:\/\/www.schramas.com\/?s={search_term_string}\"},\"query-input\":{\"@type\":\"PropertyValueSpecification\",\"valueRequired\":true,\"valueName\":\"search_term_string\"}}],\"inLanguage\":\"de\"}]}<\/script>\n<!-- \/ Yoast SEO plugin. -->","yoast_head_json":{"title":"Kaufen Sie Prunus avium &#039;Karina&#039; Kirschbaum, Gisela 5 Wurzelstock, 5 Liter Topf | Pflanzen einfach online bestellen | Schramas.com","robots":{"index":"index","follow":"follow","max-snippet":"max-snippet:-1","max-image-preview":"max-image-preview:large","max-video-preview":"max-video-preview:-1"},"canonical":"https:\/\/www.schramas.com\/de\/da\/butik\/prunus-avium-karina-kirsebaertrae-gisela-5-grundstamme-5-liters-potte\/","og_locale":"de_DE","og_type":"article","og_title":"Prunus avium 'Karina' kersenboom, Gisela 5 onderstam, 5 liter pot kopen | Planten eenvoudig online bestellen | Schramas.com","og_description":"Prunus Avium 'Karina'  Onderstam: Gisela 5\u00ae  Smaak: zoet  Kleur vrucht: rood  Hoogte maximaal: ca. 3,5-4,5 meter in de volle grond  Leverhoogte: 80-120 cm  Zelfbestuivend maar voor meer fruit adviseren wij kruisbestuiving  Geleverd in een 5 liter pot.","og_url":"https:\/\/www.schramas.com\/de\/da\/butik\/prunus-avium-karina-kirsebaertrae-gisela-5-grundstamme-5-liters-potte\/","og_site_name":"Planten eenvoudig online bestellen | Schramas.com","article_publisher":"https:\/\/www.facebook.com\/Schramascom-106872874153195\/","article_modified_time":"2026-04-25T11:32:50+00:00","og_image":[{"width":1200,"height":1200,"url":"https:\/\/www.schramas.com\/wp-content\/uploads\/2022\/02\/Karina-sfeer.jpg","type":"image\/jpeg"}],"twitter_card":"summary_large_image","schema":{"@context":"https:\/\/schema.org","@graph":[{"@type":["WebPage","ItemPage"],"@id":"https:\/\/www.schramas.com\/da\/butik\/prunus-avium-karina-kirsebaertrae-gisela-5-grundstamme-5-liters-potte\/","url":"https:\/\/www.schramas.com\/da\/butik\/prunus-avium-karina-kirsebaertrae-gisela-5-grundstamme-5-liters-potte\/","name":"Kaufen Sie Prunus avium &#039;Karina&#039; Kirschbaum, Gisela 5 Wurzelstock, 5 Liter Topf | Pflanzen einfach online bestellen | Schramas.com","isPartOf":{"@id":"https:\/\/www.schramas.com\/#website"},"primaryImageOfPage":{"@id":"https:\/\/www.schramas.com\/da\/butik\/prunus-avium-karina-kirsebaertrae-gisela-5-grundstamme-5-liters-potte\/#primaryimage"},"image":{"@id":"https:\/\/www.schramas.com\/da\/butik\/prunus-avium-karina-kirsebaertrae-gisela-5-grundstamme-5-liters-potte\/#primaryimage"},"thumbnailUrl":"https:\/\/www.schramas.com\/wp-content\/uploads\/2022\/02\/Karina-sfeer.jpg","datePublished":"2022-02-19T12:15:58+00:00","dateModified":"2026-04-25T11:32:50+00:00","breadcrumb":{"@id":"https:\/\/www.schramas.com\/da\/butik\/prunus-avium-karina-kirsebaertrae-gisela-5-grundstamme-5-liters-potte\/#breadcrumb"},"inLanguage":"de","potentialAction":[{"@type":"ReadAction","target":["https:\/\/www.schramas.com\/da\/butik\/prunus-avium-karina-kirsebaertrae-gisela-5-grundstamme-5-liters-potte\/"]}]},{"@type":"ImageObject","inLanguage":"de","@id":"https:\/\/www.schramas.com\/da\/butik\/prunus-avium-karina-kirsebaertrae-gisela-5-grundstamme-5-liters-potte\/#primaryimage","url":"https:\/\/www.schramas.com\/wp-content\/uploads\/2022\/02\/Karina-sfeer.jpg","contentUrl":"https:\/\/www.schramas.com\/wp-content\/uploads\/2022\/02\/Karina-sfeer.jpg","width":1200,"height":1200},{"@type":"BreadcrumbList","@id":"https:\/\/www.schramas.com\/da\/butik\/prunus-avium-karina-kirsebaertrae-gisela-5-grundstamme-5-liters-potte\/#breadcrumb","itemListElement":[{"@type":"ListItem","position":1,"name":"Product","item":"https:\/\/www.schramas.com\/assortiment\/"},{"@type":"ListItem","position":2,"name":"Bomen &amp; Struiken","item":"https:\/\/www.schramas.com\/product-category\/bomen-struiken\/"},{"@type":"ListItem","position":3,"name":"Fruitbomen","item":"https:\/\/www.schramas.com\/product-category\/bomen-struiken\/fruitbomen\/"},{"@type":"ListItem","position":4,"name":"Kersen","item":"https:\/\/www.schramas.com\/product-category\/bomen-struiken\/fruitbomen\/kersen\/"},{"@type":"ListItem","position":5,"name":"Prunus avium &#8216;Karina&#8217; kersenboom, Gisela 5 onderstam, 5 liter pot"}]},{"@type":"WebSite","@id":"https:\/\/www.schramas.com\/#website","url":"https:\/\/www.schramas.com\/","name":"Schramas.com | Gartenpflanzen einfach online bestellen | Direkt aus unserer G\u00e4rtnerei","description":"","alternateName":"Schramas.com - Alle planten direct van de kweker","potentialAction":[{"@type":"SearchAction","target":{"@type":"EntryPoint","urlTemplate":"https:\/\/www.schramas.com\/?s={search_term_string}"},"query-input":{"@type":"PropertyValueSpecification","valueRequired":true,"valueName":"search_term_string"}}],"inLanguage":"de"}]}},"_links":{"self":[{"href":"https:\/\/www.schramas.com\/de\/wp-json\/wp\/v2\/product\/18133","targetHints":{"allow":["GET"]}}],"collection":[{"href":"https:\/\/www.schramas.com\/de\/wp-json\/wp\/v2\/product"}],"about":[{"href":"https:\/\/www.schramas.com\/de\/wp-json\/wp\/v2\/types\/product"}],"version-history":[{"count":0,"href":"https:\/\/www.schramas.com\/de\/wp-json\/wp\/v2\/product\/18133\/revisions"}],"wp:featuredmedia":[{"embeddable":true,"href":"https:\/\/www.schramas.com\/de\/wp-json\/wp\/v2\/media\/20261"}],"wp:attachment":[{"href":"https:\/\/www.schramas.com\/de\/wp-json\/wp\/v2\/media?parent=18133"}],"wp:term":[{"taxonomy":"product_brand","embeddable":true,"href":"https:\/\/www.schramas.com\/de\/wp-json\/wp\/v2\/product_brand?post=18133"},{"taxonomy":"product_cat","embeddable":true,"href":"https:\/\/www.schramas.com\/de\/wp-json\/wp\/v2\/product_cat?post=18133"},{"taxonomy":"product_tag","embeddable":true,"href":"https:\/\/www.schramas.com\/de\/wp-json\/wp\/v2\/product_tag?post=18133"}],"curies":[{"name":"wp","href":"https:\/\/api.w.org\/{rel}","templated":true}]}}