{"id":18135,"date":"2022-02-19T13:30:35","date_gmt":"2022-02-19T12:30:35","guid":{"rendered":"https:\/\/www.schramas.com\/?post_type=product&#038;p=18135"},"modified":"2026-03-26T16:34:42","modified_gmt":"2026-03-26T15:34:42","slug":"prunus-avium-kordia-kirschbaum-gisela-5-wurzelstock-wurzelstock","status":"publish","type":"product","link":"https:\/\/www.schramas.com\/de\/shop\/prunus-avium-kordia-kirschbaum-gisela-5-wurzelstock-wurzelstock\/","title":{"rendered":"Prunus avium &#039;Kordia&#039; Kirschbaum, Gisela 5 Wurzelstock, Wurzelstock"},"content":{"rendered":"<p>Die Kirsche Kordia wird auch Attika oder Fleischkirsche genannt. Die Kordia bringt gro\u00dfe dunkle S\u00fc\u00dfkirschen hervor. Je nach Schnitt wird die Kordia etwa 2,5 bis 3 Meter hoch. Wie die meisten Kirschen braucht auch die Kordia einen Fremdbest\u00e4uber in der N\u00e4he, um Fr\u00fcchte zu tragen. Dieser Kirschbaum wird auf einer Gisela 5\u00ae-Unterlage gezogen. In voller Erde kann der Kirschbaum auf dieser Unterlage bis zu 3,5 m hoch werden. Au\u00dferdem kann der Baum dank der Unterlage bereits im zweiten Jahr Fr\u00fcchte tragen.<\/p>","protected":false},"excerpt":{"rendered":"<p>Prunus avium 'Kordia'<\/p>\n<p>Unterlage: Gisela 5<\/p>\n<p>Geschmack: s\u00fc\u00df<\/p>\n<p>Fruchtfarbe: rot<\/p>\n<p>Maximale H\u00f6he: 3 - 5 Meter, je nach Schnitt und Art der Unterlage.<\/p>\n<p>Geeignet f\u00fcr offenen Boden<\/p>\n<p>Selbstbest\u00e4ubend, f\u00fcr mehr Fr\u00fcchte Fremdbest\u00e4ubung mit ihr.<\/p>\n<p>Lieferh\u00f6he: +\/- 90 cm<\/p>\n<p>ACHTUNG! Dabei handelt es sich um Wurzelmaterial, die Pflanzzeit reicht von Oktober bis Anfang Mai<\/p>","protected":false},"featured_media":47335,"template":"","meta":{"_joinchat":[]},"product_brand":[],"product_cat":[262,233,22],"product_tag":[352,575,699,312,351,328],"class_list":{"0":"post-18135","1":"product","2":"type-product","3":"status-publish","4":"has-post-thumbnail","6":"product_cat-bomen-struiken","7":"product_cat-fruitbomen","8":"product_cat-kersen","9":"product_tag-geent","10":"product_tag-kers","11":"product_tag-kordia","12":"product_tag-steenvrucht","13":"product_tag-winterhard","14":"product_tag-zoet","15":"pa_bloeimaanden-april","16":"pa_bloeimaanden-mei","17":"pa_ewd_uwcf_colors-rood-2","18":"pa_groeihoogte-300-cm","19":"pa_pot-naaktwortelig","21":"first","22":"outofstock","23":"taxable","24":"shipping-taxable","25":"purchasable","26":"product-type-simple"},"yoast_head":"<!-- This site is optimized with the Yoast SEO plugin v24.2 - https:\/\/yoast.com\/wordpress\/plugins\/seo\/ -->\n<title>Prunus avium &#039;Kordia&#039; kersenboom, Gisela 5 onderstam, wortelgoed kopen | Planten eenvoudig online bestellen | Schramas.com<\/title>\n<meta name=\"robots\" content=\"index, follow, max-snippet:-1, max-image-preview:large, max-video-preview:-1\" \/>\n<link rel=\"canonical\" href=\"https:\/\/www.schramas.com\/de\/shop\/prunus-avium-kordia-kirschbaum-gisela-5-wurzelstock-wurzelstock\/\" \/>\n<meta property=\"og:locale\" content=\"de_DE\" \/>\n<meta property=\"og:type\" content=\"article\" \/>\n<meta property=\"og:title\" content=\"Prunus avium &#039;Kordia&#039; kersenboom, Gisela 5 onderstam, wortelgoed kopen | Planten eenvoudig online bestellen | Schramas.com\" \/>\n<meta property=\"og:description\" content=\"Prunus avium &#039;Kordia&#039;  Onderstam: Gisela 5\u00ae  Smaak: zoet  Kleur vrucht: rood  Hoogte max : 3- 5 meter afhankelijk van snoei en type onderstam.  Geschikt voor volle grond  Zelf bestuivend , voor meer fruit kruisbestuiver erbij.  Leverhoogte: +\/- 90 cm  Let op! Dit is wortelgoed , de tijd om te planten loopt van Oktober tot begin Mei\" \/>\n<meta property=\"og:url\" content=\"https:\/\/www.schramas.com\/de\/shop\/prunus-avium-kordia-kirschbaum-gisela-5-wurzelstock-wurzelstock\/\" \/>\n<meta property=\"og:site_name\" content=\"Planten eenvoudig online bestellen | Schramas.com\" \/>\n<meta property=\"article:publisher\" content=\"https:\/\/www.facebook.com\/Schramascom-106872874153195\/\" \/>\n<meta property=\"article:modified_time\" content=\"2026-03-26T15:34:42+00:00\" \/>\n<meta property=\"og:image\" content=\"https:\/\/www.schramas.com\/wp-content\/uploads\/2022\/02\/kordia.webp\" \/>\n\t<meta property=\"og:image:width\" content=\"500\" \/>\n\t<meta property=\"og:image:height\" content=\"500\" \/>\n\t<meta property=\"og:image:type\" content=\"image\/webp\" \/>\n<meta name=\"twitter:card\" content=\"summary_large_image\" \/>\n<script type=\"application\/ld+json\" class=\"yoast-schema-graph\">{\"@context\":\"https:\/\/schema.org\",\"@graph\":[{\"@type\":[\"WebPage\",\"ItemPage\"],\"@id\":\"https:\/\/www.schramas.com\/de\/shop\/prunus-avium-kordia-kirschbaum-gisela-5-wurzelstock-wurzelstock\/\",\"url\":\"https:\/\/www.schramas.com\/de\/shop\/prunus-avium-kordia-kirschbaum-gisela-5-wurzelstock-wurzelstock\/\",\"name\":\"Prunus avium 'Kordia' kersenboom, Gisela 5 onderstam, wortelgoed kopen | Planten eenvoudig online bestellen | Schramas.com\",\"isPartOf\":{\"@id\":\"https:\/\/www.schramas.com\/#website\"},\"primaryImageOfPage\":{\"@id\":\"https:\/\/www.schramas.com\/de\/shop\/prunus-avium-kordia-kirschbaum-gisela-5-wurzelstock-wurzelstock\/#primaryimage\"},\"image\":{\"@id\":\"https:\/\/www.schramas.com\/de\/shop\/prunus-avium-kordia-kirschbaum-gisela-5-wurzelstock-wurzelstock\/#primaryimage\"},\"thumbnailUrl\":\"https:\/\/www.schramas.com\/wp-content\/uploads\/2022\/02\/kordia.webp\",\"datePublished\":\"2022-02-19T12:30:35+00:00\",\"dateModified\":\"2026-03-26T15:34:42+00:00\",\"breadcrumb\":{\"@id\":\"https:\/\/www.schramas.com\/de\/shop\/prunus-avium-kordia-kirschbaum-gisela-5-wurzelstock-wurzelstock\/#breadcrumb\"},\"inLanguage\":\"de\",\"potentialAction\":[{\"@type\":\"ReadAction\",\"target\":[\"https:\/\/www.schramas.com\/de\/shop\/prunus-avium-kordia-kirschbaum-gisela-5-wurzelstock-wurzelstock\/\"]}]},{\"@type\":\"ImageObject\",\"inLanguage\":\"de\",\"@id\":\"https:\/\/www.schramas.com\/de\/shop\/prunus-avium-kordia-kirschbaum-gisela-5-wurzelstock-wurzelstock\/#primaryimage\",\"url\":\"https:\/\/www.schramas.com\/wp-content\/uploads\/2022\/02\/kordia.webp\",\"contentUrl\":\"https:\/\/www.schramas.com\/wp-content\/uploads\/2022\/02\/kordia.webp\",\"width\":500,\"height\":500},{\"@type\":\"BreadcrumbList\",\"@id\":\"https:\/\/www.schramas.com\/de\/shop\/prunus-avium-kordia-kirschbaum-gisela-5-wurzelstock-wurzelstock\/#breadcrumb\",\"itemListElement\":[{\"@type\":\"ListItem\",\"position\":1,\"name\":\"Product\",\"item\":\"https:\/\/www.schramas.com\/assortiment\/\"},{\"@type\":\"ListItem\",\"position\":2,\"name\":\"Bomen &amp; Struiken\",\"item\":\"https:\/\/www.schramas.com\/product-category\/bomen-struiken\/\"},{\"@type\":\"ListItem\",\"position\":3,\"name\":\"Fruitbomen\",\"item\":\"https:\/\/www.schramas.com\/product-category\/bomen-struiken\/fruitbomen\/\"},{\"@type\":\"ListItem\",\"position\":4,\"name\":\"Kersen\",\"item\":\"https:\/\/www.schramas.com\/product-category\/bomen-struiken\/fruitbomen\/kersen\/\"},{\"@type\":\"ListItem\",\"position\":5,\"name\":\"Prunus avium &#8216;Kordia&#8217; kersenboom, Gisela 5 onderstam, wortelgoed\"}]},{\"@type\":\"WebSite\",\"@id\":\"https:\/\/www.schramas.com\/#website\",\"url\":\"https:\/\/www.schramas.com\/\",\"name\":\"Schramas.com | Tuinplanten eenvoudig online bestellen | Direct van onze Kwekerij\",\"description\":\"\",\"alternateName\":\"Schramas.com - Alle planten direct van de kweker\",\"potentialAction\":[{\"@type\":\"SearchAction\",\"target\":{\"@type\":\"EntryPoint\",\"urlTemplate\":\"https:\/\/www.schramas.com\/?s={search_term_string}\"},\"query-input\":{\"@type\":\"PropertyValueSpecification\",\"valueRequired\":true,\"valueName\":\"search_term_string\"}}],\"inLanguage\":\"de\"}]}<\/script>\n<!-- \/ Yoast SEO plugin. -->","yoast_head_json":{"title":"Prunus avium &#039;Kordia&#039; Kirschbaum, Gisela 5 Wurzelstock, Wurzelstock kaufen | Pflanzen einfach online bestellen | Schramas.com","robots":{"index":"index","follow":"follow","max-snippet":"max-snippet:-1","max-image-preview":"max-image-preview:large","max-video-preview":"max-video-preview:-1"},"canonical":"https:\/\/www.schramas.com\/de\/shop\/prunus-avium-kordia-kirschbaum-gisela-5-wurzelstock-wurzelstock\/","og_locale":"de_DE","og_type":"article","og_title":"Prunus avium 'Kordia' kersenboom, Gisela 5 onderstam, wortelgoed kopen | Planten eenvoudig online bestellen | Schramas.com","og_description":"Prunus avium 'Kordia'  Onderstam: Gisela 5\u00ae  Smaak: zoet  Kleur vrucht: rood  Hoogte max : 3- 5 meter afhankelijk van snoei en type onderstam.  Geschikt voor volle grond  Zelf bestuivend , voor meer fruit kruisbestuiver erbij.  Leverhoogte: +\/- 90 cm  Let op! Dit is wortelgoed , de tijd om te planten loopt van Oktober tot begin Mei","og_url":"https:\/\/www.schramas.com\/de\/shop\/prunus-avium-kordia-kirschbaum-gisela-5-wurzelstock-wurzelstock\/","og_site_name":"Planten eenvoudig online bestellen | Schramas.com","article_publisher":"https:\/\/www.facebook.com\/Schramascom-106872874153195\/","article_modified_time":"2026-03-26T15:34:42+00:00","og_image":[{"width":500,"height":500,"url":"https:\/\/www.schramas.com\/wp-content\/uploads\/2022\/02\/kordia.webp","type":"image\/webp"}],"twitter_card":"summary_large_image","schema":{"@context":"https:\/\/schema.org","@graph":[{"@type":["WebPage","ItemPage"],"@id":"https:\/\/www.schramas.com\/de\/shop\/prunus-avium-kordia-kirschbaum-gisela-5-wurzelstock-wurzelstock\/","url":"https:\/\/www.schramas.com\/de\/shop\/prunus-avium-kordia-kirschbaum-gisela-5-wurzelstock-wurzelstock\/","name":"Prunus avium &#039;Kordia&#039; Kirschbaum, Gisela 5 Wurzelstock, Wurzelstock kaufen | Pflanzen einfach online bestellen | Schramas.com","isPartOf":{"@id":"https:\/\/www.schramas.com\/#website"},"primaryImageOfPage":{"@id":"https:\/\/www.schramas.com\/de\/shop\/prunus-avium-kordia-kirschbaum-gisela-5-wurzelstock-wurzelstock\/#primaryimage"},"image":{"@id":"https:\/\/www.schramas.com\/de\/shop\/prunus-avium-kordia-kirschbaum-gisela-5-wurzelstock-wurzelstock\/#primaryimage"},"thumbnailUrl":"https:\/\/www.schramas.com\/wp-content\/uploads\/2022\/02\/kordia.webp","datePublished":"2022-02-19T12:30:35+00:00","dateModified":"2026-03-26T15:34:42+00:00","breadcrumb":{"@id":"https:\/\/www.schramas.com\/de\/shop\/prunus-avium-kordia-kirschbaum-gisela-5-wurzelstock-wurzelstock\/#breadcrumb"},"inLanguage":"de","potentialAction":[{"@type":"ReadAction","target":["https:\/\/www.schramas.com\/de\/shop\/prunus-avium-kordia-kirschbaum-gisela-5-wurzelstock-wurzelstock\/"]}]},{"@type":"ImageObject","inLanguage":"de","@id":"https:\/\/www.schramas.com\/de\/shop\/prunus-avium-kordia-kirschbaum-gisela-5-wurzelstock-wurzelstock\/#primaryimage","url":"https:\/\/www.schramas.com\/wp-content\/uploads\/2022\/02\/kordia.webp","contentUrl":"https:\/\/www.schramas.com\/wp-content\/uploads\/2022\/02\/kordia.webp","width":500,"height":500},{"@type":"BreadcrumbList","@id":"https:\/\/www.schramas.com\/de\/shop\/prunus-avium-kordia-kirschbaum-gisela-5-wurzelstock-wurzelstock\/#breadcrumb","itemListElement":[{"@type":"ListItem","position":1,"name":"Product","item":"https:\/\/www.schramas.com\/assortiment\/"},{"@type":"ListItem","position":2,"name":"Bomen &amp; Struiken","item":"https:\/\/www.schramas.com\/product-category\/bomen-struiken\/"},{"@type":"ListItem","position":3,"name":"Fruitbomen","item":"https:\/\/www.schramas.com\/product-category\/bomen-struiken\/fruitbomen\/"},{"@type":"ListItem","position":4,"name":"Kersen","item":"https:\/\/www.schramas.com\/product-category\/bomen-struiken\/fruitbomen\/kersen\/"},{"@type":"ListItem","position":5,"name":"Prunus avium &#8216;Kordia&#8217; kersenboom, Gisela 5 onderstam, wortelgoed"}]},{"@type":"WebSite","@id":"https:\/\/www.schramas.com\/#website","url":"https:\/\/www.schramas.com\/","name":"Schramas.com | Gartenpflanzen einfach online bestellen | Direkt aus unserer G\u00e4rtnerei","description":"","alternateName":"Schramas.com - Alle planten direct van de kweker","potentialAction":[{"@type":"SearchAction","target":{"@type":"EntryPoint","urlTemplate":"https:\/\/www.schramas.com\/?s={search_term_string}"},"query-input":{"@type":"PropertyValueSpecification","valueRequired":true,"valueName":"search_term_string"}}],"inLanguage":"de"}]}},"_links":{"self":[{"href":"https:\/\/www.schramas.com\/de\/wp-json\/wp\/v2\/product\/18135","targetHints":{"allow":["GET"]}}],"collection":[{"href":"https:\/\/www.schramas.com\/de\/wp-json\/wp\/v2\/product"}],"about":[{"href":"https:\/\/www.schramas.com\/de\/wp-json\/wp\/v2\/types\/product"}],"version-history":[{"count":1,"href":"https:\/\/www.schramas.com\/de\/wp-json\/wp\/v2\/product\/18135\/revisions"}],"predecessor-version":[{"id":47336,"href":"https:\/\/www.schramas.com\/de\/wp-json\/wp\/v2\/product\/18135\/revisions\/47336"}],"wp:featuredmedia":[{"embeddable":true,"href":"https:\/\/www.schramas.com\/de\/wp-json\/wp\/v2\/media\/47335"}],"wp:attachment":[{"href":"https:\/\/www.schramas.com\/de\/wp-json\/wp\/v2\/media?parent=18135"}],"wp:term":[{"taxonomy":"product_brand","embeddable":true,"href":"https:\/\/www.schramas.com\/de\/wp-json\/wp\/v2\/product_brand?post=18135"},{"taxonomy":"product_cat","embeddable":true,"href":"https:\/\/www.schramas.com\/de\/wp-json\/wp\/v2\/product_cat?post=18135"},{"taxonomy":"product_tag","embeddable":true,"href":"https:\/\/www.schramas.com\/de\/wp-json\/wp\/v2\/product_tag?post=18135"}],"curies":[{"name":"wp","href":"https:\/\/api.w.org\/{rel}","templated":true}]}}