{"id":18202,"date":"2022-02-23T13:50:37","date_gmt":"2022-02-23T12:50:37","guid":{"rendered":"https:\/\/www.schramas.com\/?post_type=product&#038;p=18202"},"modified":"2026-03-26T16:34:48","modified_gmt":"2026-03-26T15:34:48","slug":"persimone-sharon-frucht-lotus-diospirus-tipo","status":"publish","type":"product","link":"https:\/\/www.schramas.com\/de\/shop\/persimone-sharon-frucht-lotus-diospirus-tipo\/","title":{"rendered":"Diospyros kaki 'Tipo' - Sharonfrucht - 5 Liter Topf - 100cm"},"content":{"rendered":"<p>Diospyros kaki, japanische Kaki,<\/p>\n<p>Das Fruchtfleisch ist wunderbar s\u00fc\u00df mit Aprikosennoten ohne bitteren Nachgeschmack. Die Fr\u00fcchte sind gro\u00df, rund und haben eine Orangenschale. Diese wundersch\u00f6nen Fr\u00fcchte reifen, wenn alle Bl\u00e4tter vom Baum gefallen sind. Die Fr\u00fcchte sind im Herbst reif, selbst Nachtfrost \u00fcber den Fr\u00fcchten beschleunigt den Reifeprozess. Je reifer, desto s\u00fc\u00dfer. In der Regel k\u00f6nnen sie von November bis Dezember gepfl\u00fcckt werden<\/p>\n<p>Diese Tipo-Variante zeichnet sich durch durchschnittliche Wuchskraft, gerades Wachstum und gute Produktion aus.<\/p>\n<p>Teilweise winterharter exotischer Obstbaum, die jungen Triebe erfrieren nach starkem Frost manchmal, der Baum selbst vertr\u00e4gt den Winter aber gut.<\/p>\n<p>Lieferh\u00f6he: ca. 100 cm hoch<\/p>","protected":false},"excerpt":{"rendered":"<p>Khaki (Sharon-Frucht), Lotus Diospirus Tipo<\/p>\n<p>Geschmack: s\u00fc\u00df<\/p>\n<p>Fruchtfarbe: Orange<\/p>\n<p>H\u00f6he max: 3,5 - 4 Meter<\/p>\n<p>Hardy<\/p>\n<p>Lieferh\u00f6he inkl. Topf: +\/_100 cm<\/p>\n<p>Topfgr\u00f6\u00dfe: 5 Liter<\/p>","protected":false},"featured_media":20215,"template":"","meta":{"_joinchat":[]},"product_brand":[],"product_cat":[262,233,931,2391,3193,294],"product_tag":[670,352,671,672,351,316],"class_list":{"0":"post-18202","1":"product","2":"type-product","3":"status-publish","4":"has-post-thumbnail","6":"product_cat-bomen-struiken","7":"product_cat-fruitbomen","8":"product_cat-kaki","9":"product_cat-mediterrane-en-exotische-fruitplanten","10":"product_cat-sierbomen","11":"product_cat-specials","12":"product_tag-diospyros","13":"product_tag-geent","14":"product_tag-kaki","15":"product_tag-sharon","16":"product_tag-winterhard","17":"product_tag-zelfbestuivend","18":"pa_bloeimaanden-mei","19":"pa_ewd_uwcf_colors-oranje","20":"pa_groeihoogte-300-cm","21":"pa_pot-zonder-pot","23":"first","24":"outofstock","25":"taxable","26":"shipping-taxable","27":"purchasable","28":"product-type-simple"},"yoast_head":"<!-- This site is optimized with the Yoast SEO plugin v24.2 - https:\/\/yoast.com\/wordpress\/plugins\/seo\/ -->\n<title>Diospyros kaki &#039;Tipo&#039; - sharonfruit - 5 liter pot - 100cm kopen | Planten eenvoudig online bestellen | Schramas.com<\/title>\n<meta name=\"robots\" content=\"index, follow, max-snippet:-1, max-image-preview:large, max-video-preview:-1\" \/>\n<link rel=\"canonical\" href=\"https:\/\/www.schramas.com\/de\/shop\/persimone-sharon-frucht-lotus-diospirus-tipo\/\" \/>\n<meta property=\"og:locale\" content=\"de_DE\" \/>\n<meta property=\"og:type\" content=\"article\" \/>\n<meta property=\"og:title\" content=\"Diospyros kaki &#039;Tipo&#039; - sharonfruit - 5 liter pot - 100cm kopen | Planten eenvoudig online bestellen | Schramas.com\" \/>\n<meta property=\"og:description\" content=\"Kaki (Sharon Fruit), Lotus diospirus Tipo  Smaak: zoet  Kleur vrucht: Oranje  Hoogte max: 3,5 - 4 meter  Winterhard  Leverhoogte incl. pot: +\/_100 cm  Potmaat: 5 liter\" \/>\n<meta property=\"og:url\" content=\"https:\/\/www.schramas.com\/de\/shop\/persimone-sharon-frucht-lotus-diospirus-tipo\/\" \/>\n<meta property=\"og:site_name\" content=\"Planten eenvoudig online bestellen | Schramas.com\" \/>\n<meta property=\"article:publisher\" content=\"https:\/\/www.facebook.com\/Schramascom-106872874153195\/\" \/>\n<meta property=\"article:modified_time\" content=\"2026-03-26T15:34:48+00:00\" \/>\n<meta property=\"og:image\" content=\"http:\/\/www.schramas.com\/wp-content\/uploads\/2022\/02\/Kaki-tipo-sfeer.jpg\" \/>\n\t<meta property=\"og:image:width\" content=\"1200\" \/>\n\t<meta property=\"og:image:height\" content=\"1200\" \/>\n\t<meta property=\"og:image:type\" content=\"image\/jpeg\" \/>\n<meta name=\"twitter:card\" content=\"summary_large_image\" \/>\n<meta name=\"twitter:label1\" content=\"Gesch\u00e4tzte Lesezeit\" \/>\n\t<meta name=\"twitter:data1\" content=\"1\u00a0Minute\" \/>\n<script type=\"application\/ld+json\" class=\"yoast-schema-graph\">{\"@context\":\"https:\/\/schema.org\",\"@graph\":[{\"@type\":[\"WebPage\",\"ItemPage\"],\"@id\":\"https:\/\/www.schramas.com\/winkel\/kaki-sharon-fruit-lotus-diospirus-tipo\/\",\"url\":\"https:\/\/www.schramas.com\/winkel\/kaki-sharon-fruit-lotus-diospirus-tipo\/\",\"name\":\"Diospyros kaki 'Tipo' - sharonfruit - 5 liter pot - 100cm kopen | Planten eenvoudig online bestellen | Schramas.com\",\"isPartOf\":{\"@id\":\"https:\/\/www.schramas.com\/#website\"},\"primaryImageOfPage\":{\"@id\":\"https:\/\/www.schramas.com\/winkel\/kaki-sharon-fruit-lotus-diospirus-tipo\/#primaryimage\"},\"image\":{\"@id\":\"https:\/\/www.schramas.com\/winkel\/kaki-sharon-fruit-lotus-diospirus-tipo\/#primaryimage\"},\"thumbnailUrl\":\"https:\/\/www.schramas.com\/wp-content\/uploads\/2022\/02\/Kaki-tipo-sfeer.jpg\",\"datePublished\":\"2022-02-23T12:50:37+00:00\",\"dateModified\":\"2026-03-26T15:34:48+00:00\",\"breadcrumb\":{\"@id\":\"https:\/\/www.schramas.com\/winkel\/kaki-sharon-fruit-lotus-diospirus-tipo\/#breadcrumb\"},\"inLanguage\":\"de\",\"potentialAction\":[{\"@type\":\"ReadAction\",\"target\":[\"https:\/\/www.schramas.com\/winkel\/kaki-sharon-fruit-lotus-diospirus-tipo\/\"]}]},{\"@type\":\"ImageObject\",\"inLanguage\":\"de\",\"@id\":\"https:\/\/www.schramas.com\/winkel\/kaki-sharon-fruit-lotus-diospirus-tipo\/#primaryimage\",\"url\":\"https:\/\/www.schramas.com\/wp-content\/uploads\/2022\/02\/Kaki-tipo-sfeer.jpg\",\"contentUrl\":\"https:\/\/www.schramas.com\/wp-content\/uploads\/2022\/02\/Kaki-tipo-sfeer.jpg\",\"width\":1200,\"height\":1200},{\"@type\":\"BreadcrumbList\",\"@id\":\"https:\/\/www.schramas.com\/winkel\/kaki-sharon-fruit-lotus-diospirus-tipo\/#breadcrumb\",\"itemListElement\":[{\"@type\":\"ListItem\",\"position\":1,\"name\":\"Product\",\"item\":\"https:\/\/www.schramas.com\/assortiment\/\"},{\"@type\":\"ListItem\",\"position\":2,\"name\":\"Bomen &amp; Struiken\",\"item\":\"https:\/\/www.schramas.com\/product-category\/bomen-struiken\/\"},{\"@type\":\"ListItem\",\"position\":3,\"name\":\"Fruitbomen\",\"item\":\"https:\/\/www.schramas.com\/product-category\/bomen-struiken\/fruitbomen\/\"},{\"@type\":\"ListItem\",\"position\":4,\"name\":\"Kaki\",\"item\":\"https:\/\/www.schramas.com\/product-category\/bomen-struiken\/fruitbomen\/kaki\/\"},{\"@type\":\"ListItem\",\"position\":5,\"name\":\"Diospyros kaki &#8216;Tipo&#8217; &#8211; sharonfruit &#8211; 5 liter pot &#8211; 100cm\"}]},{\"@type\":\"WebSite\",\"@id\":\"https:\/\/www.schramas.com\/#website\",\"url\":\"https:\/\/www.schramas.com\/\",\"name\":\"Schramas.com | Tuinplanten eenvoudig online bestellen | Direct van onze Kwekerij\",\"description\":\"\",\"alternateName\":\"Schramas.com - Alle planten direct van de kweker\",\"potentialAction\":[{\"@type\":\"SearchAction\",\"target\":{\"@type\":\"EntryPoint\",\"urlTemplate\":\"https:\/\/www.schramas.com\/?s={search_term_string}\"},\"query-input\":{\"@type\":\"PropertyValueSpecification\",\"valueRequired\":true,\"valueName\":\"search_term_string\"}}],\"inLanguage\":\"de\"}]}<\/script>\n<!-- \/ Yoast SEO plugin. -->","yoast_head_json":{"title":"Kaufen Sie Diospyros kaki &#039;Tipo&#039; - Sharonfrucht - 5 Liter Topf - 100cm | Pflanzen einfach online bestellen | Schramas.com","robots":{"index":"index","follow":"follow","max-snippet":"max-snippet:-1","max-image-preview":"max-image-preview:large","max-video-preview":"max-video-preview:-1"},"canonical":"https:\/\/www.schramas.com\/de\/shop\/persimone-sharon-frucht-lotus-diospirus-tipo\/","og_locale":"de_DE","og_type":"article","og_title":"Diospyros kaki 'Tipo' - sharonfruit - 5 liter pot - 100cm kopen | Planten eenvoudig online bestellen | Schramas.com","og_description":"Kaki (Sharon Fruit), Lotus diospirus Tipo  Smaak: zoet  Kleur vrucht: Oranje  Hoogte max: 3,5 - 4 meter  Winterhard  Leverhoogte incl. pot: +\/_100 cm  Potmaat: 5 liter","og_url":"https:\/\/www.schramas.com\/de\/shop\/persimone-sharon-frucht-lotus-diospirus-tipo\/","og_site_name":"Planten eenvoudig online bestellen | Schramas.com","article_publisher":"https:\/\/www.facebook.com\/Schramascom-106872874153195\/","article_modified_time":"2026-03-26T15:34:48+00:00","og_image":[{"width":1200,"height":1200,"url":"http:\/\/www.schramas.com\/wp-content\/uploads\/2022\/02\/Kaki-tipo-sfeer.jpg","type":"image\/jpeg"}],"twitter_card":"summary_large_image","twitter_misc":{"Gesch\u00e4tzte Lesezeit":"1\u00a0Minute"},"schema":{"@context":"https:\/\/schema.org","@graph":[{"@type":["WebPage","ItemPage"],"@id":"https:\/\/www.schramas.com\/winkel\/kaki-sharon-fruit-lotus-diospirus-tipo\/","url":"https:\/\/www.schramas.com\/winkel\/kaki-sharon-fruit-lotus-diospirus-tipo\/","name":"Kaufen Sie Diospyros kaki &#039;Tipo&#039; - Sharonfrucht - 5 Liter Topf - 100cm | Pflanzen einfach online bestellen | Schramas.com","isPartOf":{"@id":"https:\/\/www.schramas.com\/#website"},"primaryImageOfPage":{"@id":"https:\/\/www.schramas.com\/winkel\/kaki-sharon-fruit-lotus-diospirus-tipo\/#primaryimage"},"image":{"@id":"https:\/\/www.schramas.com\/winkel\/kaki-sharon-fruit-lotus-diospirus-tipo\/#primaryimage"},"thumbnailUrl":"https:\/\/www.schramas.com\/wp-content\/uploads\/2022\/02\/Kaki-tipo-sfeer.jpg","datePublished":"2022-02-23T12:50:37+00:00","dateModified":"2026-03-26T15:34:48+00:00","breadcrumb":{"@id":"https:\/\/www.schramas.com\/winkel\/kaki-sharon-fruit-lotus-diospirus-tipo\/#breadcrumb"},"inLanguage":"de","potentialAction":[{"@type":"ReadAction","target":["https:\/\/www.schramas.com\/winkel\/kaki-sharon-fruit-lotus-diospirus-tipo\/"]}]},{"@type":"ImageObject","inLanguage":"de","@id":"https:\/\/www.schramas.com\/winkel\/kaki-sharon-fruit-lotus-diospirus-tipo\/#primaryimage","url":"https:\/\/www.schramas.com\/wp-content\/uploads\/2022\/02\/Kaki-tipo-sfeer.jpg","contentUrl":"https:\/\/www.schramas.com\/wp-content\/uploads\/2022\/02\/Kaki-tipo-sfeer.jpg","width":1200,"height":1200},{"@type":"BreadcrumbList","@id":"https:\/\/www.schramas.com\/winkel\/kaki-sharon-fruit-lotus-diospirus-tipo\/#breadcrumb","itemListElement":[{"@type":"ListItem","position":1,"name":"Product","item":"https:\/\/www.schramas.com\/assortiment\/"},{"@type":"ListItem","position":2,"name":"Bomen &amp; Struiken","item":"https:\/\/www.schramas.com\/product-category\/bomen-struiken\/"},{"@type":"ListItem","position":3,"name":"Fruitbomen","item":"https:\/\/www.schramas.com\/product-category\/bomen-struiken\/fruitbomen\/"},{"@type":"ListItem","position":4,"name":"Kaki","item":"https:\/\/www.schramas.com\/product-category\/bomen-struiken\/fruitbomen\/kaki\/"},{"@type":"ListItem","position":5,"name":"Diospyros kaki &#8216;Tipo&#8217; &#8211; sharonfruit &#8211; 5 liter pot &#8211; 100cm"}]},{"@type":"WebSite","@id":"https:\/\/www.schramas.com\/#website","url":"https:\/\/www.schramas.com\/","name":"Schramas.com | Gartenpflanzen einfach online bestellen | Direkt aus unserer G\u00e4rtnerei","description":"","alternateName":"Schramas.com - Alle planten direct van de kweker","potentialAction":[{"@type":"SearchAction","target":{"@type":"EntryPoint","urlTemplate":"https:\/\/www.schramas.com\/?s={search_term_string}"},"query-input":{"@type":"PropertyValueSpecification","valueRequired":true,"valueName":"search_term_string"}}],"inLanguage":"de"}]}},"_links":{"self":[{"href":"https:\/\/www.schramas.com\/de\/wp-json\/wp\/v2\/product\/18202","targetHints":{"allow":["GET"]}}],"collection":[{"href":"https:\/\/www.schramas.com\/de\/wp-json\/wp\/v2\/product"}],"about":[{"href":"https:\/\/www.schramas.com\/de\/wp-json\/wp\/v2\/types\/product"}],"version-history":[{"count":1,"href":"https:\/\/www.schramas.com\/de\/wp-json\/wp\/v2\/product\/18202\/revisions"}],"predecessor-version":[{"id":42014,"href":"https:\/\/www.schramas.com\/de\/wp-json\/wp\/v2\/product\/18202\/revisions\/42014"}],"wp:featuredmedia":[{"embeddable":true,"href":"https:\/\/www.schramas.com\/de\/wp-json\/wp\/v2\/media\/20215"}],"wp:attachment":[{"href":"https:\/\/www.schramas.com\/de\/wp-json\/wp\/v2\/media?parent=18202"}],"wp:term":[{"taxonomy":"product_brand","embeddable":true,"href":"https:\/\/www.schramas.com\/de\/wp-json\/wp\/v2\/product_brand?post=18202"},{"taxonomy":"product_cat","embeddable":true,"href":"https:\/\/www.schramas.com\/de\/wp-json\/wp\/v2\/product_cat?post=18202"},{"taxonomy":"product_tag","embeddable":true,"href":"https:\/\/www.schramas.com\/de\/wp-json\/wp\/v2\/product_tag?post=18202"}],"curies":[{"name":"wp","href":"https:\/\/api.w.org\/{rel}","templated":true}]}}