{"id":18239,"date":"2022-02-24T14:26:23","date_gmt":"2022-02-24T13:26:23","guid":{"rendered":"https:\/\/www.schramas.com\/?post_type=product&#038;p=18239"},"modified":"2026-04-29T21:35:30","modified_gmt":"2026-04-29T19:35:30","slug":"prunus-armeniaca-luizet-apricot-bewurzelt-von-april-in-5l-topf","status":"publish","type":"product","link":"https:\/\/www.schramas.com\/de\/shop\/prunus-armeniaca-luizet-apricot-bewurzelt-von-april-in-5l-topf\/","title":{"rendered":"Prunus armeniaca 'Luizet' Aprikose, 5 Liter Topf"},"content":{"rendered":"<p>Prunus Armeniaca 'Luizet' ist ein Aprikosenbaum mit gro\u00dfen, s\u00fc\u00dfen, sch\u00f6nen orange-gelben Fr\u00fcchten.<\/p>\n<p>Selbstbefruchtend und fruchtbar, Bl\u00fcten etwas l\u00e4nger als andere Aprikosen, mit blassrosa sternf\u00f6rmigen Bl\u00fcten.<\/p>\n<p>Wegen der fr\u00fchen Bl\u00fcte der Aprikosen ist es ratsam, die Bl\u00fcte vor Nachtfrost zu sch\u00fctzen und den Baum an einen gesch\u00fctzten und sonnigen Platz zu pflanzen.<\/p>\n<p>Diese Aprikose wird Ihnen von schramas.com mit einer Pflanzenh\u00f6he von 80-100cm pr\u00e4sentiert.<\/p>\n<p>Sie ist winterhart, vertr\u00e4gt Trockenheit und zieht Bienen und Schmetterlinge an.<\/p>","protected":false},"excerpt":{"rendered":"<p>Prunus Armeniaca 'Luizet', Aprikose<\/p>\n<p>Aprikose<\/p>\n<p>Geschmack: weiche, saftige Fr\u00fcchte mit feinem Aroma<\/p>\n<p>Fruchtzeit: August<\/p>\n<p>Fruchtfarbe: orange, rund-oval, leicht behaart<\/p>\n<p>H\u00f6he max: ca. 3 -5 m im Freiland je nach Schnitt und Unterlage<\/p>\n<p>Selbstbest\u00e4ubend<\/p>\n<p>Lieferh\u00f6he inkl. Topf: ca. 80-100 cm inkl. Topf<\/p>\n<p>Topfgr\u00f6\u00dfe: Lieferung als Wurzelstock und ab April im gro\u00dfen 5-Liter-Topf.<\/p>\n<p>Geeignet sowohl f\u00fcr die Terrasse als auch f\u00fcr den offenen Boden (an einem gesch\u00fctzten und sonnigen Ort)<\/p>","protected":false},"featured_media":20229,"template":"","meta":{"_joinchat":[]},"product_brand":[],"product_cat":[21,262,233,761],"product_tag":[309,327,719,312,351,316,328],"class_list":{"0":"post-18239","1":"product","2":"type-product","3":"status-publish","4":"has-post-thumbnail","6":"product_cat-abrikozen","7":"product_cat-bomen-struiken","8":"product_cat-fruitbomen","9":"product_cat-lente","10":"product_tag-abrikoos","11":"product_tag-goldrich","12":"product_tag-oranje-geel","13":"product_tag-steenvrucht","14":"product_tag-winterhard","15":"product_tag-zelfbestuivend","16":"product_tag-zoet","17":"pa_bloeimaanden-maart","18":"pa_ewd_uwcf_colors-oranje","19":"pa_groeihoogte-300-cm","20":"pa_pot-5-liter-pot","22":"first","23":"instock","24":"downloadable","25":"taxable","26":"shipping-taxable","27":"purchasable","28":"product-type-simple"},"yoast_head":"<!-- This site is optimized with the Yoast SEO plugin v24.2 - https:\/\/yoast.com\/wordpress\/plugins\/seo\/ -->\n<title>Prunus armeniaca &#039;Luizet&#039; abrikoos, 5 liter pot kopen | Planten eenvoudig online bestellen | Schramas.com<\/title>\n<meta name=\"robots\" content=\"index, follow, max-snippet:-1, max-image-preview:large, max-video-preview:-1\" \/>\n<link rel=\"canonical\" href=\"https:\/\/www.schramas.com\/de\/shop\/prunus-armeniaca-luizet-apricot-bewurzelt-von-april-in-5l-topf\/\" \/>\n<meta property=\"og:locale\" content=\"de_DE\" \/>\n<meta property=\"og:type\" content=\"article\" \/>\n<meta property=\"og:title\" content=\"Prunus armeniaca &#039;Luizet&#039; abrikoos, 5 liter pot kopen | Planten eenvoudig online bestellen | Schramas.com\" \/>\n<meta property=\"og:description\" content=\"Prunus Armeniaca &#039;Luizet&#039;, abrikoos  Abrikoos  Smaak: zachte sappige vruchten met een fijn aroma  Vruchtperiode: augustus  Kleur vrucht: oranje, rond ovaal, licht behaard  Hoogte max: ca. 3 -5 meter in volle grond afhankelijk van snoei en onderstam  Zelfbestuivend  Leverhoogte incl. pot: ca. 80-100 cm incl pot  Potmaat: geleverd als wortelgoed en vanaf april in forse 5 liter pot.  Geschikt voor zowel patio als volle grond (op beschutte en zonnige plek)\" \/>\n<meta property=\"og:url\" content=\"https:\/\/www.schramas.com\/de\/shop\/prunus-armeniaca-luizet-apricot-bewurzelt-von-april-in-5l-topf\/\" \/>\n<meta property=\"og:site_name\" content=\"Planten eenvoudig online bestellen | Schramas.com\" \/>\n<meta property=\"article:publisher\" content=\"https:\/\/www.facebook.com\/Schramascom-106872874153195\/\" \/>\n<meta property=\"article:modified_time\" content=\"2026-04-29T19:35:30+00:00\" \/>\n<meta property=\"og:image\" content=\"http:\/\/www.schramas.com\/wp-content\/uploads\/2022\/02\/prunus-armeniaca-luizet-sfeer.jpg\" \/>\n\t<meta property=\"og:image:width\" content=\"1200\" \/>\n\t<meta property=\"og:image:height\" content=\"1200\" \/>\n\t<meta property=\"og:image:type\" content=\"image\/jpeg\" \/>\n<meta name=\"twitter:card\" content=\"summary_large_image\" \/>\n<meta name=\"twitter:label1\" content=\"Gesch\u00e4tzte Lesezeit\" \/>\n\t<meta name=\"twitter:data1\" content=\"1\u00a0Minute\" \/>\n<script type=\"application\/ld+json\" class=\"yoast-schema-graph\">{\"@context\":\"https:\/\/schema.org\",\"@graph\":[{\"@type\":[\"WebPage\",\"ItemPage\"],\"@id\":\"https:\/\/www.schramas.com\/winkel\/prunus-armeniaca-luizet-abrikoos-wortelgoed-vanaf-april-in-5l-pot\/\",\"url\":\"https:\/\/www.schramas.com\/winkel\/prunus-armeniaca-luizet-abrikoos-wortelgoed-vanaf-april-in-5l-pot\/\",\"name\":\"Prunus armeniaca 'Luizet' abrikoos, 5 liter pot kopen | Planten eenvoudig online bestellen | Schramas.com\",\"isPartOf\":{\"@id\":\"https:\/\/www.schramas.com\/#website\"},\"primaryImageOfPage\":{\"@id\":\"https:\/\/www.schramas.com\/winkel\/prunus-armeniaca-luizet-abrikoos-wortelgoed-vanaf-april-in-5l-pot\/#primaryimage\"},\"image\":{\"@id\":\"https:\/\/www.schramas.com\/winkel\/prunus-armeniaca-luizet-abrikoos-wortelgoed-vanaf-april-in-5l-pot\/#primaryimage\"},\"thumbnailUrl\":\"https:\/\/www.schramas.com\/wp-content\/uploads\/2022\/02\/prunus-armeniaca-luizet-sfeer.jpg\",\"datePublished\":\"2022-02-24T13:26:23+00:00\",\"dateModified\":\"2026-04-29T19:35:30+00:00\",\"breadcrumb\":{\"@id\":\"https:\/\/www.schramas.com\/winkel\/prunus-armeniaca-luizet-abrikoos-wortelgoed-vanaf-april-in-5l-pot\/#breadcrumb\"},\"inLanguage\":\"de\",\"potentialAction\":[{\"@type\":\"ReadAction\",\"target\":[\"https:\/\/www.schramas.com\/winkel\/prunus-armeniaca-luizet-abrikoos-wortelgoed-vanaf-april-in-5l-pot\/\"]}]},{\"@type\":\"ImageObject\",\"inLanguage\":\"de\",\"@id\":\"https:\/\/www.schramas.com\/winkel\/prunus-armeniaca-luizet-abrikoos-wortelgoed-vanaf-april-in-5l-pot\/#primaryimage\",\"url\":\"https:\/\/www.schramas.com\/wp-content\/uploads\/2022\/02\/prunus-armeniaca-luizet-sfeer.jpg\",\"contentUrl\":\"https:\/\/www.schramas.com\/wp-content\/uploads\/2022\/02\/prunus-armeniaca-luizet-sfeer.jpg\",\"width\":1200,\"height\":1200},{\"@type\":\"BreadcrumbList\",\"@id\":\"https:\/\/www.schramas.com\/winkel\/prunus-armeniaca-luizet-abrikoos-wortelgoed-vanaf-april-in-5l-pot\/#breadcrumb\",\"itemListElement\":[{\"@type\":\"ListItem\",\"position\":1,\"name\":\"Product\",\"item\":\"https:\/\/www.schramas.com\/assortiment\/\"},{\"@type\":\"ListItem\",\"position\":2,\"name\":\"Bomen &amp; Struiken\",\"item\":\"https:\/\/www.schramas.com\/product-category\/bomen-struiken\/\"},{\"@type\":\"ListItem\",\"position\":3,\"name\":\"Fruitbomen\",\"item\":\"https:\/\/www.schramas.com\/product-category\/bomen-struiken\/fruitbomen\/\"},{\"@type\":\"ListItem\",\"position\":4,\"name\":\"Prunus armeniaca &#8216;Luizet&#8217; abrikoos, 5 liter pot\"}]},{\"@type\":\"WebSite\",\"@id\":\"https:\/\/www.schramas.com\/#website\",\"url\":\"https:\/\/www.schramas.com\/\",\"name\":\"Schramas.com | Tuinplanten eenvoudig online bestellen | Direct van onze Kwekerij\",\"description\":\"\",\"alternateName\":\"Schramas.com - Alle planten direct van de kweker\",\"potentialAction\":[{\"@type\":\"SearchAction\",\"target\":{\"@type\":\"EntryPoint\",\"urlTemplate\":\"https:\/\/www.schramas.com\/?s={search_term_string}\"},\"query-input\":{\"@type\":\"PropertyValueSpecification\",\"valueRequired\":true,\"valueName\":\"search_term_string\"}}],\"inLanguage\":\"de\"}]}<\/script>\n<!-- \/ Yoast SEO plugin. -->","yoast_head_json":{"title":"Prunus armeniaca 'Luizet' Aprikose, 5 Liter Topf | Pflanzen leicht online kaufen | Schramas.de","robots":{"index":"index","follow":"follow","max-snippet":"max-snippet:-1","max-image-preview":"max-image-preview:large","max-video-preview":"max-video-preview:-1"},"canonical":"https:\/\/www.schramas.com\/de\/shop\/prunus-armeniaca-luizet-apricot-bewurzelt-von-april-in-5l-topf\/","og_locale":"de_DE","og_type":"article","og_title":"Prunus armeniaca 'Luizet' abrikoos, 5 liter pot kopen | Planten eenvoudig online bestellen | Schramas.com","og_description":"Prunus Armeniaca 'Luizet', abrikoos  Abrikoos  Smaak: zachte sappige vruchten met een fijn aroma  Vruchtperiode: augustus  Kleur vrucht: oranje, rond ovaal, licht behaard  Hoogte max: ca. 3 -5 meter in volle grond afhankelijk van snoei en onderstam  Zelfbestuivend  Leverhoogte incl. pot: ca. 80-100 cm incl pot  Potmaat: geleverd als wortelgoed en vanaf april in forse 5 liter pot.  Geschikt voor zowel patio als volle grond (op beschutte en zonnige plek)","og_url":"https:\/\/www.schramas.com\/de\/shop\/prunus-armeniaca-luizet-apricot-bewurzelt-von-april-in-5l-topf\/","og_site_name":"Planten eenvoudig online bestellen | Schramas.com","article_publisher":"https:\/\/www.facebook.com\/Schramascom-106872874153195\/","article_modified_time":"2026-04-29T19:35:30+00:00","og_image":[{"width":1200,"height":1200,"url":"http:\/\/www.schramas.com\/wp-content\/uploads\/2022\/02\/prunus-armeniaca-luizet-sfeer.jpg","type":"image\/jpeg"}],"twitter_card":"summary_large_image","twitter_misc":{"Gesch\u00e4tzte Lesezeit":"1\u00a0Minute"},"schema":{"@context":"https:\/\/schema.org","@graph":[{"@type":["WebPage","ItemPage"],"@id":"https:\/\/www.schramas.com\/winkel\/prunus-armeniaca-luizet-abrikoos-wortelgoed-vanaf-april-in-5l-pot\/","url":"https:\/\/www.schramas.com\/winkel\/prunus-armeniaca-luizet-abrikoos-wortelgoed-vanaf-april-in-5l-pot\/","name":"Prunus armeniaca 'Luizet' Aprikose, 5 Liter Topf | Pflanzen leicht online kaufen | Schramas.de","isPartOf":{"@id":"https:\/\/www.schramas.com\/#website"},"primaryImageOfPage":{"@id":"https:\/\/www.schramas.com\/winkel\/prunus-armeniaca-luizet-abrikoos-wortelgoed-vanaf-april-in-5l-pot\/#primaryimage"},"image":{"@id":"https:\/\/www.schramas.com\/winkel\/prunus-armeniaca-luizet-abrikoos-wortelgoed-vanaf-april-in-5l-pot\/#primaryimage"},"thumbnailUrl":"https:\/\/www.schramas.com\/wp-content\/uploads\/2022\/02\/prunus-armeniaca-luizet-sfeer.jpg","datePublished":"2022-02-24T13:26:23+00:00","dateModified":"2026-04-29T19:35:30+00:00","breadcrumb":{"@id":"https:\/\/www.schramas.com\/winkel\/prunus-armeniaca-luizet-abrikoos-wortelgoed-vanaf-april-in-5l-pot\/#breadcrumb"},"inLanguage":"de","potentialAction":[{"@type":"ReadAction","target":["https:\/\/www.schramas.com\/winkel\/prunus-armeniaca-luizet-abrikoos-wortelgoed-vanaf-april-in-5l-pot\/"]}]},{"@type":"ImageObject","inLanguage":"de","@id":"https:\/\/www.schramas.com\/winkel\/prunus-armeniaca-luizet-abrikoos-wortelgoed-vanaf-april-in-5l-pot\/#primaryimage","url":"https:\/\/www.schramas.com\/wp-content\/uploads\/2022\/02\/prunus-armeniaca-luizet-sfeer.jpg","contentUrl":"https:\/\/www.schramas.com\/wp-content\/uploads\/2022\/02\/prunus-armeniaca-luizet-sfeer.jpg","width":1200,"height":1200},{"@type":"BreadcrumbList","@id":"https:\/\/www.schramas.com\/winkel\/prunus-armeniaca-luizet-abrikoos-wortelgoed-vanaf-april-in-5l-pot\/#breadcrumb","itemListElement":[{"@type":"ListItem","position":1,"name":"Product","item":"https:\/\/www.schramas.com\/assortiment\/"},{"@type":"ListItem","position":2,"name":"Bomen &amp; Struiken","item":"https:\/\/www.schramas.com\/product-category\/bomen-struiken\/"},{"@type":"ListItem","position":3,"name":"Fruitbomen","item":"https:\/\/www.schramas.com\/product-category\/bomen-struiken\/fruitbomen\/"},{"@type":"ListItem","position":4,"name":"Prunus armeniaca &#8216;Luizet&#8217; abrikoos, 5 liter pot"}]},{"@type":"WebSite","@id":"https:\/\/www.schramas.com\/#website","url":"https:\/\/www.schramas.com\/","name":"Schramas.com | Gartenpflanzen einfach online bestellen | Direkt aus unserer G\u00e4rtnerei","description":"","alternateName":"Schramas.com - Alle planten direct van de kweker","potentialAction":[{"@type":"SearchAction","target":{"@type":"EntryPoint","urlTemplate":"https:\/\/www.schramas.com\/?s={search_term_string}"},"query-input":{"@type":"PropertyValueSpecification","valueRequired":true,"valueName":"search_term_string"}}],"inLanguage":"de"}]}},"_links":{"self":[{"href":"https:\/\/www.schramas.com\/de\/wp-json\/wp\/v2\/product\/18239","targetHints":{"allow":["GET"]}}],"collection":[{"href":"https:\/\/www.schramas.com\/de\/wp-json\/wp\/v2\/product"}],"about":[{"href":"https:\/\/www.schramas.com\/de\/wp-json\/wp\/v2\/types\/product"}],"version-history":[{"count":1,"href":"https:\/\/www.schramas.com\/de\/wp-json\/wp\/v2\/product\/18239\/revisions"}],"predecessor-version":[{"id":52819,"href":"https:\/\/www.schramas.com\/de\/wp-json\/wp\/v2\/product\/18239\/revisions\/52819"}],"wp:featuredmedia":[{"embeddable":true,"href":"https:\/\/www.schramas.com\/de\/wp-json\/wp\/v2\/media\/20229"}],"wp:attachment":[{"href":"https:\/\/www.schramas.com\/de\/wp-json\/wp\/v2\/media?parent=18239"}],"wp:term":[{"taxonomy":"product_brand","embeddable":true,"href":"https:\/\/www.schramas.com\/de\/wp-json\/wp\/v2\/product_brand?post=18239"},{"taxonomy":"product_cat","embeddable":true,"href":"https:\/\/www.schramas.com\/de\/wp-json\/wp\/v2\/product_cat?post=18239"},{"taxonomy":"product_tag","embeddable":true,"href":"https:\/\/www.schramas.com\/de\/wp-json\/wp\/v2\/product_tag?post=18239"}],"curies":[{"name":"wp","href":"https:\/\/api.w.org\/{rel}","templated":true}]}}