{"id":19869,"date":"2022-07-14T14:51:54","date_gmt":"2022-07-14T12:51:54","guid":{"rendered":"https:\/\/www.schramas.com\/?post_type=product&#038;p=19869"},"modified":"2026-03-26T16:35:02","modified_gmt":"2026-03-26T15:35:02","slug":"physocarpus-opulifolius-darts-gold-spirea-2-liter-topf","status":"publish","type":"product","link":"https:\/\/www.schramas.com\/de\/shop\/physocarpus-opulifolius-darts-gold-spirea-2-liter-topf\/","title":{"rendered":"Physocarpus opulifolius 'Dart's Gold' M\u00e4des\u00fc\u00df, 2 Liter Topf"},"content":{"rendered":"<p>Der Physocarpus opulifolius &#039;Dart&#039;s Gold&#039; ist eine winterharte, sommergr\u00fcne Spirea. Mit seinen leuchtend gelbgr\u00fcnen Bl\u00e4ttern ist dieser Strauch eine auff\u00e4llige Pflanze in jedem Garten. Und wird in der Zeit von Mai bis Juni mit B\u00fcscheln kleiner wei\u00dfer Bl\u00fcten bl\u00fchen, die Bienen und Schmetterlinge anlocken. Nach dieser Bl\u00fcte verwandelt sich diese in rotbraune Fr\u00fcchte, die der Dekoration zugute kommen.<\/p>\n<p>&nbsp;<\/p>","protected":false},"excerpt":{"rendered":"<p>Physocarpus opulifolius &#039;Dart&#039;s Gold&#039; Bladdersweet<\/p>\n<p>Sowohl f\u00fcr die Terrasse als auch f\u00fcr den offenen Boden geeignet.<\/p>\n<p>Bl\u00fctenstand: wei\u00dfe Bl\u00fcten<\/p>\n<p>Bl\u00fctezeit: Juni, Juli<\/p>\n<p>Frucht: rote Fr\u00fcchte<\/p>\n<p>Lieferh\u00f6he inkl. Topf: 30+ cm<\/p>\n<p>Max. H\u00f6he: ca. 250 cm<\/p>","protected":false},"featured_media":19998,"template":"","meta":{"_joinchat":[]},"product_brand":[],"product_cat":[302,300,229,305],"product_tag":[519,911,913,912,587,484,914,520],"class_list":{"0":"post-19869","1":"product","2":"type-product","3":"status-publish","4":"has-post-thumbnail","6":"product_cat-bladverliezende-heesters","7":"product_cat-heesters","8":"product_cat-sierheesters","9":"product_cat-planten-heesters","10":"product_tag-bijen","11":"product_tag-blaasspirea","12":"product_tag-goud","13":"product_tag-heldergeel","14":"product_tag-rood","15":"product_tag-struik","16":"product_tag-vlinder","17":"product_tag-wit","18":"pa_bloeimaanden-juni","19":"pa_bloeimaanden-juli","20":"pa_ewd_uwcf_colors-geel","21":"pa_ewd_uwcf_colors-groen-2","22":"pa_ewd_uwcf_colors-mixed","23":"pa_ewd_uwcf_colors-rood-2","24":"pa_ewd_uwcf_colors-wit","25":"pa_groeihoogte-150-200-cm","26":"pa_pot-zonder-pot","28":"first","29":"outofstock","30":"taxable","31":"shipping-taxable","32":"purchasable","33":"product-type-simple"},"yoast_head":"<!-- This site is optimized with the Yoast SEO plugin v24.2 - https:\/\/yoast.com\/wordpress\/plugins\/seo\/ -->\n<title>Physocarpus opulifolius &#039;Dart&#039;s Gold&#039; Blaasspirea, 2 liter pot kopen | Planten eenvoudig online bestellen | Schramas.com<\/title>\n<meta name=\"robots\" content=\"index, follow, max-snippet:-1, max-image-preview:large, max-video-preview:-1\" \/>\n<link rel=\"canonical\" href=\"https:\/\/www.schramas.com\/de\/shop\/physocarpus-opulifolius-darts-gold-spirea-2-liter-topf\/\" \/>\n<meta property=\"og:locale\" content=\"de_DE\" \/>\n<meta property=\"og:type\" content=\"article\" \/>\n<meta property=\"og:title\" content=\"Physocarpus opulifolius &#039;Dart&#039;s Gold&#039; Blaasspirea, 2 liter pot kopen | Planten eenvoudig online bestellen | Schramas.com\" \/>\n<meta property=\"og:description\" content=\"Physocarpus opulifolius &#039;Dart&#039;s Gold&#039; Blaasspirea  Geschikt voor zowel patio als volle grond.  Bloeiwijze: witte bloemen  Bloeitijd: juni, juli  vrucht: rode vruchtjes  Leverhoogte incl. pot: 30+ cm  Max. hoogte: circa 250 cm\" \/>\n<meta property=\"og:url\" content=\"https:\/\/www.schramas.com\/de\/shop\/physocarpus-opulifolius-darts-gold-spirea-2-liter-topf\/\" \/>\n<meta property=\"og:site_name\" content=\"Planten eenvoudig online bestellen | Schramas.com\" \/>\n<meta property=\"article:publisher\" content=\"https:\/\/www.facebook.com\/Schramascom-106872874153195\/\" \/>\n<meta property=\"article:modified_time\" content=\"2026-03-26T15:35:02+00:00\" \/>\n<meta property=\"og:image\" content=\"http:\/\/www.schramas.com\/wp-content\/uploads\/2022\/07\/Darts-gold-sfeer.jpg\" \/>\n\t<meta property=\"og:image:width\" content=\"1200\" \/>\n\t<meta property=\"og:image:height\" content=\"1200\" \/>\n\t<meta property=\"og:image:type\" content=\"image\/jpeg\" \/>\n<meta name=\"twitter:card\" content=\"summary_large_image\" \/>\n<meta name=\"twitter:label1\" content=\"Gesch\u00e4tzte Lesezeit\" \/>\n\t<meta name=\"twitter:data1\" content=\"1\u00a0Minute\" \/>\n<script type=\"application\/ld+json\" class=\"yoast-schema-graph\">{\"@context\":\"https:\/\/schema.org\",\"@graph\":[{\"@type\":[\"WebPage\",\"ItemPage\"],\"@id\":\"https:\/\/www.schramas.com\/winkel\/physocarpus-opulifolius-darts-gold-blaasspirea-2-liter-pot\/\",\"url\":\"https:\/\/www.schramas.com\/winkel\/physocarpus-opulifolius-darts-gold-blaasspirea-2-liter-pot\/\",\"name\":\"Physocarpus opulifolius 'Dart's Gold' Blaasspirea, 2 liter pot kopen | Planten eenvoudig online bestellen | Schramas.com\",\"isPartOf\":{\"@id\":\"https:\/\/www.schramas.com\/#website\"},\"primaryImageOfPage\":{\"@id\":\"https:\/\/www.schramas.com\/winkel\/physocarpus-opulifolius-darts-gold-blaasspirea-2-liter-pot\/#primaryimage\"},\"image\":{\"@id\":\"https:\/\/www.schramas.com\/winkel\/physocarpus-opulifolius-darts-gold-blaasspirea-2-liter-pot\/#primaryimage\"},\"thumbnailUrl\":\"https:\/\/www.schramas.com\/wp-content\/uploads\/2022\/07\/Darts-gold-sfeer.jpg\",\"datePublished\":\"2022-07-14T12:51:54+00:00\",\"dateModified\":\"2026-03-26T15:35:02+00:00\",\"breadcrumb\":{\"@id\":\"https:\/\/www.schramas.com\/winkel\/physocarpus-opulifolius-darts-gold-blaasspirea-2-liter-pot\/#breadcrumb\"},\"inLanguage\":\"de\",\"potentialAction\":[{\"@type\":\"ReadAction\",\"target\":[\"https:\/\/www.schramas.com\/winkel\/physocarpus-opulifolius-darts-gold-blaasspirea-2-liter-pot\/\"]}]},{\"@type\":\"ImageObject\",\"inLanguage\":\"de\",\"@id\":\"https:\/\/www.schramas.com\/winkel\/physocarpus-opulifolius-darts-gold-blaasspirea-2-liter-pot\/#primaryimage\",\"url\":\"https:\/\/www.schramas.com\/wp-content\/uploads\/2022\/07\/Darts-gold-sfeer.jpg\",\"contentUrl\":\"https:\/\/www.schramas.com\/wp-content\/uploads\/2022\/07\/Darts-gold-sfeer.jpg\",\"width\":1200,\"height\":1200},{\"@type\":\"BreadcrumbList\",\"@id\":\"https:\/\/www.schramas.com\/winkel\/physocarpus-opulifolius-darts-gold-blaasspirea-2-liter-pot\/#breadcrumb\",\"itemListElement\":[{\"@type\":\"ListItem\",\"position\":1,\"name\":\"Product\",\"item\":\"https:\/\/www.schramas.com\/assortiment\/\"},{\"@type\":\"ListItem\",\"position\":2,\"name\":\"Tuinplanten\",\"item\":\"https:\/\/www.schramas.com\/product-category\/planten-heesters\/\"},{\"@type\":\"ListItem\",\"position\":3,\"name\":\"Heesters\",\"item\":\"https:\/\/www.schramas.com\/product-category\/planten-heesters\/heesters\/\"},{\"@type\":\"ListItem\",\"position\":4,\"name\":\"Bladverliezende heesters\",\"item\":\"https:\/\/www.schramas.com\/product-category\/planten-heesters\/heesters\/bladverliezende-heesters\/\"},{\"@type\":\"ListItem\",\"position\":5,\"name\":\"Physocarpus opulifolius &#8216;Dart&#8217;s Gold&#8217; Blaasspirea, 2 liter pot\"}]},{\"@type\":\"WebSite\",\"@id\":\"https:\/\/www.schramas.com\/#website\",\"url\":\"https:\/\/www.schramas.com\/\",\"name\":\"Schramas.com | Tuinplanten eenvoudig online bestellen | Direct van onze Kwekerij\",\"description\":\"\",\"alternateName\":\"Schramas.com - Alle planten direct van de kweker\",\"potentialAction\":[{\"@type\":\"SearchAction\",\"target\":{\"@type\":\"EntryPoint\",\"urlTemplate\":\"https:\/\/www.schramas.com\/?s={search_term_string}\"},\"query-input\":{\"@type\":\"PropertyValueSpecification\",\"valueRequired\":true,\"valueName\":\"search_term_string\"}}],\"inLanguage\":\"de\"}]}<\/script>\n<!-- \/ Yoast SEO plugin. -->","yoast_head_json":{"title":"Kaufen Sie Physocarpus opulifolius &#039;Dart&#039;s Gold&#039; Bladdersweet, 2 Liter Topf | Pflanzen einfach online bestellen | Schramas.com","robots":{"index":"index","follow":"follow","max-snippet":"max-snippet:-1","max-image-preview":"max-image-preview:large","max-video-preview":"max-video-preview:-1"},"canonical":"https:\/\/www.schramas.com\/de\/shop\/physocarpus-opulifolius-darts-gold-spirea-2-liter-topf\/","og_locale":"de_DE","og_type":"article","og_title":"Physocarpus opulifolius 'Dart's Gold' Blaasspirea, 2 liter pot kopen | Planten eenvoudig online bestellen | Schramas.com","og_description":"Physocarpus opulifolius 'Dart's Gold' Blaasspirea  Geschikt voor zowel patio als volle grond.  Bloeiwijze: witte bloemen  Bloeitijd: juni, juli  vrucht: rode vruchtjes  Leverhoogte incl. pot: 30+ cm  Max. hoogte: circa 250 cm","og_url":"https:\/\/www.schramas.com\/de\/shop\/physocarpus-opulifolius-darts-gold-spirea-2-liter-topf\/","og_site_name":"Planten eenvoudig online bestellen | Schramas.com","article_publisher":"https:\/\/www.facebook.com\/Schramascom-106872874153195\/","article_modified_time":"2026-03-26T15:35:02+00:00","og_image":[{"width":1200,"height":1200,"url":"http:\/\/www.schramas.com\/wp-content\/uploads\/2022\/07\/Darts-gold-sfeer.jpg","type":"image\/jpeg"}],"twitter_card":"summary_large_image","twitter_misc":{"Gesch\u00e4tzte Lesezeit":"1\u00a0Minute"},"schema":{"@context":"https:\/\/schema.org","@graph":[{"@type":["WebPage","ItemPage"],"@id":"https:\/\/www.schramas.com\/winkel\/physocarpus-opulifolius-darts-gold-blaasspirea-2-liter-pot\/","url":"https:\/\/www.schramas.com\/winkel\/physocarpus-opulifolius-darts-gold-blaasspirea-2-liter-pot\/","name":"Kaufen Sie Physocarpus opulifolius &#039;Dart&#039;s Gold&#039; Bladdersweet, 2 Liter Topf | Pflanzen einfach online bestellen | Schramas.com","isPartOf":{"@id":"https:\/\/www.schramas.com\/#website"},"primaryImageOfPage":{"@id":"https:\/\/www.schramas.com\/winkel\/physocarpus-opulifolius-darts-gold-blaasspirea-2-liter-pot\/#primaryimage"},"image":{"@id":"https:\/\/www.schramas.com\/winkel\/physocarpus-opulifolius-darts-gold-blaasspirea-2-liter-pot\/#primaryimage"},"thumbnailUrl":"https:\/\/www.schramas.com\/wp-content\/uploads\/2022\/07\/Darts-gold-sfeer.jpg","datePublished":"2022-07-14T12:51:54+00:00","dateModified":"2026-03-26T15:35:02+00:00","breadcrumb":{"@id":"https:\/\/www.schramas.com\/winkel\/physocarpus-opulifolius-darts-gold-blaasspirea-2-liter-pot\/#breadcrumb"},"inLanguage":"de","potentialAction":[{"@type":"ReadAction","target":["https:\/\/www.schramas.com\/winkel\/physocarpus-opulifolius-darts-gold-blaasspirea-2-liter-pot\/"]}]},{"@type":"ImageObject","inLanguage":"de","@id":"https:\/\/www.schramas.com\/winkel\/physocarpus-opulifolius-darts-gold-blaasspirea-2-liter-pot\/#primaryimage","url":"https:\/\/www.schramas.com\/wp-content\/uploads\/2022\/07\/Darts-gold-sfeer.jpg","contentUrl":"https:\/\/www.schramas.com\/wp-content\/uploads\/2022\/07\/Darts-gold-sfeer.jpg","width":1200,"height":1200},{"@type":"BreadcrumbList","@id":"https:\/\/www.schramas.com\/winkel\/physocarpus-opulifolius-darts-gold-blaasspirea-2-liter-pot\/#breadcrumb","itemListElement":[{"@type":"ListItem","position":1,"name":"Product","item":"https:\/\/www.schramas.com\/assortiment\/"},{"@type":"ListItem","position":2,"name":"Tuinplanten","item":"https:\/\/www.schramas.com\/product-category\/planten-heesters\/"},{"@type":"ListItem","position":3,"name":"Heesters","item":"https:\/\/www.schramas.com\/product-category\/planten-heesters\/heesters\/"},{"@type":"ListItem","position":4,"name":"Bladverliezende heesters","item":"https:\/\/www.schramas.com\/product-category\/planten-heesters\/heesters\/bladverliezende-heesters\/"},{"@type":"ListItem","position":5,"name":"Physocarpus opulifolius &#8216;Dart&#8217;s Gold&#8217; Blaasspirea, 2 liter pot"}]},{"@type":"WebSite","@id":"https:\/\/www.schramas.com\/#website","url":"https:\/\/www.schramas.com\/","name":"Schramas.com | Gartenpflanzen einfach online bestellen | Direkt aus unserer G\u00e4rtnerei","description":"","alternateName":"Schramas.com - Alle planten direct van de kweker","potentialAction":[{"@type":"SearchAction","target":{"@type":"EntryPoint","urlTemplate":"https:\/\/www.schramas.com\/?s={search_term_string}"},"query-input":{"@type":"PropertyValueSpecification","valueRequired":true,"valueName":"search_term_string"}}],"inLanguage":"de"}]}},"_links":{"self":[{"href":"https:\/\/www.schramas.com\/de\/wp-json\/wp\/v2\/product\/19869","targetHints":{"allow":["GET"]}}],"collection":[{"href":"https:\/\/www.schramas.com\/de\/wp-json\/wp\/v2\/product"}],"about":[{"href":"https:\/\/www.schramas.com\/de\/wp-json\/wp\/v2\/types\/product"}],"version-history":[{"count":1,"href":"https:\/\/www.schramas.com\/de\/wp-json\/wp\/v2\/product\/19869\/revisions"}],"predecessor-version":[{"id":59762,"href":"https:\/\/www.schramas.com\/de\/wp-json\/wp\/v2\/product\/19869\/revisions\/59762"}],"wp:featuredmedia":[{"embeddable":true,"href":"https:\/\/www.schramas.com\/de\/wp-json\/wp\/v2\/media\/19998"}],"wp:attachment":[{"href":"https:\/\/www.schramas.com\/de\/wp-json\/wp\/v2\/media?parent=19869"}],"wp:term":[{"taxonomy":"product_brand","embeddable":true,"href":"https:\/\/www.schramas.com\/de\/wp-json\/wp\/v2\/product_brand?post=19869"},{"taxonomy":"product_cat","embeddable":true,"href":"https:\/\/www.schramas.com\/de\/wp-json\/wp\/v2\/product_cat?post=19869"},{"taxonomy":"product_tag","embeddable":true,"href":"https:\/\/www.schramas.com\/de\/wp-json\/wp\/v2\/product_tag?post=19869"}],"curies":[{"name":"wp","href":"https:\/\/api.w.org\/{rel}","templated":true}]}}