{"id":20660,"date":"2022-09-27T14:14:41","date_gmt":"2022-09-27T12:14:41","guid":{"rendered":"https:\/\/www.schramas.com\/?post_type=product&#038;p=20660"},"modified":"2026-05-10T21:57:41","modified_gmt":"2026-05-10T19:57:41","slug":"prunus-persica-donut-wilder-pfirsichbaum-5-liter-topf","status":"publish","type":"product","link":"https:\/\/www.schramas.com\/de\/shop\/prunus-persica-donut-wilder-pfirsichbaum-5-liter-topf\/","title":{"rendered":"Prunus persica 'Donut' Wildpfirsichbaum, 5-Liter-Topf"},"content":{"rendered":"<p>Der bekannte Flach- oder Wildpfirsich, der auch noch saftig und s\u00fc\u00df ist! Auch in Europa w\u00e4chst dieser Pfirsichbaum hervorragend, wir empfehlen einen warmen, gesch\u00fctzten Standort und Schutz vor Frost im ersten Jahr. Der flache Wildpfirsich bietet viel Geschmack und l\u00e4sst sich beim Essen gut in der Hand halten. Allein die Bl\u00fcte macht diesen Pfirsichbaum zu einem wundersch\u00f6nen Gartenobjekt! Der Pfirsich bl\u00fcht sehr fr\u00fch im Jahr (Februar M\u00e4rz), daher ist es wichtig, die Bl\u00fcte vor Frost zu sch\u00fctzen. Pfirsiche sind selbstbest\u00e4ubend und k\u00f6nnen daher Einzelg\u00e4nger sein.<\/p>","protected":false},"excerpt":{"rendered":"<p>Prunus persica 'Donut'<\/p>\n<p>Donut flach oder wilder Pfirsich<\/p>\n<p>Geschmack: s\u00fc\u00df.<\/p>\n<p>Fruchtfarbe: gelbrot.<\/p>\n<p>Sowohl f\u00fcr die Terrasse als auch f\u00fcr den offenen Boden geeignet.<\/p>\n<p>selbstbest\u00e4ubend<\/p>\n<p>Im ersten Jahr vor Frost sch\u00fctzen.<\/p>\n<p>Lieferh\u00f6he inkl. Topf: +\/_70 cm<\/p>\n<p>Topfgr\u00f6\u00dfe: 5 Liter<\/p>","protected":false},"featured_media":20661,"template":"","meta":{"_joinchat":[]},"product_brand":[],"product_cat":[262,233,761,835,24],"product_tag":[700,352,701,702,351,316,328],"class_list":{"0":"post-20660","1":"product","2":"type-product","3":"status-publish","4":"has-post-thumbnail","6":"product_cat-bomen-struiken","7":"product_cat-fruitbomen","8":"product_cat-lente","9":"product_cat-hardlopers","10":"product_cat-perziken","11":"product_tag-donut","12":"product_tag-geent","13":"product_tag-platte-perzik","14":"product_tag-wilde-perzik","15":"product_tag-winterhard","16":"product_tag-zelfbestuivend","17":"product_tag-zoet","18":"pa_bloeimaanden-februari","19":"pa_bloeimaanden-maart","20":"pa_groeihoogte-300-cm","21":"pa_pot-met-pot","23":"first","24":"instock","25":"taxable","26":"shipping-taxable","27":"purchasable","28":"product-type-simple"},"yoast_head":"<!-- This site is optimized with the Yoast SEO plugin v24.2 - https:\/\/yoast.com\/wordpress\/plugins\/seo\/ -->\n<title>Prunus persica &#039;Donut&#039; wilde perzikboom, 5 liter pot kopen | Planten eenvoudig online bestellen | Schramas.com<\/title>\n<meta name=\"robots\" content=\"index, follow, max-snippet:-1, max-image-preview:large, max-video-preview:-1\" \/>\n<link rel=\"canonical\" href=\"https:\/\/www.schramas.com\/de\/shop\/prunus-persica-donut-wilder-pfirsichbaum-5-liter-topf\/\" \/>\n<meta property=\"og:locale\" content=\"de_DE\" \/>\n<meta property=\"og:type\" content=\"article\" \/>\n<meta property=\"og:title\" content=\"Prunus persica &#039;Donut&#039; wilde perzikboom, 5 liter pot kopen | Planten eenvoudig online bestellen | Schramas.com\" \/>\n<meta property=\"og:description\" content=\"Prunus persica &#039;Donut&#039;  Donut platte of wilde perzik  Smaak: zoet.  Kleur vrucht: geel rood.  Geschikt voor zowel patio als volle grond.  zelf bestuivend  Eerste jaar beschermen tegen de vorst.  Leverhoogte incl. pot: +\/_70 cm  Pot maat: 5 liter\" \/>\n<meta property=\"og:url\" content=\"https:\/\/www.schramas.com\/de\/shop\/prunus-persica-donut-wilder-pfirsichbaum-5-liter-topf\/\" \/>\n<meta property=\"og:site_name\" content=\"Planten eenvoudig online bestellen | Schramas.com\" \/>\n<meta property=\"article:publisher\" content=\"https:\/\/www.facebook.com\/Schramascom-106872874153195\/\" \/>\n<meta property=\"article:modified_time\" content=\"2026-05-10T19:57:41+00:00\" \/>\n<meta property=\"og:image\" content=\"http:\/\/www.schramas.com\/wp-content\/uploads\/2022\/09\/Donut-5L-mooi-sfeer.jpg\" \/>\n\t<meta property=\"og:image:width\" content=\"1200\" \/>\n\t<meta property=\"og:image:height\" content=\"1200\" \/>\n\t<meta property=\"og:image:type\" content=\"image\/jpeg\" \/>\n<meta name=\"twitter:card\" content=\"summary_large_image\" \/>\n<meta name=\"twitter:label1\" content=\"Gesch\u00e4tzte Lesezeit\" \/>\n\t<meta name=\"twitter:data1\" content=\"1\u00a0Minute\" \/>\n<script type=\"application\/ld+json\" class=\"yoast-schema-graph\">{\"@context\":\"https:\/\/schema.org\",\"@graph\":[{\"@type\":[\"WebPage\",\"ItemPage\"],\"@id\":\"https:\/\/www.schramas.com\/winkel\/prunus-persica-donut-wilde-perzikboom-5-liter-pot\/\",\"url\":\"https:\/\/www.schramas.com\/winkel\/prunus-persica-donut-wilde-perzikboom-5-liter-pot\/\",\"name\":\"Prunus persica 'Donut' wilde perzikboom, 5 liter pot kopen | Planten eenvoudig online bestellen | Schramas.com\",\"isPartOf\":{\"@id\":\"https:\/\/www.schramas.com\/#website\"},\"primaryImageOfPage\":{\"@id\":\"https:\/\/www.schramas.com\/winkel\/prunus-persica-donut-wilde-perzikboom-5-liter-pot\/#primaryimage\"},\"image\":{\"@id\":\"https:\/\/www.schramas.com\/winkel\/prunus-persica-donut-wilde-perzikboom-5-liter-pot\/#primaryimage\"},\"thumbnailUrl\":\"https:\/\/www.schramas.com\/wp-content\/uploads\/2022\/09\/Donut-5L-mooi-sfeer.jpg\",\"datePublished\":\"2022-09-27T12:14:41+00:00\",\"dateModified\":\"2026-05-10T19:57:41+00:00\",\"breadcrumb\":{\"@id\":\"https:\/\/www.schramas.com\/winkel\/prunus-persica-donut-wilde-perzikboom-5-liter-pot\/#breadcrumb\"},\"inLanguage\":\"de\",\"potentialAction\":[{\"@type\":\"ReadAction\",\"target\":[\"https:\/\/www.schramas.com\/winkel\/prunus-persica-donut-wilde-perzikboom-5-liter-pot\/\"]}]},{\"@type\":\"ImageObject\",\"inLanguage\":\"de\",\"@id\":\"https:\/\/www.schramas.com\/winkel\/prunus-persica-donut-wilde-perzikboom-5-liter-pot\/#primaryimage\",\"url\":\"https:\/\/www.schramas.com\/wp-content\/uploads\/2022\/09\/Donut-5L-mooi-sfeer.jpg\",\"contentUrl\":\"https:\/\/www.schramas.com\/wp-content\/uploads\/2022\/09\/Donut-5L-mooi-sfeer.jpg\",\"width\":1200,\"height\":1200},{\"@type\":\"BreadcrumbList\",\"@id\":\"https:\/\/www.schramas.com\/winkel\/prunus-persica-donut-wilde-perzikboom-5-liter-pot\/#breadcrumb\",\"itemListElement\":[{\"@type\":\"ListItem\",\"position\":1,\"name\":\"Product\",\"item\":\"https:\/\/www.schramas.com\/assortiment\/\"},{\"@type\":\"ListItem\",\"position\":2,\"name\":\"Bomen &amp; Struiken\",\"item\":\"https:\/\/www.schramas.com\/product-category\/bomen-struiken\/\"},{\"@type\":\"ListItem\",\"position\":3,\"name\":\"Fruitbomen\",\"item\":\"https:\/\/www.schramas.com\/product-category\/bomen-struiken\/fruitbomen\/\"},{\"@type\":\"ListItem\",\"position\":4,\"name\":\"Perziken\",\"item\":\"https:\/\/www.schramas.com\/product-category\/bomen-struiken\/fruitbomen\/perziken\/\"},{\"@type\":\"ListItem\",\"position\":5,\"name\":\"Prunus persica &#8216;Donut&#8217; wilde perzikboom, 5 liter pot\"}]},{\"@type\":\"WebSite\",\"@id\":\"https:\/\/www.schramas.com\/#website\",\"url\":\"https:\/\/www.schramas.com\/\",\"name\":\"Schramas.com | Tuinplanten eenvoudig online bestellen | Direct van onze Kwekerij\",\"description\":\"\",\"alternateName\":\"Schramas.com - Alle planten direct van de kweker\",\"potentialAction\":[{\"@type\":\"SearchAction\",\"target\":{\"@type\":\"EntryPoint\",\"urlTemplate\":\"https:\/\/www.schramas.com\/?s={search_term_string}\"},\"query-input\":{\"@type\":\"PropertyValueSpecification\",\"valueRequired\":true,\"valueName\":\"search_term_string\"}}],\"inLanguage\":\"de\"}]}<\/script>\n<!-- \/ Yoast SEO plugin. -->","yoast_head_json":{"title":"Kaufen Sie Prunus persica &#039;Donut&#039; Wildpfirsichbaum, 5 Liter Topf | Pflanzen einfach online bestellen | Schramas.com","robots":{"index":"index","follow":"follow","max-snippet":"max-snippet:-1","max-image-preview":"max-image-preview:large","max-video-preview":"max-video-preview:-1"},"canonical":"https:\/\/www.schramas.com\/de\/shop\/prunus-persica-donut-wilder-pfirsichbaum-5-liter-topf\/","og_locale":"de_DE","og_type":"article","og_title":"Prunus persica 'Donut' wilde perzikboom, 5 liter pot kopen | Planten eenvoudig online bestellen | Schramas.com","og_description":"Prunus persica 'Donut'  Donut platte of wilde perzik  Smaak: zoet.  Kleur vrucht: geel rood.  Geschikt voor zowel patio als volle grond.  zelf bestuivend  Eerste jaar beschermen tegen de vorst.  Leverhoogte incl. pot: +\/_70 cm  Pot maat: 5 liter","og_url":"https:\/\/www.schramas.com\/de\/shop\/prunus-persica-donut-wilder-pfirsichbaum-5-liter-topf\/","og_site_name":"Planten eenvoudig online bestellen | Schramas.com","article_publisher":"https:\/\/www.facebook.com\/Schramascom-106872874153195\/","article_modified_time":"2026-05-10T19:57:41+00:00","og_image":[{"width":1200,"height":1200,"url":"http:\/\/www.schramas.com\/wp-content\/uploads\/2022\/09\/Donut-5L-mooi-sfeer.jpg","type":"image\/jpeg"}],"twitter_card":"summary_large_image","twitter_misc":{"Gesch\u00e4tzte Lesezeit":"1\u00a0Minute"},"schema":{"@context":"https:\/\/schema.org","@graph":[{"@type":["WebPage","ItemPage"],"@id":"https:\/\/www.schramas.com\/winkel\/prunus-persica-donut-wilde-perzikboom-5-liter-pot\/","url":"https:\/\/www.schramas.com\/winkel\/prunus-persica-donut-wilde-perzikboom-5-liter-pot\/","name":"Kaufen Sie Prunus persica &#039;Donut&#039; Wildpfirsichbaum, 5 Liter Topf | Pflanzen einfach online bestellen | Schramas.com","isPartOf":{"@id":"https:\/\/www.schramas.com\/#website"},"primaryImageOfPage":{"@id":"https:\/\/www.schramas.com\/winkel\/prunus-persica-donut-wilde-perzikboom-5-liter-pot\/#primaryimage"},"image":{"@id":"https:\/\/www.schramas.com\/winkel\/prunus-persica-donut-wilde-perzikboom-5-liter-pot\/#primaryimage"},"thumbnailUrl":"https:\/\/www.schramas.com\/wp-content\/uploads\/2022\/09\/Donut-5L-mooi-sfeer.jpg","datePublished":"2022-09-27T12:14:41+00:00","dateModified":"2026-05-10T19:57:41+00:00","breadcrumb":{"@id":"https:\/\/www.schramas.com\/winkel\/prunus-persica-donut-wilde-perzikboom-5-liter-pot\/#breadcrumb"},"inLanguage":"de","potentialAction":[{"@type":"ReadAction","target":["https:\/\/www.schramas.com\/winkel\/prunus-persica-donut-wilde-perzikboom-5-liter-pot\/"]}]},{"@type":"ImageObject","inLanguage":"de","@id":"https:\/\/www.schramas.com\/winkel\/prunus-persica-donut-wilde-perzikboom-5-liter-pot\/#primaryimage","url":"https:\/\/www.schramas.com\/wp-content\/uploads\/2022\/09\/Donut-5L-mooi-sfeer.jpg","contentUrl":"https:\/\/www.schramas.com\/wp-content\/uploads\/2022\/09\/Donut-5L-mooi-sfeer.jpg","width":1200,"height":1200},{"@type":"BreadcrumbList","@id":"https:\/\/www.schramas.com\/winkel\/prunus-persica-donut-wilde-perzikboom-5-liter-pot\/#breadcrumb","itemListElement":[{"@type":"ListItem","position":1,"name":"Product","item":"https:\/\/www.schramas.com\/assortiment\/"},{"@type":"ListItem","position":2,"name":"Bomen &amp; Struiken","item":"https:\/\/www.schramas.com\/product-category\/bomen-struiken\/"},{"@type":"ListItem","position":3,"name":"Fruitbomen","item":"https:\/\/www.schramas.com\/product-category\/bomen-struiken\/fruitbomen\/"},{"@type":"ListItem","position":4,"name":"Perziken","item":"https:\/\/www.schramas.com\/product-category\/bomen-struiken\/fruitbomen\/perziken\/"},{"@type":"ListItem","position":5,"name":"Prunus persica &#8216;Donut&#8217; wilde perzikboom, 5 liter pot"}]},{"@type":"WebSite","@id":"https:\/\/www.schramas.com\/#website","url":"https:\/\/www.schramas.com\/","name":"Schramas.com | Gartenpflanzen einfach online bestellen | Direkt aus unserer G\u00e4rtnerei","description":"","alternateName":"Schramas.com - Alle planten direct van de kweker","potentialAction":[{"@type":"SearchAction","target":{"@type":"EntryPoint","urlTemplate":"https:\/\/www.schramas.com\/?s={search_term_string}"},"query-input":{"@type":"PropertyValueSpecification","valueRequired":true,"valueName":"search_term_string"}}],"inLanguage":"de"}]}},"_links":{"self":[{"href":"https:\/\/www.schramas.com\/de\/wp-json\/wp\/v2\/product\/20660","targetHints":{"allow":["GET"]}}],"collection":[{"href":"https:\/\/www.schramas.com\/de\/wp-json\/wp\/v2\/product"}],"about":[{"href":"https:\/\/www.schramas.com\/de\/wp-json\/wp\/v2\/types\/product"}],"version-history":[{"count":1,"href":"https:\/\/www.schramas.com\/de\/wp-json\/wp\/v2\/product\/20660\/revisions"}],"predecessor-version":[{"id":59123,"href":"https:\/\/www.schramas.com\/de\/wp-json\/wp\/v2\/product\/20660\/revisions\/59123"}],"wp:featuredmedia":[{"embeddable":true,"href":"https:\/\/www.schramas.com\/de\/wp-json\/wp\/v2\/media\/20661"}],"wp:attachment":[{"href":"https:\/\/www.schramas.com\/de\/wp-json\/wp\/v2\/media?parent=20660"}],"wp:term":[{"taxonomy":"product_brand","embeddable":true,"href":"https:\/\/www.schramas.com\/de\/wp-json\/wp\/v2\/product_brand?post=20660"},{"taxonomy":"product_cat","embeddable":true,"href":"https:\/\/www.schramas.com\/de\/wp-json\/wp\/v2\/product_cat?post=20660"},{"taxonomy":"product_tag","embeddable":true,"href":"https:\/\/www.schramas.com\/de\/wp-json\/wp\/v2\/product_tag?post=20660"}],"curies":[{"name":"wp","href":"https:\/\/api.w.org\/{rel}","templated":true}]}}