{"id":20895,"date":"2022-10-13T08:26:13","date_gmt":"2022-10-13T06:26:13","guid":{"rendered":"https:\/\/www.schramas.com\/?post_type=product&#038;p=20895"},"modified":"2026-03-26T16:35:17","modified_gmt":"2026-03-26T15:35:17","slug":"tonkinstabe-bambus-ca-150-cm","status":"publish","type":"product","link":"https:\/\/www.schramas.com\/de\/shop\/tonkinstabe-bambus-ca-150-cm\/","title":{"rendered":"Satz von 25x Bambusst\u00e4ben - Circa 150cm - Dicke 10\/12mm - Tonka-St\u00e4be - Bambus - Pflanzenst\u00fctze"},"content":{"rendered":"<p>Ein hochwertiges Naturprodukt, erkennbar an seiner gelben Farbe und der geraden, geschmeidigen Qualit\u00e4t,<br \/>\nohne Blattreste oder Seitentriebe. Der Bambusstab Tonkin mit einem Durchmesser von 10-12 mm wird h\u00e4ufig zur St\u00fctzung von B\u00e4umen, Pflanzen und Blumen, aber auch f\u00fcr kreative Zwecke in Schulen, Vereinen, Unternehmen oder zu Hause verwendet. Der Bambusstock von Tonkin ist sch\u00f6n gerade und beh\u00e4lt seine Form und weist daher \u00fcber die gesamte L\u00e4nge des Stocks kaum Abweichungen auf. Tonkin-Bambus ist dickwandig und daher f\u00fcr den Au\u00dfenbereich geeignet, auch bei Kontakt mit dem Boden. Im Vergleich zu den anderen chinesischen Bambusarten Moso haben Tonkin-Bambusstangen eine etwas blassere (wei\u00dfere) Farbe.<\/p>\n<p><strong>Produktspezifikationen:<\/strong><br \/>\nTonkin-Sticks (Bambus) Set mit 25 St\u00fcck.<\/p>\n<ul>\n<li>L\u00e4nge +\/_ 150 cm<\/li>\n<li>Dicke 10-12 mm<\/li>\n<\/ul>\n<p><strong>ARBEITEN MIT BAMBUS<br \/>\n<\/strong>Bambusst\u00f6cke k\u00f6nnen auf viele verschiedene Arten verbunden werden. Die meisten Techniken verwenden Seile und\/oder Gewindestangen, aber auch fortgeschrittenere Methoden wie die Fischmaulverbindung oder die Zapfenverbindung sind m\u00f6glich. Wenn Sie Bambusstangen mit Schrauben befestigen m\u00f6chten, bohren Sie diese am besten vor, um Risse zu vermeiden. Bambus l\u00e4sst sich am besten mit einer japanischen S\u00e4ge schneiden. Diese spezielle Bambuss\u00e4ge verf\u00fcgt \u00fcber Hybridz\u00e4hne f\u00fcr einfache, schnelle und pr\u00e4zise Kapp- und Gehrungsschnitte. Wenn Sie Bambusst\u00e4be in den Boden stecken m\u00f6chten, empfehlen wir, Bamboo Soil Protector auf den Teil aufzutragen, der in den Boden ragt. Diese spezielle schwarze Beschichtung konserviert den Bambus und sch\u00fctzt vor Holzf\u00e4ule.<\/p>","protected":false},"excerpt":{"rendered":"<p>Tonkin-Stick aus Bambus, Set \u00e0 25 St\u00fcck<\/p>\n<p>L\u00e4nge ca. 150 cm<\/p>\n<p>Dicke: 10-12 mm<\/p>","protected":false},"featured_media":20776,"template":"","meta":{"_joinchat":[]},"product_brand":[],"product_cat":[137,1076,142],"product_tag":[540,637,636,635],"class_list":{"0":"post-20895","1":"product","2":"type-product","3":"status-publish","4":"has-post-thumbnail","6":"product_cat-accessoires","7":"product_cat-plantensteunen","8":"product_cat-gereedschap","9":"product_tag-bamboe","10":"product_tag-geleiden","11":"product_tag-ondersteuning-plant","12":"product_tag-tonkingstokken","14":"first","15":"outofstock","16":"taxable","17":"shipping-taxable","18":"purchasable","19":"product-type-simple"},"yoast_head":"<!-- This site is optimized with the Yoast SEO plugin v24.2 - https:\/\/yoast.com\/wordpress\/plugins\/seo\/ -->\n<title>Set van 25x bamboestokken - Circa 150cm - Dikte 10\/12mm - Tonkinstokken - Bamboe - plantensteun kopen | Planten eenvoudig online bestellen | Schramas.com<\/title>\n<meta name=\"robots\" content=\"index, follow, max-snippet:-1, max-image-preview:large, max-video-preview:-1\" \/>\n<link rel=\"canonical\" href=\"https:\/\/www.schramas.com\/de\/shop\/tonkinstabe-bambus-ca-150-cm\/\" \/>\n<meta property=\"og:locale\" content=\"de_DE\" \/>\n<meta property=\"og:type\" content=\"article\" \/>\n<meta property=\"og:title\" content=\"Set van 25x bamboestokken - Circa 150cm - Dikte 10\/12mm - Tonkinstokken - Bamboe - plantensteun kopen | Planten eenvoudig online bestellen | Schramas.com\" \/>\n<meta property=\"og:description\" content=\"Tonkin-stok van bamboe, set van 25 stuks  Lengte circa 150 cm  Dikte: 10-12 mm\" \/>\n<meta property=\"og:url\" content=\"https:\/\/www.schramas.com\/de\/shop\/tonkinstabe-bambus-ca-150-cm\/\" \/>\n<meta property=\"og:site_name\" content=\"Planten eenvoudig online bestellen | Schramas.com\" \/>\n<meta property=\"article:publisher\" content=\"https:\/\/www.facebook.com\/Schramascom-106872874153195\/\" \/>\n<meta property=\"article:modified_time\" content=\"2026-03-26T15:35:17+00:00\" \/>\n<meta property=\"og:image\" content=\"http:\/\/www.schramas.com\/wp-content\/uploads\/2019\/10\/Tonkintokken-25x.jpg\" \/>\n\t<meta property=\"og:image:width\" content=\"1200\" \/>\n\t<meta property=\"og:image:height\" content=\"1200\" \/>\n\t<meta property=\"og:image:type\" content=\"image\/jpeg\" \/>\n<meta name=\"twitter:card\" content=\"summary_large_image\" \/>\n<meta name=\"twitter:label1\" content=\"Gesch\u00e4tzte Lesezeit\" \/>\n\t<meta name=\"twitter:data1\" content=\"1\u00a0Minute\" \/>\n<script type=\"application\/ld+json\" class=\"yoast-schema-graph\">{\"@context\":\"https:\/\/schema.org\",\"@graph\":[{\"@type\":[\"WebPage\",\"ItemPage\"],\"@id\":\"https:\/\/www.schramas.com\/winkel\/tonkin-stokken-bamboe-circa-150-cm\/\",\"url\":\"https:\/\/www.schramas.com\/winkel\/tonkin-stokken-bamboe-circa-150-cm\/\",\"name\":\"Set van 25x bamboestokken - Circa 150cm - Dikte 10\/12mm - Tonkinstokken - Bamboe - plantensteun kopen | Planten eenvoudig online bestellen | Schramas.com\",\"isPartOf\":{\"@id\":\"https:\/\/www.schramas.com\/#website\"},\"primaryImageOfPage\":{\"@id\":\"https:\/\/www.schramas.com\/winkel\/tonkin-stokken-bamboe-circa-150-cm\/#primaryimage\"},\"image\":{\"@id\":\"https:\/\/www.schramas.com\/winkel\/tonkin-stokken-bamboe-circa-150-cm\/#primaryimage\"},\"thumbnailUrl\":\"https:\/\/www.schramas.com\/wp-content\/uploads\/2019\/10\/Tonkintokken-25x.jpg\",\"datePublished\":\"2022-10-13T06:26:13+00:00\",\"dateModified\":\"2026-03-26T15:35:17+00:00\",\"breadcrumb\":{\"@id\":\"https:\/\/www.schramas.com\/winkel\/tonkin-stokken-bamboe-circa-150-cm\/#breadcrumb\"},\"inLanguage\":\"de\",\"potentialAction\":[{\"@type\":\"ReadAction\",\"target\":[\"https:\/\/www.schramas.com\/winkel\/tonkin-stokken-bamboe-circa-150-cm\/\"]}]},{\"@type\":\"ImageObject\",\"inLanguage\":\"de\",\"@id\":\"https:\/\/www.schramas.com\/winkel\/tonkin-stokken-bamboe-circa-150-cm\/#primaryimage\",\"url\":\"https:\/\/www.schramas.com\/wp-content\/uploads\/2019\/10\/Tonkintokken-25x.jpg\",\"contentUrl\":\"https:\/\/www.schramas.com\/wp-content\/uploads\/2019\/10\/Tonkintokken-25x.jpg\",\"width\":1200,\"height\":1200},{\"@type\":\"BreadcrumbList\",\"@id\":\"https:\/\/www.schramas.com\/winkel\/tonkin-stokken-bamboe-circa-150-cm\/#breadcrumb\",\"itemListElement\":[{\"@type\":\"ListItem\",\"position\":1,\"name\":\"Product\",\"item\":\"https:\/\/www.schramas.com\/assortiment\/\"},{\"@type\":\"ListItem\",\"position\":2,\"name\":\"Accessoires\",\"item\":\"https:\/\/www.schramas.com\/product-category\/accessoires\/\"},{\"@type\":\"ListItem\",\"position\":3,\"name\":\"Tuingereedschap\",\"item\":\"https:\/\/www.schramas.com\/product-category\/accessoires\/gereedschap\/\"},{\"@type\":\"ListItem\",\"position\":4,\"name\":\"Set van 25x bamboestokken &#8211; Circa 150cm &#8211; Dikte 10\/12mm &#8211; Tonkinstokken &#8211; Bamboe &#8211; plantensteun\"}]},{\"@type\":\"WebSite\",\"@id\":\"https:\/\/www.schramas.com\/#website\",\"url\":\"https:\/\/www.schramas.com\/\",\"name\":\"Schramas.com | Tuinplanten eenvoudig online bestellen | Direct van onze Kwekerij\",\"description\":\"\",\"alternateName\":\"Schramas.com - Alle planten direct van de kweker\",\"potentialAction\":[{\"@type\":\"SearchAction\",\"target\":{\"@type\":\"EntryPoint\",\"urlTemplate\":\"https:\/\/www.schramas.com\/?s={search_term_string}\"},\"query-input\":{\"@type\":\"PropertyValueSpecification\",\"valueRequired\":true,\"valueName\":\"search_term_string\"}}],\"inLanguage\":\"de\"}]}<\/script>\n<!-- \/ Yoast SEO plugin. -->","yoast_head_json":{"title":"Set mit 25 Bambusst\u00e4ben \u2013 ca. 150 cm \u2013 St\u00e4rke 10\/12 mm \u2013 Tonkinst\u00e4be \u2013 Bambus \u2013 Pflanzenst\u00fctze kaufen | Pflanzen einfach online bestellen | Schramas.com","robots":{"index":"index","follow":"follow","max-snippet":"max-snippet:-1","max-image-preview":"max-image-preview:large","max-video-preview":"max-video-preview:-1"},"canonical":"https:\/\/www.schramas.com\/de\/shop\/tonkinstabe-bambus-ca-150-cm\/","og_locale":"de_DE","og_type":"article","og_title":"Set van 25x bamboestokken - Circa 150cm - Dikte 10\/12mm - Tonkinstokken - Bamboe - plantensteun kopen | Planten eenvoudig online bestellen | Schramas.com","og_description":"Tonkin-stok van bamboe, set van 25 stuks  Lengte circa 150 cm  Dikte: 10-12 mm","og_url":"https:\/\/www.schramas.com\/de\/shop\/tonkinstabe-bambus-ca-150-cm\/","og_site_name":"Planten eenvoudig online bestellen | Schramas.com","article_publisher":"https:\/\/www.facebook.com\/Schramascom-106872874153195\/","article_modified_time":"2026-03-26T15:35:17+00:00","og_image":[{"width":1200,"height":1200,"url":"http:\/\/www.schramas.com\/wp-content\/uploads\/2019\/10\/Tonkintokken-25x.jpg","type":"image\/jpeg"}],"twitter_card":"summary_large_image","twitter_misc":{"Gesch\u00e4tzte Lesezeit":"1\u00a0Minute"},"schema":{"@context":"https:\/\/schema.org","@graph":[{"@type":["WebPage","ItemPage"],"@id":"https:\/\/www.schramas.com\/winkel\/tonkin-stokken-bamboe-circa-150-cm\/","url":"https:\/\/www.schramas.com\/winkel\/tonkin-stokken-bamboe-circa-150-cm\/","name":"Set mit 25 Bambusst\u00e4ben \u2013 ca. 150 cm \u2013 St\u00e4rke 10\/12 mm \u2013 Tonkinst\u00e4be \u2013 Bambus \u2013 Pflanzenst\u00fctze kaufen | Pflanzen einfach online bestellen | Schramas.com","isPartOf":{"@id":"https:\/\/www.schramas.com\/#website"},"primaryImageOfPage":{"@id":"https:\/\/www.schramas.com\/winkel\/tonkin-stokken-bamboe-circa-150-cm\/#primaryimage"},"image":{"@id":"https:\/\/www.schramas.com\/winkel\/tonkin-stokken-bamboe-circa-150-cm\/#primaryimage"},"thumbnailUrl":"https:\/\/www.schramas.com\/wp-content\/uploads\/2019\/10\/Tonkintokken-25x.jpg","datePublished":"2022-10-13T06:26:13+00:00","dateModified":"2026-03-26T15:35:17+00:00","breadcrumb":{"@id":"https:\/\/www.schramas.com\/winkel\/tonkin-stokken-bamboe-circa-150-cm\/#breadcrumb"},"inLanguage":"de","potentialAction":[{"@type":"ReadAction","target":["https:\/\/www.schramas.com\/winkel\/tonkin-stokken-bamboe-circa-150-cm\/"]}]},{"@type":"ImageObject","inLanguage":"de","@id":"https:\/\/www.schramas.com\/winkel\/tonkin-stokken-bamboe-circa-150-cm\/#primaryimage","url":"https:\/\/www.schramas.com\/wp-content\/uploads\/2019\/10\/Tonkintokken-25x.jpg","contentUrl":"https:\/\/www.schramas.com\/wp-content\/uploads\/2019\/10\/Tonkintokken-25x.jpg","width":1200,"height":1200},{"@type":"BreadcrumbList","@id":"https:\/\/www.schramas.com\/winkel\/tonkin-stokken-bamboe-circa-150-cm\/#breadcrumb","itemListElement":[{"@type":"ListItem","position":1,"name":"Product","item":"https:\/\/www.schramas.com\/assortiment\/"},{"@type":"ListItem","position":2,"name":"Accessoires","item":"https:\/\/www.schramas.com\/product-category\/accessoires\/"},{"@type":"ListItem","position":3,"name":"Tuingereedschap","item":"https:\/\/www.schramas.com\/product-category\/accessoires\/gereedschap\/"},{"@type":"ListItem","position":4,"name":"Set van 25x bamboestokken &#8211; Circa 150cm &#8211; Dikte 10\/12mm &#8211; Tonkinstokken &#8211; Bamboe &#8211; plantensteun"}]},{"@type":"WebSite","@id":"https:\/\/www.schramas.com\/#website","url":"https:\/\/www.schramas.com\/","name":"Schramas.com | Gartenpflanzen einfach online bestellen | Direkt aus unserer G\u00e4rtnerei","description":"","alternateName":"Schramas.com - Alle planten direct van de kweker","potentialAction":[{"@type":"SearchAction","target":{"@type":"EntryPoint","urlTemplate":"https:\/\/www.schramas.com\/?s={search_term_string}"},"query-input":{"@type":"PropertyValueSpecification","valueRequired":true,"valueName":"search_term_string"}}],"inLanguage":"de"}]}},"_links":{"self":[{"href":"https:\/\/www.schramas.com\/de\/wp-json\/wp\/v2\/product\/20895","targetHints":{"allow":["GET"]}}],"collection":[{"href":"https:\/\/www.schramas.com\/de\/wp-json\/wp\/v2\/product"}],"about":[{"href":"https:\/\/www.schramas.com\/de\/wp-json\/wp\/v2\/types\/product"}],"version-history":[{"count":1,"href":"https:\/\/www.schramas.com\/de\/wp-json\/wp\/v2\/product\/20895\/revisions"}],"predecessor-version":[{"id":50280,"href":"https:\/\/www.schramas.com\/de\/wp-json\/wp\/v2\/product\/20895\/revisions\/50280"}],"wp:featuredmedia":[{"embeddable":true,"href":"https:\/\/www.schramas.com\/de\/wp-json\/wp\/v2\/media\/20776"}],"wp:attachment":[{"href":"https:\/\/www.schramas.com\/de\/wp-json\/wp\/v2\/media?parent=20895"}],"wp:term":[{"taxonomy":"product_brand","embeddable":true,"href":"https:\/\/www.schramas.com\/de\/wp-json\/wp\/v2\/product_brand?post=20895"},{"taxonomy":"product_cat","embeddable":true,"href":"https:\/\/www.schramas.com\/de\/wp-json\/wp\/v2\/product_cat?post=20895"},{"taxonomy":"product_tag","embeddable":true,"href":"https:\/\/www.schramas.com\/de\/wp-json\/wp\/v2\/product_tag?post=20895"}],"curies":[{"name":"wp","href":"https:\/\/api.w.org\/{rel}","templated":true}]}}