{"id":21401,"date":"2022-11-15T15:55:48","date_gmt":"2022-11-15T14:55:48","guid":{"rendered":"https:\/\/www.schramas.com\/?post_type=product&#038;p=21401"},"modified":"2026-03-26T16:35:25","modified_gmt":"2026-03-26T15:35:25","slug":"set-mit-3-holzpfosten-hohe-150-cm-dicke-4-cm-rund-mit-punktimpragnierter-gefraster-pflanzenstutze","status":"publish","type":"product","link":"https:\/\/www.schramas.com\/de\/shop\/set-mit-3-holzpfosten-hohe-150-cm-dicke-4-cm-rund-mit-punktimpragnierter-gefraster-pflanzenstutze\/","title":{"rendered":"Satz von 3 Holzpfosten - H\u00f6he 128cm - Dicke 4cm - Rund mit Spitze - impr\u00e4gniert - gefr\u00e4st - Pflanzenst\u00fctze"},"content":{"rendered":"<p>Ein hochwertiges Naturprodukt, erkennbar an seiner braunen Farbe und Qualit\u00e4t. Dieser Holzstab mit spitzem Kopf und Kiefernholz wird h\u00e4ufig zur Unterst\u00fctzung von B\u00e4umen und Pflanzen, aber auch f\u00fcr kreative Zwecke in Vereinen, Unternehmen oder zu Hause verwendet. Dieser Holzpfosten ist impr\u00e4gniert und daher f\u00fcr den Au\u00dfenbereich geeignet und hat einen guten Bodenkontakt.<\/p>\n<p><strong>Produktspezifikationen:<\/strong><br \/>\nHolzpfosten - St\u00fctzpfosten<\/p>\n<ul>\n<li>L\u00e4nge: 128cm<\/li>\n<li>Dicke: 4cm<\/li>\n<li>Impr\u00e4gniert<\/li>\n<li>Zylindrisch gefr\u00e4st<\/li>\n<li>Mit scharfer Spitze<\/li>\n<\/ul>\n<p>Dieses Produkt enth\u00e4lt 3 Pfosten im Set.<\/p>","protected":false},"excerpt":{"rendered":"<p>Set mit 3 Holzpfosten mit scharfer Spitze<\/p>\n<p>L\u00e4nge 128 cm<\/p>\n<p>Dicke: 4cm<\/p>","protected":false},"featured_media":21402,"template":"","meta":{"_joinchat":[]},"product_brand":[],"product_cat":[137,1076,142],"product_tag":[1581,637,1001,636,1002,610],"class_list":{"0":"post-21401","1":"product","2":"type-product","3":"status-publish","4":"has-post-thumbnail","6":"product_cat-accessoires","7":"product_cat-plantensteunen","8":"product_cat-gereedschap","9":"product_tag-fruitbomen","10":"product_tag-geleiden","11":"product_tag-houten-paal","12":"product_tag-ondersteuning-plant","13":"product_tag-scherpe-punt","14":"product_tag-tuinplant","16":"first","17":"instock","18":"taxable","19":"shipping-taxable","20":"purchasable","21":"product-type-simple"},"yoast_head":"<!-- This site is optimized with the Yoast SEO plugin v24.2 - https:\/\/yoast.com\/wordpress\/plugins\/seo\/ -->\n<title>Set van 3 Houten palen - Hoogte 128cm - Dikte 4cm - Rond met punt - ge\u00efmpregneerd - gefreesd - plantensteun kopen | Planten eenvoudig online bestellen | Schramas.com<\/title>\n<meta name=\"robots\" content=\"index, follow, max-snippet:-1, max-image-preview:large, max-video-preview:-1\" \/>\n<link rel=\"canonical\" href=\"https:\/\/www.schramas.com\/de\/shop\/set-mit-3-holzpfosten-hohe-150-cm-dicke-4-cm-rund-mit-punktimpragnierter-gefraster-pflanzenstutze\/\" \/>\n<meta property=\"og:locale\" content=\"de_DE\" \/>\n<meta property=\"og:type\" content=\"article\" \/>\n<meta property=\"og:title\" content=\"Set van 3 Houten palen - Hoogte 128cm - Dikte 4cm - Rond met punt - ge\u00efmpregneerd - gefreesd - plantensteun kopen | Planten eenvoudig online bestellen | Schramas.com\" \/>\n<meta property=\"og:description\" content=\"Set van 3 Houten palen met scherpe punt  Lengte 128 cm  Dikte: 4cm\" \/>\n<meta property=\"og:url\" content=\"https:\/\/www.schramas.com\/de\/shop\/set-mit-3-holzpfosten-hohe-150-cm-dicke-4-cm-rund-mit-punktimpragnierter-gefraster-pflanzenstutze\/\" \/>\n<meta property=\"og:site_name\" content=\"Planten eenvoudig online bestellen | Schramas.com\" \/>\n<meta property=\"article:publisher\" content=\"https:\/\/www.facebook.com\/Schramascom-106872874153195\/\" \/>\n<meta property=\"article:modified_time\" content=\"2026-03-26T15:35:25+00:00\" \/>\n<meta property=\"og:image\" content=\"http:\/\/www.schramas.com\/wp-content\/uploads\/2022\/11\/Houten-paal-3x-sfeer.jpg\" \/>\n\t<meta property=\"og:image:width\" content=\"1200\" \/>\n\t<meta property=\"og:image:height\" content=\"1200\" \/>\n\t<meta property=\"og:image:type\" content=\"image\/jpeg\" \/>\n<meta name=\"twitter:card\" content=\"summary_large_image\" \/>\n<meta name=\"twitter:label1\" content=\"Gesch\u00e4tzte Lesezeit\" \/>\n\t<meta name=\"twitter:data1\" content=\"1\u00a0Minute\" \/>\n<script type=\"application\/ld+json\" class=\"yoast-schema-graph\">{\"@context\":\"https:\/\/schema.org\",\"@graph\":[{\"@type\":[\"WebPage\",\"ItemPage\"],\"@id\":\"https:\/\/www.schramas.com\/winkel\/set-van-3-houten-palen-hoogte-150cm-dikte-4cm-rond-met-punt-geimpregneerd-gefreesd-plantensteun\/\",\"url\":\"https:\/\/www.schramas.com\/winkel\/set-van-3-houten-palen-hoogte-150cm-dikte-4cm-rond-met-punt-geimpregneerd-gefreesd-plantensteun\/\",\"name\":\"Set van 3 Houten palen - Hoogte 128cm - Dikte 4cm - Rond met punt - ge\u00efmpregneerd - gefreesd - plantensteun kopen | Planten eenvoudig online bestellen | Schramas.com\",\"isPartOf\":{\"@id\":\"https:\/\/www.schramas.com\/#website\"},\"primaryImageOfPage\":{\"@id\":\"https:\/\/www.schramas.com\/winkel\/set-van-3-houten-palen-hoogte-150cm-dikte-4cm-rond-met-punt-geimpregneerd-gefreesd-plantensteun\/#primaryimage\"},\"image\":{\"@id\":\"https:\/\/www.schramas.com\/winkel\/set-van-3-houten-palen-hoogte-150cm-dikte-4cm-rond-met-punt-geimpregneerd-gefreesd-plantensteun\/#primaryimage\"},\"thumbnailUrl\":\"https:\/\/www.schramas.com\/wp-content\/uploads\/2022\/11\/Houten-paal-3x-sfeer.jpg\",\"datePublished\":\"2022-11-15T14:55:48+00:00\",\"dateModified\":\"2026-03-26T15:35:25+00:00\",\"breadcrumb\":{\"@id\":\"https:\/\/www.schramas.com\/winkel\/set-van-3-houten-palen-hoogte-150cm-dikte-4cm-rond-met-punt-geimpregneerd-gefreesd-plantensteun\/#breadcrumb\"},\"inLanguage\":\"de\",\"potentialAction\":[{\"@type\":\"ReadAction\",\"target\":[\"https:\/\/www.schramas.com\/winkel\/set-van-3-houten-palen-hoogte-150cm-dikte-4cm-rond-met-punt-geimpregneerd-gefreesd-plantensteun\/\"]}]},{\"@type\":\"ImageObject\",\"inLanguage\":\"de\",\"@id\":\"https:\/\/www.schramas.com\/winkel\/set-van-3-houten-palen-hoogte-150cm-dikte-4cm-rond-met-punt-geimpregneerd-gefreesd-plantensteun\/#primaryimage\",\"url\":\"https:\/\/www.schramas.com\/wp-content\/uploads\/2022\/11\/Houten-paal-3x-sfeer.jpg\",\"contentUrl\":\"https:\/\/www.schramas.com\/wp-content\/uploads\/2022\/11\/Houten-paal-3x-sfeer.jpg\",\"width\":1200,\"height\":1200},{\"@type\":\"BreadcrumbList\",\"@id\":\"https:\/\/www.schramas.com\/winkel\/set-van-3-houten-palen-hoogte-150cm-dikte-4cm-rond-met-punt-geimpregneerd-gefreesd-plantensteun\/#breadcrumb\",\"itemListElement\":[{\"@type\":\"ListItem\",\"position\":1,\"name\":\"Product\",\"item\":\"https:\/\/www.schramas.com\/assortiment\/\"},{\"@type\":\"ListItem\",\"position\":2,\"name\":\"Accessoires\",\"item\":\"https:\/\/www.schramas.com\/product-category\/accessoires\/\"},{\"@type\":\"ListItem\",\"position\":3,\"name\":\"Set van 3 Houten palen &#8211; Hoogte 128cm &#8211; Dikte 4cm &#8211; Rond met punt &#8211; ge\u00efmpregneerd &#8211; gefreesd &#8211; plantensteun\"}]},{\"@type\":\"WebSite\",\"@id\":\"https:\/\/www.schramas.com\/#website\",\"url\":\"https:\/\/www.schramas.com\/\",\"name\":\"Schramas.com | Tuinplanten eenvoudig online bestellen | Direct van onze Kwekerij\",\"description\":\"\",\"alternateName\":\"Schramas.com - Alle planten direct van de kweker\",\"potentialAction\":[{\"@type\":\"SearchAction\",\"target\":{\"@type\":\"EntryPoint\",\"urlTemplate\":\"https:\/\/www.schramas.com\/?s={search_term_string}\"},\"query-input\":{\"@type\":\"PropertyValueSpecification\",\"valueRequired\":true,\"valueName\":\"search_term_string\"}}],\"inLanguage\":\"de\"}]}<\/script>\n<!-- \/ Yoast SEO plugin. -->","yoast_head_json":{"title":"3er Set Holzpf\u00e4hle - H\u00f6he 128cm - Dicke 4cm - Rund mit Spitze - impr\u00e4gniert - gefr\u00e4st - Pflanzenst\u00fctze kaufen | Pflanzen einfach online bestellen | Schramas.de","robots":{"index":"index","follow":"follow","max-snippet":"max-snippet:-1","max-image-preview":"max-image-preview:large","max-video-preview":"max-video-preview:-1"},"canonical":"https:\/\/www.schramas.com\/de\/shop\/set-mit-3-holzpfosten-hohe-150-cm-dicke-4-cm-rund-mit-punktimpragnierter-gefraster-pflanzenstutze\/","og_locale":"de_DE","og_type":"article","og_title":"Set van 3 Houten palen - Hoogte 128cm - Dikte 4cm - Rond met punt - ge\u00efmpregneerd - gefreesd - plantensteun kopen | Planten eenvoudig online bestellen | Schramas.com","og_description":"Set van 3 Houten palen met scherpe punt  Lengte 128 cm  Dikte: 4cm","og_url":"https:\/\/www.schramas.com\/de\/shop\/set-mit-3-holzpfosten-hohe-150-cm-dicke-4-cm-rund-mit-punktimpragnierter-gefraster-pflanzenstutze\/","og_site_name":"Planten eenvoudig online bestellen | Schramas.com","article_publisher":"https:\/\/www.facebook.com\/Schramascom-106872874153195\/","article_modified_time":"2026-03-26T15:35:25+00:00","og_image":[{"width":1200,"height":1200,"url":"http:\/\/www.schramas.com\/wp-content\/uploads\/2022\/11\/Houten-paal-3x-sfeer.jpg","type":"image\/jpeg"}],"twitter_card":"summary_large_image","twitter_misc":{"Gesch\u00e4tzte Lesezeit":"1\u00a0Minute"},"schema":{"@context":"https:\/\/schema.org","@graph":[{"@type":["WebPage","ItemPage"],"@id":"https:\/\/www.schramas.com\/winkel\/set-van-3-houten-palen-hoogte-150cm-dikte-4cm-rond-met-punt-geimpregneerd-gefreesd-plantensteun\/","url":"https:\/\/www.schramas.com\/winkel\/set-van-3-houten-palen-hoogte-150cm-dikte-4cm-rond-met-punt-geimpregneerd-gefreesd-plantensteun\/","name":"3er Set Holzpf\u00e4hle - H\u00f6he 128cm - Dicke 4cm - Rund mit Spitze - impr\u00e4gniert - gefr\u00e4st - Pflanzenst\u00fctze kaufen | Pflanzen einfach online bestellen | Schramas.de","isPartOf":{"@id":"https:\/\/www.schramas.com\/#website"},"primaryImageOfPage":{"@id":"https:\/\/www.schramas.com\/winkel\/set-van-3-houten-palen-hoogte-150cm-dikte-4cm-rond-met-punt-geimpregneerd-gefreesd-plantensteun\/#primaryimage"},"image":{"@id":"https:\/\/www.schramas.com\/winkel\/set-van-3-houten-palen-hoogte-150cm-dikte-4cm-rond-met-punt-geimpregneerd-gefreesd-plantensteun\/#primaryimage"},"thumbnailUrl":"https:\/\/www.schramas.com\/wp-content\/uploads\/2022\/11\/Houten-paal-3x-sfeer.jpg","datePublished":"2022-11-15T14:55:48+00:00","dateModified":"2026-03-26T15:35:25+00:00","breadcrumb":{"@id":"https:\/\/www.schramas.com\/winkel\/set-van-3-houten-palen-hoogte-150cm-dikte-4cm-rond-met-punt-geimpregneerd-gefreesd-plantensteun\/#breadcrumb"},"inLanguage":"de","potentialAction":[{"@type":"ReadAction","target":["https:\/\/www.schramas.com\/winkel\/set-van-3-houten-palen-hoogte-150cm-dikte-4cm-rond-met-punt-geimpregneerd-gefreesd-plantensteun\/"]}]},{"@type":"ImageObject","inLanguage":"de","@id":"https:\/\/www.schramas.com\/winkel\/set-van-3-houten-palen-hoogte-150cm-dikte-4cm-rond-met-punt-geimpregneerd-gefreesd-plantensteun\/#primaryimage","url":"https:\/\/www.schramas.com\/wp-content\/uploads\/2022\/11\/Houten-paal-3x-sfeer.jpg","contentUrl":"https:\/\/www.schramas.com\/wp-content\/uploads\/2022\/11\/Houten-paal-3x-sfeer.jpg","width":1200,"height":1200},{"@type":"BreadcrumbList","@id":"https:\/\/www.schramas.com\/winkel\/set-van-3-houten-palen-hoogte-150cm-dikte-4cm-rond-met-punt-geimpregneerd-gefreesd-plantensteun\/#breadcrumb","itemListElement":[{"@type":"ListItem","position":1,"name":"Product","item":"https:\/\/www.schramas.com\/assortiment\/"},{"@type":"ListItem","position":2,"name":"Accessoires","item":"https:\/\/www.schramas.com\/product-category\/accessoires\/"},{"@type":"ListItem","position":3,"name":"Set van 3 Houten palen &#8211; Hoogte 128cm &#8211; Dikte 4cm &#8211; Rond met punt &#8211; ge\u00efmpregneerd &#8211; gefreesd &#8211; plantensteun"}]},{"@type":"WebSite","@id":"https:\/\/www.schramas.com\/#website","url":"https:\/\/www.schramas.com\/","name":"Schramas.com | Gartenpflanzen einfach online bestellen | Direkt aus unserer G\u00e4rtnerei","description":"","alternateName":"Schramas.com - Alle planten direct van de kweker","potentialAction":[{"@type":"SearchAction","target":{"@type":"EntryPoint","urlTemplate":"https:\/\/www.schramas.com\/?s={search_term_string}"},"query-input":{"@type":"PropertyValueSpecification","valueRequired":true,"valueName":"search_term_string"}}],"inLanguage":"de"}]}},"_links":{"self":[{"href":"https:\/\/www.schramas.com\/de\/wp-json\/wp\/v2\/product\/21401","targetHints":{"allow":["GET"]}}],"collection":[{"href":"https:\/\/www.schramas.com\/de\/wp-json\/wp\/v2\/product"}],"about":[{"href":"https:\/\/www.schramas.com\/de\/wp-json\/wp\/v2\/types\/product"}],"version-history":[{"count":3,"href":"https:\/\/www.schramas.com\/de\/wp-json\/wp\/v2\/product\/21401\/revisions"}],"predecessor-version":[{"id":57610,"href":"https:\/\/www.schramas.com\/de\/wp-json\/wp\/v2\/product\/21401\/revisions\/57610"}],"wp:featuredmedia":[{"embeddable":true,"href":"https:\/\/www.schramas.com\/de\/wp-json\/wp\/v2\/media\/21402"}],"wp:attachment":[{"href":"https:\/\/www.schramas.com\/de\/wp-json\/wp\/v2\/media?parent=21401"}],"wp:term":[{"taxonomy":"product_brand","embeddable":true,"href":"https:\/\/www.schramas.com\/de\/wp-json\/wp\/v2\/product_brand?post=21401"},{"taxonomy":"product_cat","embeddable":true,"href":"https:\/\/www.schramas.com\/de\/wp-json\/wp\/v2\/product_cat?post=21401"},{"taxonomy":"product_tag","embeddable":true,"href":"https:\/\/www.schramas.com\/de\/wp-json\/wp\/v2\/product_tag?post=21401"}],"curies":[{"name":"wp","href":"https:\/\/api.w.org\/{rel}","templated":true}]}}