{"id":22065,"date":"2023-01-17T10:46:55","date_gmt":"2023-01-17T09:46:55","guid":{"rendered":"https:\/\/www.schramas.com\/?post_type=product&#038;p=22065"},"modified":"2026-02-19T10:35:08","modified_gmt":"2026-02-19T09:35:08","slug":"prunus-persica-rubira-8mm-pfropfbar","status":"publish","type":"product","link":"https:\/\/www.schramas.com\/de\/shop\/prunus-persica-rubira-8mm-pfropfbar\/","title":{"rendered":"Prunus persica Rubira &gt;8mm Entbaar"},"content":{"rendered":"<p>Es handelt sich um einen harten und kr\u00e4ftigen Wurzelstock, der gegen Nematoden resistent ist, eine Art parasit\u00e4rer W\u00fcrmer, die Baumwurzeln sch\u00e4digen k\u00f6nnen. Es ist au\u00dferdem tolerant gegen\u00fcber schweren Lehmb\u00f6den, Trockenheit und kann auch Wurzelf\u00e4ule widerstehen. Dieser Wurzelstock ist auch f\u00fcr die meisten Pfirsichsorten geeignet und bietet dem Z\u00fcchter eine gr\u00f6\u00dfere Auswahl. Dieser Wurzelstock hat auch eine st\u00e4rkere Wuchskraft als St. Julien A, aber schw\u00e4cheres Wachstum als beispielsweise \u201eMontclar\u201c.<\/p>","protected":false},"excerpt":{"rendered":"<p>Geliefert von November bis Mai.<\/p>\n<p>Bisherige (Nach-)Bestellungen werden daher ab November ausgeliefert.<\/p>","protected":false},"featured_media":22066,"template":"","meta":{"_joinchat":[]},"product_brand":[],"product_cat":[264],"product_tag":[568,1015,571],"class_list":{"0":"post-22065","1":"product","2":"type-product","3":"status-publish","4":"has-post-thumbnail","6":"product_cat-prunus","7":"product_tag-onderstam","8":"product_tag-rootstock","9":"product_tag-zwak-groeiend","11":"first","12":"outofstock","13":"taxable","14":"shipping-taxable","15":"purchasable","16":"product-type-simple"},"yoast_head":"<!-- This site is optimized with the Yoast SEO plugin v24.2 - https:\/\/yoast.com\/wordpress\/plugins\/seo\/ -->\n<title>Prunus persica Rubira &gt;8mm Entbaar kopen | Planten eenvoudig online bestellen | Schramas.com<\/title>\n<meta name=\"robots\" content=\"index, follow, max-snippet:-1, max-image-preview:large, max-video-preview:-1\" \/>\n<link rel=\"canonical\" href=\"https:\/\/www.schramas.com\/de\/shop\/prunus-persica-rubira-8mm-pfropfbar\/\" \/>\n<meta property=\"og:locale\" content=\"de_DE\" \/>\n<meta property=\"og:type\" content=\"article\" \/>\n<meta property=\"og:title\" content=\"Prunus persica Rubira &gt;8mm Entbaar kopen | Planten eenvoudig online bestellen | Schramas.com\" \/>\n<meta property=\"og:description\" content=\"Wordt van november t\/m mei geleverd.  Eerdere (na)bestellingen worden dus vanaf november uitgeleverd.\" \/>\n<meta property=\"og:url\" content=\"https:\/\/www.schramas.com\/de\/shop\/prunus-persica-rubira-8mm-pfropfbar\/\" \/>\n<meta property=\"og:site_name\" content=\"Planten eenvoudig online bestellen | Schramas.com\" \/>\n<meta property=\"article:publisher\" content=\"https:\/\/www.facebook.com\/Schramascom-106872874153195\/\" \/>\n<meta property=\"article:modified_time\" content=\"2026-02-19T09:35:08+00:00\" \/>\n<meta property=\"og:image\" content=\"http:\/\/www.schramas.com\/wp-content\/uploads\/2023\/01\/IMG_20221027_112429-scaled.jpg\" \/>\n\t<meta property=\"og:image:width\" content=\"1152\" \/>\n\t<meta property=\"og:image:height\" content=\"2560\" \/>\n\t<meta property=\"og:image:type\" content=\"image\/jpeg\" \/>\n<meta name=\"twitter:card\" content=\"summary_large_image\" \/>\n<meta name=\"twitter:label1\" content=\"Gesch\u00e4tzte Lesezeit\" \/>\n\t<meta name=\"twitter:data1\" content=\"1\u00a0Minute\" \/>\n<script type=\"application\/ld+json\" class=\"yoast-schema-graph\">{\"@context\":\"https:\/\/schema.org\",\"@graph\":[{\"@type\":[\"WebPage\",\"ItemPage\"],\"@id\":\"https:\/\/www.schramas.com\/winkel\/prunus-persica-rubira-8mm-entbaar\/\",\"url\":\"https:\/\/www.schramas.com\/winkel\/prunus-persica-rubira-8mm-entbaar\/\",\"name\":\"Prunus persica Rubira >8mm Entbaar kopen | Planten eenvoudig online bestellen | Schramas.com\",\"isPartOf\":{\"@id\":\"https:\/\/www.schramas.com\/#website\"},\"primaryImageOfPage\":{\"@id\":\"https:\/\/www.schramas.com\/winkel\/prunus-persica-rubira-8mm-entbaar\/#primaryimage\"},\"image\":{\"@id\":\"https:\/\/www.schramas.com\/winkel\/prunus-persica-rubira-8mm-entbaar\/#primaryimage\"},\"thumbnailUrl\":\"https:\/\/www.schramas.com\/wp-content\/uploads\/2023\/01\/IMG_20221027_112429-scaled.jpg\",\"datePublished\":\"2023-01-17T09:46:55+00:00\",\"dateModified\":\"2026-02-19T09:35:08+00:00\",\"breadcrumb\":{\"@id\":\"https:\/\/www.schramas.com\/winkel\/prunus-persica-rubira-8mm-entbaar\/#breadcrumb\"},\"inLanguage\":\"de\",\"potentialAction\":[{\"@type\":\"ReadAction\",\"target\":[\"https:\/\/www.schramas.com\/winkel\/prunus-persica-rubira-8mm-entbaar\/\"]}]},{\"@type\":\"ImageObject\",\"inLanguage\":\"de\",\"@id\":\"https:\/\/www.schramas.com\/winkel\/prunus-persica-rubira-8mm-entbaar\/#primaryimage\",\"url\":\"https:\/\/www.schramas.com\/wp-content\/uploads\/2023\/01\/IMG_20221027_112429-scaled.jpg\",\"contentUrl\":\"https:\/\/www.schramas.com\/wp-content\/uploads\/2023\/01\/IMG_20221027_112429-scaled.jpg\",\"width\":1152,\"height\":2560},{\"@type\":\"BreadcrumbList\",\"@id\":\"https:\/\/www.schramas.com\/winkel\/prunus-persica-rubira-8mm-entbaar\/#breadcrumb\",\"itemListElement\":[{\"@type\":\"ListItem\",\"position\":1,\"name\":\"Product\",\"item\":\"https:\/\/www.schramas.com\/assortiment\/\"},{\"@type\":\"ListItem\",\"position\":2,\"name\":\"Zelf kweken \/ Onderstammen\",\"item\":\"https:\/\/www.schramas.com\/product-category\/zelf-kweken\/\"},{\"@type\":\"ListItem\",\"position\":3,\"name\":\"Onderstammen voor pruimen, kersen, abrikozen, nectarines en perziken\",\"item\":\"https:\/\/www.schramas.com\/product-category\/zelf-kweken\/prunus\/\"},{\"@type\":\"ListItem\",\"position\":4,\"name\":\"Prunus persica Rubira >8mm Entbaar\"}]},{\"@type\":\"WebSite\",\"@id\":\"https:\/\/www.schramas.com\/#website\",\"url\":\"https:\/\/www.schramas.com\/\",\"name\":\"Schramas.com | Tuinplanten eenvoudig online bestellen | Direct van onze Kwekerij\",\"description\":\"\",\"alternateName\":\"Schramas.com - Alle planten direct van de kweker\",\"potentialAction\":[{\"@type\":\"SearchAction\",\"target\":{\"@type\":\"EntryPoint\",\"urlTemplate\":\"https:\/\/www.schramas.com\/?s={search_term_string}\"},\"query-input\":{\"@type\":\"PropertyValueSpecification\",\"valueRequired\":true,\"valueName\":\"search_term_string\"}}],\"inLanguage\":\"de\"}]}<\/script>\n<!-- \/ Yoast SEO plugin. -->","yoast_head_json":{"title":"Prunus persica Rubira &gt;8mm Veredelbar kaufen | Pflanzen einfach online bestellen | Schramas.com","robots":{"index":"index","follow":"follow","max-snippet":"max-snippet:-1","max-image-preview":"max-image-preview:large","max-video-preview":"max-video-preview:-1"},"canonical":"https:\/\/www.schramas.com\/de\/shop\/prunus-persica-rubira-8mm-pfropfbar\/","og_locale":"de_DE","og_type":"article","og_title":"Prunus persica Rubira >8mm Entbaar kopen | Planten eenvoudig online bestellen | Schramas.com","og_description":"Wordt van november t\/m mei geleverd.  Eerdere (na)bestellingen worden dus vanaf november uitgeleverd.","og_url":"https:\/\/www.schramas.com\/de\/shop\/prunus-persica-rubira-8mm-pfropfbar\/","og_site_name":"Planten eenvoudig online bestellen | Schramas.com","article_publisher":"https:\/\/www.facebook.com\/Schramascom-106872874153195\/","article_modified_time":"2026-02-19T09:35:08+00:00","og_image":[{"width":1152,"height":2560,"url":"http:\/\/www.schramas.com\/wp-content\/uploads\/2023\/01\/IMG_20221027_112429-scaled.jpg","type":"image\/jpeg"}],"twitter_card":"summary_large_image","twitter_misc":{"Gesch\u00e4tzte Lesezeit":"1\u00a0Minute"},"schema":{"@context":"https:\/\/schema.org","@graph":[{"@type":["WebPage","ItemPage"],"@id":"https:\/\/www.schramas.com\/winkel\/prunus-persica-rubira-8mm-entbaar\/","url":"https:\/\/www.schramas.com\/winkel\/prunus-persica-rubira-8mm-entbaar\/","name":"Prunus persica Rubira &gt;8mm Veredelbar kaufen | Pflanzen einfach online bestellen | Schramas.com","isPartOf":{"@id":"https:\/\/www.schramas.com\/#website"},"primaryImageOfPage":{"@id":"https:\/\/www.schramas.com\/winkel\/prunus-persica-rubira-8mm-entbaar\/#primaryimage"},"image":{"@id":"https:\/\/www.schramas.com\/winkel\/prunus-persica-rubira-8mm-entbaar\/#primaryimage"},"thumbnailUrl":"https:\/\/www.schramas.com\/wp-content\/uploads\/2023\/01\/IMG_20221027_112429-scaled.jpg","datePublished":"2023-01-17T09:46:55+00:00","dateModified":"2026-02-19T09:35:08+00:00","breadcrumb":{"@id":"https:\/\/www.schramas.com\/winkel\/prunus-persica-rubira-8mm-entbaar\/#breadcrumb"},"inLanguage":"de","potentialAction":[{"@type":"ReadAction","target":["https:\/\/www.schramas.com\/winkel\/prunus-persica-rubira-8mm-entbaar\/"]}]},{"@type":"ImageObject","inLanguage":"de","@id":"https:\/\/www.schramas.com\/winkel\/prunus-persica-rubira-8mm-entbaar\/#primaryimage","url":"https:\/\/www.schramas.com\/wp-content\/uploads\/2023\/01\/IMG_20221027_112429-scaled.jpg","contentUrl":"https:\/\/www.schramas.com\/wp-content\/uploads\/2023\/01\/IMG_20221027_112429-scaled.jpg","width":1152,"height":2560},{"@type":"BreadcrumbList","@id":"https:\/\/www.schramas.com\/winkel\/prunus-persica-rubira-8mm-entbaar\/#breadcrumb","itemListElement":[{"@type":"ListItem","position":1,"name":"Product","item":"https:\/\/www.schramas.com\/assortiment\/"},{"@type":"ListItem","position":2,"name":"Zelf kweken \/ Onderstammen","item":"https:\/\/www.schramas.com\/product-category\/zelf-kweken\/"},{"@type":"ListItem","position":3,"name":"Onderstammen voor pruimen, kersen, abrikozen, nectarines en perziken","item":"https:\/\/www.schramas.com\/product-category\/zelf-kweken\/prunus\/"},{"@type":"ListItem","position":4,"name":"Prunus persica Rubira >8mm Entbaar"}]},{"@type":"WebSite","@id":"https:\/\/www.schramas.com\/#website","url":"https:\/\/www.schramas.com\/","name":"Schramas.com | Gartenpflanzen einfach online bestellen | Direkt aus unserer G\u00e4rtnerei","description":"","alternateName":"Schramas.com - Alle planten direct van de kweker","potentialAction":[{"@type":"SearchAction","target":{"@type":"EntryPoint","urlTemplate":"https:\/\/www.schramas.com\/?s={search_term_string}"},"query-input":{"@type":"PropertyValueSpecification","valueRequired":true,"valueName":"search_term_string"}}],"inLanguage":"de"}]}},"_links":{"self":[{"href":"https:\/\/www.schramas.com\/de\/wp-json\/wp\/v2\/product\/22065","targetHints":{"allow":["GET"]}}],"collection":[{"href":"https:\/\/www.schramas.com\/de\/wp-json\/wp\/v2\/product"}],"about":[{"href":"https:\/\/www.schramas.com\/de\/wp-json\/wp\/v2\/types\/product"}],"version-history":[{"count":1,"href":"https:\/\/www.schramas.com\/de\/wp-json\/wp\/v2\/product\/22065\/revisions"}],"predecessor-version":[{"id":46165,"href":"https:\/\/www.schramas.com\/de\/wp-json\/wp\/v2\/product\/22065\/revisions\/46165"}],"wp:featuredmedia":[{"embeddable":true,"href":"https:\/\/www.schramas.com\/de\/wp-json\/wp\/v2\/media\/22066"}],"wp:attachment":[{"href":"https:\/\/www.schramas.com\/de\/wp-json\/wp\/v2\/media?parent=22065"}],"wp:term":[{"taxonomy":"product_brand","embeddable":true,"href":"https:\/\/www.schramas.com\/de\/wp-json\/wp\/v2\/product_brand?post=22065"},{"taxonomy":"product_cat","embeddable":true,"href":"https:\/\/www.schramas.com\/de\/wp-json\/wp\/v2\/product_cat?post=22065"},{"taxonomy":"product_tag","embeddable":true,"href":"https:\/\/www.schramas.com\/de\/wp-json\/wp\/v2\/product_tag?post=22065"}],"curies":[{"name":"wp","href":"https:\/\/api.w.org\/{rel}","templated":true}]}}