{"id":22458,"date":"2023-02-08T16:46:59","date_gmt":"2023-02-08T15:46:59","guid":{"rendered":"https:\/\/www.schramas.com\/?post_type=product&#038;p=22458"},"modified":"2026-04-29T08:04:07","modified_gmt":"2026-04-29T06:04:07","slug":"kommendes-lebensmittelwaldpaket-fur-kleine-gartenobstpflanzen-auf-einem-10-m%c2%b2-grosen-permakultur-gemusegarten-mit-wildpfluckung","status":"publish","type":"product","link":"https:\/\/www.schramas.com\/de\/shop\/kommendes-lebensmittelwaldpaket-fur-kleine-gartenobstpflanzen-auf-einem-10-m%c2%b2-grosen-permakultur-gemusegarten-mit-wildpfluckung\/","title":{"rendered":"Food Forest Paket - F\u00fcr kleine G\u00e4rten! - 12 Obstpflanzen - Wildes Pfl\u00fccken auf 12m2 - Permakultur-Gem\u00fcsegarten"},"content":{"rendered":"<div class=\"slot slot--description slot--seperated slot--seperated--has-more-content js_slot-description\" data-group-name=\"ProductDescription\" data-bltgg=\"riSoAjwLdyWGgV2tlzBBsw.2_27\">\n<div data-test=\"product-description\" data-bltgi=\"riSoAjwLdyWGgV2tlzBBsw.2_27.28\">\n<div class=\"js_show-more-description show-more active\">\n<div class=\"js_show-more-holder show-more-holder show-more--l product-tracklists-show-more--animate\">\n<div class=\"js_description_content js_show-more-content\">\n<div class=\"product-description\" data-test=\"description\">\n<p>Diese Pflanzen sind der perfekte Start f\u00fcr einen kleinen Lebensmittelwald im Garten!<\/p>\n<p><strong>Hier erfahren Sie, was Sie \u00fcber dieses Food Forest-Paket wissen m\u00fcssen.\u00a0<\/strong>Die Obstb\u00e4ume werden in diesem Paket als Wurzelstock geliefert, die Obstpflanzen werden in T\u00f6pfen geliefert. Die folgenden Obstb\u00e4ume und Obstpflanzen sind in diesem Mix enthalten:<\/p>\n<p>&nbsp;<\/p>\n<p>1x S\u00e4ulenapfelbaum: Dies ist eine Apfelbaumart, die speziell ausgew\u00e4hlt wurde, um klein zu bleiben und sich f\u00fcr einen kleinen Garten eignet. Es hat vertikale Zweige und nimmt daher wenig Platz ein.<\/p>\n<p>1x S\u00e4ulenkirschbaum: Hierbei handelt es sich um eine Kirschbaumart, die ebenfalls speziell ausgew\u00e4hlt wurde, um klein zu bleiben. Wie der S\u00e4ulenapfelbaum hat er vertikale Zweige, die auf engstem Raum wachsen k\u00f6nnen und Kirschen hervorbringen.<\/p>\n<p>2x Himbeere (zweifarbig) sind Bodendecker und Produzenten von Himbeeren, die je nach Sorte in unterschiedlichen Farben angeboten werden.<\/p>\n<p>2x Stachelbeere (zweifarbig): Stachelbeeren sind eine weitere beliebte Beerenpflanze, die sowohl lecker als auch gesund ist. Auch hier werden zwei verschiedene Farben angeboten.<\/p>\n<p>2x Johannisbeeren (zweifarbig): Johannisbeeren sind kleine, s\u00e4uerliche Beeren, die sich k\u00f6stlich in Desserts und Getr\u00e4nken schmecken lassen. Wie bei den anderen Beeren werden auch hier zwei verschiedene Farben angeboten.<\/p>\n<p>4x Erdbeere: Erdbeeren sind eine beliebte Frucht, die gerne in Desserts und als Snack verwendet wird. In dieser Beschreibung des Lebensmittelwaldes sind zwei Erdbeerpflanzen enthalten, sodass Sie diese k\u00f6stliche Frucht in vollen Z\u00fcgen genie\u00dfen k\u00f6nnen.<\/p>\n<p>&nbsp;<\/p>\n<p><strong>Zus\u00e4tzliche Informationen \u00fcber die Pflanze:<\/strong><\/p>\n<p>Ein Nahrungswald ist ein Garten, der speziell f\u00fcr den Anbau von Nahrungspflanzen angelegt wurde. Dieser Garten ist mit einer Mischung aus Obstb\u00e4umen, Str\u00e4uchern und anderen Nahrungsmittelpflanzen bepflanzt, die zusammen eine gesunde, produktive und sich selbst erhaltende Umgebung schaffen.<\/p>\n<\/div>\n<p>&nbsp;<\/p>\n<p><strong>1x Der Malus Domestica &#039;Flamenco&#039; ist ein S\u00e4ulenapfel<\/strong> Mit hoher Produktion und k\u00f6stlich s\u00fc\u00dfen \u00c4pfeln ist diese Sorte krankheitsresistent und sehr winterhart und hat einen langsameren Wuchs, der eine h\u00f6here Produktion gew\u00e4hrleistet. Je nach Pflanztiefe kann der \u201eFlamenco\u201c bis zu 2,5 m hoch werden. Der Flamenco-Obstbaum bringt rote, gr\u00fcne \u00c4pfel hervor und ist bereits 5 Jahre alt, sodass die Wahrscheinlichkeit, dass er dieses Jahr bereits Fr\u00fcchte tr\u00e4gt, sehr hoch ist. Die sch\u00f6nen und vielen Bl\u00fcten sind Grund genug, diese Obstb\u00e4ume in Ihrem Garten zu haben.<\/p>\n<div class=\"product-description\" data-test=\"description\">\n<p>&nbsp;<\/p>\n<p><strong>1x Die Prunus avium &#039;Boas&#039; \u00ae ist eine echte S\u00e4ulenkirsche<\/strong>, neu auf dem Markt und ideal f\u00fcr den Garten und Gem\u00fcsegarten, aber auch f\u00fcr die Terrasse, den Balkon oder kleineren Garten. Dieses Produkt ist kaum irgendwo zu finden und daher etwas Exklusives bei schramas.com. Die \u201eBoas\u201c\u00ae ist ein Produzent reifer, frischer S\u00fc\u00df- und Sauerkirschen, die nach Februar geerntet werden k\u00f6nnen. Die Bl\u00e4tter sind leuchtend gr\u00fcn und haben eine sch\u00f6ne rote Herbstf\u00e4rbung. Der Baum bl\u00fcht im zeitigen Fr\u00fchjahr mit wundersch\u00f6nen wei\u00dfen Bl\u00fcten, die sich zu k\u00f6stlichen Kirschen entwickeln. Mit der Prunus avium &#039;Boas&#039;\u00ae S\u00e4ulenkirsche erhalten Sie einen Obstbaum, der perfekt zu Ihrem Garten passt, ohne dass Sie Kompromisse bei Qualit\u00e4t und Produktion eingehen m\u00fcssen. Sie ist eine ausgezeichnete Wahl f\u00fcr alle, die eine Kirsche suchen, die das Aussehen und die Produktivit\u00e4t eines traditionellen Baumes mit den Vorteilen einer S\u00e4ulenpflanze verbindet.<\/p>\n<p>&nbsp;<\/p>\n<p><strong>1x De Rubus idaeus &#039;Glen Ample&#039;<\/strong>, <strong>auch Sommerhimbeere genannt<\/strong>, ist eine Himbeere mit hohem Fruchtertrag und schmackhaften, hellroten Fr\u00fcchten. Diese rote Himbeere bl\u00fcht von Mai bis Juni mit wei\u00dfen Bl\u00fcten und gr\u00fcnen Bl\u00e4ttern und liefert im Juli einen Ertrag an leckeren Fr\u00fcchten. Diese Fr\u00fcchte eignen sich hervorragend zur Herstellung von Marmelade oder Gelee oder zum einfachen Frischverzehr.<\/p>\n<p>&nbsp;<\/p>\n<p><strong>1x Der Rubus idaeus &#039;Fallgold&#039;, die gelbe Himbeere!<\/strong> Wenn Sie diese Himbeere mit einer normalen Sommerhimbeere kombinieren, k\u00f6nnen Sie bis zum Sp\u00e4therbst Himbeeren genie\u00dfen. Diese einzigartige Himbeere hat etwas kleinere Fr\u00fcchte als einige rote Sorten, verf\u00fcgt aber \u00fcber eine feste Struktur und eignet sich daher ideal zum Einfrieren und als Vitaminbombe im Winter. Diese Herbsthimbeere schmeckt s\u00fc\u00dfer als die meisten anderen roten Himbeeren.<\/p>\n<p>&nbsp;<\/p>\n<p><strong>1x die schwarze Johannisbeere Ribes nigrum &#039;Titania&#039;.\u00a0<\/strong>Diese schwarze Johannisbeere ist eine sehr ertragreiche Beerensorte. Ribes nigrum \u201eTitania\u201c ist vor allem f\u00fcr das Cassis bekannt, das aus dieser Beere hergestellt wird. Diese Sorte produziert in jungen Jahren eine gro\u00dfe Anzahl saftiger Beeren in gro\u00dfen Trauben. Es ist sehr winterhart und resistent gegen Sp\u00e4tfrost. Diese Pflanze lockt w\u00e4hrend der Bl\u00fcte Bienen und Schmetterlinge an. Ein anderer Name f\u00fcr das Ribes nigrum \u201eTitania\u201c ist auch Schwarze Johannisbeere.<\/p>\n<p>&nbsp;<\/p>\n<p><strong>1x die Ribes rubrum &#039;Rovada&#039; rote Johannisbeere.<\/strong>\u00a0\u201eRovada\u201c ist derzeit eine der besten Johannisbeersorten. Rovada reift sp\u00e4t (Ende Juli\/Anfang August) und bringt lange Trauben leuchtend roter Beeren hervor. Dieser Strauch tr\u00e4gt sowohl 1- als auch 2-j\u00e4hriges Holz. Wir empfehlen, die Pflanzen vor V\u00f6geln zu sch\u00fctzen, wenn die Beeren reif sind.<\/p>\n<p>&nbsp;<\/p>\n<p><strong>1x Die Ribes uva-crispa &#039;Hinnonmaki Gr\u00fcn&#039; oder die Gr\u00fcne Stachelbeere<\/strong>s ist ein sommergr\u00fcner Strauch, der im April\/Mai mit gr\u00fcn-wei\u00dfen, unauff\u00e4lligen Bl\u00fcten bl\u00fcht, die sich zu saftigen, gr\u00fcnen Stachelbeeren entwickeln. Diese Stachelbeeren k\u00f6nnen im Juli\/August zur Herstellung von Gelee, Marmelade oder Saft gepfl\u00fcckt werden, sodass Sie bis in den Sp\u00e4tsommer hinein Ihre eigene Ernte genie\u00dfen k\u00f6nnen. Der Ribes uva-crispa &#039;Hinnonmaki Gr\u00fcn&#039; mag einen warmen, sonnigen und gesch\u00fctzten Standort in einem leicht sauren oder neutralen, feuchten Boden.<\/p>\n<p>&nbsp;<\/p>\n<p><strong>1x De Ribes uva-crispa &#039;Hinnonmaki Rod&#039; oder Rote Stachelbeere <\/strong>Ebenso wie die Gr\u00fcne Stachelbeere handelt es sich um eine sommergr\u00fcne Gartenpflanze, die im April\/Mai gr\u00fcn-wei\u00dfe, unauff\u00e4llige Bl\u00fcten in h\u00e4ngenden B\u00fcscheln hervorbringt. Aus den Bl\u00fcten entwickeln sich saftige, rote Stachelbeeren, die im Juli\/August geerntet werden k\u00f6nnen. Die Pflanze bevorzugt einen warmen, sonnigen und gesch\u00fctzten Standort mit neutralem oder leicht saurem Boden, der die Feuchtigkeit speichert. Je mehr Sonne, desto besser die Ernte.<\/p>\n<p>&nbsp;<\/p>\n<p><strong>4x Die Fragaria x Ananassa &#039;Florence&#039; ist eine sp\u00e4t reifende Erdbeere<\/strong> Sorte, die f\u00fcr eine sp\u00e4tere Pfl\u00fcckzeit geeignet ist. Die Erdbeerpflanze bringt gro\u00dfe, dunkelrote Erdbeeren mit einem sehr guten Geschmack hervor. Die Erdbeere \u201eFlorence\u201c ist ideal f\u00fcr eine sp\u00e4te Ernte und bringt von Ende Juni bis Ende Juli k\u00f6stliche s\u00fc\u00dfe Erdbeeren hervor. Die Pflanze ist einigerma\u00dfen resistent gegen Mehltau und Blattpilzkrankheiten.<\/p>\n<p>&nbsp;<\/p>\n<p><strong>Wichtig zu wissen:<\/strong><\/p>\n<ul>\n<li><strong>Dieser Nahrungswald kann auf allen Bodenarten angelegt werden.<\/strong><\/li>\n<li><strong>Dieser Futterwald vertr\u00e4gt Halb- und Vollsonne. Bei Trockenheit ist eine zus\u00e4tzliche Bew\u00e4sserung erforderlich.<\/strong><\/li>\n<li><strong>Die Pflanzen in diesem Paket werden in verschiedenen H\u00f6hen und Gr\u00f6\u00dfen geliefert:<\/strong>\n<ul>\n<li style=\"list-style-type: none\">\n<ul>\n<li><strong>1x S\u00e4ulenapfel, ca. 80\/100cm, bewurzelt<\/strong><\/li>\n<li><strong>1x S\u00e4ulenkirsche, ca. 70\/100cm, Wurzelmaterial<\/strong><\/li>\n<li><strong>2x Himbeere, ca. 50\/60cm, Wurzelmaterial<\/strong><\/li>\n<li><strong>2x Johannisbeere, ca. 50\/60cm, Wurzelmaterial<\/strong><\/li>\n<li><strong>2x Stachelbeere, ca. 50cm, Wurzelmaterial<\/strong><\/li>\n<li><strong>4x Erdbeere, ca. 20cm, im Topf S. 9<\/strong><\/li>\n<\/ul>\n<\/li>\n<\/ul>\n<\/li>\n<\/ul>\n<\/div>\n<\/div>\n<\/div>\n<\/div>\n<\/div>\n<\/div>","protected":false},"excerpt":{"rendered":"<p>Diese Pflanzen sind ein perfekter Anfang f\u00fcr einen Nahrungswald!<\/p>\n<p>Die B\u00e4ume werden in diesem Paket als Wurzelst\u00f6cke\/T\u00f6pfe geliefert.<\/p>\n<p>1x S\u00e4ulenapfel<\/p>\n<p>1x S\u00e4ulen<\/p>\n<p>2x Himbeere (zwei Farben)<\/p>\n<p>2x Rote Johannisbeere (zweifarbig)<\/p>\n<p>2x Stachelbeere (zwei Farben)<\/p>\n<p>4x Erdbeere<\/p>\n<p>&nbsp;<\/p>","protected":false},"featured_media":22485,"template":"","meta":{"_joinchat":[]},"product_brand":[],"product_cat":[1011,867,1027],"product_tag":[503,975,610,974,976,351,726,316],"class_list":{"0":"post-22458","1":"product","2":"type-product","3":"status-publish","4":"has-post-thumbnail","6":"product_cat-fruit-deals","7":"product_cat-pakket-deals","8":"product_cat-voedselbossen","9":"product_tag-bijenplant","10":"product_tag-permacultuur","11":"product_tag-tuinplant","12":"product_tag-voedselbos","13":"product_tag-wildplukken","14":"product_tag-winterhard","15":"product_tag-zelf-kweken","16":"product_tag-zelfbestuivend","18":"first","19":"instock","20":"taxable","21":"shipping-taxable","22":"purchasable","23":"product-type-simple"},"yoast_head":"<!-- This site is optimized with the Yoast SEO plugin v24.2 - https:\/\/yoast.com\/wordpress\/plugins\/seo\/ -->\n<title>Voedselbos pakket - Voor kleine tuin! - 12 Fruitplanten - Op 12m2 Wildplukken - Permacultuur moestuin kopen | Planten eenvoudig online bestellen | Schramas.com<\/title>\n<meta name=\"robots\" content=\"index, follow, max-snippet:-1, max-image-preview:large, max-video-preview:-1\" \/>\n<link rel=\"canonical\" href=\"https:\/\/www.schramas.com\/de\/shop\/kommendes-lebensmittelwaldpaket-fur-kleine-gartenobstpflanzen-auf-einem-10-m\u00b2-grosen-permakultur-gemusegarten-mit-wildpfluckung\/\" \/>\n<meta property=\"og:locale\" content=\"de_DE\" \/>\n<meta property=\"og:type\" content=\"article\" \/>\n<meta property=\"og:title\" content=\"Voedselbos pakket - Voor kleine tuin! - 12 Fruitplanten - Op 12m2 Wildplukken - Permacultuur moestuin kopen | Planten eenvoudig online bestellen | Schramas.com\" \/>\n<meta property=\"og:description\" content=\"Deze planten maken een perfect begin voor een voedselbos!  De bomen worden in dit pakket geleverd als wortelgoed\/potten.  1x zuilappel  1x zuilkers  2x Framboos (twee kleuren)  2x Aalbes (twee kleuren)  2x Kruisbes (twee kleuren)  4x Aardbei  &nbsp;\" \/>\n<meta property=\"og:url\" content=\"https:\/\/www.schramas.com\/de\/shop\/kommendes-lebensmittelwaldpaket-fur-kleine-gartenobstpflanzen-auf-einem-10-m\u00b2-grosen-permakultur-gemusegarten-mit-wildpfluckung\/\" \/>\n<meta property=\"og:site_name\" content=\"Planten eenvoudig online bestellen | Schramas.com\" \/>\n<meta property=\"article:publisher\" content=\"https:\/\/www.facebook.com\/Schramascom-106872874153195\/\" \/>\n<meta property=\"article:modified_time\" content=\"2026-04-29T06:04:07+00:00\" \/>\n<meta property=\"og:image\" content=\"http:\/\/www.schramas.com\/wp-content\/uploads\/2023\/02\/Voedselbos2.jpg\" \/>\n\t<meta property=\"og:image:width\" content=\"1200\" \/>\n\t<meta property=\"og:image:height\" content=\"1200\" \/>\n\t<meta property=\"og:image:type\" content=\"image\/jpeg\" \/>\n<meta name=\"twitter:card\" content=\"summary_large_image\" \/>\n<meta name=\"twitter:label1\" content=\"Gesch\u00e4tzte Lesezeit\" \/>\n\t<meta name=\"twitter:data1\" content=\"6\u00a0Minuten\" \/>\n<script type=\"application\/ld+json\" class=\"yoast-schema-graph\">{\"@context\":\"https:\/\/schema.org\",\"@graph\":[{\"@type\":[\"WebPage\",\"ItemPage\"],\"@id\":\"https:\/\/www.schramas.com\/winkel\/aankomend-voedselbos-pakket-voor-kleine-tuin-fruitplanten-op-10m2-wildplukken-permacultuur-moestuin\/\",\"url\":\"https:\/\/www.schramas.com\/winkel\/aankomend-voedselbos-pakket-voor-kleine-tuin-fruitplanten-op-10m2-wildplukken-permacultuur-moestuin\/\",\"name\":\"Voedselbos pakket - Voor kleine tuin! - 12 Fruitplanten - Op 12m2 Wildplukken - Permacultuur moestuin kopen | Planten eenvoudig online bestellen | Schramas.com\",\"isPartOf\":{\"@id\":\"https:\/\/www.schramas.com\/#website\"},\"primaryImageOfPage\":{\"@id\":\"https:\/\/www.schramas.com\/winkel\/aankomend-voedselbos-pakket-voor-kleine-tuin-fruitplanten-op-10m2-wildplukken-permacultuur-moestuin\/#primaryimage\"},\"image\":{\"@id\":\"https:\/\/www.schramas.com\/winkel\/aankomend-voedselbos-pakket-voor-kleine-tuin-fruitplanten-op-10m2-wildplukken-permacultuur-moestuin\/#primaryimage\"},\"thumbnailUrl\":\"https:\/\/www.schramas.com\/wp-content\/uploads\/2023\/02\/Voedselbos2.jpg\",\"datePublished\":\"2023-02-08T15:46:59+00:00\",\"dateModified\":\"2026-04-29T06:04:07+00:00\",\"breadcrumb\":{\"@id\":\"https:\/\/www.schramas.com\/winkel\/aankomend-voedselbos-pakket-voor-kleine-tuin-fruitplanten-op-10m2-wildplukken-permacultuur-moestuin\/#breadcrumb\"},\"inLanguage\":\"de\",\"potentialAction\":[{\"@type\":\"ReadAction\",\"target\":[\"https:\/\/www.schramas.com\/winkel\/aankomend-voedselbos-pakket-voor-kleine-tuin-fruitplanten-op-10m2-wildplukken-permacultuur-moestuin\/\"]}]},{\"@type\":\"ImageObject\",\"inLanguage\":\"de\",\"@id\":\"https:\/\/www.schramas.com\/winkel\/aankomend-voedselbos-pakket-voor-kleine-tuin-fruitplanten-op-10m2-wildplukken-permacultuur-moestuin\/#primaryimage\",\"url\":\"https:\/\/www.schramas.com\/wp-content\/uploads\/2023\/02\/Voedselbos2.jpg\",\"contentUrl\":\"https:\/\/www.schramas.com\/wp-content\/uploads\/2023\/02\/Voedselbos2.jpg\",\"width\":1200,\"height\":1200},{\"@type\":\"BreadcrumbList\",\"@id\":\"https:\/\/www.schramas.com\/winkel\/aankomend-voedselbos-pakket-voor-kleine-tuin-fruitplanten-op-10m2-wildplukken-permacultuur-moestuin\/#breadcrumb\",\"itemListElement\":[{\"@type\":\"ListItem\",\"position\":1,\"name\":\"Product\",\"item\":\"https:\/\/www.schramas.com\/assortiment\/\"},{\"@type\":\"ListItem\",\"position\":2,\"name\":\"Pakketdeals\",\"item\":\"https:\/\/www.schramas.com\/product-category\/pakket-deals\/\"},{\"@type\":\"ListItem\",\"position\":3,\"name\":\"Voedselbos pakket &#8211; Voor kleine tuin! &#8211; 12 Fruitplanten &#8211; Op 12m2 Wildplukken &#8211; Permacultuur moestuin\"}]},{\"@type\":\"WebSite\",\"@id\":\"https:\/\/www.schramas.com\/#website\",\"url\":\"https:\/\/www.schramas.com\/\",\"name\":\"Schramas.com | Tuinplanten eenvoudig online bestellen | Direct van onze Kwekerij\",\"description\":\"\",\"alternateName\":\"Schramas.com - Alle planten direct van de kweker\",\"potentialAction\":[{\"@type\":\"SearchAction\",\"target\":{\"@type\":\"EntryPoint\",\"urlTemplate\":\"https:\/\/www.schramas.com\/?s={search_term_string}\"},\"query-input\":{\"@type\":\"PropertyValueSpecification\",\"valueRequired\":true,\"valueName\":\"search_term_string\"}}],\"inLanguage\":\"de\"}]}<\/script>\n<!-- \/ Yoast SEO plugin. -->","yoast_head_json":{"title":"Lebensmittelwaldpaket \u2013 F\u00fcr den kleinen Garten! - 12 Obstpflanzen - Wildpfl\u00fccken auf 12m2 - Permakultur-Gem\u00fcsegarten kaufen | Pflanzen einfach online bestellen | Schramas.com","robots":{"index":"index","follow":"follow","max-snippet":"max-snippet:-1","max-image-preview":"max-image-preview:large","max-video-preview":"max-video-preview:-1"},"canonical":"https:\/\/www.schramas.com\/de\/shop\/kommendes-lebensmittelwaldpaket-fur-kleine-gartenobstpflanzen-auf-einem-10-m\u00b2-grosen-permakultur-gemusegarten-mit-wildpfluckung\/","og_locale":"de_DE","og_type":"article","og_title":"Voedselbos pakket - Voor kleine tuin! - 12 Fruitplanten - Op 12m2 Wildplukken - Permacultuur moestuin kopen | Planten eenvoudig online bestellen | Schramas.com","og_description":"Deze planten maken een perfect begin voor een voedselbos!  De bomen worden in dit pakket geleverd als wortelgoed\/potten.  1x zuilappel  1x zuilkers  2x Framboos (twee kleuren)  2x Aalbes (twee kleuren)  2x Kruisbes (twee kleuren)  4x Aardbei  &nbsp;","og_url":"https:\/\/www.schramas.com\/de\/shop\/kommendes-lebensmittelwaldpaket-fur-kleine-gartenobstpflanzen-auf-einem-10-m\u00b2-grosen-permakultur-gemusegarten-mit-wildpfluckung\/","og_site_name":"Planten eenvoudig online bestellen | Schramas.com","article_publisher":"https:\/\/www.facebook.com\/Schramascom-106872874153195\/","article_modified_time":"2026-04-29T06:04:07+00:00","og_image":[{"width":1200,"height":1200,"url":"http:\/\/www.schramas.com\/wp-content\/uploads\/2023\/02\/Voedselbos2.jpg","type":"image\/jpeg"}],"twitter_card":"summary_large_image","twitter_misc":{"Gesch\u00e4tzte Lesezeit":"6\u00a0Minuten"},"schema":{"@context":"https:\/\/schema.org","@graph":[{"@type":["WebPage","ItemPage"],"@id":"https:\/\/www.schramas.com\/winkel\/aankomend-voedselbos-pakket-voor-kleine-tuin-fruitplanten-op-10m2-wildplukken-permacultuur-moestuin\/","url":"https:\/\/www.schramas.com\/winkel\/aankomend-voedselbos-pakket-voor-kleine-tuin-fruitplanten-op-10m2-wildplukken-permacultuur-moestuin\/","name":"Lebensmittelwaldpaket \u2013 F\u00fcr den kleinen Garten! - 12 Obstpflanzen - Wildpfl\u00fccken auf 12m2 - Permakultur-Gem\u00fcsegarten kaufen | Pflanzen einfach online bestellen | Schramas.com","isPartOf":{"@id":"https:\/\/www.schramas.com\/#website"},"primaryImageOfPage":{"@id":"https:\/\/www.schramas.com\/winkel\/aankomend-voedselbos-pakket-voor-kleine-tuin-fruitplanten-op-10m2-wildplukken-permacultuur-moestuin\/#primaryimage"},"image":{"@id":"https:\/\/www.schramas.com\/winkel\/aankomend-voedselbos-pakket-voor-kleine-tuin-fruitplanten-op-10m2-wildplukken-permacultuur-moestuin\/#primaryimage"},"thumbnailUrl":"https:\/\/www.schramas.com\/wp-content\/uploads\/2023\/02\/Voedselbos2.jpg","datePublished":"2023-02-08T15:46:59+00:00","dateModified":"2026-04-29T06:04:07+00:00","breadcrumb":{"@id":"https:\/\/www.schramas.com\/winkel\/aankomend-voedselbos-pakket-voor-kleine-tuin-fruitplanten-op-10m2-wildplukken-permacultuur-moestuin\/#breadcrumb"},"inLanguage":"de","potentialAction":[{"@type":"ReadAction","target":["https:\/\/www.schramas.com\/winkel\/aankomend-voedselbos-pakket-voor-kleine-tuin-fruitplanten-op-10m2-wildplukken-permacultuur-moestuin\/"]}]},{"@type":"ImageObject","inLanguage":"de","@id":"https:\/\/www.schramas.com\/winkel\/aankomend-voedselbos-pakket-voor-kleine-tuin-fruitplanten-op-10m2-wildplukken-permacultuur-moestuin\/#primaryimage","url":"https:\/\/www.schramas.com\/wp-content\/uploads\/2023\/02\/Voedselbos2.jpg","contentUrl":"https:\/\/www.schramas.com\/wp-content\/uploads\/2023\/02\/Voedselbos2.jpg","width":1200,"height":1200},{"@type":"BreadcrumbList","@id":"https:\/\/www.schramas.com\/winkel\/aankomend-voedselbos-pakket-voor-kleine-tuin-fruitplanten-op-10m2-wildplukken-permacultuur-moestuin\/#breadcrumb","itemListElement":[{"@type":"ListItem","position":1,"name":"Product","item":"https:\/\/www.schramas.com\/assortiment\/"},{"@type":"ListItem","position":2,"name":"Pakketdeals","item":"https:\/\/www.schramas.com\/product-category\/pakket-deals\/"},{"@type":"ListItem","position":3,"name":"Voedselbos pakket &#8211; Voor kleine tuin! &#8211; 12 Fruitplanten &#8211; Op 12m2 Wildplukken &#8211; Permacultuur moestuin"}]},{"@type":"WebSite","@id":"https:\/\/www.schramas.com\/#website","url":"https:\/\/www.schramas.com\/","name":"Schramas.com | Gartenpflanzen einfach online bestellen | Direkt aus unserer G\u00e4rtnerei","description":"","alternateName":"Schramas.com - Alle planten direct van de kweker","potentialAction":[{"@type":"SearchAction","target":{"@type":"EntryPoint","urlTemplate":"https:\/\/www.schramas.com\/?s={search_term_string}"},"query-input":{"@type":"PropertyValueSpecification","valueRequired":true,"valueName":"search_term_string"}}],"inLanguage":"de"}]}},"_links":{"self":[{"href":"https:\/\/www.schramas.com\/de\/wp-json\/wp\/v2\/product\/22458","targetHints":{"allow":["GET"]}}],"collection":[{"href":"https:\/\/www.schramas.com\/de\/wp-json\/wp\/v2\/product"}],"about":[{"href":"https:\/\/www.schramas.com\/de\/wp-json\/wp\/v2\/types\/product"}],"version-history":[{"count":1,"href":"https:\/\/www.schramas.com\/de\/wp-json\/wp\/v2\/product\/22458\/revisions"}],"predecessor-version":[{"id":38208,"href":"https:\/\/www.schramas.com\/de\/wp-json\/wp\/v2\/product\/22458\/revisions\/38208"}],"wp:featuredmedia":[{"embeddable":true,"href":"https:\/\/www.schramas.com\/de\/wp-json\/wp\/v2\/media\/22485"}],"wp:attachment":[{"href":"https:\/\/www.schramas.com\/de\/wp-json\/wp\/v2\/media?parent=22458"}],"wp:term":[{"taxonomy":"product_brand","embeddable":true,"href":"https:\/\/www.schramas.com\/de\/wp-json\/wp\/v2\/product_brand?post=22458"},{"taxonomy":"product_cat","embeddable":true,"href":"https:\/\/www.schramas.com\/de\/wp-json\/wp\/v2\/product_cat?post=22458"},{"taxonomy":"product_tag","embeddable":true,"href":"https:\/\/www.schramas.com\/de\/wp-json\/wp\/v2\/product_tag?post=22458"}],"curies":[{"name":"wp","href":"https:\/\/api.w.org\/{rel}","templated":true}]}}