{"id":23184,"date":"2023-03-07T15:58:52","date_gmt":"2023-03-07T14:58:52","guid":{"rendered":"https:\/\/www.schramas.com\/?post_type=product&#038;p=23184"},"modified":"2026-04-28T13:18:40","modified_gmt":"2026-04-28T11:18:40","slug":"set-mit-4-obstpflanzen-1-goji-beere-1-brombeere-1-apfelbeere-1-preiselbeere-hohe-15-30-cm-9-cm-topfmischung-b","status":"publish","type":"product","link":"https:\/\/www.schramas.com\/de\/shop\/set-mit-4-obstpflanzen-1-goji-beere-1-brombeere-1-apfelbeere-1-preiselbeere-hohe-15-30-cm-9-cm-topfmischung-b\/","title":{"rendered":"Set aus 4 Obstpflanzen - 1 Goji-Beere, 1 Brombeere, 1 Apfelbeere, 1 Cranberry - H\u00f6he 15\/30cm - 9cm Topf - Mix B"},"content":{"rendered":"<p><b>Gojibeer-Sorte: Lycium barbarum, Goji-Beere<\/b><\/p>\n<p>Die Lycium Barbarum, besser bekannt als Goji-Beere oder Buchsdorn, ist ein winterharter Strauch, der aus China und Tibet stammt. Diese schnell wachsende Pflanze gedeiht auf kargen B\u00f6den und vertr\u00e4gt Meereswinde. Im Fr\u00fchjahr wachsen die l\u00e4nglichen Bl\u00e4tter und w\u00e4hrend der Bl\u00fcte erscheinen am einj\u00e4hrigen Holz violette Bl\u00fcten. Nach der Bl\u00fcte bilden sich ovale Fr\u00fcchte, die zun\u00e4chst gr\u00fcn sind und sich bei Reife orangerot verf\u00e4rben. Die Beeren sind sehr heilkr\u00e4ftig und enthalten Vitamine, Carotin und Aminos\u00e4uren. Sie helfen gegen verschiedene Beschwerden wie vorzeitige Alterung und Atemwegserkrankungen. Die Goji-Beere kann zu Marmelade, Saft, Gelee verarbeitet, zu Johannisbeeren getrocknet oder sogar zur Zubereitung von Tee verwendet werden. Bitte beachten Sie, dass der Strauch scharfe Dornen hat und sich f\u00fcr die Bildung einer undurchdringlichen Hecke von bis zu 150\u2013200 cm eignet.<\/p>\n<p><strong>Produktspezifikationen<\/strong><\/p>\n<ul>\n<li>Lycium barbarum, Goji-Beere<\/li>\n<li>Geschmack: frisches Johannisbeeraroma.<\/li>\n<li>Fruchtfarbe: orange-rot<\/li>\n<li>H\u00f6he max: 2 Meter<\/li>\n<li>Stacheliger Strauch, geeignet als Trennhecke<\/li>\n<li>Selbstbest\u00e4ubend<\/li>\n<li>Sowohl f\u00fcr die Terrasse als auch f\u00fcr den offenen Boden geeignet.<\/li>\n<li>Lieferh\u00f6he inkl. Topf: 25 bis 30 cm<\/li>\n<\/ul>\n<p>&nbsp;<\/p>\n<p><b>Brombeersorte: Rubus fruticosus &#039;Loch Ness&#039;\u00a0<\/b><\/p>\n<p>Lernen Sie den Rubus fruticosus \u201eLoch Ness\u201c kennen, eine kr\u00e4ftige Brombeerpflanze, die fr\u00fch Fr\u00fcchte tr\u00e4gt und noch lange Fr\u00fcchte tr\u00e4gt (von August bis Oktober). Die gro\u00dfen, s\u00fc\u00dfen und aromatischen Fr\u00fcchte haben eine elliptische Form und sind leicht zu pfl\u00fccken. Diese krankheitsresistente Pflanze wurde 1983 durch Kreuzung mehrerer Arten in Schottland gez\u00fcchtet und hat einen hohen Ertrag. Es weist eine gute Resistenz gegen Falschen Mehltau auf, es wird jedoch ein Winterschutz unter -15 \u00b0C empfohlen. Die Rankenart hat keine Stacheln und kann bis zu 3 Meter lange Triebe entwickeln. Sie ist eine der besseren Brombeersorten ohne R\u00fcckgrat und kann w\u00f6chentlich gepfl\u00fcckt werden. Ideal zum Einfrieren.<\/p>\n<p><strong>Produktspezifikationen<\/strong><\/p>\n<ul>\n<li>Rubus fruticosus &#039;Loch Ness&#039;<\/li>\n<li>Ertrag: s\u00fc\u00dfe l\u00e4ngliche Brombeeren<\/li>\n<li>Farbe: Schwarze Frucht<\/li>\n<li>Hardy<\/li>\n<li>Selbstbest\u00e4ubend<\/li>\n<li>Max. H\u00f6he: ca. 250 cm im Freiland<\/li>\n<\/ul>\n<p>&nbsp;<\/p>\n<p><b>Apfelbeersorte: Aronia prunifolia &#039;Viking&#039;\u00a0<\/b><\/p>\n<p>Aronia prunifolia \u201eViking\u201c ist eine ausgezeichnete Wahl f\u00fcr einen sonnigen oder halbschattigen Garten. Die Pflanze bl\u00fcht im Mai mit wei\u00df-rosa, duftenden Bl\u00fcten, die sich zu auberginenschwarzen Beeren mit vielen N\u00e4hrstoffen entwickeln. Die Beeren haben einen s\u00e4uerlichen Geschmack, werden aber von V\u00f6geln gesch\u00e4tzt und k\u00f6nnen zu Saft, Gelee oder Marmelade verarbeitet werden. Im Herbst verf\u00e4rben sich die Bl\u00e4tter in eine wundersch\u00f6ne Farbkombination aus Gelb, Rot und Lila. Aronia prunifolia &#039;Viking&#039; ist selbstbest\u00e4ubend, winterhart und laubabwerfend.<\/p>\n<p><strong>Produktspezifikationen<\/strong><\/p>\n<ul>\n<li>Aronia prunifolia 'Wikinger'<\/li>\n<li>Apfelbeere<\/li>\n<li>Geschmack: frisch-s\u00e4uerlicher Geschmack.<\/li>\n<li>Fruchtfarbe: schwarz<\/li>\n<li>H\u00f6he max: 2 Meter<\/li>\n<li>Der Strauch eignet sich als Trennhecke oder als Solit\u00e4r.<\/li>\n<li>Selbstbest\u00e4ubend<\/li>\n<li>Sowohl f\u00fcr die Terrasse als auch f\u00fcr den offenen Boden geeignet.<\/li>\n<li>Lieferh\u00f6he inkl. Topf: +\/_30 cm<\/li>\n<\/ul>\n<p>&nbsp;<\/p>\n<p><b>Cranberry-Sorte: Vaccinium Macrocarpon &#039;Howes&#039;\u00a0<\/b><\/p>\n<p>Vaccinium Macrocarpon \u201eHowes\u201c ist ein wundersch\u00f6ner immergr\u00fcner Obststrauch, der f\u00fcr seine saftigen und leckeren Preiselbeeren bekannt ist. Dieser niedrig wachsende Strauch wird 30\u201350 cm hoch und hat eine Breite von 0,5\u20131 m, was ihn zu einer ausgezeichneten Wahl f\u00fcr den Anbau in k\u00fchleren Klimazonen macht.<\/p>\n<p>Im Sp\u00e4tfr\u00fchling oder Fr\u00fchsommer bl\u00fcht der Vaccinium Macrocarpon \u201eHowes\u201c mit rosa Bl\u00fcten, die dann Mitte Herbst einer reichlichen Ernte purpurroter Preiselbeeren Platz machen. Die dunkelgr\u00fcnen Bl\u00e4tter der Pflanze verf\u00e4rben sich im Winter wundersch\u00f6n bronze- oder rot, was sie zu einer sch\u00f6nen Erg\u00e4nzung f\u00fcr jeden Garten oder jede Landschaft macht.<\/p>\n<p><strong>Produktspezifikationen<\/strong><\/p>\n<ul>\n<li>Vaccinium Macrocarpon &#039;Howes&#039;<\/li>\n<li>Preiselbeere<\/li>\n<li>Geschmack: frisch und sauer<\/li>\n<li>Fruchtfarbe: rot<\/li>\n<li>Maximale H\u00f6he: ca. 0,5 Meter<\/li>\n<li>Bodendecker<\/li>\n<li>Selbstbest\u00e4ubend<\/li>\n<li>Lieferh\u00f6he inkl. Topf: ca. 15 cm<\/li>\n<li>Sowohl f\u00fcr die Terrasse als auch f\u00fcr den offenen Boden geeignet.<\/li>\n<\/ul>","protected":false},"excerpt":{"rendered":"<p>Gojibeer-Sorte: Lycium barbarum, Goji-Beere<\/p>\n<p>Brombeersorte: Rubus fruticosus &#039;Loch Ness&#039;<\/p>\n<p>Apfelbeersorte: Aronia prunifolia &#039;Viking&#039;<\/p>\n<p>Cranberry-Sorte: Vaccinium Macrocarpon &#039;Howes&#039;<\/p>\n<p>Lieferh\u00f6he inkl. Topf: ca. 15\/30cm<\/p>\n<p>Topfgr\u00f6\u00dfe: 9cm Topf<\/p>\n<p>Sowohl f\u00fcr die Terrasse als auch f\u00fcr den offenen Boden geeignet<\/p>","protected":false},"featured_media":23185,"template":"","meta":{"_joinchat":[]},"product_brand":[],"product_cat":[48,262,44,1011,234,46,867],"product_tag":[550,807,1048,1047,1050,654,653,1049],"class_list":{"0":"post-23184","1":"product","2":"type-product","3":"status-publish","4":"has-post-thumbnail","6":"product_cat-appelbes","7":"product_cat-bomen-struiken","8":"product_cat-bramen","9":"product_cat-fruit-deals","10":"product_cat-fruitstruiken","11":"product_cat-lonicera","12":"product_cat-pakket-deals","13":"product_tag-appelbes","14":"product_tag-bramen","15":"product_tag-cranberry","16":"product_tag-fruitplanten-set","17":"product_tag-gojiberry","18":"product_tag-gojibes","19":"product_tag-lycium","20":"product_tag-veenbes","22":"first","23":"instock","24":"taxable","25":"shipping-taxable","26":"purchasable","27":"product-type-simple"},"yoast_head":"<!-- This site is optimized with the Yoast SEO plugin v24.2 - https:\/\/yoast.com\/wordpress\/plugins\/seo\/ -->\n<title>Set van 4 Fruitplanten - 1 Gojibes, 1 Braam, 1 Appelbes, 1 Cranberry - Hoogte 15\/30cm - 9cm pot - Mix B kopen | Planten eenvoudig online bestellen | Schramas.com<\/title>\n<meta name=\"robots\" content=\"index, follow, max-snippet:-1, max-image-preview:large, max-video-preview:-1\" \/>\n<link rel=\"canonical\" href=\"https:\/\/www.schramas.com\/de\/shop\/set-mit-4-obstpflanzen-1-goji-beere-1-brombeere-1-apfelbeere-1-preiselbeere-hohe-15-30-cm-9-cm-topfmischung-b\/\" \/>\n<meta property=\"og:locale\" content=\"de_DE\" \/>\n<meta property=\"og:type\" content=\"article\" \/>\n<meta property=\"og:title\" content=\"Set van 4 Fruitplanten - 1 Gojibes, 1 Braam, 1 Appelbes, 1 Cranberry - Hoogte 15\/30cm - 9cm pot - Mix B kopen | Planten eenvoudig online bestellen | Schramas.com\" \/>\n<meta property=\"og:description\" content=\"Gojiberry vari\u00ebteit: Lycium barbarum, goji bes  Braam vari\u00ebteit: Rubus fruticosus &#039;Loch Ness&#039;  Appelbes vari\u00ebteit: Aronia prunifolia &#039;Viking&#039;  Cranberry vari\u00ebteit: Vaccinium Macrocarpon &#039;Howes&#039;  Leverhoogte incl. pot: ca. 15\/30cm  Potmaat: 9cm pot  Geschikt voor zowel patio als volle grond\" \/>\n<meta property=\"og:url\" content=\"https:\/\/www.schramas.com\/de\/shop\/set-mit-4-obstpflanzen-1-goji-beere-1-brombeere-1-apfelbeere-1-preiselbeere-hohe-15-30-cm-9-cm-topfmischung-b\/\" \/>\n<meta property=\"og:site_name\" content=\"Planten eenvoudig online bestellen | Schramas.com\" \/>\n<meta property=\"article:publisher\" content=\"https:\/\/www.facebook.com\/Schramascom-106872874153195\/\" \/>\n<meta property=\"article:modified_time\" content=\"2026-04-28T11:18:40+00:00\" \/>\n<meta property=\"og:image\" content=\"http:\/\/www.schramas.com\/wp-content\/uploads\/2023\/03\/Set-van-4-fruitplanten-Mix-B.png\" \/>\n\t<meta property=\"og:image:width\" content=\"701\" \/>\n\t<meta property=\"og:image:height\" content=\"701\" \/>\n\t<meta property=\"og:image:type\" content=\"image\/png\" \/>\n<meta name=\"twitter:card\" content=\"summary_large_image\" \/>\n<meta name=\"twitter:label1\" content=\"Gesch\u00e4tzte Lesezeit\" \/>\n\t<meta name=\"twitter:data1\" content=\"3\u00a0Minuten\" \/>\n<script type=\"application\/ld+json\" class=\"yoast-schema-graph\">{\"@context\":\"https:\/\/schema.org\",\"@graph\":[{\"@type\":[\"WebPage\",\"ItemPage\"],\"@id\":\"https:\/\/www.schramas.com\/winkel\/set-van-4-fruitplanten-1-gojibes-1-braam-1-appelbes-1-cranberry-hoogte-15-30cm-9cm-pot-mix-b\/\",\"url\":\"https:\/\/www.schramas.com\/winkel\/set-van-4-fruitplanten-1-gojibes-1-braam-1-appelbes-1-cranberry-hoogte-15-30cm-9cm-pot-mix-b\/\",\"name\":\"Set van 4 Fruitplanten - 1 Gojibes, 1 Braam, 1 Appelbes, 1 Cranberry - Hoogte 15\/30cm - 9cm pot - Mix B kopen | Planten eenvoudig online bestellen | Schramas.com\",\"isPartOf\":{\"@id\":\"https:\/\/www.schramas.com\/#website\"},\"primaryImageOfPage\":{\"@id\":\"https:\/\/www.schramas.com\/winkel\/set-van-4-fruitplanten-1-gojibes-1-braam-1-appelbes-1-cranberry-hoogte-15-30cm-9cm-pot-mix-b\/#primaryimage\"},\"image\":{\"@id\":\"https:\/\/www.schramas.com\/winkel\/set-van-4-fruitplanten-1-gojibes-1-braam-1-appelbes-1-cranberry-hoogte-15-30cm-9cm-pot-mix-b\/#primaryimage\"},\"thumbnailUrl\":\"https:\/\/www.schramas.com\/wp-content\/uploads\/2023\/03\/Set-van-4-fruitplanten-Mix-B.png\",\"datePublished\":\"2023-03-07T14:58:52+00:00\",\"dateModified\":\"2026-04-28T11:18:40+00:00\",\"breadcrumb\":{\"@id\":\"https:\/\/www.schramas.com\/winkel\/set-van-4-fruitplanten-1-gojibes-1-braam-1-appelbes-1-cranberry-hoogte-15-30cm-9cm-pot-mix-b\/#breadcrumb\"},\"inLanguage\":\"de\",\"potentialAction\":[{\"@type\":\"ReadAction\",\"target\":[\"https:\/\/www.schramas.com\/winkel\/set-van-4-fruitplanten-1-gojibes-1-braam-1-appelbes-1-cranberry-hoogte-15-30cm-9cm-pot-mix-b\/\"]}]},{\"@type\":\"ImageObject\",\"inLanguage\":\"de\",\"@id\":\"https:\/\/www.schramas.com\/winkel\/set-van-4-fruitplanten-1-gojibes-1-braam-1-appelbes-1-cranberry-hoogte-15-30cm-9cm-pot-mix-b\/#primaryimage\",\"url\":\"https:\/\/www.schramas.com\/wp-content\/uploads\/2023\/03\/Set-van-4-fruitplanten-Mix-B.png\",\"contentUrl\":\"https:\/\/www.schramas.com\/wp-content\/uploads\/2023\/03\/Set-van-4-fruitplanten-Mix-B.png\",\"width\":701,\"height\":701},{\"@type\":\"BreadcrumbList\",\"@id\":\"https:\/\/www.schramas.com\/winkel\/set-van-4-fruitplanten-1-gojibes-1-braam-1-appelbes-1-cranberry-hoogte-15-30cm-9cm-pot-mix-b\/#breadcrumb\",\"itemListElement\":[{\"@type\":\"ListItem\",\"position\":1,\"name\":\"Product\",\"item\":\"https:\/\/www.schramas.com\/assortiment\/\"},{\"@type\":\"ListItem\",\"position\":2,\"name\":\"Bomen &amp; Struiken\",\"item\":\"https:\/\/www.schramas.com\/product-category\/bomen-struiken\/\"},{\"@type\":\"ListItem\",\"position\":3,\"name\":\"Fruitstruiken\",\"item\":\"https:\/\/www.schramas.com\/de\/produktkategorie\/baume-und-straucher\/obststraucher\/\"},{\"@type\":\"ListItem\",\"position\":4,\"name\":\"Appelbes\",\"item\":\"https:\/\/www.schramas.com\/product-category\/bomen-struiken\/fruitstruiken\/appelbes\/\"},{\"@type\":\"ListItem\",\"position\":5,\"name\":\"Set van 4 Fruitplanten &#8211; 1 Gojibes, 1 Braam, 1 Appelbes, 1 Cranberry &#8211; Hoogte 15\/30cm &#8211; 9cm pot &#8211; Mix B\"}]},{\"@type\":\"WebSite\",\"@id\":\"https:\/\/www.schramas.com\/#website\",\"url\":\"https:\/\/www.schramas.com\/\",\"name\":\"Schramas.com | Tuinplanten eenvoudig online bestellen | Direct van onze Kwekerij\",\"description\":\"\",\"alternateName\":\"Schramas.com - Alle planten direct van de kweker\",\"potentialAction\":[{\"@type\":\"SearchAction\",\"target\":{\"@type\":\"EntryPoint\",\"urlTemplate\":\"https:\/\/www.schramas.com\/?s={search_term_string}\"},\"query-input\":{\"@type\":\"PropertyValueSpecification\",\"valueRequired\":true,\"valueName\":\"search_term_string\"}}],\"inLanguage\":\"de\"}]}<\/script>\n<!-- \/ Yoast SEO plugin. -->","yoast_head_json":{"title":"Set mit 4 Obstpflanzen \u2013 1 Gojibeere, 1 Brombeere, 1 Aroniabeere, 1 Cranberry \u2013 H\u00f6he 15\/30 cm \u2013 9 cm Topf \u2013 Kaufen Sie Mix B | Pflanzen einfach online bestellen | Schramas.com","robots":{"index":"index","follow":"follow","max-snippet":"max-snippet:-1","max-image-preview":"max-image-preview:large","max-video-preview":"max-video-preview:-1"},"canonical":"https:\/\/www.schramas.com\/de\/shop\/set-mit-4-obstpflanzen-1-goji-beere-1-brombeere-1-apfelbeere-1-preiselbeere-hohe-15-30-cm-9-cm-topfmischung-b\/","og_locale":"de_DE","og_type":"article","og_title":"Set van 4 Fruitplanten - 1 Gojibes, 1 Braam, 1 Appelbes, 1 Cranberry - Hoogte 15\/30cm - 9cm pot - Mix B kopen | Planten eenvoudig online bestellen | Schramas.com","og_description":"Gojiberry vari\u00ebteit: Lycium barbarum, goji bes  Braam vari\u00ebteit: Rubus fruticosus 'Loch Ness'  Appelbes vari\u00ebteit: Aronia prunifolia 'Viking'  Cranberry vari\u00ebteit: Vaccinium Macrocarpon 'Howes'  Leverhoogte incl. pot: ca. 15\/30cm  Potmaat: 9cm pot  Geschikt voor zowel patio als volle grond","og_url":"https:\/\/www.schramas.com\/de\/shop\/set-mit-4-obstpflanzen-1-goji-beere-1-brombeere-1-apfelbeere-1-preiselbeere-hohe-15-30-cm-9-cm-topfmischung-b\/","og_site_name":"Planten eenvoudig online bestellen | Schramas.com","article_publisher":"https:\/\/www.facebook.com\/Schramascom-106872874153195\/","article_modified_time":"2026-04-28T11:18:40+00:00","og_image":[{"width":701,"height":701,"url":"http:\/\/www.schramas.com\/wp-content\/uploads\/2023\/03\/Set-van-4-fruitplanten-Mix-B.png","type":"image\/png"}],"twitter_card":"summary_large_image","twitter_misc":{"Gesch\u00e4tzte Lesezeit":"3\u00a0Minuten"},"schema":{"@context":"https:\/\/schema.org","@graph":[{"@type":["WebPage","ItemPage"],"@id":"https:\/\/www.schramas.com\/winkel\/set-van-4-fruitplanten-1-gojibes-1-braam-1-appelbes-1-cranberry-hoogte-15-30cm-9cm-pot-mix-b\/","url":"https:\/\/www.schramas.com\/winkel\/set-van-4-fruitplanten-1-gojibes-1-braam-1-appelbes-1-cranberry-hoogte-15-30cm-9cm-pot-mix-b\/","name":"Set mit 4 Obstpflanzen \u2013 1 Gojibeere, 1 Brombeere, 1 Aroniabeere, 1 Cranberry \u2013 H\u00f6he 15\/30 cm \u2013 9 cm Topf \u2013 Kaufen Sie Mix B | Pflanzen einfach online bestellen | Schramas.com","isPartOf":{"@id":"https:\/\/www.schramas.com\/#website"},"primaryImageOfPage":{"@id":"https:\/\/www.schramas.com\/winkel\/set-van-4-fruitplanten-1-gojibes-1-braam-1-appelbes-1-cranberry-hoogte-15-30cm-9cm-pot-mix-b\/#primaryimage"},"image":{"@id":"https:\/\/www.schramas.com\/winkel\/set-van-4-fruitplanten-1-gojibes-1-braam-1-appelbes-1-cranberry-hoogte-15-30cm-9cm-pot-mix-b\/#primaryimage"},"thumbnailUrl":"https:\/\/www.schramas.com\/wp-content\/uploads\/2023\/03\/Set-van-4-fruitplanten-Mix-B.png","datePublished":"2023-03-07T14:58:52+00:00","dateModified":"2026-04-28T11:18:40+00:00","breadcrumb":{"@id":"https:\/\/www.schramas.com\/winkel\/set-van-4-fruitplanten-1-gojibes-1-braam-1-appelbes-1-cranberry-hoogte-15-30cm-9cm-pot-mix-b\/#breadcrumb"},"inLanguage":"de","potentialAction":[{"@type":"ReadAction","target":["https:\/\/www.schramas.com\/winkel\/set-van-4-fruitplanten-1-gojibes-1-braam-1-appelbes-1-cranberry-hoogte-15-30cm-9cm-pot-mix-b\/"]}]},{"@type":"ImageObject","inLanguage":"de","@id":"https:\/\/www.schramas.com\/winkel\/set-van-4-fruitplanten-1-gojibes-1-braam-1-appelbes-1-cranberry-hoogte-15-30cm-9cm-pot-mix-b\/#primaryimage","url":"https:\/\/www.schramas.com\/wp-content\/uploads\/2023\/03\/Set-van-4-fruitplanten-Mix-B.png","contentUrl":"https:\/\/www.schramas.com\/wp-content\/uploads\/2023\/03\/Set-van-4-fruitplanten-Mix-B.png","width":701,"height":701},{"@type":"BreadcrumbList","@id":"https:\/\/www.schramas.com\/winkel\/set-van-4-fruitplanten-1-gojibes-1-braam-1-appelbes-1-cranberry-hoogte-15-30cm-9cm-pot-mix-b\/#breadcrumb","itemListElement":[{"@type":"ListItem","position":1,"name":"Product","item":"https:\/\/www.schramas.com\/assortiment\/"},{"@type":"ListItem","position":2,"name":"Bomen &amp; Struiken","item":"https:\/\/www.schramas.com\/product-category\/bomen-struiken\/"},{"@type":"ListItem","position":3,"name":"Fruitstruiken","item":"https:\/\/www.schramas.com\/de\/produktkategorie\/baume-und-straucher\/obststraucher\/"},{"@type":"ListItem","position":4,"name":"Appelbes","item":"https:\/\/www.schramas.com\/product-category\/bomen-struiken\/fruitstruiken\/appelbes\/"},{"@type":"ListItem","position":5,"name":"Set van 4 Fruitplanten &#8211; 1 Gojibes, 1 Braam, 1 Appelbes, 1 Cranberry &#8211; Hoogte 15\/30cm &#8211; 9cm pot &#8211; Mix B"}]},{"@type":"WebSite","@id":"https:\/\/www.schramas.com\/#website","url":"https:\/\/www.schramas.com\/","name":"Schramas.com | Gartenpflanzen einfach online bestellen | Direkt aus unserer G\u00e4rtnerei","description":"","alternateName":"Schramas.com - Alle planten direct van de kweker","potentialAction":[{"@type":"SearchAction","target":{"@type":"EntryPoint","urlTemplate":"https:\/\/www.schramas.com\/?s={search_term_string}"},"query-input":{"@type":"PropertyValueSpecification","valueRequired":true,"valueName":"search_term_string"}}],"inLanguage":"de"}]}},"_links":{"self":[{"href":"https:\/\/www.schramas.com\/de\/wp-json\/wp\/v2\/product\/23184","targetHints":{"allow":["GET"]}}],"collection":[{"href":"https:\/\/www.schramas.com\/de\/wp-json\/wp\/v2\/product"}],"about":[{"href":"https:\/\/www.schramas.com\/de\/wp-json\/wp\/v2\/types\/product"}],"version-history":[{"count":1,"href":"https:\/\/www.schramas.com\/de\/wp-json\/wp\/v2\/product\/23184\/revisions"}],"predecessor-version":[{"id":48581,"href":"https:\/\/www.schramas.com\/de\/wp-json\/wp\/v2\/product\/23184\/revisions\/48581"}],"wp:featuredmedia":[{"embeddable":true,"href":"https:\/\/www.schramas.com\/de\/wp-json\/wp\/v2\/media\/23185"}],"wp:attachment":[{"href":"https:\/\/www.schramas.com\/de\/wp-json\/wp\/v2\/media?parent=23184"}],"wp:term":[{"taxonomy":"product_brand","embeddable":true,"href":"https:\/\/www.schramas.com\/de\/wp-json\/wp\/v2\/product_brand?post=23184"},{"taxonomy":"product_cat","embeddable":true,"href":"https:\/\/www.schramas.com\/de\/wp-json\/wp\/v2\/product_cat?post=23184"},{"taxonomy":"product_tag","embeddable":true,"href":"https:\/\/www.schramas.com\/de\/wp-json\/wp\/v2\/product_tag?post=23184"}],"curies":[{"name":"wp","href":"https:\/\/api.w.org\/{rel}","templated":true}]}}