{"id":26258,"date":"2023-06-13T15:41:13","date_gmt":"2023-06-13T13:41:13","guid":{"rendered":"https:\/\/www.schramas.com\/?post_type=product&#038;p=26258"},"modified":"2026-03-26T16:35:43","modified_gmt":"2026-03-26T15:35:43","slug":"set-mit-3-exotischen-obstbaumen-1-aprikose-1-pfirsich-1-nektarine-hohe-90-cm-5-liter-topfmischung-b","status":"publish","type":"product","link":"https:\/\/www.schramas.com\/de\/shop\/set-mit-3-exotischen-obstbaumen-1-aprikose-1-pfirsich-1-nektarine-hohe-90-cm-5-liter-topfmischung-b\/","title":{"rendered":"3er Set Exotische Obstb\u00e4ume - 1 Aprikose, 1 Pfirsich, 1 Nektarine - H\u00f6he +90cm - 5 Liter Topf - Mix B"},"content":{"rendered":"<p><strong>Aprikosensorte: Prunus Armeniaca &#039;Luizet&#039; Aprikose<\/strong><\/p>\n<p>Der Prunus Armeniaca \u201eLuizet\u201c ist ein Aprikosenbaum mit gro\u00dfen, s\u00fc\u00dfen, wundersch\u00f6nen orange-gelben Fr\u00fcchten. Sie ist selbstbest\u00e4ubend und fruchtbar, bl\u00fcht etwas l\u00e4nger als andere Aprikosen und hat hellrosa sternf\u00f6rmige Bl\u00fcten. Aufgrund der fr\u00fchen Bl\u00fcte der Aprikose empfiehlt es sich, die Bl\u00fcte vor Nachtfrost zu sch\u00fctzen und den Baum an einem gesch\u00fctzten und sonnigen Ort zu pflanzen. Winterhart, vertr\u00e4gt Trockenheit und lockt Bienen und Schmetterlinge an.<\/p>\n<p>&nbsp;<\/p>\n<p><strong>Produktspezifikationen<\/strong><\/p>\n<ul>\n<li>Prunus Armeniaca &#039;Luizet&#039;, Aprikose<\/li>\n<li>Aprikose<\/li>\n<li>Geschmack: weiche, saftige Fr\u00fcchte mit feinem Aroma<\/li>\n<li>Fruchtzeit: August<\/li>\n<li>Fruchtfarbe: orange, rund-oval, leicht behaart<\/li>\n<li>H\u00f6he max: ca. 3 -5 m im Freiland je nach Schnitt und Unterlage<\/li>\n<li>Selbstbest\u00e4ubend<\/li>\n<li>Geeignet sowohl f\u00fcr die Terrasse als auch f\u00fcr das Freiland (an einem gesch\u00fctzten und sonnigen Ort).<\/li>\n<\/ul>\n<p>&nbsp;<\/p>\n<p><strong>Pfirsichsorte: Prunus persica &#039;Donut&#039; wilder Pfirsichbaum<\/strong><\/p>\n<p>Der bekannte Flach- oder Wildpfirsich, der auch noch saftig und s\u00fc\u00df ist! Auch in Europa w\u00e4chst dieser Pfirsichbaum hervorragend, wir empfehlen einen warmen, gesch\u00fctzten Standort und Schutz vor Frost im ersten Jahr. Der flache Wildpfirsich bietet viel Geschmack und l\u00e4sst sich beim Essen gut in der Hand halten. Allein die Bl\u00fcte macht diesen Pfirsichbaum zu einem wundersch\u00f6nen Gartenobjekt! Der Pfirsich bl\u00fcht sehr fr\u00fch im Jahr (Februar M\u00e4rz), daher ist es wichtig, die Bl\u00fcte vor Frost zu sch\u00fctzen. Pfirsiche sind selbstbest\u00e4ubend und k\u00f6nnen daher Einzelg\u00e4nger sein.<\/p>\n<p>&nbsp;<\/p>\n<p><strong>Produktspezifikationen<\/strong><\/p>\n<ul>\n<li>Prunus persica &#039;Donut&#039;<\/li>\n<li>Donut flach oder wilder Pfirsich<\/li>\n<li>Geschmack: s\u00fc\u00df.<\/li>\n<li>Fruchtfarbe: gelbrot.<\/li>\n<li>Sowohl f\u00fcr die Terrasse als auch f\u00fcr den offenen Boden geeignet.<\/li>\n<li>selbstbest\u00e4ubend<\/li>\n<li>Im ersten Jahr vor Frost sch\u00fctzen.<\/li>\n<\/ul>\n<p>&nbsp;<\/p>\n<p><strong>Nektarinensorte: Prunus Persica &#039;Fire Top&#039;-Nektarine<\/strong><\/p>\n<p>Die \u201eFire Top\u201c-Nektarine ist eine schmackhafte, gelbe Frucht, die in der Zwischensaison reift. Der Nektarinenbaum hat ein mittelstarkes und halb aufrechtes Blatt mit guter Selbstbest\u00e4ubung. Sie bl\u00fcht wundersch\u00f6n mit rosafarbenen Bl\u00fcten, die gegen\u00fcber Winterfrost nicht sehr empfindlich sind. Die Frucht ist mittelgro\u00df und rund. Die Schale ist glatt und hat eine gl\u00e4nzende dunkelrote bis violette Farbe. Das Fruchtfleisch ist sehr gelb, um den Stein herum leicht r\u00f6tlich, fest und saftig, mit w\u00fcrzig-aromatischem Geschmack und idealer S\u00e4ure. Der Kern l\u00e4sst sich teilweise l\u00f6sen und die Fr\u00fcchte k\u00f6nnen gut gelagert werden. Die Ernte erfolgt Ende Juli und die Ertr\u00e4ge sind hoch und regelm\u00e4\u00dfig, allerdings ist oft eine Ausd\u00fcnnung der Fr\u00fcchte erforderlich.<\/p>\n<p>&nbsp;<\/p>\n<p><strong>Produktspezifikationen<\/strong><\/p>\n<ul>\n<li>Prunus Persica &#039;Fire Top&#039;<\/li>\n<li>Geschmack: w\u00fcrzig-aromatischer Geschmack und ideale S\u00e4ure<\/li>\n<li>Fruchtfarbe: rote bis violette Farbe mit orangefarbenem Hintergrund<\/li>\n<li>H\u00f6he max: 4-5 Meter<\/li>\n<li>Sowohl f\u00fcr die Terrasse als auch f\u00fcr das freie Gel\u00e4nde geeignet - gesch\u00fctzt und sonnig<\/li>\n<li>Selbstbest\u00e4ubend<\/li>\n<li><\/li>\n<\/ul>\n<p>&nbsp;<\/p>","protected":false},"excerpt":{"rendered":"<p>Aprikosensorte: Prunus Armeniaca &#039;Luizet&#039; Aprikose<\/p>\n<p>Pfirsichsorte: Prunus persica &#039;Donut&#039; wilder Pfirsichbaum<\/p>\n<p>Nektarinensorte: Prunus Persica &#039;Fire Top&#039;-Nektarine<\/p>\n<p>Lieferh\u00f6he inkl. Topf: ca. 90 cm<\/p>\n<p>Topfgr\u00f6\u00dfe: 5 Liter<\/p>\n<p>Sowohl f\u00fcr die Terrasse als auch f\u00fcr den offenen Boden geeignet<\/p>","protected":false},"featured_media":26259,"template":"","meta":{"_joinchat":[]},"product_brand":[],"product_cat":[262,1011,233,2391,867],"product_tag":[309,973,938,1022,576],"class_list":{"0":"post-26258","1":"product","2":"type-product","3":"status-publish","4":"has-post-thumbnail","6":"product_cat-bomen-struiken","7":"product_cat-fruit-deals","8":"product_cat-fruitbomen","9":"product_cat-mediterrane-en-exotische-fruitplanten","10":"product_cat-pakket-deals","11":"product_tag-abrikoos","12":"product_tag-exotisch","13":"product_tag-fruitbomen-set","14":"product_tag-nectarine","15":"product_tag-perzik","17":"first","18":"outofstock","19":"taxable","20":"shipping-taxable","21":"purchasable","22":"product-type-simple"},"yoast_head":"<!-- This site is optimized with the Yoast SEO plugin v24.2 - https:\/\/yoast.com\/wordpress\/plugins\/seo\/ -->\n<title>Set van 3 Exotische fruitbomen - 1 Abrikoos, 1 Perzik, 1 Nectarine - Hoogte +90cm - 5 Liter pot - Mix B kopen | Planten eenvoudig online bestellen | Schramas.com<\/title>\n<meta name=\"robots\" content=\"index, follow, max-snippet:-1, max-image-preview:large, max-video-preview:-1\" \/>\n<link rel=\"canonical\" href=\"https:\/\/www.schramas.com\/de\/shop\/set-mit-3-exotischen-obstbaumen-1-aprikose-1-pfirsich-1-nektarine-hohe-90-cm-5-liter-topfmischung-b\/\" \/>\n<meta property=\"og:locale\" content=\"de_DE\" \/>\n<meta property=\"og:type\" content=\"article\" \/>\n<meta property=\"og:title\" content=\"Set van 3 Exotische fruitbomen - 1 Abrikoos, 1 Perzik, 1 Nectarine - Hoogte +90cm - 5 Liter pot - Mix B kopen | Planten eenvoudig online bestellen | Schramas.com\" \/>\n<meta property=\"og:description\" content=\"Abrikoos vari\u00ebteit: Prunus armeniaca &#039;Luizet&#039; abrikoos  Perzik vari\u00ebteit: Prunus persica &#039;Donut&#039; wilde perzikboom  Nectarine vari\u00ebteit: Prunus Persica \u2018Fire Top\u2019 nectarine  Leverhoogte incl. pot: ca. 90 cm  Potmaat: 5 liter  Geschikt voor zowel patio als volle grond\" \/>\n<meta property=\"og:url\" content=\"https:\/\/www.schramas.com\/de\/shop\/set-mit-3-exotischen-obstbaumen-1-aprikose-1-pfirsich-1-nektarine-hohe-90-cm-5-liter-topfmischung-b\/\" \/>\n<meta property=\"og:site_name\" content=\"Planten eenvoudig online bestellen | Schramas.com\" \/>\n<meta property=\"article:publisher\" content=\"https:\/\/www.facebook.com\/Schramascom-106872874153195\/\" \/>\n<meta property=\"article:modified_time\" content=\"2026-03-26T15:35:43+00:00\" \/>\n<meta property=\"og:image\" content=\"http:\/\/www.schramas.com\/wp-content\/uploads\/2023\/06\/Pakketdeal-Exotische-fruitbomen-set-3-5L-B.jpg\" \/>\n\t<meta property=\"og:image:width\" content=\"1600\" \/>\n\t<meta property=\"og:image:height\" content=\"1600\" \/>\n\t<meta property=\"og:image:type\" content=\"image\/jpeg\" \/>\n<meta name=\"twitter:card\" content=\"summary_large_image\" \/>\n<meta name=\"twitter:label1\" content=\"Gesch\u00e4tzte Lesezeit\" \/>\n\t<meta name=\"twitter:data1\" content=\"2\u00a0Minuten\" \/>\n<script type=\"application\/ld+json\" class=\"yoast-schema-graph\">{\"@context\":\"https:\/\/schema.org\",\"@graph\":[{\"@type\":[\"WebPage\",\"ItemPage\"],\"@id\":\"https:\/\/www.schramas.com\/winkel\/set-van-3-exotische-fruitbomen-1-abrikoos-1-perzik-1-nectarine-hoogte-90cm-5-liter-pot-mix-b\/\",\"url\":\"https:\/\/www.schramas.com\/winkel\/set-van-3-exotische-fruitbomen-1-abrikoos-1-perzik-1-nectarine-hoogte-90cm-5-liter-pot-mix-b\/\",\"name\":\"Set van 3 Exotische fruitbomen - 1 Abrikoos, 1 Perzik, 1 Nectarine - Hoogte +90cm - 5 Liter pot - Mix B kopen | Planten eenvoudig online bestellen | Schramas.com\",\"isPartOf\":{\"@id\":\"https:\/\/www.schramas.com\/#website\"},\"primaryImageOfPage\":{\"@id\":\"https:\/\/www.schramas.com\/winkel\/set-van-3-exotische-fruitbomen-1-abrikoos-1-perzik-1-nectarine-hoogte-90cm-5-liter-pot-mix-b\/#primaryimage\"},\"image\":{\"@id\":\"https:\/\/www.schramas.com\/winkel\/set-van-3-exotische-fruitbomen-1-abrikoos-1-perzik-1-nectarine-hoogte-90cm-5-liter-pot-mix-b\/#primaryimage\"},\"thumbnailUrl\":\"https:\/\/www.schramas.com\/wp-content\/uploads\/2023\/06\/Pakketdeal-Exotische-fruitbomen-set-3-5L-B.jpg\",\"datePublished\":\"2023-06-13T13:41:13+00:00\",\"dateModified\":\"2026-03-26T15:35:43+00:00\",\"breadcrumb\":{\"@id\":\"https:\/\/www.schramas.com\/winkel\/set-van-3-exotische-fruitbomen-1-abrikoos-1-perzik-1-nectarine-hoogte-90cm-5-liter-pot-mix-b\/#breadcrumb\"},\"inLanguage\":\"de\",\"potentialAction\":[{\"@type\":\"ReadAction\",\"target\":[\"https:\/\/www.schramas.com\/winkel\/set-van-3-exotische-fruitbomen-1-abrikoos-1-perzik-1-nectarine-hoogte-90cm-5-liter-pot-mix-b\/\"]}]},{\"@type\":\"ImageObject\",\"inLanguage\":\"de\",\"@id\":\"https:\/\/www.schramas.com\/winkel\/set-van-3-exotische-fruitbomen-1-abrikoos-1-perzik-1-nectarine-hoogte-90cm-5-liter-pot-mix-b\/#primaryimage\",\"url\":\"https:\/\/www.schramas.com\/wp-content\/uploads\/2023\/06\/Pakketdeal-Exotische-fruitbomen-set-3-5L-B.jpg\",\"contentUrl\":\"https:\/\/www.schramas.com\/wp-content\/uploads\/2023\/06\/Pakketdeal-Exotische-fruitbomen-set-3-5L-B.jpg\",\"width\":1600,\"height\":1600},{\"@type\":\"BreadcrumbList\",\"@id\":\"https:\/\/www.schramas.com\/winkel\/set-van-3-exotische-fruitbomen-1-abrikoos-1-perzik-1-nectarine-hoogte-90cm-5-liter-pot-mix-b\/#breadcrumb\",\"itemListElement\":[{\"@type\":\"ListItem\",\"position\":1,\"name\":\"Product\",\"item\":\"https:\/\/www.schramas.com\/assortiment\/\"},{\"@type\":\"ListItem\",\"position\":2,\"name\":\"Bomen &amp; Struiken\",\"item\":\"https:\/\/www.schramas.com\/product-category\/bomen-struiken\/\"},{\"@type\":\"ListItem\",\"position\":3,\"name\":\"Specials\",\"item\":\"https:\/\/www.schramas.com\/product-category\/bomen-struiken\/specials\/\"},{\"@type\":\"ListItem\",\"position\":4,\"name\":\"Mediterrane en Exotische Fruitplanten\",\"item\":\"https:\/\/www.schramas.com\/product-category\/bomen-struiken\/specials\/mediterrane-en-exotische-fruitplanten\/\"},{\"@type\":\"ListItem\",\"position\":5,\"name\":\"Set van 3 Exotische fruitbomen &#8211; 1 Abrikoos, 1 Perzik, 1 Nectarine &#8211; Hoogte +90cm &#8211; 5 Liter pot &#8211; Mix B\"}]},{\"@type\":\"WebSite\",\"@id\":\"https:\/\/www.schramas.com\/#website\",\"url\":\"https:\/\/www.schramas.com\/\",\"name\":\"Schramas.com | Tuinplanten eenvoudig online bestellen | Direct van onze Kwekerij\",\"description\":\"\",\"alternateName\":\"Schramas.com - Alle planten direct van de kweker\",\"potentialAction\":[{\"@type\":\"SearchAction\",\"target\":{\"@type\":\"EntryPoint\",\"urlTemplate\":\"https:\/\/www.schramas.com\/?s={search_term_string}\"},\"query-input\":{\"@type\":\"PropertyValueSpecification\",\"valueRequired\":true,\"valueName\":\"search_term_string\"}}],\"inLanguage\":\"de\"}]}<\/script>\n<!-- \/ Yoast SEO plugin. -->","yoast_head_json":{"title":"Set mit 3 exotischen Obstb\u00e4umen \u2013 1 Aprikose, 1 Pfirsich, 1 Nektarine \u2013 H\u00f6he +90 cm \u2013 5-Liter-Topf \u2013 Mischung B kaufen | Pflanzen einfach online bestellen | Schramas.com","robots":{"index":"index","follow":"follow","max-snippet":"max-snippet:-1","max-image-preview":"max-image-preview:large","max-video-preview":"max-video-preview:-1"},"canonical":"https:\/\/www.schramas.com\/de\/shop\/set-mit-3-exotischen-obstbaumen-1-aprikose-1-pfirsich-1-nektarine-hohe-90-cm-5-liter-topfmischung-b\/","og_locale":"de_DE","og_type":"article","og_title":"Set van 3 Exotische fruitbomen - 1 Abrikoos, 1 Perzik, 1 Nectarine - Hoogte +90cm - 5 Liter pot - Mix B kopen | Planten eenvoudig online bestellen | Schramas.com","og_description":"Abrikoos vari\u00ebteit: Prunus armeniaca 'Luizet' abrikoos  Perzik vari\u00ebteit: Prunus persica 'Donut' wilde perzikboom  Nectarine vari\u00ebteit: Prunus Persica \u2018Fire Top\u2019 nectarine  Leverhoogte incl. pot: ca. 90 cm  Potmaat: 5 liter  Geschikt voor zowel patio als volle grond","og_url":"https:\/\/www.schramas.com\/de\/shop\/set-mit-3-exotischen-obstbaumen-1-aprikose-1-pfirsich-1-nektarine-hohe-90-cm-5-liter-topfmischung-b\/","og_site_name":"Planten eenvoudig online bestellen | Schramas.com","article_publisher":"https:\/\/www.facebook.com\/Schramascom-106872874153195\/","article_modified_time":"2026-03-26T15:35:43+00:00","og_image":[{"width":1600,"height":1600,"url":"http:\/\/www.schramas.com\/wp-content\/uploads\/2023\/06\/Pakketdeal-Exotische-fruitbomen-set-3-5L-B.jpg","type":"image\/jpeg"}],"twitter_card":"summary_large_image","twitter_misc":{"Gesch\u00e4tzte Lesezeit":"2\u00a0Minuten"},"schema":{"@context":"https:\/\/schema.org","@graph":[{"@type":["WebPage","ItemPage"],"@id":"https:\/\/www.schramas.com\/winkel\/set-van-3-exotische-fruitbomen-1-abrikoos-1-perzik-1-nectarine-hoogte-90cm-5-liter-pot-mix-b\/","url":"https:\/\/www.schramas.com\/winkel\/set-van-3-exotische-fruitbomen-1-abrikoos-1-perzik-1-nectarine-hoogte-90cm-5-liter-pot-mix-b\/","name":"Set mit 3 exotischen Obstb\u00e4umen \u2013 1 Aprikose, 1 Pfirsich, 1 Nektarine \u2013 H\u00f6he +90 cm \u2013 5-Liter-Topf \u2013 Mischung B kaufen | Pflanzen einfach online bestellen | Schramas.com","isPartOf":{"@id":"https:\/\/www.schramas.com\/#website"},"primaryImageOfPage":{"@id":"https:\/\/www.schramas.com\/winkel\/set-van-3-exotische-fruitbomen-1-abrikoos-1-perzik-1-nectarine-hoogte-90cm-5-liter-pot-mix-b\/#primaryimage"},"image":{"@id":"https:\/\/www.schramas.com\/winkel\/set-van-3-exotische-fruitbomen-1-abrikoos-1-perzik-1-nectarine-hoogte-90cm-5-liter-pot-mix-b\/#primaryimage"},"thumbnailUrl":"https:\/\/www.schramas.com\/wp-content\/uploads\/2023\/06\/Pakketdeal-Exotische-fruitbomen-set-3-5L-B.jpg","datePublished":"2023-06-13T13:41:13+00:00","dateModified":"2026-03-26T15:35:43+00:00","breadcrumb":{"@id":"https:\/\/www.schramas.com\/winkel\/set-van-3-exotische-fruitbomen-1-abrikoos-1-perzik-1-nectarine-hoogte-90cm-5-liter-pot-mix-b\/#breadcrumb"},"inLanguage":"de","potentialAction":[{"@type":"ReadAction","target":["https:\/\/www.schramas.com\/winkel\/set-van-3-exotische-fruitbomen-1-abrikoos-1-perzik-1-nectarine-hoogte-90cm-5-liter-pot-mix-b\/"]}]},{"@type":"ImageObject","inLanguage":"de","@id":"https:\/\/www.schramas.com\/winkel\/set-van-3-exotische-fruitbomen-1-abrikoos-1-perzik-1-nectarine-hoogte-90cm-5-liter-pot-mix-b\/#primaryimage","url":"https:\/\/www.schramas.com\/wp-content\/uploads\/2023\/06\/Pakketdeal-Exotische-fruitbomen-set-3-5L-B.jpg","contentUrl":"https:\/\/www.schramas.com\/wp-content\/uploads\/2023\/06\/Pakketdeal-Exotische-fruitbomen-set-3-5L-B.jpg","width":1600,"height":1600},{"@type":"BreadcrumbList","@id":"https:\/\/www.schramas.com\/winkel\/set-van-3-exotische-fruitbomen-1-abrikoos-1-perzik-1-nectarine-hoogte-90cm-5-liter-pot-mix-b\/#breadcrumb","itemListElement":[{"@type":"ListItem","position":1,"name":"Product","item":"https:\/\/www.schramas.com\/assortiment\/"},{"@type":"ListItem","position":2,"name":"Bomen &amp; Struiken","item":"https:\/\/www.schramas.com\/product-category\/bomen-struiken\/"},{"@type":"ListItem","position":3,"name":"Specials","item":"https:\/\/www.schramas.com\/product-category\/bomen-struiken\/specials\/"},{"@type":"ListItem","position":4,"name":"Mediterrane en Exotische Fruitplanten","item":"https:\/\/www.schramas.com\/product-category\/bomen-struiken\/specials\/mediterrane-en-exotische-fruitplanten\/"},{"@type":"ListItem","position":5,"name":"Set van 3 Exotische fruitbomen &#8211; 1 Abrikoos, 1 Perzik, 1 Nectarine &#8211; Hoogte +90cm &#8211; 5 Liter pot &#8211; Mix B"}]},{"@type":"WebSite","@id":"https:\/\/www.schramas.com\/#website","url":"https:\/\/www.schramas.com\/","name":"Schramas.com | Gartenpflanzen einfach online bestellen | Direkt aus unserer G\u00e4rtnerei","description":"","alternateName":"Schramas.com - Alle planten direct van de kweker","potentialAction":[{"@type":"SearchAction","target":{"@type":"EntryPoint","urlTemplate":"https:\/\/www.schramas.com\/?s={search_term_string}"},"query-input":{"@type":"PropertyValueSpecification","valueRequired":true,"valueName":"search_term_string"}}],"inLanguage":"de"}]}},"_links":{"self":[{"href":"https:\/\/www.schramas.com\/de\/wp-json\/wp\/v2\/product\/26258","targetHints":{"allow":["GET"]}}],"collection":[{"href":"https:\/\/www.schramas.com\/de\/wp-json\/wp\/v2\/product"}],"about":[{"href":"https:\/\/www.schramas.com\/de\/wp-json\/wp\/v2\/types\/product"}],"version-history":[{"count":2,"href":"https:\/\/www.schramas.com\/de\/wp-json\/wp\/v2\/product\/26258\/revisions"}],"predecessor-version":[{"id":46286,"href":"https:\/\/www.schramas.com\/de\/wp-json\/wp\/v2\/product\/26258\/revisions\/46286"}],"wp:featuredmedia":[{"embeddable":true,"href":"https:\/\/www.schramas.com\/de\/wp-json\/wp\/v2\/media\/26259"}],"wp:attachment":[{"href":"https:\/\/www.schramas.com\/de\/wp-json\/wp\/v2\/media?parent=26258"}],"wp:term":[{"taxonomy":"product_brand","embeddable":true,"href":"https:\/\/www.schramas.com\/de\/wp-json\/wp\/v2\/product_brand?post=26258"},{"taxonomy":"product_cat","embeddable":true,"href":"https:\/\/www.schramas.com\/de\/wp-json\/wp\/v2\/product_cat?post=26258"},{"taxonomy":"product_tag","embeddable":true,"href":"https:\/\/www.schramas.com\/de\/wp-json\/wp\/v2\/product_tag?post=26258"}],"curies":[{"name":"wp","href":"https:\/\/api.w.org\/{rel}","templated":true}]}}