{"id":26587,"date":"2023-07-04T13:47:04","date_gmt":"2023-07-04T11:47:04","guid":{"rendered":"https:\/\/www.schramas.com\/?post_type=product&#038;p=26587"},"modified":"2026-04-19T13:59:37","modified_gmt":"2026-04-19T11:59:37","slug":"ligustrum-ovalifolium-ligusterhecke-3-liter-topf","status":"publish","type":"product","link":"https:\/\/www.schramas.com\/de\/shop\/ligustrum-ovalifolium-ligusterhecke-3-liter-topf\/","title":{"rendered":"Ligustrum ovalifolium - Ligusterhecke - 3 Liter Topf"},"content":{"rendered":"<p>Schaffen Sie Privatsph\u00e4re und einen gr\u00fcnen Zaun in Ihrem Garten mit dem Ligustrum ovalifolium, auch bekannt als Ligusterhecke. Diese Heckenpflanze wird in einem 3-Liter-Topf geliefert und kann direkt in Ihren Garten gepflanzt werden.<\/p>\n<p>Ligustrum ovalifolium ist wegen seines dichten Wuchses und seines anmutigen Aussehens eine beliebte Wahl f\u00fcr die Bildung von Hecken. Die gl\u00e4nzenden, ovalen Bl\u00e4tter haben eine dunkelgr\u00fcne Farbe und behalten das ganze Jahr \u00fcber ihr frisches Aussehen. Diese Heckenpflanze ist halbimmergr\u00fcn und kann in strengen Wintern Bl\u00e4tter abwerfen.<\/p>\n<p>Die Ligusterhecke gedeiht problemlos in einer Vielzahl von Bodenarten und vertr\u00e4gt sowohl Sonne als auch Halbschatten. Er ist eine starke und widerstandsf\u00e4hige Pflanze, die wenig Pflege ben\u00f6tigt. Durch regelm\u00e4\u00dfiges Beschneiden k\u00f6nnen Sie die Hecke in der gew\u00fcnschten Form und H\u00f6he halten.<\/p>\n<p>Ligustrum ovalifolium ist eine ideale Wahl f\u00fcr formelle und informelle G\u00e4rten. Er schafft eine nat\u00fcrliche Abgrenzung, bietet V\u00f6geln und anderen Tieren Schutz und tr\u00e4gt zu einer gr\u00fcnen und lebendigen Landschaft bei.<\/p>\n<p>Bestellen Sie den Ligustrum ovalifolium jetzt im 3-Liter-Topf und schaffen Sie sich Ihre eigene gr\u00fcne Hecke. Genie\u00dfen Sie Privatsph\u00e4re, Sch\u00f6nheit und Funktionalit\u00e4t in Ihrem Garten mit dieser sch\u00f6nen Ligusterhecke.<\/p>","protected":false},"excerpt":{"rendered":"<p>Ligustrum ovalifolium<\/p>\n<p>Ligusterhecke<\/p>\n<p>Max. H\u00f6he: 250cm<\/p>\n<p>Lieferh\u00f6he inkl. Topf: ca. 80 cm<\/p>\n<p>Topfgr\u00f6\u00dfe: 3 Liter<\/p>","protected":false},"featured_media":26700,"template":"","meta":{"_joinchat":[]},"product_brand":[],"product_cat":[16,480,762,305],"product_tag":[499,1071,351],"class_list":{"0":"post-26587","1":"product","2":"type-product","3":"status-publish","4":"has-post-thumbnail","6":"product_cat-diversen","7":"product_cat-diversen-struiken","8":"product_cat-hagen","9":"product_cat-planten-heesters","10":"product_tag-groenblijvend","11":"product_tag-ligusterhaag","12":"product_tag-winterhard","13":"pa_bloeimaanden-juni","14":"pa_bloeimaanden-augustus","15":"pa_groeihoogte-150-200-cm","16":"pa_pot-zonder-pot","18":"first","19":"instock","20":"taxable","21":"shipping-taxable","22":"purchasable","23":"product-type-simple"},"yoast_head":"<!-- This site is optimized with the Yoast SEO plugin v24.2 - https:\/\/yoast.com\/wordpress\/plugins\/seo\/ -->\n<title>Ligustrum ovalifolium - Ligusterhaag - 3 liter pot kopen | Planten eenvoudig online bestellen | Schramas.com<\/title>\n<meta name=\"robots\" content=\"index, follow, max-snippet:-1, max-image-preview:large, max-video-preview:-1\" \/>\n<link rel=\"canonical\" href=\"https:\/\/www.schramas.com\/de\/shop\/ligustrum-ovalifolium-ligusterhecke-3-liter-topf\/\" \/>\n<meta property=\"og:locale\" content=\"de_DE\" \/>\n<meta property=\"og:type\" content=\"article\" \/>\n<meta property=\"og:title\" content=\"Ligustrum ovalifolium - Ligusterhaag - 3 liter pot kopen | Planten eenvoudig online bestellen | Schramas.com\" \/>\n<meta property=\"og:description\" content=\"Ligustrum ovalifolium  Ligusterhaag  Max. hoogte: 250cm  Leverhoogte incl. pot: ca. 80 cm  Potmaat: 3 liter\" \/>\n<meta property=\"og:url\" content=\"https:\/\/www.schramas.com\/de\/shop\/ligustrum-ovalifolium-ligusterhecke-3-liter-topf\/\" \/>\n<meta property=\"og:site_name\" content=\"Planten eenvoudig online bestellen | Schramas.com\" \/>\n<meta property=\"article:publisher\" content=\"https:\/\/www.facebook.com\/Schramascom-106872874153195\/\" \/>\n<meta property=\"article:modified_time\" content=\"2026-04-19T11:59:37+00:00\" \/>\n<meta property=\"og:image\" content=\"http:\/\/www.schramas.com\/wp-content\/uploads\/2023\/07\/Ligustrum-ovalifolium-3L.jpg\" \/>\n\t<meta property=\"og:image:width\" content=\"780\" \/>\n\t<meta property=\"og:image:height\" content=\"784\" \/>\n\t<meta property=\"og:image:type\" content=\"image\/jpeg\" \/>\n<meta name=\"twitter:card\" content=\"summary_large_image\" \/>\n<meta name=\"twitter:label1\" content=\"Gesch\u00e4tzte Lesezeit\" \/>\n\t<meta name=\"twitter:data1\" content=\"1\u00a0Minute\" \/>\n<script type=\"application\/ld+json\" class=\"yoast-schema-graph\">{\"@context\":\"https:\/\/schema.org\",\"@graph\":[{\"@type\":[\"WebPage\",\"ItemPage\"],\"@id\":\"https:\/\/www.schramas.com\/winkel\/ligustrum-ovalifolium-ligusterhaag-3-liter-pot\/\",\"url\":\"https:\/\/www.schramas.com\/winkel\/ligustrum-ovalifolium-ligusterhaag-3-liter-pot\/\",\"name\":\"Ligustrum ovalifolium - Ligusterhaag - 3 liter pot kopen | Planten eenvoudig online bestellen | Schramas.com\",\"isPartOf\":{\"@id\":\"https:\/\/www.schramas.com\/#website\"},\"primaryImageOfPage\":{\"@id\":\"https:\/\/www.schramas.com\/winkel\/ligustrum-ovalifolium-ligusterhaag-3-liter-pot\/#primaryimage\"},\"image\":{\"@id\":\"https:\/\/www.schramas.com\/winkel\/ligustrum-ovalifolium-ligusterhaag-3-liter-pot\/#primaryimage\"},\"thumbnailUrl\":\"https:\/\/www.schramas.com\/wp-content\/uploads\/2023\/07\/Ligustrum-ovalifolium-3L.jpg\",\"datePublished\":\"2023-07-04T11:47:04+00:00\",\"dateModified\":\"2026-04-19T11:59:37+00:00\",\"breadcrumb\":{\"@id\":\"https:\/\/www.schramas.com\/winkel\/ligustrum-ovalifolium-ligusterhaag-3-liter-pot\/#breadcrumb\"},\"inLanguage\":\"de\",\"potentialAction\":[{\"@type\":\"ReadAction\",\"target\":[\"https:\/\/www.schramas.com\/winkel\/ligustrum-ovalifolium-ligusterhaag-3-liter-pot\/\"]}]},{\"@type\":\"ImageObject\",\"inLanguage\":\"de\",\"@id\":\"https:\/\/www.schramas.com\/winkel\/ligustrum-ovalifolium-ligusterhaag-3-liter-pot\/#primaryimage\",\"url\":\"https:\/\/www.schramas.com\/wp-content\/uploads\/2023\/07\/Ligustrum-ovalifolium-3L.jpg\",\"contentUrl\":\"https:\/\/www.schramas.com\/wp-content\/uploads\/2023\/07\/Ligustrum-ovalifolium-3L.jpg\",\"width\":780,\"height\":784},{\"@type\":\"BreadcrumbList\",\"@id\":\"https:\/\/www.schramas.com\/winkel\/ligustrum-ovalifolium-ligusterhaag-3-liter-pot\/#breadcrumb\",\"itemListElement\":[{\"@type\":\"ListItem\",\"position\":1,\"name\":\"Product\",\"item\":\"https:\/\/www.schramas.com\/assortiment\/\"},{\"@type\":\"ListItem\",\"position\":2,\"name\":\"Diversen planten\",\"item\":\"https:\/\/www.schramas.com\/product-category\/diversen\/\"},{\"@type\":\"ListItem\",\"position\":3,\"name\":\"Diversen struiken\",\"item\":\"https:\/\/www.schramas.com\/en\/product-category-2\/miscellaneous\/miscellaneous-shrubs\/\"},{\"@type\":\"ListItem\",\"position\":4,\"name\":\"Ligustrum ovalifolium &#8211; Ligusterhaag &#8211; 3 liter pot\"}]},{\"@type\":\"WebSite\",\"@id\":\"https:\/\/www.schramas.com\/#website\",\"url\":\"https:\/\/www.schramas.com\/\",\"name\":\"Schramas.com | Tuinplanten eenvoudig online bestellen | Direct van onze Kwekerij\",\"description\":\"\",\"alternateName\":\"Schramas.com - Alle planten direct van de kweker\",\"potentialAction\":[{\"@type\":\"SearchAction\",\"target\":{\"@type\":\"EntryPoint\",\"urlTemplate\":\"https:\/\/www.schramas.com\/?s={search_term_string}\"},\"query-input\":{\"@type\":\"PropertyValueSpecification\",\"valueRequired\":true,\"valueName\":\"search_term_string\"}}],\"inLanguage\":\"de\"}]}<\/script>\n<!-- \/ Yoast SEO plugin. -->","yoast_head_json":{"title":"Ligustrum ovalifolium - Ligusterhecke - 3 Liter Topf kaufen | Pflanzen einfach online bestellen | Schramas.de","robots":{"index":"index","follow":"follow","max-snippet":"max-snippet:-1","max-image-preview":"max-image-preview:large","max-video-preview":"max-video-preview:-1"},"canonical":"https:\/\/www.schramas.com\/de\/shop\/ligustrum-ovalifolium-ligusterhecke-3-liter-topf\/","og_locale":"de_DE","og_type":"article","og_title":"Ligustrum ovalifolium - Ligusterhaag - 3 liter pot kopen | Planten eenvoudig online bestellen | Schramas.com","og_description":"Ligustrum ovalifolium  Ligusterhaag  Max. hoogte: 250cm  Leverhoogte incl. pot: ca. 80 cm  Potmaat: 3 liter","og_url":"https:\/\/www.schramas.com\/de\/shop\/ligustrum-ovalifolium-ligusterhecke-3-liter-topf\/","og_site_name":"Planten eenvoudig online bestellen | Schramas.com","article_publisher":"https:\/\/www.facebook.com\/Schramascom-106872874153195\/","article_modified_time":"2026-04-19T11:59:37+00:00","og_image":[{"width":780,"height":784,"url":"http:\/\/www.schramas.com\/wp-content\/uploads\/2023\/07\/Ligustrum-ovalifolium-3L.jpg","type":"image\/jpeg"}],"twitter_card":"summary_large_image","twitter_misc":{"Gesch\u00e4tzte Lesezeit":"1\u00a0Minute"},"schema":{"@context":"https:\/\/schema.org","@graph":[{"@type":["WebPage","ItemPage"],"@id":"https:\/\/www.schramas.com\/winkel\/ligustrum-ovalifolium-ligusterhaag-3-liter-pot\/","url":"https:\/\/www.schramas.com\/winkel\/ligustrum-ovalifolium-ligusterhaag-3-liter-pot\/","name":"Ligustrum ovalifolium - Ligusterhecke - 3 Liter Topf kaufen | Pflanzen einfach online bestellen | Schramas.de","isPartOf":{"@id":"https:\/\/www.schramas.com\/#website"},"primaryImageOfPage":{"@id":"https:\/\/www.schramas.com\/winkel\/ligustrum-ovalifolium-ligusterhaag-3-liter-pot\/#primaryimage"},"image":{"@id":"https:\/\/www.schramas.com\/winkel\/ligustrum-ovalifolium-ligusterhaag-3-liter-pot\/#primaryimage"},"thumbnailUrl":"https:\/\/www.schramas.com\/wp-content\/uploads\/2023\/07\/Ligustrum-ovalifolium-3L.jpg","datePublished":"2023-07-04T11:47:04+00:00","dateModified":"2026-04-19T11:59:37+00:00","breadcrumb":{"@id":"https:\/\/www.schramas.com\/winkel\/ligustrum-ovalifolium-ligusterhaag-3-liter-pot\/#breadcrumb"},"inLanguage":"de","potentialAction":[{"@type":"ReadAction","target":["https:\/\/www.schramas.com\/winkel\/ligustrum-ovalifolium-ligusterhaag-3-liter-pot\/"]}]},{"@type":"ImageObject","inLanguage":"de","@id":"https:\/\/www.schramas.com\/winkel\/ligustrum-ovalifolium-ligusterhaag-3-liter-pot\/#primaryimage","url":"https:\/\/www.schramas.com\/wp-content\/uploads\/2023\/07\/Ligustrum-ovalifolium-3L.jpg","contentUrl":"https:\/\/www.schramas.com\/wp-content\/uploads\/2023\/07\/Ligustrum-ovalifolium-3L.jpg","width":780,"height":784},{"@type":"BreadcrumbList","@id":"https:\/\/www.schramas.com\/winkel\/ligustrum-ovalifolium-ligusterhaag-3-liter-pot\/#breadcrumb","itemListElement":[{"@type":"ListItem","position":1,"name":"Product","item":"https:\/\/www.schramas.com\/assortiment\/"},{"@type":"ListItem","position":2,"name":"Diversen planten","item":"https:\/\/www.schramas.com\/product-category\/diversen\/"},{"@type":"ListItem","position":3,"name":"Diversen struiken","item":"https:\/\/www.schramas.com\/en\/product-category-2\/miscellaneous\/miscellaneous-shrubs\/"},{"@type":"ListItem","position":4,"name":"Ligustrum ovalifolium &#8211; Ligusterhaag &#8211; 3 liter pot"}]},{"@type":"WebSite","@id":"https:\/\/www.schramas.com\/#website","url":"https:\/\/www.schramas.com\/","name":"Schramas.com | Gartenpflanzen einfach online bestellen | Direkt aus unserer G\u00e4rtnerei","description":"","alternateName":"Schramas.com - Alle planten direct van de kweker","potentialAction":[{"@type":"SearchAction","target":{"@type":"EntryPoint","urlTemplate":"https:\/\/www.schramas.com\/?s={search_term_string}"},"query-input":{"@type":"PropertyValueSpecification","valueRequired":true,"valueName":"search_term_string"}}],"inLanguage":"de"}]}},"_links":{"self":[{"href":"https:\/\/www.schramas.com\/de\/wp-json\/wp\/v2\/product\/26587","targetHints":{"allow":["GET"]}}],"collection":[{"href":"https:\/\/www.schramas.com\/de\/wp-json\/wp\/v2\/product"}],"about":[{"href":"https:\/\/www.schramas.com\/de\/wp-json\/wp\/v2\/types\/product"}],"version-history":[{"count":1,"href":"https:\/\/www.schramas.com\/de\/wp-json\/wp\/v2\/product\/26587\/revisions"}],"predecessor-version":[{"id":59472,"href":"https:\/\/www.schramas.com\/de\/wp-json\/wp\/v2\/product\/26587\/revisions\/59472"}],"wp:featuredmedia":[{"embeddable":true,"href":"https:\/\/www.schramas.com\/de\/wp-json\/wp\/v2\/media\/26700"}],"wp:attachment":[{"href":"https:\/\/www.schramas.com\/de\/wp-json\/wp\/v2\/media?parent=26587"}],"wp:term":[{"taxonomy":"product_brand","embeddable":true,"href":"https:\/\/www.schramas.com\/de\/wp-json\/wp\/v2\/product_brand?post=26587"},{"taxonomy":"product_cat","embeddable":true,"href":"https:\/\/www.schramas.com\/de\/wp-json\/wp\/v2\/product_cat?post=26587"},{"taxonomy":"product_tag","embeddable":true,"href":"https:\/\/www.schramas.com\/de\/wp-json\/wp\/v2\/product_tag?post=26587"}],"curies":[{"name":"wp","href":"https:\/\/api.w.org\/{rel}","templated":true}]}}