{"id":27843,"date":"2023-09-12T14:32:02","date_gmt":"2023-09-12T12:32:02","guid":{"rendered":"https:\/\/www.schramas.com\/winkel\/ficus-carica-ronde-de-bordeaux-vijg\/"},"modified":"2025-07-10T12:18:16","modified_gmt":"2025-07-10T10:18:16","slug":"ficus-carica-rond-de-bordeaux-feige","status":"publish","type":"product","link":"https:\/\/www.schramas.com\/de\/shop\/ficus-carica-rond-de-bordeaux-feige\/","title":{"rendered":"Ficus carica 'Ronde de Bordeaux' Feige"},"content":{"rendered":"<p>\u201eRonde de Bordeaux\u201c ist eine klassische Sorte des Feigenbaums. Diese Sorte ist f\u00fcr ihre kleinen, runden Feigen mit tiefvioletter Farbe und k\u00f6stlichem Geschmack bekannt. Die Fr\u00fcchte eignen sich hervorragend zum Frischverzehr oder zur Verwendung in verschiedenen Gerichten. Ein zeitloser Favorit unter Feigenliebhabern.<\/p>","protected":false},"excerpt":{"rendered":"<p>\u201eRonde de Bordeaux\u201c ist eine klassische Sorte des Feigenbaums. Diese Sorte ist f\u00fcr ihre kleinen, runden Feigen mit tiefvioletter Farbe und k\u00f6stlichem Geschmack bekannt. Die Fr\u00fcchte eignen sich hervorragend zum Frischverzehr oder zur Verwendung in verschiedenen Gerichten. Ein zeitloser Favorit unter Feigenliebhabern.<\/p>","protected":false},"featured_media":0,"template":"","meta":{"_joinchat":[]},"product_brand":[],"product_cat":[],"product_tag":[1112,725,716,328],"class_list":{"0":"post-27843","1":"product","2":"type-product","3":"status-publish","5":"product_tag-klassiek","6":"product_tag-paars","7":"product_tag-vijg","8":"product_tag-zoet","10":"first","11":"outofstock","12":"taxable","13":"shipping-taxable","14":"purchasable","15":"product-type-simple"},"yoast_head":"<!-- This site is optimized with the Yoast SEO plugin v24.2 - https:\/\/yoast.com\/wordpress\/plugins\/seo\/ -->\n<title>Ficus carica &#039;Ronde de Bordeaux&#039; Vijg kopen | Planten eenvoudig online bestellen | Schramas.com<\/title>\n<meta name=\"robots\" content=\"index, follow, max-snippet:-1, max-image-preview:large, max-video-preview:-1\" \/>\n<link rel=\"canonical\" href=\"https:\/\/www.schramas.com\/de\/shop\/ficus-carica-rond-de-bordeaux-feige\/\" \/>\n<meta property=\"og:locale\" content=\"de_DE\" \/>\n<meta property=\"og:type\" content=\"article\" \/>\n<meta property=\"og:title\" content=\"Ficus carica &#039;Ronde de Bordeaux&#039; Vijg kopen | Planten eenvoudig online bestellen | Schramas.com\" \/>\n<meta property=\"og:description\" content=\"&#8216;Ronde de Bordeaux&#8217; is een klassieke vari?teit van de vijgenboom. Deze cultivar staat bekend om zijn kleine, ronde vijgen met een diepe paarse kleur en een verrukkelijke smaak. De vruchten zijn perfect voor vers gebruik of om te verwerken in diverse gerechten. Een tijdloze favoriet onder vijgenliefhebbers.\" \/>\n<meta property=\"og:url\" content=\"https:\/\/www.schramas.com\/de\/shop\/ficus-carica-rond-de-bordeaux-feige\/\" \/>\n<meta property=\"og:site_name\" content=\"Planten eenvoudig online bestellen | Schramas.com\" \/>\n<meta property=\"article:publisher\" content=\"https:\/\/www.facebook.com\/Schramascom-106872874153195\/\" \/>\n<meta property=\"article:modified_time\" content=\"2025-07-10T10:18:16+00:00\" \/>\n<meta property=\"og:image\" content=\"https:\/\/www.schramas.com\/wp-content\/uploads\/2020\/11\/210913-Logo-ontwerp-versie-2-amazon-grijs.png\" \/>\n\t<meta property=\"og:image:width\" content=\"1446\" \/>\n\t<meta property=\"og:image:height\" content=\"700\" \/>\n\t<meta property=\"og:image:type\" content=\"image\/png\" \/>\n<meta name=\"twitter:card\" content=\"summary_large_image\" \/>\n<script type=\"application\/ld+json\" class=\"yoast-schema-graph\">{\"@context\":\"https:\/\/schema.org\",\"@graph\":[{\"@type\":[\"WebPage\",\"ItemPage\"],\"@id\":\"https:\/\/www.schramas.com\/winkel\/ficus-carica-ronde-de-bordeaux-vijg\/\",\"url\":\"https:\/\/www.schramas.com\/winkel\/ficus-carica-ronde-de-bordeaux-vijg\/\",\"name\":\"Ficus carica 'Ronde de Bordeaux' Vijg kopen | Planten eenvoudig online bestellen | Schramas.com\",\"isPartOf\":{\"@id\":\"https:\/\/www.schramas.com\/#website\"},\"datePublished\":\"2023-09-12T12:32:02+00:00\",\"dateModified\":\"2025-07-10T10:18:16+00:00\",\"breadcrumb\":{\"@id\":\"https:\/\/www.schramas.com\/winkel\/ficus-carica-ronde-de-bordeaux-vijg\/#breadcrumb\"},\"inLanguage\":\"de\",\"potentialAction\":[{\"@type\":\"ReadAction\",\"target\":[\"https:\/\/www.schramas.com\/winkel\/ficus-carica-ronde-de-bordeaux-vijg\/\"]}]},{\"@type\":\"BreadcrumbList\",\"@id\":\"https:\/\/www.schramas.com\/winkel\/ficus-carica-ronde-de-bordeaux-vijg\/#breadcrumb\",\"itemListElement\":[{\"@type\":\"ListItem\",\"position\":1,\"name\":\"Product\",\"item\":\"https:\/\/www.schramas.com\/assortiment\/\"},{\"@type\":\"ListItem\",\"position\":2,\"name\":\"Offerte aanvragen\",\"item\":\"https:\/\/www.schramas.com\/product-category\/offerte-aanvragen\/\"},{\"@type\":\"ListItem\",\"position\":3,\"name\":\"Ficus carica &#8216;Ronde de Bordeaux&#8217; Vijg\"}]},{\"@type\":\"WebSite\",\"@id\":\"https:\/\/www.schramas.com\/#website\",\"url\":\"https:\/\/www.schramas.com\/\",\"name\":\"Schramas.com | Tuinplanten eenvoudig online bestellen | Direct van onze Kwekerij\",\"description\":\"\",\"alternateName\":\"Schramas.com - Alle planten direct van de kweker\",\"potentialAction\":[{\"@type\":\"SearchAction\",\"target\":{\"@type\":\"EntryPoint\",\"urlTemplate\":\"https:\/\/www.schramas.com\/?s={search_term_string}\"},\"query-input\":{\"@type\":\"PropertyValueSpecification\",\"valueRequired\":true,\"valueName\":\"search_term_string\"}}],\"inLanguage\":\"de\"}]}<\/script>\n<!-- \/ Yoast SEO plugin. -->","yoast_head_json":{"title":"Kaufen Sie Ficus carica &#039;Ronde de Bordeaux&#039; Feige | Pflanzen einfach online bestellen | Schramas.com","robots":{"index":"index","follow":"follow","max-snippet":"max-snippet:-1","max-image-preview":"max-image-preview:large","max-video-preview":"max-video-preview:-1"},"canonical":"https:\/\/www.schramas.com\/de\/shop\/ficus-carica-rond-de-bordeaux-feige\/","og_locale":"de_DE","og_type":"article","og_title":"Ficus carica 'Ronde de Bordeaux' Vijg kopen | Planten eenvoudig online bestellen | Schramas.com","og_description":"&#8216;Ronde de Bordeaux&#8217; is een klassieke vari?teit van de vijgenboom. Deze cultivar staat bekend om zijn kleine, ronde vijgen met een diepe paarse kleur en een verrukkelijke smaak. De vruchten zijn perfect voor vers gebruik of om te verwerken in diverse gerechten. Een tijdloze favoriet onder vijgenliefhebbers.","og_url":"https:\/\/www.schramas.com\/de\/shop\/ficus-carica-rond-de-bordeaux-feige\/","og_site_name":"Planten eenvoudig online bestellen | Schramas.com","article_publisher":"https:\/\/www.facebook.com\/Schramascom-106872874153195\/","article_modified_time":"2025-07-10T10:18:16+00:00","og_image":[{"width":1446,"height":700,"url":"https:\/\/www.schramas.com\/wp-content\/uploads\/2020\/11\/210913-Logo-ontwerp-versie-2-amazon-grijs.png","type":"image\/png"}],"twitter_card":"summary_large_image","schema":{"@context":"https:\/\/schema.org","@graph":[{"@type":["WebPage","ItemPage"],"@id":"https:\/\/www.schramas.com\/winkel\/ficus-carica-ronde-de-bordeaux-vijg\/","url":"https:\/\/www.schramas.com\/winkel\/ficus-carica-ronde-de-bordeaux-vijg\/","name":"Kaufen Sie Ficus carica &#039;Ronde de Bordeaux&#039; Feige | Pflanzen einfach online bestellen | Schramas.com","isPartOf":{"@id":"https:\/\/www.schramas.com\/#website"},"datePublished":"2023-09-12T12:32:02+00:00","dateModified":"2025-07-10T10:18:16+00:00","breadcrumb":{"@id":"https:\/\/www.schramas.com\/winkel\/ficus-carica-ronde-de-bordeaux-vijg\/#breadcrumb"},"inLanguage":"de","potentialAction":[{"@type":"ReadAction","target":["https:\/\/www.schramas.com\/winkel\/ficus-carica-ronde-de-bordeaux-vijg\/"]}]},{"@type":"BreadcrumbList","@id":"https:\/\/www.schramas.com\/winkel\/ficus-carica-ronde-de-bordeaux-vijg\/#breadcrumb","itemListElement":[{"@type":"ListItem","position":1,"name":"Product","item":"https:\/\/www.schramas.com\/assortiment\/"},{"@type":"ListItem","position":2,"name":"Offerte aanvragen","item":"https:\/\/www.schramas.com\/product-category\/offerte-aanvragen\/"},{"@type":"ListItem","position":3,"name":"Ficus carica &#8216;Ronde de Bordeaux&#8217; Vijg"}]},{"@type":"WebSite","@id":"https:\/\/www.schramas.com\/#website","url":"https:\/\/www.schramas.com\/","name":"Schramas.com | Gartenpflanzen einfach online bestellen | Direkt aus unserer G\u00e4rtnerei","description":"","alternateName":"Schramas.com - Alle planten direct van de kweker","potentialAction":[{"@type":"SearchAction","target":{"@type":"EntryPoint","urlTemplate":"https:\/\/www.schramas.com\/?s={search_term_string}"},"query-input":{"@type":"PropertyValueSpecification","valueRequired":true,"valueName":"search_term_string"}}],"inLanguage":"de"}]}},"_links":{"self":[{"href":"https:\/\/www.schramas.com\/de\/wp-json\/wp\/v2\/product\/27843","targetHints":{"allow":["GET"]}}],"collection":[{"href":"https:\/\/www.schramas.com\/de\/wp-json\/wp\/v2\/product"}],"about":[{"href":"https:\/\/www.schramas.com\/de\/wp-json\/wp\/v2\/types\/product"}],"version-history":[{"count":0,"href":"https:\/\/www.schramas.com\/de\/wp-json\/wp\/v2\/product\/27843\/revisions"}],"wp:attachment":[{"href":"https:\/\/www.schramas.com\/de\/wp-json\/wp\/v2\/media?parent=27843"}],"wp:term":[{"taxonomy":"product_brand","embeddable":true,"href":"https:\/\/www.schramas.com\/de\/wp-json\/wp\/v2\/product_brand?post=27843"},{"taxonomy":"product_cat","embeddable":true,"href":"https:\/\/www.schramas.com\/de\/wp-json\/wp\/v2\/product_cat?post=27843"},{"taxonomy":"product_tag","embeddable":true,"href":"https:\/\/www.schramas.com\/de\/wp-json\/wp\/v2\/product_tag?post=27843"}],"curies":[{"name":"wp","href":"https:\/\/api.w.org\/{rel}","templated":true}]}}