{"id":27861,"date":"2023-09-12T14:32:06","date_gmt":"2023-09-12T12:32:06","guid":{"rendered":"https:\/\/www.schramas.com\/winkel\/malus-domestica-discovery-appel\/"},"modified":"2025-07-10T12:18:17","modified_gmt":"2025-07-10T10:18:17","slug":"zierapfel-malus-domestica","status":"publish","type":"product","link":"https:\/\/www.schramas.com\/de\/shop\/zierapfel-malus-domestica\/","title":{"rendered":"Malus Domestica \u201eDiscovery\u201c-Apfel"},"content":{"rendered":"<p>\u201eDiscovery\u201c ist eine fr\u00fche Sorte des Apfelbaums, die f\u00fcr ihre leuchtend rote Farbe und ihr saftiges Fruchtfleisch bekannt ist. Diese Sorte produziert \u00c4pfel mit einem s\u00fc\u00dfen und leicht s\u00e4uerlichen Geschmack. Die \u00c4pfel eignen sich ideal f\u00fcr den Frischverzehr und k\u00f6nnen auch zu S\u00e4ften und Kompotten verarbeitet werden. \u201eDiscovery\u201c verleiht dem Garten eine farbenfrohe Note.<\/p>","protected":false},"excerpt":{"rendered":"<p>\u201eDiscovery\u201c ist eine fr\u00fche Sorte des Apfelbaums, die f\u00fcr ihre leuchtend rote Farbe und ihr saftiges Fruchtfleisch bekannt ist. Diese Sorte produziert \u00c4pfel mit einem s\u00fc\u00dfen und leicht s\u00e4uerlichen Geschmack. Die \u00c4pfel eignen sich ideal f\u00fcr den Frischverzehr und k\u00f6nnen auch zu S\u00e4ften und Kompotten verarbeitet werden. \u201eDiscovery\u201c verleiht dem Garten eine farbenfrohe Note.<\/p>","protected":false},"featured_media":0,"template":"","meta":{"_joinchat":[]},"product_brand":[],"product_cat":[],"product_tag":[569,1023,665,328],"class_list":{"0":"post-27861","1":"product","2":"type-product","3":"status-publish","5":"product_tag-appel","6":"product_tag-sappig","7":"product_tag-vroeg","8":"product_tag-zoet","10":"first","11":"outofstock","12":"taxable","13":"shipping-taxable","14":"purchasable","15":"product-type-simple"},"yoast_head":"<!-- This site is optimized with the Yoast SEO plugin v24.2 - https:\/\/yoast.com\/wordpress\/plugins\/seo\/ -->\n<title>Malus domestica &#039;Discovery&#039; Appel kopen | Planten eenvoudig online bestellen | Schramas.com<\/title>\n<meta name=\"robots\" content=\"index, follow, max-snippet:-1, max-image-preview:large, max-video-preview:-1\" \/>\n<link rel=\"canonical\" href=\"https:\/\/www.schramas.com\/de\/shop\/zierapfel-malus-domestica\/\" \/>\n<meta property=\"og:locale\" content=\"de_DE\" \/>\n<meta property=\"og:type\" content=\"article\" \/>\n<meta property=\"og:title\" content=\"Malus domestica &#039;Discovery&#039; Appel kopen | Planten eenvoudig online bestellen | Schramas.com\" \/>\n<meta property=\"og:description\" content=\"&#8216;Discovery&#8217; is een vroege vari?teit van de appelboom, bekend om zijn levendige rode kleur en sappige vruchtvlees. Deze cultivar produceert appels met een zoete en lichtzure smaak. De appels zijn ideaal voor vers gebruik en kunnen ook worden verwerkt in sappen en compotes. &#8216;Discovery&#8217; voegt een kleurrijk tintje toe aan de tuin.\" \/>\n<meta property=\"og:url\" content=\"https:\/\/www.schramas.com\/de\/shop\/zierapfel-malus-domestica\/\" \/>\n<meta property=\"og:site_name\" content=\"Planten eenvoudig online bestellen | Schramas.com\" \/>\n<meta property=\"article:publisher\" content=\"https:\/\/www.facebook.com\/Schramascom-106872874153195\/\" \/>\n<meta property=\"article:modified_time\" content=\"2025-07-10T10:18:17+00:00\" \/>\n<meta property=\"og:image\" content=\"https:\/\/www.schramas.com\/wp-content\/uploads\/2020\/11\/210913-Logo-ontwerp-versie-2-amazon-grijs.png\" \/>\n\t<meta property=\"og:image:width\" content=\"1446\" \/>\n\t<meta property=\"og:image:height\" content=\"700\" \/>\n\t<meta property=\"og:image:type\" content=\"image\/png\" \/>\n<meta name=\"twitter:card\" content=\"summary_large_image\" \/>\n<script type=\"application\/ld+json\" class=\"yoast-schema-graph\">{\"@context\":\"https:\/\/schema.org\",\"@graph\":[{\"@type\":[\"WebPage\",\"ItemPage\"],\"@id\":\"https:\/\/www.schramas.com\/winkel\/malus-domestica-discovery-appel\/\",\"url\":\"https:\/\/www.schramas.com\/winkel\/malus-domestica-discovery-appel\/\",\"name\":\"Malus domestica 'Discovery' Appel kopen | Planten eenvoudig online bestellen | Schramas.com\",\"isPartOf\":{\"@id\":\"https:\/\/www.schramas.com\/#website\"},\"datePublished\":\"2023-09-12T12:32:06+00:00\",\"dateModified\":\"2025-07-10T10:18:17+00:00\",\"breadcrumb\":{\"@id\":\"https:\/\/www.schramas.com\/winkel\/malus-domestica-discovery-appel\/#breadcrumb\"},\"inLanguage\":\"de\",\"potentialAction\":[{\"@type\":\"ReadAction\",\"target\":[\"https:\/\/www.schramas.com\/winkel\/malus-domestica-discovery-appel\/\"]}]},{\"@type\":\"BreadcrumbList\",\"@id\":\"https:\/\/www.schramas.com\/winkel\/malus-domestica-discovery-appel\/#breadcrumb\",\"itemListElement\":[{\"@type\":\"ListItem\",\"position\":1,\"name\":\"Product\",\"item\":\"https:\/\/www.schramas.com\/assortiment\/\"},{\"@type\":\"ListItem\",\"position\":2,\"name\":\"Offerte aanvragen\",\"item\":\"https:\/\/www.schramas.com\/product-category\/offerte-aanvragen\/\"},{\"@type\":\"ListItem\",\"position\":3,\"name\":\"Malus domestica &#8216;Discovery&#8217; Appel\"}]},{\"@type\":\"WebSite\",\"@id\":\"https:\/\/www.schramas.com\/#website\",\"url\":\"https:\/\/www.schramas.com\/\",\"name\":\"Schramas.com | Tuinplanten eenvoudig online bestellen | Direct van onze Kwekerij\",\"description\":\"\",\"alternateName\":\"Schramas.com - Alle planten direct van de kweker\",\"potentialAction\":[{\"@type\":\"SearchAction\",\"target\":{\"@type\":\"EntryPoint\",\"urlTemplate\":\"https:\/\/www.schramas.com\/?s={search_term_string}\"},\"query-input\":{\"@type\":\"PropertyValueSpecification\",\"valueRequired\":true,\"valueName\":\"search_term_string\"}}],\"inLanguage\":\"de\"}]}<\/script>\n<!-- \/ Yoast SEO plugin. -->","yoast_head_json":{"title":"Kaufen Sie Malus Domestica &#039;Discovery&#039; Apple | Pflanzen einfach online bestellen | Schramas.com","robots":{"index":"index","follow":"follow","max-snippet":"max-snippet:-1","max-image-preview":"max-image-preview:large","max-video-preview":"max-video-preview:-1"},"canonical":"https:\/\/www.schramas.com\/de\/shop\/zierapfel-malus-domestica\/","og_locale":"de_DE","og_type":"article","og_title":"Malus domestica 'Discovery' Appel kopen | Planten eenvoudig online bestellen | Schramas.com","og_description":"&#8216;Discovery&#8217; is een vroege vari?teit van de appelboom, bekend om zijn levendige rode kleur en sappige vruchtvlees. Deze cultivar produceert appels met een zoete en lichtzure smaak. De appels zijn ideaal voor vers gebruik en kunnen ook worden verwerkt in sappen en compotes. &#8216;Discovery&#8217; voegt een kleurrijk tintje toe aan de tuin.","og_url":"https:\/\/www.schramas.com\/de\/shop\/zierapfel-malus-domestica\/","og_site_name":"Planten eenvoudig online bestellen | Schramas.com","article_publisher":"https:\/\/www.facebook.com\/Schramascom-106872874153195\/","article_modified_time":"2025-07-10T10:18:17+00:00","og_image":[{"width":1446,"height":700,"url":"https:\/\/www.schramas.com\/wp-content\/uploads\/2020\/11\/210913-Logo-ontwerp-versie-2-amazon-grijs.png","type":"image\/png"}],"twitter_card":"summary_large_image","schema":{"@context":"https:\/\/schema.org","@graph":[{"@type":["WebPage","ItemPage"],"@id":"https:\/\/www.schramas.com\/winkel\/malus-domestica-discovery-appel\/","url":"https:\/\/www.schramas.com\/winkel\/malus-domestica-discovery-appel\/","name":"Kaufen Sie Malus Domestica &#039;Discovery&#039; Apple | Pflanzen einfach online bestellen | Schramas.com","isPartOf":{"@id":"https:\/\/www.schramas.com\/#website"},"datePublished":"2023-09-12T12:32:06+00:00","dateModified":"2025-07-10T10:18:17+00:00","breadcrumb":{"@id":"https:\/\/www.schramas.com\/winkel\/malus-domestica-discovery-appel\/#breadcrumb"},"inLanguage":"de","potentialAction":[{"@type":"ReadAction","target":["https:\/\/www.schramas.com\/winkel\/malus-domestica-discovery-appel\/"]}]},{"@type":"BreadcrumbList","@id":"https:\/\/www.schramas.com\/winkel\/malus-domestica-discovery-appel\/#breadcrumb","itemListElement":[{"@type":"ListItem","position":1,"name":"Product","item":"https:\/\/www.schramas.com\/assortiment\/"},{"@type":"ListItem","position":2,"name":"Offerte aanvragen","item":"https:\/\/www.schramas.com\/product-category\/offerte-aanvragen\/"},{"@type":"ListItem","position":3,"name":"Malus domestica &#8216;Discovery&#8217; Appel"}]},{"@type":"WebSite","@id":"https:\/\/www.schramas.com\/#website","url":"https:\/\/www.schramas.com\/","name":"Schramas.com | Gartenpflanzen einfach online bestellen | Direkt aus unserer G\u00e4rtnerei","description":"","alternateName":"Schramas.com - Alle planten direct van de kweker","potentialAction":[{"@type":"SearchAction","target":{"@type":"EntryPoint","urlTemplate":"https:\/\/www.schramas.com\/?s={search_term_string}"},"query-input":{"@type":"PropertyValueSpecification","valueRequired":true,"valueName":"search_term_string"}}],"inLanguage":"de"}]}},"_links":{"self":[{"href":"https:\/\/www.schramas.com\/de\/wp-json\/wp\/v2\/product\/27861","targetHints":{"allow":["GET"]}}],"collection":[{"href":"https:\/\/www.schramas.com\/de\/wp-json\/wp\/v2\/product"}],"about":[{"href":"https:\/\/www.schramas.com\/de\/wp-json\/wp\/v2\/types\/product"}],"version-history":[{"count":0,"href":"https:\/\/www.schramas.com\/de\/wp-json\/wp\/v2\/product\/27861\/revisions"}],"wp:attachment":[{"href":"https:\/\/www.schramas.com\/de\/wp-json\/wp\/v2\/media?parent=27861"}],"wp:term":[{"taxonomy":"product_brand","embeddable":true,"href":"https:\/\/www.schramas.com\/de\/wp-json\/wp\/v2\/product_brand?post=27861"},{"taxonomy":"product_cat","embeddable":true,"href":"https:\/\/www.schramas.com\/de\/wp-json\/wp\/v2\/product_cat?post=27861"},{"taxonomy":"product_tag","embeddable":true,"href":"https:\/\/www.schramas.com\/de\/wp-json\/wp\/v2\/product_tag?post=27861"}],"curies":[{"name":"wp","href":"https:\/\/api.w.org\/{rel}","templated":true}]}}