{"id":27919,"date":"2023-09-12T14:32:18","date_gmt":"2023-09-12T12:32:18","guid":{"rendered":"https:\/\/www.schramas.com\/winkel\/prunus-cerasus-kelleris-nr-16-morel\/"},"modified":"2025-07-10T12:18:25","modified_gmt":"2025-07-10T10:18:25","slug":"prunus-cerasus-kelleris-nr-16-morel","status":"publish","type":"product","link":"https:\/\/www.schramas.com\/de\/shop\/prunus-cerasus-kelleris-nr-16-morel\/","title":{"rendered":"Prunus cerasus 'Kelleris Nr. 16' Morchel"},"content":{"rendered":"<p>Kelleris No 16\" ist eine besondere Sorte der Morchelkirsche. Diese Sorte ist bekannt f\u00fcr ihre s\u00fc\u00dfen, saftigen Fr\u00fcchte, die sich f\u00fcr den Frischverzehr und die Verarbeitung eignen. Ihr reichhaltiger Geschmack macht 'Kelleris No 16' zu einer begehrten Sorte f\u00fcr Morchelliebhaber.<\/p>","protected":false},"excerpt":{"rendered":"<p>Kelleris No 16\" ist eine besondere Sorte der Morchelkirsche. Diese Sorte ist bekannt f\u00fcr ihre s\u00fc\u00dfen, saftigen Fr\u00fcchte, die sich f\u00fcr den Frischverzehr und die Verarbeitung eignen. Ihr reichhaltiger Geschmack macht 'Kelleris No 16' zu einer begehrten Sorte f\u00fcr Morchelliebhaber.<\/p>","protected":false},"featured_media":0,"template":"","meta":{"_joinchat":[]},"product_brand":[],"product_cat":[],"product_tag":[575,1170,1120,1023,328],"class_list":{"0":"post-27919","1":"product","2":"type-product","3":"status-publish","5":"product_tag-kers","6":"product_tag-morel","7":"product_tag-rijke-smaak","8":"product_tag-sappig","9":"product_tag-zoet","11":"first","12":"outofstock","13":"taxable","14":"shipping-taxable","15":"purchasable","16":"product-type-simple"},"yoast_head":"<!-- This site is optimized with the Yoast SEO plugin v24.2 - https:\/\/yoast.com\/wordpress\/plugins\/seo\/ -->\n<title>Prunus cerasus &#039;Kelleris nr. 16&#039; Morel kopen | Planten eenvoudig online bestellen | Schramas.com<\/title>\n<meta name=\"robots\" content=\"index, follow, max-snippet:-1, max-image-preview:large, max-video-preview:-1\" \/>\n<link rel=\"canonical\" href=\"https:\/\/www.schramas.com\/de\/shop\/prunus-cerasus-kelleris-nr-16-morel\/\" \/>\n<meta property=\"og:locale\" content=\"de_DE\" \/>\n<meta property=\"og:type\" content=\"article\" \/>\n<meta property=\"og:title\" content=\"Prunus cerasus &#039;Kelleris nr. 16&#039; Morel kopen | Planten eenvoudig online bestellen | Schramas.com\" \/>\n<meta property=\"og:description\" content=\"&#8216;Kelleris nr. 16&#8217; is een specifieke vari?teit van de Morel kersensoort. Deze cultivar staat bekend om zijn zoete, sappige vruchten die geschikt zijn voor vers gebruik en verwerking. De rijke smaak maakt &#8216;Kelleris nr. 16&#8217; tot een gewilde keuze onder Morel liefhebbers.\" \/>\n<meta property=\"og:url\" content=\"https:\/\/www.schramas.com\/de\/shop\/prunus-cerasus-kelleris-nr-16-morel\/\" \/>\n<meta property=\"og:site_name\" content=\"Planten eenvoudig online bestellen | Schramas.com\" \/>\n<meta property=\"article:publisher\" content=\"https:\/\/www.facebook.com\/Schramascom-106872874153195\/\" \/>\n<meta property=\"article:modified_time\" content=\"2025-07-10T10:18:25+00:00\" \/>\n<meta property=\"og:image\" content=\"https:\/\/www.schramas.com\/wp-content\/uploads\/2020\/11\/210913-Logo-ontwerp-versie-2-amazon-grijs.png\" \/>\n\t<meta property=\"og:image:width\" content=\"1446\" \/>\n\t<meta property=\"og:image:height\" content=\"700\" \/>\n\t<meta property=\"og:image:type\" content=\"image\/png\" \/>\n<meta name=\"twitter:card\" content=\"summary_large_image\" \/>\n<script type=\"application\/ld+json\" class=\"yoast-schema-graph\">{\"@context\":\"https:\/\/schema.org\",\"@graph\":[{\"@type\":[\"WebPage\",\"ItemPage\"],\"@id\":\"https:\/\/www.schramas.com\/winkel\/prunus-cerasus-kelleris-nr-16-morel\/\",\"url\":\"https:\/\/www.schramas.com\/winkel\/prunus-cerasus-kelleris-nr-16-morel\/\",\"name\":\"Prunus cerasus 'Kelleris nr. 16' Morel kopen | Planten eenvoudig online bestellen | Schramas.com\",\"isPartOf\":{\"@id\":\"https:\/\/www.schramas.com\/#website\"},\"datePublished\":\"2023-09-12T12:32:18+00:00\",\"dateModified\":\"2025-07-10T10:18:25+00:00\",\"breadcrumb\":{\"@id\":\"https:\/\/www.schramas.com\/winkel\/prunus-cerasus-kelleris-nr-16-morel\/#breadcrumb\"},\"inLanguage\":\"de\",\"potentialAction\":[{\"@type\":\"ReadAction\",\"target\":[\"https:\/\/www.schramas.com\/winkel\/prunus-cerasus-kelleris-nr-16-morel\/\"]}]},{\"@type\":\"BreadcrumbList\",\"@id\":\"https:\/\/www.schramas.com\/winkel\/prunus-cerasus-kelleris-nr-16-morel\/#breadcrumb\",\"itemListElement\":[{\"@type\":\"ListItem\",\"position\":1,\"name\":\"Product\",\"item\":\"https:\/\/www.schramas.com\/assortiment\/\"},{\"@type\":\"ListItem\",\"position\":2,\"name\":\"Prunus cerasus &#8216;Kelleris nr. 16&#8217; Morel\"}]},{\"@type\":\"WebSite\",\"@id\":\"https:\/\/www.schramas.com\/#website\",\"url\":\"https:\/\/www.schramas.com\/\",\"name\":\"Schramas.com | Tuinplanten eenvoudig online bestellen | Direct van onze Kwekerij\",\"description\":\"\",\"alternateName\":\"Schramas.com - Alle planten direct van de kweker\",\"potentialAction\":[{\"@type\":\"SearchAction\",\"target\":{\"@type\":\"EntryPoint\",\"urlTemplate\":\"https:\/\/www.schramas.com\/?s={search_term_string}\"},\"query-input\":{\"@type\":\"PropertyValueSpecification\",\"valueRequired\":true,\"valueName\":\"search_term_string\"}}],\"inLanguage\":\"de\"}]}<\/script>\n<!-- \/ Yoast SEO plugin. -->","yoast_head_json":{"title":"Prunus cerasus 'Kelleris Nr. 16' Morchel kaufen | Pflanzen einfach online bestellen | Schramas.de","robots":{"index":"index","follow":"follow","max-snippet":"max-snippet:-1","max-image-preview":"max-image-preview:large","max-video-preview":"max-video-preview:-1"},"canonical":"https:\/\/www.schramas.com\/de\/shop\/prunus-cerasus-kelleris-nr-16-morel\/","og_locale":"de_DE","og_type":"article","og_title":"Prunus cerasus 'Kelleris nr. 16' Morel kopen | Planten eenvoudig online bestellen | Schramas.com","og_description":"&#8216;Kelleris nr. 16&#8217; is een specifieke vari?teit van de Morel kersensoort. Deze cultivar staat bekend om zijn zoete, sappige vruchten die geschikt zijn voor vers gebruik en verwerking. De rijke smaak maakt &#8216;Kelleris nr. 16&#8217; tot een gewilde keuze onder Morel liefhebbers.","og_url":"https:\/\/www.schramas.com\/de\/shop\/prunus-cerasus-kelleris-nr-16-morel\/","og_site_name":"Planten eenvoudig online bestellen | Schramas.com","article_publisher":"https:\/\/www.facebook.com\/Schramascom-106872874153195\/","article_modified_time":"2025-07-10T10:18:25+00:00","og_image":[{"width":1446,"height":700,"url":"https:\/\/www.schramas.com\/wp-content\/uploads\/2020\/11\/210913-Logo-ontwerp-versie-2-amazon-grijs.png","type":"image\/png"}],"twitter_card":"summary_large_image","schema":{"@context":"https:\/\/schema.org","@graph":[{"@type":["WebPage","ItemPage"],"@id":"https:\/\/www.schramas.com\/winkel\/prunus-cerasus-kelleris-nr-16-morel\/","url":"https:\/\/www.schramas.com\/winkel\/prunus-cerasus-kelleris-nr-16-morel\/","name":"Prunus cerasus 'Kelleris Nr. 16' Morchel kaufen | Pflanzen einfach online bestellen | Schramas.de","isPartOf":{"@id":"https:\/\/www.schramas.com\/#website"},"datePublished":"2023-09-12T12:32:18+00:00","dateModified":"2025-07-10T10:18:25+00:00","breadcrumb":{"@id":"https:\/\/www.schramas.com\/winkel\/prunus-cerasus-kelleris-nr-16-morel\/#breadcrumb"},"inLanguage":"de","potentialAction":[{"@type":"ReadAction","target":["https:\/\/www.schramas.com\/winkel\/prunus-cerasus-kelleris-nr-16-morel\/"]}]},{"@type":"BreadcrumbList","@id":"https:\/\/www.schramas.com\/winkel\/prunus-cerasus-kelleris-nr-16-morel\/#breadcrumb","itemListElement":[{"@type":"ListItem","position":1,"name":"Product","item":"https:\/\/www.schramas.com\/assortiment\/"},{"@type":"ListItem","position":2,"name":"Prunus cerasus &#8216;Kelleris nr. 16&#8217; Morel"}]},{"@type":"WebSite","@id":"https:\/\/www.schramas.com\/#website","url":"https:\/\/www.schramas.com\/","name":"Schramas.com | Gartenpflanzen einfach online bestellen | Direkt aus unserer G\u00e4rtnerei","description":"","alternateName":"Schramas.com - Alle planten direct van de kweker","potentialAction":[{"@type":"SearchAction","target":{"@type":"EntryPoint","urlTemplate":"https:\/\/www.schramas.com\/?s={search_term_string}"},"query-input":{"@type":"PropertyValueSpecification","valueRequired":true,"valueName":"search_term_string"}}],"inLanguage":"de"}]}},"_links":{"self":[{"href":"https:\/\/www.schramas.com\/de\/wp-json\/wp\/v2\/product\/27919","targetHints":{"allow":["GET"]}}],"collection":[{"href":"https:\/\/www.schramas.com\/de\/wp-json\/wp\/v2\/product"}],"about":[{"href":"https:\/\/www.schramas.com\/de\/wp-json\/wp\/v2\/types\/product"}],"version-history":[{"count":0,"href":"https:\/\/www.schramas.com\/de\/wp-json\/wp\/v2\/product\/27919\/revisions"}],"wp:attachment":[{"href":"https:\/\/www.schramas.com\/de\/wp-json\/wp\/v2\/media?parent=27919"}],"wp:term":[{"taxonomy":"product_brand","embeddable":true,"href":"https:\/\/www.schramas.com\/de\/wp-json\/wp\/v2\/product_brand?post=27919"},{"taxonomy":"product_cat","embeddable":true,"href":"https:\/\/www.schramas.com\/de\/wp-json\/wp\/v2\/product_cat?post=27919"},{"taxonomy":"product_tag","embeddable":true,"href":"https:\/\/www.schramas.com\/de\/wp-json\/wp\/v2\/product_tag?post=27919"}],"curies":[{"name":"wp","href":"https:\/\/api.w.org\/{rel}","templated":true}]}}