{"id":27942,"date":"2023-09-12T14:32:20","date_gmt":"2023-09-12T12:32:20","guid":{"rendered":"https:\/\/www.schramas.com\/winkel\/pyrus-communis-bonne-louise-davranches-peer\/"},"modified":"2025-07-10T12:18:33","modified_gmt":"2025-07-10T10:18:33","slug":"pyrus-communis-bonne-louise-davranches-birne","status":"publish","type":"product","link":"https:\/\/www.schramas.com\/de\/shop\/pyrus-communis-bonne-louise-davranches-birne\/","title":{"rendered":"Pyrus communis 'Bonne Louise d'Avranches' Birne"},"content":{"rendered":"<p>\u201eBonne Louise d\u2019Avranches\u201c ist eine Birnensorte mit gro\u00dfen, saftigen Fr\u00fcchten und s\u00fc\u00dfem Geschmack. Diese Sorte ist f\u00fcr den Frischverzehr geeignet und kann in Marmeladen und Desserts verwendet werden. Die Gr\u00f6\u00dfe und Saftigkeit machen \u201eBonne Louise d&#039;Avranches\u201c zu einer beliebten Wahl unter Birnenliebhabern.<\/p>","protected":false},"excerpt":{"rendered":"<p>\u201eBonne Louise d\u2019Avranches\u201c ist eine Birnensorte mit gro\u00dfen, saftigen Fr\u00fcchten und s\u00fc\u00dfem Geschmack. Diese Sorte ist f\u00fcr den Frischverzehr geeignet und kann in Marmeladen und Desserts verwendet werden. Die Gr\u00f6\u00dfe und Saftigkeit machen \u201eBonne Louise d&#039;Avranches\u201c zu einer beliebten Wahl unter Birnenliebhabern.<\/p>","protected":false},"featured_media":0,"template":"","meta":{"_joinchat":[]},"product_brand":[],"product_cat":[],"product_tag":[1095,572,1023,328],"class_list":{"0":"post-27942","1":"product","2":"type-product","3":"status-publish","5":"product_tag-groot","6":"product_tag-peer","7":"product_tag-sappig","8":"product_tag-zoet","10":"first","11":"outofstock","12":"taxable","13":"shipping-taxable","14":"purchasable","15":"product-type-simple"},"yoast_head":"<!-- This site is optimized with the Yoast SEO plugin v24.2 - https:\/\/yoast.com\/wordpress\/plugins\/seo\/ -->\n<title>Pyrus communis &#039;Bonne Louise d&#039;Avranches&#039; Peer kopen | Planten eenvoudig online bestellen | Schramas.com<\/title>\n<meta name=\"robots\" content=\"index, follow, max-snippet:-1, max-image-preview:large, max-video-preview:-1\" \/>\n<link rel=\"canonical\" href=\"https:\/\/www.schramas.com\/de\/shop\/pyrus-communis-bonne-louise-davranches-birne\/\" \/>\n<meta property=\"og:locale\" content=\"de_DE\" \/>\n<meta property=\"og:type\" content=\"article\" \/>\n<meta property=\"og:title\" content=\"Pyrus communis &#039;Bonne Louise d&#039;Avranches&#039; Peer kopen | Planten eenvoudig online bestellen | Schramas.com\" \/>\n<meta property=\"og:description\" content=\"&#8216;Bonne Louise d&#8217;Avranches&#8217; is een perensoort met grote, sappige vruchten en een zoete smaak. Deze cultivar is geschikt voor vers gebruik en kan worden verwerkt in jams en desserts. De grootte en de sappigheid maken &#8216;Bonne Louise d&#8217;Avranches&#8217; tot een geliefde keuze onder perenliefhebbers.\" \/>\n<meta property=\"og:url\" content=\"https:\/\/www.schramas.com\/de\/shop\/pyrus-communis-bonne-louise-davranches-birne\/\" \/>\n<meta property=\"og:site_name\" content=\"Planten eenvoudig online bestellen | Schramas.com\" \/>\n<meta property=\"article:publisher\" content=\"https:\/\/www.facebook.com\/Schramascom-106872874153195\/\" \/>\n<meta property=\"article:modified_time\" content=\"2025-07-10T10:18:33+00:00\" \/>\n<meta property=\"og:image\" content=\"https:\/\/www.schramas.com\/wp-content\/uploads\/2020\/11\/210913-Logo-ontwerp-versie-2-amazon-grijs.png\" \/>\n\t<meta property=\"og:image:width\" content=\"1446\" \/>\n\t<meta property=\"og:image:height\" content=\"700\" \/>\n\t<meta property=\"og:image:type\" content=\"image\/png\" \/>\n<meta name=\"twitter:card\" content=\"summary_large_image\" \/>\n<script type=\"application\/ld+json\" class=\"yoast-schema-graph\">{\"@context\":\"https:\/\/schema.org\",\"@graph\":[{\"@type\":[\"WebPage\",\"ItemPage\"],\"@id\":\"https:\/\/www.schramas.com\/winkel\/pyrus-communis-bonne-louise-davranches-peer\/\",\"url\":\"https:\/\/www.schramas.com\/winkel\/pyrus-communis-bonne-louise-davranches-peer\/\",\"name\":\"Pyrus communis 'Bonne Louise d'Avranches' Peer kopen | Planten eenvoudig online bestellen | Schramas.com\",\"isPartOf\":{\"@id\":\"https:\/\/www.schramas.com\/#website\"},\"datePublished\":\"2023-09-12T12:32:20+00:00\",\"dateModified\":\"2025-07-10T10:18:33+00:00\",\"breadcrumb\":{\"@id\":\"https:\/\/www.schramas.com\/winkel\/pyrus-communis-bonne-louise-davranches-peer\/#breadcrumb\"},\"inLanguage\":\"de\",\"potentialAction\":[{\"@type\":\"ReadAction\",\"target\":[\"https:\/\/www.schramas.com\/winkel\/pyrus-communis-bonne-louise-davranches-peer\/\"]}]},{\"@type\":\"BreadcrumbList\",\"@id\":\"https:\/\/www.schramas.com\/winkel\/pyrus-communis-bonne-louise-davranches-peer\/#breadcrumb\",\"itemListElement\":[{\"@type\":\"ListItem\",\"position\":1,\"name\":\"Product\",\"item\":\"https:\/\/www.schramas.com\/assortiment\/\"},{\"@type\":\"ListItem\",\"position\":2,\"name\":\"Offerte aanvragen\",\"item\":\"https:\/\/www.schramas.com\/product-category\/offerte-aanvragen\/\"},{\"@type\":\"ListItem\",\"position\":3,\"name\":\"Pyrus communis &#8216;Bonne Louise d&#8217;Avranches&#8217; Peer\"}]},{\"@type\":\"WebSite\",\"@id\":\"https:\/\/www.schramas.com\/#website\",\"url\":\"https:\/\/www.schramas.com\/\",\"name\":\"Schramas.com | Tuinplanten eenvoudig online bestellen | Direct van onze Kwekerij\",\"description\":\"\",\"alternateName\":\"Schramas.com - Alle planten direct van de kweker\",\"potentialAction\":[{\"@type\":\"SearchAction\",\"target\":{\"@type\":\"EntryPoint\",\"urlTemplate\":\"https:\/\/www.schramas.com\/?s={search_term_string}\"},\"query-input\":{\"@type\":\"PropertyValueSpecification\",\"valueRequired\":true,\"valueName\":\"search_term_string\"}}],\"inLanguage\":\"de\"}]}<\/script>\n<!-- \/ Yoast SEO plugin. -->","yoast_head_json":{"title":"Kaufen Sie Pyrus communis &#039;Bonne Louise d&#039;Avranches&#039; Birne | Pflanzen einfach online bestellen | Schramas.com","robots":{"index":"index","follow":"follow","max-snippet":"max-snippet:-1","max-image-preview":"max-image-preview:large","max-video-preview":"max-video-preview:-1"},"canonical":"https:\/\/www.schramas.com\/de\/shop\/pyrus-communis-bonne-louise-davranches-birne\/","og_locale":"de_DE","og_type":"article","og_title":"Pyrus communis 'Bonne Louise d'Avranches' Peer kopen | Planten eenvoudig online bestellen | Schramas.com","og_description":"&#8216;Bonne Louise d&#8217;Avranches&#8217; is een perensoort met grote, sappige vruchten en een zoete smaak. Deze cultivar is geschikt voor vers gebruik en kan worden verwerkt in jams en desserts. De grootte en de sappigheid maken &#8216;Bonne Louise d&#8217;Avranches&#8217; tot een geliefde keuze onder perenliefhebbers.","og_url":"https:\/\/www.schramas.com\/de\/shop\/pyrus-communis-bonne-louise-davranches-birne\/","og_site_name":"Planten eenvoudig online bestellen | Schramas.com","article_publisher":"https:\/\/www.facebook.com\/Schramascom-106872874153195\/","article_modified_time":"2025-07-10T10:18:33+00:00","og_image":[{"width":1446,"height":700,"url":"https:\/\/www.schramas.com\/wp-content\/uploads\/2020\/11\/210913-Logo-ontwerp-versie-2-amazon-grijs.png","type":"image\/png"}],"twitter_card":"summary_large_image","schema":{"@context":"https:\/\/schema.org","@graph":[{"@type":["WebPage","ItemPage"],"@id":"https:\/\/www.schramas.com\/winkel\/pyrus-communis-bonne-louise-davranches-peer\/","url":"https:\/\/www.schramas.com\/winkel\/pyrus-communis-bonne-louise-davranches-peer\/","name":"Kaufen Sie Pyrus communis &#039;Bonne Louise d&#039;Avranches&#039; Birne | Pflanzen einfach online bestellen | Schramas.com","isPartOf":{"@id":"https:\/\/www.schramas.com\/#website"},"datePublished":"2023-09-12T12:32:20+00:00","dateModified":"2025-07-10T10:18:33+00:00","breadcrumb":{"@id":"https:\/\/www.schramas.com\/winkel\/pyrus-communis-bonne-louise-davranches-peer\/#breadcrumb"},"inLanguage":"de","potentialAction":[{"@type":"ReadAction","target":["https:\/\/www.schramas.com\/winkel\/pyrus-communis-bonne-louise-davranches-peer\/"]}]},{"@type":"BreadcrumbList","@id":"https:\/\/www.schramas.com\/winkel\/pyrus-communis-bonne-louise-davranches-peer\/#breadcrumb","itemListElement":[{"@type":"ListItem","position":1,"name":"Product","item":"https:\/\/www.schramas.com\/assortiment\/"},{"@type":"ListItem","position":2,"name":"Offerte aanvragen","item":"https:\/\/www.schramas.com\/product-category\/offerte-aanvragen\/"},{"@type":"ListItem","position":3,"name":"Pyrus communis &#8216;Bonne Louise d&#8217;Avranches&#8217; Peer"}]},{"@type":"WebSite","@id":"https:\/\/www.schramas.com\/#website","url":"https:\/\/www.schramas.com\/","name":"Schramas.com | Gartenpflanzen einfach online bestellen | Direkt aus unserer G\u00e4rtnerei","description":"","alternateName":"Schramas.com - Alle planten direct van de kweker","potentialAction":[{"@type":"SearchAction","target":{"@type":"EntryPoint","urlTemplate":"https:\/\/www.schramas.com\/?s={search_term_string}"},"query-input":{"@type":"PropertyValueSpecification","valueRequired":true,"valueName":"search_term_string"}}],"inLanguage":"de"}]}},"_links":{"self":[{"href":"https:\/\/www.schramas.com\/de\/wp-json\/wp\/v2\/product\/27942","targetHints":{"allow":["GET"]}}],"collection":[{"href":"https:\/\/www.schramas.com\/de\/wp-json\/wp\/v2\/product"}],"about":[{"href":"https:\/\/www.schramas.com\/de\/wp-json\/wp\/v2\/types\/product"}],"version-history":[{"count":0,"href":"https:\/\/www.schramas.com\/de\/wp-json\/wp\/v2\/product\/27942\/revisions"}],"wp:attachment":[{"href":"https:\/\/www.schramas.com\/de\/wp-json\/wp\/v2\/media?parent=27942"}],"wp:term":[{"taxonomy":"product_brand","embeddable":true,"href":"https:\/\/www.schramas.com\/de\/wp-json\/wp\/v2\/product_brand?post=27942"},{"taxonomy":"product_cat","embeddable":true,"href":"https:\/\/www.schramas.com\/de\/wp-json\/wp\/v2\/product_cat?post=27942"},{"taxonomy":"product_tag","embeddable":true,"href":"https:\/\/www.schramas.com\/de\/wp-json\/wp\/v2\/product_tag?post=27942"}],"curies":[{"name":"wp","href":"https:\/\/api.w.org\/{rel}","templated":true}]}}