{"id":27971,"date":"2023-09-12T14:32:26","date_gmt":"2023-09-12T12:32:26","guid":{"rendered":"https:\/\/www.schramas.com\/winkel\/vaccinium-corymbosum-northland\/"},"modified":"2025-07-10T12:18:36","modified_gmt":"2025-07-10T10:18:36","slug":"vaccinium-corymbosum-northland","status":"publish","type":"product","link":"https:\/\/www.schramas.com\/de\/shop\/vaccinium-corymbosum-northland\/","title":{"rendered":"Vaccinium corymbosum 'Northland' (Heidelbeere)"},"content":{"rendered":"<p>\u201eNorthland\u201c ist eine Blaubeersorte mit mittelgro\u00dfen, s\u00fc\u00dfen Fr\u00fcchten. Dieser Strauch ist f\u00fcr seine hervorragende Winterh\u00e4rte und fr\u00fche Ernte bekannt. Die mittelgro\u00dfen, s\u00fc\u00dfen Fr\u00fcchte machen \u201eNorthland\u201c zu einer beliebten Wahl f\u00fcr den Heimanbau.<\/p>","protected":false},"excerpt":{"rendered":"<p>\u201eNorthland\u201c ist eine Blaubeersorte mit mittelgro\u00dfen, s\u00fc\u00dfen Fr\u00fcchten. Dieser Strauch ist f\u00fcr seine hervorragende Winterh\u00e4rte und fr\u00fche Ernte bekannt. Die mittelgro\u00dfen, s\u00fc\u00dfen Fr\u00fcchte machen \u201eNorthland\u201c zu einer beliebten Wahl f\u00fcr den Heimanbau.<\/p>","protected":false},"featured_media":0,"template":"","meta":{"_joinchat":[]},"product_brand":[],"product_cat":[],"product_tag":[640,1203,1207,1190,328],"class_list":{"0":"post-27971","1":"product","2":"type-product","3":"status-publish","5":"product_tag-blauwe-bes","6":"product_tag-middelgrote-vruchten","7":"product_tag-uitstekende-winterhardheid","8":"product_tag-vroege-oogst","9":"product_tag-zoet","11":"first","12":"outofstock","13":"taxable","14":"shipping-taxable","15":"purchasable","16":"product-type-simple"},"yoast_head":"<!-- This site is optimized with the Yoast SEO plugin v24.2 - https:\/\/yoast.com\/wordpress\/plugins\/seo\/ -->\n<title>Vaccinium corymbosum &#039;Northland&#039; (Blauwe Bes) kopen | Planten eenvoudig online bestellen | Schramas.com<\/title>\n<meta name=\"robots\" content=\"index, follow, max-snippet:-1, max-image-preview:large, max-video-preview:-1\" \/>\n<link rel=\"canonical\" href=\"https:\/\/www.schramas.com\/de\/shop\/vaccinium-corymbosum-northland\/\" \/>\n<meta property=\"og:locale\" content=\"de_DE\" \/>\n<meta property=\"og:type\" content=\"article\" \/>\n<meta property=\"og:title\" content=\"Vaccinium corymbosum &#039;Northland&#039; (Blauwe Bes) kopen | Planten eenvoudig online bestellen | Schramas.com\" \/>\n<meta property=\"og:description\" content=\"&#8216;Northland&#8217; is een Blauwe Bes cultivar met middelgrote, zoete vruchten. Deze struik staat bekend om zijn uitstekende winterhardheid en vroege oogst. De middelgrote, zoete vruchten maken &#8216;Northland&#8217; tot een favoriete keuze voor eigen teelt.\" \/>\n<meta property=\"og:url\" content=\"https:\/\/www.schramas.com\/de\/shop\/vaccinium-corymbosum-northland\/\" \/>\n<meta property=\"og:site_name\" content=\"Planten eenvoudig online bestellen | Schramas.com\" \/>\n<meta property=\"article:publisher\" content=\"https:\/\/www.facebook.com\/Schramascom-106872874153195\/\" \/>\n<meta property=\"article:modified_time\" content=\"2025-07-10T10:18:36+00:00\" \/>\n<meta property=\"og:image\" content=\"https:\/\/www.schramas.com\/wp-content\/uploads\/2020\/11\/210913-Logo-ontwerp-versie-2-amazon-grijs.png\" \/>\n\t<meta property=\"og:image:width\" content=\"1446\" \/>\n\t<meta property=\"og:image:height\" content=\"700\" \/>\n\t<meta property=\"og:image:type\" content=\"image\/png\" \/>\n<meta name=\"twitter:card\" content=\"summary_large_image\" \/>\n<script type=\"application\/ld+json\" class=\"yoast-schema-graph\">{\"@context\":\"https:\/\/schema.org\",\"@graph\":[{\"@type\":[\"WebPage\",\"ItemPage\"],\"@id\":\"https:\/\/www.schramas.com\/winkel\/vaccinium-corymbosum-northland\/\",\"url\":\"https:\/\/www.schramas.com\/winkel\/vaccinium-corymbosum-northland\/\",\"name\":\"Vaccinium corymbosum 'Northland' (Blauwe Bes) kopen | Planten eenvoudig online bestellen | Schramas.com\",\"isPartOf\":{\"@id\":\"https:\/\/www.schramas.com\/#website\"},\"datePublished\":\"2023-09-12T12:32:26+00:00\",\"dateModified\":\"2025-07-10T10:18:36+00:00\",\"breadcrumb\":{\"@id\":\"https:\/\/www.schramas.com\/winkel\/vaccinium-corymbosum-northland\/#breadcrumb\"},\"inLanguage\":\"de\",\"potentialAction\":[{\"@type\":\"ReadAction\",\"target\":[\"https:\/\/www.schramas.com\/winkel\/vaccinium-corymbosum-northland\/\"]}]},{\"@type\":\"BreadcrumbList\",\"@id\":\"https:\/\/www.schramas.com\/winkel\/vaccinium-corymbosum-northland\/#breadcrumb\",\"itemListElement\":[{\"@type\":\"ListItem\",\"position\":1,\"name\":\"Product\",\"item\":\"https:\/\/www.schramas.com\/assortiment\/\"},{\"@type\":\"ListItem\",\"position\":2,\"name\":\"Offerte aanvragen\",\"item\":\"https:\/\/www.schramas.com\/product-category\/offerte-aanvragen\/\"},{\"@type\":\"ListItem\",\"position\":3,\"name\":\"Vaccinium corymbosum &#8216;Northland&#8217; (Blauwe Bes)\"}]},{\"@type\":\"WebSite\",\"@id\":\"https:\/\/www.schramas.com\/#website\",\"url\":\"https:\/\/www.schramas.com\/\",\"name\":\"Schramas.com | Tuinplanten eenvoudig online bestellen | Direct van onze Kwekerij\",\"description\":\"\",\"alternateName\":\"Schramas.com - Alle planten direct van de kweker\",\"potentialAction\":[{\"@type\":\"SearchAction\",\"target\":{\"@type\":\"EntryPoint\",\"urlTemplate\":\"https:\/\/www.schramas.com\/?s={search_term_string}\"},\"query-input\":{\"@type\":\"PropertyValueSpecification\",\"valueRequired\":true,\"valueName\":\"search_term_string\"}}],\"inLanguage\":\"de\"}]}<\/script>\n<!-- \/ Yoast SEO plugin. -->","yoast_head_json":{"title":"Kaufen Sie Vaccinium corymbosum &#039;Northland&#039; (Blaubeere) | Pflanzen einfach online bestellen | Schramas.com","robots":{"index":"index","follow":"follow","max-snippet":"max-snippet:-1","max-image-preview":"max-image-preview:large","max-video-preview":"max-video-preview:-1"},"canonical":"https:\/\/www.schramas.com\/de\/shop\/vaccinium-corymbosum-northland\/","og_locale":"de_DE","og_type":"article","og_title":"Vaccinium corymbosum 'Northland' (Blauwe Bes) kopen | Planten eenvoudig online bestellen | Schramas.com","og_description":"&#8216;Northland&#8217; is een Blauwe Bes cultivar met middelgrote, zoete vruchten. Deze struik staat bekend om zijn uitstekende winterhardheid en vroege oogst. De middelgrote, zoete vruchten maken &#8216;Northland&#8217; tot een favoriete keuze voor eigen teelt.","og_url":"https:\/\/www.schramas.com\/de\/shop\/vaccinium-corymbosum-northland\/","og_site_name":"Planten eenvoudig online bestellen | Schramas.com","article_publisher":"https:\/\/www.facebook.com\/Schramascom-106872874153195\/","article_modified_time":"2025-07-10T10:18:36+00:00","og_image":[{"width":1446,"height":700,"url":"https:\/\/www.schramas.com\/wp-content\/uploads\/2020\/11\/210913-Logo-ontwerp-versie-2-amazon-grijs.png","type":"image\/png"}],"twitter_card":"summary_large_image","schema":{"@context":"https:\/\/schema.org","@graph":[{"@type":["WebPage","ItemPage"],"@id":"https:\/\/www.schramas.com\/winkel\/vaccinium-corymbosum-northland\/","url":"https:\/\/www.schramas.com\/winkel\/vaccinium-corymbosum-northland\/","name":"Kaufen Sie Vaccinium corymbosum &#039;Northland&#039; (Blaubeere) | Pflanzen einfach online bestellen | Schramas.com","isPartOf":{"@id":"https:\/\/www.schramas.com\/#website"},"datePublished":"2023-09-12T12:32:26+00:00","dateModified":"2025-07-10T10:18:36+00:00","breadcrumb":{"@id":"https:\/\/www.schramas.com\/winkel\/vaccinium-corymbosum-northland\/#breadcrumb"},"inLanguage":"de","potentialAction":[{"@type":"ReadAction","target":["https:\/\/www.schramas.com\/winkel\/vaccinium-corymbosum-northland\/"]}]},{"@type":"BreadcrumbList","@id":"https:\/\/www.schramas.com\/winkel\/vaccinium-corymbosum-northland\/#breadcrumb","itemListElement":[{"@type":"ListItem","position":1,"name":"Product","item":"https:\/\/www.schramas.com\/assortiment\/"},{"@type":"ListItem","position":2,"name":"Offerte aanvragen","item":"https:\/\/www.schramas.com\/product-category\/offerte-aanvragen\/"},{"@type":"ListItem","position":3,"name":"Vaccinium corymbosum &#8216;Northland&#8217; (Blauwe Bes)"}]},{"@type":"WebSite","@id":"https:\/\/www.schramas.com\/#website","url":"https:\/\/www.schramas.com\/","name":"Schramas.com | Gartenpflanzen einfach online bestellen | Direkt aus unserer G\u00e4rtnerei","description":"","alternateName":"Schramas.com - Alle planten direct van de kweker","potentialAction":[{"@type":"SearchAction","target":{"@type":"EntryPoint","urlTemplate":"https:\/\/www.schramas.com\/?s={search_term_string}"},"query-input":{"@type":"PropertyValueSpecification","valueRequired":true,"valueName":"search_term_string"}}],"inLanguage":"de"}]}},"_links":{"self":[{"href":"https:\/\/www.schramas.com\/de\/wp-json\/wp\/v2\/product\/27971","targetHints":{"allow":["GET"]}}],"collection":[{"href":"https:\/\/www.schramas.com\/de\/wp-json\/wp\/v2\/product"}],"about":[{"href":"https:\/\/www.schramas.com\/de\/wp-json\/wp\/v2\/types\/product"}],"version-history":[{"count":0,"href":"https:\/\/www.schramas.com\/de\/wp-json\/wp\/v2\/product\/27971\/revisions"}],"wp:attachment":[{"href":"https:\/\/www.schramas.com\/de\/wp-json\/wp\/v2\/media?parent=27971"}],"wp:term":[{"taxonomy":"product_brand","embeddable":true,"href":"https:\/\/www.schramas.com\/de\/wp-json\/wp\/v2\/product_brand?post=27971"},{"taxonomy":"product_cat","embeddable":true,"href":"https:\/\/www.schramas.com\/de\/wp-json\/wp\/v2\/product_cat?post=27971"},{"taxonomy":"product_tag","embeddable":true,"href":"https:\/\/www.schramas.com\/de\/wp-json\/wp\/v2\/product_tag?post=27971"}],"curies":[{"name":"wp","href":"https:\/\/api.w.org\/{rel}","templated":true}]}}