{"id":27986,"date":"2023-09-12T14:32:30","date_gmt":"2023-09-12T12:32:30","guid":{"rendered":"https:\/\/www.schramas.com\/winkel\/vitis-vinifera-crimson-blauwe-druif\/"},"modified":"2025-07-10T12:18:36","modified_gmt":"2025-07-10T10:18:36","slug":"vitis-vinifera-purpurrote-blaue-traube","status":"publish","type":"product","link":"https:\/\/www.schramas.com\/de\/shop\/vitis-vinifera-purpurrote-blaue-traube\/","title":{"rendered":"Vitis vinifera 'Crimson' Blaue Traube"},"content":{"rendered":"<p>\u201eCrimson\u201c ist eine Sorte der blauen Traube mit mittelgro\u00dfen, saftigen Trauben. Diese Rebsorte ist f\u00fcr ihren s\u00fc\u00dfen und fruchtigen Geschmack bekannt. Geeignet sowohl f\u00fcr den Frischgebrauch als auch f\u00fcr die Herstellung von Saft oder Wein. Der Strauch gedeiht in unserem Klima und ist bei Weinbauern beliebt.<\/p>","protected":false},"excerpt":{"rendered":"<p>\u201eCrimson\u201c ist eine Sorte der blauen Traube mit mittelgro\u00dfen, saftigen Trauben. Diese Rebsorte ist f\u00fcr ihren s\u00fc\u00dfen und fruchtigen Geschmack bekannt. Geeignet sowohl f\u00fcr den Frischgebrauch als auch f\u00fcr die Herstellung von Saft oder Wein. Der Strauch gedeiht in unserem Klima und ist bei Weinbauern beliebt.<\/p>","protected":false},"featured_media":0,"template":"","meta":{"_joinchat":[]},"product_brand":[],"product_cat":[],"product_tag":[745,1221,1214,1216,1023,1215,1067,328],"class_list":{"0":"post-27986","1":"product","2":"type-product","3":"status-publish","5":"product_tag-blauwe-druif","6":"product_tag-fruitig","7":"product_tag-middelgrote-druiven","8":"product_tag-sap","9":"product_tag-sappig","10":"product_tag-vers-gebruik","11":"product_tag-wijn","12":"product_tag-zoet","14":"first","15":"outofstock","16":"taxable","17":"shipping-taxable","18":"purchasable","19":"product-type-simple"},"yoast_head":"<!-- This site is optimized with the Yoast SEO plugin v24.2 - https:\/\/yoast.com\/wordpress\/plugins\/seo\/ -->\n<title>Vitis vinifera &#039;Crimson&#039; Blauwe druif kopen | Planten eenvoudig online bestellen | Schramas.com<\/title>\n<meta name=\"robots\" content=\"index, follow, max-snippet:-1, max-image-preview:large, max-video-preview:-1\" \/>\n<link rel=\"canonical\" href=\"https:\/\/www.schramas.com\/de\/shop\/vitis-vinifera-purpurrote-blaue-traube\/\" \/>\n<meta property=\"og:locale\" content=\"de_DE\" \/>\n<meta property=\"og:type\" content=\"article\" \/>\n<meta property=\"og:title\" content=\"Vitis vinifera &#039;Crimson&#039; Blauwe druif kopen | Planten eenvoudig online bestellen | Schramas.com\" \/>\n<meta property=\"og:description\" content=\"&#8216;Crimson&#8217; is een vari?teit van de blauwe druif met middelgrote, sappige druiven. Deze druivensoort staat bekend om zijn zoete en fruitige smaak. Geschikt voor zowel vers gebruik als het maken van sap of wijn. De struik gedijt goed in ons klimaat en is populair onder druivenkwekers.\" \/>\n<meta property=\"og:url\" content=\"https:\/\/www.schramas.com\/de\/shop\/vitis-vinifera-purpurrote-blaue-traube\/\" \/>\n<meta property=\"og:site_name\" content=\"Planten eenvoudig online bestellen | Schramas.com\" \/>\n<meta property=\"article:publisher\" content=\"https:\/\/www.facebook.com\/Schramascom-106872874153195\/\" \/>\n<meta property=\"article:modified_time\" content=\"2025-07-10T10:18:36+00:00\" \/>\n<meta property=\"og:image\" content=\"https:\/\/www.schramas.com\/wp-content\/uploads\/2020\/11\/210913-Logo-ontwerp-versie-2-amazon-grijs.png\" \/>\n\t<meta property=\"og:image:width\" content=\"1446\" \/>\n\t<meta property=\"og:image:height\" content=\"700\" \/>\n\t<meta property=\"og:image:type\" content=\"image\/png\" \/>\n<meta name=\"twitter:card\" content=\"summary_large_image\" \/>\n<script type=\"application\/ld+json\" class=\"yoast-schema-graph\">{\"@context\":\"https:\/\/schema.org\",\"@graph\":[{\"@type\":[\"WebPage\",\"ItemPage\"],\"@id\":\"https:\/\/www.schramas.com\/winkel\/vitis-vinifera-crimson-blauwe-druif\/\",\"url\":\"https:\/\/www.schramas.com\/winkel\/vitis-vinifera-crimson-blauwe-druif\/\",\"name\":\"Vitis vinifera 'Crimson' Blauwe druif kopen | Planten eenvoudig online bestellen | Schramas.com\",\"isPartOf\":{\"@id\":\"https:\/\/www.schramas.com\/#website\"},\"datePublished\":\"2023-09-12T12:32:30+00:00\",\"dateModified\":\"2025-07-10T10:18:36+00:00\",\"breadcrumb\":{\"@id\":\"https:\/\/www.schramas.com\/winkel\/vitis-vinifera-crimson-blauwe-druif\/#breadcrumb\"},\"inLanguage\":\"de\",\"potentialAction\":[{\"@type\":\"ReadAction\",\"target\":[\"https:\/\/www.schramas.com\/winkel\/vitis-vinifera-crimson-blauwe-druif\/\"]}]},{\"@type\":\"BreadcrumbList\",\"@id\":\"https:\/\/www.schramas.com\/winkel\/vitis-vinifera-crimson-blauwe-druif\/#breadcrumb\",\"itemListElement\":[{\"@type\":\"ListItem\",\"position\":1,\"name\":\"Product\",\"item\":\"https:\/\/www.schramas.com\/assortiment\/\"},{\"@type\":\"ListItem\",\"position\":2,\"name\":\"Offerte aanvragen\",\"item\":\"https:\/\/www.schramas.com\/product-category\/offerte-aanvragen\/\"},{\"@type\":\"ListItem\",\"position\":3,\"name\":\"Vitis vinifera &#8216;Crimson&#8217; Blauwe druif\"}]},{\"@type\":\"WebSite\",\"@id\":\"https:\/\/www.schramas.com\/#website\",\"url\":\"https:\/\/www.schramas.com\/\",\"name\":\"Schramas.com | Tuinplanten eenvoudig online bestellen | Direct van onze Kwekerij\",\"description\":\"\",\"alternateName\":\"Schramas.com - Alle planten direct van de kweker\",\"potentialAction\":[{\"@type\":\"SearchAction\",\"target\":{\"@type\":\"EntryPoint\",\"urlTemplate\":\"https:\/\/www.schramas.com\/?s={search_term_string}\"},\"query-input\":{\"@type\":\"PropertyValueSpecification\",\"valueRequired\":true,\"valueName\":\"search_term_string\"}}],\"inLanguage\":\"de\"}]}<\/script>\n<!-- \/ Yoast SEO plugin. -->","yoast_head_json":{"title":"Kaufen Sie Vitis vinifera &#039;Crimson&#039; Blaue Traube | Pflanzen einfach online bestellen | Schramas.com","robots":{"index":"index","follow":"follow","max-snippet":"max-snippet:-1","max-image-preview":"max-image-preview:large","max-video-preview":"max-video-preview:-1"},"canonical":"https:\/\/www.schramas.com\/de\/shop\/vitis-vinifera-purpurrote-blaue-traube\/","og_locale":"de_DE","og_type":"article","og_title":"Vitis vinifera 'Crimson' Blauwe druif kopen | Planten eenvoudig online bestellen | Schramas.com","og_description":"&#8216;Crimson&#8217; is een vari?teit van de blauwe druif met middelgrote, sappige druiven. Deze druivensoort staat bekend om zijn zoete en fruitige smaak. Geschikt voor zowel vers gebruik als het maken van sap of wijn. De struik gedijt goed in ons klimaat en is populair onder druivenkwekers.","og_url":"https:\/\/www.schramas.com\/de\/shop\/vitis-vinifera-purpurrote-blaue-traube\/","og_site_name":"Planten eenvoudig online bestellen | Schramas.com","article_publisher":"https:\/\/www.facebook.com\/Schramascom-106872874153195\/","article_modified_time":"2025-07-10T10:18:36+00:00","og_image":[{"width":1446,"height":700,"url":"https:\/\/www.schramas.com\/wp-content\/uploads\/2020\/11\/210913-Logo-ontwerp-versie-2-amazon-grijs.png","type":"image\/png"}],"twitter_card":"summary_large_image","schema":{"@context":"https:\/\/schema.org","@graph":[{"@type":["WebPage","ItemPage"],"@id":"https:\/\/www.schramas.com\/winkel\/vitis-vinifera-crimson-blauwe-druif\/","url":"https:\/\/www.schramas.com\/winkel\/vitis-vinifera-crimson-blauwe-druif\/","name":"Kaufen Sie Vitis vinifera &#039;Crimson&#039; Blaue Traube | Pflanzen einfach online bestellen | Schramas.com","isPartOf":{"@id":"https:\/\/www.schramas.com\/#website"},"datePublished":"2023-09-12T12:32:30+00:00","dateModified":"2025-07-10T10:18:36+00:00","breadcrumb":{"@id":"https:\/\/www.schramas.com\/winkel\/vitis-vinifera-crimson-blauwe-druif\/#breadcrumb"},"inLanguage":"de","potentialAction":[{"@type":"ReadAction","target":["https:\/\/www.schramas.com\/winkel\/vitis-vinifera-crimson-blauwe-druif\/"]}]},{"@type":"BreadcrumbList","@id":"https:\/\/www.schramas.com\/winkel\/vitis-vinifera-crimson-blauwe-druif\/#breadcrumb","itemListElement":[{"@type":"ListItem","position":1,"name":"Product","item":"https:\/\/www.schramas.com\/assortiment\/"},{"@type":"ListItem","position":2,"name":"Offerte aanvragen","item":"https:\/\/www.schramas.com\/product-category\/offerte-aanvragen\/"},{"@type":"ListItem","position":3,"name":"Vitis vinifera &#8216;Crimson&#8217; Blauwe druif"}]},{"@type":"WebSite","@id":"https:\/\/www.schramas.com\/#website","url":"https:\/\/www.schramas.com\/","name":"Schramas.com | Gartenpflanzen einfach online bestellen | Direkt aus unserer G\u00e4rtnerei","description":"","alternateName":"Schramas.com - Alle planten direct van de kweker","potentialAction":[{"@type":"SearchAction","target":{"@type":"EntryPoint","urlTemplate":"https:\/\/www.schramas.com\/?s={search_term_string}"},"query-input":{"@type":"PropertyValueSpecification","valueRequired":true,"valueName":"search_term_string"}}],"inLanguage":"de"}]}},"_links":{"self":[{"href":"https:\/\/www.schramas.com\/de\/wp-json\/wp\/v2\/product\/27986","targetHints":{"allow":["GET"]}}],"collection":[{"href":"https:\/\/www.schramas.com\/de\/wp-json\/wp\/v2\/product"}],"about":[{"href":"https:\/\/www.schramas.com\/de\/wp-json\/wp\/v2\/types\/product"}],"version-history":[{"count":0,"href":"https:\/\/www.schramas.com\/de\/wp-json\/wp\/v2\/product\/27986\/revisions"}],"wp:attachment":[{"href":"https:\/\/www.schramas.com\/de\/wp-json\/wp\/v2\/media?parent=27986"}],"wp:term":[{"taxonomy":"product_brand","embeddable":true,"href":"https:\/\/www.schramas.com\/de\/wp-json\/wp\/v2\/product_brand?post=27986"},{"taxonomy":"product_cat","embeddable":true,"href":"https:\/\/www.schramas.com\/de\/wp-json\/wp\/v2\/product_cat?post=27986"},{"taxonomy":"product_tag","embeddable":true,"href":"https:\/\/www.schramas.com\/de\/wp-json\/wp\/v2\/product_tag?post=27986"}],"curies":[{"name":"wp","href":"https:\/\/api.w.org\/{rel}","templated":true}]}}