{"id":28529,"date":"2023-09-26T15:03:27","date_gmt":"2023-09-26T13:03:27","guid":{"rendered":"https:\/\/www.schramas.com\/?post_type=product&#038;p=28529"},"modified":"2026-04-29T18:46:02","modified_gmt":"2026-04-29T16:46:02","slug":"rhododendron-catawbiense-grandiflorum-rosa-bluten-hohe-40-50cm-15-liter-topf","status":"publish","type":"product","link":"https:\/\/www.schramas.com\/de\/shop\/rhododendron-catawbiense-grandiflorum-rosa-bluten-hohe-40-50cm-15-liter-topf\/","title":{"rendered":"Rhododendron 'Catawbiense Grandiflorum' Rosa Bl\u00fcten - H\u00f6he 60cm - 1.5 Liter Topf"},"content":{"rendered":"<p>Diese immergr\u00fcne Sch\u00f6nheit, der Rhododendron 'Catawbiense Grandiflorum', ist eine vielseitige Pracht f\u00fcr Ihren Garten. Mit einer H\u00f6he und Breite von bis zu 2 Metern ist er eine robuste Erg\u00e4nzung f\u00fcr Ihren Au\u00dfenbereich.<\/p>\n<p>Die Bl\u00fctezeit im Mai bis Anfang Juni verzaubert den Garten mit einer F\u00fclle von lilafarbenen Bl\u00fcten. Dieser Rhododendron gedeiht am besten an halbschattigen bis sonnigen Pl\u00e4tzen und f\u00fchlt sich an Waldr\u00e4ndern zu Hause. In humusreichem, saurem (Wald-)Boden kommt er am besten zur Bl\u00fcte.<\/p>\n<p>Die Pflege ist einfach: Ein R\u00fcckschnitt ist nur selten erforderlich, lediglich die verbl\u00fchten Bl\u00fcten m\u00fcssen entfernt werden, um die Energie der Pflanze zu erhalten. Sollte er zu gro\u00df werden, kann er bis zum alten Holz zur\u00fcckgeschnitten werden. Erwarten Sie im ersten Jahr keine Bl\u00fcten, aber danach wird der Rhododendron wieder reichlich bl\u00fchen.<\/p>","protected":false},"excerpt":{"rendered":"<p>Rhododendron 'Catawbiense Grandiflorum' Rosa<\/p>\n<p>Sowohl f\u00fcr die Terrasse als auch f\u00fcr den offenen Boden geeignet.<\/p>\n<p>Bl\u00fctenstand: Rosa Bl\u00fctentrauben<\/p>\n<p>Bl\u00fctezeit: Mai-Juni<\/p>\n<p>Lieferh\u00f6he inkl. Topf: 40+ cm<\/p>\n<p>Max. H\u00f6he: ca. 150 cm<\/p>","protected":false},"featured_media":28532,"template":"","meta":{"_joinchat":[]},"product_brand":[],"product_cat":[262,303,300,229,305],"product_tag":[499,1043,1041,536,495,1044,351,1042],"class_list":{"0":"post-28529","1":"product","2":"type-product","3":"status-publish","4":"has-post-thumbnail","6":"product_cat-bomen-struiken","7":"product_cat-groenblijvende-heesters","8":"product_cat-heesters","9":"product_cat-sierheesters","10":"product_cat-planten-heesters","11":"product_tag-groenblijvend","12":"product_tag-heidefamillie","13":"product_tag-rhododendron","14":"product_tag-roze","15":"product_tag-sierheester","16":"product_tag-wintergroen","17":"product_tag-winterhard","18":"product_tag-zure-grond","19":"pa_bloeimaanden-april","20":"pa_bloeimaanden-mei","21":"pa_ewd_uwcf_colors-groen-2","22":"pa_ewd_uwcf_colors-roze","23":"pa_ewd_uwcf_colors-wit","24":"pa_groeihoogte-150-200-cm","25":"pa_pot-zonder-pot","27":"first","28":"instock","29":"taxable","30":"shipping-taxable","31":"purchasable","32":"product-type-simple"},"yoast_head":"<!-- This site is optimized with the Yoast SEO plugin v24.2 - https:\/\/yoast.com\/wordpress\/plugins\/seo\/ -->\n<title>Rhododendron &#039;Catawbiense Grandiflorum&#039; Roze bloemen - Hoogte 60cm - 1,5 liter pot kopen | Planten eenvoudig online bestellen | Schramas.com<\/title>\n<meta name=\"robots\" content=\"index, follow, max-snippet:-1, max-image-preview:large, max-video-preview:-1\" \/>\n<link rel=\"canonical\" href=\"https:\/\/www.schramas.com\/de\/shop\/rhododendron-catawbiense-grandiflorum-rosa-bluten-hohe-40-50cm-15-liter-topf\/\" \/>\n<meta property=\"og:locale\" content=\"de_DE\" \/>\n<meta property=\"og:type\" content=\"article\" \/>\n<meta property=\"og:title\" content=\"Rhododendron &#039;Catawbiense Grandiflorum&#039; Roze bloemen - Hoogte 60cm - 1,5 liter pot kopen | Planten eenvoudig online bestellen | Schramas.com\" \/>\n<meta property=\"og:description\" content=\"Rhododendron &#039;Catawbiense Grandiflorum&#039; Roze  Geschikt voor zowel patio als volle grond.  Bloeiwijze: Roze bloemtuilen  Bloeitijd: mei-juni  Leverhoogte incl. pot: 40+ cm  Max. hoogte: circa 150 cm\" \/>\n<meta property=\"og:url\" content=\"https:\/\/www.schramas.com\/de\/shop\/rhododendron-catawbiense-grandiflorum-rosa-bluten-hohe-40-50cm-15-liter-topf\/\" \/>\n<meta property=\"og:site_name\" content=\"Planten eenvoudig online bestellen | Schramas.com\" \/>\n<meta property=\"article:publisher\" content=\"https:\/\/www.facebook.com\/Schramascom-106872874153195\/\" \/>\n<meta property=\"article:modified_time\" content=\"2026-04-29T16:46:02+00:00\" \/>\n<meta property=\"og:image\" content=\"http:\/\/www.schramas.com\/wp-content\/uploads\/2023\/09\/Rhododendron-Catawbiense-Grandiflorum-sfeer.jpg\" \/>\n\t<meta property=\"og:image:width\" content=\"1600\" \/>\n\t<meta property=\"og:image:height\" content=\"1600\" \/>\n\t<meta property=\"og:image:type\" content=\"image\/jpeg\" \/>\n<meta name=\"twitter:card\" content=\"summary_large_image\" \/>\n<meta name=\"twitter:label1\" content=\"Gesch\u00e4tzte Lesezeit\" \/>\n\t<meta name=\"twitter:data1\" content=\"1\u00a0Minute\" \/>\n<script type=\"application\/ld+json\" class=\"yoast-schema-graph\">{\"@context\":\"https:\/\/schema.org\",\"@graph\":[{\"@type\":[\"WebPage\",\"ItemPage\"],\"@id\":\"https:\/\/www.schramas.com\/winkel\/rhododendron-catawbiense-grandiflorum-roze-bloemen-hoogte-40-50cm-15-liter-pot\/\",\"url\":\"https:\/\/www.schramas.com\/winkel\/rhododendron-catawbiense-grandiflorum-roze-bloemen-hoogte-40-50cm-15-liter-pot\/\",\"name\":\"Rhododendron 'Catawbiense Grandiflorum' Roze bloemen - Hoogte 60cm - 1,5 liter pot kopen | Planten eenvoudig online bestellen | Schramas.com\",\"isPartOf\":{\"@id\":\"https:\/\/www.schramas.com\/#website\"},\"primaryImageOfPage\":{\"@id\":\"https:\/\/www.schramas.com\/winkel\/rhododendron-catawbiense-grandiflorum-roze-bloemen-hoogte-40-50cm-15-liter-pot\/#primaryimage\"},\"image\":{\"@id\":\"https:\/\/www.schramas.com\/winkel\/rhododendron-catawbiense-grandiflorum-roze-bloemen-hoogte-40-50cm-15-liter-pot\/#primaryimage\"},\"thumbnailUrl\":\"https:\/\/www.schramas.com\/wp-content\/uploads\/2023\/09\/Rhododendron-Catawbiense-Grandiflorum-sfeer.jpg\",\"datePublished\":\"2023-09-26T13:03:27+00:00\",\"dateModified\":\"2026-04-29T16:46:02+00:00\",\"breadcrumb\":{\"@id\":\"https:\/\/www.schramas.com\/winkel\/rhododendron-catawbiense-grandiflorum-roze-bloemen-hoogte-40-50cm-15-liter-pot\/#breadcrumb\"},\"inLanguage\":\"de\",\"potentialAction\":[{\"@type\":\"ReadAction\",\"target\":[\"https:\/\/www.schramas.com\/winkel\/rhododendron-catawbiense-grandiflorum-roze-bloemen-hoogte-40-50cm-15-liter-pot\/\"]}]},{\"@type\":\"ImageObject\",\"inLanguage\":\"de\",\"@id\":\"https:\/\/www.schramas.com\/winkel\/rhododendron-catawbiense-grandiflorum-roze-bloemen-hoogte-40-50cm-15-liter-pot\/#primaryimage\",\"url\":\"https:\/\/www.schramas.com\/wp-content\/uploads\/2023\/09\/Rhododendron-Catawbiense-Grandiflorum-sfeer.jpg\",\"contentUrl\":\"https:\/\/www.schramas.com\/wp-content\/uploads\/2023\/09\/Rhododendron-Catawbiense-Grandiflorum-sfeer.jpg\",\"width\":1600,\"height\":1600},{\"@type\":\"BreadcrumbList\",\"@id\":\"https:\/\/www.schramas.com\/winkel\/rhododendron-catawbiense-grandiflorum-roze-bloemen-hoogte-40-50cm-15-liter-pot\/#breadcrumb\",\"itemListElement\":[{\"@type\":\"ListItem\",\"position\":1,\"name\":\"Product\",\"item\":\"https:\/\/www.schramas.com\/assortiment\/\"},{\"@type\":\"ListItem\",\"position\":2,\"name\":\"Bomen &amp; Struiken\",\"item\":\"https:\/\/www.schramas.com\/product-category\/bomen-struiken\/\"},{\"@type\":\"ListItem\",\"position\":3,\"name\":\"Rhododendron &#8216;Catawbiense Grandiflorum&#8217; Roze bloemen &#8211; Hoogte 60cm &#8211; 1,5 liter pot\"}]},{\"@type\":\"WebSite\",\"@id\":\"https:\/\/www.schramas.com\/#website\",\"url\":\"https:\/\/www.schramas.com\/\",\"name\":\"Schramas.com | Tuinplanten eenvoudig online bestellen | Direct van onze Kwekerij\",\"description\":\"\",\"alternateName\":\"Schramas.com - Alle planten direct van de kweker\",\"potentialAction\":[{\"@type\":\"SearchAction\",\"target\":{\"@type\":\"EntryPoint\",\"urlTemplate\":\"https:\/\/www.schramas.com\/?s={search_term_string}\"},\"query-input\":{\"@type\":\"PropertyValueSpecification\",\"valueRequired\":true,\"valueName\":\"search_term_string\"}}],\"inLanguage\":\"de\"}]}<\/script>\n<!-- \/ Yoast SEO plugin. -->","yoast_head_json":{"title":"Rhododendron 'Catawbiense Grandiflorum' Rosa Bl\u00fcten - H\u00f6he 60cm - 1,5 Liter Topf kaufen | Pflanzen leicht online kaufen | Schramas.de","robots":{"index":"index","follow":"follow","max-snippet":"max-snippet:-1","max-image-preview":"max-image-preview:large","max-video-preview":"max-video-preview:-1"},"canonical":"https:\/\/www.schramas.com\/de\/shop\/rhododendron-catawbiense-grandiflorum-rosa-bluten-hohe-40-50cm-15-liter-topf\/","og_locale":"de_DE","og_type":"article","og_title":"Rhododendron 'Catawbiense Grandiflorum' Roze bloemen - Hoogte 60cm - 1,5 liter pot kopen | Planten eenvoudig online bestellen | Schramas.com","og_description":"Rhododendron 'Catawbiense Grandiflorum' Roze  Geschikt voor zowel patio als volle grond.  Bloeiwijze: Roze bloemtuilen  Bloeitijd: mei-juni  Leverhoogte incl. pot: 40+ cm  Max. hoogte: circa 150 cm","og_url":"https:\/\/www.schramas.com\/de\/shop\/rhododendron-catawbiense-grandiflorum-rosa-bluten-hohe-40-50cm-15-liter-topf\/","og_site_name":"Planten eenvoudig online bestellen | Schramas.com","article_publisher":"https:\/\/www.facebook.com\/Schramascom-106872874153195\/","article_modified_time":"2026-04-29T16:46:02+00:00","og_image":[{"width":1600,"height":1600,"url":"http:\/\/www.schramas.com\/wp-content\/uploads\/2023\/09\/Rhododendron-Catawbiense-Grandiflorum-sfeer.jpg","type":"image\/jpeg"}],"twitter_card":"summary_large_image","twitter_misc":{"Gesch\u00e4tzte Lesezeit":"1\u00a0Minute"},"schema":{"@context":"https:\/\/schema.org","@graph":[{"@type":["WebPage","ItemPage"],"@id":"https:\/\/www.schramas.com\/winkel\/rhododendron-catawbiense-grandiflorum-roze-bloemen-hoogte-40-50cm-15-liter-pot\/","url":"https:\/\/www.schramas.com\/winkel\/rhododendron-catawbiense-grandiflorum-roze-bloemen-hoogte-40-50cm-15-liter-pot\/","name":"Rhododendron 'Catawbiense Grandiflorum' Rosa Bl\u00fcten - H\u00f6he 60cm - 1,5 Liter Topf kaufen | Pflanzen leicht online kaufen | Schramas.de","isPartOf":{"@id":"https:\/\/www.schramas.com\/#website"},"primaryImageOfPage":{"@id":"https:\/\/www.schramas.com\/winkel\/rhododendron-catawbiense-grandiflorum-roze-bloemen-hoogte-40-50cm-15-liter-pot\/#primaryimage"},"image":{"@id":"https:\/\/www.schramas.com\/winkel\/rhododendron-catawbiense-grandiflorum-roze-bloemen-hoogte-40-50cm-15-liter-pot\/#primaryimage"},"thumbnailUrl":"https:\/\/www.schramas.com\/wp-content\/uploads\/2023\/09\/Rhododendron-Catawbiense-Grandiflorum-sfeer.jpg","datePublished":"2023-09-26T13:03:27+00:00","dateModified":"2026-04-29T16:46:02+00:00","breadcrumb":{"@id":"https:\/\/www.schramas.com\/winkel\/rhododendron-catawbiense-grandiflorum-roze-bloemen-hoogte-40-50cm-15-liter-pot\/#breadcrumb"},"inLanguage":"de","potentialAction":[{"@type":"ReadAction","target":["https:\/\/www.schramas.com\/winkel\/rhododendron-catawbiense-grandiflorum-roze-bloemen-hoogte-40-50cm-15-liter-pot\/"]}]},{"@type":"ImageObject","inLanguage":"de","@id":"https:\/\/www.schramas.com\/winkel\/rhododendron-catawbiense-grandiflorum-roze-bloemen-hoogte-40-50cm-15-liter-pot\/#primaryimage","url":"https:\/\/www.schramas.com\/wp-content\/uploads\/2023\/09\/Rhododendron-Catawbiense-Grandiflorum-sfeer.jpg","contentUrl":"https:\/\/www.schramas.com\/wp-content\/uploads\/2023\/09\/Rhododendron-Catawbiense-Grandiflorum-sfeer.jpg","width":1600,"height":1600},{"@type":"BreadcrumbList","@id":"https:\/\/www.schramas.com\/winkel\/rhododendron-catawbiense-grandiflorum-roze-bloemen-hoogte-40-50cm-15-liter-pot\/#breadcrumb","itemListElement":[{"@type":"ListItem","position":1,"name":"Product","item":"https:\/\/www.schramas.com\/assortiment\/"},{"@type":"ListItem","position":2,"name":"Bomen &amp; Struiken","item":"https:\/\/www.schramas.com\/product-category\/bomen-struiken\/"},{"@type":"ListItem","position":3,"name":"Rhododendron &#8216;Catawbiense Grandiflorum&#8217; Roze bloemen &#8211; Hoogte 60cm &#8211; 1,5 liter pot"}]},{"@type":"WebSite","@id":"https:\/\/www.schramas.com\/#website","url":"https:\/\/www.schramas.com\/","name":"Schramas.com | Gartenpflanzen einfach online bestellen | Direkt aus unserer G\u00e4rtnerei","description":"","alternateName":"Schramas.com - Alle planten direct van de kweker","potentialAction":[{"@type":"SearchAction","target":{"@type":"EntryPoint","urlTemplate":"https:\/\/www.schramas.com\/?s={search_term_string}"},"query-input":{"@type":"PropertyValueSpecification","valueRequired":true,"valueName":"search_term_string"}}],"inLanguage":"de"}]}},"_links":{"self":[{"href":"https:\/\/www.schramas.com\/de\/wp-json\/wp\/v2\/product\/28529","targetHints":{"allow":["GET"]}}],"collection":[{"href":"https:\/\/www.schramas.com\/de\/wp-json\/wp\/v2\/product"}],"about":[{"href":"https:\/\/www.schramas.com\/de\/wp-json\/wp\/v2\/types\/product"}],"version-history":[{"count":1,"href":"https:\/\/www.schramas.com\/de\/wp-json\/wp\/v2\/product\/28529\/revisions"}],"predecessor-version":[{"id":40916,"href":"https:\/\/www.schramas.com\/de\/wp-json\/wp\/v2\/product\/28529\/revisions\/40916"}],"wp:featuredmedia":[{"embeddable":true,"href":"https:\/\/www.schramas.com\/de\/wp-json\/wp\/v2\/media\/28532"}],"wp:attachment":[{"href":"https:\/\/www.schramas.com\/de\/wp-json\/wp\/v2\/media?parent=28529"}],"wp:term":[{"taxonomy":"product_brand","embeddable":true,"href":"https:\/\/www.schramas.com\/de\/wp-json\/wp\/v2\/product_brand?post=28529"},{"taxonomy":"product_cat","embeddable":true,"href":"https:\/\/www.schramas.com\/de\/wp-json\/wp\/v2\/product_cat?post=28529"},{"taxonomy":"product_tag","embeddable":true,"href":"https:\/\/www.schramas.com\/de\/wp-json\/wp\/v2\/product_tag?post=28529"}],"curies":[{"name":"wp","href":"https:\/\/api.w.org\/{rel}","templated":true}]}}