{"id":28582,"date":"2023-09-27T12:22:17","date_gmt":"2023-09-27T10:22:17","guid":{"rendered":"https:\/\/www.schramas.com\/?post_type=product&#038;p=28582"},"modified":"2026-04-14T15:51:43","modified_gmt":"2026-04-14T13:51:43","slug":"set-mit-4-sternen-der-toskana-trachelospermum-jasminoides-hohe-25-cm-9-cm-topf","status":"publish","type":"product","link":"https:\/\/www.schramas.com\/de\/shop\/set-mit-4-sternen-der-toskana-trachelospermum-jasminoides-hohe-25-cm-9-cm-topf\/","title":{"rendered":"4er Set 'Star of Tuscany'- Trachelospermum jasminoides - H\u00f6he 25cm - 9cm Topf"},"content":{"rendered":"<p>Dieses Set besteht aus vier Exemplaren der bezaubernden Trachelospermum jasminoides \u201eStern der Toskana\u201c (Selbra). Mit einer H\u00f6he von 25 cm und Lieferung in 9-cm-T\u00f6pfen.<\/p>\n<p>Der \u201eStern der Toskana\u201c, auch bekannt als Jasmin \u201eStern der Toskana\u201c (Trachelospermum Jasminoides \u201eStern der Toskana\u201c), ist eine immergr\u00fcne Kletterpflanze mit gl\u00e4nzend dunkelgr\u00fcnen Bl\u00e4ttern. Die Bl\u00fcten haben eine zartgelbe Farbe und verstr\u00f6men ein kr\u00e4ftiges, frisch-s\u00fc\u00dfes Aroma, das an Jasmin erinnert. Dieser Strauch bleibt das ganze Jahr \u00fcber gr\u00fcn und verleiht Ihrem Garten dauerhafte Sch\u00f6nheit.<\/p>\n<p>Mit einer maximalen H\u00f6he von 400 cm und dichtem Wuchs kann der \u201eStern der Toskana\u201c auch als sch\u00f6ne Hecke dienen. Die Bl\u00fctezeit erstreckt sich von Mai bis September und die Pflanze gedeiht sowohl in der vollen Sonne als auch im Halbschatten. Dadurch eignet es sich f\u00fcr verschiedene Umgebungen, vom Stadtgarten bis zum Balkon.<\/p>\n<p>Ein R\u00fcckschnitt ist nach der Bl\u00fcte m\u00f6glich, aber nicht unbedingt notwendig. Dar\u00fcber hinaus ist der \u201eStern der Toskana\u201c winterhart bis -10 bis -15 Grad Celsius, sofern die Wurzeln im Winter trocken gehalten werden. Selbst wenn die Pflanze gefriert, wird sie im Fr\u00fchjahr mit neuen Ranken nachwachsen.<\/p>\n<p>Der \u201eStern der Toskana\u201c gedeiht sowohl im Freiland als auch im Topf auf dem Balkon. Im Winter ist es jedoch ratsam, beim Gie\u00dfen Zur\u00fcckhaltung zu \u00fcben. Verleihen Sie Ihrem Au\u00dfenbereich mit diesen au\u00dfergew\u00f6hnlichen Kletterpflanzen einen Hauch toskanischer Pracht.<\/p>","protected":false},"excerpt":{"rendered":"<p>4x Trachelospermum &#039;Star of Tuscany&#039; toskanischer Jasmin<\/p>\n<p>Sowohl f\u00fcr die Terrasse als auch f\u00fcr den offenen Boden geeignet.<\/p>\n<p>Bl\u00fctenstand: Gelbe Bl\u00fcten<\/p>\n<p>Bl\u00fctezeit: Mai, Juni, Juli, August<\/p>\n<p>Lieferh\u00f6he inkl. Topf: 25 cm<\/p>\n<p>Max. H\u00f6he: ca. 400 cm<\/p>","protected":false},"featured_media":28583,"template":"","meta":{"_joinchat":[]},"product_brand":[],"product_cat":[262,304,867,1012,305],"product_tag":[689,1234,866,1233,529,1235],"class_list":{"0":"post-28582","1":"product","2":"type-product","3":"status-publish","4":"has-post-thumbnail","6":"product_cat-bomen-struiken","7":"product_cat-klimplanten","8":"product_cat-pakket-deals","9":"product_cat-overige-deals","10":"product_cat-planten-heesters","11":"product_tag-geel","12":"product_tag-gele-jasmijn","13":"product_tag-jasmijn","14":"product_tag-jasminoides","15":"product_tag-klimplant","16":"product_tag-selbra","17":"pa_ewd_uwcf_colors-geel","18":"pa_ewd_uwcf_colors-groen-2","19":"pa_groeihoogte-300-cm","20":"pa_pot-9-cm-pot","22":"first","23":"instock","24":"taxable","25":"shipping-taxable","26":"purchasable","27":"product-type-simple"},"yoast_head":"<!-- This site is optimized with the Yoast SEO plugin v24.2 - https:\/\/yoast.com\/wordpress\/plugins\/seo\/ -->\n<title>Set Van 4 &#039;Star of Toscane&#039;- Trachelospermum jasminoides \u2013 Hoogte 25cm - 9cm pot kopen | Planten eenvoudig online bestellen | Schramas.com<\/title>\n<meta name=\"robots\" content=\"index, follow, max-snippet:-1, max-image-preview:large, max-video-preview:-1\" \/>\n<link rel=\"canonical\" href=\"https:\/\/www.schramas.com\/de\/shop\/set-mit-4-sternen-der-toskana-trachelospermum-jasminoides-hohe-25-cm-9-cm-topf\/\" \/>\n<meta property=\"og:locale\" content=\"de_DE\" \/>\n<meta property=\"og:type\" content=\"article\" \/>\n<meta property=\"og:title\" content=\"Set Van 4 &#039;Star of Toscane&#039;- Trachelospermum jasminoides \u2013 Hoogte 25cm - 9cm pot kopen | Planten eenvoudig online bestellen | Schramas.com\" \/>\n<meta property=\"og:description\" content=\"4x Trachelospermum \u2018Star of Toscane\u2019 Toscaanse jasmijn  Geschikt voor zowel patio als volle grond.  Bloeiwijze: Gele bloemen  Bloeitijd: mei, juni, juli, augustus  Leverhoogte incl. pot: 25 cm  Max. hoogte: circa 400 cm\" \/>\n<meta property=\"og:url\" content=\"https:\/\/www.schramas.com\/de\/shop\/set-mit-4-sternen-der-toskana-trachelospermum-jasminoides-hohe-25-cm-9-cm-topf\/\" \/>\n<meta property=\"og:site_name\" content=\"Planten eenvoudig online bestellen | Schramas.com\" \/>\n<meta property=\"article:publisher\" content=\"https:\/\/www.facebook.com\/Schramascom-106872874153195\/\" \/>\n<meta property=\"article:modified_time\" content=\"2026-04-14T13:51:43+00:00\" \/>\n<meta property=\"og:image\" content=\"http:\/\/www.schramas.com\/wp-content\/uploads\/2023\/09\/trachelospermum-jasminoides-star-of-toscane-sfeer.jpg\" \/>\n\t<meta property=\"og:image:width\" content=\"1600\" \/>\n\t<meta property=\"og:image:height\" content=\"1600\" \/>\n\t<meta property=\"og:image:type\" content=\"image\/jpeg\" \/>\n<meta name=\"twitter:card\" content=\"summary_large_image\" \/>\n<meta name=\"twitter:label1\" content=\"Gesch\u00e4tzte Lesezeit\" \/>\n\t<meta name=\"twitter:data1\" content=\"1\u00a0Minute\" \/>\n<script type=\"application\/ld+json\" class=\"yoast-schema-graph\">{\"@context\":\"https:\/\/schema.org\",\"@graph\":[{\"@type\":[\"WebPage\",\"ItemPage\"],\"@id\":\"https:\/\/www.schramas.com\/winkel\/set-van-4-star-of-toscane-trachelospermum-jasminoides-hoogte-25cm-9cm-pot\/\",\"url\":\"https:\/\/www.schramas.com\/winkel\/set-van-4-star-of-toscane-trachelospermum-jasminoides-hoogte-25cm-9cm-pot\/\",\"name\":\"Set Van 4 'Star of Toscane'- Trachelospermum jasminoides \u2013 Hoogte 25cm - 9cm pot kopen | Planten eenvoudig online bestellen | Schramas.com\",\"isPartOf\":{\"@id\":\"https:\/\/www.schramas.com\/#website\"},\"primaryImageOfPage\":{\"@id\":\"https:\/\/www.schramas.com\/winkel\/set-van-4-star-of-toscane-trachelospermum-jasminoides-hoogte-25cm-9cm-pot\/#primaryimage\"},\"image\":{\"@id\":\"https:\/\/www.schramas.com\/winkel\/set-van-4-star-of-toscane-trachelospermum-jasminoides-hoogte-25cm-9cm-pot\/#primaryimage\"},\"thumbnailUrl\":\"https:\/\/www.schramas.com\/wp-content\/uploads\/2023\/09\/trachelospermum-jasminoides-star-of-toscane-sfeer.jpg\",\"datePublished\":\"2023-09-27T10:22:17+00:00\",\"dateModified\":\"2026-04-14T13:51:43+00:00\",\"breadcrumb\":{\"@id\":\"https:\/\/www.schramas.com\/winkel\/set-van-4-star-of-toscane-trachelospermum-jasminoides-hoogte-25cm-9cm-pot\/#breadcrumb\"},\"inLanguage\":\"de\",\"potentialAction\":[{\"@type\":\"ReadAction\",\"target\":[\"https:\/\/www.schramas.com\/winkel\/set-van-4-star-of-toscane-trachelospermum-jasminoides-hoogte-25cm-9cm-pot\/\"]}]},{\"@type\":\"ImageObject\",\"inLanguage\":\"de\",\"@id\":\"https:\/\/www.schramas.com\/winkel\/set-van-4-star-of-toscane-trachelospermum-jasminoides-hoogte-25cm-9cm-pot\/#primaryimage\",\"url\":\"https:\/\/www.schramas.com\/wp-content\/uploads\/2023\/09\/trachelospermum-jasminoides-star-of-toscane-sfeer.jpg\",\"contentUrl\":\"https:\/\/www.schramas.com\/wp-content\/uploads\/2023\/09\/trachelospermum-jasminoides-star-of-toscane-sfeer.jpg\",\"width\":1600,\"height\":1600},{\"@type\":\"BreadcrumbList\",\"@id\":\"https:\/\/www.schramas.com\/winkel\/set-van-4-star-of-toscane-trachelospermum-jasminoides-hoogte-25cm-9cm-pot\/#breadcrumb\",\"itemListElement\":[{\"@type\":\"ListItem\",\"position\":1,\"name\":\"Product\",\"item\":\"https:\/\/www.schramas.com\/assortiment\/\"},{\"@type\":\"ListItem\",\"position\":2,\"name\":\"Bomen &amp; Struiken\",\"item\":\"https:\/\/www.schramas.com\/product-category\/bomen-struiken\/\"},{\"@type\":\"ListItem\",\"position\":3,\"name\":\"Set Van 4 &#8216;Star of Toscane&#8217;- Trachelospermum jasminoides \u2013 Hoogte 25cm &#8211; 9cm pot\"}]},{\"@type\":\"WebSite\",\"@id\":\"https:\/\/www.schramas.com\/#website\",\"url\":\"https:\/\/www.schramas.com\/\",\"name\":\"Schramas.com | Tuinplanten eenvoudig online bestellen | Direct van onze Kwekerij\",\"description\":\"\",\"alternateName\":\"Schramas.com - Alle planten direct van de kweker\",\"potentialAction\":[{\"@type\":\"SearchAction\",\"target\":{\"@type\":\"EntryPoint\",\"urlTemplate\":\"https:\/\/www.schramas.com\/?s={search_term_string}\"},\"query-input\":{\"@type\":\"PropertyValueSpecification\",\"valueRequired\":true,\"valueName\":\"search_term_string\"}}],\"inLanguage\":\"de\"}]}<\/script>\n<!-- \/ Yoast SEO plugin. -->","yoast_head_json":{"title":"Kaufen Sie 4er-Set &#039;Star of Tuscany&#039; - Trachelospermum jasminoides - H\u00f6he 25 cm - 9 cm Topf | Pflanzen einfach online bestellen | Schramas.com","robots":{"index":"index","follow":"follow","max-snippet":"max-snippet:-1","max-image-preview":"max-image-preview:large","max-video-preview":"max-video-preview:-1"},"canonical":"https:\/\/www.schramas.com\/de\/shop\/set-mit-4-sternen-der-toskana-trachelospermum-jasminoides-hohe-25-cm-9-cm-topf\/","og_locale":"de_DE","og_type":"article","og_title":"Set Van 4 'Star of Toscane'- Trachelospermum jasminoides \u2013 Hoogte 25cm - 9cm pot kopen | Planten eenvoudig online bestellen | Schramas.com","og_description":"4x Trachelospermum \u2018Star of Toscane\u2019 Toscaanse jasmijn  Geschikt voor zowel patio als volle grond.  Bloeiwijze: Gele bloemen  Bloeitijd: mei, juni, juli, augustus  Leverhoogte incl. pot: 25 cm  Max. hoogte: circa 400 cm","og_url":"https:\/\/www.schramas.com\/de\/shop\/set-mit-4-sternen-der-toskana-trachelospermum-jasminoides-hohe-25-cm-9-cm-topf\/","og_site_name":"Planten eenvoudig online bestellen | Schramas.com","article_publisher":"https:\/\/www.facebook.com\/Schramascom-106872874153195\/","article_modified_time":"2026-04-14T13:51:43+00:00","og_image":[{"width":1600,"height":1600,"url":"http:\/\/www.schramas.com\/wp-content\/uploads\/2023\/09\/trachelospermum-jasminoides-star-of-toscane-sfeer.jpg","type":"image\/jpeg"}],"twitter_card":"summary_large_image","twitter_misc":{"Gesch\u00e4tzte Lesezeit":"1\u00a0Minute"},"schema":{"@context":"https:\/\/schema.org","@graph":[{"@type":["WebPage","ItemPage"],"@id":"https:\/\/www.schramas.com\/winkel\/set-van-4-star-of-toscane-trachelospermum-jasminoides-hoogte-25cm-9cm-pot\/","url":"https:\/\/www.schramas.com\/winkel\/set-van-4-star-of-toscane-trachelospermum-jasminoides-hoogte-25cm-9cm-pot\/","name":"Kaufen Sie 4er-Set &#039;Star of Tuscany&#039; - Trachelospermum jasminoides - H\u00f6he 25 cm - 9 cm Topf | Pflanzen einfach online bestellen | Schramas.com","isPartOf":{"@id":"https:\/\/www.schramas.com\/#website"},"primaryImageOfPage":{"@id":"https:\/\/www.schramas.com\/winkel\/set-van-4-star-of-toscane-trachelospermum-jasminoides-hoogte-25cm-9cm-pot\/#primaryimage"},"image":{"@id":"https:\/\/www.schramas.com\/winkel\/set-van-4-star-of-toscane-trachelospermum-jasminoides-hoogte-25cm-9cm-pot\/#primaryimage"},"thumbnailUrl":"https:\/\/www.schramas.com\/wp-content\/uploads\/2023\/09\/trachelospermum-jasminoides-star-of-toscane-sfeer.jpg","datePublished":"2023-09-27T10:22:17+00:00","dateModified":"2026-04-14T13:51:43+00:00","breadcrumb":{"@id":"https:\/\/www.schramas.com\/winkel\/set-van-4-star-of-toscane-trachelospermum-jasminoides-hoogte-25cm-9cm-pot\/#breadcrumb"},"inLanguage":"de","potentialAction":[{"@type":"ReadAction","target":["https:\/\/www.schramas.com\/winkel\/set-van-4-star-of-toscane-trachelospermum-jasminoides-hoogte-25cm-9cm-pot\/"]}]},{"@type":"ImageObject","inLanguage":"de","@id":"https:\/\/www.schramas.com\/winkel\/set-van-4-star-of-toscane-trachelospermum-jasminoides-hoogte-25cm-9cm-pot\/#primaryimage","url":"https:\/\/www.schramas.com\/wp-content\/uploads\/2023\/09\/trachelospermum-jasminoides-star-of-toscane-sfeer.jpg","contentUrl":"https:\/\/www.schramas.com\/wp-content\/uploads\/2023\/09\/trachelospermum-jasminoides-star-of-toscane-sfeer.jpg","width":1600,"height":1600},{"@type":"BreadcrumbList","@id":"https:\/\/www.schramas.com\/winkel\/set-van-4-star-of-toscane-trachelospermum-jasminoides-hoogte-25cm-9cm-pot\/#breadcrumb","itemListElement":[{"@type":"ListItem","position":1,"name":"Product","item":"https:\/\/www.schramas.com\/assortiment\/"},{"@type":"ListItem","position":2,"name":"Bomen &amp; Struiken","item":"https:\/\/www.schramas.com\/product-category\/bomen-struiken\/"},{"@type":"ListItem","position":3,"name":"Set Van 4 &#8216;Star of Toscane&#8217;- Trachelospermum jasminoides \u2013 Hoogte 25cm &#8211; 9cm pot"}]},{"@type":"WebSite","@id":"https:\/\/www.schramas.com\/#website","url":"https:\/\/www.schramas.com\/","name":"Schramas.com | Gartenpflanzen einfach online bestellen | Direkt aus unserer G\u00e4rtnerei","description":"","alternateName":"Schramas.com - Alle planten direct van de kweker","potentialAction":[{"@type":"SearchAction","target":{"@type":"EntryPoint","urlTemplate":"https:\/\/www.schramas.com\/?s={search_term_string}"},"query-input":{"@type":"PropertyValueSpecification","valueRequired":true,"valueName":"search_term_string"}}],"inLanguage":"de"}]}},"_links":{"self":[{"href":"https:\/\/www.schramas.com\/de\/wp-json\/wp\/v2\/product\/28582","targetHints":{"allow":["GET"]}}],"collection":[{"href":"https:\/\/www.schramas.com\/de\/wp-json\/wp\/v2\/product"}],"about":[{"href":"https:\/\/www.schramas.com\/de\/wp-json\/wp\/v2\/types\/product"}],"version-history":[{"count":1,"href":"https:\/\/www.schramas.com\/de\/wp-json\/wp\/v2\/product\/28582\/revisions"}],"predecessor-version":[{"id":46804,"href":"https:\/\/www.schramas.com\/de\/wp-json\/wp\/v2\/product\/28582\/revisions\/46804"}],"wp:featuredmedia":[{"embeddable":true,"href":"https:\/\/www.schramas.com\/de\/wp-json\/wp\/v2\/media\/28583"}],"wp:attachment":[{"href":"https:\/\/www.schramas.com\/de\/wp-json\/wp\/v2\/media?parent=28582"}],"wp:term":[{"taxonomy":"product_brand","embeddable":true,"href":"https:\/\/www.schramas.com\/de\/wp-json\/wp\/v2\/product_brand?post=28582"},{"taxonomy":"product_cat","embeddable":true,"href":"https:\/\/www.schramas.com\/de\/wp-json\/wp\/v2\/product_cat?post=28582"},{"taxonomy":"product_tag","embeddable":true,"href":"https:\/\/www.schramas.com\/de\/wp-json\/wp\/v2\/product_tag?post=28582"}],"curies":[{"name":"wp","href":"https:\/\/api.w.org\/{rel}","templated":true}]}}