{"id":28597,"date":"2023-09-27T14:02:06","date_gmt":"2023-09-27T12:02:06","guid":{"rendered":"https:\/\/www.schramas.com\/?post_type=product&#038;p=28597"},"modified":"2026-05-10T10:52:27","modified_gmt":"2026-05-10T08:52:27","slug":"satz-mit-4-brombeeren-rubus-fruticosus-schwarzer-satin-dornenlos-immergrune-dreifachkronen-taybeere-hohe-25-cm-9-cm-topf","status":"publish","type":"product","link":"https:\/\/www.schramas.com\/de\/shop\/satz-mit-4-brombeeren-rubus-fruticosus-schwarzer-satin-dornenlos-immergrune-dreifachkronen-taybeere-hohe-25-cm-9-cm-topf\/","title":{"rendered":"Set mit 4 Brombeeren - Rubus fruticosus - Black Satin, Thornless Evergreen, Triple Crown, Tayberry - H\u00f6he 25cm - 9cm Topf"},"content":{"rendered":"<div class=\"flex-1 overflow-hidden\">\n<div class=\"react-scroll-to-bottom--css-kbcqf-79elbk h-full dark:bg-gray-800\">\n<div class=\"react-scroll-to-bottom--css-kbcqf-1n7m0yu\">\n<div class=\"flex flex-col text-sm dark:bg-gray-800\">\n<div class=\"group w-full text-token-text-primary border-b border-black\/10 gizmo:border-0 dark:border-gray-900\/50 gizmo:dark:border-0 bg-gray-50 gizmo:bg-transparent dark:bg-[#444654] gizmo:dark:bg-transparent\" data-testid=\"conversation-turn-107\">\n<div class=\"p-4 justify-center text-base md:gap-6 md:py-6 m-auto\">\n<div class=\"flex flex-1 gap-4 text-base mx-auto md:gap-6 md:max-w-2xl lg:max-w-[38rem] xl:max-w-3xl }\">\n<div class=\"relative flex w-[calc(100%-50px)] flex-col gap-1 md:gap-3 lg:w-[calc(100%-115px)]\">\n<div class=\"flex flex-grow flex-col gap-3 max-w-full\">\n<div class=\"min-h-[20px] flex flex-col items-start gap-3 overflow-x-auto whitespace-pre-wrap break-words\">\n<div class=\"markdown prose w-full break-words dark:prose-invert light\">\n<p>Dieses Set enth\u00e4lt vier verschiedene Brombeersorten: \u201eBlack Satin\u201c, \u201eThornless Evergreen\u201c, \u201eTriple Crown\u201c und \u201eTayberry\u201c. Jede Brombeere hat eine H\u00f6he von 25 cm und wird in einem 9 cm Topf geliefert.<\/p>\n<p><strong>Rubus fruticosus 'Black Satin'<\/strong>: Eine dornenlose Brombeere, die k\u00f6stliche saftige Fr\u00fcchte hervorbringt. Diese schwarzen Fr\u00fcchte sind gro\u00df und haben einen ausgezeichneten Geschmack. Sie eignen sich zum direkten Verzehr und k\u00f6nnen auch in Kuchen verwendet werden. Diese Brombeere gedeiht an einem sonnigen Standort und kann auch im Halbschatten wachsen. Die Bl\u00fcte erfolgt von Mai bis Juni, gefolgt von der Fruchtbildung von Juli bis September. Bei richtiger Pflege und j\u00e4hrlichem R\u00fcckschnitt ist mit einer guten Ernte zu rechnen. Diese Brombeere ist sehr winterhart und vertr\u00e4gt Temperaturen bis -28 Grad Celsius. Sie ist nicht anf\u00e4llig f\u00fcr Krankheiten und ben\u00f6tigt wenig D\u00fcngung.<\/p>\n<p><strong>Rubus fruticosus &#039;Thornless Evergreen&#039;<\/strong>: Diese dornenlose Brombeere tr\u00e4gt von Juli bis Oktober Fr\u00fcchte. Die Fr\u00fcchte brauchen viel Sonne und Zeit zum Reifen. Im Herbst k\u00f6nnen sie geerntet und f\u00fcr Marmelade, Lik\u00f6r oder Saft verwendet werden. Diese Brombeere w\u00e4chst am besten auf lehmigem Boden und f\u00fchlt sich an einem gesch\u00fctzten Ort wohl. Bei Frost empfiehlt es sich, die Pflanzen abzudecken.<\/p>\n<p><strong>Rubus fruticosus &#039;Triple Crown&#039;<\/strong>: Diese relativ neue, dornenlose Brombeersorte zeichnet sich in mehrfacher Hinsicht aus. Sie ist sehr ertragreich und hat gro\u00dfe, schmackhafte Fr\u00fcchte. Die kr\u00e4ftigen St\u00e4ngel sind resistent gegen Krankheiten und Frost. Die Fr\u00fcchte sind recht gro\u00df und haben eine sch\u00f6ne Farbe. Sie sind leicht zu pfl\u00fccken und k\u00f6nnen frisch gegessen oder beispielsweise zu Marmelade, Wein und Desserts verarbeitet werden. Diese Brombeere ist nicht anf\u00e4llig f\u00fcr Krankheiten und ben\u00f6tigt wenig D\u00fcnger.<\/p>\n<p><strong>Rubus &#039;Tayberry&#039;<\/strong>: Eine Kreuzung zwischen Brombeere und Himbeere. Leicht dornig, mit gro\u00dfen, tiefroten Fr\u00fcchten, die doppelt so gro\u00df sind wie Himbeeren. Sie haben einen s\u00fc\u00df-s\u00e4uerlichen Geschmack und k\u00f6nnen zum Entsaften, Garnieren oder zum direkten Verzehr verwendet werden. Die Erntezeit liegt im Juli-August. Diese Pflanze gedeiht am besten an einem sonnigen Standort und alte Zweige sollten regelm\u00e4\u00dfig beschnitten werden.<\/p>\n<\/div>\n<\/div>\n<\/div>\n<\/div>\n<\/div>\n<\/div>\n<\/div>\n<p>&nbsp;<\/p>\n<\/div>\n<\/div>\n<\/div>\n<\/div>","protected":false},"excerpt":{"rendered":"<p>4x Rubus-Brombeere<\/p>\n<p>\u201eBlack Satin\u201c, \u201eThornless Evergreen\u201c, \u201eTriple Crown\u201c und \u201eTayberry\u201c<\/p>\n<p>Max. H\u00f6he ca. 300-400 cm<\/p>\n<p>Laubabwerfend<\/p>\n<p>Hardy<\/p>\n<p>Geliefert in einem 9 cm Topf<\/p>","protected":false},"featured_media":28598,"template":"","meta":{"_joinchat":[]},"product_brand":[],"product_cat":[262,44,1011,234,867],"product_tag":[731,1244,1245,597],"class_list":{"0":"post-28597","1":"product","2":"type-product","3":"status-publish","4":"has-post-thumbnail","6":"product_cat-bomen-struiken","7":"product_cat-bramen","8":"product_cat-fruit-deals","9":"product_cat-fruitstruiken","10":"product_cat-pakket-deals","11":"product_tag-braam","12":"product_tag-bramen-mix","13":"product_tag-bramenplant","14":"product_tag-framboos","15":"pa_ewd_uwcf_colors-mixed","16":"pa_ewd_uwcf_colors-rood-2","17":"pa_groeihoogte-300-cm","18":"pa_pot-9-cm-pot","20":"first","21":"instock","22":"taxable","23":"shipping-taxable","24":"purchasable","25":"product-type-simple"},"yoast_head":"<!-- This site is optimized with the Yoast SEO plugin v24.2 - https:\/\/yoast.com\/wordpress\/plugins\/seo\/ -->\n<title>Set Van 4 Bramen - Rubus fruticosus -Black Satin, Thornless Evergreen, Triple Crown, Tayberry - Hoogte 25cm - 9cm pot kopen | Planten eenvoudig online bestellen | Schramas.com<\/title>\n<meta name=\"robots\" content=\"index, follow, max-snippet:-1, max-image-preview:large, max-video-preview:-1\" \/>\n<link rel=\"canonical\" href=\"https:\/\/www.schramas.com\/de\/shop\/satz-mit-4-brombeeren-rubus-fruticosus-schwarzer-satin-dornenlos-immergrune-dreifachkronen-taybeere-hohe-25-cm-9-cm-topf\/\" \/>\n<meta property=\"og:locale\" content=\"de_DE\" \/>\n<meta property=\"og:type\" content=\"article\" \/>\n<meta property=\"og:title\" content=\"Set Van 4 Bramen - Rubus fruticosus -Black Satin, Thornless Evergreen, Triple Crown, Tayberry - Hoogte 25cm - 9cm pot kopen | Planten eenvoudig online bestellen | Schramas.com\" \/>\n<meta property=\"og:description\" content=\"4x Rubus braam  &#039;Black Satin&#039;, &#039;Thornless Evergreen&#039;, \u2018Triple Crown\u2019 en &#039;Tayberry&#039;  Max. hoogte ca. 300-400 cm  Bladverliezend  Winterhard  Geleverd in een 9cm pot\" \/>\n<meta property=\"og:url\" content=\"https:\/\/www.schramas.com\/de\/shop\/satz-mit-4-brombeeren-rubus-fruticosus-schwarzer-satin-dornenlos-immergrune-dreifachkronen-taybeere-hohe-25-cm-9-cm-topf\/\" \/>\n<meta property=\"og:site_name\" content=\"Planten eenvoudig online bestellen | Schramas.com\" \/>\n<meta property=\"article:publisher\" content=\"https:\/\/www.facebook.com\/Schramascom-106872874153195\/\" \/>\n<meta property=\"article:modified_time\" content=\"2026-05-10T08:52:27+00:00\" \/>\n<meta property=\"og:image\" content=\"http:\/\/www.schramas.com\/wp-content\/uploads\/2023\/09\/rubus-bramen-p9-pakketdeal-sfeer.jpg\" \/>\n\t<meta property=\"og:image:width\" content=\"1600\" \/>\n\t<meta property=\"og:image:height\" content=\"1600\" \/>\n\t<meta property=\"og:image:type\" content=\"image\/jpeg\" \/>\n<meta name=\"twitter:card\" content=\"summary_large_image\" \/>\n<meta name=\"twitter:label1\" content=\"Gesch\u00e4tzte Lesezeit\" \/>\n\t<meta name=\"twitter:data1\" content=\"1\u00a0Minute\" \/>\n<script type=\"application\/ld+json\" class=\"yoast-schema-graph\">{\"@context\":\"https:\/\/schema.org\",\"@graph\":[{\"@type\":[\"WebPage\",\"ItemPage\"],\"@id\":\"https:\/\/www.schramas.com\/winkel\/set-van-4-bramen-rubus-fruticosus-black-satin-thornless-evergreen-triple-crown-tayberry-hoogte-25cm-9cm-pot\/\",\"url\":\"https:\/\/www.schramas.com\/winkel\/set-van-4-bramen-rubus-fruticosus-black-satin-thornless-evergreen-triple-crown-tayberry-hoogte-25cm-9cm-pot\/\",\"name\":\"Set Van 4 Bramen - Rubus fruticosus -Black Satin, Thornless Evergreen, Triple Crown, Tayberry - Hoogte 25cm - 9cm pot kopen | Planten eenvoudig online bestellen | Schramas.com\",\"isPartOf\":{\"@id\":\"https:\/\/www.schramas.com\/#website\"},\"primaryImageOfPage\":{\"@id\":\"https:\/\/www.schramas.com\/winkel\/set-van-4-bramen-rubus-fruticosus-black-satin-thornless-evergreen-triple-crown-tayberry-hoogte-25cm-9cm-pot\/#primaryimage\"},\"image\":{\"@id\":\"https:\/\/www.schramas.com\/winkel\/set-van-4-bramen-rubus-fruticosus-black-satin-thornless-evergreen-triple-crown-tayberry-hoogte-25cm-9cm-pot\/#primaryimage\"},\"thumbnailUrl\":\"https:\/\/www.schramas.com\/wp-content\/uploads\/2023\/09\/rubus-bramen-p9-pakketdeal-sfeer.jpg\",\"datePublished\":\"2023-09-27T12:02:06+00:00\",\"dateModified\":\"2026-05-10T08:52:27+00:00\",\"breadcrumb\":{\"@id\":\"https:\/\/www.schramas.com\/winkel\/set-van-4-bramen-rubus-fruticosus-black-satin-thornless-evergreen-triple-crown-tayberry-hoogte-25cm-9cm-pot\/#breadcrumb\"},\"inLanguage\":\"de\",\"potentialAction\":[{\"@type\":\"ReadAction\",\"target\":[\"https:\/\/www.schramas.com\/winkel\/set-van-4-bramen-rubus-fruticosus-black-satin-thornless-evergreen-triple-crown-tayberry-hoogte-25cm-9cm-pot\/\"]}]},{\"@type\":\"ImageObject\",\"inLanguage\":\"de\",\"@id\":\"https:\/\/www.schramas.com\/winkel\/set-van-4-bramen-rubus-fruticosus-black-satin-thornless-evergreen-triple-crown-tayberry-hoogte-25cm-9cm-pot\/#primaryimage\",\"url\":\"https:\/\/www.schramas.com\/wp-content\/uploads\/2023\/09\/rubus-bramen-p9-pakketdeal-sfeer.jpg\",\"contentUrl\":\"https:\/\/www.schramas.com\/wp-content\/uploads\/2023\/09\/rubus-bramen-p9-pakketdeal-sfeer.jpg\",\"width\":1600,\"height\":1600},{\"@type\":\"BreadcrumbList\",\"@id\":\"https:\/\/www.schramas.com\/winkel\/set-van-4-bramen-rubus-fruticosus-black-satin-thornless-evergreen-triple-crown-tayberry-hoogte-25cm-9cm-pot\/#breadcrumb\",\"itemListElement\":[{\"@type\":\"ListItem\",\"position\":1,\"name\":\"Product\",\"item\":\"https:\/\/www.schramas.com\/assortiment\/\"},{\"@type\":\"ListItem\",\"position\":2,\"name\":\"Bomen &amp; Struiken\",\"item\":\"https:\/\/www.schramas.com\/product-category\/bomen-struiken\/\"},{\"@type\":\"ListItem\",\"position\":3,\"name\":\"Fruitstruiken\",\"item\":\"https:\/\/www.schramas.com\/de\/produktkategorie\/baume-und-straucher\/obststraucher\/\"},{\"@type\":\"ListItem\",\"position\":4,\"name\":\"Bramen\",\"item\":\"https:\/\/www.schramas.com\/product-category\/bomen-struiken\/fruitstruiken\/bramen\/\"},{\"@type\":\"ListItem\",\"position\":5,\"name\":\"Set Van 4 Bramen &#8211; Rubus fruticosus -Black Satin, Thornless Evergreen, Triple Crown, Tayberry &#8211; Hoogte 25cm &#8211; 9cm pot\"}]},{\"@type\":\"WebSite\",\"@id\":\"https:\/\/www.schramas.com\/#website\",\"url\":\"https:\/\/www.schramas.com\/\",\"name\":\"Schramas.com | Tuinplanten eenvoudig online bestellen | Direct van onze Kwekerij\",\"description\":\"\",\"alternateName\":\"Schramas.com - Alle planten direct van de kweker\",\"potentialAction\":[{\"@type\":\"SearchAction\",\"target\":{\"@type\":\"EntryPoint\",\"urlTemplate\":\"https:\/\/www.schramas.com\/?s={search_term_string}\"},\"query-input\":{\"@type\":\"PropertyValueSpecification\",\"valueRequired\":true,\"valueName\":\"search_term_string\"}}],\"inLanguage\":\"de\"}]}<\/script>\n<!-- \/ Yoast SEO plugin. -->","yoast_head_json":{"title":"Kaufen Sie ein 4er-Set Brombeeren \u2013 Rubus fruticosus \u2013 Satinschwarz, Immergr\u00fcn ohne Dornen, Dreifachkrone, Taybeere \u2013 H\u00f6he 25 cm \u2013 9 cm Topf | Pflanzen einfach online bestellen | Schramas.com","robots":{"index":"index","follow":"follow","max-snippet":"max-snippet:-1","max-image-preview":"max-image-preview:large","max-video-preview":"max-video-preview:-1"},"canonical":"https:\/\/www.schramas.com\/de\/shop\/satz-mit-4-brombeeren-rubus-fruticosus-schwarzer-satin-dornenlos-immergrune-dreifachkronen-taybeere-hohe-25-cm-9-cm-topf\/","og_locale":"de_DE","og_type":"article","og_title":"Set Van 4 Bramen - Rubus fruticosus -Black Satin, Thornless Evergreen, Triple Crown, Tayberry - Hoogte 25cm - 9cm pot kopen | Planten eenvoudig online bestellen | Schramas.com","og_description":"4x Rubus braam  'Black Satin', 'Thornless Evergreen', \u2018Triple Crown\u2019 en 'Tayberry'  Max. hoogte ca. 300-400 cm  Bladverliezend  Winterhard  Geleverd in een 9cm pot","og_url":"https:\/\/www.schramas.com\/de\/shop\/satz-mit-4-brombeeren-rubus-fruticosus-schwarzer-satin-dornenlos-immergrune-dreifachkronen-taybeere-hohe-25-cm-9-cm-topf\/","og_site_name":"Planten eenvoudig online bestellen | Schramas.com","article_publisher":"https:\/\/www.facebook.com\/Schramascom-106872874153195\/","article_modified_time":"2026-05-10T08:52:27+00:00","og_image":[{"width":1600,"height":1600,"url":"http:\/\/www.schramas.com\/wp-content\/uploads\/2023\/09\/rubus-bramen-p9-pakketdeal-sfeer.jpg","type":"image\/jpeg"}],"twitter_card":"summary_large_image","twitter_misc":{"Gesch\u00e4tzte Lesezeit":"1\u00a0Minute"},"schema":{"@context":"https:\/\/schema.org","@graph":[{"@type":["WebPage","ItemPage"],"@id":"https:\/\/www.schramas.com\/winkel\/set-van-4-bramen-rubus-fruticosus-black-satin-thornless-evergreen-triple-crown-tayberry-hoogte-25cm-9cm-pot\/","url":"https:\/\/www.schramas.com\/winkel\/set-van-4-bramen-rubus-fruticosus-black-satin-thornless-evergreen-triple-crown-tayberry-hoogte-25cm-9cm-pot\/","name":"Kaufen Sie ein 4er-Set Brombeeren \u2013 Rubus fruticosus \u2013 Satinschwarz, Immergr\u00fcn ohne Dornen, Dreifachkrone, Taybeere \u2013 H\u00f6he 25 cm \u2013 9 cm Topf | Pflanzen einfach online bestellen | Schramas.com","isPartOf":{"@id":"https:\/\/www.schramas.com\/#website"},"primaryImageOfPage":{"@id":"https:\/\/www.schramas.com\/winkel\/set-van-4-bramen-rubus-fruticosus-black-satin-thornless-evergreen-triple-crown-tayberry-hoogte-25cm-9cm-pot\/#primaryimage"},"image":{"@id":"https:\/\/www.schramas.com\/winkel\/set-van-4-bramen-rubus-fruticosus-black-satin-thornless-evergreen-triple-crown-tayberry-hoogte-25cm-9cm-pot\/#primaryimage"},"thumbnailUrl":"https:\/\/www.schramas.com\/wp-content\/uploads\/2023\/09\/rubus-bramen-p9-pakketdeal-sfeer.jpg","datePublished":"2023-09-27T12:02:06+00:00","dateModified":"2026-05-10T08:52:27+00:00","breadcrumb":{"@id":"https:\/\/www.schramas.com\/winkel\/set-van-4-bramen-rubus-fruticosus-black-satin-thornless-evergreen-triple-crown-tayberry-hoogte-25cm-9cm-pot\/#breadcrumb"},"inLanguage":"de","potentialAction":[{"@type":"ReadAction","target":["https:\/\/www.schramas.com\/winkel\/set-van-4-bramen-rubus-fruticosus-black-satin-thornless-evergreen-triple-crown-tayberry-hoogte-25cm-9cm-pot\/"]}]},{"@type":"ImageObject","inLanguage":"de","@id":"https:\/\/www.schramas.com\/winkel\/set-van-4-bramen-rubus-fruticosus-black-satin-thornless-evergreen-triple-crown-tayberry-hoogte-25cm-9cm-pot\/#primaryimage","url":"https:\/\/www.schramas.com\/wp-content\/uploads\/2023\/09\/rubus-bramen-p9-pakketdeal-sfeer.jpg","contentUrl":"https:\/\/www.schramas.com\/wp-content\/uploads\/2023\/09\/rubus-bramen-p9-pakketdeal-sfeer.jpg","width":1600,"height":1600},{"@type":"BreadcrumbList","@id":"https:\/\/www.schramas.com\/winkel\/set-van-4-bramen-rubus-fruticosus-black-satin-thornless-evergreen-triple-crown-tayberry-hoogte-25cm-9cm-pot\/#breadcrumb","itemListElement":[{"@type":"ListItem","position":1,"name":"Product","item":"https:\/\/www.schramas.com\/assortiment\/"},{"@type":"ListItem","position":2,"name":"Bomen &amp; Struiken","item":"https:\/\/www.schramas.com\/product-category\/bomen-struiken\/"},{"@type":"ListItem","position":3,"name":"Fruitstruiken","item":"https:\/\/www.schramas.com\/de\/produktkategorie\/baume-und-straucher\/obststraucher\/"},{"@type":"ListItem","position":4,"name":"Bramen","item":"https:\/\/www.schramas.com\/product-category\/bomen-struiken\/fruitstruiken\/bramen\/"},{"@type":"ListItem","position":5,"name":"Set Van 4 Bramen &#8211; Rubus fruticosus -Black Satin, Thornless Evergreen, Triple Crown, Tayberry &#8211; Hoogte 25cm &#8211; 9cm pot"}]},{"@type":"WebSite","@id":"https:\/\/www.schramas.com\/#website","url":"https:\/\/www.schramas.com\/","name":"Schramas.com | Gartenpflanzen einfach online bestellen | Direkt aus unserer G\u00e4rtnerei","description":"","alternateName":"Schramas.com - Alle planten direct van de kweker","potentialAction":[{"@type":"SearchAction","target":{"@type":"EntryPoint","urlTemplate":"https:\/\/www.schramas.com\/?s={search_term_string}"},"query-input":{"@type":"PropertyValueSpecification","valueRequired":true,"valueName":"search_term_string"}}],"inLanguage":"de"}]}},"_links":{"self":[{"href":"https:\/\/www.schramas.com\/de\/wp-json\/wp\/v2\/product\/28597","targetHints":{"allow":["GET"]}}],"collection":[{"href":"https:\/\/www.schramas.com\/de\/wp-json\/wp\/v2\/product"}],"about":[{"href":"https:\/\/www.schramas.com\/de\/wp-json\/wp\/v2\/types\/product"}],"version-history":[{"count":1,"href":"https:\/\/www.schramas.com\/de\/wp-json\/wp\/v2\/product\/28597\/revisions"}],"predecessor-version":[{"id":50646,"href":"https:\/\/www.schramas.com\/de\/wp-json\/wp\/v2\/product\/28597\/revisions\/50646"}],"wp:featuredmedia":[{"embeddable":true,"href":"https:\/\/www.schramas.com\/de\/wp-json\/wp\/v2\/media\/28598"}],"wp:attachment":[{"href":"https:\/\/www.schramas.com\/de\/wp-json\/wp\/v2\/media?parent=28597"}],"wp:term":[{"taxonomy":"product_brand","embeddable":true,"href":"https:\/\/www.schramas.com\/de\/wp-json\/wp\/v2\/product_brand?post=28597"},{"taxonomy":"product_cat","embeddable":true,"href":"https:\/\/www.schramas.com\/de\/wp-json\/wp\/v2\/product_cat?post=28597"},{"taxonomy":"product_tag","embeddable":true,"href":"https:\/\/www.schramas.com\/de\/wp-json\/wp\/v2\/product_tag?post=28597"}],"curies":[{"name":"wp","href":"https:\/\/api.w.org\/{rel}","templated":true}]}}