{"id":28609,"date":"2023-09-27T15:12:15","date_gmt":"2023-09-27T13:12:15","guid":{"rendered":"https:\/\/www.schramas.com\/?post_type=product&#038;p=28609"},"modified":"2026-04-26T13:26:19","modified_gmt":"2026-04-26T11:26:19","slug":"satz-von-4-tayberry-rubus-brombeere-himbeere-hohe-25cm-9cm-topf","status":"publish","type":"product","link":"https:\/\/www.schramas.com\/de\/shop\/satz-von-4-tayberry-rubus-brombeere-himbeere-hohe-25cm-9cm-topf\/","title":{"rendered":"Satz von 4 Tayberry - Rubus Brombeere\/Himbeere - H\u00f6he 25cm - 9cm Topf"},"content":{"rendered":"<p>Die Tayberry, eine Kreuzung aus Himbeere und Brombeere (Rubus fruticosus), ist eine echte Bereicherung f\u00fcr Ihren Garten. Mit einer H\u00f6he von 25 cm und geliefert in 9 cm T\u00f6pfen.<\/p>\n<p>Die Tayberry zeichnet sich durch ihre leicht dornigen Stiele aus und bringt gro\u00dfe, tiefrote Fr\u00fcchte hervor, die doppelt so gro\u00df wie Himbeeren sind. Der Geschmack ist s\u00fc\u00df mit einer leichten S\u00e4ure, und die Frucht kann auf vielf\u00e4ltige Weise genossen werden, von frisch bis verarbeitet in S\u00e4ften und Garnierungen.<\/p>\n<p>Obwohl die Tayberry Sie mit ihrer s\u00fc\u00dfen Belohnung \u00fcberraschen wird, ist es gut zu wissen, dass der Strauch empfindlich sein kann. Wir empfehlen, beim Pfl\u00fccken einen Handschuh zu tragen, damit Sie die Ernte ungehindert genie\u00dfen k\u00f6nnen.<\/p>\n<p>Die Erntezeit der Tayberry f\u00e4llt in die Monate Juli bis August. Dieser Strauch gedeiht am besten an einem sonnigen Standort und es ist ratsam, alte Zweige regelm\u00e4\u00dfig zur\u00fcckzuschneiden. Mit einer H\u00f6he von 25 cm und in 9-cm-T\u00f6pfen sind diese Pflanzen bereit f\u00fcr Ihren Garten.<\/p>","protected":false},"excerpt":{"rendered":"<p>4x Rubus 'Tayberry'<\/p>\n<p>Kreuzung Brombeere\/Himbeere<\/p>\n<p>Max. H\u00f6he ca. 200 cm<\/p>\n<p>Laubabwerfend<\/p>\n<p>Hardy<\/p>\n<p>Geliefert in einem 9 cm Topf<\/p>","protected":false},"featured_media":28610,"template":"","meta":{"_joinchat":[]},"product_brand":[],"product_cat":[262,44,1011,234,867],"product_tag":[731,1242,597,825,591,1249,1248],"class_list":{"0":"post-28609","1":"product","2":"type-product","3":"status-publish","4":"has-post-thumbnail","6":"product_cat-bomen-struiken","7":"product_cat-bramen","8":"product_cat-fruit-deals","9":"product_cat-fruitstruiken","10":"product_cat-pakket-deals","11":"product_tag-braam","12":"product_tag-braamachtig","13":"product_tag-framboos","14":"product_tag-kruising","15":"product_tag-rubus","16":"product_tag-tayberry","17":"product_tag-taybes","18":"pa_ewd_uwcf_colors-rood-2","19":"pa_groeihoogte-150-200-cm","20":"pa_pot-9-cm-pot","22":"first","23":"instock","24":"taxable","25":"shipping-taxable","26":"purchasable","27":"product-type-simple"},"yoast_head":"<!-- This site is optimized with the Yoast SEO plugin v24.2 - https:\/\/yoast.com\/wordpress\/plugins\/seo\/ -->\n<title>Set Van 4 Tayberry - Rubus braam\/framboos \u2013 Hoogte 25cm - 9cm pot kopen | Planten eenvoudig online bestellen | Schramas.com<\/title>\n<meta name=\"robots\" content=\"index, follow, max-snippet:-1, max-image-preview:large, max-video-preview:-1\" \/>\n<link rel=\"canonical\" href=\"https:\/\/www.schramas.com\/de\/shop\/satz-von-4-tayberry-rubus-brombeere-himbeere-hohe-25cm-9cm-topf\/\" \/>\n<meta property=\"og:locale\" content=\"de_DE\" \/>\n<meta property=\"og:type\" content=\"article\" \/>\n<meta property=\"og:title\" content=\"Set Van 4 Tayberry - Rubus braam\/framboos \u2013 Hoogte 25cm - 9cm pot kopen | Planten eenvoudig online bestellen | Schramas.com\" \/>\n<meta property=\"og:description\" content=\"4x Rubus &#039;Tayberry&#039;  Kruising braam\/framboos  Max. hoogte ca. 200 cm  Bladverliezend  Winterhard  Geleverd in een 9cm pot\" \/>\n<meta property=\"og:url\" content=\"https:\/\/www.schramas.com\/de\/shop\/satz-von-4-tayberry-rubus-brombeere-himbeere-hohe-25cm-9cm-topf\/\" \/>\n<meta property=\"og:site_name\" content=\"Planten eenvoudig online bestellen | Schramas.com\" \/>\n<meta property=\"article:publisher\" content=\"https:\/\/www.facebook.com\/Schramascom-106872874153195\/\" \/>\n<meta property=\"article:modified_time\" content=\"2026-04-26T11:26:19+00:00\" \/>\n<meta property=\"og:image\" content=\"http:\/\/www.schramas.com\/wp-content\/uploads\/2023\/09\/Rubus-Tayberry-sfeer.jpg\" \/>\n\t<meta property=\"og:image:width\" content=\"1600\" \/>\n\t<meta property=\"og:image:height\" content=\"1600\" \/>\n\t<meta property=\"og:image:type\" content=\"image\/jpeg\" \/>\n<meta name=\"twitter:card\" content=\"summary_large_image\" \/>\n<meta name=\"twitter:label1\" content=\"Gesch\u00e4tzte Lesezeit\" \/>\n\t<meta name=\"twitter:data1\" content=\"1\u00a0Minute\" \/>\n<script type=\"application\/ld+json\" class=\"yoast-schema-graph\">{\"@context\":\"https:\/\/schema.org\",\"@graph\":[{\"@type\":[\"WebPage\",\"ItemPage\"],\"@id\":\"https:\/\/www.schramas.com\/winkel\/set-van-4-tayberry-rubus-braam-framboos-hoogte-25cm-9cm-pot\/\",\"url\":\"https:\/\/www.schramas.com\/winkel\/set-van-4-tayberry-rubus-braam-framboos-hoogte-25cm-9cm-pot\/\",\"name\":\"Set Van 4 Tayberry - Rubus braam\/framboos \u2013 Hoogte 25cm - 9cm pot kopen | Planten eenvoudig online bestellen | Schramas.com\",\"isPartOf\":{\"@id\":\"https:\/\/www.schramas.com\/#website\"},\"primaryImageOfPage\":{\"@id\":\"https:\/\/www.schramas.com\/winkel\/set-van-4-tayberry-rubus-braam-framboos-hoogte-25cm-9cm-pot\/#primaryimage\"},\"image\":{\"@id\":\"https:\/\/www.schramas.com\/winkel\/set-van-4-tayberry-rubus-braam-framboos-hoogte-25cm-9cm-pot\/#primaryimage\"},\"thumbnailUrl\":\"https:\/\/www.schramas.com\/wp-content\/uploads\/2023\/09\/Rubus-Tayberry-sfeer.jpg\",\"datePublished\":\"2023-09-27T13:12:15+00:00\",\"dateModified\":\"2026-04-26T11:26:19+00:00\",\"breadcrumb\":{\"@id\":\"https:\/\/www.schramas.com\/winkel\/set-van-4-tayberry-rubus-braam-framboos-hoogte-25cm-9cm-pot\/#breadcrumb\"},\"inLanguage\":\"de\",\"potentialAction\":[{\"@type\":\"ReadAction\",\"target\":[\"https:\/\/www.schramas.com\/winkel\/set-van-4-tayberry-rubus-braam-framboos-hoogte-25cm-9cm-pot\/\"]}]},{\"@type\":\"ImageObject\",\"inLanguage\":\"de\",\"@id\":\"https:\/\/www.schramas.com\/winkel\/set-van-4-tayberry-rubus-braam-framboos-hoogte-25cm-9cm-pot\/#primaryimage\",\"url\":\"https:\/\/www.schramas.com\/wp-content\/uploads\/2023\/09\/Rubus-Tayberry-sfeer.jpg\",\"contentUrl\":\"https:\/\/www.schramas.com\/wp-content\/uploads\/2023\/09\/Rubus-Tayberry-sfeer.jpg\",\"width\":1600,\"height\":1600},{\"@type\":\"BreadcrumbList\",\"@id\":\"https:\/\/www.schramas.com\/winkel\/set-van-4-tayberry-rubus-braam-framboos-hoogte-25cm-9cm-pot\/#breadcrumb\",\"itemListElement\":[{\"@type\":\"ListItem\",\"position\":1,\"name\":\"Product\",\"item\":\"https:\/\/www.schramas.com\/assortiment\/\"},{\"@type\":\"ListItem\",\"position\":2,\"name\":\"Bomen &amp; Struiken\",\"item\":\"https:\/\/www.schramas.com\/product-category\/bomen-struiken\/\"},{\"@type\":\"ListItem\",\"position\":3,\"name\":\"Set Van 4 Tayberry &#8211; Rubus braam\/framboos \u2013 Hoogte 25cm &#8211; 9cm pot\"}]},{\"@type\":\"WebSite\",\"@id\":\"https:\/\/www.schramas.com\/#website\",\"url\":\"https:\/\/www.schramas.com\/\",\"name\":\"Schramas.com | Tuinplanten eenvoudig online bestellen | Direct van onze Kwekerij\",\"description\":\"\",\"alternateName\":\"Schramas.com - Alle planten direct van de kweker\",\"potentialAction\":[{\"@type\":\"SearchAction\",\"target\":{\"@type\":\"EntryPoint\",\"urlTemplate\":\"https:\/\/www.schramas.com\/?s={search_term_string}\"},\"query-input\":{\"@type\":\"PropertyValueSpecification\",\"valueRequired\":true,\"valueName\":\"search_term_string\"}}],\"inLanguage\":\"de\"}]}<\/script>\n<!-- \/ Yoast SEO plugin. -->","yoast_head_json":{"title":"4er Set Tayberry - Rubus Brombeere\/Himbeere - H\u00f6he 25cm - 9cm Topf kaufen | Pflanzen leicht online kaufen | Schramas.de","robots":{"index":"index","follow":"follow","max-snippet":"max-snippet:-1","max-image-preview":"max-image-preview:large","max-video-preview":"max-video-preview:-1"},"canonical":"https:\/\/www.schramas.com\/de\/shop\/satz-von-4-tayberry-rubus-brombeere-himbeere-hohe-25cm-9cm-topf\/","og_locale":"de_DE","og_type":"article","og_title":"Set Van 4 Tayberry - Rubus braam\/framboos \u2013 Hoogte 25cm - 9cm pot kopen | Planten eenvoudig online bestellen | Schramas.com","og_description":"4x Rubus 'Tayberry'  Kruising braam\/framboos  Max. hoogte ca. 200 cm  Bladverliezend  Winterhard  Geleverd in een 9cm pot","og_url":"https:\/\/www.schramas.com\/de\/shop\/satz-von-4-tayberry-rubus-brombeere-himbeere-hohe-25cm-9cm-topf\/","og_site_name":"Planten eenvoudig online bestellen | Schramas.com","article_publisher":"https:\/\/www.facebook.com\/Schramascom-106872874153195\/","article_modified_time":"2026-04-26T11:26:19+00:00","og_image":[{"width":1600,"height":1600,"url":"http:\/\/www.schramas.com\/wp-content\/uploads\/2023\/09\/Rubus-Tayberry-sfeer.jpg","type":"image\/jpeg"}],"twitter_card":"summary_large_image","twitter_misc":{"Gesch\u00e4tzte Lesezeit":"1\u00a0Minute"},"schema":{"@context":"https:\/\/schema.org","@graph":[{"@type":["WebPage","ItemPage"],"@id":"https:\/\/www.schramas.com\/winkel\/set-van-4-tayberry-rubus-braam-framboos-hoogte-25cm-9cm-pot\/","url":"https:\/\/www.schramas.com\/winkel\/set-van-4-tayberry-rubus-braam-framboos-hoogte-25cm-9cm-pot\/","name":"4er Set Tayberry - Rubus Brombeere\/Himbeere - H\u00f6he 25cm - 9cm Topf kaufen | Pflanzen leicht online kaufen | Schramas.de","isPartOf":{"@id":"https:\/\/www.schramas.com\/#website"},"primaryImageOfPage":{"@id":"https:\/\/www.schramas.com\/winkel\/set-van-4-tayberry-rubus-braam-framboos-hoogte-25cm-9cm-pot\/#primaryimage"},"image":{"@id":"https:\/\/www.schramas.com\/winkel\/set-van-4-tayberry-rubus-braam-framboos-hoogte-25cm-9cm-pot\/#primaryimage"},"thumbnailUrl":"https:\/\/www.schramas.com\/wp-content\/uploads\/2023\/09\/Rubus-Tayberry-sfeer.jpg","datePublished":"2023-09-27T13:12:15+00:00","dateModified":"2026-04-26T11:26:19+00:00","breadcrumb":{"@id":"https:\/\/www.schramas.com\/winkel\/set-van-4-tayberry-rubus-braam-framboos-hoogte-25cm-9cm-pot\/#breadcrumb"},"inLanguage":"de","potentialAction":[{"@type":"ReadAction","target":["https:\/\/www.schramas.com\/winkel\/set-van-4-tayberry-rubus-braam-framboos-hoogte-25cm-9cm-pot\/"]}]},{"@type":"ImageObject","inLanguage":"de","@id":"https:\/\/www.schramas.com\/winkel\/set-van-4-tayberry-rubus-braam-framboos-hoogte-25cm-9cm-pot\/#primaryimage","url":"https:\/\/www.schramas.com\/wp-content\/uploads\/2023\/09\/Rubus-Tayberry-sfeer.jpg","contentUrl":"https:\/\/www.schramas.com\/wp-content\/uploads\/2023\/09\/Rubus-Tayberry-sfeer.jpg","width":1600,"height":1600},{"@type":"BreadcrumbList","@id":"https:\/\/www.schramas.com\/winkel\/set-van-4-tayberry-rubus-braam-framboos-hoogte-25cm-9cm-pot\/#breadcrumb","itemListElement":[{"@type":"ListItem","position":1,"name":"Product","item":"https:\/\/www.schramas.com\/assortiment\/"},{"@type":"ListItem","position":2,"name":"Bomen &amp; Struiken","item":"https:\/\/www.schramas.com\/product-category\/bomen-struiken\/"},{"@type":"ListItem","position":3,"name":"Set Van 4 Tayberry &#8211; Rubus braam\/framboos \u2013 Hoogte 25cm &#8211; 9cm pot"}]},{"@type":"WebSite","@id":"https:\/\/www.schramas.com\/#website","url":"https:\/\/www.schramas.com\/","name":"Schramas.com | Gartenpflanzen einfach online bestellen | Direkt aus unserer G\u00e4rtnerei","description":"","alternateName":"Schramas.com - Alle planten direct van de kweker","potentialAction":[{"@type":"SearchAction","target":{"@type":"EntryPoint","urlTemplate":"https:\/\/www.schramas.com\/?s={search_term_string}"},"query-input":{"@type":"PropertyValueSpecification","valueRequired":true,"valueName":"search_term_string"}}],"inLanguage":"de"}]}},"_links":{"self":[{"href":"https:\/\/www.schramas.com\/de\/wp-json\/wp\/v2\/product\/28609","targetHints":{"allow":["GET"]}}],"collection":[{"href":"https:\/\/www.schramas.com\/de\/wp-json\/wp\/v2\/product"}],"about":[{"href":"https:\/\/www.schramas.com\/de\/wp-json\/wp\/v2\/types\/product"}],"version-history":[{"count":1,"href":"https:\/\/www.schramas.com\/de\/wp-json\/wp\/v2\/product\/28609\/revisions"}],"predecessor-version":[{"id":58797,"href":"https:\/\/www.schramas.com\/de\/wp-json\/wp\/v2\/product\/28609\/revisions\/58797"}],"wp:featuredmedia":[{"embeddable":true,"href":"https:\/\/www.schramas.com\/de\/wp-json\/wp\/v2\/media\/28610"}],"wp:attachment":[{"href":"https:\/\/www.schramas.com\/de\/wp-json\/wp\/v2\/media?parent=28609"}],"wp:term":[{"taxonomy":"product_brand","embeddable":true,"href":"https:\/\/www.schramas.com\/de\/wp-json\/wp\/v2\/product_brand?post=28609"},{"taxonomy":"product_cat","embeddable":true,"href":"https:\/\/www.schramas.com\/de\/wp-json\/wp\/v2\/product_cat?post=28609"},{"taxonomy":"product_tag","embeddable":true,"href":"https:\/\/www.schramas.com\/de\/wp-json\/wp\/v2\/product_tag?post=28609"}],"curies":[{"name":"wp","href":"https:\/\/api.w.org\/{rel}","templated":true}]}}