{"id":28660,"date":"2023-09-28T16:48:12","date_gmt":"2023-09-28T14:48:12","guid":{"rendered":"https:\/\/www.schramas.com\/?post_type=product&#038;p=28660"},"modified":"2026-03-26T16:35:54","modified_gmt":"2026-03-26T15:35:54","slug":"satz-von-2-akebia-akebia-quinata-alba-quitte-kletterbeere-hohe-25cm-9cm-topf","status":"publish","type":"product","link":"https:\/\/www.schramas.com\/de\/shop\/satz-von-2-akebia-akebia-quinata-alba-quitte-kletterbeere-hohe-25cm-9cm-topf\/","title":{"rendered":"2er Set Akebia - Akebia quinata 'Alba' - Scheingurke\/Kletterbeere - H\u00f6he 25cm - 9cm Topf"},"content":{"rendered":"<p>Entdecken Sie die Pracht von Akebia quinata 'Alba', einer sommergr\u00fcnen Kletterpflanze, die auch in milden Wintern einen Teil ihrer Bl\u00e4tter beh\u00e4lt. Zwischen April und Juni schm\u00fcckt diese Sch\u00f6nheit Ihren Garten mit langen, wei\u00dfen Bl\u00fctentrauben. Die weiblichen Bl\u00fcten befinden sich am unteren Ende der B\u00fcschel, w\u00e4hrend die m\u00e4nnlichen Bl\u00fcten an der Spitze stehen. Bei einem milden Fr\u00fchjahr k\u00f6nnen Sie mit einer noch reicheren Bl\u00fcte rechnen.<\/p>\n<p>Nach der Bl\u00fcte und einem warmen Sommer erscheinen die besonderen essbaren Fr\u00fcchte, die kleinen Gurken \u00e4hneln und eine Gr\u00f6\u00dfe von etwa 5 bis 10 Zentimetern erreichen. Stellen Sie die Akebia quinata an einen gesch\u00fctzten Platz mit Sonne bis Halbschatten, aber sch\u00fctzen Sie die Unterseite vor zu viel praller Sonne. Die Rebe kann zwar auch im Schatten gedeihen, bl\u00fcht dann aber weniger \u00fcppig.<\/p>\n<p>W\u00e4hlen Sie bei der Pflanzung gleich den richtigen Standort, da die Akebia quinata das Umpflanzen nicht wirklich mag. Im ersten Jahr ist es ratsam, sie vor Frost zu sch\u00fctzen. Ansonsten ist die Pflanze nicht anspruchsvoll, bevorzugt aber einen feuchten, gut durchl\u00e4ssigen und n\u00e4hrstoffreichen Boden.<\/p>\n<p>Die Akebia quinata ist eine wahre Zierde f\u00fcr Ihren Garten, sowohl wegen ihrer duftenden Bl\u00fcten, Fr\u00fcchte und Bl\u00e4tter. Auch die Ranken sind dekorativ und k\u00f6nnen f\u00fcr Blumenarrangements verwendet werden. Diese sch\u00f6ne Pflanze l\u00e4sst sich durch Schichtung oder durch Stecklinge aus Halbholz vermehren.<\/p>","protected":false},"excerpt":{"rendered":"<p>2x Akebia quinata 'Alba'<\/p>\n<p>Salatgurke\/Kletterpflanze\/Kletternde Pflanze<\/p>\n<p>H\u00f6he max: ca. 4 Meter<\/p>\n<p>Lieferh\u00f6he inkl. Topf: ca. 25 cm<\/p>\n<p>Topfgr\u00f6\u00dfe: 9cm<\/p>\n<p>Geeignet sowohl f\u00fcr Balkon, Terrasse und Freiland<\/p>","protected":false},"featured_media":28667,"template":"","meta":{"_joinchat":[]},"product_brand":[],"product_cat":[262,480,1011,234,304,867,305],"product_tag":[1261,529,1262],"class_list":{"0":"post-28660","1":"product","2":"type-product","3":"status-publish","4":"has-post-thumbnail","6":"product_cat-bomen-struiken","7":"product_cat-diversen-struiken","8":"product_cat-fruit-deals","9":"product_cat-fruitstruiken","10":"product_cat-klimplanten","11":"product_cat-pakket-deals","12":"product_cat-planten-heesters","13":"product_tag-augurk","14":"product_tag-klimplant","15":"product_tag-schijnaugurk","16":"pa_ewd_uwcf_colors-groen-2","17":"pa_ewd_uwcf_colors-mixed","18":"pa_groeihoogte-300-cm","19":"pa_pot-9-cm-pot","21":"first","22":"outofstock","23":"taxable","24":"shipping-taxable","25":"purchasable","26":"product-type-simple"},"yoast_head":"<!-- This site is optimized with the Yoast SEO plugin v24.2 - https:\/\/yoast.com\/wordpress\/plugins\/seo\/ -->\n<title>Set van 2 Akebia - Akebia quinata &#039;Alba&#039; - Schijnaugurk\/klimbes - Hoogte 25cm - 9cm pot kopen | Planten eenvoudig online bestellen | Schramas.com<\/title>\n<meta name=\"robots\" content=\"index, follow, max-snippet:-1, max-image-preview:large, max-video-preview:-1\" \/>\n<link rel=\"canonical\" href=\"https:\/\/www.schramas.com\/de\/shop\/satz-von-2-akebia-akebia-quinata-alba-quitte-kletterbeere-hohe-25cm-9cm-topf\/\" \/>\n<meta property=\"og:locale\" content=\"de_DE\" \/>\n<meta property=\"og:type\" content=\"article\" \/>\n<meta property=\"og:title\" content=\"Set van 2 Akebia - Akebia quinata &#039;Alba&#039; - Schijnaugurk\/klimbes - Hoogte 25cm - 9cm pot kopen | Planten eenvoudig online bestellen | Schramas.com\" \/>\n<meta property=\"og:description\" content=\"2x Akebia quinata &#039;Alba&#039;  Schijnaugurk\/klimbes\/klimplant  Hoogte max.: ca. 4 meter  Leverhoogte incl. pot: ca. 25 cm  Potmaat: 9cm  Geschikt voor zowel balkon, patio als volle grond\" \/>\n<meta property=\"og:url\" content=\"https:\/\/www.schramas.com\/de\/shop\/satz-von-2-akebia-akebia-quinata-alba-quitte-kletterbeere-hohe-25cm-9cm-topf\/\" \/>\n<meta property=\"og:site_name\" content=\"Planten eenvoudig online bestellen | Schramas.com\" \/>\n<meta property=\"article:publisher\" content=\"https:\/\/www.facebook.com\/Schramascom-106872874153195\/\" \/>\n<meta property=\"article:modified_time\" content=\"2026-03-26T15:35:54+00:00\" \/>\n<meta property=\"og:image\" content=\"http:\/\/www.schramas.com\/wp-content\/uploads\/2023\/09\/Akebia-quintata-sfeer.jpg\" \/>\n\t<meta property=\"og:image:width\" content=\"793\" \/>\n\t<meta property=\"og:image:height\" content=\"790\" \/>\n\t<meta property=\"og:image:type\" content=\"image\/jpeg\" \/>\n<meta name=\"twitter:card\" content=\"summary_large_image\" \/>\n<meta name=\"twitter:label1\" content=\"Gesch\u00e4tzte Lesezeit\" \/>\n\t<meta name=\"twitter:data1\" content=\"1\u00a0Minute\" \/>\n<script type=\"application\/ld+json\" class=\"yoast-schema-graph\">{\"@context\":\"https:\/\/schema.org\",\"@graph\":[{\"@type\":[\"WebPage\",\"ItemPage\"],\"@id\":\"https:\/\/www.schramas.com\/winkel\/set-van-2-akebia-akebia-quinata-alba-schijnaugurk-klimbes-hoogte-25cm-9cm-pot\/\",\"url\":\"https:\/\/www.schramas.com\/winkel\/set-van-2-akebia-akebia-quinata-alba-schijnaugurk-klimbes-hoogte-25cm-9cm-pot\/\",\"name\":\"Set van 2 Akebia - Akebia quinata 'Alba' - Schijnaugurk\/klimbes - Hoogte 25cm - 9cm pot kopen | Planten eenvoudig online bestellen | Schramas.com\",\"isPartOf\":{\"@id\":\"https:\/\/www.schramas.com\/#website\"},\"primaryImageOfPage\":{\"@id\":\"https:\/\/www.schramas.com\/winkel\/set-van-2-akebia-akebia-quinata-alba-schijnaugurk-klimbes-hoogte-25cm-9cm-pot\/#primaryimage\"},\"image\":{\"@id\":\"https:\/\/www.schramas.com\/winkel\/set-van-2-akebia-akebia-quinata-alba-schijnaugurk-klimbes-hoogte-25cm-9cm-pot\/#primaryimage\"},\"thumbnailUrl\":\"https:\/\/www.schramas.com\/wp-content\/uploads\/2023\/09\/Akebia-quintata-sfeer.jpg\",\"datePublished\":\"2023-09-28T14:48:12+00:00\",\"dateModified\":\"2026-03-26T15:35:54+00:00\",\"breadcrumb\":{\"@id\":\"https:\/\/www.schramas.com\/winkel\/set-van-2-akebia-akebia-quinata-alba-schijnaugurk-klimbes-hoogte-25cm-9cm-pot\/#breadcrumb\"},\"inLanguage\":\"de\",\"potentialAction\":[{\"@type\":\"ReadAction\",\"target\":[\"https:\/\/www.schramas.com\/winkel\/set-van-2-akebia-akebia-quinata-alba-schijnaugurk-klimbes-hoogte-25cm-9cm-pot\/\"]}]},{\"@type\":\"ImageObject\",\"inLanguage\":\"de\",\"@id\":\"https:\/\/www.schramas.com\/winkel\/set-van-2-akebia-akebia-quinata-alba-schijnaugurk-klimbes-hoogte-25cm-9cm-pot\/#primaryimage\",\"url\":\"https:\/\/www.schramas.com\/wp-content\/uploads\/2023\/09\/Akebia-quintata-sfeer.jpg\",\"contentUrl\":\"https:\/\/www.schramas.com\/wp-content\/uploads\/2023\/09\/Akebia-quintata-sfeer.jpg\",\"width\":793,\"height\":790},{\"@type\":\"BreadcrumbList\",\"@id\":\"https:\/\/www.schramas.com\/winkel\/set-van-2-akebia-akebia-quinata-alba-schijnaugurk-klimbes-hoogte-25cm-9cm-pot\/#breadcrumb\",\"itemListElement\":[{\"@type\":\"ListItem\",\"position\":1,\"name\":\"Product\",\"item\":\"https:\/\/www.schramas.com\/assortiment\/\"},{\"@type\":\"ListItem\",\"position\":2,\"name\":\"Bomen &amp; Struiken\",\"item\":\"https:\/\/www.schramas.com\/product-category\/bomen-struiken\/\"},{\"@type\":\"ListItem\",\"position\":3,\"name\":\"Set van 2 Akebia &#8211; Akebia quinata &#8216;Alba&#8217; &#8211; Schijnaugurk\/klimbes &#8211; Hoogte 25cm &#8211; 9cm pot\"}]},{\"@type\":\"WebSite\",\"@id\":\"https:\/\/www.schramas.com\/#website\",\"url\":\"https:\/\/www.schramas.com\/\",\"name\":\"Schramas.com | Tuinplanten eenvoudig online bestellen | Direct van onze Kwekerij\",\"description\":\"\",\"alternateName\":\"Schramas.com - Alle planten direct van de kweker\",\"potentialAction\":[{\"@type\":\"SearchAction\",\"target\":{\"@type\":\"EntryPoint\",\"urlTemplate\":\"https:\/\/www.schramas.com\/?s={search_term_string}\"},\"query-input\":{\"@type\":\"PropertyValueSpecification\",\"valueRequired\":true,\"valueName\":\"search_term_string\"}}],\"inLanguage\":\"de\"}]}<\/script>\n<!-- \/ Yoast SEO plugin. -->","yoast_head_json":{"title":"2er Set Akebia - Akebia quinata 'Alba' - Scheingurke\/Kletterbeere - H\u00f6he 25cm - 9cm Topf kaufen | Pflanzen leicht online kaufen | Schramas.de","robots":{"index":"index","follow":"follow","max-snippet":"max-snippet:-1","max-image-preview":"max-image-preview:large","max-video-preview":"max-video-preview:-1"},"canonical":"https:\/\/www.schramas.com\/de\/shop\/satz-von-2-akebia-akebia-quinata-alba-quitte-kletterbeere-hohe-25cm-9cm-topf\/","og_locale":"de_DE","og_type":"article","og_title":"Set van 2 Akebia - Akebia quinata 'Alba' - Schijnaugurk\/klimbes - Hoogte 25cm - 9cm pot kopen | Planten eenvoudig online bestellen | Schramas.com","og_description":"2x Akebia quinata 'Alba'  Schijnaugurk\/klimbes\/klimplant  Hoogte max.: ca. 4 meter  Leverhoogte incl. pot: ca. 25 cm  Potmaat: 9cm  Geschikt voor zowel balkon, patio als volle grond","og_url":"https:\/\/www.schramas.com\/de\/shop\/satz-von-2-akebia-akebia-quinata-alba-quitte-kletterbeere-hohe-25cm-9cm-topf\/","og_site_name":"Planten eenvoudig online bestellen | Schramas.com","article_publisher":"https:\/\/www.facebook.com\/Schramascom-106872874153195\/","article_modified_time":"2026-03-26T15:35:54+00:00","og_image":[{"width":793,"height":790,"url":"http:\/\/www.schramas.com\/wp-content\/uploads\/2023\/09\/Akebia-quintata-sfeer.jpg","type":"image\/jpeg"}],"twitter_card":"summary_large_image","twitter_misc":{"Gesch\u00e4tzte Lesezeit":"1\u00a0Minute"},"schema":{"@context":"https:\/\/schema.org","@graph":[{"@type":["WebPage","ItemPage"],"@id":"https:\/\/www.schramas.com\/winkel\/set-van-2-akebia-akebia-quinata-alba-schijnaugurk-klimbes-hoogte-25cm-9cm-pot\/","url":"https:\/\/www.schramas.com\/winkel\/set-van-2-akebia-akebia-quinata-alba-schijnaugurk-klimbes-hoogte-25cm-9cm-pot\/","name":"2er Set Akebia - Akebia quinata 'Alba' - Scheingurke\/Kletterbeere - H\u00f6he 25cm - 9cm Topf kaufen | Pflanzen leicht online kaufen | Schramas.de","isPartOf":{"@id":"https:\/\/www.schramas.com\/#website"},"primaryImageOfPage":{"@id":"https:\/\/www.schramas.com\/winkel\/set-van-2-akebia-akebia-quinata-alba-schijnaugurk-klimbes-hoogte-25cm-9cm-pot\/#primaryimage"},"image":{"@id":"https:\/\/www.schramas.com\/winkel\/set-van-2-akebia-akebia-quinata-alba-schijnaugurk-klimbes-hoogte-25cm-9cm-pot\/#primaryimage"},"thumbnailUrl":"https:\/\/www.schramas.com\/wp-content\/uploads\/2023\/09\/Akebia-quintata-sfeer.jpg","datePublished":"2023-09-28T14:48:12+00:00","dateModified":"2026-03-26T15:35:54+00:00","breadcrumb":{"@id":"https:\/\/www.schramas.com\/winkel\/set-van-2-akebia-akebia-quinata-alba-schijnaugurk-klimbes-hoogte-25cm-9cm-pot\/#breadcrumb"},"inLanguage":"de","potentialAction":[{"@type":"ReadAction","target":["https:\/\/www.schramas.com\/winkel\/set-van-2-akebia-akebia-quinata-alba-schijnaugurk-klimbes-hoogte-25cm-9cm-pot\/"]}]},{"@type":"ImageObject","inLanguage":"de","@id":"https:\/\/www.schramas.com\/winkel\/set-van-2-akebia-akebia-quinata-alba-schijnaugurk-klimbes-hoogte-25cm-9cm-pot\/#primaryimage","url":"https:\/\/www.schramas.com\/wp-content\/uploads\/2023\/09\/Akebia-quintata-sfeer.jpg","contentUrl":"https:\/\/www.schramas.com\/wp-content\/uploads\/2023\/09\/Akebia-quintata-sfeer.jpg","width":793,"height":790},{"@type":"BreadcrumbList","@id":"https:\/\/www.schramas.com\/winkel\/set-van-2-akebia-akebia-quinata-alba-schijnaugurk-klimbes-hoogte-25cm-9cm-pot\/#breadcrumb","itemListElement":[{"@type":"ListItem","position":1,"name":"Product","item":"https:\/\/www.schramas.com\/assortiment\/"},{"@type":"ListItem","position":2,"name":"Bomen &amp; Struiken","item":"https:\/\/www.schramas.com\/product-category\/bomen-struiken\/"},{"@type":"ListItem","position":3,"name":"Set van 2 Akebia &#8211; Akebia quinata &#8216;Alba&#8217; &#8211; Schijnaugurk\/klimbes &#8211; Hoogte 25cm &#8211; 9cm pot"}]},{"@type":"WebSite","@id":"https:\/\/www.schramas.com\/#website","url":"https:\/\/www.schramas.com\/","name":"Schramas.com | Gartenpflanzen einfach online bestellen | Direkt aus unserer G\u00e4rtnerei","description":"","alternateName":"Schramas.com - Alle planten direct van de kweker","potentialAction":[{"@type":"SearchAction","target":{"@type":"EntryPoint","urlTemplate":"https:\/\/www.schramas.com\/?s={search_term_string}"},"query-input":{"@type":"PropertyValueSpecification","valueRequired":true,"valueName":"search_term_string"}}],"inLanguage":"de"}]}},"_links":{"self":[{"href":"https:\/\/www.schramas.com\/de\/wp-json\/wp\/v2\/product\/28660","targetHints":{"allow":["GET"]}}],"collection":[{"href":"https:\/\/www.schramas.com\/de\/wp-json\/wp\/v2\/product"}],"about":[{"href":"https:\/\/www.schramas.com\/de\/wp-json\/wp\/v2\/types\/product"}],"version-history":[{"count":1,"href":"https:\/\/www.schramas.com\/de\/wp-json\/wp\/v2\/product\/28660\/revisions"}],"predecessor-version":[{"id":46796,"href":"https:\/\/www.schramas.com\/de\/wp-json\/wp\/v2\/product\/28660\/revisions\/46796"}],"wp:featuredmedia":[{"embeddable":true,"href":"https:\/\/www.schramas.com\/de\/wp-json\/wp\/v2\/media\/28667"}],"wp:attachment":[{"href":"https:\/\/www.schramas.com\/de\/wp-json\/wp\/v2\/media?parent=28660"}],"wp:term":[{"taxonomy":"product_brand","embeddable":true,"href":"https:\/\/www.schramas.com\/de\/wp-json\/wp\/v2\/product_brand?post=28660"},{"taxonomy":"product_cat","embeddable":true,"href":"https:\/\/www.schramas.com\/de\/wp-json\/wp\/v2\/product_cat?post=28660"},{"taxonomy":"product_tag","embeddable":true,"href":"https:\/\/www.schramas.com\/de\/wp-json\/wp\/v2\/product_tag?post=28660"}],"curies":[{"name":"wp","href":"https:\/\/api.w.org\/{rel}","templated":true}]}}