{"id":28690,"date":"2023-09-29T13:29:41","date_gmt":"2023-09-29T11:29:41","guid":{"rendered":"https:\/\/www.schramas.com\/?post_type=product&#038;p=28690"},"modified":"2026-03-26T16:35:55","modified_gmt":"2026-03-26T15:35:55","slug":"set-mit-2-trauben-vitis-vinifera-vanessa-hohe-50-cm-11-cm-topf","status":"publish","type":"product","link":"https:\/\/www.schramas.com\/de\/shop\/set-mit-2-trauben-vitis-vinifera-vanessa-hohe-50-cm-11-cm-topf\/","title":{"rendered":"2er Set Weintrauben - Vitis vinifera 'Vanessa' - H\u00f6he 50cm - 11cm Topf"},"content":{"rendered":"<p>Die Vitis vinifera &#039;Vanessa&#039; ist eine robuste Pflanze, die sich durch ihre Gesundheit auszeichnet. Diese Weinpflanze ist au\u00dfergew\u00f6hnlich winterhart und weist eine hohe Resistenz gegen Mehltau auf. In den Niederlanden reifen die Trauben gut, sodass sie normalerweise im September geerntet werden k\u00f6nnen. Die hellroten Fr\u00fcchte sind kernfrei, was den Genuss erh\u00f6ht. Obwohl die Trauben klein sind, eignen sie sich sehr gut f\u00fcr den Freilandanbau. Dar\u00fcber hinaus ist diese Traube lange haltbar. Die \u201eVanessa\u201c wird oft als die beste kernlose Traube f\u00fcr das niederl\u00e4ndische Klima gelobt.<\/p>\n<ul>\n<li>Bl\u00fctemonat: Juni<\/li>\n<li>Blattfarbe: Gr\u00fcn<\/li>\n<li>Immergr\u00fcn: Laubabwerfend<\/li>\n<li>Winterh\u00e4rte: Gute Winterh\u00e4rte<\/li>\n<li>Position: Sonne<\/li>\n<li>Lebensraum: Feuchter Boden<\/li>\n<\/ul>","protected":false},"excerpt":{"rendered":"<p>2x Vitis vinifera &#039;Vanessa&#039;<\/p>\n<p>Rote Traube<\/p>\n<p>H\u00f6he max: ca. 4 Meter<\/p>\n<p>Lieferh\u00f6he inkl. Topf: ca. 50 cm<\/p>\n<p>Topfgr\u00f6\u00dfe: 11cm<\/p>\n<p>Geeignet sowohl f\u00fcr Balkon, Terrasse und Freiland<\/p>","protected":false},"featured_media":28692,"template":"","meta":{"_joinchat":[]},"product_brand":[],"product_cat":[262,39,1011,234,867],"product_tag":[1267,966,1269,1274,1275,1276,1268,1273],"class_list":{"0":"post-28690","1":"product","2":"type-product","3":"status-publish","4":"has-post-thumbnail","6":"product_cat-bomen-struiken","7":"product_cat-druiven","8":"product_cat-fruit-deals","9":"product_cat-fruitstruiken","10":"product_cat-pakket-deals","11":"product_tag-druivenplant","12":"product_tag-rode-druif","13":"product_tag-sappigedruiven","14":"product_tag-tafeldruif","15":"product_tag-tuinieren","16":"product_tag-vanessa","17":"product_tag-vitisvinifera","18":"product_tag-wijnproductie","19":"pa_groeihoogte-300-cm","20":"pa_pot-105-cm-pot","22":"first","23":"outofstock","24":"taxable","25":"shipping-taxable","26":"purchasable","27":"product-type-simple"},"yoast_head":"<!-- This site is optimized with the Yoast SEO plugin v24.2 - https:\/\/yoast.com\/wordpress\/plugins\/seo\/ -->\n<title>Set van 2 Druiven - Vitis vinifera &#039;Vanessa&#039; - Hoogte 50cm - 11cm pot kopen | Planten eenvoudig online bestellen | Schramas.com<\/title>\n<meta name=\"robots\" content=\"index, follow, max-snippet:-1, max-image-preview:large, max-video-preview:-1\" \/>\n<link rel=\"canonical\" href=\"https:\/\/www.schramas.com\/de\/shop\/set-mit-2-trauben-vitis-vinifera-vanessa-hohe-50-cm-11-cm-topf\/\" \/>\n<meta property=\"og:locale\" content=\"de_DE\" \/>\n<meta property=\"og:type\" content=\"article\" \/>\n<meta property=\"og:title\" content=\"Set van 2 Druiven - Vitis vinifera &#039;Vanessa&#039; - Hoogte 50cm - 11cm pot kopen | Planten eenvoudig online bestellen | Schramas.com\" \/>\n<meta property=\"og:description\" content=\"2x Vitis vinifera &#039;Vanessa&#039;  Rode druif  Hoogte max.: ca. 4 meter  Leverhoogte incl. pot: ca. 50 cm  Potmaat: 11cm  Geschikt voor zowel balkon, patio als volle grond\" \/>\n<meta property=\"og:url\" content=\"https:\/\/www.schramas.com\/de\/shop\/set-mit-2-trauben-vitis-vinifera-vanessa-hohe-50-cm-11-cm-topf\/\" \/>\n<meta property=\"og:site_name\" content=\"Planten eenvoudig online bestellen | Schramas.com\" \/>\n<meta property=\"article:publisher\" content=\"https:\/\/www.facebook.com\/Schramascom-106872874153195\/\" \/>\n<meta property=\"article:modified_time\" content=\"2026-03-26T15:35:55+00:00\" \/>\n<meta property=\"og:image\" content=\"https:\/\/www.schramas.com\/wp-content\/uploads\/2023\/09\/Vitis-vinifera-Vanessa-sfeer.jpg\" \/>\n\t<meta property=\"og:image:width\" content=\"788\" \/>\n\t<meta property=\"og:image:height\" content=\"786\" \/>\n\t<meta property=\"og:image:type\" content=\"image\/jpeg\" \/>\n<meta name=\"twitter:card\" content=\"summary_large_image\" \/>\n<meta name=\"twitter:label1\" content=\"Gesch\u00e4tzte Lesezeit\" \/>\n\t<meta name=\"twitter:data1\" content=\"1\u00a0Minute\" \/>\n<script type=\"application\/ld+json\" class=\"yoast-schema-graph\">{\"@context\":\"https:\/\/schema.org\",\"@graph\":[{\"@type\":[\"WebPage\",\"ItemPage\"],\"@id\":\"https:\/\/www.schramas.com\/winkel\/set-van-2-druiven-vitis-vinifera-vanessa-hoogte-50cm-11cm-pot\/\",\"url\":\"https:\/\/www.schramas.com\/winkel\/set-van-2-druiven-vitis-vinifera-vanessa-hoogte-50cm-11cm-pot\/\",\"name\":\"Set van 2 Druiven - Vitis vinifera 'Vanessa' - Hoogte 50cm - 11cm pot kopen | Planten eenvoudig online bestellen | Schramas.com\",\"isPartOf\":{\"@id\":\"https:\/\/www.schramas.com\/#website\"},\"primaryImageOfPage\":{\"@id\":\"https:\/\/www.schramas.com\/winkel\/set-van-2-druiven-vitis-vinifera-vanessa-hoogte-50cm-11cm-pot\/#primaryimage\"},\"image\":{\"@id\":\"https:\/\/www.schramas.com\/winkel\/set-van-2-druiven-vitis-vinifera-vanessa-hoogte-50cm-11cm-pot\/#primaryimage\"},\"thumbnailUrl\":\"https:\/\/www.schramas.com\/wp-content\/uploads\/2023\/09\/Vitis-vinifera-Vanessa-sfeer.jpg\",\"datePublished\":\"2023-09-29T11:29:41+00:00\",\"dateModified\":\"2026-03-26T15:35:55+00:00\",\"breadcrumb\":{\"@id\":\"https:\/\/www.schramas.com\/winkel\/set-van-2-druiven-vitis-vinifera-vanessa-hoogte-50cm-11cm-pot\/#breadcrumb\"},\"inLanguage\":\"de\",\"potentialAction\":[{\"@type\":\"ReadAction\",\"target\":[\"https:\/\/www.schramas.com\/winkel\/set-van-2-druiven-vitis-vinifera-vanessa-hoogte-50cm-11cm-pot\/\"]}]},{\"@type\":\"ImageObject\",\"inLanguage\":\"de\",\"@id\":\"https:\/\/www.schramas.com\/winkel\/set-van-2-druiven-vitis-vinifera-vanessa-hoogte-50cm-11cm-pot\/#primaryimage\",\"url\":\"https:\/\/www.schramas.com\/wp-content\/uploads\/2023\/09\/Vitis-vinifera-Vanessa-sfeer.jpg\",\"contentUrl\":\"https:\/\/www.schramas.com\/wp-content\/uploads\/2023\/09\/Vitis-vinifera-Vanessa-sfeer.jpg\",\"width\":788,\"height\":786},{\"@type\":\"BreadcrumbList\",\"@id\":\"https:\/\/www.schramas.com\/winkel\/set-van-2-druiven-vitis-vinifera-vanessa-hoogte-50cm-11cm-pot\/#breadcrumb\",\"itemListElement\":[{\"@type\":\"ListItem\",\"position\":1,\"name\":\"Product\",\"item\":\"https:\/\/www.schramas.com\/assortiment\/\"},{\"@type\":\"ListItem\",\"position\":2,\"name\":\"Bomen &amp; Struiken\",\"item\":\"https:\/\/www.schramas.com\/product-category\/bomen-struiken\/\"},{\"@type\":\"ListItem\",\"position\":3,\"name\":\"Set van 2 Druiven &#8211; Vitis vinifera &#8216;Vanessa&#8217; &#8211; Hoogte 50cm &#8211; 11cm pot\"}]},{\"@type\":\"WebSite\",\"@id\":\"https:\/\/www.schramas.com\/#website\",\"url\":\"https:\/\/www.schramas.com\/\",\"name\":\"Schramas.com | Tuinplanten eenvoudig online bestellen | Direct van onze Kwekerij\",\"description\":\"\",\"alternateName\":\"Schramas.com - Alle planten direct van de kweker\",\"potentialAction\":[{\"@type\":\"SearchAction\",\"target\":{\"@type\":\"EntryPoint\",\"urlTemplate\":\"https:\/\/www.schramas.com\/?s={search_term_string}\"},\"query-input\":{\"@type\":\"PropertyValueSpecification\",\"valueRequired\":true,\"valueName\":\"search_term_string\"}}],\"inLanguage\":\"de\"}]}<\/script>\n<!-- \/ Yoast SEO plugin. -->","yoast_head_json":{"title":"Kaufen Sie 2er-Set Weintrauben - Vitis vinifera &#039;Vanessa&#039; - H\u00f6he 50 cm - 11 cm Topf | Pflanzen einfach online bestellen | Schramas.com","robots":{"index":"index","follow":"follow","max-snippet":"max-snippet:-1","max-image-preview":"max-image-preview:large","max-video-preview":"max-video-preview:-1"},"canonical":"https:\/\/www.schramas.com\/de\/shop\/set-mit-2-trauben-vitis-vinifera-vanessa-hohe-50-cm-11-cm-topf\/","og_locale":"de_DE","og_type":"article","og_title":"Set van 2 Druiven - Vitis vinifera 'Vanessa' - Hoogte 50cm - 11cm pot kopen | Planten eenvoudig online bestellen | Schramas.com","og_description":"2x Vitis vinifera 'Vanessa'  Rode druif  Hoogte max.: ca. 4 meter  Leverhoogte incl. pot: ca. 50 cm  Potmaat: 11cm  Geschikt voor zowel balkon, patio als volle grond","og_url":"https:\/\/www.schramas.com\/de\/shop\/set-mit-2-trauben-vitis-vinifera-vanessa-hohe-50-cm-11-cm-topf\/","og_site_name":"Planten eenvoudig online bestellen | Schramas.com","article_publisher":"https:\/\/www.facebook.com\/Schramascom-106872874153195\/","article_modified_time":"2026-03-26T15:35:55+00:00","og_image":[{"width":788,"height":786,"url":"https:\/\/www.schramas.com\/wp-content\/uploads\/2023\/09\/Vitis-vinifera-Vanessa-sfeer.jpg","type":"image\/jpeg"}],"twitter_card":"summary_large_image","twitter_misc":{"Gesch\u00e4tzte Lesezeit":"1\u00a0Minute"},"schema":{"@context":"https:\/\/schema.org","@graph":[{"@type":["WebPage","ItemPage"],"@id":"https:\/\/www.schramas.com\/winkel\/set-van-2-druiven-vitis-vinifera-vanessa-hoogte-50cm-11cm-pot\/","url":"https:\/\/www.schramas.com\/winkel\/set-van-2-druiven-vitis-vinifera-vanessa-hoogte-50cm-11cm-pot\/","name":"Kaufen Sie 2er-Set Weintrauben - Vitis vinifera &#039;Vanessa&#039; - H\u00f6he 50 cm - 11 cm Topf | Pflanzen einfach online bestellen | Schramas.com","isPartOf":{"@id":"https:\/\/www.schramas.com\/#website"},"primaryImageOfPage":{"@id":"https:\/\/www.schramas.com\/winkel\/set-van-2-druiven-vitis-vinifera-vanessa-hoogte-50cm-11cm-pot\/#primaryimage"},"image":{"@id":"https:\/\/www.schramas.com\/winkel\/set-van-2-druiven-vitis-vinifera-vanessa-hoogte-50cm-11cm-pot\/#primaryimage"},"thumbnailUrl":"https:\/\/www.schramas.com\/wp-content\/uploads\/2023\/09\/Vitis-vinifera-Vanessa-sfeer.jpg","datePublished":"2023-09-29T11:29:41+00:00","dateModified":"2026-03-26T15:35:55+00:00","breadcrumb":{"@id":"https:\/\/www.schramas.com\/winkel\/set-van-2-druiven-vitis-vinifera-vanessa-hoogte-50cm-11cm-pot\/#breadcrumb"},"inLanguage":"de","potentialAction":[{"@type":"ReadAction","target":["https:\/\/www.schramas.com\/winkel\/set-van-2-druiven-vitis-vinifera-vanessa-hoogte-50cm-11cm-pot\/"]}]},{"@type":"ImageObject","inLanguage":"de","@id":"https:\/\/www.schramas.com\/winkel\/set-van-2-druiven-vitis-vinifera-vanessa-hoogte-50cm-11cm-pot\/#primaryimage","url":"https:\/\/www.schramas.com\/wp-content\/uploads\/2023\/09\/Vitis-vinifera-Vanessa-sfeer.jpg","contentUrl":"https:\/\/www.schramas.com\/wp-content\/uploads\/2023\/09\/Vitis-vinifera-Vanessa-sfeer.jpg","width":788,"height":786},{"@type":"BreadcrumbList","@id":"https:\/\/www.schramas.com\/winkel\/set-van-2-druiven-vitis-vinifera-vanessa-hoogte-50cm-11cm-pot\/#breadcrumb","itemListElement":[{"@type":"ListItem","position":1,"name":"Product","item":"https:\/\/www.schramas.com\/assortiment\/"},{"@type":"ListItem","position":2,"name":"Bomen &amp; Struiken","item":"https:\/\/www.schramas.com\/product-category\/bomen-struiken\/"},{"@type":"ListItem","position":3,"name":"Set van 2 Druiven &#8211; Vitis vinifera &#8216;Vanessa&#8217; &#8211; Hoogte 50cm &#8211; 11cm pot"}]},{"@type":"WebSite","@id":"https:\/\/www.schramas.com\/#website","url":"https:\/\/www.schramas.com\/","name":"Schramas.com | Gartenpflanzen einfach online bestellen | Direkt aus unserer G\u00e4rtnerei","description":"","alternateName":"Schramas.com - Alle planten direct van de kweker","potentialAction":[{"@type":"SearchAction","target":{"@type":"EntryPoint","urlTemplate":"https:\/\/www.schramas.com\/?s={search_term_string}"},"query-input":{"@type":"PropertyValueSpecification","valueRequired":true,"valueName":"search_term_string"}}],"inLanguage":"de"}]}},"_links":{"self":[{"href":"https:\/\/www.schramas.com\/de\/wp-json\/wp\/v2\/product\/28690","targetHints":{"allow":["GET"]}}],"collection":[{"href":"https:\/\/www.schramas.com\/de\/wp-json\/wp\/v2\/product"}],"about":[{"href":"https:\/\/www.schramas.com\/de\/wp-json\/wp\/v2\/types\/product"}],"version-history":[{"count":0,"href":"https:\/\/www.schramas.com\/de\/wp-json\/wp\/v2\/product\/28690\/revisions"}],"wp:featuredmedia":[{"embeddable":true,"href":"https:\/\/www.schramas.com\/de\/wp-json\/wp\/v2\/media\/28692"}],"wp:attachment":[{"href":"https:\/\/www.schramas.com\/de\/wp-json\/wp\/v2\/media?parent=28690"}],"wp:term":[{"taxonomy":"product_brand","embeddable":true,"href":"https:\/\/www.schramas.com\/de\/wp-json\/wp\/v2\/product_brand?post=28690"},{"taxonomy":"product_cat","embeddable":true,"href":"https:\/\/www.schramas.com\/de\/wp-json\/wp\/v2\/product_cat?post=28690"},{"taxonomy":"product_tag","embeddable":true,"href":"https:\/\/www.schramas.com\/de\/wp-json\/wp\/v2\/product_tag?post=28690"}],"curies":[{"name":"wp","href":"https:\/\/api.w.org\/{rel}","templated":true}]}}