{"id":29192,"date":"2023-10-26T10:39:19","date_gmt":"2023-10-26T08:39:19","guid":{"rendered":"https:\/\/www.schramas.com\/?post_type=product&#038;p=29192"},"modified":"2026-05-12T12:27:17","modified_gmt":"2026-05-12T10:27:17","slug":"3er-set-lampenputzergras-pennisetum-alopecuroides-roter-kopf-hohe-30-40cm-12cm-topf","status":"publish","type":"product","link":"https:\/\/www.schramas.com\/de\/shop\/3er-set-lampenputzergras-pennisetum-alopecuroides-roter-kopf-hohe-30-40cm-12cm-topf\/","title":{"rendered":"3er Set Lampenschirmgras - Pennisetum alopecuroides 'Red Head' - H\u00f6he 30-40cm - 12cm Topf"},"content":{"rendered":"<div class=\"group final-completion w-full text-token-text-primary border-b border-black\/10 gizmo:border-0 dark:border-gray-900\/50 gizmo:dark:border-0 bg-gray-50 gizmo:bg-transparent dark:bg-[#444654] gizmo:dark:bg-transparent\" data-testid=\"conversation-turn-228\">\n<div class=\"p-4 gizmo:py-2 justify-center text-base md:gap-6 md:py-6 m-auto\">\n<div class=\"flex flex-1 gap-4 text-base mx-auto md:gap-6 gizmo:gap-3 gizmo:md:px-5 gizmo:lg:px-1 gizmo:xl:px-5 md:max-w-2xl lg:max-w-[38rem] gizmo:md:max-w-3xl gizmo:lg:max-w-[40rem] gizmo:xl:max-w-[48rem] xl:max-w-3xl }\">\n<div class=\"relative flex w-[calc(100%-50px)] flex-col gizmo:w-full lg:w-[calc(100%-115px)] agent-turn\">\n<div class=\"flex-col gap-1 md:gap-3\">\n<div class=\"flex flex-grow flex-col gap-3 max-w-full\">\n<div class=\"min-h-[20px] flex flex-col items-start gap-3 whitespace-pre-wrap break-words overflow-x-auto\">\n<div class=\"markdown prose w-full break-words dark:prose-invert light\">\n<p>Pennisetum alopecuroides &#039;Red Head&#039; oder Lampoon&#039;s Grass pr\u00e4sentiert sich als auff\u00e4llige Erscheinung im Garten. Mit wundersch\u00f6nen roten Rispen, die ab Juli in die H\u00f6he schie\u00dfen, erreichen die Bl\u00fctenrispen eine H\u00f6he von bis zu 1 Meter, w\u00e4hrend das Laub bis zu etwa 50 cm hoch wird. Diese Sorte bildet gro\u00dfz\u00fcgige Horste und eignet sich daher f\u00fcr gr\u00f6\u00dfere G\u00e4rten.<\/p>\n<p>Das Besondere an dieser Pflanze ist ihr eleganter und gro\u00dfer Bl\u00fctenstand. Die bordeauxroten, pinselartigen Bl\u00fctenstiele bilden einen sch\u00f6nen Kontrast zu den frischgr\u00fcnen Bl\u00e4ttern und verf\u00e4rben sich w\u00e4hrend der Bl\u00fctezeit langsam braun-violett. Auff\u00e4llig ist, dass diese Bl\u00fcten den ganzen Winter \u00fcber halten. Dies macht das Pennisetum Red Head zu einer der imposantesten und robusteren Sorten innerhalb der Lampepoetsers-Gr\u00e4ser.<\/p>\n<\/div>\n<\/div>\n<\/div>\n<div class=\"flex justify-between empty:hidden gizmo:justify-start gizmo:gap-3 lg:block gizmo:lg:flex\">\n<div class=\"text-gray-400 flex self-end lg:self-center justify-center gizmo:lg:justify-start mt-2 gizmo:mt-0 visible lg:gap-1 lg:absolute lg:top-0 lg:translate-x-full lg:right-0 lg:mt-0 lg:pl-2 gap-2 md:gap-3\">\n<p>&nbsp;<\/p>\n<div class=\"flex gap-1 gizmo:gap-3\"><\/div>\n<\/div>\n<\/div>\n<\/div>\n<\/div>\n<\/div>\n<\/div>\n<\/div>","protected":false},"excerpt":{"rendered":"<p>3x Pennisetum alopecuroides Rotkopf<\/p>\n<p>Lampenschirm Gras<\/p>\n<p>H\u00f6he max: 1 Meter<\/p>\n<p>Lieferh\u00f6he inkl. Topf: ca. 30-40 cm<\/p>\n<p>Topfgr\u00f6\u00dfe: 12cm<\/p>","protected":false},"featured_media":29193,"template":"","meta":{"_joinchat":[]},"product_brand":[],"product_cat":[867,1012,226,305],"product_tag":[1479,1483,1484,1481,1485,1478,1444,1477,1480,1473,1482,627],"class_list":{"0":"post-29192","1":"product","2":"type-product","3":"status-publish","4":"has-post-thumbnail","6":"product_cat-pakket-deals","7":"product_cat-overige-deals","8":"product_cat-siergrassen","9":"product_cat-planten-heesters","10":"product_tag-bloeiwijze","11":"product_tag-bordeauxrode-bloemen","12":"product_tag-groen-blad","13":"product_tag-grote-pollen","14":"product_tag-herfstinterest","15":"product_tag-lampenpoetsergras","16":"product_tag-opgaande-groei","17":"product_tag-pennisetum-alopecuroides-red-head","18":"product_tag-pollenvormend","19":"product_tag-rode-pluimen","20":"product_tag-ruimere-tuinen","21":"product_tag-siergras","22":"pa_ewd_uwcf_colors-groen-2","23":"pa_ewd_uwcf_colors-rood-2","24":"pa_groeihoogte-50-100-cm","25":"pa_pot-14-cm-pot","27":"first","28":"instock","29":"taxable","30":"shipping-taxable","31":"purchasable","32":"product-type-simple"},"yoast_head":"<!-- This site is optimized with the Yoast SEO plugin v24.2 - https:\/\/yoast.com\/wordpress\/plugins\/seo\/ -->\n<title>Set van 3 Lampenpoetsergras - Pennisetum alopecuroides &#039;Red Head&#039; - Hoogte 30-40cm - 12cm pot kopen | Planten eenvoudig online bestellen | Schramas.com<\/title>\n<meta name=\"robots\" content=\"index, follow, max-snippet:-1, max-image-preview:large, max-video-preview:-1\" \/>\n<link rel=\"canonical\" href=\"https:\/\/www.schramas.com\/de\/shop\/3er-set-lampenputzergras-pennisetum-alopecuroides-roter-kopf-hohe-30-40cm-12cm-topf\/\" \/>\n<meta property=\"og:locale\" content=\"de_DE\" \/>\n<meta property=\"og:type\" content=\"article\" \/>\n<meta property=\"og:title\" content=\"Set van 3 Lampenpoetsergras - Pennisetum alopecuroides &#039;Red Head&#039; - Hoogte 30-40cm - 12cm pot kopen | Planten eenvoudig online bestellen | Schramas.com\" \/>\n<meta property=\"og:description\" content=\"3x Pennisetum alopecuroides Red Head  Lampenpoetsergras  Hoogte max: 1 meter  Leverhoogte incl. pot: circa 30-40 cm  Potmaat: 12cm\" \/>\n<meta property=\"og:url\" content=\"https:\/\/www.schramas.com\/de\/shop\/3er-set-lampenputzergras-pennisetum-alopecuroides-roter-kopf-hohe-30-40cm-12cm-topf\/\" \/>\n<meta property=\"og:site_name\" content=\"Planten eenvoudig online bestellen | Schramas.com\" \/>\n<meta property=\"article:publisher\" content=\"https:\/\/www.facebook.com\/Schramascom-106872874153195\/\" \/>\n<meta property=\"article:modified_time\" content=\"2026-05-12T10:27:17+00:00\" \/>\n<meta property=\"og:image\" content=\"http:\/\/www.schramas.com\/wp-content\/uploads\/2023\/10\/pennisetum-red-head-sfeer.jpg\" \/>\n\t<meta property=\"og:image:width\" content=\"1600\" \/>\n\t<meta property=\"og:image:height\" content=\"1600\" \/>\n\t<meta property=\"og:image:type\" content=\"image\/jpeg\" \/>\n<meta name=\"twitter:card\" content=\"summary_large_image\" \/>\n<meta name=\"twitter:label1\" content=\"Gesch\u00e4tzte Lesezeit\" \/>\n\t<meta name=\"twitter:data1\" content=\"1\u00a0Minute\" \/>\n<script type=\"application\/ld+json\" class=\"yoast-schema-graph\">{\"@context\":\"https:\/\/schema.org\",\"@graph\":[{\"@type\":[\"WebPage\",\"ItemPage\"],\"@id\":\"https:\/\/www.schramas.com\/winkel\/set-van-3-lampenpoetsergras-pennisetum-alopecuroides-red-head-hoogte-30-40cm-12cm-pot\/\",\"url\":\"https:\/\/www.schramas.com\/winkel\/set-van-3-lampenpoetsergras-pennisetum-alopecuroides-red-head-hoogte-30-40cm-12cm-pot\/\",\"name\":\"Set van 3 Lampenpoetsergras - Pennisetum alopecuroides 'Red Head' - Hoogte 30-40cm - 12cm pot kopen | Planten eenvoudig online bestellen | Schramas.com\",\"isPartOf\":{\"@id\":\"https:\/\/www.schramas.com\/#website\"},\"primaryImageOfPage\":{\"@id\":\"https:\/\/www.schramas.com\/winkel\/set-van-3-lampenpoetsergras-pennisetum-alopecuroides-red-head-hoogte-30-40cm-12cm-pot\/#primaryimage\"},\"image\":{\"@id\":\"https:\/\/www.schramas.com\/winkel\/set-van-3-lampenpoetsergras-pennisetum-alopecuroides-red-head-hoogte-30-40cm-12cm-pot\/#primaryimage\"},\"thumbnailUrl\":\"https:\/\/www.schramas.com\/wp-content\/uploads\/2023\/10\/pennisetum-red-head-sfeer.jpg\",\"datePublished\":\"2023-10-26T08:39:19+00:00\",\"dateModified\":\"2026-05-12T10:27:17+00:00\",\"breadcrumb\":{\"@id\":\"https:\/\/www.schramas.com\/winkel\/set-van-3-lampenpoetsergras-pennisetum-alopecuroides-red-head-hoogte-30-40cm-12cm-pot\/#breadcrumb\"},\"inLanguage\":\"de\",\"potentialAction\":[{\"@type\":\"ReadAction\",\"target\":[\"https:\/\/www.schramas.com\/winkel\/set-van-3-lampenpoetsergras-pennisetum-alopecuroides-red-head-hoogte-30-40cm-12cm-pot\/\"]}]},{\"@type\":\"ImageObject\",\"inLanguage\":\"de\",\"@id\":\"https:\/\/www.schramas.com\/winkel\/set-van-3-lampenpoetsergras-pennisetum-alopecuroides-red-head-hoogte-30-40cm-12cm-pot\/#primaryimage\",\"url\":\"https:\/\/www.schramas.com\/wp-content\/uploads\/2023\/10\/pennisetum-red-head-sfeer.jpg\",\"contentUrl\":\"https:\/\/www.schramas.com\/wp-content\/uploads\/2023\/10\/pennisetum-red-head-sfeer.jpg\",\"width\":1600,\"height\":1600},{\"@type\":\"BreadcrumbList\",\"@id\":\"https:\/\/www.schramas.com\/winkel\/set-van-3-lampenpoetsergras-pennisetum-alopecuroides-red-head-hoogte-30-40cm-12cm-pot\/#breadcrumb\",\"itemListElement\":[{\"@type\":\"ListItem\",\"position\":1,\"name\":\"Product\",\"item\":\"https:\/\/www.schramas.com\/assortiment\/\"},{\"@type\":\"ListItem\",\"position\":2,\"name\":\"Pakketdeals\",\"item\":\"https:\/\/www.schramas.com\/product-category\/pakket-deals\/\"},{\"@type\":\"ListItem\",\"position\":3,\"name\":\"Set van 3 Lampenpoetsergras &#8211; Pennisetum alopecuroides &#8216;Red Head&#8217; &#8211; Hoogte 30-40cm &#8211; 12cm pot\"}]},{\"@type\":\"WebSite\",\"@id\":\"https:\/\/www.schramas.com\/#website\",\"url\":\"https:\/\/www.schramas.com\/\",\"name\":\"Schramas.com | Tuinplanten eenvoudig online bestellen | Direct van onze Kwekerij\",\"description\":\"\",\"alternateName\":\"Schramas.com - Alle planten direct van de kweker\",\"potentialAction\":[{\"@type\":\"SearchAction\",\"target\":{\"@type\":\"EntryPoint\",\"urlTemplate\":\"https:\/\/www.schramas.com\/?s={search_term_string}\"},\"query-input\":{\"@type\":\"PropertyValueSpecification\",\"valueRequired\":true,\"valueName\":\"search_term_string\"}}],\"inLanguage\":\"de\"}]}<\/script>\n<!-- \/ Yoast SEO plugin. -->","yoast_head_json":{"title":"Kaufen Sie 3er-Set Neunaugengras - Pennisetum alopecuroides &#039;Red Head&#039; - H\u00f6he 30-40 cm - 12 cm Topf | Pflanzen einfach online bestellen | Schramas.com","robots":{"index":"index","follow":"follow","max-snippet":"max-snippet:-1","max-image-preview":"max-image-preview:large","max-video-preview":"max-video-preview:-1"},"canonical":"https:\/\/www.schramas.com\/de\/shop\/3er-set-lampenputzergras-pennisetum-alopecuroides-roter-kopf-hohe-30-40cm-12cm-topf\/","og_locale":"de_DE","og_type":"article","og_title":"Set van 3 Lampenpoetsergras - Pennisetum alopecuroides 'Red Head' - Hoogte 30-40cm - 12cm pot kopen | Planten eenvoudig online bestellen | Schramas.com","og_description":"3x Pennisetum alopecuroides Red Head  Lampenpoetsergras  Hoogte max: 1 meter  Leverhoogte incl. pot: circa 30-40 cm  Potmaat: 12cm","og_url":"https:\/\/www.schramas.com\/de\/shop\/3er-set-lampenputzergras-pennisetum-alopecuroides-roter-kopf-hohe-30-40cm-12cm-topf\/","og_site_name":"Planten eenvoudig online bestellen | Schramas.com","article_publisher":"https:\/\/www.facebook.com\/Schramascom-106872874153195\/","article_modified_time":"2026-05-12T10:27:17+00:00","og_image":[{"width":1600,"height":1600,"url":"http:\/\/www.schramas.com\/wp-content\/uploads\/2023\/10\/pennisetum-red-head-sfeer.jpg","type":"image\/jpeg"}],"twitter_card":"summary_large_image","twitter_misc":{"Gesch\u00e4tzte Lesezeit":"1\u00a0Minute"},"schema":{"@context":"https:\/\/schema.org","@graph":[{"@type":["WebPage","ItemPage"],"@id":"https:\/\/www.schramas.com\/winkel\/set-van-3-lampenpoetsergras-pennisetum-alopecuroides-red-head-hoogte-30-40cm-12cm-pot\/","url":"https:\/\/www.schramas.com\/winkel\/set-van-3-lampenpoetsergras-pennisetum-alopecuroides-red-head-hoogte-30-40cm-12cm-pot\/","name":"Kaufen Sie 3er-Set Neunaugengras - Pennisetum alopecuroides &#039;Red Head&#039; - H\u00f6he 30-40 cm - 12 cm Topf | Pflanzen einfach online bestellen | Schramas.com","isPartOf":{"@id":"https:\/\/www.schramas.com\/#website"},"primaryImageOfPage":{"@id":"https:\/\/www.schramas.com\/winkel\/set-van-3-lampenpoetsergras-pennisetum-alopecuroides-red-head-hoogte-30-40cm-12cm-pot\/#primaryimage"},"image":{"@id":"https:\/\/www.schramas.com\/winkel\/set-van-3-lampenpoetsergras-pennisetum-alopecuroides-red-head-hoogte-30-40cm-12cm-pot\/#primaryimage"},"thumbnailUrl":"https:\/\/www.schramas.com\/wp-content\/uploads\/2023\/10\/pennisetum-red-head-sfeer.jpg","datePublished":"2023-10-26T08:39:19+00:00","dateModified":"2026-05-12T10:27:17+00:00","breadcrumb":{"@id":"https:\/\/www.schramas.com\/winkel\/set-van-3-lampenpoetsergras-pennisetum-alopecuroides-red-head-hoogte-30-40cm-12cm-pot\/#breadcrumb"},"inLanguage":"de","potentialAction":[{"@type":"ReadAction","target":["https:\/\/www.schramas.com\/winkel\/set-van-3-lampenpoetsergras-pennisetum-alopecuroides-red-head-hoogte-30-40cm-12cm-pot\/"]}]},{"@type":"ImageObject","inLanguage":"de","@id":"https:\/\/www.schramas.com\/winkel\/set-van-3-lampenpoetsergras-pennisetum-alopecuroides-red-head-hoogte-30-40cm-12cm-pot\/#primaryimage","url":"https:\/\/www.schramas.com\/wp-content\/uploads\/2023\/10\/pennisetum-red-head-sfeer.jpg","contentUrl":"https:\/\/www.schramas.com\/wp-content\/uploads\/2023\/10\/pennisetum-red-head-sfeer.jpg","width":1600,"height":1600},{"@type":"BreadcrumbList","@id":"https:\/\/www.schramas.com\/winkel\/set-van-3-lampenpoetsergras-pennisetum-alopecuroides-red-head-hoogte-30-40cm-12cm-pot\/#breadcrumb","itemListElement":[{"@type":"ListItem","position":1,"name":"Product","item":"https:\/\/www.schramas.com\/assortiment\/"},{"@type":"ListItem","position":2,"name":"Pakketdeals","item":"https:\/\/www.schramas.com\/product-category\/pakket-deals\/"},{"@type":"ListItem","position":3,"name":"Set van 3 Lampenpoetsergras &#8211; Pennisetum alopecuroides &#8216;Red Head&#8217; &#8211; Hoogte 30-40cm &#8211; 12cm pot"}]},{"@type":"WebSite","@id":"https:\/\/www.schramas.com\/#website","url":"https:\/\/www.schramas.com\/","name":"Schramas.com | Gartenpflanzen einfach online bestellen | Direkt aus unserer G\u00e4rtnerei","description":"","alternateName":"Schramas.com - Alle planten direct van de kweker","potentialAction":[{"@type":"SearchAction","target":{"@type":"EntryPoint","urlTemplate":"https:\/\/www.schramas.com\/?s={search_term_string}"},"query-input":{"@type":"PropertyValueSpecification","valueRequired":true,"valueName":"search_term_string"}}],"inLanguage":"de"}]}},"_links":{"self":[{"href":"https:\/\/www.schramas.com\/de\/wp-json\/wp\/v2\/product\/29192","targetHints":{"allow":["GET"]}}],"collection":[{"href":"https:\/\/www.schramas.com\/de\/wp-json\/wp\/v2\/product"}],"about":[{"href":"https:\/\/www.schramas.com\/de\/wp-json\/wp\/v2\/types\/product"}],"version-history":[{"count":1,"href":"https:\/\/www.schramas.com\/de\/wp-json\/wp\/v2\/product\/29192\/revisions"}],"predecessor-version":[{"id":43854,"href":"https:\/\/www.schramas.com\/de\/wp-json\/wp\/v2\/product\/29192\/revisions\/43854"}],"wp:featuredmedia":[{"embeddable":true,"href":"https:\/\/www.schramas.com\/de\/wp-json\/wp\/v2\/media\/29193"}],"wp:attachment":[{"href":"https:\/\/www.schramas.com\/de\/wp-json\/wp\/v2\/media?parent=29192"}],"wp:term":[{"taxonomy":"product_brand","embeddable":true,"href":"https:\/\/www.schramas.com\/de\/wp-json\/wp\/v2\/product_brand?post=29192"},{"taxonomy":"product_cat","embeddable":true,"href":"https:\/\/www.schramas.com\/de\/wp-json\/wp\/v2\/product_cat?post=29192"},{"taxonomy":"product_tag","embeddable":true,"href":"https:\/\/www.schramas.com\/de\/wp-json\/wp\/v2\/product_tag?post=29192"}],"curies":[{"name":"wp","href":"https:\/\/api.w.org\/{rel}","templated":true}]}}