{"id":29201,"date":"2023-10-26T12:00:29","date_gmt":"2023-10-26T10:00:29","guid":{"rendered":"https:\/\/www.schramas.com\/?post_type=product&#038;p=29201"},"modified":"2026-04-19T20:38:25","modified_gmt":"2026-04-19T18:38:25","slug":"satz-von-3-kleinen-prariegras-schizachyrium-scoparium-blauen-himmel-hohe-30-40cm-12cm-topf","status":"publish","type":"product","link":"https:\/\/www.schramas.com\/de\/shop\/satz-von-3-kleinen-prariegras-schizachyrium-scoparium-blauen-himmel-hohe-30-40cm-12cm-topf\/","title":{"rendered":"3er Set Kleines Pr\u00e4riegras - Schizachyrium scoparium 'Blue Heaven' - H\u00f6he 30-40cm - 12cm Topf"},"content":{"rendered":"<p>Schizachyrium scoparium 'Blue Heaven' ist ein wundersch\u00f6nes Ziergras, das sich durch seinen steifen, aufrechten Wuchs und seine blaugrauen Bl\u00e4tter auszeichnet, die mit der Zeit einen purpurroten Farbton annehmen. Die schmalen Bl\u00e4tter entfalten sich erst recht sp\u00e4t in der Saison. Mit einer H\u00f6he von 50 cm ist dieses Gras eine auff\u00e4llige Erg\u00e4nzung im Garten, kann aber dank seiner rispenartigen Bl\u00fcte auch eine H\u00f6he von 120 cm erreichen.<\/p>\n<p>Dieses Ziergras gedeiht am besten in n\u00e4hrstoffreichem, gut durchl\u00e4ssigem und m\u00e4\u00dfig trockenem Boden. Die feinen und transparenten Bl\u00fctenst\u00e4nde entlang des bl\u00fchenden Halms erzeugen einen sch\u00f6nen Effekt im Gegenlicht. Der dichte, aufrechte Wuchs und die B\u00fcschelbildung geben dem Garten Struktur.<\/p>\n<p>Die St\u00e4ngel dieses Grases haben einen blaugrauen Farbton, der allm\u00e4hlich zu einem warmen Violett verblasst. Im Herbst entfaltet 'Blue Heaven' eine vielfarbige Palette von Violett, Blau, Rot, Rosa, Burgunderrot und Orange und bietet ein atemberaubendes Schauspiel. Dieses atemberaubende Farbenspiel h\u00e4lt bis Mitte Herbst, kurz vor dem Wintereinbruch, an.<\/p>\n<p>Schizachyrium ist die ideale Wahl, wenn Sie eine Pflanze suchen, die an erosionsgef\u00e4hrdeten Orten oder in hei\u00dfen, trockenen Gebieten gedeiht, wo andere Pflanzen nur schwer \u00fcberleben k\u00f6nnen. 'Blue Heaven' ist eine Verbesserung der urspr\u00fcnglichen Art, mit einer ausgepr\u00e4gten aufrechten Wuchsform und einer sch\u00f6nen Farbpalette, die den Garten bereichert.<\/p>","protected":false},"excerpt":{"rendered":"<p>3x Schizachyrium scoparium Blauer Himmel<\/p>\n<p>Kleines Pr\u00e4riegras<\/p>\n<p>H\u00f6he max: 1 Meter<\/p>\n<p>Lieferh\u00f6he inkl. Topf: ca. 30-40 cm<\/p>\n<p>Topfgr\u00f6\u00dfe: 12cm<\/p>","protected":false},"featured_media":29207,"template":"","meta":{"_joinchat":[]},"product_brand":[],"product_cat":[867,1012,226,305],"product_tag":[1493,1492,659,1497,1474,1499,1501,1494,1495,1496,1498,1491,627,1500,610,351],"class_list":{"0":"post-29201","1":"product","2":"type-product","3":"status-publish","4":"has-post-thumbnail","6":"product_cat-pakket-deals","7":"product_cat-overige-deals","8":"product_cat-siergrassen","9":"product_cat-planten-heesters","10":"product_tag-blauwgrijs-blad","11":"product_tag-blue-heaven","12":"product_tag-bodembedekker","13":"product_tag-droogtetolerant","14":"product_tag-herfstkleuren","15":"product_tag-noord-amerikaans","16":"product_tag-opgaande-groeiwijze","17":"product_tag-paarsrode-tint","18":"product_tag-pluimachtige-bloei","19":"product_tag-polvormend","20":"product_tag-prairiegras","21":"product_tag-schizachyrium-scoparium","22":"product_tag-siergras","23":"product_tag-structuurplant","24":"product_tag-tuinplant","25":"product_tag-winterhard","26":"pa_ewd_uwcf_colors-groen-2","27":"pa_ewd_uwcf_colors-mixed","28":"pa_groeihoogte-50-100-cm","29":"pa_pot-14-cm-pot","31":"first","32":"instock","33":"taxable","34":"shipping-taxable","35":"purchasable","36":"product-type-simple"},"yoast_head":"<!-- This site is optimized with the Yoast SEO plugin v24.2 - https:\/\/yoast.com\/wordpress\/plugins\/seo\/ -->\n<title>Set van 3 Kleine prairiegras- Schizachyrium scoparium &#039;Blue Heaven&#039; - Hoogte 30-40cm - 12cm pot kopen | Planten eenvoudig online bestellen | Schramas.com<\/title>\n<meta name=\"robots\" content=\"index, follow, max-snippet:-1, max-image-preview:large, max-video-preview:-1\" \/>\n<link rel=\"canonical\" href=\"https:\/\/www.schramas.com\/de\/shop\/satz-von-3-kleinen-prariegras-schizachyrium-scoparium-blauen-himmel-hohe-30-40cm-12cm-topf\/\" \/>\n<meta property=\"og:locale\" content=\"de_DE\" \/>\n<meta property=\"og:type\" content=\"article\" \/>\n<meta property=\"og:title\" content=\"Set van 3 Kleine prairiegras- Schizachyrium scoparium &#039;Blue Heaven&#039; - Hoogte 30-40cm - 12cm pot kopen | Planten eenvoudig online bestellen | Schramas.com\" \/>\n<meta property=\"og:description\" content=\"3x Schizachyrium scoparium Blue Heaven  Kleine prairiegras  Hoogte max: 1 meter  Leverhoogte incl. pot: circa 30-40 cm  Potmaat: 12cm\" \/>\n<meta property=\"og:url\" content=\"https:\/\/www.schramas.com\/de\/shop\/satz-von-3-kleinen-prariegras-schizachyrium-scoparium-blauen-himmel-hohe-30-40cm-12cm-topf\/\" \/>\n<meta property=\"og:site_name\" content=\"Planten eenvoudig online bestellen | Schramas.com\" \/>\n<meta property=\"article:publisher\" content=\"https:\/\/www.facebook.com\/Schramascom-106872874153195\/\" \/>\n<meta property=\"article:modified_time\" content=\"2026-04-19T18:38:25+00:00\" \/>\n<meta property=\"og:image\" content=\"https:\/\/www.schramas.com\/wp-content\/uploads\/2023\/10\/Schizachyrium-scoparium-\u2018Blue-Heaven-sfeer.jpg\" \/>\n\t<meta property=\"og:image:width\" content=\"833\" \/>\n\t<meta property=\"og:image:height\" content=\"835\" \/>\n\t<meta property=\"og:image:type\" content=\"image\/jpeg\" \/>\n<meta name=\"twitter:card\" content=\"summary_large_image\" \/>\n<meta name=\"twitter:label1\" content=\"Gesch\u00e4tzte Lesezeit\" \/>\n\t<meta name=\"twitter:data1\" content=\"1\u00a0Minute\" \/>\n<script type=\"application\/ld+json\" class=\"yoast-schema-graph\">{\"@context\":\"https:\/\/schema.org\",\"@graph\":[{\"@type\":[\"WebPage\",\"ItemPage\"],\"@id\":\"https:\/\/www.schramas.com\/winkel\/set-van-3-kleine-prairiegras-schizachyrium-scoparium-blue-heaven-hoogte-30-40cm-12cm-pot\/\",\"url\":\"https:\/\/www.schramas.com\/winkel\/set-van-3-kleine-prairiegras-schizachyrium-scoparium-blue-heaven-hoogte-30-40cm-12cm-pot\/\",\"name\":\"Set van 3 Kleine prairiegras- Schizachyrium scoparium 'Blue Heaven' - Hoogte 30-40cm - 12cm pot kopen | Planten eenvoudig online bestellen | Schramas.com\",\"isPartOf\":{\"@id\":\"https:\/\/www.schramas.com\/#website\"},\"primaryImageOfPage\":{\"@id\":\"https:\/\/www.schramas.com\/winkel\/set-van-3-kleine-prairiegras-schizachyrium-scoparium-blue-heaven-hoogte-30-40cm-12cm-pot\/#primaryimage\"},\"image\":{\"@id\":\"https:\/\/www.schramas.com\/winkel\/set-van-3-kleine-prairiegras-schizachyrium-scoparium-blue-heaven-hoogte-30-40cm-12cm-pot\/#primaryimage\"},\"thumbnailUrl\":\"https:\/\/www.schramas.com\/wp-content\/uploads\/2023\/10\/Schizachyrium-scoparium-\u2018Blue-Heaven-sfeer.jpg\",\"datePublished\":\"2023-10-26T10:00:29+00:00\",\"dateModified\":\"2026-04-19T18:38:25+00:00\",\"breadcrumb\":{\"@id\":\"https:\/\/www.schramas.com\/winkel\/set-van-3-kleine-prairiegras-schizachyrium-scoparium-blue-heaven-hoogte-30-40cm-12cm-pot\/#breadcrumb\"},\"inLanguage\":\"de\",\"potentialAction\":[{\"@type\":\"ReadAction\",\"target\":[\"https:\/\/www.schramas.com\/winkel\/set-van-3-kleine-prairiegras-schizachyrium-scoparium-blue-heaven-hoogte-30-40cm-12cm-pot\/\"]}]},{\"@type\":\"ImageObject\",\"inLanguage\":\"de\",\"@id\":\"https:\/\/www.schramas.com\/winkel\/set-van-3-kleine-prairiegras-schizachyrium-scoparium-blue-heaven-hoogte-30-40cm-12cm-pot\/#primaryimage\",\"url\":\"https:\/\/www.schramas.com\/wp-content\/uploads\/2023\/10\/Schizachyrium-scoparium-\u2018Blue-Heaven-sfeer.jpg\",\"contentUrl\":\"https:\/\/www.schramas.com\/wp-content\/uploads\/2023\/10\/Schizachyrium-scoparium-\u2018Blue-Heaven-sfeer.jpg\",\"width\":833,\"height\":835},{\"@type\":\"BreadcrumbList\",\"@id\":\"https:\/\/www.schramas.com\/winkel\/set-van-3-kleine-prairiegras-schizachyrium-scoparium-blue-heaven-hoogte-30-40cm-12cm-pot\/#breadcrumb\",\"itemListElement\":[{\"@type\":\"ListItem\",\"position\":1,\"name\":\"Product\",\"item\":\"https:\/\/www.schramas.com\/assortiment\/\"},{\"@type\":\"ListItem\",\"position\":2,\"name\":\"Pakketdeals\",\"item\":\"https:\/\/www.schramas.com\/product-category\/pakket-deals\/\"},{\"@type\":\"ListItem\",\"position\":3,\"name\":\"Set van 3 Kleine prairiegras- Schizachyrium scoparium &#8216;Blue Heaven&#8217; &#8211; Hoogte 30-40cm &#8211; 12cm pot\"}]},{\"@type\":\"WebSite\",\"@id\":\"https:\/\/www.schramas.com\/#website\",\"url\":\"https:\/\/www.schramas.com\/\",\"name\":\"Schramas.com | Tuinplanten eenvoudig online bestellen | Direct van onze Kwekerij\",\"description\":\"\",\"alternateName\":\"Schramas.com - Alle planten direct van de kweker\",\"potentialAction\":[{\"@type\":\"SearchAction\",\"target\":{\"@type\":\"EntryPoint\",\"urlTemplate\":\"https:\/\/www.schramas.com\/?s={search_term_string}\"},\"query-input\":{\"@type\":\"PropertyValueSpecification\",\"valueRequired\":true,\"valueName\":\"search_term_string\"}}],\"inLanguage\":\"de\"}]}<\/script>\n<!-- \/ Yoast SEO plugin. -->","yoast_head_json":{"title":"3er Set Kleines Pr\u00e4riegras - Schizachyrium scoparium 'Blue Heaven' - H\u00f6he 30-40cm - 12cm Topf kaufen | Pflanzen einfach online bestellen | Schramas.de","robots":{"index":"index","follow":"follow","max-snippet":"max-snippet:-1","max-image-preview":"max-image-preview:large","max-video-preview":"max-video-preview:-1"},"canonical":"https:\/\/www.schramas.com\/de\/shop\/satz-von-3-kleinen-prariegras-schizachyrium-scoparium-blauen-himmel-hohe-30-40cm-12cm-topf\/","og_locale":"de_DE","og_type":"article","og_title":"Set van 3 Kleine prairiegras- Schizachyrium scoparium 'Blue Heaven' - Hoogte 30-40cm - 12cm pot kopen | Planten eenvoudig online bestellen | Schramas.com","og_description":"3x Schizachyrium scoparium Blue Heaven  Kleine prairiegras  Hoogte max: 1 meter  Leverhoogte incl. pot: circa 30-40 cm  Potmaat: 12cm","og_url":"https:\/\/www.schramas.com\/de\/shop\/satz-von-3-kleinen-prariegras-schizachyrium-scoparium-blauen-himmel-hohe-30-40cm-12cm-topf\/","og_site_name":"Planten eenvoudig online bestellen | Schramas.com","article_publisher":"https:\/\/www.facebook.com\/Schramascom-106872874153195\/","article_modified_time":"2026-04-19T18:38:25+00:00","og_image":[{"width":833,"height":835,"url":"https:\/\/www.schramas.com\/wp-content\/uploads\/2023\/10\/Schizachyrium-scoparium-\u2018Blue-Heaven-sfeer.jpg","type":"image\/jpeg"}],"twitter_card":"summary_large_image","twitter_misc":{"Gesch\u00e4tzte Lesezeit":"1\u00a0Minute"},"schema":{"@context":"https:\/\/schema.org","@graph":[{"@type":["WebPage","ItemPage"],"@id":"https:\/\/www.schramas.com\/winkel\/set-van-3-kleine-prairiegras-schizachyrium-scoparium-blue-heaven-hoogte-30-40cm-12cm-pot\/","url":"https:\/\/www.schramas.com\/winkel\/set-van-3-kleine-prairiegras-schizachyrium-scoparium-blue-heaven-hoogte-30-40cm-12cm-pot\/","name":"3er Set Kleines Pr\u00e4riegras - Schizachyrium scoparium 'Blue Heaven' - H\u00f6he 30-40cm - 12cm Topf kaufen | Pflanzen einfach online bestellen | Schramas.de","isPartOf":{"@id":"https:\/\/www.schramas.com\/#website"},"primaryImageOfPage":{"@id":"https:\/\/www.schramas.com\/winkel\/set-van-3-kleine-prairiegras-schizachyrium-scoparium-blue-heaven-hoogte-30-40cm-12cm-pot\/#primaryimage"},"image":{"@id":"https:\/\/www.schramas.com\/winkel\/set-van-3-kleine-prairiegras-schizachyrium-scoparium-blue-heaven-hoogte-30-40cm-12cm-pot\/#primaryimage"},"thumbnailUrl":"https:\/\/www.schramas.com\/wp-content\/uploads\/2023\/10\/Schizachyrium-scoparium-\u2018Blue-Heaven-sfeer.jpg","datePublished":"2023-10-26T10:00:29+00:00","dateModified":"2026-04-19T18:38:25+00:00","breadcrumb":{"@id":"https:\/\/www.schramas.com\/winkel\/set-van-3-kleine-prairiegras-schizachyrium-scoparium-blue-heaven-hoogte-30-40cm-12cm-pot\/#breadcrumb"},"inLanguage":"de","potentialAction":[{"@type":"ReadAction","target":["https:\/\/www.schramas.com\/winkel\/set-van-3-kleine-prairiegras-schizachyrium-scoparium-blue-heaven-hoogte-30-40cm-12cm-pot\/"]}]},{"@type":"ImageObject","inLanguage":"de","@id":"https:\/\/www.schramas.com\/winkel\/set-van-3-kleine-prairiegras-schizachyrium-scoparium-blue-heaven-hoogte-30-40cm-12cm-pot\/#primaryimage","url":"https:\/\/www.schramas.com\/wp-content\/uploads\/2023\/10\/Schizachyrium-scoparium-\u2018Blue-Heaven-sfeer.jpg","contentUrl":"https:\/\/www.schramas.com\/wp-content\/uploads\/2023\/10\/Schizachyrium-scoparium-\u2018Blue-Heaven-sfeer.jpg","width":833,"height":835},{"@type":"BreadcrumbList","@id":"https:\/\/www.schramas.com\/winkel\/set-van-3-kleine-prairiegras-schizachyrium-scoparium-blue-heaven-hoogte-30-40cm-12cm-pot\/#breadcrumb","itemListElement":[{"@type":"ListItem","position":1,"name":"Product","item":"https:\/\/www.schramas.com\/assortiment\/"},{"@type":"ListItem","position":2,"name":"Pakketdeals","item":"https:\/\/www.schramas.com\/product-category\/pakket-deals\/"},{"@type":"ListItem","position":3,"name":"Set van 3 Kleine prairiegras- Schizachyrium scoparium &#8216;Blue Heaven&#8217; &#8211; Hoogte 30-40cm &#8211; 12cm pot"}]},{"@type":"WebSite","@id":"https:\/\/www.schramas.com\/#website","url":"https:\/\/www.schramas.com\/","name":"Schramas.com | Gartenpflanzen einfach online bestellen | Direkt aus unserer G\u00e4rtnerei","description":"","alternateName":"Schramas.com - Alle planten direct van de kweker","potentialAction":[{"@type":"SearchAction","target":{"@type":"EntryPoint","urlTemplate":"https:\/\/www.schramas.com\/?s={search_term_string}"},"query-input":{"@type":"PropertyValueSpecification","valueRequired":true,"valueName":"search_term_string"}}],"inLanguage":"de"}]}},"_links":{"self":[{"href":"https:\/\/www.schramas.com\/de\/wp-json\/wp\/v2\/product\/29201","targetHints":{"allow":["GET"]}}],"collection":[{"href":"https:\/\/www.schramas.com\/de\/wp-json\/wp\/v2\/product"}],"about":[{"href":"https:\/\/www.schramas.com\/de\/wp-json\/wp\/v2\/types\/product"}],"version-history":[{"count":0,"href":"https:\/\/www.schramas.com\/de\/wp-json\/wp\/v2\/product\/29201\/revisions"}],"wp:featuredmedia":[{"embeddable":true,"href":"https:\/\/www.schramas.com\/de\/wp-json\/wp\/v2\/media\/29207"}],"wp:attachment":[{"href":"https:\/\/www.schramas.com\/de\/wp-json\/wp\/v2\/media?parent=29201"}],"wp:term":[{"taxonomy":"product_brand","embeddable":true,"href":"https:\/\/www.schramas.com\/de\/wp-json\/wp\/v2\/product_brand?post=29201"},{"taxonomy":"product_cat","embeddable":true,"href":"https:\/\/www.schramas.com\/de\/wp-json\/wp\/v2\/product_cat?post=29201"},{"taxonomy":"product_tag","embeddable":true,"href":"https:\/\/www.schramas.com\/de\/wp-json\/wp\/v2\/product_tag?post=29201"}],"curies":[{"name":"wp","href":"https:\/\/api.w.org\/{rel}","templated":true}]}}