{"id":29262,"date":"2023-10-27T17:50:19","date_gmt":"2023-10-27T15:50:19","guid":{"rendered":"https:\/\/www.schramas.com\/?post_type=product&#038;p=29262"},"modified":"2026-03-26T16:36:09","modified_gmt":"2026-03-26T15:36:09","slug":"magnolie-kobus-nordliche-japanische-magnolie-hohe-100cm-14cm-topf","status":"publish","type":"product","link":"https:\/\/www.schramas.com\/de\/shop\/magnolie-kobus-nordliche-japanische-magnolie-hohe-100cm-14cm-topf\/","title":{"rendered":"Magnolia kobus - N\u00f6rdliche japanische Magnolie - H\u00f6he 100cm - 14cm Topf"},"content":{"rendered":"<div class=\"group final-completion w-full text-token-text-primary border-b border-black\/10 gizmo:border-0 dark:border-gray-900\/50 gizmo:dark:border-0 bg-gray-50 gizmo:bg-transparent dark:bg-[#444654] gizmo:dark:bg-transparent\" data-testid=\"conversation-turn-292\">\n<div class=\"p-4 gizmo:py-2 justify-center text-base md:gap-6 md:py-6 m-auto\">\n<div class=\"flex flex-1 gap-4 text-base mx-auto md:gap-6 gizmo:gap-3 gizmo:md:px-5 gizmo:lg:px-1 gizmo:xl:px-5 md:max-w-2xl lg:max-w-[38rem] gizmo:md:max-w-3xl gizmo:lg:max-w-[40rem] gizmo:xl:max-w-[48rem] xl:max-w-3xl }\">\n<div class=\"relative flex w-[calc(100%-50px)] flex-col gizmo:w-full lg:w-[calc(100%-115px)] agent-turn\">\n<div class=\"flex-col gap-1 md:gap-3\">\n<div class=\"flex flex-grow flex-col gap-3 max-w-full\">\n<div class=\"min-h-[20px] flex flex-col items-start gap-3 whitespace-pre-wrap break-words overflow-x-auto\">\n<div class=\"markdown prose w-full break-words dark:prose-invert light\">\n<p>Magnolia kobus, auch bekannt als Biberbaum oder falscher Tulpenbaum, verzaubert im April mit einer \u00fcppigen Bl\u00fcte gro\u00dfer, reinwei\u00dfer Bl\u00fcten. Je \u00e4lter der Baum wird, desto reicher und \u00fcppiger wird die Bl\u00fcte. Die tiefgr\u00fcnen Bl\u00e4tter f\u00e4rben sich im Herbst meist sch\u00f6n gelb. Nach der Bl\u00fcte k\u00f6nnen auch rote Fr\u00fcchte erscheinen. Diese Magnolie w\u00e4chst gleichm\u00e4\u00dfig und ist daher auch f\u00fcr kleinere G\u00e4rten geeignet.<\/p>\n<p>Obwohl Magnolia kobus schlie\u00dflich eine H\u00f6he von 8 bis 10 Metern erreichen kann, ist das Wachstum zun\u00e4chst langsam und haupts\u00e4chlich aufrecht. Erst sp\u00e4ter verbreitert sich die Krone zu einer breiten, eif\u00f6rmigen Form. Die glatten Zweige haben wollig behaarte Knospen. Die kurz zugespitzten, verkehrt-eif\u00f6rmigen Bl\u00e4tter f\u00e4rben sich im Herbst sch\u00f6n gelb. Die voll ge\u00f6ffneten Bl\u00fcten erscheinen vor dem Blattaustrieb und haben einen Durchmesser von etwa 10 cm. H\u00fcten Sie sich vor sp\u00e4ten Nachtfr\u00f6sten, die die Bl\u00fcten besch\u00e4digen k\u00f6nnen. Junge Exemplare von M. kobus bl\u00fchen zwar nicht \u00fcppig, entwickeln sich aber im Laufe der Jahre zu einem reichen Bl\u00fcher. S\u00e4mlinge brauchen m\u00f6glicherweise etwas l\u00e4nger bis zur Bl\u00fcte. Nach der Bl\u00fcte erscheinen dunkelrote Samenkapseln, aus denen der rosarote Samen hervorkommt. Die Wurzeln dieses Baumes wachsen sowohl flach als auch tief in den Boden.<\/p>\n<p>Magnolia kobus ist gut winterhart und gedeiht am besten an einem sonnigen Standort.<\/p>\n<\/div>\n<\/div>\n<\/div>\n<div class=\"flex justify-between empty:hidden gizmo:justify-start gizmo:gap-3 lg:block gizmo:lg:flex\">\n<div class=\"text-gray-400 flex self-end lg:self-center justify-center gizmo:lg:justify-start mt-2 gizmo:mt-0 visible lg:gap-1 lg:absolute lg:top-0 lg:translate-x-full lg:right-0 lg:mt-0 lg:pl-2 gap-2 md:gap-3\">\n<p>&nbsp;<\/p>\n<div class=\"flex gap-1 gizmo:gap-3\"><\/div>\n<\/div>\n<\/div>\n<\/div>\n<\/div>\n<\/div>\n<\/div>\n<\/div>","protected":false},"excerpt":{"rendered":"<p>Magnolie kobus<\/p>\n<p>N\u00f6rdliche japanische Magnolie oder Biberbaum<\/p>\n<p>H\u00f6he max: 8 Meter<\/p>\n<p>Lieferh\u00f6he inkl. Topf: ca. 100 cm<\/p>\n<p>Topfgr\u00f6\u00dfe: 14cm Topf<\/p>","protected":false},"featured_media":29259,"template":"","meta":{"_joinchat":[]},"product_brand":[],"product_cat":[262,867,1012,3193,290,229],"product_tag":[1328,1563,1566,1562,1519,1564,1518,1565,876],"class_list":{"0":"post-29262","1":"product","2":"type-product","3":"status-publish","4":"has-post-thumbnail","6":"product_cat-bomen-struiken","7":"product_cat-pakket-deals","8":"product_cat-overige-deals","9":"product_cat-sierbomen","10":"product_cat-sierheester","11":"product_cat-sierheesters","12":"product_tag-tuinbeplanting","13":"product_tag-bevallige-bloesems","14":"product_tag-bladverliezende-bomen","15":"product_tag-bloeiende-bomen","16":"product_tag-landschapsarchitectuur","17":"product_tag-sierbomen","18":"product_tag-tuinontwerp","19":"product_tag-voorjaarsbloei","20":"product_tag-witte-bloemen","21":"pa_ewd_uwcf_colors-rood-2","22":"pa_groeihoogte-200-300-cm","23":"pa_pot-zonder-pot","25":"first","26":"instock","27":"taxable","28":"shipping-taxable","29":"purchasable","30":"product-type-simple"},"yoast_head":"<!-- This site is optimized with the Yoast SEO plugin v24.2 - https:\/\/yoast.com\/wordpress\/plugins\/seo\/ -->\n<title>Magnolia kobus - Noordelijke Japanse magnolia - Hoogte 100cm - 14cm pot kopen | Planten eenvoudig online bestellen | Schramas.com<\/title>\n<meta name=\"robots\" content=\"index, follow, max-snippet:-1, max-image-preview:large, max-video-preview:-1\" \/>\n<link rel=\"canonical\" href=\"https:\/\/www.schramas.com\/de\/shop\/magnolie-kobus-nordliche-japanische-magnolie-hohe-100cm-14cm-topf\/\" \/>\n<meta property=\"og:locale\" content=\"de_DE\" \/>\n<meta property=\"og:type\" content=\"article\" \/>\n<meta property=\"og:title\" content=\"Magnolia kobus - Noordelijke Japanse magnolia - Hoogte 100cm - 14cm pot kopen | Planten eenvoudig online bestellen | Schramas.com\" \/>\n<meta property=\"og:description\" content=\"Magnolia kobus  Noordelijke Japanse magnolia of Beverboom  Hoogte max: 8 meter  Leverhoogte incl. pot: circa 100 cm  Potmaat: 14cm pot\" \/>\n<meta property=\"og:url\" content=\"https:\/\/www.schramas.com\/de\/shop\/magnolie-kobus-nordliche-japanische-magnolie-hohe-100cm-14cm-topf\/\" \/>\n<meta property=\"og:site_name\" content=\"Planten eenvoudig online bestellen | Schramas.com\" \/>\n<meta property=\"article:publisher\" content=\"https:\/\/www.facebook.com\/Schramascom-106872874153195\/\" \/>\n<meta property=\"article:modified_time\" content=\"2026-03-26T15:36:09+00:00\" \/>\n<meta property=\"og:image\" content=\"http:\/\/www.schramas.com\/wp-content\/uploads\/2023\/10\/Mangolia-kobus-sfeer.jpg\" \/>\n\t<meta property=\"og:image:width\" content=\"855\" \/>\n\t<meta property=\"og:image:height\" content=\"858\" \/>\n\t<meta property=\"og:image:type\" content=\"image\/jpeg\" \/>\n<meta name=\"twitter:card\" content=\"summary_large_image\" \/>\n<meta name=\"twitter:label1\" content=\"Gesch\u00e4tzte Lesezeit\" \/>\n\t<meta name=\"twitter:data1\" content=\"1\u00a0Minute\" \/>\n<script type=\"application\/ld+json\" class=\"yoast-schema-graph\">{\"@context\":\"https:\/\/schema.org\",\"@graph\":[{\"@type\":[\"WebPage\",\"ItemPage\"],\"@id\":\"https:\/\/www.schramas.com\/winkel\/magnolia-kobus-noordelijke-japanse-magnolia-hoogte-100cm-14cm-pot\/\",\"url\":\"https:\/\/www.schramas.com\/winkel\/magnolia-kobus-noordelijke-japanse-magnolia-hoogte-100cm-14cm-pot\/\",\"name\":\"Magnolia kobus - Noordelijke Japanse magnolia - Hoogte 100cm - 14cm pot kopen | Planten eenvoudig online bestellen | Schramas.com\",\"isPartOf\":{\"@id\":\"https:\/\/www.schramas.com\/#website\"},\"primaryImageOfPage\":{\"@id\":\"https:\/\/www.schramas.com\/winkel\/magnolia-kobus-noordelijke-japanse-magnolia-hoogte-100cm-14cm-pot\/#primaryimage\"},\"image\":{\"@id\":\"https:\/\/www.schramas.com\/winkel\/magnolia-kobus-noordelijke-japanse-magnolia-hoogte-100cm-14cm-pot\/#primaryimage\"},\"thumbnailUrl\":\"https:\/\/www.schramas.com\/wp-content\/uploads\/2023\/10\/Mangolia-kobus-sfeer.jpg\",\"datePublished\":\"2023-10-27T15:50:19+00:00\",\"dateModified\":\"2026-03-26T15:36:09+00:00\",\"breadcrumb\":{\"@id\":\"https:\/\/www.schramas.com\/winkel\/magnolia-kobus-noordelijke-japanse-magnolia-hoogte-100cm-14cm-pot\/#breadcrumb\"},\"inLanguage\":\"de\",\"potentialAction\":[{\"@type\":\"ReadAction\",\"target\":[\"https:\/\/www.schramas.com\/winkel\/magnolia-kobus-noordelijke-japanse-magnolia-hoogte-100cm-14cm-pot\/\"]}]},{\"@type\":\"ImageObject\",\"inLanguage\":\"de\",\"@id\":\"https:\/\/www.schramas.com\/winkel\/magnolia-kobus-noordelijke-japanse-magnolia-hoogte-100cm-14cm-pot\/#primaryimage\",\"url\":\"https:\/\/www.schramas.com\/wp-content\/uploads\/2023\/10\/Mangolia-kobus-sfeer.jpg\",\"contentUrl\":\"https:\/\/www.schramas.com\/wp-content\/uploads\/2023\/10\/Mangolia-kobus-sfeer.jpg\",\"width\":855,\"height\":858},{\"@type\":\"BreadcrumbList\",\"@id\":\"https:\/\/www.schramas.com\/winkel\/magnolia-kobus-noordelijke-japanse-magnolia-hoogte-100cm-14cm-pot\/#breadcrumb\",\"itemListElement\":[{\"@type\":\"ListItem\",\"position\":1,\"name\":\"Product\",\"item\":\"https:\/\/www.schramas.com\/assortiment\/\"},{\"@type\":\"ListItem\",\"position\":2,\"name\":\"Bomen &amp; Struiken\",\"item\":\"https:\/\/www.schramas.com\/product-category\/bomen-struiken\/\"},{\"@type\":\"ListItem\",\"position\":3,\"name\":\"Magnolia kobus &#8211; Noordelijke Japanse magnolia &#8211; Hoogte 100cm &#8211; 14cm pot\"}]},{\"@type\":\"WebSite\",\"@id\":\"https:\/\/www.schramas.com\/#website\",\"url\":\"https:\/\/www.schramas.com\/\",\"name\":\"Schramas.com | Tuinplanten eenvoudig online bestellen | Direct van onze Kwekerij\",\"description\":\"\",\"alternateName\":\"Schramas.com - Alle planten direct van de kweker\",\"potentialAction\":[{\"@type\":\"SearchAction\",\"target\":{\"@type\":\"EntryPoint\",\"urlTemplate\":\"https:\/\/www.schramas.com\/?s={search_term_string}\"},\"query-input\":{\"@type\":\"PropertyValueSpecification\",\"valueRequired\":true,\"valueName\":\"search_term_string\"}}],\"inLanguage\":\"de\"}]}<\/script>\n<!-- \/ Yoast SEO plugin. -->","yoast_head_json":{"title":"Magnolia kobus - N\u00f6rdliche japanische Magnolie - H\u00f6he 100cm - 14cm Topf kaufen | Pflanzen einfach online bestellen | Schramas.de","robots":{"index":"index","follow":"follow","max-snippet":"max-snippet:-1","max-image-preview":"max-image-preview:large","max-video-preview":"max-video-preview:-1"},"canonical":"https:\/\/www.schramas.com\/de\/shop\/magnolie-kobus-nordliche-japanische-magnolie-hohe-100cm-14cm-topf\/","og_locale":"de_DE","og_type":"article","og_title":"Magnolia kobus - Noordelijke Japanse magnolia - Hoogte 100cm - 14cm pot kopen | Planten eenvoudig online bestellen | Schramas.com","og_description":"Magnolia kobus  Noordelijke Japanse magnolia of Beverboom  Hoogte max: 8 meter  Leverhoogte incl. pot: circa 100 cm  Potmaat: 14cm pot","og_url":"https:\/\/www.schramas.com\/de\/shop\/magnolie-kobus-nordliche-japanische-magnolie-hohe-100cm-14cm-topf\/","og_site_name":"Planten eenvoudig online bestellen | Schramas.com","article_publisher":"https:\/\/www.facebook.com\/Schramascom-106872874153195\/","article_modified_time":"2026-03-26T15:36:09+00:00","og_image":[{"width":855,"height":858,"url":"http:\/\/www.schramas.com\/wp-content\/uploads\/2023\/10\/Mangolia-kobus-sfeer.jpg","type":"image\/jpeg"}],"twitter_card":"summary_large_image","twitter_misc":{"Gesch\u00e4tzte Lesezeit":"1\u00a0Minute"},"schema":{"@context":"https:\/\/schema.org","@graph":[{"@type":["WebPage","ItemPage"],"@id":"https:\/\/www.schramas.com\/winkel\/magnolia-kobus-noordelijke-japanse-magnolia-hoogte-100cm-14cm-pot\/","url":"https:\/\/www.schramas.com\/winkel\/magnolia-kobus-noordelijke-japanse-magnolia-hoogte-100cm-14cm-pot\/","name":"Magnolia kobus - N\u00f6rdliche japanische Magnolie - H\u00f6he 100cm - 14cm Topf kaufen | Pflanzen einfach online bestellen | Schramas.de","isPartOf":{"@id":"https:\/\/www.schramas.com\/#website"},"primaryImageOfPage":{"@id":"https:\/\/www.schramas.com\/winkel\/magnolia-kobus-noordelijke-japanse-magnolia-hoogte-100cm-14cm-pot\/#primaryimage"},"image":{"@id":"https:\/\/www.schramas.com\/winkel\/magnolia-kobus-noordelijke-japanse-magnolia-hoogte-100cm-14cm-pot\/#primaryimage"},"thumbnailUrl":"https:\/\/www.schramas.com\/wp-content\/uploads\/2023\/10\/Mangolia-kobus-sfeer.jpg","datePublished":"2023-10-27T15:50:19+00:00","dateModified":"2026-03-26T15:36:09+00:00","breadcrumb":{"@id":"https:\/\/www.schramas.com\/winkel\/magnolia-kobus-noordelijke-japanse-magnolia-hoogte-100cm-14cm-pot\/#breadcrumb"},"inLanguage":"de","potentialAction":[{"@type":"ReadAction","target":["https:\/\/www.schramas.com\/winkel\/magnolia-kobus-noordelijke-japanse-magnolia-hoogte-100cm-14cm-pot\/"]}]},{"@type":"ImageObject","inLanguage":"de","@id":"https:\/\/www.schramas.com\/winkel\/magnolia-kobus-noordelijke-japanse-magnolia-hoogte-100cm-14cm-pot\/#primaryimage","url":"https:\/\/www.schramas.com\/wp-content\/uploads\/2023\/10\/Mangolia-kobus-sfeer.jpg","contentUrl":"https:\/\/www.schramas.com\/wp-content\/uploads\/2023\/10\/Mangolia-kobus-sfeer.jpg","width":855,"height":858},{"@type":"BreadcrumbList","@id":"https:\/\/www.schramas.com\/winkel\/magnolia-kobus-noordelijke-japanse-magnolia-hoogte-100cm-14cm-pot\/#breadcrumb","itemListElement":[{"@type":"ListItem","position":1,"name":"Product","item":"https:\/\/www.schramas.com\/assortiment\/"},{"@type":"ListItem","position":2,"name":"Bomen &amp; Struiken","item":"https:\/\/www.schramas.com\/product-category\/bomen-struiken\/"},{"@type":"ListItem","position":3,"name":"Magnolia kobus &#8211; Noordelijke Japanse magnolia &#8211; Hoogte 100cm &#8211; 14cm pot"}]},{"@type":"WebSite","@id":"https:\/\/www.schramas.com\/#website","url":"https:\/\/www.schramas.com\/","name":"Schramas.com | Gartenpflanzen einfach online bestellen | Direkt aus unserer G\u00e4rtnerei","description":"","alternateName":"Schramas.com - Alle planten direct van de kweker","potentialAction":[{"@type":"SearchAction","target":{"@type":"EntryPoint","urlTemplate":"https:\/\/www.schramas.com\/?s={search_term_string}"},"query-input":{"@type":"PropertyValueSpecification","valueRequired":true,"valueName":"search_term_string"}}],"inLanguage":"de"}]}},"_links":{"self":[{"href":"https:\/\/www.schramas.com\/de\/wp-json\/wp\/v2\/product\/29262","targetHints":{"allow":["GET"]}}],"collection":[{"href":"https:\/\/www.schramas.com\/de\/wp-json\/wp\/v2\/product"}],"about":[{"href":"https:\/\/www.schramas.com\/de\/wp-json\/wp\/v2\/types\/product"}],"version-history":[{"count":1,"href":"https:\/\/www.schramas.com\/de\/wp-json\/wp\/v2\/product\/29262\/revisions"}],"predecessor-version":[{"id":54307,"href":"https:\/\/www.schramas.com\/de\/wp-json\/wp\/v2\/product\/29262\/revisions\/54307"}],"wp:featuredmedia":[{"embeddable":true,"href":"https:\/\/www.schramas.com\/de\/wp-json\/wp\/v2\/media\/29259"}],"wp:attachment":[{"href":"https:\/\/www.schramas.com\/de\/wp-json\/wp\/v2\/media?parent=29262"}],"wp:term":[{"taxonomy":"product_brand","embeddable":true,"href":"https:\/\/www.schramas.com\/de\/wp-json\/wp\/v2\/product_brand?post=29262"},{"taxonomy":"product_cat","embeddable":true,"href":"https:\/\/www.schramas.com\/de\/wp-json\/wp\/v2\/product_cat?post=29262"},{"taxonomy":"product_tag","embeddable":true,"href":"https:\/\/www.schramas.com\/de\/wp-json\/wp\/v2\/product_tag?post=29262"}],"curies":[{"name":"wp","href":"https:\/\/api.w.org\/{rel}","templated":true}]}}