{"id":29341,"date":"2023-11-02T13:16:26","date_gmt":"2023-11-02T12:16:26","guid":{"rendered":"https:\/\/www.schramas.com\/?post_type=product&#038;p=29341"},"modified":"2026-03-26T16:36:10","modified_gmt":"2026-03-26T15:36:10","slug":"sarcococca-confusa-fleischbeere-susbuchsbaum-hohe-40cm-2-liter-topf","status":"publish","type":"product","link":"https:\/\/www.schramas.com\/de\/shop\/sarcococca-confusa-fleischbeere-susbuchsbaum-hohe-40cm-2-liter-topf\/","title":{"rendered":"Sarcococca confusa - Fleischbeere - S\u00fc\u00dfer Buchsbaum - H\u00f6he 40cm - 2 Liter Topf"},"content":{"rendered":"<div class=\"group final-completion w-full text-token-text-primary border-b border-black\/10 gizmo:border-0 dark:border-gray-900\/50 gizmo:dark:border-0 bg-gray-50 gizmo:bg-transparent dark:bg-[#444654] gizmo:dark:bg-transparent\" data-testid=\"conversation-turn-292\">\n<div class=\"p-4 gizmo:py-2 justify-center text-base md:gap-6 md:py-6 m-auto\">\n<div class=\"flex flex-1 gap-4 text-base mx-auto md:gap-6 gizmo:gap-3 gizmo:md:px-5 gizmo:lg:px-1 gizmo:xl:px-5 md:max-w-2xl lg:max-w-[38rem] gizmo:md:max-w-3xl gizmo:lg:max-w-[40rem] gizmo:xl:max-w-[48rem] xl:max-w-3xl }\">\n<div class=\"relative flex w-[calc(100%-50px)] flex-col gizmo:w-full lg:w-[calc(100%-115px)] agent-turn\">\n<div class=\"flex-col gap-1 md:gap-3\">\n<div class=\"flex flex-grow flex-col gap-3 max-w-full\">\n<div class=\"min-h-[20px] flex flex-col items-start gap-3 whitespace-pre-wrap break-words overflow-x-auto\">\n<div class=\"markdown prose w-full break-words dark:prose-invert light\">\n<p>Sarcococca confusa, auch Fleischbeere genannt, ist ein immergr\u00fcner Strauch, der f\u00fcr seine wunderbar duftenden Bl\u00fcten bekannt ist. Obwohl dieser Strauch schlie\u00dflich eine betr\u00e4chtliche Gr\u00f6\u00dfe erreichen kann, w\u00e4chst er im Vergleich zu anderen Sarcococca-Arten nicht sehr schnell. Der Duft von Sarcococca ist wirklich un\u00fcbertroffen. Nach 10 Jahren kann dieser Strauch eine H\u00f6he von etwa 100 cm erreichen. Die Bl\u00fcten haben eine sch\u00f6ne wei\u00dfe Farbe und bl\u00fchen von Februar bis M\u00e4rz. Diese Pflanze ist sehr winterhart, was bedeutet, dass sie kalten Witterungsbedingungen standh\u00e4lt.<\/p>\n<p>Das Besondere an Sarcococca confusa ist, dass sie das ganze Jahr \u00fcber sch\u00f6n gr\u00fcn bleibt. Im Winter \u00fcberrascht er mit seinen duftenden, cremewei\u00dfen Bl\u00fcten, aus denen sich sp\u00e4ter ungenie\u00dfbare Beeren entwickeln. Obwohl dieser Strauch nicht sofort ins Auge f\u00e4llt, ist er auf jeden Fall eine Bereicherung f\u00fcr jeden Garten. Es bildet eine hervorragende Kombination mit Stauden oder Str\u00e4uchern, die im Winter ihre Bl\u00e4tter verlieren oder oberirdisch absterben.<\/p>\n<\/div>\n<\/div>\n<\/div>\n<\/div>\n<\/div>\n<\/div>\n<\/div>\n<\/div>","protected":false},"excerpt":{"rendered":"<p>Sarcococca confusa<\/p>\n<p>Metzgerbeere \u2013 S\u00fc\u00dfer Buchsbaum<\/p>\n<p>Maximale H\u00f6he: 1 m<\/p>\n<p>Lieferh\u00f6he inkl. Topf: ca. 40 cm<\/p>\n<p>Topfgr\u00f6\u00dfe: 2-Liter-Topf<\/p>","protected":false},"featured_media":29357,"template":"","meta":{"_joinchat":[]},"product_brand":[],"product_cat":[303,300,290,229,305],"product_tag":[659,1439,1577,1576,1360,1414,1575,1578,1044,876],"class_list":{"0":"post-29341","1":"product","2":"type-product","3":"status-publish","4":"has-post-thumbnail","6":"product_cat-groenblijvende-heesters","7":"product_cat-heesters","8":"product_cat-sierheester","9":"product_cat-sierheesters","10":"product_cat-planten-heesters","11":"product_tag-bodembedekker","12":"product_tag-geurige-bloemen","13":"product_tag-langzame-groei","14":"product_tag-niet-eetbare-bessen","15":"product_tag-schaduwplant","16":"product_tag-tuinstruik","17":"product_tag-vleesbes","18":"product_tag-winterbloei","19":"product_tag-wintergroen","20":"product_tag-witte-bloemen","21":"pa_ewd_uwcf_colors-groen-2","22":"pa_ewd_uwcf_colors-wit","23":"pa_groeihoogte-50-tot-100-cm","24":"pa_pot-zonder-pot","26":"first","27":"outofstock","28":"taxable","29":"shipping-taxable","30":"purchasable","31":"product-type-simple"},"yoast_head":"<!-- This site is optimized with the Yoast SEO plugin v24.2 - https:\/\/yoast.com\/wordpress\/plugins\/seo\/ -->\n<title>Sarcococca confusa - Vleesbes - Zoete buxus - Hoogte 40cm - 2 liter pot kopen | Planten eenvoudig online bestellen | Schramas.com<\/title>\n<meta name=\"robots\" content=\"index, follow, max-snippet:-1, max-image-preview:large, max-video-preview:-1\" \/>\n<link rel=\"canonical\" href=\"https:\/\/www.schramas.com\/de\/shop\/sarcococca-confusa-fleischbeere-susbuchsbaum-hohe-40cm-2-liter-topf\/\" \/>\n<meta property=\"og:locale\" content=\"de_DE\" \/>\n<meta property=\"og:type\" content=\"article\" \/>\n<meta property=\"og:title\" content=\"Sarcococca confusa - Vleesbes - Zoete buxus - Hoogte 40cm - 2 liter pot kopen | Planten eenvoudig online bestellen | Schramas.com\" \/>\n<meta property=\"og:description\" content=\"Sarcococca confusa  Vleesbes - Zoete buxus  Hoogte max: 1m  Leverhoogte incl. pot: circa 40cm  Potmaat: 2 liter pot\" \/>\n<meta property=\"og:url\" content=\"https:\/\/www.schramas.com\/de\/shop\/sarcococca-confusa-fleischbeere-susbuchsbaum-hohe-40cm-2-liter-topf\/\" \/>\n<meta property=\"og:site_name\" content=\"Planten eenvoudig online bestellen | Schramas.com\" \/>\n<meta property=\"article:publisher\" content=\"https:\/\/www.facebook.com\/Schramascom-106872874153195\/\" \/>\n<meta property=\"article:modified_time\" content=\"2026-03-26T15:36:10+00:00\" \/>\n<meta property=\"og:image\" content=\"http:\/\/www.schramas.com\/wp-content\/uploads\/2023\/11\/sarcococca-confusa-sfeer.jpg\" \/>\n\t<meta property=\"og:image:width\" content=\"1600\" \/>\n\t<meta property=\"og:image:height\" content=\"1605\" \/>\n\t<meta property=\"og:image:type\" content=\"image\/jpeg\" \/>\n<meta name=\"twitter:card\" content=\"summary_large_image\" \/>\n<meta name=\"twitter:label1\" content=\"Gesch\u00e4tzte Lesezeit\" \/>\n\t<meta name=\"twitter:data1\" content=\"1\u00a0Minute\" \/>\n<script type=\"application\/ld+json\" class=\"yoast-schema-graph\">{\"@context\":\"https:\/\/schema.org\",\"@graph\":[{\"@type\":[\"WebPage\",\"ItemPage\"],\"@id\":\"https:\/\/www.schramas.com\/winkel\/sarcococca-confusa-vleesbes-zoete-buxus-hoogte-40cm-2-liter-pot\/\",\"url\":\"https:\/\/www.schramas.com\/winkel\/sarcococca-confusa-vleesbes-zoete-buxus-hoogte-40cm-2-liter-pot\/\",\"name\":\"Sarcococca confusa - Vleesbes - Zoete buxus - Hoogte 40cm - 2 liter pot kopen | Planten eenvoudig online bestellen | Schramas.com\",\"isPartOf\":{\"@id\":\"https:\/\/www.schramas.com\/#website\"},\"primaryImageOfPage\":{\"@id\":\"https:\/\/www.schramas.com\/winkel\/sarcococca-confusa-vleesbes-zoete-buxus-hoogte-40cm-2-liter-pot\/#primaryimage\"},\"image\":{\"@id\":\"https:\/\/www.schramas.com\/winkel\/sarcococca-confusa-vleesbes-zoete-buxus-hoogte-40cm-2-liter-pot\/#primaryimage\"},\"thumbnailUrl\":\"https:\/\/www.schramas.com\/wp-content\/uploads\/2023\/11\/sarcococca-confusa-sfeer.jpg\",\"datePublished\":\"2023-11-02T12:16:26+00:00\",\"dateModified\":\"2026-03-26T15:36:10+00:00\",\"breadcrumb\":{\"@id\":\"https:\/\/www.schramas.com\/winkel\/sarcococca-confusa-vleesbes-zoete-buxus-hoogte-40cm-2-liter-pot\/#breadcrumb\"},\"inLanguage\":\"de\",\"potentialAction\":[{\"@type\":\"ReadAction\",\"target\":[\"https:\/\/www.schramas.com\/winkel\/sarcococca-confusa-vleesbes-zoete-buxus-hoogte-40cm-2-liter-pot\/\"]}]},{\"@type\":\"ImageObject\",\"inLanguage\":\"de\",\"@id\":\"https:\/\/www.schramas.com\/winkel\/sarcococca-confusa-vleesbes-zoete-buxus-hoogte-40cm-2-liter-pot\/#primaryimage\",\"url\":\"https:\/\/www.schramas.com\/wp-content\/uploads\/2023\/11\/sarcococca-confusa-sfeer.jpg\",\"contentUrl\":\"https:\/\/www.schramas.com\/wp-content\/uploads\/2023\/11\/sarcococca-confusa-sfeer.jpg\",\"width\":1600,\"height\":1605},{\"@type\":\"BreadcrumbList\",\"@id\":\"https:\/\/www.schramas.com\/winkel\/sarcococca-confusa-vleesbes-zoete-buxus-hoogte-40cm-2-liter-pot\/#breadcrumb\",\"itemListElement\":[{\"@type\":\"ListItem\",\"position\":1,\"name\":\"Product\",\"item\":\"https:\/\/www.schramas.com\/assortiment\/\"},{\"@type\":\"ListItem\",\"position\":2,\"name\":\"Tuinplanten\",\"item\":\"https:\/\/www.schramas.com\/product-category\/planten-heesters\/\"},{\"@type\":\"ListItem\",\"position\":3,\"name\":\"Sarcococca confusa &#8211; Vleesbes &#8211; Zoete buxus &#8211; Hoogte 40cm &#8211; 2 liter pot\"}]},{\"@type\":\"WebSite\",\"@id\":\"https:\/\/www.schramas.com\/#website\",\"url\":\"https:\/\/www.schramas.com\/\",\"name\":\"Schramas.com | Tuinplanten eenvoudig online bestellen | Direct van onze Kwekerij\",\"description\":\"\",\"alternateName\":\"Schramas.com - Alle planten direct van de kweker\",\"potentialAction\":[{\"@type\":\"SearchAction\",\"target\":{\"@type\":\"EntryPoint\",\"urlTemplate\":\"https:\/\/www.schramas.com\/?s={search_term_string}\"},\"query-input\":{\"@type\":\"PropertyValueSpecification\",\"valueRequired\":true,\"valueName\":\"search_term_string\"}}],\"inLanguage\":\"de\"}]}<\/script>\n<!-- \/ Yoast SEO plugin. -->","yoast_head_json":{"title":"Sarcococca confusa - Fleischbeere - S\u00fc\u00dfer Buchsbaum - H\u00f6he 40cm - 2 Liter Topf kaufen | Pflanzen einfach online bestellen | Schramas.com","robots":{"index":"index","follow":"follow","max-snippet":"max-snippet:-1","max-image-preview":"max-image-preview:large","max-video-preview":"max-video-preview:-1"},"canonical":"https:\/\/www.schramas.com\/de\/shop\/sarcococca-confusa-fleischbeere-susbuchsbaum-hohe-40cm-2-liter-topf\/","og_locale":"de_DE","og_type":"article","og_title":"Sarcococca confusa - Vleesbes - Zoete buxus - Hoogte 40cm - 2 liter pot kopen | Planten eenvoudig online bestellen | Schramas.com","og_description":"Sarcococca confusa  Vleesbes - Zoete buxus  Hoogte max: 1m  Leverhoogte incl. pot: circa 40cm  Potmaat: 2 liter pot","og_url":"https:\/\/www.schramas.com\/de\/shop\/sarcococca-confusa-fleischbeere-susbuchsbaum-hohe-40cm-2-liter-topf\/","og_site_name":"Planten eenvoudig online bestellen | Schramas.com","article_publisher":"https:\/\/www.facebook.com\/Schramascom-106872874153195\/","article_modified_time":"2026-03-26T15:36:10+00:00","og_image":[{"width":1600,"height":1605,"url":"http:\/\/www.schramas.com\/wp-content\/uploads\/2023\/11\/sarcococca-confusa-sfeer.jpg","type":"image\/jpeg"}],"twitter_card":"summary_large_image","twitter_misc":{"Gesch\u00e4tzte Lesezeit":"1\u00a0Minute"},"schema":{"@context":"https:\/\/schema.org","@graph":[{"@type":["WebPage","ItemPage"],"@id":"https:\/\/www.schramas.com\/winkel\/sarcococca-confusa-vleesbes-zoete-buxus-hoogte-40cm-2-liter-pot\/","url":"https:\/\/www.schramas.com\/winkel\/sarcococca-confusa-vleesbes-zoete-buxus-hoogte-40cm-2-liter-pot\/","name":"Sarcococca confusa - Fleischbeere - S\u00fc\u00dfer Buchsbaum - H\u00f6he 40cm - 2 Liter Topf kaufen | Pflanzen einfach online bestellen | Schramas.com","isPartOf":{"@id":"https:\/\/www.schramas.com\/#website"},"primaryImageOfPage":{"@id":"https:\/\/www.schramas.com\/winkel\/sarcococca-confusa-vleesbes-zoete-buxus-hoogte-40cm-2-liter-pot\/#primaryimage"},"image":{"@id":"https:\/\/www.schramas.com\/winkel\/sarcococca-confusa-vleesbes-zoete-buxus-hoogte-40cm-2-liter-pot\/#primaryimage"},"thumbnailUrl":"https:\/\/www.schramas.com\/wp-content\/uploads\/2023\/11\/sarcococca-confusa-sfeer.jpg","datePublished":"2023-11-02T12:16:26+00:00","dateModified":"2026-03-26T15:36:10+00:00","breadcrumb":{"@id":"https:\/\/www.schramas.com\/winkel\/sarcococca-confusa-vleesbes-zoete-buxus-hoogte-40cm-2-liter-pot\/#breadcrumb"},"inLanguage":"de","potentialAction":[{"@type":"ReadAction","target":["https:\/\/www.schramas.com\/winkel\/sarcococca-confusa-vleesbes-zoete-buxus-hoogte-40cm-2-liter-pot\/"]}]},{"@type":"ImageObject","inLanguage":"de","@id":"https:\/\/www.schramas.com\/winkel\/sarcococca-confusa-vleesbes-zoete-buxus-hoogte-40cm-2-liter-pot\/#primaryimage","url":"https:\/\/www.schramas.com\/wp-content\/uploads\/2023\/11\/sarcococca-confusa-sfeer.jpg","contentUrl":"https:\/\/www.schramas.com\/wp-content\/uploads\/2023\/11\/sarcococca-confusa-sfeer.jpg","width":1600,"height":1605},{"@type":"BreadcrumbList","@id":"https:\/\/www.schramas.com\/winkel\/sarcococca-confusa-vleesbes-zoete-buxus-hoogte-40cm-2-liter-pot\/#breadcrumb","itemListElement":[{"@type":"ListItem","position":1,"name":"Product","item":"https:\/\/www.schramas.com\/assortiment\/"},{"@type":"ListItem","position":2,"name":"Tuinplanten","item":"https:\/\/www.schramas.com\/product-category\/planten-heesters\/"},{"@type":"ListItem","position":3,"name":"Sarcococca confusa &#8211; Vleesbes &#8211; Zoete buxus &#8211; Hoogte 40cm &#8211; 2 liter pot"}]},{"@type":"WebSite","@id":"https:\/\/www.schramas.com\/#website","url":"https:\/\/www.schramas.com\/","name":"Schramas.com | Gartenpflanzen einfach online bestellen | Direkt aus unserer G\u00e4rtnerei","description":"","alternateName":"Schramas.com - Alle planten direct van de kweker","potentialAction":[{"@type":"SearchAction","target":{"@type":"EntryPoint","urlTemplate":"https:\/\/www.schramas.com\/?s={search_term_string}"},"query-input":{"@type":"PropertyValueSpecification","valueRequired":true,"valueName":"search_term_string"}}],"inLanguage":"de"}]}},"_links":{"self":[{"href":"https:\/\/www.schramas.com\/de\/wp-json\/wp\/v2\/product\/29341","targetHints":{"allow":["GET"]}}],"collection":[{"href":"https:\/\/www.schramas.com\/de\/wp-json\/wp\/v2\/product"}],"about":[{"href":"https:\/\/www.schramas.com\/de\/wp-json\/wp\/v2\/types\/product"}],"version-history":[{"count":1,"href":"https:\/\/www.schramas.com\/de\/wp-json\/wp\/v2\/product\/29341\/revisions"}],"predecessor-version":[{"id":53717,"href":"https:\/\/www.schramas.com\/de\/wp-json\/wp\/v2\/product\/29341\/revisions\/53717"}],"wp:featuredmedia":[{"embeddable":true,"href":"https:\/\/www.schramas.com\/de\/wp-json\/wp\/v2\/media\/29357"}],"wp:attachment":[{"href":"https:\/\/www.schramas.com\/de\/wp-json\/wp\/v2\/media?parent=29341"}],"wp:term":[{"taxonomy":"product_brand","embeddable":true,"href":"https:\/\/www.schramas.com\/de\/wp-json\/wp\/v2\/product_brand?post=29341"},{"taxonomy":"product_cat","embeddable":true,"href":"https:\/\/www.schramas.com\/de\/wp-json\/wp\/v2\/product_cat?post=29341"},{"taxonomy":"product_tag","embeddable":true,"href":"https:\/\/www.schramas.com\/de\/wp-json\/wp\/v2\/product_tag?post=29341"}],"curies":[{"name":"wp","href":"https:\/\/api.w.org\/{rel}","templated":true}]}}