{"id":36497,"date":"2024-01-02T15:03:56","date_gmt":"2024-01-02T14:03:56","guid":{"rendered":"https:\/\/www.schramas.com\/?post_type=product&#038;p=36497"},"modified":"2025-07-10T12:19:08","modified_gmt":"2025-07-10T10:19:08","slug":"duo-apfelbaum-geschenk-extras","status":"publish","type":"product","link":"https:\/\/www.schramas.com\/de\/shop\/duo-apfelbaum-geschenk-extras\/","title":{"rendered":"Duo Apfelbaum Geschenk + Extras"},"content":{"rendered":"<p>Dieser einzigartige so genannte Duo-Apfelbaum bringt zwei Sorten von Hand\u00e4pfeln hervor: Golden Delicious, einen gelben Apfel, und elstar, einen roten Apfel. Mit einer traditionellen Veredelungsmethode - einer pr\u00e4zisen Handarbeit - z\u00fcchten wir fruchttragende Zweige von zwei verschiedenen Apfelb\u00e4umen auf einer Unterlage. Als Ergebnis tr\u00e4gt der Apfelbaum auf der einen Seite die frischen gr\u00fcnen Bl\u00e4tter des Golden Delicious und auf der anderen Seite die Bl\u00e4tter des elstar.<\/p>\n<p>&nbsp;<\/p>\n<p>Geschenk - Extras:<\/p>\n<ul>\n<li style=\"list-style-type: none;\">\n<ul>\n<li><strong>2x Bambusstab:<\/strong>\u00a0Unterst\u00fctzen Sie das Wachstum Ihres Apfelbaums und geben Sie ihm die Kraft, die er f\u00fcr eine gesunde Entwicklung braucht.<\/li>\n<li><strong>Jutesack (Geschenkverpackung)<\/strong><\/li>\n<li><strong>Sack voll Dung:<\/strong>\u00a0Geben Sie Ihrem Apfelbaum mit dem beiliegenden Beutel D\u00fcnger einen gesunden Start.<\/li>\n<li><strong>Geschenkgutschein \u00fcber 5,5 \u20ac:<\/strong>\u00a0Sie erhalten einen Geschenkgutschein im Wert von 5,5 \u20ac, den Sie auf unserer Website einl\u00f6sen k\u00f6nnen.<\/li>\n<\/ul>\n<\/li>\n<\/ul>","protected":false},"excerpt":{"rendered":"<p>Malus domestica Elstar und Golden Delicious<\/p>\n<p>Maximale H\u00f6he: ca. 2,5-3 Meter<\/p>\n<p>Lieferh\u00f6he inkl. Topf: ca. 100 cm<\/p>\n<p>Topfgr\u00f6\u00dfe: 5 Liter<\/p>\n<p>&nbsp;<\/p>\n<div class=\"elementor-element elementor-element-22a0eea elementor-widget elementor-widget-woocommerce-product-short-description\" data-id=\"22a0eea\" data-element_type=\"widget\" data-widget_type=\"woocommerce-product-short-description.default\">\n<div class=\"elementor-widget-container\">\n<div class=\"woocommerce-product-details__short-description\">\n<p>PLUS EXTRA'S<\/p>\n<\/div>\n<\/div>\n<\/div>","protected":false},"featured_media":36498,"template":"","meta":{"_joinchat":[]},"product_brand":[],"product_cat":[1713],"product_tag":[569,638,697,584,352,583,351,316],"class_list":{"0":"post-36497","1":"product","2":"type-product","3":"status-publish","4":"has-post-thumbnail","6":"product_cat-cadeau-producten","7":"product_tag-appel","8":"product_tag-duo","9":"product_tag-duofruit","10":"product_tag-fris-zoet","11":"product_tag-geent","12":"product_tag-rood-geel","13":"product_tag-winterhard","14":"product_tag-zelfbestuivend","15":"pa_bloeimaanden-maart","16":"pa_bloeimaanden-april","17":"pa_ewd_uwcf_colors-geel","18":"pa_groeihoogte-200-300-cm","19":"pa_pot-met-pot","21":"first","22":"outofstock","23":"taxable","24":"shipping-taxable","25":"purchasable","26":"product-type-simple"},"yoast_head":"<!-- This site is optimized with the Yoast SEO plugin v24.2 - https:\/\/yoast.com\/wordpress\/plugins\/seo\/ -->\n<title>Duo-appel Appelboom Geschenk + Extra\u2019s kopen | Planten eenvoudig online bestellen | Schramas.com<\/title>\n<meta name=\"robots\" content=\"index, follow, max-snippet:-1, max-image-preview:large, max-video-preview:-1\" \/>\n<link rel=\"canonical\" href=\"https:\/\/www.schramas.com\/de\/shop\/duo-apfelbaum-geschenk-extras\/\" \/>\n<meta property=\"og:locale\" content=\"de_DE\" \/>\n<meta property=\"og:type\" content=\"article\" \/>\n<meta property=\"og:title\" content=\"Duo-appel Appelboom Geschenk + Extra\u2019s kopen | Planten eenvoudig online bestellen | Schramas.com\" \/>\n<meta property=\"og:description\" content=\"Malus domestica Elstar en Golden Delicious  Hoogte max.: ca. 2,5-3 meter  Leverhoogte incl. pot: ca. 100 cm  Potmaat: 5 liter  &nbsp;     PLUS EXTRA\u2019S\" \/>\n<meta property=\"og:url\" content=\"https:\/\/www.schramas.com\/de\/shop\/duo-apfelbaum-geschenk-extras\/\" \/>\n<meta property=\"og:site_name\" content=\"Planten eenvoudig online bestellen | Schramas.com\" \/>\n<meta property=\"article:publisher\" content=\"https:\/\/www.facebook.com\/Schramascom-106872874153195\/\" \/>\n<meta property=\"article:modified_time\" content=\"2025-07-10T10:19:08+00:00\" \/>\n<meta property=\"og:image\" content=\"https:\/\/www.schramas.com\/wp-content\/uploads\/2024\/01\/Duo-appel-cadeau.jpg\" \/>\n\t<meta property=\"og:image:width\" content=\"1600\" \/>\n\t<meta property=\"og:image:height\" content=\"1605\" \/>\n\t<meta property=\"og:image:type\" content=\"image\/jpeg\" \/>\n<meta name=\"twitter:card\" content=\"summary_large_image\" \/>\n<meta name=\"twitter:label1\" content=\"Gesch\u00e4tzte Lesezeit\" \/>\n\t<meta name=\"twitter:data1\" content=\"1\u00a0Minute\" \/>\n<script type=\"application\/ld+json\" class=\"yoast-schema-graph\">{\"@context\":\"https:\/\/schema.org\",\"@graph\":[{\"@type\":[\"WebPage\",\"ItemPage\"],\"@id\":\"https:\/\/www.schramas.com\/de\/shop\/duo-apfelbaum-geschenk-extras\/\",\"url\":\"https:\/\/www.schramas.com\/de\/shop\/duo-apfelbaum-geschenk-extras\/\",\"name\":\"Duo-appel Appelboom Geschenk + Extra\u2019s kopen | Planten eenvoudig online bestellen | Schramas.com\",\"isPartOf\":{\"@id\":\"https:\/\/www.schramas.com\/#website\"},\"primaryImageOfPage\":{\"@id\":\"https:\/\/www.schramas.com\/de\/shop\/duo-apfelbaum-geschenk-extras\/#primaryimage\"},\"image\":{\"@id\":\"https:\/\/www.schramas.com\/de\/shop\/duo-apfelbaum-geschenk-extras\/#primaryimage\"},\"thumbnailUrl\":\"https:\/\/www.schramas.com\/wp-content\/uploads\/2024\/01\/Duo-appel-cadeau.jpg\",\"datePublished\":\"2024-01-02T14:03:56+00:00\",\"dateModified\":\"2025-07-10T10:19:08+00:00\",\"breadcrumb\":{\"@id\":\"https:\/\/www.schramas.com\/de\/shop\/duo-apfelbaum-geschenk-extras\/#breadcrumb\"},\"inLanguage\":\"de\",\"potentialAction\":[{\"@type\":\"ReadAction\",\"target\":[\"https:\/\/www.schramas.com\/de\/shop\/duo-apfelbaum-geschenk-extras\/\"]}]},{\"@type\":\"ImageObject\",\"inLanguage\":\"de\",\"@id\":\"https:\/\/www.schramas.com\/de\/shop\/duo-apfelbaum-geschenk-extras\/#primaryimage\",\"url\":\"https:\/\/www.schramas.com\/wp-content\/uploads\/2024\/01\/Duo-appel-cadeau.jpg\",\"contentUrl\":\"https:\/\/www.schramas.com\/wp-content\/uploads\/2024\/01\/Duo-appel-cadeau.jpg\",\"width\":1600,\"height\":1605},{\"@type\":\"BreadcrumbList\",\"@id\":\"https:\/\/www.schramas.com\/de\/shop\/duo-apfelbaum-geschenk-extras\/#breadcrumb\",\"itemListElement\":[{\"@type\":\"ListItem\",\"position\":1,\"name\":\"Product\",\"item\":\"https:\/\/www.schramas.com\/assortiment\/\"},{\"@type\":\"ListItem\",\"position\":2,\"name\":\"Cadeau producten\",\"item\":\"https:\/\/www.schramas.com\/product-category\/cadeau-producten\/\"},{\"@type\":\"ListItem\",\"position\":3,\"name\":\"Duo-appel Appelboom Geschenk + Extra\u2019s\"}]},{\"@type\":\"WebSite\",\"@id\":\"https:\/\/www.schramas.com\/#website\",\"url\":\"https:\/\/www.schramas.com\/\",\"name\":\"Schramas.com | Tuinplanten eenvoudig online bestellen | Direct van onze Kwekerij\",\"description\":\"\",\"alternateName\":\"Schramas.com - Alle planten direct van de kweker\",\"potentialAction\":[{\"@type\":\"SearchAction\",\"target\":{\"@type\":\"EntryPoint\",\"urlTemplate\":\"https:\/\/www.schramas.com\/?s={search_term_string}\"},\"query-input\":{\"@type\":\"PropertyValueSpecification\",\"valueRequired\":true,\"valueName\":\"search_term_string\"}}],\"inLanguage\":\"de\"}]}<\/script>\n<!-- \/ Yoast SEO plugin. -->","yoast_head_json":{"title":"Duo Apple Apfelbaum Geschenk + Extras kaufen | Pflanzen einfach online bestellen | Schramas.de","robots":{"index":"index","follow":"follow","max-snippet":"max-snippet:-1","max-image-preview":"max-image-preview:large","max-video-preview":"max-video-preview:-1"},"canonical":"https:\/\/www.schramas.com\/de\/shop\/duo-apfelbaum-geschenk-extras\/","og_locale":"de_DE","og_type":"article","og_title":"Duo-appel Appelboom Geschenk + Extra\u2019s kopen | Planten eenvoudig online bestellen | Schramas.com","og_description":"Malus domestica Elstar en Golden Delicious  Hoogte max.: ca. 2,5-3 meter  Leverhoogte incl. pot: ca. 100 cm  Potmaat: 5 liter  &nbsp;     PLUS EXTRA\u2019S","og_url":"https:\/\/www.schramas.com\/de\/shop\/duo-apfelbaum-geschenk-extras\/","og_site_name":"Planten eenvoudig online bestellen | Schramas.com","article_publisher":"https:\/\/www.facebook.com\/Schramascom-106872874153195\/","article_modified_time":"2025-07-10T10:19:08+00:00","og_image":[{"width":1600,"height":1605,"url":"https:\/\/www.schramas.com\/wp-content\/uploads\/2024\/01\/Duo-appel-cadeau.jpg","type":"image\/jpeg"}],"twitter_card":"summary_large_image","twitter_misc":{"Gesch\u00e4tzte Lesezeit":"1\u00a0Minute"},"schema":{"@context":"https:\/\/schema.org","@graph":[{"@type":["WebPage","ItemPage"],"@id":"https:\/\/www.schramas.com\/de\/shop\/duo-apfelbaum-geschenk-extras\/","url":"https:\/\/www.schramas.com\/de\/shop\/duo-apfelbaum-geschenk-extras\/","name":"Duo Apple Apfelbaum Geschenk + Extras kaufen | Pflanzen einfach online bestellen | Schramas.de","isPartOf":{"@id":"https:\/\/www.schramas.com\/#website"},"primaryImageOfPage":{"@id":"https:\/\/www.schramas.com\/de\/shop\/duo-apfelbaum-geschenk-extras\/#primaryimage"},"image":{"@id":"https:\/\/www.schramas.com\/de\/shop\/duo-apfelbaum-geschenk-extras\/#primaryimage"},"thumbnailUrl":"https:\/\/www.schramas.com\/wp-content\/uploads\/2024\/01\/Duo-appel-cadeau.jpg","datePublished":"2024-01-02T14:03:56+00:00","dateModified":"2025-07-10T10:19:08+00:00","breadcrumb":{"@id":"https:\/\/www.schramas.com\/de\/shop\/duo-apfelbaum-geschenk-extras\/#breadcrumb"},"inLanguage":"de","potentialAction":[{"@type":"ReadAction","target":["https:\/\/www.schramas.com\/de\/shop\/duo-apfelbaum-geschenk-extras\/"]}]},{"@type":"ImageObject","inLanguage":"de","@id":"https:\/\/www.schramas.com\/de\/shop\/duo-apfelbaum-geschenk-extras\/#primaryimage","url":"https:\/\/www.schramas.com\/wp-content\/uploads\/2024\/01\/Duo-appel-cadeau.jpg","contentUrl":"https:\/\/www.schramas.com\/wp-content\/uploads\/2024\/01\/Duo-appel-cadeau.jpg","width":1600,"height":1605},{"@type":"BreadcrumbList","@id":"https:\/\/www.schramas.com\/de\/shop\/duo-apfelbaum-geschenk-extras\/#breadcrumb","itemListElement":[{"@type":"ListItem","position":1,"name":"Product","item":"https:\/\/www.schramas.com\/assortiment\/"},{"@type":"ListItem","position":2,"name":"Cadeau producten","item":"https:\/\/www.schramas.com\/product-category\/cadeau-producten\/"},{"@type":"ListItem","position":3,"name":"Duo-appel Appelboom Geschenk + Extra\u2019s"}]},{"@type":"WebSite","@id":"https:\/\/www.schramas.com\/#website","url":"https:\/\/www.schramas.com\/","name":"Schramas.com | Gartenpflanzen einfach online bestellen | Direkt aus unserer G\u00e4rtnerei","description":"","alternateName":"Schramas.com - Alle planten direct van de kweker","potentialAction":[{"@type":"SearchAction","target":{"@type":"EntryPoint","urlTemplate":"https:\/\/www.schramas.com\/?s={search_term_string}"},"query-input":{"@type":"PropertyValueSpecification","valueRequired":true,"valueName":"search_term_string"}}],"inLanguage":"de"}]}},"_links":{"self":[{"href":"https:\/\/www.schramas.com\/de\/wp-json\/wp\/v2\/product\/36497","targetHints":{"allow":["GET"]}}],"collection":[{"href":"https:\/\/www.schramas.com\/de\/wp-json\/wp\/v2\/product"}],"about":[{"href":"https:\/\/www.schramas.com\/de\/wp-json\/wp\/v2\/types\/product"}],"version-history":[{"count":0,"href":"https:\/\/www.schramas.com\/de\/wp-json\/wp\/v2\/product\/36497\/revisions"}],"wp:featuredmedia":[{"embeddable":true,"href":"https:\/\/www.schramas.com\/de\/wp-json\/wp\/v2\/media\/36498"}],"wp:attachment":[{"href":"https:\/\/www.schramas.com\/de\/wp-json\/wp\/v2\/media?parent=36497"}],"wp:term":[{"taxonomy":"product_brand","embeddable":true,"href":"https:\/\/www.schramas.com\/de\/wp-json\/wp\/v2\/product_brand?post=36497"},{"taxonomy":"product_cat","embeddable":true,"href":"https:\/\/www.schramas.com\/de\/wp-json\/wp\/v2\/product_cat?post=36497"},{"taxonomy":"product_tag","embeddable":true,"href":"https:\/\/www.schramas.com\/de\/wp-json\/wp\/v2\/product_tag?post=36497"}],"curies":[{"name":"wp","href":"https:\/\/api.w.org\/{rel}","templated":true}]}}