{"id":36501,"date":"2024-01-02T15:19:11","date_gmt":"2024-01-02T14:19:11","guid":{"rendered":"https:\/\/www.schramas.com\/?post_type=product&#038;p=36501"},"modified":"2025-07-10T12:19:08","modified_gmt":"2025-07-10T10:19:08","slug":"duo-birnbaum-geschenk-extras","status":"publish","type":"product","link":"https:\/\/www.schramas.com\/de\/shop\/duo-birnbaum-geschenk-extras\/","title":{"rendered":"Duo Birnbaum Geschenk + Extras"},"content":{"rendered":"<p>Der Pyrus Communis \u201eDuo\u201c ist ein einzigartiger Birnbaum, der zwei hervorragende Sorten in einem Baum vereint: die ber\u00fchmte \u201eConference\u201c und die zarte \u201eDoyenne du Comice\u201c.<\/p>\n<p>Die \u201eConference\u201c-Birne ist f\u00fcr ihre knackige Konsistenz und ihren s\u00fc\u00dfen Geschmack bekannt. Die Fr\u00fcchte haben eine charakteristische Birnenform und sind wunderbar saftig. Die \u201eDoyenne du Comice\u201c hingegen bezaubert durch ihr au\u00dfergew\u00f6hnlich weiches und cremiges Fruchtfleisch. Ihr s\u00fc\u00dfer Geschmack und ihr dezentes Aroma machen sie zu einer Perle unter den Birnen.<\/p>\n<p>Dieser besondere Birnbaum gedeiht am besten im Freiland und kann eine H\u00f6he von etwa 3 bis 3,5 Metern erreichen. Beide Sorten sind selbstbest\u00e4ubend, sodass Sie auch dann mit einer guten Ernte rechnen k\u00f6nnen, wenn keine anderen Birnb\u00e4ume in der N\u00e4he sind.<\/p>\n<p>Bei Lieferung inklusive Topf hat der Baum eine H\u00f6he von ca. 100 cm. Mit seiner kompakten Gr\u00f6\u00dfe und dem 5-Liter-Topf eignet sich der Pyrus Communis &#039;Duo&#039; sowohl f\u00fcr die Platzierung auf der Terrasse als auch im Freiland. G\u00f6nnen Sie sich die Vielseitigkeit und die k\u00f6stlichen Aromen, die dieser besondere Birnbaum zu bieten hat!<\/p>\n<p>&nbsp;<\/p>\n<p>Geschenk - Extras:<\/p>\n<ul>\n<li style=\"list-style-type: none;\">\n<ul>\n<li><strong>2x Bambusstab:<\/strong>\u00a0Unterst\u00fctzen Sie das Wachstum Ihres Apfelbaums und geben Sie ihm die Kraft, die er f\u00fcr eine gesunde Entwicklung braucht.<\/li>\n<li><strong>Jutesack (Geschenkverpackung)<\/strong><\/li>\n<li><strong>Sack voll Dung:<\/strong>\u00a0Geben Sie Ihrem Apfelbaum mit dem beiliegenden Beutel D\u00fcnger einen gesunden Start.<\/li>\n<li><strong>Geschenkgutschein \u00fcber 5,5 \u20ac:<\/strong>\u00a0Sie erhalten einen Geschenkgutschein im Wert von 5,5 \u20ac, den Sie auf unserer Website einl\u00f6sen k\u00f6nnen.<\/li>\n<\/ul>\n<\/li>\n<\/ul>","protected":false},"excerpt":{"rendered":"<p>Pyrus communis &#039;Conference&#039; + &#039;Doyenne du Comice&#039;<\/p>\n<p>Maximale H\u00f6he: ca. 3-3,5 Meter im Freiland<\/p>\n<p>Lieferh\u00f6he inkl. Topf: ca. 100 cm<\/p>\n<p>Topfgr\u00f6\u00dfe: 5 Liter<\/p>\n<p>&nbsp;<\/p>\n<p>PLUS EXTRA'S<\/p>","protected":false},"featured_media":36503,"template":"","meta":{"_joinchat":[]},"product_brand":[],"product_cat":[1713],"product_tag":[588,1599,638,697,572,351,316,328],"class_list":{"0":"post-36501","1":"product","2":"type-product","3":"status-publish","4":"has-post-thumbnail","6":"product_cat-cadeau-producten","7":"product_tag-conference","8":"product_tag-doyenne-du-comice","9":"product_tag-duo","10":"product_tag-duofruit","11":"product_tag-peer","12":"product_tag-winterhard","13":"product_tag-zelfbestuivend","14":"product_tag-zoet","15":"pa_bloeimaanden-maart","16":"pa_bloeimaanden-april","17":"pa_groeihoogte-300-cm","18":"pa_pot-met-pot","20":"first","21":"outofstock","22":"taxable","23":"shipping-taxable","24":"purchasable","25":"product-type-simple"},"yoast_head":"<!-- This site is optimized with the Yoast SEO plugin v24.2 - https:\/\/yoast.com\/wordpress\/plugins\/seo\/ -->\n<title>Duo-peer Perenboom Geschenk + Extra\u2019s kopen | Planten eenvoudig online bestellen | Schramas.com<\/title>\n<meta name=\"robots\" content=\"index, follow, max-snippet:-1, max-image-preview:large, max-video-preview:-1\" \/>\n<link rel=\"canonical\" href=\"https:\/\/www.schramas.com\/de\/shop\/duo-birnbaum-geschenk-extras\/\" \/>\n<meta property=\"og:locale\" content=\"de_DE\" \/>\n<meta property=\"og:type\" content=\"article\" \/>\n<meta property=\"og:title\" content=\"Duo-peer Perenboom Geschenk + Extra\u2019s kopen | Planten eenvoudig online bestellen | Schramas.com\" \/>\n<meta property=\"og:description\" content=\"Pyrus communis &#039;Conference&#039; + &#039;doyenne du comice&#039;  Hoogte maximaal: ca. 3-3,5 meter in de volle grond  Leverhoogte incl. pot: ca. 100 cm  Potmaat: 5 liter  &nbsp;  PLUS EXTRA\u2019S\" \/>\n<meta property=\"og:url\" content=\"https:\/\/www.schramas.com\/de\/shop\/duo-birnbaum-geschenk-extras\/\" \/>\n<meta property=\"og:site_name\" content=\"Planten eenvoudig online bestellen | Schramas.com\" \/>\n<meta property=\"article:publisher\" content=\"https:\/\/www.facebook.com\/Schramascom-106872874153195\/\" \/>\n<meta property=\"article:modified_time\" content=\"2025-07-10T10:19:08+00:00\" \/>\n<meta property=\"og:image\" content=\"https:\/\/www.schramas.com\/wp-content\/uploads\/2024\/01\/duo-peer-cadeau.jpg\" \/>\n\t<meta property=\"og:image:width\" content=\"1600\" \/>\n\t<meta property=\"og:image:height\" content=\"1605\" \/>\n\t<meta property=\"og:image:type\" content=\"image\/jpeg\" \/>\n<meta name=\"twitter:card\" content=\"summary_large_image\" \/>\n<meta name=\"twitter:label1\" content=\"Gesch\u00e4tzte Lesezeit\" \/>\n\t<meta name=\"twitter:data1\" content=\"1\u00a0Minute\" \/>\n<script type=\"application\/ld+json\" class=\"yoast-schema-graph\">{\"@context\":\"https:\/\/schema.org\",\"@graph\":[{\"@type\":[\"WebPage\",\"ItemPage\"],\"@id\":\"https:\/\/www.schramas.com\/winkel\/duo-peer-perenboom-geschenk-extras\/\",\"url\":\"https:\/\/www.schramas.com\/winkel\/duo-peer-perenboom-geschenk-extras\/\",\"name\":\"Duo-peer Perenboom Geschenk + Extra\u2019s kopen | Planten eenvoudig online bestellen | Schramas.com\",\"isPartOf\":{\"@id\":\"https:\/\/www.schramas.com\/#website\"},\"primaryImageOfPage\":{\"@id\":\"https:\/\/www.schramas.com\/winkel\/duo-peer-perenboom-geschenk-extras\/#primaryimage\"},\"image\":{\"@id\":\"https:\/\/www.schramas.com\/winkel\/duo-peer-perenboom-geschenk-extras\/#primaryimage\"},\"thumbnailUrl\":\"https:\/\/www.schramas.com\/wp-content\/uploads\/2024\/01\/duo-peer-cadeau.jpg\",\"datePublished\":\"2024-01-02T14:19:11+00:00\",\"dateModified\":\"2025-07-10T10:19:08+00:00\",\"breadcrumb\":{\"@id\":\"https:\/\/www.schramas.com\/winkel\/duo-peer-perenboom-geschenk-extras\/#breadcrumb\"},\"inLanguage\":\"de\",\"potentialAction\":[{\"@type\":\"ReadAction\",\"target\":[\"https:\/\/www.schramas.com\/winkel\/duo-peer-perenboom-geschenk-extras\/\"]}]},{\"@type\":\"ImageObject\",\"inLanguage\":\"de\",\"@id\":\"https:\/\/www.schramas.com\/winkel\/duo-peer-perenboom-geschenk-extras\/#primaryimage\",\"url\":\"https:\/\/www.schramas.com\/wp-content\/uploads\/2024\/01\/duo-peer-cadeau.jpg\",\"contentUrl\":\"https:\/\/www.schramas.com\/wp-content\/uploads\/2024\/01\/duo-peer-cadeau.jpg\",\"width\":1600,\"height\":1605},{\"@type\":\"BreadcrumbList\",\"@id\":\"https:\/\/www.schramas.com\/winkel\/duo-peer-perenboom-geschenk-extras\/#breadcrumb\",\"itemListElement\":[{\"@type\":\"ListItem\",\"position\":1,\"name\":\"Product\",\"item\":\"https:\/\/www.schramas.com\/assortiment\/\"},{\"@type\":\"ListItem\",\"position\":2,\"name\":\"Cadeau producten\",\"item\":\"https:\/\/www.schramas.com\/product-category\/cadeau-producten\/\"},{\"@type\":\"ListItem\",\"position\":3,\"name\":\"Duo-peer Perenboom Geschenk + Extra\u2019s\"}]},{\"@type\":\"WebSite\",\"@id\":\"https:\/\/www.schramas.com\/#website\",\"url\":\"https:\/\/www.schramas.com\/\",\"name\":\"Schramas.com | Tuinplanten eenvoudig online bestellen | Direct van onze Kwekerij\",\"description\":\"\",\"alternateName\":\"Schramas.com - Alle planten direct van de kweker\",\"potentialAction\":[{\"@type\":\"SearchAction\",\"target\":{\"@type\":\"EntryPoint\",\"urlTemplate\":\"https:\/\/www.schramas.com\/?s={search_term_string}\"},\"query-input\":{\"@type\":\"PropertyValueSpecification\",\"valueRequired\":true,\"valueName\":\"search_term_string\"}}],\"inLanguage\":\"de\"}]}<\/script>\n<!-- \/ Yoast SEO plugin. -->","yoast_head_json":{"title":"Kaufen Sie Duo-Birne Birnbaum Geschenk + Extras | Pflanzen einfach online bestellen | Schramas.com","robots":{"index":"index","follow":"follow","max-snippet":"max-snippet:-1","max-image-preview":"max-image-preview:large","max-video-preview":"max-video-preview:-1"},"canonical":"https:\/\/www.schramas.com\/de\/shop\/duo-birnbaum-geschenk-extras\/","og_locale":"de_DE","og_type":"article","og_title":"Duo-peer Perenboom Geschenk + Extra\u2019s kopen | Planten eenvoudig online bestellen | Schramas.com","og_description":"Pyrus communis 'Conference' + 'doyenne du comice'  Hoogte maximaal: ca. 3-3,5 meter in de volle grond  Leverhoogte incl. pot: ca. 100 cm  Potmaat: 5 liter  &nbsp;  PLUS EXTRA\u2019S","og_url":"https:\/\/www.schramas.com\/de\/shop\/duo-birnbaum-geschenk-extras\/","og_site_name":"Planten eenvoudig online bestellen | Schramas.com","article_publisher":"https:\/\/www.facebook.com\/Schramascom-106872874153195\/","article_modified_time":"2025-07-10T10:19:08+00:00","og_image":[{"width":1600,"height":1605,"url":"https:\/\/www.schramas.com\/wp-content\/uploads\/2024\/01\/duo-peer-cadeau.jpg","type":"image\/jpeg"}],"twitter_card":"summary_large_image","twitter_misc":{"Gesch\u00e4tzte Lesezeit":"1\u00a0Minute"},"schema":{"@context":"https:\/\/schema.org","@graph":[{"@type":["WebPage","ItemPage"],"@id":"https:\/\/www.schramas.com\/winkel\/duo-peer-perenboom-geschenk-extras\/","url":"https:\/\/www.schramas.com\/winkel\/duo-peer-perenboom-geschenk-extras\/","name":"Kaufen Sie Duo-Birne Birnbaum Geschenk + Extras | Pflanzen einfach online bestellen | Schramas.com","isPartOf":{"@id":"https:\/\/www.schramas.com\/#website"},"primaryImageOfPage":{"@id":"https:\/\/www.schramas.com\/winkel\/duo-peer-perenboom-geschenk-extras\/#primaryimage"},"image":{"@id":"https:\/\/www.schramas.com\/winkel\/duo-peer-perenboom-geschenk-extras\/#primaryimage"},"thumbnailUrl":"https:\/\/www.schramas.com\/wp-content\/uploads\/2024\/01\/duo-peer-cadeau.jpg","datePublished":"2024-01-02T14:19:11+00:00","dateModified":"2025-07-10T10:19:08+00:00","breadcrumb":{"@id":"https:\/\/www.schramas.com\/winkel\/duo-peer-perenboom-geschenk-extras\/#breadcrumb"},"inLanguage":"de","potentialAction":[{"@type":"ReadAction","target":["https:\/\/www.schramas.com\/winkel\/duo-peer-perenboom-geschenk-extras\/"]}]},{"@type":"ImageObject","inLanguage":"de","@id":"https:\/\/www.schramas.com\/winkel\/duo-peer-perenboom-geschenk-extras\/#primaryimage","url":"https:\/\/www.schramas.com\/wp-content\/uploads\/2024\/01\/duo-peer-cadeau.jpg","contentUrl":"https:\/\/www.schramas.com\/wp-content\/uploads\/2024\/01\/duo-peer-cadeau.jpg","width":1600,"height":1605},{"@type":"BreadcrumbList","@id":"https:\/\/www.schramas.com\/winkel\/duo-peer-perenboom-geschenk-extras\/#breadcrumb","itemListElement":[{"@type":"ListItem","position":1,"name":"Product","item":"https:\/\/www.schramas.com\/assortiment\/"},{"@type":"ListItem","position":2,"name":"Cadeau producten","item":"https:\/\/www.schramas.com\/product-category\/cadeau-producten\/"},{"@type":"ListItem","position":3,"name":"Duo-peer Perenboom Geschenk + Extra\u2019s"}]},{"@type":"WebSite","@id":"https:\/\/www.schramas.com\/#website","url":"https:\/\/www.schramas.com\/","name":"Schramas.com | Gartenpflanzen einfach online bestellen | Direkt aus unserer G\u00e4rtnerei","description":"","alternateName":"Schramas.com - Alle planten direct van de kweker","potentialAction":[{"@type":"SearchAction","target":{"@type":"EntryPoint","urlTemplate":"https:\/\/www.schramas.com\/?s={search_term_string}"},"query-input":{"@type":"PropertyValueSpecification","valueRequired":true,"valueName":"search_term_string"}}],"inLanguage":"de"}]}},"_links":{"self":[{"href":"https:\/\/www.schramas.com\/de\/wp-json\/wp\/v2\/product\/36501","targetHints":{"allow":["GET"]}}],"collection":[{"href":"https:\/\/www.schramas.com\/de\/wp-json\/wp\/v2\/product"}],"about":[{"href":"https:\/\/www.schramas.com\/de\/wp-json\/wp\/v2\/types\/product"}],"version-history":[{"count":0,"href":"https:\/\/www.schramas.com\/de\/wp-json\/wp\/v2\/product\/36501\/revisions"}],"wp:featuredmedia":[{"embeddable":true,"href":"https:\/\/www.schramas.com\/de\/wp-json\/wp\/v2\/media\/36503"}],"wp:attachment":[{"href":"https:\/\/www.schramas.com\/de\/wp-json\/wp\/v2\/media?parent=36501"}],"wp:term":[{"taxonomy":"product_brand","embeddable":true,"href":"https:\/\/www.schramas.com\/de\/wp-json\/wp\/v2\/product_brand?post=36501"},{"taxonomy":"product_cat","embeddable":true,"href":"https:\/\/www.schramas.com\/de\/wp-json\/wp\/v2\/product_cat?post=36501"},{"taxonomy":"product_tag","embeddable":true,"href":"https:\/\/www.schramas.com\/de\/wp-json\/wp\/v2\/product_tag?post=36501"}],"curies":[{"name":"wp","href":"https:\/\/api.w.org\/{rel}","templated":true}]}}