{"id":40191,"date":"2024-05-07T12:19:47","date_gmt":"2024-05-07T10:19:47","guid":{"rendered":"https:\/\/www.schramas.com\/?post_type=product&#038;p=40191"},"modified":"2026-03-26T16:36:16","modified_gmt":"2026-03-26T15:36:16","slug":"corylus-avellana-scooter-whirlwind-hasel-hohe-40-cm-14-cm-topf","status":"publish","type":"product","link":"https:\/\/www.schramas.com\/de\/shop\/corylus-avellana-scooter-whirlwind-hasel-hohe-40-cm-14-cm-topf\/","title":{"rendered":"Corylus avellana 'Scooter' - Wirbelwind-Hasel - H\u00f6he 40cm - 14cm Topf"},"content":{"rendered":"<div class=\"group final-completion w-full text-token-text-primary border-b border-black\/10 gizmo:border-0 dark:border-gray-900\/50 gizmo:dark:border-0 bg-gray-50 gizmo:bg-transparent dark:bg-[#444654] gizmo:dark:bg-transparent\" data-testid=\"conversation-turn-292\">\n<div class=\"p-4 gizmo:py-2 justify-center text-base md:gap-6 md:py-6 m-auto\">\n<div class=\"flex flex-1 gap-4 text-base mx-auto md:gap-6 gizmo:gap-3 gizmo:md:px-5 gizmo:lg:px-1 gizmo:xl:px-5 md:max-w-2xl lg:max-w-[38rem] gizmo:md:max-w-3xl gizmo:lg:max-w-[40rem] gizmo:xl:max-w-[48rem] xl:max-w-3xl }\">\n<div class=\"relative flex w-[calc(100%-50px)] flex-col gizmo:w-full lg:w-[calc(100%-115px)] agent-turn\">\n<div class=\"flex-col gap-1 md:gap-3\">\n<div class=\"flex flex-grow flex-col gap-3 max-w-full\">\n<div class=\"min-h-[20px] flex flex-col items-start gap-3 whitespace-pre-wrap break-words overflow-x-auto\">\n<div class=\"markdown prose w-full break-words dark:prose-invert light\">\n<p>Die Corylus avellana &#039;Scooter&#039;, auch Wirbelwind-Hasel genannt, ist eine kleinere Variante der Corylus avellana &#039;Contorta&#039; (Hasel). Diese Sorte w\u00e4chst langsamer und entwickelt sich mit gedrehten Zweigen, was ihr ein einzigartiges Aussehen verleiht. Nach etwa 10 Jahren erreicht diese Hasel eine H\u00f6he von etwa 1 bis 1,25 Metern.<\/p>\n<p>In der Zeit von Februar bis April pr\u00e4sentiert der Corylus avellana \u201eScooter\u201c auff\u00e4llige gelbe K\u00e4tzchen, die eine fr\u00fche Fr\u00fchlingsstimmung in den Garten bringen. Die Bl\u00e4tter dieser Hasel verf\u00e4rben sich im Herbst wundersch\u00f6n, wodurch sie das ganze Jahr \u00fcber optisch ansprechend bleibt.<\/p>\n<p>Eines der auff\u00e4lligsten Merkmale dieser Haselnuss sind ihre essbaren Fr\u00fcchte, die im September reifen. Diese Fr\u00fcchte haben einen k\u00f6stlichen, aromatischen, nussigen Geschmack und verleihen dem Gartenerlebnis eine einzigartige kulinarische Note.<\/p>\n<\/div>\n<\/div>\n<\/div>\n<\/div>\n<\/div>\n<\/div>\n<\/div>\n<\/div>","protected":false},"excerpt":{"rendered":"<p>Corylus avellana &#039;Roller&#039;<\/p>\n<p>Wirbelwind-Hasel<\/p>\n<p>Maximale H\u00f6he: 1,5 m<\/p>\n<p>Lieferh\u00f6he inkl. Topf: ca. 40 cm<\/p>\n<p>Topfgr\u00f6\u00dfe: 2-Liter-Topf<\/p>","protected":false},"featured_media":40196,"template":"","meta":{"_joinchat":[]},"product_brand":[],"product_cat":[262,233,1033,1031],"product_tag":[1199,1728,1503,1729,1730,1035,1490,1577,1731,1733,930,610,1732,1727],"class_list":{"0":"post-40191","1":"product","2":"type-product","3":"status-publish","4":"has-post-thumbnail","6":"product_cat-bomen-struiken","7":"product_cat-fruitbomen","8":"product_cat-hazelnoten","9":"product_cat-notenbomen","10":"product_tag-compacte-groei","11":"product_tag-corylus-avellana-scooter","12":"product_tag-eetbare-vruchten","13":"product_tag-gedraaide-takken","14":"product_tag-gele-katjes","15":"product_tag-hazelaar","16":"product_tag-herfstverkleuring","17":"product_tag-langzame-groei","18":"product_tag-nootachtige-smaak","19":"product_tag-septemberoogst","20":"product_tag-sierstruik","21":"product_tag-tuinplant","22":"product_tag-vroege-lente-bloeier","23":"product_tag-wervelwind-hazelaar","24":"pa_ewd_uwcf_colors-groen-2","25":"pa_groeihoogte-60-150-cm","26":"pa_pot-zonder-pot","28":"first","29":"outofstock","30":"taxable","31":"shipping-taxable","32":"purchasable","33":"product-type-simple"},"yoast_head":"<!-- This site is optimized with the Yoast SEO plugin v24.2 - https:\/\/yoast.com\/wordpress\/plugins\/seo\/ -->\n<title>Corylus avellana &#039;Scooter&#039; - wervelwind hazelaar - Hoogte 40cm - 14cm pot kopen | Planten eenvoudig online bestellen | Schramas.com<\/title>\n<meta name=\"robots\" content=\"index, follow, max-snippet:-1, max-image-preview:large, max-video-preview:-1\" \/>\n<link rel=\"canonical\" href=\"https:\/\/www.schramas.com\/de\/shop\/corylus-avellana-scooter-whirlwind-hasel-hohe-40-cm-14-cm-topf\/\" \/>\n<meta property=\"og:locale\" content=\"de_DE\" \/>\n<meta property=\"og:type\" content=\"article\" \/>\n<meta property=\"og:title\" content=\"Corylus avellana &#039;Scooter&#039; - wervelwind hazelaar - Hoogte 40cm - 14cm pot kopen | Planten eenvoudig online bestellen | Schramas.com\" \/>\n<meta property=\"og:description\" content=\"Corylus avellana &#039;Scooter&#039;  Wervelwind hazelaar  Hoogte max: 1,5m  Leverhoogte incl. pot: circa 40cm  Potmaat: 2 liter pot\" \/>\n<meta property=\"og:url\" content=\"https:\/\/www.schramas.com\/de\/shop\/corylus-avellana-scooter-whirlwind-hasel-hohe-40-cm-14-cm-topf\/\" \/>\n<meta property=\"og:site_name\" content=\"Planten eenvoudig online bestellen | Schramas.com\" \/>\n<meta property=\"article:publisher\" content=\"https:\/\/www.facebook.com\/Schramascom-106872874153195\/\" \/>\n<meta property=\"article:modified_time\" content=\"2026-03-26T15:36:16+00:00\" \/>\n<meta property=\"og:image\" content=\"http:\/\/www.schramas.com\/wp-content\/uploads\/2024\/05\/Corylus-Scooter-sfeer.jpg\" \/>\n\t<meta property=\"og:image:width\" content=\"1200\" \/>\n\t<meta property=\"og:image:height\" content=\"1200\" \/>\n\t<meta property=\"og:image:type\" content=\"image\/jpeg\" \/>\n<meta name=\"twitter:card\" content=\"summary_large_image\" \/>\n<meta name=\"twitter:label1\" content=\"Gesch\u00e4tzte Lesezeit\" \/>\n\t<meta name=\"twitter:data1\" content=\"1\u00a0Minute\" \/>\n<script type=\"application\/ld+json\" class=\"yoast-schema-graph\">{\"@context\":\"https:\/\/schema.org\",\"@graph\":[{\"@type\":[\"WebPage\",\"ItemPage\"],\"@id\":\"https:\/\/www.schramas.com\/winkel\/corylus-avellana-scooter-wervelwind-hazelaar-hoogte-40cm-14cm-pot\/\",\"url\":\"https:\/\/www.schramas.com\/winkel\/corylus-avellana-scooter-wervelwind-hazelaar-hoogte-40cm-14cm-pot\/\",\"name\":\"Corylus avellana 'Scooter' - wervelwind hazelaar - Hoogte 40cm - 14cm pot kopen | Planten eenvoudig online bestellen | Schramas.com\",\"isPartOf\":{\"@id\":\"https:\/\/www.schramas.com\/#website\"},\"primaryImageOfPage\":{\"@id\":\"https:\/\/www.schramas.com\/winkel\/corylus-avellana-scooter-wervelwind-hazelaar-hoogte-40cm-14cm-pot\/#primaryimage\"},\"image\":{\"@id\":\"https:\/\/www.schramas.com\/winkel\/corylus-avellana-scooter-wervelwind-hazelaar-hoogte-40cm-14cm-pot\/#primaryimage\"},\"thumbnailUrl\":\"https:\/\/www.schramas.com\/wp-content\/uploads\/2024\/05\/Corylus-Scooter-sfeer.jpg\",\"datePublished\":\"2024-05-07T10:19:47+00:00\",\"dateModified\":\"2026-03-26T15:36:16+00:00\",\"breadcrumb\":{\"@id\":\"https:\/\/www.schramas.com\/winkel\/corylus-avellana-scooter-wervelwind-hazelaar-hoogte-40cm-14cm-pot\/#breadcrumb\"},\"inLanguage\":\"de\",\"potentialAction\":[{\"@type\":\"ReadAction\",\"target\":[\"https:\/\/www.schramas.com\/winkel\/corylus-avellana-scooter-wervelwind-hazelaar-hoogte-40cm-14cm-pot\/\"]}]},{\"@type\":\"ImageObject\",\"inLanguage\":\"de\",\"@id\":\"https:\/\/www.schramas.com\/winkel\/corylus-avellana-scooter-wervelwind-hazelaar-hoogte-40cm-14cm-pot\/#primaryimage\",\"url\":\"https:\/\/www.schramas.com\/wp-content\/uploads\/2024\/05\/Corylus-Scooter-sfeer.jpg\",\"contentUrl\":\"https:\/\/www.schramas.com\/wp-content\/uploads\/2024\/05\/Corylus-Scooter-sfeer.jpg\",\"width\":1200,\"height\":1200},{\"@type\":\"BreadcrumbList\",\"@id\":\"https:\/\/www.schramas.com\/winkel\/corylus-avellana-scooter-wervelwind-hazelaar-hoogte-40cm-14cm-pot\/#breadcrumb\",\"itemListElement\":[{\"@type\":\"ListItem\",\"position\":1,\"name\":\"Product\",\"item\":\"https:\/\/www.schramas.com\/assortiment\/\"},{\"@type\":\"ListItem\",\"position\":2,\"name\":\"Bomen &amp; Struiken\",\"item\":\"https:\/\/www.schramas.com\/product-category\/bomen-struiken\/\"},{\"@type\":\"ListItem\",\"position\":3,\"name\":\"Notenbomen\",\"item\":\"https:\/\/www.schramas.com\/product-category\/bomen-struiken\/notenbomen\/\"},{\"@type\":\"ListItem\",\"position\":4,\"name\":\"Hazelnoten\",\"item\":\"https:\/\/www.schramas.com\/product-category\/bomen-struiken\/notenbomen\/hazelnoten\/\"},{\"@type\":\"ListItem\",\"position\":5,\"name\":\"Corylus avellana &#8216;Scooter&#8217; &#8211; wervelwind hazelaar &#8211; Hoogte 40cm &#8211; 14cm pot\"}]},{\"@type\":\"WebSite\",\"@id\":\"https:\/\/www.schramas.com\/#website\",\"url\":\"https:\/\/www.schramas.com\/\",\"name\":\"Schramas.com | Tuinplanten eenvoudig online bestellen | Direct van onze Kwekerij\",\"description\":\"\",\"alternateName\":\"Schramas.com - Alle planten direct van de kweker\",\"potentialAction\":[{\"@type\":\"SearchAction\",\"target\":{\"@type\":\"EntryPoint\",\"urlTemplate\":\"https:\/\/www.schramas.com\/?s={search_term_string}\"},\"query-input\":{\"@type\":\"PropertyValueSpecification\",\"valueRequired\":true,\"valueName\":\"search_term_string\"}}],\"inLanguage\":\"de\"}]}<\/script>\n<!-- \/ Yoast SEO plugin. -->","yoast_head_json":{"title":"Kaufen Sie Corylus avellana &#039;Scooter&#039; - Wirbelwind-Hasel - H\u00f6he 40 cm - 14 cm Topf | Pflanzen einfach online bestellen | Schramas.com","robots":{"index":"index","follow":"follow","max-snippet":"max-snippet:-1","max-image-preview":"max-image-preview:large","max-video-preview":"max-video-preview:-1"},"canonical":"https:\/\/www.schramas.com\/de\/shop\/corylus-avellana-scooter-whirlwind-hasel-hohe-40-cm-14-cm-topf\/","og_locale":"de_DE","og_type":"article","og_title":"Corylus avellana 'Scooter' - wervelwind hazelaar - Hoogte 40cm - 14cm pot kopen | Planten eenvoudig online bestellen | Schramas.com","og_description":"Corylus avellana 'Scooter'  Wervelwind hazelaar  Hoogte max: 1,5m  Leverhoogte incl. pot: circa 40cm  Potmaat: 2 liter pot","og_url":"https:\/\/www.schramas.com\/de\/shop\/corylus-avellana-scooter-whirlwind-hasel-hohe-40-cm-14-cm-topf\/","og_site_name":"Planten eenvoudig online bestellen | Schramas.com","article_publisher":"https:\/\/www.facebook.com\/Schramascom-106872874153195\/","article_modified_time":"2026-03-26T15:36:16+00:00","og_image":[{"width":1200,"height":1200,"url":"http:\/\/www.schramas.com\/wp-content\/uploads\/2024\/05\/Corylus-Scooter-sfeer.jpg","type":"image\/jpeg"}],"twitter_card":"summary_large_image","twitter_misc":{"Gesch\u00e4tzte Lesezeit":"1\u00a0Minute"},"schema":{"@context":"https:\/\/schema.org","@graph":[{"@type":["WebPage","ItemPage"],"@id":"https:\/\/www.schramas.com\/winkel\/corylus-avellana-scooter-wervelwind-hazelaar-hoogte-40cm-14cm-pot\/","url":"https:\/\/www.schramas.com\/winkel\/corylus-avellana-scooter-wervelwind-hazelaar-hoogte-40cm-14cm-pot\/","name":"Kaufen Sie Corylus avellana &#039;Scooter&#039; - Wirbelwind-Hasel - H\u00f6he 40 cm - 14 cm Topf | Pflanzen einfach online bestellen | Schramas.com","isPartOf":{"@id":"https:\/\/www.schramas.com\/#website"},"primaryImageOfPage":{"@id":"https:\/\/www.schramas.com\/winkel\/corylus-avellana-scooter-wervelwind-hazelaar-hoogte-40cm-14cm-pot\/#primaryimage"},"image":{"@id":"https:\/\/www.schramas.com\/winkel\/corylus-avellana-scooter-wervelwind-hazelaar-hoogte-40cm-14cm-pot\/#primaryimage"},"thumbnailUrl":"https:\/\/www.schramas.com\/wp-content\/uploads\/2024\/05\/Corylus-Scooter-sfeer.jpg","datePublished":"2024-05-07T10:19:47+00:00","dateModified":"2026-03-26T15:36:16+00:00","breadcrumb":{"@id":"https:\/\/www.schramas.com\/winkel\/corylus-avellana-scooter-wervelwind-hazelaar-hoogte-40cm-14cm-pot\/#breadcrumb"},"inLanguage":"de","potentialAction":[{"@type":"ReadAction","target":["https:\/\/www.schramas.com\/winkel\/corylus-avellana-scooter-wervelwind-hazelaar-hoogte-40cm-14cm-pot\/"]}]},{"@type":"ImageObject","inLanguage":"de","@id":"https:\/\/www.schramas.com\/winkel\/corylus-avellana-scooter-wervelwind-hazelaar-hoogte-40cm-14cm-pot\/#primaryimage","url":"https:\/\/www.schramas.com\/wp-content\/uploads\/2024\/05\/Corylus-Scooter-sfeer.jpg","contentUrl":"https:\/\/www.schramas.com\/wp-content\/uploads\/2024\/05\/Corylus-Scooter-sfeer.jpg","width":1200,"height":1200},{"@type":"BreadcrumbList","@id":"https:\/\/www.schramas.com\/winkel\/corylus-avellana-scooter-wervelwind-hazelaar-hoogte-40cm-14cm-pot\/#breadcrumb","itemListElement":[{"@type":"ListItem","position":1,"name":"Product","item":"https:\/\/www.schramas.com\/assortiment\/"},{"@type":"ListItem","position":2,"name":"Bomen &amp; Struiken","item":"https:\/\/www.schramas.com\/product-category\/bomen-struiken\/"},{"@type":"ListItem","position":3,"name":"Notenbomen","item":"https:\/\/www.schramas.com\/product-category\/bomen-struiken\/notenbomen\/"},{"@type":"ListItem","position":4,"name":"Hazelnoten","item":"https:\/\/www.schramas.com\/product-category\/bomen-struiken\/notenbomen\/hazelnoten\/"},{"@type":"ListItem","position":5,"name":"Corylus avellana &#8216;Scooter&#8217; &#8211; wervelwind hazelaar &#8211; Hoogte 40cm &#8211; 14cm pot"}]},{"@type":"WebSite","@id":"https:\/\/www.schramas.com\/#website","url":"https:\/\/www.schramas.com\/","name":"Schramas.com | Gartenpflanzen einfach online bestellen | Direkt aus unserer G\u00e4rtnerei","description":"","alternateName":"Schramas.com - Alle planten direct van de kweker","potentialAction":[{"@type":"SearchAction","target":{"@type":"EntryPoint","urlTemplate":"https:\/\/www.schramas.com\/?s={search_term_string}"},"query-input":{"@type":"PropertyValueSpecification","valueRequired":true,"valueName":"search_term_string"}}],"inLanguage":"de"}]}},"_links":{"self":[{"href":"https:\/\/www.schramas.com\/de\/wp-json\/wp\/v2\/product\/40191","targetHints":{"allow":["GET"]}}],"collection":[{"href":"https:\/\/www.schramas.com\/de\/wp-json\/wp\/v2\/product"}],"about":[{"href":"https:\/\/www.schramas.com\/de\/wp-json\/wp\/v2\/types\/product"}],"version-history":[{"count":3,"href":"https:\/\/www.schramas.com\/de\/wp-json\/wp\/v2\/product\/40191\/revisions"}],"predecessor-version":[{"id":40201,"href":"https:\/\/www.schramas.com\/de\/wp-json\/wp\/v2\/product\/40191\/revisions\/40201"}],"wp:featuredmedia":[{"embeddable":true,"href":"https:\/\/www.schramas.com\/de\/wp-json\/wp\/v2\/media\/40196"}],"wp:attachment":[{"href":"https:\/\/www.schramas.com\/de\/wp-json\/wp\/v2\/media?parent=40191"}],"wp:term":[{"taxonomy":"product_brand","embeddable":true,"href":"https:\/\/www.schramas.com\/de\/wp-json\/wp\/v2\/product_brand?post=40191"},{"taxonomy":"product_cat","embeddable":true,"href":"https:\/\/www.schramas.com\/de\/wp-json\/wp\/v2\/product_cat?post=40191"},{"taxonomy":"product_tag","embeddable":true,"href":"https:\/\/www.schramas.com\/de\/wp-json\/wp\/v2\/product_tag?post=40191"}],"curies":[{"name":"wp","href":"https:\/\/api.w.org\/{rel}","templated":true}]}}