{"id":40202,"date":"2024-05-07T14:00:59","date_gmt":"2024-05-07T12:00:59","guid":{"rendered":"https:\/\/www.schramas.com\/?post_type=product&#038;p=40202"},"modified":"2026-03-26T16:36:17","modified_gmt":"2026-03-26T15:36:17","slug":"corylus-tonda-gentile-delle-langhe-italienische-haselnuss-hohe-40-cm-12-cm-topf","status":"publish","type":"product","link":"https:\/\/www.schramas.com\/de\/shop\/corylus-tonda-gentile-delle-langhe-italienische-haselnuss-hohe-40-cm-12-cm-topf\/","title":{"rendered":"Corylus 'Tonda gentile delle Langhe' - Italienische Haselnuss - H\u00f6he 40cm - 12cm Topf"},"content":{"rendered":"<div class=\"group final-completion w-full text-token-text-primary border-b border-black\/10 gizmo:border-0 dark:border-gray-900\/50 gizmo:dark:border-0 bg-gray-50 gizmo:bg-transparent dark:bg-[#444654] gizmo:dark:bg-transparent\" data-testid=\"conversation-turn-292\">\n<div class=\"p-4 gizmo:py-2 justify-center text-base md:gap-6 md:py-6 m-auto\">\n<div class=\"flex flex-1 gap-4 text-base mx-auto md:gap-6 gizmo:gap-3 gizmo:md:px-5 gizmo:lg:px-1 gizmo:xl:px-5 md:max-w-2xl lg:max-w-[38rem] gizmo:md:max-w-3xl gizmo:lg:max-w-[40rem] gizmo:xl:max-w-[48rem] xl:max-w-3xl }\">\n<div class=\"relative flex w-[calc(100%-50px)] flex-col gizmo:w-full lg:w-[calc(100%-115px)] agent-turn\">\n<div class=\"flex-col gap-1 md:gap-3\">\n<div class=\"flex flex-grow flex-col gap-3 max-w-full\">\n<div class=\"min-h-[20px] flex flex-col items-start gap-3 whitespace-pre-wrap break-words overflow-x-auto\">\n<div class=\"markdown prose w-full break-words dark:prose-invert light\">\n<p>Corylus &#039;Tonda Gentile delle Langhe&#039; ist eine schmackhafte Hybride des Haselbaums, der f\u00fcr seine k\u00f6stlichen N\u00fcsse bekannt ist, die in der italienischen K\u00fcche h\u00e4ufig verwendet werden. Dieser mittelgro\u00dfe Laubbaum kann eine H\u00f6he von 3\u20135 Metern erreichen und produziert gro\u00dfe, runde N\u00fcsse mit einer d\u00fcnnen Schale und einem vollen, nussigen Geschmack. Die N\u00fcsse sind wegen ihrer kulinarischen Vielseitigkeit beliebt und werden oft in Geb\u00e4ck, Schokolade und verschiedenen Gerichten verwendet.<\/p>\n<p>Diese Haselnuss ist f\u00fcr ihre Widerstandsf\u00e4higkeit bekannt und kann in einer Vielzahl von Klimazonen gedeihen, auch in kalten Regionen, in denen sie Temperaturen von bis zu -20 \u00b0C vertr\u00e4gt. Dar\u00fcber hinaus ist diese Sorte aus Italien sehr tolerant gegen\u00fcber Trockenheit, was sie zu einer widerstandsf\u00e4higen Wahl f\u00fcr eine Vielzahl von G\u00e4rten macht.<\/p>\n<p>Mit einem guten Best\u00e4uber wie Tonda Romana k\u00f6nnen diese Nussbaumsorten hervorragende Fr\u00fcchte hervorbringen. Die N\u00fcsse sind von ausgezeichneter Qualit\u00e4t und beginnen etwa Mitte September zu fallen. Diese Pflanzen sind derzeit 30 bis 50 cm hoch und werden im 12 cm Topf geliefert.<\/p>\n<\/div>\n<\/div>\n<\/div>\n<\/div>\n<\/div>\n<\/div>\n<\/div>\n<\/div>","protected":false},"excerpt":{"rendered":"<p>Corylus Tonda gentile delle Langhe<\/p>\n<p>Haselnuss<\/p>\n<p>H\u00f6he max: 3-5m<\/p>\n<p>Lieferh\u00f6he inkl. Topf: ca. 40 cm<\/p>\n<p>Topfgr\u00f6\u00dfe: 12cm Topf<\/p>","protected":false},"featured_media":40209,"template":"","meta":{"_joinchat":[]},"product_brand":[],"product_cat":[262,233,1033,1031,3193],"product_tag":[1736,1735,1497,1277,1034,1734,1731,610,351],"class_list":{"0":"post-40202","1":"product","2":"type-product","3":"status-publish","4":"has-post-thumbnail","6":"product_cat-bomen-struiken","7":"product_cat-fruitbomen","8":"product_cat-hazelnoten","9":"product_cat-notenbomen","10":"product_cat-sierbomen","11":"product_tag-bestuiver","12":"product_tag-culinaire-noten","13":"product_tag-droogtetolerant","14":"product_tag-fruitboom","15":"product_tag-hazelnoot","16":"product_tag-italiaanse-keuken","17":"product_tag-nootachtige-smaak","18":"product_tag-tuinplant","19":"product_tag-winterhard","20":"pa_ewd_uwcf_colors-groen-2","21":"pa_groeihoogte-60-150-cm","22":"pa_pot-zonder-pot","24":"first","25":"outofstock","26":"taxable","27":"shipping-taxable","28":"purchasable","29":"product-type-simple"},"yoast_head":"<!-- This site is optimized with the Yoast SEO plugin v24.2 - https:\/\/yoast.com\/wordpress\/plugins\/seo\/ -->\n<title>Corylus \u2018Tonda gentile delle Langhe\u2019 - Italiaanse hazelnoot - Hoogte 40cm - 12cm pot kopen | Planten eenvoudig online bestellen | Schramas.com<\/title>\n<meta name=\"robots\" content=\"index, follow, max-snippet:-1, max-image-preview:large, max-video-preview:-1\" \/>\n<link rel=\"canonical\" href=\"https:\/\/www.schramas.com\/de\/shop\/corylus-tonda-gentile-delle-langhe-italienische-haselnuss-hohe-40-cm-12-cm-topf\/\" \/>\n<meta property=\"og:locale\" content=\"de_DE\" \/>\n<meta property=\"og:type\" content=\"article\" \/>\n<meta property=\"og:title\" content=\"Corylus \u2018Tonda gentile delle Langhe\u2019 - Italiaanse hazelnoot - Hoogte 40cm - 12cm pot kopen | Planten eenvoudig online bestellen | Schramas.com\" \/>\n<meta property=\"og:description\" content=\"Corylus Tonda gentile delle Langhe  hazelaar  Hoogte max: 3-5m  Leverhoogte incl. pot: circa 40cm  Potmaat: 12cm pot\" \/>\n<meta property=\"og:url\" content=\"https:\/\/www.schramas.com\/de\/shop\/corylus-tonda-gentile-delle-langhe-italienische-haselnuss-hohe-40-cm-12-cm-topf\/\" \/>\n<meta property=\"og:site_name\" content=\"Planten eenvoudig online bestellen | Schramas.com\" \/>\n<meta property=\"article:publisher\" content=\"https:\/\/www.facebook.com\/Schramascom-106872874153195\/\" \/>\n<meta property=\"article:modified_time\" content=\"2026-03-26T15:36:17+00:00\" \/>\n<meta property=\"og:image\" content=\"http:\/\/www.schramas.com\/wp-content\/uploads\/2024\/05\/Corylus-Tonda-Gentille-delle-langhe-sfeer.jpg\" \/>\n\t<meta property=\"og:image:width\" content=\"1200\" \/>\n\t<meta property=\"og:image:height\" content=\"1200\" \/>\n\t<meta property=\"og:image:type\" content=\"image\/jpeg\" \/>\n<meta name=\"twitter:card\" content=\"summary_large_image\" \/>\n<meta name=\"twitter:label1\" content=\"Gesch\u00e4tzte Lesezeit\" \/>\n\t<meta name=\"twitter:data1\" content=\"1\u00a0Minute\" \/>\n<script type=\"application\/ld+json\" class=\"yoast-schema-graph\">{\"@context\":\"https:\/\/schema.org\",\"@graph\":[{\"@type\":[\"WebPage\",\"ItemPage\"],\"@id\":\"https:\/\/www.schramas.com\/winkel\/corylus-tonda-gentile-delle-langhe-italiaanse-hazelnoot-hoogte-40cm-12cm-pot\/\",\"url\":\"https:\/\/www.schramas.com\/winkel\/corylus-tonda-gentile-delle-langhe-italiaanse-hazelnoot-hoogte-40cm-12cm-pot\/\",\"name\":\"Corylus \u2018Tonda gentile delle Langhe\u2019 - Italiaanse hazelnoot - Hoogte 40cm - 12cm pot kopen | Planten eenvoudig online bestellen | Schramas.com\",\"isPartOf\":{\"@id\":\"https:\/\/www.schramas.com\/#website\"},\"primaryImageOfPage\":{\"@id\":\"https:\/\/www.schramas.com\/winkel\/corylus-tonda-gentile-delle-langhe-italiaanse-hazelnoot-hoogte-40cm-12cm-pot\/#primaryimage\"},\"image\":{\"@id\":\"https:\/\/www.schramas.com\/winkel\/corylus-tonda-gentile-delle-langhe-italiaanse-hazelnoot-hoogte-40cm-12cm-pot\/#primaryimage\"},\"thumbnailUrl\":\"https:\/\/www.schramas.com\/wp-content\/uploads\/2024\/05\/Corylus-Tonda-Gentille-delle-langhe-sfeer.jpg\",\"datePublished\":\"2024-05-07T12:00:59+00:00\",\"dateModified\":\"2026-03-26T15:36:17+00:00\",\"breadcrumb\":{\"@id\":\"https:\/\/www.schramas.com\/winkel\/corylus-tonda-gentile-delle-langhe-italiaanse-hazelnoot-hoogte-40cm-12cm-pot\/#breadcrumb\"},\"inLanguage\":\"de\",\"potentialAction\":[{\"@type\":\"ReadAction\",\"target\":[\"https:\/\/www.schramas.com\/winkel\/corylus-tonda-gentile-delle-langhe-italiaanse-hazelnoot-hoogte-40cm-12cm-pot\/\"]}]},{\"@type\":\"ImageObject\",\"inLanguage\":\"de\",\"@id\":\"https:\/\/www.schramas.com\/winkel\/corylus-tonda-gentile-delle-langhe-italiaanse-hazelnoot-hoogte-40cm-12cm-pot\/#primaryimage\",\"url\":\"https:\/\/www.schramas.com\/wp-content\/uploads\/2024\/05\/Corylus-Tonda-Gentille-delle-langhe-sfeer.jpg\",\"contentUrl\":\"https:\/\/www.schramas.com\/wp-content\/uploads\/2024\/05\/Corylus-Tonda-Gentille-delle-langhe-sfeer.jpg\",\"width\":1200,\"height\":1200},{\"@type\":\"BreadcrumbList\",\"@id\":\"https:\/\/www.schramas.com\/winkel\/corylus-tonda-gentile-delle-langhe-italiaanse-hazelnoot-hoogte-40cm-12cm-pot\/#breadcrumb\",\"itemListElement\":[{\"@type\":\"ListItem\",\"position\":1,\"name\":\"Product\",\"item\":\"https:\/\/www.schramas.com\/assortiment\/\"},{\"@type\":\"ListItem\",\"position\":2,\"name\":\"Bomen &amp; Struiken\",\"item\":\"https:\/\/www.schramas.com\/product-category\/bomen-struiken\/\"},{\"@type\":\"ListItem\",\"position\":3,\"name\":\"Notenbomen\",\"item\":\"https:\/\/www.schramas.com\/product-category\/bomen-struiken\/notenbomen\/\"},{\"@type\":\"ListItem\",\"position\":4,\"name\":\"Hazelnoten\",\"item\":\"https:\/\/www.schramas.com\/product-category\/bomen-struiken\/notenbomen\/hazelnoten\/\"},{\"@type\":\"ListItem\",\"position\":5,\"name\":\"Corylus \u2018Tonda gentile delle Langhe\u2019 &#8211; Italiaanse hazelnoot &#8211; Hoogte 40cm &#8211; 12cm pot\"}]},{\"@type\":\"WebSite\",\"@id\":\"https:\/\/www.schramas.com\/#website\",\"url\":\"https:\/\/www.schramas.com\/\",\"name\":\"Schramas.com | Tuinplanten eenvoudig online bestellen | Direct van onze Kwekerij\",\"description\":\"\",\"alternateName\":\"Schramas.com - Alle planten direct van de kweker\",\"potentialAction\":[{\"@type\":\"SearchAction\",\"target\":{\"@type\":\"EntryPoint\",\"urlTemplate\":\"https:\/\/www.schramas.com\/?s={search_term_string}\"},\"query-input\":{\"@type\":\"PropertyValueSpecification\",\"valueRequired\":true,\"valueName\":\"search_term_string\"}}],\"inLanguage\":\"de\"}]}<\/script>\n<!-- \/ Yoast SEO plugin. -->","yoast_head_json":{"title":"Kaufen Sie Corylus &#039;Tonda gentile delle Langhe&#039; - Italienische Haselnuss - H\u00f6he 40 cm - 12 cm Topf | Pflanzen einfach online bestellen | Schramas.com","robots":{"index":"index","follow":"follow","max-snippet":"max-snippet:-1","max-image-preview":"max-image-preview:large","max-video-preview":"max-video-preview:-1"},"canonical":"https:\/\/www.schramas.com\/de\/shop\/corylus-tonda-gentile-delle-langhe-italienische-haselnuss-hohe-40-cm-12-cm-topf\/","og_locale":"de_DE","og_type":"article","og_title":"Corylus \u2018Tonda gentile delle Langhe\u2019 - Italiaanse hazelnoot - Hoogte 40cm - 12cm pot kopen | Planten eenvoudig online bestellen | Schramas.com","og_description":"Corylus Tonda gentile delle Langhe  hazelaar  Hoogte max: 3-5m  Leverhoogte incl. pot: circa 40cm  Potmaat: 12cm pot","og_url":"https:\/\/www.schramas.com\/de\/shop\/corylus-tonda-gentile-delle-langhe-italienische-haselnuss-hohe-40-cm-12-cm-topf\/","og_site_name":"Planten eenvoudig online bestellen | Schramas.com","article_publisher":"https:\/\/www.facebook.com\/Schramascom-106872874153195\/","article_modified_time":"2026-03-26T15:36:17+00:00","og_image":[{"width":1200,"height":1200,"url":"http:\/\/www.schramas.com\/wp-content\/uploads\/2024\/05\/Corylus-Tonda-Gentille-delle-langhe-sfeer.jpg","type":"image\/jpeg"}],"twitter_card":"summary_large_image","twitter_misc":{"Gesch\u00e4tzte Lesezeit":"1\u00a0Minute"},"schema":{"@context":"https:\/\/schema.org","@graph":[{"@type":["WebPage","ItemPage"],"@id":"https:\/\/www.schramas.com\/winkel\/corylus-tonda-gentile-delle-langhe-italiaanse-hazelnoot-hoogte-40cm-12cm-pot\/","url":"https:\/\/www.schramas.com\/winkel\/corylus-tonda-gentile-delle-langhe-italiaanse-hazelnoot-hoogte-40cm-12cm-pot\/","name":"Kaufen Sie Corylus &#039;Tonda gentile delle Langhe&#039; - Italienische Haselnuss - H\u00f6he 40 cm - 12 cm Topf | Pflanzen einfach online bestellen | Schramas.com","isPartOf":{"@id":"https:\/\/www.schramas.com\/#website"},"primaryImageOfPage":{"@id":"https:\/\/www.schramas.com\/winkel\/corylus-tonda-gentile-delle-langhe-italiaanse-hazelnoot-hoogte-40cm-12cm-pot\/#primaryimage"},"image":{"@id":"https:\/\/www.schramas.com\/winkel\/corylus-tonda-gentile-delle-langhe-italiaanse-hazelnoot-hoogte-40cm-12cm-pot\/#primaryimage"},"thumbnailUrl":"https:\/\/www.schramas.com\/wp-content\/uploads\/2024\/05\/Corylus-Tonda-Gentille-delle-langhe-sfeer.jpg","datePublished":"2024-05-07T12:00:59+00:00","dateModified":"2026-03-26T15:36:17+00:00","breadcrumb":{"@id":"https:\/\/www.schramas.com\/winkel\/corylus-tonda-gentile-delle-langhe-italiaanse-hazelnoot-hoogte-40cm-12cm-pot\/#breadcrumb"},"inLanguage":"de","potentialAction":[{"@type":"ReadAction","target":["https:\/\/www.schramas.com\/winkel\/corylus-tonda-gentile-delle-langhe-italiaanse-hazelnoot-hoogte-40cm-12cm-pot\/"]}]},{"@type":"ImageObject","inLanguage":"de","@id":"https:\/\/www.schramas.com\/winkel\/corylus-tonda-gentile-delle-langhe-italiaanse-hazelnoot-hoogte-40cm-12cm-pot\/#primaryimage","url":"https:\/\/www.schramas.com\/wp-content\/uploads\/2024\/05\/Corylus-Tonda-Gentille-delle-langhe-sfeer.jpg","contentUrl":"https:\/\/www.schramas.com\/wp-content\/uploads\/2024\/05\/Corylus-Tonda-Gentille-delle-langhe-sfeer.jpg","width":1200,"height":1200},{"@type":"BreadcrumbList","@id":"https:\/\/www.schramas.com\/winkel\/corylus-tonda-gentile-delle-langhe-italiaanse-hazelnoot-hoogte-40cm-12cm-pot\/#breadcrumb","itemListElement":[{"@type":"ListItem","position":1,"name":"Product","item":"https:\/\/www.schramas.com\/assortiment\/"},{"@type":"ListItem","position":2,"name":"Bomen &amp; Struiken","item":"https:\/\/www.schramas.com\/product-category\/bomen-struiken\/"},{"@type":"ListItem","position":3,"name":"Notenbomen","item":"https:\/\/www.schramas.com\/product-category\/bomen-struiken\/notenbomen\/"},{"@type":"ListItem","position":4,"name":"Hazelnoten","item":"https:\/\/www.schramas.com\/product-category\/bomen-struiken\/notenbomen\/hazelnoten\/"},{"@type":"ListItem","position":5,"name":"Corylus \u2018Tonda gentile delle Langhe\u2019 &#8211; Italiaanse hazelnoot &#8211; Hoogte 40cm &#8211; 12cm pot"}]},{"@type":"WebSite","@id":"https:\/\/www.schramas.com\/#website","url":"https:\/\/www.schramas.com\/","name":"Schramas.com | Gartenpflanzen einfach online bestellen | Direkt aus unserer G\u00e4rtnerei","description":"","alternateName":"Schramas.com - Alle planten direct van de kweker","potentialAction":[{"@type":"SearchAction","target":{"@type":"EntryPoint","urlTemplate":"https:\/\/www.schramas.com\/?s={search_term_string}"},"query-input":{"@type":"PropertyValueSpecification","valueRequired":true,"valueName":"search_term_string"}}],"inLanguage":"de"}]}},"_links":{"self":[{"href":"https:\/\/www.schramas.com\/de\/wp-json\/wp\/v2\/product\/40202","targetHints":{"allow":["GET"]}}],"collection":[{"href":"https:\/\/www.schramas.com\/de\/wp-json\/wp\/v2\/product"}],"about":[{"href":"https:\/\/www.schramas.com\/de\/wp-json\/wp\/v2\/types\/product"}],"version-history":[{"count":3,"href":"https:\/\/www.schramas.com\/de\/wp-json\/wp\/v2\/product\/40202\/revisions"}],"predecessor-version":[{"id":40213,"href":"https:\/\/www.schramas.com\/de\/wp-json\/wp\/v2\/product\/40202\/revisions\/40213"}],"wp:featuredmedia":[{"embeddable":true,"href":"https:\/\/www.schramas.com\/de\/wp-json\/wp\/v2\/media\/40209"}],"wp:attachment":[{"href":"https:\/\/www.schramas.com\/de\/wp-json\/wp\/v2\/media?parent=40202"}],"wp:term":[{"taxonomy":"product_brand","embeddable":true,"href":"https:\/\/www.schramas.com\/de\/wp-json\/wp\/v2\/product_brand?post=40202"},{"taxonomy":"product_cat","embeddable":true,"href":"https:\/\/www.schramas.com\/de\/wp-json\/wp\/v2\/product_cat?post=40202"},{"taxonomy":"product_tag","embeddable":true,"href":"https:\/\/www.schramas.com\/de\/wp-json\/wp\/v2\/product_tag?post=40202"}],"curies":[{"name":"wp","href":"https:\/\/api.w.org\/{rel}","templated":true}]}}