{"id":40220,"date":"2024-05-07T15:43:50","date_gmt":"2024-05-07T13:43:50","guid":{"rendered":"https:\/\/www.schramas.com\/?post_type=product&#038;p=40220"},"modified":"2026-04-03T13:25:55","modified_gmt":"2026-04-03T11:25:55","slug":"corylus-maxima-purpurea-rote-hasel-hohe-80cm-2-liter-topf","status":"publish","type":"product","link":"https:\/\/www.schramas.com\/de\/shop\/corylus-maxima-purpurea-rote-hasel-hohe-80cm-2-liter-topf\/","title":{"rendered":"Corylus maxima 'Purpurea' - Rote Hasel - H\u00f6he 80cm - 2 Liter Topf"},"content":{"rendered":"<p>Corylus maxima 'Purpurea', auch als Rote Hasel bekannt, ist ein auff\u00e4lliger rotbl\u00e4ttriger Strauch, der im Februar und M\u00e4rz lange K\u00e4tzchen tr\u00e4gt, bevor die Bl\u00e4tter erscheinen. Dieser robuste Strauch kann bis zu 4-5 Meter hoch werden und gedeiht in einer Vielzahl von B\u00f6den. Die purpurroten Bl\u00e4tter im Fr\u00fchjahr f\u00e4rben sich im Sommer purpurgr\u00fcn bis dunkelgr\u00fcn. Nach der Bl\u00fctezeit entwickelt der Strauch im Herbst Haseln\u00fcsse. Er eignet sich f\u00fcr sonnige Standorte und verschiedene Gartenb\u00f6den und kann in gemischten Rabatten oder als Solit\u00e4rpflanze in gro\u00dfen G\u00e4rten verwendet werden. Corylus maxima 'Purpurea' besticht durch seine skurrile, zwiebelf\u00f6rmige Krone und die braunroten m\u00e4nnlichen K\u00e4tzchen als Zierpflanze. Dieser kr\u00e4ftige und krankheitsresistente Strauch ist trockenheitstolerant und ben\u00f6tigt wenig Pflege.<\/p>","protected":false},"excerpt":{"rendered":"<p>Corylus maxima Purpurea<\/p>\n<p>Rote Haselnuss<\/p>\n<p>H\u00f6he max: 4-5m<\/p>\n<p>Lieferh\u00f6he inkl. Topf: ca. 80 cm<\/p>\n<p>Topfgr\u00f6\u00dfe: 2-Liter-Topf<\/p>","protected":false},"featured_media":40222,"template":"","meta":{"_joinchat":[]},"product_brand":[],"product_cat":[262,233,1033,1031],"product_tag":[1742,1741,1740,1738,1737,1739,1370],"class_list":{"0":"post-40220","1":"product","2":"type-product","3":"status-publish","4":"has-post-thumbnail","6":"product_cat-bomen-struiken","7":"product_cat-fruitbomen","8":"product_cat-hazelnoten","9":"product_cat-notenbomen","10":"product_tag-borderplant-droogtetolerant","11":"product_tag-eetbaar-solitair","12":"product_tag-katjes-noten","13":"product_tag-purpurea-sierstruik","14":"product_tag-rode-hazelaar","15":"product_tag-roodbladig-voorjaarsbloei","16":"product_tag-weinig-onderhoud","17":"pa_ewd_uwcf_colors-rood-2","18":"pa_groeihoogte-300-cm","19":"pa_pot-zonder-pot","21":"first","22":"instock","23":"taxable","24":"shipping-taxable","25":"purchasable","26":"product-type-simple"},"yoast_head":"<!-- This site is optimized with the Yoast SEO plugin v24.2 - https:\/\/yoast.com\/wordpress\/plugins\/seo\/ -->\n<title>Corylus maxima &#039;Purpurea&#039; - Rode Hazelaar - Hoogte 80cm - 2 liter pot kopen | Planten eenvoudig online bestellen | Schramas.com<\/title>\n<meta name=\"robots\" content=\"index, follow, max-snippet:-1, max-image-preview:large, max-video-preview:-1\" \/>\n<link rel=\"canonical\" href=\"https:\/\/www.schramas.com\/de\/shop\/corylus-maxima-purpurea-rote-hasel-hohe-80cm-2-liter-topf\/\" \/>\n<meta property=\"og:locale\" content=\"de_DE\" \/>\n<meta property=\"og:type\" content=\"article\" \/>\n<meta property=\"og:title\" content=\"Corylus maxima &#039;Purpurea&#039; - Rode Hazelaar - Hoogte 80cm - 2 liter pot kopen | Planten eenvoudig online bestellen | Schramas.com\" \/>\n<meta property=\"og:description\" content=\"Corylus maxima Purpurea  Rode hazelaar  Hoogte max: 4-5m  Leverhoogte incl. pot: circa 80cm  Potmaat: 2 liter pot\" \/>\n<meta property=\"og:url\" content=\"https:\/\/www.schramas.com\/de\/shop\/corylus-maxima-purpurea-rote-hasel-hohe-80cm-2-liter-topf\/\" \/>\n<meta property=\"og:site_name\" content=\"Planten eenvoudig online bestellen | Schramas.com\" \/>\n<meta property=\"article:publisher\" content=\"https:\/\/www.facebook.com\/Schramascom-106872874153195\/\" \/>\n<meta property=\"article:modified_time\" content=\"2026-04-03T11:25:55+00:00\" \/>\n<meta property=\"og:image\" content=\"https:\/\/www.schramas.com\/wp-content\/uploads\/2024\/05\/Corylus-Purp.-Maxima-sfeer.jpg\" \/>\n\t<meta property=\"og:image:width\" content=\"1200\" \/>\n\t<meta property=\"og:image:height\" content=\"1200\" \/>\n\t<meta property=\"og:image:type\" content=\"image\/jpeg\" \/>\n<meta name=\"twitter:card\" content=\"summary_large_image\" \/>\n<meta name=\"twitter:label1\" content=\"Gesch\u00e4tzte Lesezeit\" \/>\n\t<meta name=\"twitter:data1\" content=\"1\u00a0Minute\" \/>\n<script type=\"application\/ld+json\" class=\"yoast-schema-graph\">{\"@context\":\"https:\/\/schema.org\",\"@graph\":[{\"@type\":[\"WebPage\",\"ItemPage\"],\"@id\":\"https:\/\/www.schramas.com\/winkel\/corylus-maxima-purpurea-rode-hazelaar-hoogte-80cm-2-liter-pot\/\",\"url\":\"https:\/\/www.schramas.com\/winkel\/corylus-maxima-purpurea-rode-hazelaar-hoogte-80cm-2-liter-pot\/\",\"name\":\"Corylus maxima 'Purpurea' - Rode Hazelaar - Hoogte 80cm - 2 liter pot kopen | Planten eenvoudig online bestellen | Schramas.com\",\"isPartOf\":{\"@id\":\"https:\/\/www.schramas.com\/#website\"},\"primaryImageOfPage\":{\"@id\":\"https:\/\/www.schramas.com\/winkel\/corylus-maxima-purpurea-rode-hazelaar-hoogte-80cm-2-liter-pot\/#primaryimage\"},\"image\":{\"@id\":\"https:\/\/www.schramas.com\/winkel\/corylus-maxima-purpurea-rode-hazelaar-hoogte-80cm-2-liter-pot\/#primaryimage\"},\"thumbnailUrl\":\"https:\/\/www.schramas.com\/wp-content\/uploads\/2024\/05\/Corylus-Purp.-Maxima-sfeer.jpg\",\"datePublished\":\"2024-05-07T13:43:50+00:00\",\"dateModified\":\"2026-04-03T11:25:55+00:00\",\"breadcrumb\":{\"@id\":\"https:\/\/www.schramas.com\/winkel\/corylus-maxima-purpurea-rode-hazelaar-hoogte-80cm-2-liter-pot\/#breadcrumb\"},\"inLanguage\":\"de\",\"potentialAction\":[{\"@type\":\"ReadAction\",\"target\":[\"https:\/\/www.schramas.com\/winkel\/corylus-maxima-purpurea-rode-hazelaar-hoogte-80cm-2-liter-pot\/\"]}]},{\"@type\":\"ImageObject\",\"inLanguage\":\"de\",\"@id\":\"https:\/\/www.schramas.com\/winkel\/corylus-maxima-purpurea-rode-hazelaar-hoogte-80cm-2-liter-pot\/#primaryimage\",\"url\":\"https:\/\/www.schramas.com\/wp-content\/uploads\/2024\/05\/Corylus-Purp.-Maxima-sfeer.jpg\",\"contentUrl\":\"https:\/\/www.schramas.com\/wp-content\/uploads\/2024\/05\/Corylus-Purp.-Maxima-sfeer.jpg\",\"width\":1200,\"height\":1200},{\"@type\":\"BreadcrumbList\",\"@id\":\"https:\/\/www.schramas.com\/winkel\/corylus-maxima-purpurea-rode-hazelaar-hoogte-80cm-2-liter-pot\/#breadcrumb\",\"itemListElement\":[{\"@type\":\"ListItem\",\"position\":1,\"name\":\"Product\",\"item\":\"https:\/\/www.schramas.com\/assortiment\/\"},{\"@type\":\"ListItem\",\"position\":2,\"name\":\"Bomen &amp; Struiken\",\"item\":\"https:\/\/www.schramas.com\/product-category\/bomen-struiken\/\"},{\"@type\":\"ListItem\",\"position\":3,\"name\":\"Notenbomen\",\"item\":\"https:\/\/www.schramas.com\/product-category\/bomen-struiken\/notenbomen\/\"},{\"@type\":\"ListItem\",\"position\":4,\"name\":\"Hazelnoten\",\"item\":\"https:\/\/www.schramas.com\/product-category\/bomen-struiken\/notenbomen\/hazelnoten\/\"},{\"@type\":\"ListItem\",\"position\":5,\"name\":\"Corylus maxima &#8216;Purpurea&#8217; &#8211; Rode Hazelaar &#8211; Hoogte 80cm &#8211; 2 liter pot\"}]},{\"@type\":\"WebSite\",\"@id\":\"https:\/\/www.schramas.com\/#website\",\"url\":\"https:\/\/www.schramas.com\/\",\"name\":\"Schramas.com | Tuinplanten eenvoudig online bestellen | Direct van onze Kwekerij\",\"description\":\"\",\"alternateName\":\"Schramas.com - Alle planten direct van de kweker\",\"potentialAction\":[{\"@type\":\"SearchAction\",\"target\":{\"@type\":\"EntryPoint\",\"urlTemplate\":\"https:\/\/www.schramas.com\/?s={search_term_string}\"},\"query-input\":{\"@type\":\"PropertyValueSpecification\",\"valueRequired\":true,\"valueName\":\"search_term_string\"}}],\"inLanguage\":\"de\"}]}<\/script>\n<!-- \/ Yoast SEO plugin. -->","yoast_head_json":{"title":"Corylus maxima 'Purpurea' - Rote Hasel - H\u00f6he 80cm - 2 Liter Topf | Pflanzen leicht online kaufen | Schramas.de","robots":{"index":"index","follow":"follow","max-snippet":"max-snippet:-1","max-image-preview":"max-image-preview:large","max-video-preview":"max-video-preview:-1"},"canonical":"https:\/\/www.schramas.com\/de\/shop\/corylus-maxima-purpurea-rote-hasel-hohe-80cm-2-liter-topf\/","og_locale":"de_DE","og_type":"article","og_title":"Corylus maxima 'Purpurea' - Rode Hazelaar - Hoogte 80cm - 2 liter pot kopen | Planten eenvoudig online bestellen | Schramas.com","og_description":"Corylus maxima Purpurea  Rode hazelaar  Hoogte max: 4-5m  Leverhoogte incl. pot: circa 80cm  Potmaat: 2 liter pot","og_url":"https:\/\/www.schramas.com\/de\/shop\/corylus-maxima-purpurea-rote-hasel-hohe-80cm-2-liter-topf\/","og_site_name":"Planten eenvoudig online bestellen | Schramas.com","article_publisher":"https:\/\/www.facebook.com\/Schramascom-106872874153195\/","article_modified_time":"2026-04-03T11:25:55+00:00","og_image":[{"width":1200,"height":1200,"url":"https:\/\/www.schramas.com\/wp-content\/uploads\/2024\/05\/Corylus-Purp.-Maxima-sfeer.jpg","type":"image\/jpeg"}],"twitter_card":"summary_large_image","twitter_misc":{"Gesch\u00e4tzte Lesezeit":"1\u00a0Minute"},"schema":{"@context":"https:\/\/schema.org","@graph":[{"@type":["WebPage","ItemPage"],"@id":"https:\/\/www.schramas.com\/winkel\/corylus-maxima-purpurea-rode-hazelaar-hoogte-80cm-2-liter-pot\/","url":"https:\/\/www.schramas.com\/winkel\/corylus-maxima-purpurea-rode-hazelaar-hoogte-80cm-2-liter-pot\/","name":"Corylus maxima 'Purpurea' - Rote Hasel - H\u00f6he 80cm - 2 Liter Topf | Pflanzen leicht online kaufen | Schramas.de","isPartOf":{"@id":"https:\/\/www.schramas.com\/#website"},"primaryImageOfPage":{"@id":"https:\/\/www.schramas.com\/winkel\/corylus-maxima-purpurea-rode-hazelaar-hoogte-80cm-2-liter-pot\/#primaryimage"},"image":{"@id":"https:\/\/www.schramas.com\/winkel\/corylus-maxima-purpurea-rode-hazelaar-hoogte-80cm-2-liter-pot\/#primaryimage"},"thumbnailUrl":"https:\/\/www.schramas.com\/wp-content\/uploads\/2024\/05\/Corylus-Purp.-Maxima-sfeer.jpg","datePublished":"2024-05-07T13:43:50+00:00","dateModified":"2026-04-03T11:25:55+00:00","breadcrumb":{"@id":"https:\/\/www.schramas.com\/winkel\/corylus-maxima-purpurea-rode-hazelaar-hoogte-80cm-2-liter-pot\/#breadcrumb"},"inLanguage":"de","potentialAction":[{"@type":"ReadAction","target":["https:\/\/www.schramas.com\/winkel\/corylus-maxima-purpurea-rode-hazelaar-hoogte-80cm-2-liter-pot\/"]}]},{"@type":"ImageObject","inLanguage":"de","@id":"https:\/\/www.schramas.com\/winkel\/corylus-maxima-purpurea-rode-hazelaar-hoogte-80cm-2-liter-pot\/#primaryimage","url":"https:\/\/www.schramas.com\/wp-content\/uploads\/2024\/05\/Corylus-Purp.-Maxima-sfeer.jpg","contentUrl":"https:\/\/www.schramas.com\/wp-content\/uploads\/2024\/05\/Corylus-Purp.-Maxima-sfeer.jpg","width":1200,"height":1200},{"@type":"BreadcrumbList","@id":"https:\/\/www.schramas.com\/winkel\/corylus-maxima-purpurea-rode-hazelaar-hoogte-80cm-2-liter-pot\/#breadcrumb","itemListElement":[{"@type":"ListItem","position":1,"name":"Product","item":"https:\/\/www.schramas.com\/assortiment\/"},{"@type":"ListItem","position":2,"name":"Bomen &amp; Struiken","item":"https:\/\/www.schramas.com\/product-category\/bomen-struiken\/"},{"@type":"ListItem","position":3,"name":"Notenbomen","item":"https:\/\/www.schramas.com\/product-category\/bomen-struiken\/notenbomen\/"},{"@type":"ListItem","position":4,"name":"Hazelnoten","item":"https:\/\/www.schramas.com\/product-category\/bomen-struiken\/notenbomen\/hazelnoten\/"},{"@type":"ListItem","position":5,"name":"Corylus maxima &#8216;Purpurea&#8217; &#8211; Rode Hazelaar &#8211; Hoogte 80cm &#8211; 2 liter pot"}]},{"@type":"WebSite","@id":"https:\/\/www.schramas.com\/#website","url":"https:\/\/www.schramas.com\/","name":"Schramas.com | Gartenpflanzen einfach online bestellen | Direkt aus unserer G\u00e4rtnerei","description":"","alternateName":"Schramas.com - Alle planten direct van de kweker","potentialAction":[{"@type":"SearchAction","target":{"@type":"EntryPoint","urlTemplate":"https:\/\/www.schramas.com\/?s={search_term_string}"},"query-input":{"@type":"PropertyValueSpecification","valueRequired":true,"valueName":"search_term_string"}}],"inLanguage":"de"}]}},"_links":{"self":[{"href":"https:\/\/www.schramas.com\/de\/wp-json\/wp\/v2\/product\/40220","targetHints":{"allow":["GET"]}}],"collection":[{"href":"https:\/\/www.schramas.com\/de\/wp-json\/wp\/v2\/product"}],"about":[{"href":"https:\/\/www.schramas.com\/de\/wp-json\/wp\/v2\/types\/product"}],"version-history":[{"count":3,"href":"https:\/\/www.schramas.com\/de\/wp-json\/wp\/v2\/product\/40220\/revisions"}],"predecessor-version":[{"id":40226,"href":"https:\/\/www.schramas.com\/de\/wp-json\/wp\/v2\/product\/40220\/revisions\/40226"}],"wp:featuredmedia":[{"embeddable":true,"href":"https:\/\/www.schramas.com\/de\/wp-json\/wp\/v2\/media\/40222"}],"wp:attachment":[{"href":"https:\/\/www.schramas.com\/de\/wp-json\/wp\/v2\/media?parent=40220"}],"wp:term":[{"taxonomy":"product_brand","embeddable":true,"href":"https:\/\/www.schramas.com\/de\/wp-json\/wp\/v2\/product_brand?post=40220"},{"taxonomy":"product_cat","embeddable":true,"href":"https:\/\/www.schramas.com\/de\/wp-json\/wp\/v2\/product_cat?post=40220"},{"taxonomy":"product_tag","embeddable":true,"href":"https:\/\/www.schramas.com\/de\/wp-json\/wp\/v2\/product_tag?post=40220"}],"curies":[{"name":"wp","href":"https:\/\/api.w.org\/{rel}","templated":true}]}}