{"id":40458,"date":"2024-05-14T10:25:27","date_gmt":"2024-05-14T08:25:27","guid":{"rendered":"https:\/\/www.schramas.com\/?post_type=product&#038;p=40458"},"modified":"2026-03-26T16:36:19","modified_gmt":"2026-03-26T15:36:19","slug":"cucumis-metuliferus-kiwano-hornmelone-einjahrig-hohe-70-cm-2-liter-topf","status":"publish","type":"product","link":"https:\/\/www.schramas.com\/de\/shop\/cucumis-metuliferus-kiwano-hornmelone-einjahrig-hohe-70-cm-2-liter-topf\/","title":{"rendered":"Cucumis metuliferus Kiwano - H\u00f6rnermelone - Einj\u00e4hrig - H\u00f6he 70cm - 2 Liter Topf"},"content":{"rendered":"<p>Entdecken Sie die exotische Welt der Hornmelone, auch bekannt als Kiwano (Cucumis metuliferus). Diese besondere Pflanze geh\u00f6rt zur Familie der Gurkengew\u00e4chse (Cucurbitaceae) und ist bekannt f\u00fcr ihre einzigartigen l\u00e4nglichen, ovalen Fr\u00fcchte mit charakteristischen H\u00f6rnern. Die urspr\u00fcnglich aus der Kalahari in Afrika stammende Hornmelone hat sich dank ihres faszinierenden Geschmacks und ihres auff\u00e4lligen Aussehens auf der ganzen Welt verbreitet.<\/p>\n<p>Die Kiwano wurde Anfang der 1980er Jahre in Neuseeland auf den Markt gebracht und ist eine wahre Entdeckung f\u00fcr Liebhaber exotischer Fr\u00fcchte. Obwohl der Name an die Kiwi erinnert, ist die Hornmelone kein Verwandter dieser Frucht. Dennoch teilen sie sich die B\u00fchne als exotische K\u00f6stlichkeiten aus Neuseeland.<\/p>\n<p>Die feste Schale der Hornmelone reicht von gr\u00fcnorange bis leuchtend orange, w\u00e4hrend das saftige Fruchtfleisch leuchtend gr\u00fcn und mit Kernen besetzt ist. Der Geschmack der Kiwano ist erfrischend und w\u00e4ssrig, mit einer subtilen Kombination aus Banane, Melone und Gurke. Im Gegensatz zu Gurken wird die Hornmelone reif gegessen. Mit einer hervorragenden Haltbarkeit von sechs Monaten.<\/p>\n<p>Diese einj\u00e4hrige krautige Pflanze gedeiht in G\u00e4rten oder Gew\u00e4chsh\u00e4usern und sorgt f\u00fcr eine exotische Note. Das Fruchtfleisch der stacheligen Fr\u00fcchte ist gr\u00fcn und saftig und bietet ein k\u00f6stliches Geschmackserlebnis, das sowohl zu herzhaften als auch zu s\u00fc\u00dfen Gerichten perfekt passt.<\/p>\n<div class=\"flex flex-grow flex-col max-w-full\">\n<div class=\"min-h-[20px] text-message flex flex-col items-start whitespace-pre-wrap break-words [.text-message+&amp;]:mt-5 juice:w-full juice:items-end overflow-x-auto gap-3\" dir=\"auto\" data-message-author-role=\"assistant\" data-message-id=\"c1f363df-43c3-460f-81e8-eb7712492206\">\n<div class=\"markdown prose w-full break-words dark:prose-invert light\">\n<p>Stellen Sie die Best\u00e4ubung in Gew\u00e4chsh\u00e4usern sicher, indem Sie T\u00fcren und Fenster tags\u00fcber offen halten. Von Juni bis den ganzen Sommer \u00fcber erntebar.<\/p>\n<\/div>\n<\/div>\n<\/div>\n<p>Mit ihrem einzigartigen Geschmack, ihrem auff\u00e4lligen Aussehen und ihrer Vielseitigkeit in der K\u00fcche ist die Hornmelone ein Muss f\u00fcr Liebhaber besonderer Fr\u00fcchte.<\/p>","protected":false},"excerpt":{"rendered":"<p>Cucumis metuliferus Kiwano<\/p>\n<p>Geh\u00f6rnte Melone<\/p>\n<p>Geschmack: frischer Geschmack.<\/p>\n<p>Fruchtfarbe: Orange<\/p>\n<p>H\u00f6he max: 1,5 Meter<\/p>\n<p>Lieferh\u00f6he inkl. Topf: ca. 70cm<\/p>\n<p>Topfgr\u00f6\u00dfe: 2 Liter<\/p>","protected":false},"featured_media":40462,"template":"","meta":{"_joinchat":[]},"product_brand":[],"product_cat":[262,234,2391,294],"product_tag":[1763,1756,1762,1759,1758,1757,1760,1761,1275],"class_list":{"0":"post-40458","1":"product","2":"type-product","3":"status-publish","4":"has-post-thumbnail","6":"product_cat-bomen-struiken","7":"product_cat-fruitstruiken","8":"product_cat-mediterrane-en-exotische-fruitplanten","9":"product_cat-specials","10":"product_tag-afrikaanse-oorsprong","11":"product_tag-cucumis-metuliferus","12":"product_tag-eenjarige-plant","13":"product_tag-exotisch-fruit","14":"product_tag-gehoornde-meloen","15":"product_tag-kiwano","16":"product_tag-komkommerfamilie","17":"product_tag-smaakervaring","18":"product_tag-tuinieren","19":"pa_ewd_uwcf_colors-oranje","20":"pa_groeihoogte-60-150-cm","21":"pa_pot-zonder-pot","23":"first","24":"outofstock","25":"taxable","26":"shipping-taxable","27":"purchasable","28":"product-type-simple"},"yoast_head":"<!-- This site is optimized with the Yoast SEO plugin v24.2 - https:\/\/yoast.com\/wordpress\/plugins\/seo\/ -->\n<title>Cucumis metuliferus Kiwano - gehoornde meloen - Eenjarig - Hoogte 70cm - 2 liter pot kopen | Planten eenvoudig online bestellen | Schramas.com<\/title>\n<meta name=\"robots\" content=\"index, follow, max-snippet:-1, max-image-preview:large, max-video-preview:-1\" \/>\n<link rel=\"canonical\" href=\"https:\/\/www.schramas.com\/de\/shop\/cucumis-metuliferus-kiwano-hornmelone-einjahrig-hohe-70-cm-2-liter-topf\/\" \/>\n<meta property=\"og:locale\" content=\"de_DE\" \/>\n<meta property=\"og:type\" content=\"article\" \/>\n<meta property=\"og:title\" content=\"Cucumis metuliferus Kiwano - gehoornde meloen - Eenjarig - Hoogte 70cm - 2 liter pot kopen | Planten eenvoudig online bestellen | Schramas.com\" \/>\n<meta property=\"og:description\" content=\"Cucumis metuliferus Kiwano  Gehoornde meloen  Smaak: frisse smaak.  Kleur vrucht: oranje  Hoogte max: 1,5 meter  Leverhoogte incl. pot: ca. 70cm  Pot maat: 2 liter\" \/>\n<meta property=\"og:url\" content=\"https:\/\/www.schramas.com\/de\/shop\/cucumis-metuliferus-kiwano-hornmelone-einjahrig-hohe-70-cm-2-liter-topf\/\" \/>\n<meta property=\"og:site_name\" content=\"Planten eenvoudig online bestellen | Schramas.com\" \/>\n<meta property=\"article:publisher\" content=\"https:\/\/www.facebook.com\/Schramascom-106872874153195\/\" \/>\n<meta property=\"article:modified_time\" content=\"2026-03-26T15:36:19+00:00\" \/>\n<meta property=\"og:image\" content=\"http:\/\/www.schramas.com\/wp-content\/uploads\/2024\/05\/Kiwano-sfeer.jpg\" \/>\n\t<meta property=\"og:image:width\" content=\"1200\" \/>\n\t<meta property=\"og:image:height\" content=\"1200\" \/>\n\t<meta property=\"og:image:type\" content=\"image\/jpeg\" \/>\n<meta name=\"twitter:card\" content=\"summary_large_image\" \/>\n<meta name=\"twitter:label1\" content=\"Gesch\u00e4tzte Lesezeit\" \/>\n\t<meta name=\"twitter:data1\" content=\"1\u00a0Minute\" \/>\n<script type=\"application\/ld+json\" class=\"yoast-schema-graph\">{\"@context\":\"https:\/\/schema.org\",\"@graph\":[{\"@type\":[\"WebPage\",\"ItemPage\"],\"@id\":\"https:\/\/www.schramas.com\/winkel\/cucumis-metuliferus-kiwano-gehoornde-meloen-eenjarig-hoogte-70cm-2-liter-pot\/\",\"url\":\"https:\/\/www.schramas.com\/winkel\/cucumis-metuliferus-kiwano-gehoornde-meloen-eenjarig-hoogte-70cm-2-liter-pot\/\",\"name\":\"Cucumis metuliferus Kiwano - gehoornde meloen - Eenjarig - Hoogte 70cm - 2 liter pot kopen | Planten eenvoudig online bestellen | Schramas.com\",\"isPartOf\":{\"@id\":\"https:\/\/www.schramas.com\/#website\"},\"primaryImageOfPage\":{\"@id\":\"https:\/\/www.schramas.com\/winkel\/cucumis-metuliferus-kiwano-gehoornde-meloen-eenjarig-hoogte-70cm-2-liter-pot\/#primaryimage\"},\"image\":{\"@id\":\"https:\/\/www.schramas.com\/winkel\/cucumis-metuliferus-kiwano-gehoornde-meloen-eenjarig-hoogte-70cm-2-liter-pot\/#primaryimage\"},\"thumbnailUrl\":\"https:\/\/www.schramas.com\/wp-content\/uploads\/2024\/05\/Kiwano-sfeer.jpg\",\"datePublished\":\"2024-05-14T08:25:27+00:00\",\"dateModified\":\"2026-03-26T15:36:19+00:00\",\"breadcrumb\":{\"@id\":\"https:\/\/www.schramas.com\/winkel\/cucumis-metuliferus-kiwano-gehoornde-meloen-eenjarig-hoogte-70cm-2-liter-pot\/#breadcrumb\"},\"inLanguage\":\"de\",\"potentialAction\":[{\"@type\":\"ReadAction\",\"target\":[\"https:\/\/www.schramas.com\/winkel\/cucumis-metuliferus-kiwano-gehoornde-meloen-eenjarig-hoogte-70cm-2-liter-pot\/\"]}]},{\"@type\":\"ImageObject\",\"inLanguage\":\"de\",\"@id\":\"https:\/\/www.schramas.com\/winkel\/cucumis-metuliferus-kiwano-gehoornde-meloen-eenjarig-hoogte-70cm-2-liter-pot\/#primaryimage\",\"url\":\"https:\/\/www.schramas.com\/wp-content\/uploads\/2024\/05\/Kiwano-sfeer.jpg\",\"contentUrl\":\"https:\/\/www.schramas.com\/wp-content\/uploads\/2024\/05\/Kiwano-sfeer.jpg\",\"width\":1200,\"height\":1200},{\"@type\":\"BreadcrumbList\",\"@id\":\"https:\/\/www.schramas.com\/winkel\/cucumis-metuliferus-kiwano-gehoornde-meloen-eenjarig-hoogte-70cm-2-liter-pot\/#breadcrumb\",\"itemListElement\":[{\"@type\":\"ListItem\",\"position\":1,\"name\":\"Product\",\"item\":\"https:\/\/www.schramas.com\/assortiment\/\"},{\"@type\":\"ListItem\",\"position\":2,\"name\":\"Bomen &amp; Struiken\",\"item\":\"https:\/\/www.schramas.com\/product-category\/bomen-struiken\/\"},{\"@type\":\"ListItem\",\"position\":3,\"name\":\"Specials\",\"item\":\"https:\/\/www.schramas.com\/product-category\/bomen-struiken\/specials\/\"},{\"@type\":\"ListItem\",\"position\":4,\"name\":\"Mediterrane en Exotische Fruitplanten\",\"item\":\"https:\/\/www.schramas.com\/product-category\/bomen-struiken\/specials\/mediterrane-en-exotische-fruitplanten\/\"},{\"@type\":\"ListItem\",\"position\":5,\"name\":\"Cucumis metuliferus Kiwano &#8211; gehoornde meloen &#8211; Eenjarig &#8211; Hoogte 70cm &#8211; 2 liter pot\"}]},{\"@type\":\"WebSite\",\"@id\":\"https:\/\/www.schramas.com\/#website\",\"url\":\"https:\/\/www.schramas.com\/\",\"name\":\"Schramas.com | Tuinplanten eenvoudig online bestellen | Direct van onze Kwekerij\",\"description\":\"\",\"alternateName\":\"Schramas.com - Alle planten direct van de kweker\",\"potentialAction\":[{\"@type\":\"SearchAction\",\"target\":{\"@type\":\"EntryPoint\",\"urlTemplate\":\"https:\/\/www.schramas.com\/?s={search_term_string}\"},\"query-input\":{\"@type\":\"PropertyValueSpecification\",\"valueRequired\":true,\"valueName\":\"search_term_string\"}}],\"inLanguage\":\"de\"}]}<\/script>\n<!-- \/ Yoast SEO plugin. -->","yoast_head_json":{"title":"Kaufen Sie Cucumis metuliferus Kiwano \u2013 Hornmelone \u2013 Einj\u00e4hrig \u2013 H\u00f6he 70 cm \u2013 2-Liter-Topf | Pflanzen einfach online bestellen | Schramas.com","robots":{"index":"index","follow":"follow","max-snippet":"max-snippet:-1","max-image-preview":"max-image-preview:large","max-video-preview":"max-video-preview:-1"},"canonical":"https:\/\/www.schramas.com\/de\/shop\/cucumis-metuliferus-kiwano-hornmelone-einjahrig-hohe-70-cm-2-liter-topf\/","og_locale":"de_DE","og_type":"article","og_title":"Cucumis metuliferus Kiwano - gehoornde meloen - Eenjarig - Hoogte 70cm - 2 liter pot kopen | Planten eenvoudig online bestellen | Schramas.com","og_description":"Cucumis metuliferus Kiwano  Gehoornde meloen  Smaak: frisse smaak.  Kleur vrucht: oranje  Hoogte max: 1,5 meter  Leverhoogte incl. pot: ca. 70cm  Pot maat: 2 liter","og_url":"https:\/\/www.schramas.com\/de\/shop\/cucumis-metuliferus-kiwano-hornmelone-einjahrig-hohe-70-cm-2-liter-topf\/","og_site_name":"Planten eenvoudig online bestellen | Schramas.com","article_publisher":"https:\/\/www.facebook.com\/Schramascom-106872874153195\/","article_modified_time":"2026-03-26T15:36:19+00:00","og_image":[{"width":1200,"height":1200,"url":"http:\/\/www.schramas.com\/wp-content\/uploads\/2024\/05\/Kiwano-sfeer.jpg","type":"image\/jpeg"}],"twitter_card":"summary_large_image","twitter_misc":{"Gesch\u00e4tzte Lesezeit":"1\u00a0Minute"},"schema":{"@context":"https:\/\/schema.org","@graph":[{"@type":["WebPage","ItemPage"],"@id":"https:\/\/www.schramas.com\/winkel\/cucumis-metuliferus-kiwano-gehoornde-meloen-eenjarig-hoogte-70cm-2-liter-pot\/","url":"https:\/\/www.schramas.com\/winkel\/cucumis-metuliferus-kiwano-gehoornde-meloen-eenjarig-hoogte-70cm-2-liter-pot\/","name":"Kaufen Sie Cucumis metuliferus Kiwano \u2013 Hornmelone \u2013 Einj\u00e4hrig \u2013 H\u00f6he 70 cm \u2013 2-Liter-Topf | Pflanzen einfach online bestellen | Schramas.com","isPartOf":{"@id":"https:\/\/www.schramas.com\/#website"},"primaryImageOfPage":{"@id":"https:\/\/www.schramas.com\/winkel\/cucumis-metuliferus-kiwano-gehoornde-meloen-eenjarig-hoogte-70cm-2-liter-pot\/#primaryimage"},"image":{"@id":"https:\/\/www.schramas.com\/winkel\/cucumis-metuliferus-kiwano-gehoornde-meloen-eenjarig-hoogte-70cm-2-liter-pot\/#primaryimage"},"thumbnailUrl":"https:\/\/www.schramas.com\/wp-content\/uploads\/2024\/05\/Kiwano-sfeer.jpg","datePublished":"2024-05-14T08:25:27+00:00","dateModified":"2026-03-26T15:36:19+00:00","breadcrumb":{"@id":"https:\/\/www.schramas.com\/winkel\/cucumis-metuliferus-kiwano-gehoornde-meloen-eenjarig-hoogte-70cm-2-liter-pot\/#breadcrumb"},"inLanguage":"de","potentialAction":[{"@type":"ReadAction","target":["https:\/\/www.schramas.com\/winkel\/cucumis-metuliferus-kiwano-gehoornde-meloen-eenjarig-hoogte-70cm-2-liter-pot\/"]}]},{"@type":"ImageObject","inLanguage":"de","@id":"https:\/\/www.schramas.com\/winkel\/cucumis-metuliferus-kiwano-gehoornde-meloen-eenjarig-hoogte-70cm-2-liter-pot\/#primaryimage","url":"https:\/\/www.schramas.com\/wp-content\/uploads\/2024\/05\/Kiwano-sfeer.jpg","contentUrl":"https:\/\/www.schramas.com\/wp-content\/uploads\/2024\/05\/Kiwano-sfeer.jpg","width":1200,"height":1200},{"@type":"BreadcrumbList","@id":"https:\/\/www.schramas.com\/winkel\/cucumis-metuliferus-kiwano-gehoornde-meloen-eenjarig-hoogte-70cm-2-liter-pot\/#breadcrumb","itemListElement":[{"@type":"ListItem","position":1,"name":"Product","item":"https:\/\/www.schramas.com\/assortiment\/"},{"@type":"ListItem","position":2,"name":"Bomen &amp; Struiken","item":"https:\/\/www.schramas.com\/product-category\/bomen-struiken\/"},{"@type":"ListItem","position":3,"name":"Specials","item":"https:\/\/www.schramas.com\/product-category\/bomen-struiken\/specials\/"},{"@type":"ListItem","position":4,"name":"Mediterrane en Exotische Fruitplanten","item":"https:\/\/www.schramas.com\/product-category\/bomen-struiken\/specials\/mediterrane-en-exotische-fruitplanten\/"},{"@type":"ListItem","position":5,"name":"Cucumis metuliferus Kiwano &#8211; gehoornde meloen &#8211; Eenjarig &#8211; Hoogte 70cm &#8211; 2 liter pot"}]},{"@type":"WebSite","@id":"https:\/\/www.schramas.com\/#website","url":"https:\/\/www.schramas.com\/","name":"Schramas.com | Gartenpflanzen einfach online bestellen | Direkt aus unserer G\u00e4rtnerei","description":"","alternateName":"Schramas.com - Alle planten direct van de kweker","potentialAction":[{"@type":"SearchAction","target":{"@type":"EntryPoint","urlTemplate":"https:\/\/www.schramas.com\/?s={search_term_string}"},"query-input":{"@type":"PropertyValueSpecification","valueRequired":true,"valueName":"search_term_string"}}],"inLanguage":"de"}]}},"_links":{"self":[{"href":"https:\/\/www.schramas.com\/de\/wp-json\/wp\/v2\/product\/40458","targetHints":{"allow":["GET"]}}],"collection":[{"href":"https:\/\/www.schramas.com\/de\/wp-json\/wp\/v2\/product"}],"about":[{"href":"https:\/\/www.schramas.com\/de\/wp-json\/wp\/v2\/types\/product"}],"version-history":[{"count":3,"href":"https:\/\/www.schramas.com\/de\/wp-json\/wp\/v2\/product\/40458\/revisions"}],"predecessor-version":[{"id":40464,"href":"https:\/\/www.schramas.com\/de\/wp-json\/wp\/v2\/product\/40458\/revisions\/40464"}],"wp:featuredmedia":[{"embeddable":true,"href":"https:\/\/www.schramas.com\/de\/wp-json\/wp\/v2\/media\/40462"}],"wp:attachment":[{"href":"https:\/\/www.schramas.com\/de\/wp-json\/wp\/v2\/media?parent=40458"}],"wp:term":[{"taxonomy":"product_brand","embeddable":true,"href":"https:\/\/www.schramas.com\/de\/wp-json\/wp\/v2\/product_brand?post=40458"},{"taxonomy":"product_cat","embeddable":true,"href":"https:\/\/www.schramas.com\/de\/wp-json\/wp\/v2\/product_cat?post=40458"},{"taxonomy":"product_tag","embeddable":true,"href":"https:\/\/www.schramas.com\/de\/wp-json\/wp\/v2\/product_tag?post=40458"}],"curies":[{"name":"wp","href":"https:\/\/api.w.org\/{rel}","templated":true}]}}