{"id":40880,"date":"2024-05-23T09:10:06","date_gmt":"2024-05-23T07:10:06","guid":{"rendered":"https:\/\/www.schramas.com\/?post_type=product&#038;p=40880"},"modified":"2026-05-13T14:11:55","modified_gmt":"2026-05-13T12:11:55","slug":"calliandra-surinamensis-dixie-pink-suriname-puderpinsel-3-liter-topf","status":"publish","type":"product","link":"https:\/\/www.schramas.com\/de\/shop\/calliandra-surinamensis-dixie-pink-suriname-puderpinsel-3-liter-topf\/","title":{"rendered":"Calliandra surinamensis 'Dixie Pink', Surinamische Puderquaste, 3 Liter Topf"},"content":{"rendered":"<p>Calliandra surinamensis \u201eDixie Pink\u201c, auch bekannt als Suriname-Pulverpinsel, ist eine wundersch\u00f6ne immergr\u00fcne K\u00fcbelpflanze, die in Suriname beheimatet ist. Dieser verzweigte Strauch zeichnet sich durch seine wundersch\u00f6nen gefiederten Bl\u00e4tter aus, vor allem aber durch seine auff\u00e4lligen, tiefrosa, flauschigen Bl\u00fcten, die an rosa Puderpinsel erinnern.<\/p>\n<p>Diese Pflanze eignet sich f\u00fcr Bonsai und gedeiht am besten in einer frostfreien Umgebung, bei einer Temperatur von etwa 10\u00b0C im Winter. Bei bew\u00f6lktem Wetter oder abends schlie\u00dfen sich die Bl\u00e4tter.<\/p>\n<p>Die Bl\u00fcte der Calliandra surinamensis \u201eDixie Pink\u201c ist spektakul\u00e4r, mit wundersch\u00f6nen, tiefrosa, flauschigen Bl\u00fcten, die von April bis Mai erscheinen und bis Ende Oktober andauern. Diese Bl\u00fcten haben einen wunderbar s\u00fc\u00dfen Duft und sind Liebhabern duftender Pflanzen zu empfehlen.<\/p>\n<p>Obwohl diese Pflanze in freier Wildbahn zu einem Baumstrauch von \u00fcber 3 Metern H\u00f6he heranwachsen kann, ist sie als K\u00fcbelpflanze meist auf eine maximale H\u00f6he von 150 cm beschr\u00e4nkt. Durch regelm\u00e4\u00dfiges Beschneiden kann die Pflanze sogar kleiner als 1 Meter gehalten werden.<\/p>\n<p>Die Calliandra surinamensis &#039;Dixie Pink&#039; gedeiht bei regelm\u00e4\u00dfiger D\u00fcngung von Mai bis September, im Winter ben\u00f6tigt die Pflanze keine D\u00fcngung, regelm\u00e4\u00dfiges Gie\u00dfen ist jedoch wichtig. \u00dcberwintern Sie die Pflanze bei einer Temperatur von mindestens +5 \u00b0C und stellen Sie sie im Fr\u00fchjahr ab Mai wieder drau\u00dfen an einen warmen, m\u00f6glichst windgesch\u00fctzten Ort.<\/p>\n<p>Der Schnitt erfolgt am besten direkt nach der Bl\u00fcte. Mit ihren wundersch\u00f6nen Bl\u00fcten und ihrer einfachen Pflege ist Calliandra surinamensis \u201eDixie Pink\u201c eine wertvolle Erg\u00e4nzung f\u00fcr jeden Garten oder jede Terrasse.<\/p>","protected":false},"excerpt":{"rendered":"<p>Calliandra &#039;Dixie Pink&#039;<\/p>\n<p>Surinamischer Puderpinsel<\/p>\n<p>H\u00f6he max: 3 Meter<\/p>\n<p>Nicht winterhart<\/p>\n<p>Lieferh\u00f6he 70cm<\/p>\n<p>3-Liter-Gef\u00e4\u00df<\/p>","protected":false},"featured_media":40882,"template":"","meta":{"_joinchat":[]},"product_brand":[],"product_cat":[302,262,300,229,305],"product_tag":[1895,1899,1893,1894,1896,1897,1891,1892,1898],"class_list":{"0":"post-40880","1":"product","2":"type-product","3":"status-publish","4":"has-post-thumbnail","6":"product_cat-bladverliezende-heesters","7":"product_cat-bomen-struiken","8":"product_cat-heesters","9":"product_cat-sierheesters","10":"product_cat-planten-heesters","11":"product_tag-bloeiende-planten","12":"product_tag-bonsai","13":"product_tag-calliandra-surinamensis","14":"product_tag-dixie-pink","15":"product_tag-geurende-planten","16":"product_tag-groenblijvende-planten","17":"product_tag-kuipplanten","18":"product_tag-surinaamse-poederkwast","19":"product_tag-tropische-planten","20":"pa_bloeimaanden-april","21":"pa_ewd_uwcf_colors-groen-2","22":"pa_ewd_uwcf_colors-roze","23":"pa_groeihoogte-300-cm","24":"pa_pot-met-pot","26":"first","27":"instock","28":"taxable","29":"shipping-taxable","30":"purchasable","31":"product-type-simple"},"yoast_head":"<!-- This site is optimized with the Yoast SEO plugin v24.2 - https:\/\/yoast.com\/wordpress\/plugins\/seo\/ -->\n<title>Calliandra surinamensis &#039;Dixie Pink&#039;, Surinaamse poederkwast, 3 liter pot kopen | Planten eenvoudig online bestellen | Schramas.com<\/title>\n<meta name=\"robots\" content=\"index, follow, max-snippet:-1, max-image-preview:large, max-video-preview:-1\" \/>\n<link rel=\"canonical\" href=\"https:\/\/www.schramas.com\/de\/shop\/calliandra-surinamensis-dixie-pink-suriname-puderpinsel-3-liter-topf\/\" \/>\n<meta property=\"og:locale\" content=\"de_DE\" \/>\n<meta property=\"og:type\" content=\"article\" \/>\n<meta property=\"og:title\" content=\"Calliandra surinamensis &#039;Dixie Pink&#039;, Surinaamse poederkwast, 3 liter pot kopen | Planten eenvoudig online bestellen | Schramas.com\" \/>\n<meta property=\"og:description\" content=\"Calliandra &#039;Dixie Pink&#039;  Surinaamse poederkwast  Hoogte max: 3 meter  Niet winterhard  Leverhoogte 70cm  3 liter pot\" \/>\n<meta property=\"og:url\" content=\"https:\/\/www.schramas.com\/de\/shop\/calliandra-surinamensis-dixie-pink-suriname-puderpinsel-3-liter-topf\/\" \/>\n<meta property=\"og:site_name\" content=\"Planten eenvoudig online bestellen | Schramas.com\" \/>\n<meta property=\"article:publisher\" content=\"https:\/\/www.facebook.com\/Schramascom-106872874153195\/\" \/>\n<meta property=\"article:modified_time\" content=\"2026-05-13T12:11:55+00:00\" \/>\n<meta property=\"og:image\" content=\"http:\/\/www.schramas.com\/wp-content\/uploads\/2024\/05\/Calliandra-Dixie-pink-sfeer.jpg\" \/>\n\t<meta property=\"og:image:width\" content=\"1200\" \/>\n\t<meta property=\"og:image:height\" content=\"1200\" \/>\n\t<meta property=\"og:image:type\" content=\"image\/jpeg\" \/>\n<meta name=\"twitter:card\" content=\"summary_large_image\" \/>\n<meta name=\"twitter:label1\" content=\"Gesch\u00e4tzte Lesezeit\" \/>\n\t<meta name=\"twitter:data1\" content=\"1\u00a0Minute\" \/>\n<script type=\"application\/ld+json\" class=\"yoast-schema-graph\">{\"@context\":\"https:\/\/schema.org\",\"@graph\":[{\"@type\":[\"WebPage\",\"ItemPage\"],\"@id\":\"https:\/\/www.schramas.com\/winkel\/calliandra-surinamensis-dixie-pink-surinaamse-poederkwast-3-liter-pot\/\",\"url\":\"https:\/\/www.schramas.com\/winkel\/calliandra-surinamensis-dixie-pink-surinaamse-poederkwast-3-liter-pot\/\",\"name\":\"Calliandra surinamensis 'Dixie Pink', Surinaamse poederkwast, 3 liter pot kopen | Planten eenvoudig online bestellen | Schramas.com\",\"isPartOf\":{\"@id\":\"https:\/\/www.schramas.com\/#website\"},\"primaryImageOfPage\":{\"@id\":\"https:\/\/www.schramas.com\/winkel\/calliandra-surinamensis-dixie-pink-surinaamse-poederkwast-3-liter-pot\/#primaryimage\"},\"image\":{\"@id\":\"https:\/\/www.schramas.com\/winkel\/calliandra-surinamensis-dixie-pink-surinaamse-poederkwast-3-liter-pot\/#primaryimage\"},\"thumbnailUrl\":\"https:\/\/www.schramas.com\/wp-content\/uploads\/2024\/05\/Calliandra-Dixie-pink-sfeer.jpg\",\"datePublished\":\"2024-05-23T07:10:06+00:00\",\"dateModified\":\"2026-05-13T12:11:55+00:00\",\"breadcrumb\":{\"@id\":\"https:\/\/www.schramas.com\/winkel\/calliandra-surinamensis-dixie-pink-surinaamse-poederkwast-3-liter-pot\/#breadcrumb\"},\"inLanguage\":\"de\",\"potentialAction\":[{\"@type\":\"ReadAction\",\"target\":[\"https:\/\/www.schramas.com\/winkel\/calliandra-surinamensis-dixie-pink-surinaamse-poederkwast-3-liter-pot\/\"]}]},{\"@type\":\"ImageObject\",\"inLanguage\":\"de\",\"@id\":\"https:\/\/www.schramas.com\/winkel\/calliandra-surinamensis-dixie-pink-surinaamse-poederkwast-3-liter-pot\/#primaryimage\",\"url\":\"https:\/\/www.schramas.com\/wp-content\/uploads\/2024\/05\/Calliandra-Dixie-pink-sfeer.jpg\",\"contentUrl\":\"https:\/\/www.schramas.com\/wp-content\/uploads\/2024\/05\/Calliandra-Dixie-pink-sfeer.jpg\",\"width\":1200,\"height\":1200},{\"@type\":\"BreadcrumbList\",\"@id\":\"https:\/\/www.schramas.com\/winkel\/calliandra-surinamensis-dixie-pink-surinaamse-poederkwast-3-liter-pot\/#breadcrumb\",\"itemListElement\":[{\"@type\":\"ListItem\",\"position\":1,\"name\":\"Product\",\"item\":\"https:\/\/www.schramas.com\/assortiment\/\"},{\"@type\":\"ListItem\",\"position\":2,\"name\":\"Tuinplanten\",\"item\":\"https:\/\/www.schramas.com\/product-category\/planten-heesters\/\"},{\"@type\":\"ListItem\",\"position\":3,\"name\":\"Heesters\",\"item\":\"https:\/\/www.schramas.com\/product-category\/planten-heesters\/heesters\/\"},{\"@type\":\"ListItem\",\"position\":4,\"name\":\"Bladverliezende heesters\",\"item\":\"https:\/\/www.schramas.com\/product-category\/planten-heesters\/heesters\/bladverliezende-heesters\/\"},{\"@type\":\"ListItem\",\"position\":5,\"name\":\"Calliandra surinamensis &#8216;Dixie Pink&#8217;, Surinaamse poederkwast, 3 liter pot\"}]},{\"@type\":\"WebSite\",\"@id\":\"https:\/\/www.schramas.com\/#website\",\"url\":\"https:\/\/www.schramas.com\/\",\"name\":\"Schramas.com | Tuinplanten eenvoudig online bestellen | Direct van onze Kwekerij\",\"description\":\"\",\"alternateName\":\"Schramas.com - Alle planten direct van de kweker\",\"potentialAction\":[{\"@type\":\"SearchAction\",\"target\":{\"@type\":\"EntryPoint\",\"urlTemplate\":\"https:\/\/www.schramas.com\/?s={search_term_string}\"},\"query-input\":{\"@type\":\"PropertyValueSpecification\",\"valueRequired\":true,\"valueName\":\"search_term_string\"}}],\"inLanguage\":\"de\"}]}<\/script>\n<!-- \/ Yoast SEO plugin. -->","yoast_head_json":{"title":"Kaufen Sie Calliandra surinamensis &#039;Dixie Pink&#039;, surinamischer Puderpinsel, 3-Liter-Topf | Pflanzen einfach online bestellen | Schramas.com","robots":{"index":"index","follow":"follow","max-snippet":"max-snippet:-1","max-image-preview":"max-image-preview:large","max-video-preview":"max-video-preview:-1"},"canonical":"https:\/\/www.schramas.com\/de\/shop\/calliandra-surinamensis-dixie-pink-suriname-puderpinsel-3-liter-topf\/","og_locale":"de_DE","og_type":"article","og_title":"Calliandra surinamensis 'Dixie Pink', Surinaamse poederkwast, 3 liter pot kopen | Planten eenvoudig online bestellen | Schramas.com","og_description":"Calliandra 'Dixie Pink'  Surinaamse poederkwast  Hoogte max: 3 meter  Niet winterhard  Leverhoogte 70cm  3 liter pot","og_url":"https:\/\/www.schramas.com\/de\/shop\/calliandra-surinamensis-dixie-pink-suriname-puderpinsel-3-liter-topf\/","og_site_name":"Planten eenvoudig online bestellen | Schramas.com","article_publisher":"https:\/\/www.facebook.com\/Schramascom-106872874153195\/","article_modified_time":"2026-05-13T12:11:55+00:00","og_image":[{"width":1200,"height":1200,"url":"http:\/\/www.schramas.com\/wp-content\/uploads\/2024\/05\/Calliandra-Dixie-pink-sfeer.jpg","type":"image\/jpeg"}],"twitter_card":"summary_large_image","twitter_misc":{"Gesch\u00e4tzte Lesezeit":"1\u00a0Minute"},"schema":{"@context":"https:\/\/schema.org","@graph":[{"@type":["WebPage","ItemPage"],"@id":"https:\/\/www.schramas.com\/winkel\/calliandra-surinamensis-dixie-pink-surinaamse-poederkwast-3-liter-pot\/","url":"https:\/\/www.schramas.com\/winkel\/calliandra-surinamensis-dixie-pink-surinaamse-poederkwast-3-liter-pot\/","name":"Kaufen Sie Calliandra surinamensis &#039;Dixie Pink&#039;, surinamischer Puderpinsel, 3-Liter-Topf | Pflanzen einfach online bestellen | Schramas.com","isPartOf":{"@id":"https:\/\/www.schramas.com\/#website"},"primaryImageOfPage":{"@id":"https:\/\/www.schramas.com\/winkel\/calliandra-surinamensis-dixie-pink-surinaamse-poederkwast-3-liter-pot\/#primaryimage"},"image":{"@id":"https:\/\/www.schramas.com\/winkel\/calliandra-surinamensis-dixie-pink-surinaamse-poederkwast-3-liter-pot\/#primaryimage"},"thumbnailUrl":"https:\/\/www.schramas.com\/wp-content\/uploads\/2024\/05\/Calliandra-Dixie-pink-sfeer.jpg","datePublished":"2024-05-23T07:10:06+00:00","dateModified":"2026-05-13T12:11:55+00:00","breadcrumb":{"@id":"https:\/\/www.schramas.com\/winkel\/calliandra-surinamensis-dixie-pink-surinaamse-poederkwast-3-liter-pot\/#breadcrumb"},"inLanguage":"de","potentialAction":[{"@type":"ReadAction","target":["https:\/\/www.schramas.com\/winkel\/calliandra-surinamensis-dixie-pink-surinaamse-poederkwast-3-liter-pot\/"]}]},{"@type":"ImageObject","inLanguage":"de","@id":"https:\/\/www.schramas.com\/winkel\/calliandra-surinamensis-dixie-pink-surinaamse-poederkwast-3-liter-pot\/#primaryimage","url":"https:\/\/www.schramas.com\/wp-content\/uploads\/2024\/05\/Calliandra-Dixie-pink-sfeer.jpg","contentUrl":"https:\/\/www.schramas.com\/wp-content\/uploads\/2024\/05\/Calliandra-Dixie-pink-sfeer.jpg","width":1200,"height":1200},{"@type":"BreadcrumbList","@id":"https:\/\/www.schramas.com\/winkel\/calliandra-surinamensis-dixie-pink-surinaamse-poederkwast-3-liter-pot\/#breadcrumb","itemListElement":[{"@type":"ListItem","position":1,"name":"Product","item":"https:\/\/www.schramas.com\/assortiment\/"},{"@type":"ListItem","position":2,"name":"Tuinplanten","item":"https:\/\/www.schramas.com\/product-category\/planten-heesters\/"},{"@type":"ListItem","position":3,"name":"Heesters","item":"https:\/\/www.schramas.com\/product-category\/planten-heesters\/heesters\/"},{"@type":"ListItem","position":4,"name":"Bladverliezende heesters","item":"https:\/\/www.schramas.com\/product-category\/planten-heesters\/heesters\/bladverliezende-heesters\/"},{"@type":"ListItem","position":5,"name":"Calliandra surinamensis &#8216;Dixie Pink&#8217;, Surinaamse poederkwast, 3 liter pot"}]},{"@type":"WebSite","@id":"https:\/\/www.schramas.com\/#website","url":"https:\/\/www.schramas.com\/","name":"Schramas.com | Gartenpflanzen einfach online bestellen | Direkt aus unserer G\u00e4rtnerei","description":"","alternateName":"Schramas.com - Alle planten direct van de kweker","potentialAction":[{"@type":"SearchAction","target":{"@type":"EntryPoint","urlTemplate":"https:\/\/www.schramas.com\/?s={search_term_string}"},"query-input":{"@type":"PropertyValueSpecification","valueRequired":true,"valueName":"search_term_string"}}],"inLanguage":"de"}]}},"_links":{"self":[{"href":"https:\/\/www.schramas.com\/de\/wp-json\/wp\/v2\/product\/40880","targetHints":{"allow":["GET"]}}],"collection":[{"href":"https:\/\/www.schramas.com\/de\/wp-json\/wp\/v2\/product"}],"about":[{"href":"https:\/\/www.schramas.com\/de\/wp-json\/wp\/v2\/types\/product"}],"version-history":[{"count":4,"href":"https:\/\/www.schramas.com\/de\/wp-json\/wp\/v2\/product\/40880\/revisions"}],"predecessor-version":[{"id":41601,"href":"https:\/\/www.schramas.com\/de\/wp-json\/wp\/v2\/product\/40880\/revisions\/41601"}],"wp:featuredmedia":[{"embeddable":true,"href":"https:\/\/www.schramas.com\/de\/wp-json\/wp\/v2\/media\/40882"}],"wp:attachment":[{"href":"https:\/\/www.schramas.com\/de\/wp-json\/wp\/v2\/media?parent=40880"}],"wp:term":[{"taxonomy":"product_brand","embeddable":true,"href":"https:\/\/www.schramas.com\/de\/wp-json\/wp\/v2\/product_brand?post=40880"},{"taxonomy":"product_cat","embeddable":true,"href":"https:\/\/www.schramas.com\/de\/wp-json\/wp\/v2\/product_cat?post=40880"},{"taxonomy":"product_tag","embeddable":true,"href":"https:\/\/www.schramas.com\/de\/wp-json\/wp\/v2\/product_tag?post=40880"}],"curies":[{"name":"wp","href":"https:\/\/api.w.org\/{rel}","templated":true}]}}