{"id":42649,"date":"2024-07-25T10:47:20","date_gmt":"2024-07-25T08:47:20","guid":{"rendered":"https:\/\/www.schramas.com\/?post_type=product&#038;p=42649"},"modified":"2026-04-15T08:06:14","modified_gmt":"2026-04-15T06:06:14","slug":"2er-set-himmlischer-bambus-nandina-domestica-feuerkraft-hohe-35-cm-12-cm-topf","status":"publish","type":"product","link":"https:\/\/www.schramas.com\/de\/shop\/2er-set-himmlischer-bambus-nandina-domestica-feuerkraft-hohe-35-cm-12-cm-topf\/","title":{"rendered":"2er-Set Himmelsbambus - Nandina domestica 'Firepower' - H\u00f6he 35cm - 12cm Topf"},"content":{"rendered":"<p>Der Nandina Domestica \u201eFirepower\u201c, auch Himmlischer Bambus genannt, ist ein auff\u00e4lliger und vielseitiger immergr\u00fcner Strauch. Obwohl der Name vermuten l\u00e4sst, dass es sich um eine Bambusart handelt, ist das nicht der Fall und diese Pflanze wird sich nicht vermehren. Das Set enth\u00e4lt zwei Pflanzen, jeweils in einem 12 cm Topf und mit einer H\u00f6he von ca. 35 cm.<\/p>\n<p><strong>Merkmale:<\/strong><\/p>\n<ul>\n<li><strong>Buntes Blatt:<\/strong> Das Laub von \u201eFirepower\u201c variiert im Laufe der Jahreszeiten, wobei die Farben von leuchtendem Rot und Rosa im Fr\u00fchling \u00fcber Gelb und Gr\u00fcn im Sommer bis hin zu einer Mischung aus Rot, Orange und Gr\u00fcn im Herbst und Winter wechseln. Diese dynamischen Farbt\u00f6ne machen die Pflanze zu einem echten Hingucker.<\/li>\n<li><strong>Bl\u00fcte und Fr\u00fcchte:<\/strong> Im Sommer bringt Nandina Domestica \u201eFirepower\u201c zarte wei\u00dfe Bl\u00fcten hervor, denen sp\u00e4ter in der Saison dekorative rote Beeren folgen. Diese Beeren bleiben oft bis weit in den Winter hinein sichtbar, was f\u00fcr eine nachhaltige dekorative Wirkung sorgt.<\/li>\n<li><strong>Wachstum und Erhaltung:<\/strong> Diese Pflanze w\u00e4chst aufrecht bis buschig und erreicht eine Endh\u00f6he von etwa 50 cm. Die Nandina \u201eFirepower\u201c ist d\u00fcrreresistent und kann in der vollen Sonne oder im Halbschatten gepflanzt werden. Der Strauch wuchert nicht, was bedeutet, dass er ordentlich an seinem Platz bleibt, ohne den Garten zu beanspruchen.<\/li>\n<li><strong>Anwendung:<\/strong> Der Himmlische Bambus ist sehr vielseitig und kann als Solit\u00e4rpflanze im Topf auf der Terrasse oder dem Balkon, in Rabatten als Akzentpflanze oder in Gruppenbepflanzungen verwendet werden. Es eignet sich auch zum Anlegen niedriger Hecken.<\/li>\n<\/ul>\n<p><strong>Pflege:<\/strong><\/p>\n<p>Die Nandina Domestica \u201eFirepower\u201c erfordert wenig Pflege und muss nur sporadisch beschnitten werden, um eine attraktive Form zu behalten. Es ist eine ideale Pflanze sowohl f\u00fcr Anf\u00e4nger als auch f\u00fcr erfahrene G\u00e4rtner, die einen geringen Wartungsaufwand, aber eine hohe optische Wirkung suchen.<\/p>","protected":false},"excerpt":{"rendered":"<div class=\"elementor-element elementor-element-22a0eea elementor-widget elementor-widget-woocommerce-product-short-description\" data-id=\"22a0eea\" data-element_type=\"widget\" data-widget_type=\"woocommerce-product-short-description.default\">\n<div class=\"elementor-widget-container\">\n<div class=\"woocommerce-product-details__short-description\">\n<p>Nandina Domestica &#039;Firepower&#039;<\/p>\n<p>Scheinbambus, himmlischer Bambus<\/p>\n<p>Bl\u00fctenstand: rot gef\u00e4rbte Bl\u00e4tter<\/p>\n<p>Max. H\u00f6he 50-60 cm<\/p>\n<p>Gr\u00fcn bleiben.<\/p>\n<p>Hardy<\/p>\n<p>Lieferh\u00f6he inkl. Topf: 35-40 cm<\/p>\n<p>Topfgr\u00f6\u00dfe: 12cm Topf<\/p>\n<\/div>\n<\/div>\n<\/div>\n<div class=\"elementor-element elementor-element-e241044 elementor-widget elementor-widget-woocommerce-product-price\" data-id=\"e241044\" data-element_type=\"widget\" data-widget_type=\"woocommerce-product-price.default\">\n<div class=\"elementor-widget-container\"><\/div>\n<\/div>","protected":false},"featured_media":42653,"template":"","meta":{"_joinchat":[]},"product_brand":[],"product_cat":[303,300,867,1012,229,305],"product_tag":[603,1369,2076,1497,2072,499,2073,2074,2075,2071,930,1541,1275,1518,610,351],"class_list":{"0":"post-42649","1":"product","2":"type-product","3":"status-publish","4":"has-post-thumbnail","6":"product_cat-groenblijvende-heesters","7":"product_cat-heesters","8":"product_cat-pakket-deals","9":"product_cat-overige-deals","10":"product_cat-sierheesters","11":"product_cat-planten-heesters","12":"product_tag-bessen","13":"product_tag-borderplant","14":"product_tag-decoratieve-plant","15":"product_tag-droogtetolerant","16":"product_tag-firepower","17":"product_tag-groenblijvend","18":"product_tag-hemelse-bamboe","19":"product_tag-kleurrijk-blad","20":"product_tag-laag-onderhoud","21":"product_tag-nandina-domestica","22":"product_tag-sierstruik","23":"product_tag-terrasplant","24":"product_tag-tuinieren","25":"product_tag-tuinontwerp","26":"product_tag-tuinplant","27":"product_tag-winterhard","28":"pa_ewd_uwcf_colors-groen-2","29":"pa_groeihoogte-50-100-cm","30":"pa_pot-1-5-liter-pot","32":"first","33":"outofstock","34":"taxable","35":"shipping-taxable","36":"purchasable","37":"product-type-simple"},"yoast_head":"<!-- This site is optimized with the Yoast SEO plugin v24.2 - https:\/\/yoast.com\/wordpress\/plugins\/seo\/ -->\n<title>Set van 2 hemelse bamboe - Nandina domestica &#039;Firepower&#039; - Hoogte 35cm - 12cm pot kopen | Planten eenvoudig online bestellen | Schramas.com<\/title>\n<meta name=\"robots\" content=\"index, follow, max-snippet:-1, max-image-preview:large, max-video-preview:-1\" \/>\n<link rel=\"canonical\" href=\"https:\/\/www.schramas.com\/de\/shop\/2er-set-himmlischer-bambus-nandina-domestica-feuerkraft-hohe-35-cm-12-cm-topf\/\" \/>\n<meta property=\"og:locale\" content=\"de_DE\" \/>\n<meta property=\"og:type\" content=\"article\" \/>\n<meta property=\"og:title\" content=\"Set van 2 hemelse bamboe - Nandina domestica &#039;Firepower&#039; - Hoogte 35cm - 12cm pot kopen | Planten eenvoudig online bestellen | Schramas.com\" \/>\n<meta property=\"og:description\" content=\"Nandina domestica &#039;Firepower&#039;  Schijnbamboe, hemelse bamboe  Bloeiwijze: rood gekleurd blad  Max. hoogte 50-60 cm  Groen blijvend.  Winterhard  Leverhoogte incl. pot: 35-40 cm  Potmaat: 12cm pot\" \/>\n<meta property=\"og:url\" content=\"https:\/\/www.schramas.com\/de\/shop\/2er-set-himmlischer-bambus-nandina-domestica-feuerkraft-hohe-35-cm-12-cm-topf\/\" \/>\n<meta property=\"og:site_name\" content=\"Planten eenvoudig online bestellen | Schramas.com\" \/>\n<meta property=\"article:publisher\" content=\"https:\/\/www.facebook.com\/Schramascom-106872874153195\/\" \/>\n<meta property=\"article:modified_time\" content=\"2026-04-15T06:06:14+00:00\" \/>\n<meta property=\"og:image\" content=\"http:\/\/www.schramas.com\/wp-content\/uploads\/2024\/07\/Nandina-domestica-Firepower-sfeer.jpg\" \/>\n\t<meta property=\"og:image:width\" content=\"1200\" \/>\n\t<meta property=\"og:image:height\" content=\"1200\" \/>\n\t<meta property=\"og:image:type\" content=\"image\/jpeg\" \/>\n<meta name=\"twitter:card\" content=\"summary_large_image\" \/>\n<meta name=\"twitter:label1\" content=\"Gesch\u00e4tzte Lesezeit\" \/>\n\t<meta name=\"twitter:data1\" content=\"1\u00a0Minute\" \/>\n<script type=\"application\/ld+json\" class=\"yoast-schema-graph\">{\"@context\":\"https:\/\/schema.org\",\"@graph\":[{\"@type\":[\"WebPage\",\"ItemPage\"],\"@id\":\"https:\/\/www.schramas.com\/winkel\/set-van-2-hemelse-bamboe-nandina-domestica-firepower-hoogte-35cm-12cm-pot\/\",\"url\":\"https:\/\/www.schramas.com\/winkel\/set-van-2-hemelse-bamboe-nandina-domestica-firepower-hoogte-35cm-12cm-pot\/\",\"name\":\"Set van 2 hemelse bamboe - Nandina domestica 'Firepower' - Hoogte 35cm - 12cm pot kopen | Planten eenvoudig online bestellen | Schramas.com\",\"isPartOf\":{\"@id\":\"https:\/\/www.schramas.com\/#website\"},\"primaryImageOfPage\":{\"@id\":\"https:\/\/www.schramas.com\/winkel\/set-van-2-hemelse-bamboe-nandina-domestica-firepower-hoogte-35cm-12cm-pot\/#primaryimage\"},\"image\":{\"@id\":\"https:\/\/www.schramas.com\/winkel\/set-van-2-hemelse-bamboe-nandina-domestica-firepower-hoogte-35cm-12cm-pot\/#primaryimage\"},\"thumbnailUrl\":\"https:\/\/www.schramas.com\/wp-content\/uploads\/2024\/07\/Nandina-domestica-Firepower-sfeer.jpg\",\"datePublished\":\"2024-07-25T08:47:20+00:00\",\"dateModified\":\"2026-04-15T06:06:14+00:00\",\"breadcrumb\":{\"@id\":\"https:\/\/www.schramas.com\/winkel\/set-van-2-hemelse-bamboe-nandina-domestica-firepower-hoogte-35cm-12cm-pot\/#breadcrumb\"},\"inLanguage\":\"de\",\"potentialAction\":[{\"@type\":\"ReadAction\",\"target\":[\"https:\/\/www.schramas.com\/winkel\/set-van-2-hemelse-bamboe-nandina-domestica-firepower-hoogte-35cm-12cm-pot\/\"]}]},{\"@type\":\"ImageObject\",\"inLanguage\":\"de\",\"@id\":\"https:\/\/www.schramas.com\/winkel\/set-van-2-hemelse-bamboe-nandina-domestica-firepower-hoogte-35cm-12cm-pot\/#primaryimage\",\"url\":\"https:\/\/www.schramas.com\/wp-content\/uploads\/2024\/07\/Nandina-domestica-Firepower-sfeer.jpg\",\"contentUrl\":\"https:\/\/www.schramas.com\/wp-content\/uploads\/2024\/07\/Nandina-domestica-Firepower-sfeer.jpg\",\"width\":1200,\"height\":1200},{\"@type\":\"BreadcrumbList\",\"@id\":\"https:\/\/www.schramas.com\/winkel\/set-van-2-hemelse-bamboe-nandina-domestica-firepower-hoogte-35cm-12cm-pot\/#breadcrumb\",\"itemListElement\":[{\"@type\":\"ListItem\",\"position\":1,\"name\":\"Product\",\"item\":\"https:\/\/www.schramas.com\/assortiment\/\"},{\"@type\":\"ListItem\",\"position\":2,\"name\":\"Pakketdeals\",\"item\":\"https:\/\/www.schramas.com\/product-category\/pakket-deals\/\"},{\"@type\":\"ListItem\",\"position\":3,\"name\":\"Set van 2 hemelse bamboe &#8211; Nandina domestica &#8216;Firepower&#8217; &#8211; Hoogte 35cm &#8211; 12cm pot\"}]},{\"@type\":\"WebSite\",\"@id\":\"https:\/\/www.schramas.com\/#website\",\"url\":\"https:\/\/www.schramas.com\/\",\"name\":\"Schramas.com | Tuinplanten eenvoudig online bestellen | Direct van onze Kwekerij\",\"description\":\"\",\"alternateName\":\"Schramas.com - Alle planten direct van de kweker\",\"potentialAction\":[{\"@type\":\"SearchAction\",\"target\":{\"@type\":\"EntryPoint\",\"urlTemplate\":\"https:\/\/www.schramas.com\/?s={search_term_string}\"},\"query-input\":{\"@type\":\"PropertyValueSpecification\",\"valueRequired\":true,\"valueName\":\"search_term_string\"}}],\"inLanguage\":\"de\"}]}<\/script>\n<!-- \/ Yoast SEO plugin. -->","yoast_head_json":{"title":"2er Set himmlischer Bambus - Nandina Domestica &#039;Firepower&#039; - H\u00f6he 35cm - 12cm Topf kaufen | Pflanzen einfach online bestellen | Schramas.com","robots":{"index":"index","follow":"follow","max-snippet":"max-snippet:-1","max-image-preview":"max-image-preview:large","max-video-preview":"max-video-preview:-1"},"canonical":"https:\/\/www.schramas.com\/de\/shop\/2er-set-himmlischer-bambus-nandina-domestica-feuerkraft-hohe-35-cm-12-cm-topf\/","og_locale":"de_DE","og_type":"article","og_title":"Set van 2 hemelse bamboe - Nandina domestica 'Firepower' - Hoogte 35cm - 12cm pot kopen | Planten eenvoudig online bestellen | Schramas.com","og_description":"Nandina domestica 'Firepower'  Schijnbamboe, hemelse bamboe  Bloeiwijze: rood gekleurd blad  Max. hoogte 50-60 cm  Groen blijvend.  Winterhard  Leverhoogte incl. pot: 35-40 cm  Potmaat: 12cm pot","og_url":"https:\/\/www.schramas.com\/de\/shop\/2er-set-himmlischer-bambus-nandina-domestica-feuerkraft-hohe-35-cm-12-cm-topf\/","og_site_name":"Planten eenvoudig online bestellen | Schramas.com","article_publisher":"https:\/\/www.facebook.com\/Schramascom-106872874153195\/","article_modified_time":"2026-04-15T06:06:14+00:00","og_image":[{"width":1200,"height":1200,"url":"http:\/\/www.schramas.com\/wp-content\/uploads\/2024\/07\/Nandina-domestica-Firepower-sfeer.jpg","type":"image\/jpeg"}],"twitter_card":"summary_large_image","twitter_misc":{"Gesch\u00e4tzte Lesezeit":"1\u00a0Minute"},"schema":{"@context":"https:\/\/schema.org","@graph":[{"@type":["WebPage","ItemPage"],"@id":"https:\/\/www.schramas.com\/winkel\/set-van-2-hemelse-bamboe-nandina-domestica-firepower-hoogte-35cm-12cm-pot\/","url":"https:\/\/www.schramas.com\/winkel\/set-van-2-hemelse-bamboe-nandina-domestica-firepower-hoogte-35cm-12cm-pot\/","name":"2er Set himmlischer Bambus - Nandina Domestica &#039;Firepower&#039; - H\u00f6he 35cm - 12cm Topf kaufen | Pflanzen einfach online bestellen | Schramas.com","isPartOf":{"@id":"https:\/\/www.schramas.com\/#website"},"primaryImageOfPage":{"@id":"https:\/\/www.schramas.com\/winkel\/set-van-2-hemelse-bamboe-nandina-domestica-firepower-hoogte-35cm-12cm-pot\/#primaryimage"},"image":{"@id":"https:\/\/www.schramas.com\/winkel\/set-van-2-hemelse-bamboe-nandina-domestica-firepower-hoogte-35cm-12cm-pot\/#primaryimage"},"thumbnailUrl":"https:\/\/www.schramas.com\/wp-content\/uploads\/2024\/07\/Nandina-domestica-Firepower-sfeer.jpg","datePublished":"2024-07-25T08:47:20+00:00","dateModified":"2026-04-15T06:06:14+00:00","breadcrumb":{"@id":"https:\/\/www.schramas.com\/winkel\/set-van-2-hemelse-bamboe-nandina-domestica-firepower-hoogte-35cm-12cm-pot\/#breadcrumb"},"inLanguage":"de","potentialAction":[{"@type":"ReadAction","target":["https:\/\/www.schramas.com\/winkel\/set-van-2-hemelse-bamboe-nandina-domestica-firepower-hoogte-35cm-12cm-pot\/"]}]},{"@type":"ImageObject","inLanguage":"de","@id":"https:\/\/www.schramas.com\/winkel\/set-van-2-hemelse-bamboe-nandina-domestica-firepower-hoogte-35cm-12cm-pot\/#primaryimage","url":"https:\/\/www.schramas.com\/wp-content\/uploads\/2024\/07\/Nandina-domestica-Firepower-sfeer.jpg","contentUrl":"https:\/\/www.schramas.com\/wp-content\/uploads\/2024\/07\/Nandina-domestica-Firepower-sfeer.jpg","width":1200,"height":1200},{"@type":"BreadcrumbList","@id":"https:\/\/www.schramas.com\/winkel\/set-van-2-hemelse-bamboe-nandina-domestica-firepower-hoogte-35cm-12cm-pot\/#breadcrumb","itemListElement":[{"@type":"ListItem","position":1,"name":"Product","item":"https:\/\/www.schramas.com\/assortiment\/"},{"@type":"ListItem","position":2,"name":"Pakketdeals","item":"https:\/\/www.schramas.com\/product-category\/pakket-deals\/"},{"@type":"ListItem","position":3,"name":"Set van 2 hemelse bamboe &#8211; Nandina domestica &#8216;Firepower&#8217; &#8211; Hoogte 35cm &#8211; 12cm pot"}]},{"@type":"WebSite","@id":"https:\/\/www.schramas.com\/#website","url":"https:\/\/www.schramas.com\/","name":"Schramas.com | Gartenpflanzen einfach online bestellen | Direkt aus unserer G\u00e4rtnerei","description":"","alternateName":"Schramas.com - Alle planten direct van de kweker","potentialAction":[{"@type":"SearchAction","target":{"@type":"EntryPoint","urlTemplate":"https:\/\/www.schramas.com\/?s={search_term_string}"},"query-input":{"@type":"PropertyValueSpecification","valueRequired":true,"valueName":"search_term_string"}}],"inLanguage":"de"}]}},"_links":{"self":[{"href":"https:\/\/www.schramas.com\/de\/wp-json\/wp\/v2\/product\/42649","targetHints":{"allow":["GET"]}}],"collection":[{"href":"https:\/\/www.schramas.com\/de\/wp-json\/wp\/v2\/product"}],"about":[{"href":"https:\/\/www.schramas.com\/de\/wp-json\/wp\/v2\/types\/product"}],"version-history":[{"count":4,"href":"https:\/\/www.schramas.com\/de\/wp-json\/wp\/v2\/product\/42649\/revisions"}],"predecessor-version":[{"id":42660,"href":"https:\/\/www.schramas.com\/de\/wp-json\/wp\/v2\/product\/42649\/revisions\/42660"}],"wp:featuredmedia":[{"embeddable":true,"href":"https:\/\/www.schramas.com\/de\/wp-json\/wp\/v2\/media\/42653"}],"wp:attachment":[{"href":"https:\/\/www.schramas.com\/de\/wp-json\/wp\/v2\/media?parent=42649"}],"wp:term":[{"taxonomy":"product_brand","embeddable":true,"href":"https:\/\/www.schramas.com\/de\/wp-json\/wp\/v2\/product_brand?post=42649"},{"taxonomy":"product_cat","embeddable":true,"href":"https:\/\/www.schramas.com\/de\/wp-json\/wp\/v2\/product_cat?post=42649"},{"taxonomy":"product_tag","embeddable":true,"href":"https:\/\/www.schramas.com\/de\/wp-json\/wp\/v2\/product_tag?post=42649"}],"curies":[{"name":"wp","href":"https:\/\/api.w.org\/{rel}","templated":true}]}}