{"id":46050,"date":"2024-12-31T11:07:46","date_gmt":"2024-12-31T10:07:46","guid":{"rendered":"https:\/\/www.schramas.com\/?post_type=product&#038;p=46050"},"modified":"2026-03-26T16:36:55","modified_gmt":"2026-03-26T15:36:55","slug":"malus-domestica-notarapfel-apfelbaum-5-liter-topf","status":"publish","type":"product","link":"https:\/\/www.schramas.com\/de\/shop\/malus-domestica-notarapfel-apfelbaum-5-liter-topf\/","title":{"rendered":"Malus Domestica &#039;Notarisappel&#039; Apfelbaum, 5 Liter Topf"},"content":{"rendered":"<p>Die <strong>Malus Domestica &#039;Notaris-Apfel&#039;<\/strong> ist eine klassische niederl\u00e4ndische Apfelsorte, die f\u00fcr ihre gro\u00dfen, gr\u00fcn-roten \u00c4pfel mit einem weichen, s\u00fc\u00df-sauren Geschmack beliebt ist. Dieser urspr\u00fcnglich aus Lunteren stammende Apfelbaum verbindet eine reiche Geschichte mit praktischen Vorteilen f\u00fcr jeden Gartenliebhaber.<\/p>\n<h3>Merkmale:<\/h3>\n<ul>\n<li><strong>Schmecken<\/strong>: Herrlich saftig und leicht s\u00e4uerlich, ideal als Essapfel und perfekt f\u00fcr Apfelkuchen und andere Backwaren.<\/li>\n<li><strong>Bl\u00fcte<\/strong>: Im Fr\u00fchling k\u00f6nnen Sie sich an wundersch\u00f6nen wei\u00df-rosa Bl\u00fcten erfreuen, eine anmutige Bereicherung f\u00fcr Ihren Garten.<\/li>\n<li><strong>Erntezeit<\/strong>: Die \u00c4pfel sind Ende September reif zur Ernte.<\/li>\n<li><strong>Selbstbest\u00e4ubend<\/strong>: Obwohl sich der Baum selbst best\u00e4uben kann, sorgt die Fremdbest\u00e4ubung mit Sorten wie \u201eCox Orange Pippin\u201c oder \u201eGolden Delicious\u201c f\u00fcr einen h\u00f6heren Ertrag.<\/li>\n<li><strong>Hardy<\/strong>: Geeignet f\u00fcr unser niederl\u00e4ndisches Klima, mit guter Windtoleranz.<\/li>\n<\/ul>\n<h3>Pflegehinweise:<\/h3>\n<ul>\n<li><strong>Standort<\/strong>: Geben Sie dem Baum einen sonnigen Standort, damit die \u00c4pfel optimal wachsen und reifen k\u00f6nnen.<\/li>\n<li><strong>Beschneiden<\/strong>: Im M\u00e4rz beschneiden, um abgestorbene und zu dicke \u00c4ste zu entfernen und den Baum offen zu halten, damit ausreichend Licht vorhanden ist.<\/li>\n<li><strong>Boden<\/strong>: Pflanzen Sie den Baum in n\u00e4hrstoffreichen, gut durchl\u00e4ssigen Boden.<\/li>\n<\/ul>\n<p>Mit seinem nostalgischen Charme und den k\u00f6stlichen Fr\u00fcchten ist der <strong>Notarapfel<\/strong> eine sch\u00f6ne Erg\u00e4nzung f\u00fcr jeden Garten. Perfekt f\u00fcr alle, die authentische Aromen und einen Hauch Geschichte im Garten lieben!<\/p>","protected":false},"excerpt":{"rendered":"<p>Malus Domestica &#039;Notaris-Apfel&#039;<\/p>\n<p>S\u00fc\u00dfsaure und alte Apfelsorte<\/p>\n<p>Geschmack: s\u00fc\u00df und sauer<\/p>\n<p>Fruchtfarbe: Rot und Gr\u00fcn<\/p>\n<p>H\u00f6he max: 3 Meter<\/p>\n<p>sowohl f\u00fcr die Terrasse als auch f\u00fcr den offenen Boden geeignet<\/p>\n<p>Lieferh\u00f6he inkl. Topf: 120 cm<\/p>\n<p>Topfgr\u00f6\u00dfe: 5 Liter.<\/p>","protected":false},"featured_media":46082,"template":"","meta":{"_joinchat":[]},"product_brand":[],"product_cat":[20,262,233],"product_tag":[2216,2227,2226,2225,2219,2229,1277,2218,2224,2221,2223,2222,1875,2228,2215,2217,2214,2231,2230,1504,351,2220,316,1128,1453],"class_list":{"0":"post-46050","1":"product","2":"type-product","3":"status-publish","4":"has-post-thumbnail","6":"product_cat-appels","7":"product_cat-bomen-struiken","8":"product_cat-fruitbomen","9":"product_tag-appelboom","10":"product_tag-appelras","11":"product_tag-appeltaart","12":"product_tag-bakappel","13":"product_tag-bloesemboom","14":"product_tag-fruitbomen-kopen","15":"product_tag-fruitboom","16":"product_tag-groen-rode-appels","17":"product_tag-handappel","18":"product_tag-herfstappel","19":"product_tag-historische-appel","20":"product_tag-klassieke-appelboom","21":"product_tag-kruisbestuiving","22":"product_tag-lunteren","23":"product_tag-malus-domestica","24":"product_tag-nederlandse-appel","25":"product_tag-notarisappel","26":"product_tag-notarisappel-kopen","27":"product_tag-traditionele-appel","28":"product_tag-tuinboom","29":"product_tag-winterhard","30":"product_tag-witroze-bloesem","31":"product_tag-zelfbestuivend","32":"product_tag-zoetzure-smaak","33":"product_tag-zonminnend","34":"pa_ewd_uwcf_colors-groen-2","35":"pa_groeihoogte-200-300-cm","36":"pa_pot-5-liter-pot","38":"first","39":"outofstock","40":"taxable","41":"shipping-taxable","42":"purchasable","43":"product-type-simple"},"yoast_head":"<!-- This site is optimized with the Yoast SEO plugin v24.2 - https:\/\/yoast.com\/wordpress\/plugins\/seo\/ -->\n<title>Malus domestica \u2018Notarisappel\u2019 appelboom, 5 liter pot kopen | Planten eenvoudig online bestellen | Schramas.com<\/title>\n<meta name=\"robots\" content=\"index, follow, max-snippet:-1, max-image-preview:large, max-video-preview:-1\" \/>\n<link rel=\"canonical\" href=\"https:\/\/www.schramas.com\/de\/shop\/malus-domestica-notarapfel-apfelbaum-5-liter-topf\/\" \/>\n<meta property=\"og:locale\" content=\"de_DE\" \/>\n<meta property=\"og:type\" content=\"article\" \/>\n<meta property=\"og:title\" content=\"Malus domestica \u2018Notarisappel\u2019 appelboom, 5 liter pot kopen | Planten eenvoudig online bestellen | Schramas.com\" \/>\n<meta property=\"og:description\" content=\"Malus domestica \u2018Notarisappel\u2019  Zoetzure en oude appelsoort  Smaak: zoetzuur  Kleur vrucht: Rode blos en groen  Hoogte max: 3 meter  geschikt voor zowel patio als volle grond  Leverhoogte incl. pot: 120 cm  Pot maat: 5 liter.\" \/>\n<meta property=\"og:url\" content=\"https:\/\/www.schramas.com\/de\/shop\/malus-domestica-notarapfel-apfelbaum-5-liter-topf\/\" \/>\n<meta property=\"og:site_name\" content=\"Planten eenvoudig online bestellen | Schramas.com\" \/>\n<meta property=\"article:publisher\" content=\"https:\/\/www.facebook.com\/Schramascom-106872874153195\/\" \/>\n<meta property=\"article:modified_time\" content=\"2026-03-26T15:36:55+00:00\" \/>\n<meta property=\"og:image\" content=\"https:\/\/www.schramas.com\/wp-content\/uploads\/2024\/12\/Notarisappel.jpg\" \/>\n\t<meta property=\"og:image:width\" content=\"500\" \/>\n\t<meta property=\"og:image:height\" content=\"500\" \/>\n\t<meta property=\"og:image:type\" content=\"image\/jpeg\" \/>\n<meta name=\"twitter:card\" content=\"summary_large_image\" \/>\n<meta name=\"twitter:label1\" content=\"Gesch\u00e4tzte Lesezeit\" \/>\n\t<meta name=\"twitter:data1\" content=\"1\u00a0Minute\" \/>\n<script type=\"application\/ld+json\" class=\"yoast-schema-graph\">{\"@context\":\"https:\/\/schema.org\",\"@graph\":[{\"@type\":[\"WebPage\",\"ItemPage\"],\"@id\":\"https:\/\/www.schramas.com\/en\/shop\/malus-domestica-notary-apple-apple-tree-5-liter-pot\/\",\"url\":\"https:\/\/www.schramas.com\/en\/shop\/malus-domestica-notary-apple-apple-tree-5-liter-pot\/\",\"name\":\"Malus domestica \u2018Notarisappel\u2019 appelboom, 5 liter pot kopen | Planten eenvoudig online bestellen | Schramas.com\",\"isPartOf\":{\"@id\":\"https:\/\/www.schramas.com\/#website\"},\"primaryImageOfPage\":{\"@id\":\"https:\/\/www.schramas.com\/en\/shop\/malus-domestica-notary-apple-apple-tree-5-liter-pot\/#primaryimage\"},\"image\":{\"@id\":\"https:\/\/www.schramas.com\/en\/shop\/malus-domestica-notary-apple-apple-tree-5-liter-pot\/#primaryimage\"},\"thumbnailUrl\":\"https:\/\/www.schramas.com\/wp-content\/uploads\/2024\/12\/Notarisappel.jpg\",\"datePublished\":\"2024-12-31T10:07:46+00:00\",\"dateModified\":\"2026-03-26T15:36:55+00:00\",\"breadcrumb\":{\"@id\":\"https:\/\/www.schramas.com\/en\/shop\/malus-domestica-notary-apple-apple-tree-5-liter-pot\/#breadcrumb\"},\"inLanguage\":\"de\",\"potentialAction\":[{\"@type\":\"ReadAction\",\"target\":[\"https:\/\/www.schramas.com\/en\/shop\/malus-domestica-notary-apple-apple-tree-5-liter-pot\/\"]}]},{\"@type\":\"ImageObject\",\"inLanguage\":\"de\",\"@id\":\"https:\/\/www.schramas.com\/en\/shop\/malus-domestica-notary-apple-apple-tree-5-liter-pot\/#primaryimage\",\"url\":\"https:\/\/www.schramas.com\/wp-content\/uploads\/2024\/12\/Notarisappel.jpg\",\"contentUrl\":\"https:\/\/www.schramas.com\/wp-content\/uploads\/2024\/12\/Notarisappel.jpg\",\"width\":500,\"height\":500},{\"@type\":\"BreadcrumbList\",\"@id\":\"https:\/\/www.schramas.com\/en\/shop\/malus-domestica-notary-apple-apple-tree-5-liter-pot\/#breadcrumb\",\"itemListElement\":[{\"@type\":\"ListItem\",\"position\":1,\"name\":\"Product\",\"item\":\"https:\/\/www.schramas.com\/assortiment\/\"},{\"@type\":\"ListItem\",\"position\":2,\"name\":\"Bomen &amp; Struiken\",\"item\":\"https:\/\/www.schramas.com\/product-category\/bomen-struiken\/\"},{\"@type\":\"ListItem\",\"position\":3,\"name\":\"Malus domestica \u2018Notarisappel\u2019 appelboom, 5 liter pot\"}]},{\"@type\":\"WebSite\",\"@id\":\"https:\/\/www.schramas.com\/#website\",\"url\":\"https:\/\/www.schramas.com\/\",\"name\":\"Schramas.com | Tuinplanten eenvoudig online bestellen | Direct van onze Kwekerij\",\"description\":\"\",\"alternateName\":\"Schramas.com - Alle planten direct van de kweker\",\"potentialAction\":[{\"@type\":\"SearchAction\",\"target\":{\"@type\":\"EntryPoint\",\"urlTemplate\":\"https:\/\/www.schramas.com\/?s={search_term_string}\"},\"query-input\":{\"@type\":\"PropertyValueSpecification\",\"valueRequired\":true,\"valueName\":\"search_term_string\"}}],\"inLanguage\":\"de\"}]}<\/script>\n<!-- \/ Yoast SEO plugin. -->","yoast_head_json":{"title":"Kaufen Sie Malus Domestica &#039;Notarisappel&#039; Apfelbaum, 5 Liter Topf | Pflanzen einfach online bestellen | Schramas.com","robots":{"index":"index","follow":"follow","max-snippet":"max-snippet:-1","max-image-preview":"max-image-preview:large","max-video-preview":"max-video-preview:-1"},"canonical":"https:\/\/www.schramas.com\/de\/shop\/malus-domestica-notarapfel-apfelbaum-5-liter-topf\/","og_locale":"de_DE","og_type":"article","og_title":"Malus domestica \u2018Notarisappel\u2019 appelboom, 5 liter pot kopen | Planten eenvoudig online bestellen | Schramas.com","og_description":"Malus domestica \u2018Notarisappel\u2019  Zoetzure en oude appelsoort  Smaak: zoetzuur  Kleur vrucht: Rode blos en groen  Hoogte max: 3 meter  geschikt voor zowel patio als volle grond  Leverhoogte incl. pot: 120 cm  Pot maat: 5 liter.","og_url":"https:\/\/www.schramas.com\/de\/shop\/malus-domestica-notarapfel-apfelbaum-5-liter-topf\/","og_site_name":"Planten eenvoudig online bestellen | Schramas.com","article_publisher":"https:\/\/www.facebook.com\/Schramascom-106872874153195\/","article_modified_time":"2026-03-26T15:36:55+00:00","og_image":[{"width":500,"height":500,"url":"https:\/\/www.schramas.com\/wp-content\/uploads\/2024\/12\/Notarisappel.jpg","type":"image\/jpeg"}],"twitter_card":"summary_large_image","twitter_misc":{"Gesch\u00e4tzte Lesezeit":"1\u00a0Minute"},"schema":{"@context":"https:\/\/schema.org","@graph":[{"@type":["WebPage","ItemPage"],"@id":"https:\/\/www.schramas.com\/en\/shop\/malus-domestica-notary-apple-apple-tree-5-liter-pot\/","url":"https:\/\/www.schramas.com\/en\/shop\/malus-domestica-notary-apple-apple-tree-5-liter-pot\/","name":"Kaufen Sie Malus Domestica &#039;Notarisappel&#039; Apfelbaum, 5 Liter Topf | Pflanzen einfach online bestellen | Schramas.com","isPartOf":{"@id":"https:\/\/www.schramas.com\/#website"},"primaryImageOfPage":{"@id":"https:\/\/www.schramas.com\/en\/shop\/malus-domestica-notary-apple-apple-tree-5-liter-pot\/#primaryimage"},"image":{"@id":"https:\/\/www.schramas.com\/en\/shop\/malus-domestica-notary-apple-apple-tree-5-liter-pot\/#primaryimage"},"thumbnailUrl":"https:\/\/www.schramas.com\/wp-content\/uploads\/2024\/12\/Notarisappel.jpg","datePublished":"2024-12-31T10:07:46+00:00","dateModified":"2026-03-26T15:36:55+00:00","breadcrumb":{"@id":"https:\/\/www.schramas.com\/en\/shop\/malus-domestica-notary-apple-apple-tree-5-liter-pot\/#breadcrumb"},"inLanguage":"de","potentialAction":[{"@type":"ReadAction","target":["https:\/\/www.schramas.com\/en\/shop\/malus-domestica-notary-apple-apple-tree-5-liter-pot\/"]}]},{"@type":"ImageObject","inLanguage":"de","@id":"https:\/\/www.schramas.com\/en\/shop\/malus-domestica-notary-apple-apple-tree-5-liter-pot\/#primaryimage","url":"https:\/\/www.schramas.com\/wp-content\/uploads\/2024\/12\/Notarisappel.jpg","contentUrl":"https:\/\/www.schramas.com\/wp-content\/uploads\/2024\/12\/Notarisappel.jpg","width":500,"height":500},{"@type":"BreadcrumbList","@id":"https:\/\/www.schramas.com\/en\/shop\/malus-domestica-notary-apple-apple-tree-5-liter-pot\/#breadcrumb","itemListElement":[{"@type":"ListItem","position":1,"name":"Product","item":"https:\/\/www.schramas.com\/assortiment\/"},{"@type":"ListItem","position":2,"name":"Bomen &amp; Struiken","item":"https:\/\/www.schramas.com\/product-category\/bomen-struiken\/"},{"@type":"ListItem","position":3,"name":"Malus domestica \u2018Notarisappel\u2019 appelboom, 5 liter pot"}]},{"@type":"WebSite","@id":"https:\/\/www.schramas.com\/#website","url":"https:\/\/www.schramas.com\/","name":"Schramas.com | Gartenpflanzen einfach online bestellen | Direkt aus unserer G\u00e4rtnerei","description":"","alternateName":"Schramas.com - Alle planten direct van de kweker","potentialAction":[{"@type":"SearchAction","target":{"@type":"EntryPoint","urlTemplate":"https:\/\/www.schramas.com\/?s={search_term_string}"},"query-input":{"@type":"PropertyValueSpecification","valueRequired":true,"valueName":"search_term_string"}}],"inLanguage":"de"}]}},"_links":{"self":[{"href":"https:\/\/www.schramas.com\/de\/wp-json\/wp\/v2\/product\/46050","targetHints":{"allow":["GET"]}}],"collection":[{"href":"https:\/\/www.schramas.com\/de\/wp-json\/wp\/v2\/product"}],"about":[{"href":"https:\/\/www.schramas.com\/de\/wp-json\/wp\/v2\/types\/product"}],"version-history":[{"count":1,"href":"https:\/\/www.schramas.com\/de\/wp-json\/wp\/v2\/product\/46050\/revisions"}],"predecessor-version":[{"id":46083,"href":"https:\/\/www.schramas.com\/de\/wp-json\/wp\/v2\/product\/46050\/revisions\/46083"}],"wp:featuredmedia":[{"embeddable":true,"href":"https:\/\/www.schramas.com\/de\/wp-json\/wp\/v2\/media\/46082"}],"wp:attachment":[{"href":"https:\/\/www.schramas.com\/de\/wp-json\/wp\/v2\/media?parent=46050"}],"wp:term":[{"taxonomy":"product_brand","embeddable":true,"href":"https:\/\/www.schramas.com\/de\/wp-json\/wp\/v2\/product_brand?post=46050"},{"taxonomy":"product_cat","embeddable":true,"href":"https:\/\/www.schramas.com\/de\/wp-json\/wp\/v2\/product_cat?post=46050"},{"taxonomy":"product_tag","embeddable":true,"href":"https:\/\/www.schramas.com\/de\/wp-json\/wp\/v2\/product_tag?post=46050"}],"curies":[{"name":"wp","href":"https:\/\/api.w.org\/{rel}","templated":true}]}}