{"id":47824,"date":"2025-03-06T09:19:41","date_gmt":"2025-03-06T08:19:41","guid":{"rendered":"https:\/\/www.schramas.com\/?post_type=product&#038;p=47824"},"modified":"2026-04-16T08:55:22","modified_gmt":"2026-04-16T06:55:22","slug":"brunnera-macrophylla-dawsons-weis-kaukasisch-vergiss-mich-5-bewurzelte-pflanzen","status":"publish","type":"product","link":"https:\/\/www.schramas.com\/de\/shop\/brunnera-macrophylla-dawsons-weis-kaukasisch-vergiss-mich-5-bewurzelte-pflanzen\/","title":{"rendered":"Brunnera macrophylla 'Dawson's White' - Kaukasisches Vergissmeinnicht - Bewurzelung - 5 St\u00fcck"},"content":{"rendered":"<div>\n<p class=\"break-words\">Brunnera macrophylla 'Dawson's White', auch als Kaukasisches Vergissmeinnicht bekannt, ist eine sch\u00f6ne Staude mit wei\u00df panaschierten, runden Bl\u00e4ttern, die frisch aussehen. Im April und Mai erscheinen kleine, blassblaue Bl\u00fcten, die dem gew\u00f6hnlichen Vergissmeinnicht \u00e4hneln. Sie wird etwa 30 bis 50 cm hoch und eignet sich gut als Bodendecker im Halbschatten oder Schatten, zum Beispiel in einer Rabatte. Auch nach der Bl\u00fcte sind die Bl\u00e4tter noch sch\u00f6n anzusehen.<\/p>\n<p class=\"break-words\">Pflanzen Sie sie in einen k\u00fchlen, n\u00e4hrstoffreichen Boden, der gut gew\u00e4ssert wird. Sie mag Halbschatten und vertr\u00e4gt keine pralle Sonne oder starken Wind. Werden die Bl\u00e4tter unansehnlich? Schneiden Sie sie einfach ab und sie wachsen frisch nach. Eine einfache und fr\u00f6hliche Pflanze f\u00fcr Ihren Garten!<\/p>\n<\/div>","protected":false},"excerpt":{"rendered":"<p>5x Brunnera macrophylla 'Dawson's White'<\/p>\n<p>Kaukasisches Vergissmeinnicht<\/p>\n<p>H\u00f6he: 50cm<\/p>\n<p>Liefermethode: Wurzeln<\/p>\n<p>&nbsp;<\/p>","protected":false},"featured_media":47825,"template":"","meta":{"_joinchat":[]},"product_brand":[],"product_cat":[305,306],"product_tag":[2471,2470,659,1369,2467,2473,2406,1351,2468,2475,2469,2462,2053,784,2474],"class_list":{"0":"post-47824","1":"product","2":"type-product","3":"status-publish","4":"has-post-thumbnail","6":"product_cat-planten-heesters","7":"product_cat-vaste-planten","8":"product_tag-30-50-cm-hoog","9":"product_tag-april-mei","10":"product_tag-bodembedekker","11":"product_tag-borderplant","12":"product_tag-brunnera-macrophylla","13":"product_tag-dawsons-white","14":"product_tag-decoratief-blad","15":"product_tag-halfschaduw","16":"product_tag-kaukasisch-vergeet-mij-nietje","17":"product_tag-koele-grond","18":"product_tag-lichtblauwe-bloemen","19":"product_tag-makkelijke-plant","20":"product_tag-schaduw","21":"product_tag-vaste-plant","22":"product_tag-witbont-blad","23":"pa_pot-naaktwortelig","25":"first","26":"outofstock","27":"taxable","28":"shipping-taxable","29":"purchasable","30":"product-type-simple"},"yoast_head":"<!-- This site is optimized with the Yoast SEO plugin v24.2 - https:\/\/yoast.com\/wordpress\/plugins\/seo\/ -->\n<title>Brunnera macrophylla &#039;Dawson&#039;s White&#039; - Kaukasisch vergeet-mij-nietje - Wortelgoed - 5 stuks kopen | Planten eenvoudig online bestellen | Schramas.com<\/title>\n<meta name=\"robots\" content=\"index, follow, max-snippet:-1, max-image-preview:large, max-video-preview:-1\" \/>\n<link rel=\"canonical\" href=\"https:\/\/www.schramas.com\/de\/shop\/brunnera-macrophylla-dawsons-weis-kaukasisch-vergiss-mich-5-bewurzelte-pflanzen\/\" \/>\n<meta property=\"og:locale\" content=\"de_DE\" \/>\n<meta property=\"og:type\" content=\"article\" \/>\n<meta property=\"og:title\" content=\"Brunnera macrophylla &#039;Dawson&#039;s White&#039; - Kaukasisch vergeet-mij-nietje - Wortelgoed - 5 stuks kopen | Planten eenvoudig online bestellen | Schramas.com\" \/>\n<meta property=\"og:description\" content=\"5x Brunnera macrophylla &#039;Dawson&#039;s White&#039;  Kaukasisch vergeet-mij-nietje  Hoogte: 50cm  Leverwijze: Wortelgoed  &nbsp;\" \/>\n<meta property=\"og:url\" content=\"https:\/\/www.schramas.com\/de\/shop\/brunnera-macrophylla-dawsons-weis-kaukasisch-vergiss-mich-5-bewurzelte-pflanzen\/\" \/>\n<meta property=\"og:site_name\" content=\"Planten eenvoudig online bestellen | Schramas.com\" \/>\n<meta property=\"article:publisher\" content=\"https:\/\/www.facebook.com\/Schramascom-106872874153195\/\" \/>\n<meta property=\"article:modified_time\" content=\"2026-04-16T06:55:22+00:00\" \/>\n<meta property=\"og:image\" content=\"http:\/\/www.schramas.com\/wp-content\/uploads\/2025\/03\/Brunnera-macrophylla-Dawsons-White.webp\" \/>\n\t<meta property=\"og:image:width\" content=\"500\" \/>\n\t<meta property=\"og:image:height\" content=\"500\" \/>\n\t<meta property=\"og:image:type\" content=\"image\/webp\" \/>\n<meta name=\"twitter:card\" content=\"summary_large_image\" \/>\n<meta name=\"twitter:label1\" content=\"Gesch\u00e4tzte Lesezeit\" \/>\n\t<meta name=\"twitter:data1\" content=\"1\u00a0Minute\" \/>\n<script type=\"application\/ld+json\" class=\"yoast-schema-graph\">{\"@context\":\"https:\/\/schema.org\",\"@graph\":[{\"@type\":[\"WebPage\",\"ItemPage\"],\"@id\":\"https:\/\/www.schramas.com\/winkel\/brunnera-macrophylla-dawsons-white-kaukasisch-vergeet-mij-nietje-wortelgoed-5-stuks\/\",\"url\":\"https:\/\/www.schramas.com\/winkel\/brunnera-macrophylla-dawsons-white-kaukasisch-vergeet-mij-nietje-wortelgoed-5-stuks\/\",\"name\":\"Brunnera macrophylla 'Dawson's White' - Kaukasisch vergeet-mij-nietje - Wortelgoed - 5 stuks kopen | Planten eenvoudig online bestellen | Schramas.com\",\"isPartOf\":{\"@id\":\"https:\/\/www.schramas.com\/#website\"},\"primaryImageOfPage\":{\"@id\":\"https:\/\/www.schramas.com\/winkel\/brunnera-macrophylla-dawsons-white-kaukasisch-vergeet-mij-nietje-wortelgoed-5-stuks\/#primaryimage\"},\"image\":{\"@id\":\"https:\/\/www.schramas.com\/winkel\/brunnera-macrophylla-dawsons-white-kaukasisch-vergeet-mij-nietje-wortelgoed-5-stuks\/#primaryimage\"},\"thumbnailUrl\":\"https:\/\/www.schramas.com\/wp-content\/uploads\/2025\/03\/Brunnera-macrophylla-Dawsons-White.webp\",\"datePublished\":\"2025-03-06T08:19:41+00:00\",\"dateModified\":\"2026-04-16T06:55:22+00:00\",\"breadcrumb\":{\"@id\":\"https:\/\/www.schramas.com\/winkel\/brunnera-macrophylla-dawsons-white-kaukasisch-vergeet-mij-nietje-wortelgoed-5-stuks\/#breadcrumb\"},\"inLanguage\":\"de\",\"potentialAction\":[{\"@type\":\"ReadAction\",\"target\":[\"https:\/\/www.schramas.com\/winkel\/brunnera-macrophylla-dawsons-white-kaukasisch-vergeet-mij-nietje-wortelgoed-5-stuks\/\"]}]},{\"@type\":\"ImageObject\",\"inLanguage\":\"de\",\"@id\":\"https:\/\/www.schramas.com\/winkel\/brunnera-macrophylla-dawsons-white-kaukasisch-vergeet-mij-nietje-wortelgoed-5-stuks\/#primaryimage\",\"url\":\"https:\/\/www.schramas.com\/wp-content\/uploads\/2025\/03\/Brunnera-macrophylla-Dawsons-White.webp\",\"contentUrl\":\"https:\/\/www.schramas.com\/wp-content\/uploads\/2025\/03\/Brunnera-macrophylla-Dawsons-White.webp\",\"width\":500,\"height\":500},{\"@type\":\"BreadcrumbList\",\"@id\":\"https:\/\/www.schramas.com\/winkel\/brunnera-macrophylla-dawsons-white-kaukasisch-vergeet-mij-nietje-wortelgoed-5-stuks\/#breadcrumb\",\"itemListElement\":[{\"@type\":\"ListItem\",\"position\":1,\"name\":\"Product\",\"item\":\"https:\/\/www.schramas.com\/assortiment\/\"},{\"@type\":\"ListItem\",\"position\":2,\"name\":\"Tuinplanten\",\"item\":\"https:\/\/www.schramas.com\/product-category\/planten-heesters\/\"},{\"@type\":\"ListItem\",\"position\":3,\"name\":\"Brunnera macrophylla &#8216;Dawson&#8217;s White&#8217; &#8211; Kaukasisch vergeet-mij-nietje &#8211; Wortelgoed &#8211; 5 stuks\"}]},{\"@type\":\"WebSite\",\"@id\":\"https:\/\/www.schramas.com\/#website\",\"url\":\"https:\/\/www.schramas.com\/\",\"name\":\"Schramas.com | Tuinplanten eenvoudig online bestellen | Direct van onze Kwekerij\",\"description\":\"\",\"alternateName\":\"Schramas.com - Alle planten direct van de kweker\",\"potentialAction\":[{\"@type\":\"SearchAction\",\"target\":{\"@type\":\"EntryPoint\",\"urlTemplate\":\"https:\/\/www.schramas.com\/?s={search_term_string}\"},\"query-input\":{\"@type\":\"PropertyValueSpecification\",\"valueRequired\":true,\"valueName\":\"search_term_string\"}}],\"inLanguage\":\"de\"}]}<\/script>\n<!-- \/ Yoast SEO plugin. -->","yoast_head_json":{"title":"Brunnera macrophylla 'Dawson's White' - Kaukasisches Vergissmeinnicht - Wurzel gut - 5 Pflanzen kaufen | Pflanzen einfach online bestellen | Schramas.de","robots":{"index":"index","follow":"follow","max-snippet":"max-snippet:-1","max-image-preview":"max-image-preview:large","max-video-preview":"max-video-preview:-1"},"canonical":"https:\/\/www.schramas.com\/de\/shop\/brunnera-macrophylla-dawsons-weis-kaukasisch-vergiss-mich-5-bewurzelte-pflanzen\/","og_locale":"de_DE","og_type":"article","og_title":"Brunnera macrophylla 'Dawson's White' - Kaukasisch vergeet-mij-nietje - Wortelgoed - 5 stuks kopen | Planten eenvoudig online bestellen | Schramas.com","og_description":"5x Brunnera macrophylla 'Dawson's White'  Kaukasisch vergeet-mij-nietje  Hoogte: 50cm  Leverwijze: Wortelgoed  &nbsp;","og_url":"https:\/\/www.schramas.com\/de\/shop\/brunnera-macrophylla-dawsons-weis-kaukasisch-vergiss-mich-5-bewurzelte-pflanzen\/","og_site_name":"Planten eenvoudig online bestellen | Schramas.com","article_publisher":"https:\/\/www.facebook.com\/Schramascom-106872874153195\/","article_modified_time":"2026-04-16T06:55:22+00:00","og_image":[{"width":500,"height":500,"url":"http:\/\/www.schramas.com\/wp-content\/uploads\/2025\/03\/Brunnera-macrophylla-Dawsons-White.webp","type":"image\/webp"}],"twitter_card":"summary_large_image","twitter_misc":{"Gesch\u00e4tzte Lesezeit":"1\u00a0Minute"},"schema":{"@context":"https:\/\/schema.org","@graph":[{"@type":["WebPage","ItemPage"],"@id":"https:\/\/www.schramas.com\/winkel\/brunnera-macrophylla-dawsons-white-kaukasisch-vergeet-mij-nietje-wortelgoed-5-stuks\/","url":"https:\/\/www.schramas.com\/winkel\/brunnera-macrophylla-dawsons-white-kaukasisch-vergeet-mij-nietje-wortelgoed-5-stuks\/","name":"Brunnera macrophylla 'Dawson's White' - Kaukasisches Vergissmeinnicht - Wurzel gut - 5 Pflanzen kaufen | Pflanzen einfach online bestellen | Schramas.de","isPartOf":{"@id":"https:\/\/www.schramas.com\/#website"},"primaryImageOfPage":{"@id":"https:\/\/www.schramas.com\/winkel\/brunnera-macrophylla-dawsons-white-kaukasisch-vergeet-mij-nietje-wortelgoed-5-stuks\/#primaryimage"},"image":{"@id":"https:\/\/www.schramas.com\/winkel\/brunnera-macrophylla-dawsons-white-kaukasisch-vergeet-mij-nietje-wortelgoed-5-stuks\/#primaryimage"},"thumbnailUrl":"https:\/\/www.schramas.com\/wp-content\/uploads\/2025\/03\/Brunnera-macrophylla-Dawsons-White.webp","datePublished":"2025-03-06T08:19:41+00:00","dateModified":"2026-04-16T06:55:22+00:00","breadcrumb":{"@id":"https:\/\/www.schramas.com\/winkel\/brunnera-macrophylla-dawsons-white-kaukasisch-vergeet-mij-nietje-wortelgoed-5-stuks\/#breadcrumb"},"inLanguage":"de","potentialAction":[{"@type":"ReadAction","target":["https:\/\/www.schramas.com\/winkel\/brunnera-macrophylla-dawsons-white-kaukasisch-vergeet-mij-nietje-wortelgoed-5-stuks\/"]}]},{"@type":"ImageObject","inLanguage":"de","@id":"https:\/\/www.schramas.com\/winkel\/brunnera-macrophylla-dawsons-white-kaukasisch-vergeet-mij-nietje-wortelgoed-5-stuks\/#primaryimage","url":"https:\/\/www.schramas.com\/wp-content\/uploads\/2025\/03\/Brunnera-macrophylla-Dawsons-White.webp","contentUrl":"https:\/\/www.schramas.com\/wp-content\/uploads\/2025\/03\/Brunnera-macrophylla-Dawsons-White.webp","width":500,"height":500},{"@type":"BreadcrumbList","@id":"https:\/\/www.schramas.com\/winkel\/brunnera-macrophylla-dawsons-white-kaukasisch-vergeet-mij-nietje-wortelgoed-5-stuks\/#breadcrumb","itemListElement":[{"@type":"ListItem","position":1,"name":"Product","item":"https:\/\/www.schramas.com\/assortiment\/"},{"@type":"ListItem","position":2,"name":"Tuinplanten","item":"https:\/\/www.schramas.com\/product-category\/planten-heesters\/"},{"@type":"ListItem","position":3,"name":"Brunnera macrophylla &#8216;Dawson&#8217;s White&#8217; &#8211; Kaukasisch vergeet-mij-nietje &#8211; Wortelgoed &#8211; 5 stuks"}]},{"@type":"WebSite","@id":"https:\/\/www.schramas.com\/#website","url":"https:\/\/www.schramas.com\/","name":"Schramas.com | Gartenpflanzen einfach online bestellen | Direkt aus unserer G\u00e4rtnerei","description":"","alternateName":"Schramas.com - Alle planten direct van de kweker","potentialAction":[{"@type":"SearchAction","target":{"@type":"EntryPoint","urlTemplate":"https:\/\/www.schramas.com\/?s={search_term_string}"},"query-input":{"@type":"PropertyValueSpecification","valueRequired":true,"valueName":"search_term_string"}}],"inLanguage":"de"}]}},"_links":{"self":[{"href":"https:\/\/www.schramas.com\/de\/wp-json\/wp\/v2\/product\/47824","targetHints":{"allow":["GET"]}}],"collection":[{"href":"https:\/\/www.schramas.com\/de\/wp-json\/wp\/v2\/product"}],"about":[{"href":"https:\/\/www.schramas.com\/de\/wp-json\/wp\/v2\/types\/product"}],"version-history":[{"count":1,"href":"https:\/\/www.schramas.com\/de\/wp-json\/wp\/v2\/product\/47824\/revisions"}],"predecessor-version":[{"id":47826,"href":"https:\/\/www.schramas.com\/de\/wp-json\/wp\/v2\/product\/47824\/revisions\/47826"}],"wp:featuredmedia":[{"embeddable":true,"href":"https:\/\/www.schramas.com\/de\/wp-json\/wp\/v2\/media\/47825"}],"wp:attachment":[{"href":"https:\/\/www.schramas.com\/de\/wp-json\/wp\/v2\/media?parent=47824"}],"wp:term":[{"taxonomy":"product_brand","embeddable":true,"href":"https:\/\/www.schramas.com\/de\/wp-json\/wp\/v2\/product_brand?post=47824"},{"taxonomy":"product_cat","embeddable":true,"href":"https:\/\/www.schramas.com\/de\/wp-json\/wp\/v2\/product_cat?post=47824"},{"taxonomy":"product_tag","embeddable":true,"href":"https:\/\/www.schramas.com\/de\/wp-json\/wp\/v2\/product_tag?post=47824"}],"curies":[{"name":"wp","href":"https:\/\/api.w.org\/{rel}","templated":true}]}}