{"id":48112,"date":"2025-03-11T09:21:23","date_gmt":"2025-03-11T08:21:23","guid":{"rendered":"https:\/\/www.schramas.com\/?post_type=product&#038;p=48112"},"modified":"2026-03-26T16:37:09","modified_gmt":"2026-03-26T15:37:09","slug":"rittersporn-magic-fountain-reinweiser-rittersporn-wurzelstock-5-stk","status":"publish","type":"product","link":"https:\/\/www.schramas.com\/de\/shop\/rittersporn-magic-fountain-reinweiser-rittersporn-wurzelstock-5-stk\/","title":{"rendered":"Rittersporn 'Magic Fountain reinwei\u00df' - Rittersporn - Unterlagsmaterialien - 5 St\u00fcck"},"content":{"rendered":"<div>\n<p class=\"break-words\">Delphinium 'Magic Fountain Pure White', besser bekannt als Rittersporn, ist eine sch\u00f6ne Staude, die Ihren Garten von Juni bis September mit massenhaft leuchtend wei\u00dfen Bl\u00fcten versch\u00f6nert. Er wird etwa 100 cm hoch und hat frischgr\u00fcne Bl\u00e4tter. Diese Pflanze zieht Bienen und Schmetterlinge an und ist auch als Schnittblume in einer Vase sehr sch\u00f6n.<\/p>\n<p class=\"break-words\">Stellen Sie sie in die Sonne in einen Boden, der gut bew\u00e4ssert werden kann. Sie kommt gut durch den Winter, aber die Bl\u00e4tter bleiben nicht gr\u00fcn. Im Fr\u00fchjahr, wenn der Frost vorbei ist, schneiden Sie die alten Bl\u00e4tter ab. Eine einfache und fr\u00f6hliche Bereicherung f\u00fcr Ihren Garten!<\/p>\n<\/div>","protected":false},"excerpt":{"rendered":"<p>5x Delphinium 'Magic Fountain reinwei\u00df'<\/p>\n<p>Rittersporn<\/p>\n<p>H\u00f6he: 100cm<\/p>\n<p>Liefermethode: Wurzeln<\/p>\n<p>&nbsp;<\/p>","protected":false},"featured_media":48113,"template":"","meta":{"_joinchat":[]},"product_brand":[],"product_cat":[305,306],"product_tag":[2497,503,2493,2405,1454,2465,2506,2495,1442,784,504,351,876,1476],"class_list":{"0":"post-48112","1":"product","2":"type-product","3":"status-publish","4":"has-post-thumbnail","6":"product_cat-planten-heesters","7":"product_cat-vaste-planten","8":"product_tag-100-cm-hoog","9":"product_tag-bijenplant","10":"product_tag-delphinium","11":"product_tag-frisgroen-blad","12":"product_tag-goed-doorlatende-grond","13":"product_tag-juni-september","14":"product_tag-magic-fountain-pure-white","15":"product_tag-ridderspoor","16":"product_tag-snijbloem","17":"product_tag-vaste-plant","18":"product_tag-vlinderplant","19":"product_tag-winterhard","20":"product_tag-witte-bloemen","21":"product_tag-zon","22":"pa_pot-naaktwortelig","24":"first","25":"outofstock","26":"taxable","27":"shipping-taxable","28":"purchasable","29":"product-type-simple"},"yoast_head":"<!-- This site is optimized with the Yoast SEO plugin v24.2 - https:\/\/yoast.com\/wordpress\/plugins\/seo\/ -->\n<title>Delphinium &#039;Magic Fountain pure white&#039; - Ridderspoor - Wortelgoed - 5 stuks kopen | Planten eenvoudig online bestellen | Schramas.com<\/title>\n<meta name=\"robots\" content=\"index, follow, max-snippet:-1, max-image-preview:large, max-video-preview:-1\" \/>\n<link rel=\"canonical\" href=\"https:\/\/www.schramas.com\/de\/shop\/rittersporn-magic-fountain-reinweiser-rittersporn-wurzelstock-5-stk\/\" \/>\n<meta property=\"og:locale\" content=\"de_DE\" \/>\n<meta property=\"og:type\" content=\"article\" \/>\n<meta property=\"og:title\" content=\"Delphinium &#039;Magic Fountain pure white&#039; - Ridderspoor - Wortelgoed - 5 stuks kopen | Planten eenvoudig online bestellen | Schramas.com\" \/>\n<meta property=\"og:description\" content=\"5x Delphinium &#039;Magic Fountain pure white&#039;  Ridderspoor  Hoogte: 100cm  Leverwijze: Wortelgoed  &nbsp;\" \/>\n<meta property=\"og:url\" content=\"https:\/\/www.schramas.com\/de\/shop\/rittersporn-magic-fountain-reinweiser-rittersporn-wurzelstock-5-stk\/\" \/>\n<meta property=\"og:site_name\" content=\"Planten eenvoudig online bestellen | Schramas.com\" \/>\n<meta property=\"article:publisher\" content=\"https:\/\/www.facebook.com\/Schramascom-106872874153195\/\" \/>\n<meta property=\"article:modified_time\" content=\"2026-03-26T15:37:09+00:00\" \/>\n<meta property=\"og:image\" content=\"http:\/\/www.schramas.com\/wp-content\/uploads\/2025\/03\/Delphinium-Magic-Fountains-Pure-White.webp\" \/>\n\t<meta property=\"og:image:width\" content=\"500\" \/>\n\t<meta property=\"og:image:height\" content=\"500\" \/>\n\t<meta property=\"og:image:type\" content=\"image\/webp\" \/>\n<meta name=\"twitter:card\" content=\"summary_large_image\" \/>\n<meta name=\"twitter:label1\" content=\"Gesch\u00e4tzte Lesezeit\" \/>\n\t<meta name=\"twitter:data1\" content=\"1\u00a0Minute\" \/>\n<script type=\"application\/ld+json\" class=\"yoast-schema-graph\">{\"@context\":\"https:\/\/schema.org\",\"@graph\":[{\"@type\":[\"WebPage\",\"ItemPage\"],\"@id\":\"https:\/\/www.schramas.com\/winkel\/delphinium-magic-fountain-pure-white-ridderspoor-wortelgoed-5-stuks\/\",\"url\":\"https:\/\/www.schramas.com\/winkel\/delphinium-magic-fountain-pure-white-ridderspoor-wortelgoed-5-stuks\/\",\"name\":\"Delphinium 'Magic Fountain pure white' - Ridderspoor - Wortelgoed - 5 stuks kopen | Planten eenvoudig online bestellen | Schramas.com\",\"isPartOf\":{\"@id\":\"https:\/\/www.schramas.com\/#website\"},\"primaryImageOfPage\":{\"@id\":\"https:\/\/www.schramas.com\/winkel\/delphinium-magic-fountain-pure-white-ridderspoor-wortelgoed-5-stuks\/#primaryimage\"},\"image\":{\"@id\":\"https:\/\/www.schramas.com\/winkel\/delphinium-magic-fountain-pure-white-ridderspoor-wortelgoed-5-stuks\/#primaryimage\"},\"thumbnailUrl\":\"https:\/\/www.schramas.com\/wp-content\/uploads\/2025\/03\/Delphinium-Magic-Fountains-Pure-White.webp\",\"datePublished\":\"2025-03-11T08:21:23+00:00\",\"dateModified\":\"2026-03-26T15:37:09+00:00\",\"breadcrumb\":{\"@id\":\"https:\/\/www.schramas.com\/winkel\/delphinium-magic-fountain-pure-white-ridderspoor-wortelgoed-5-stuks\/#breadcrumb\"},\"inLanguage\":\"de\",\"potentialAction\":[{\"@type\":\"ReadAction\",\"target\":[\"https:\/\/www.schramas.com\/winkel\/delphinium-magic-fountain-pure-white-ridderspoor-wortelgoed-5-stuks\/\"]}]},{\"@type\":\"ImageObject\",\"inLanguage\":\"de\",\"@id\":\"https:\/\/www.schramas.com\/winkel\/delphinium-magic-fountain-pure-white-ridderspoor-wortelgoed-5-stuks\/#primaryimage\",\"url\":\"https:\/\/www.schramas.com\/wp-content\/uploads\/2025\/03\/Delphinium-Magic-Fountains-Pure-White.webp\",\"contentUrl\":\"https:\/\/www.schramas.com\/wp-content\/uploads\/2025\/03\/Delphinium-Magic-Fountains-Pure-White.webp\",\"width\":500,\"height\":500},{\"@type\":\"BreadcrumbList\",\"@id\":\"https:\/\/www.schramas.com\/winkel\/delphinium-magic-fountain-pure-white-ridderspoor-wortelgoed-5-stuks\/#breadcrumb\",\"itemListElement\":[{\"@type\":\"ListItem\",\"position\":1,\"name\":\"Product\",\"item\":\"https:\/\/www.schramas.com\/assortiment\/\"},{\"@type\":\"ListItem\",\"position\":2,\"name\":\"Tuinplanten\",\"item\":\"https:\/\/www.schramas.com\/product-category\/planten-heesters\/\"},{\"@type\":\"ListItem\",\"position\":3,\"name\":\"Delphinium &#8216;Magic Fountain pure white&#8217; &#8211; Ridderspoor &#8211; Wortelgoed &#8211; 5 stuks\"}]},{\"@type\":\"WebSite\",\"@id\":\"https:\/\/www.schramas.com\/#website\",\"url\":\"https:\/\/www.schramas.com\/\",\"name\":\"Schramas.com | Tuinplanten eenvoudig online bestellen | Direct van onze Kwekerij\",\"description\":\"\",\"alternateName\":\"Schramas.com - Alle planten direct van de kweker\",\"potentialAction\":[{\"@type\":\"SearchAction\",\"target\":{\"@type\":\"EntryPoint\",\"urlTemplate\":\"https:\/\/www.schramas.com\/?s={search_term_string}\"},\"query-input\":{\"@type\":\"PropertyValueSpecification\",\"valueRequired\":true,\"valueName\":\"search_term_string\"}}],\"inLanguage\":\"de\"}]}<\/script>\n<!-- \/ Yoast SEO plugin. -->","yoast_head_json":{"title":"Delphinium 'Magic Fountain reinwei\u00df' - Rittersporn - Wurzelst\u00f6cke - 5 Pflanzen kaufen | Pflanzen leicht gemacht | Schramas.de","robots":{"index":"index","follow":"follow","max-snippet":"max-snippet:-1","max-image-preview":"max-image-preview:large","max-video-preview":"max-video-preview:-1"},"canonical":"https:\/\/www.schramas.com\/de\/shop\/rittersporn-magic-fountain-reinweiser-rittersporn-wurzelstock-5-stk\/","og_locale":"de_DE","og_type":"article","og_title":"Delphinium 'Magic Fountain pure white' - Ridderspoor - Wortelgoed - 5 stuks kopen | Planten eenvoudig online bestellen | Schramas.com","og_description":"5x Delphinium 'Magic Fountain pure white'  Ridderspoor  Hoogte: 100cm  Leverwijze: Wortelgoed  &nbsp;","og_url":"https:\/\/www.schramas.com\/de\/shop\/rittersporn-magic-fountain-reinweiser-rittersporn-wurzelstock-5-stk\/","og_site_name":"Planten eenvoudig online bestellen | Schramas.com","article_publisher":"https:\/\/www.facebook.com\/Schramascom-106872874153195\/","article_modified_time":"2026-03-26T15:37:09+00:00","og_image":[{"width":500,"height":500,"url":"http:\/\/www.schramas.com\/wp-content\/uploads\/2025\/03\/Delphinium-Magic-Fountains-Pure-White.webp","type":"image\/webp"}],"twitter_card":"summary_large_image","twitter_misc":{"Gesch\u00e4tzte Lesezeit":"1\u00a0Minute"},"schema":{"@context":"https:\/\/schema.org","@graph":[{"@type":["WebPage","ItemPage"],"@id":"https:\/\/www.schramas.com\/winkel\/delphinium-magic-fountain-pure-white-ridderspoor-wortelgoed-5-stuks\/","url":"https:\/\/www.schramas.com\/winkel\/delphinium-magic-fountain-pure-white-ridderspoor-wortelgoed-5-stuks\/","name":"Delphinium 'Magic Fountain reinwei\u00df' - Rittersporn - Wurzelst\u00f6cke - 5 Pflanzen kaufen | Pflanzen leicht gemacht | Schramas.de","isPartOf":{"@id":"https:\/\/www.schramas.com\/#website"},"primaryImageOfPage":{"@id":"https:\/\/www.schramas.com\/winkel\/delphinium-magic-fountain-pure-white-ridderspoor-wortelgoed-5-stuks\/#primaryimage"},"image":{"@id":"https:\/\/www.schramas.com\/winkel\/delphinium-magic-fountain-pure-white-ridderspoor-wortelgoed-5-stuks\/#primaryimage"},"thumbnailUrl":"https:\/\/www.schramas.com\/wp-content\/uploads\/2025\/03\/Delphinium-Magic-Fountains-Pure-White.webp","datePublished":"2025-03-11T08:21:23+00:00","dateModified":"2026-03-26T15:37:09+00:00","breadcrumb":{"@id":"https:\/\/www.schramas.com\/winkel\/delphinium-magic-fountain-pure-white-ridderspoor-wortelgoed-5-stuks\/#breadcrumb"},"inLanguage":"de","potentialAction":[{"@type":"ReadAction","target":["https:\/\/www.schramas.com\/winkel\/delphinium-magic-fountain-pure-white-ridderspoor-wortelgoed-5-stuks\/"]}]},{"@type":"ImageObject","inLanguage":"de","@id":"https:\/\/www.schramas.com\/winkel\/delphinium-magic-fountain-pure-white-ridderspoor-wortelgoed-5-stuks\/#primaryimage","url":"https:\/\/www.schramas.com\/wp-content\/uploads\/2025\/03\/Delphinium-Magic-Fountains-Pure-White.webp","contentUrl":"https:\/\/www.schramas.com\/wp-content\/uploads\/2025\/03\/Delphinium-Magic-Fountains-Pure-White.webp","width":500,"height":500},{"@type":"BreadcrumbList","@id":"https:\/\/www.schramas.com\/winkel\/delphinium-magic-fountain-pure-white-ridderspoor-wortelgoed-5-stuks\/#breadcrumb","itemListElement":[{"@type":"ListItem","position":1,"name":"Product","item":"https:\/\/www.schramas.com\/assortiment\/"},{"@type":"ListItem","position":2,"name":"Tuinplanten","item":"https:\/\/www.schramas.com\/product-category\/planten-heesters\/"},{"@type":"ListItem","position":3,"name":"Delphinium &#8216;Magic Fountain pure white&#8217; &#8211; Ridderspoor &#8211; Wortelgoed &#8211; 5 stuks"}]},{"@type":"WebSite","@id":"https:\/\/www.schramas.com\/#website","url":"https:\/\/www.schramas.com\/","name":"Schramas.com | Gartenpflanzen einfach online bestellen | Direkt aus unserer G\u00e4rtnerei","description":"","alternateName":"Schramas.com - Alle planten direct van de kweker","potentialAction":[{"@type":"SearchAction","target":{"@type":"EntryPoint","urlTemplate":"https:\/\/www.schramas.com\/?s={search_term_string}"},"query-input":{"@type":"PropertyValueSpecification","valueRequired":true,"valueName":"search_term_string"}}],"inLanguage":"de"}]}},"_links":{"self":[{"href":"https:\/\/www.schramas.com\/de\/wp-json\/wp\/v2\/product\/48112","targetHints":{"allow":["GET"]}}],"collection":[{"href":"https:\/\/www.schramas.com\/de\/wp-json\/wp\/v2\/product"}],"about":[{"href":"https:\/\/www.schramas.com\/de\/wp-json\/wp\/v2\/types\/product"}],"version-history":[{"count":1,"href":"https:\/\/www.schramas.com\/de\/wp-json\/wp\/v2\/product\/48112\/revisions"}],"predecessor-version":[{"id":48114,"href":"https:\/\/www.schramas.com\/de\/wp-json\/wp\/v2\/product\/48112\/revisions\/48114"}],"wp:featuredmedia":[{"embeddable":true,"href":"https:\/\/www.schramas.com\/de\/wp-json\/wp\/v2\/media\/48113"}],"wp:attachment":[{"href":"https:\/\/www.schramas.com\/de\/wp-json\/wp\/v2\/media?parent=48112"}],"wp:term":[{"taxonomy":"product_brand","embeddable":true,"href":"https:\/\/www.schramas.com\/de\/wp-json\/wp\/v2\/product_brand?post=48112"},{"taxonomy":"product_cat","embeddable":true,"href":"https:\/\/www.schramas.com\/de\/wp-json\/wp\/v2\/product_cat?post=48112"},{"taxonomy":"product_tag","embeddable":true,"href":"https:\/\/www.schramas.com\/de\/wp-json\/wp\/v2\/product_tag?post=48112"}],"curies":[{"name":"wp","href":"https:\/\/api.w.org\/{rel}","templated":true}]}}