{"id":48563,"date":"2025-03-20T08:43:33","date_gmt":"2025-03-20T07:43:33","guid":{"rendered":"https:\/\/www.schramas.com\/?post_type=product&#038;p=48563"},"modified":"2026-04-14T12:56:19","modified_gmt":"2026-04-14T10:56:19","slug":"heuchera-micrantha-palace-purple-bellflower-unterlage-5-stuck","status":"publish","type":"product","link":"https:\/\/www.schramas.com\/de\/shop\/heuchera-micrantha-palace-purple-bellflower-unterlage-5-stuck\/","title":{"rendered":"Heuchera micrantha 'Palace Purple' - Purpurgl\u00f6ckchen - Wurzelst\u00f6cke - 5 St\u00fcck"},"content":{"rendered":"<div>\n<p class=\"break-words\">Heuchera micrantha 'Palace Purple', auch bekannt als Purplebell, ist eine beliebte Staude mit sch\u00f6nen rotbraunen bis purpurroten Bl\u00e4ttern. Sie bl\u00fcht im Sommer mit kleinen, cremewei\u00dfen Bl\u00fcten in Rispen, die \u00fcber den Bl\u00e4ttern stehen. Die Pflanze wird ca. 50 cm hoch und bleibt in milden Wintern halbimmergr\u00fcn, so dass Ihr Garten auch dann noch Farbe bekommt.<\/p>\n<p class=\"break-words\">Sie steht am besten im Halbschatten oder in der Sonne, aber nicht in der prallen Sonne, sonst k\u00f6nnen die Bl\u00e4tter verbrennen. Verwenden Sie einen guten, durchl\u00e4ssigen Gartenboden mit etwas Humus. Diese kr\u00e4ftige Pflanze eignet sich hervorragend als Bodendecker oder Rabattenpflanze, ben\u00f6tigt wenig Pflege und l\u00e4sst sich gut mit anderen Pflanzen kombinieren. Eine einfache und auff\u00e4llige Wahl!<\/p>\n<\/div>","protected":false},"excerpt":{"rendered":"<p>5x Heuchera micrantha 'Palace Purple'<\/p>\n<p>Purplebell<\/p>\n<p>H\u00f6he: 40 cm<\/p>\n<p>Liefermethode: Wurzeln<\/p>\n<p>&nbsp;<\/p>","protected":false},"featured_media":48564,"template":"","meta":{"_joinchat":[]},"product_brand":[],"product_cat":[305,306],"product_tag":[2548,659,1369,1391,1351,2549,2544,2462,2545,2541,2546,784,876,2547,1476],"class_list":{"0":"post-48563","1":"product","2":"type-product","3":"status-publish","4":"has-post-thumbnail","6":"product_cat-planten-heesters","7":"product_cat-vaste-planten","8":"product_tag-50-cm-hoog","9":"product_tag-bodembedekker","10":"product_tag-borderplant","11":"product_tag-doorlatende-grond","12":"product_tag-halfschaduw","13":"product_tag-halfwintergroen","14":"product_tag-heuchera-micrantha","15":"product_tag-makkelijke-plant","16":"product_tag-palace-purple","17":"product_tag-purperklokje","18":"product_tag-roodbruin-blad","19":"product_tag-vaste-plant","20":"product_tag-witte-bloemen","21":"product_tag-zomer","22":"product_tag-zon","23":"pa_pot-naaktwortelig","25":"first","26":"instock","27":"taxable","28":"shipping-taxable","29":"purchasable","30":"product-type-simple"},"yoast_head":"<!-- This site is optimized with the Yoast SEO plugin v24.2 - https:\/\/yoast.com\/wordpress\/plugins\/seo\/ -->\n<title>Heuchera micrantha &#039;Palace Purple&#039; - Purperklokje - Wortelgoed - 5 stuks kopen | Planten eenvoudig online bestellen | Schramas.com<\/title>\n<meta name=\"robots\" content=\"index, follow, max-snippet:-1, max-image-preview:large, max-video-preview:-1\" \/>\n<link rel=\"canonical\" href=\"https:\/\/www.schramas.com\/de\/shop\/heuchera-micrantha-palace-purple-bellflower-unterlage-5-stuck\/\" \/>\n<meta property=\"og:locale\" content=\"de_DE\" \/>\n<meta property=\"og:type\" content=\"article\" \/>\n<meta property=\"og:title\" content=\"Heuchera micrantha &#039;Palace Purple&#039; - Purperklokje - Wortelgoed - 5 stuks kopen | Planten eenvoudig online bestellen | Schramas.com\" \/>\n<meta property=\"og:description\" content=\"5x Heuchera micrantha &#039;Palace Purple&#039;  Purperklokje  Hoogte: 40cm  Leverwijze: Wortelgoed  &nbsp;\" \/>\n<meta property=\"og:url\" content=\"https:\/\/www.schramas.com\/de\/shop\/heuchera-micrantha-palace-purple-bellflower-unterlage-5-stuck\/\" \/>\n<meta property=\"og:site_name\" content=\"Planten eenvoudig online bestellen | Schramas.com\" \/>\n<meta property=\"article:publisher\" content=\"https:\/\/www.facebook.com\/Schramascom-106872874153195\/\" \/>\n<meta property=\"article:modified_time\" content=\"2026-04-14T10:56:19+00:00\" \/>\n<meta property=\"og:image\" content=\"https:\/\/www.schramas.com\/wp-content\/uploads\/2025\/03\/Heuchera-micrantha-Palace-Purple.webp\" \/>\n\t<meta property=\"og:image:width\" content=\"500\" \/>\n\t<meta property=\"og:image:height\" content=\"500\" \/>\n\t<meta property=\"og:image:type\" content=\"image\/webp\" \/>\n<meta name=\"twitter:card\" content=\"summary_large_image\" \/>\n<meta name=\"twitter:label1\" content=\"Gesch\u00e4tzte Lesezeit\" \/>\n\t<meta name=\"twitter:data1\" content=\"1\u00a0Minute\" \/>\n<script type=\"application\/ld+json\" class=\"yoast-schema-graph\">{\"@context\":\"https:\/\/schema.org\",\"@graph\":[{\"@type\":[\"WebPage\",\"ItemPage\"],\"@id\":\"https:\/\/www.schramas.com\/winkel\/heuchera-micrantha-palace-purple-purperklokje-wortelgoed-5-stuks\/\",\"url\":\"https:\/\/www.schramas.com\/winkel\/heuchera-micrantha-palace-purple-purperklokje-wortelgoed-5-stuks\/\",\"name\":\"Heuchera micrantha 'Palace Purple' - Purperklokje - Wortelgoed - 5 stuks kopen | Planten eenvoudig online bestellen | Schramas.com\",\"isPartOf\":{\"@id\":\"https:\/\/www.schramas.com\/#website\"},\"primaryImageOfPage\":{\"@id\":\"https:\/\/www.schramas.com\/winkel\/heuchera-micrantha-palace-purple-purperklokje-wortelgoed-5-stuks\/#primaryimage\"},\"image\":{\"@id\":\"https:\/\/www.schramas.com\/winkel\/heuchera-micrantha-palace-purple-purperklokje-wortelgoed-5-stuks\/#primaryimage\"},\"thumbnailUrl\":\"https:\/\/www.schramas.com\/wp-content\/uploads\/2025\/03\/Heuchera-micrantha-Palace-Purple.webp\",\"datePublished\":\"2025-03-20T07:43:33+00:00\",\"dateModified\":\"2026-04-14T10:56:19+00:00\",\"breadcrumb\":{\"@id\":\"https:\/\/www.schramas.com\/winkel\/heuchera-micrantha-palace-purple-purperklokje-wortelgoed-5-stuks\/#breadcrumb\"},\"inLanguage\":\"de\",\"potentialAction\":[{\"@type\":\"ReadAction\",\"target\":[\"https:\/\/www.schramas.com\/winkel\/heuchera-micrantha-palace-purple-purperklokje-wortelgoed-5-stuks\/\"]}]},{\"@type\":\"ImageObject\",\"inLanguage\":\"de\",\"@id\":\"https:\/\/www.schramas.com\/winkel\/heuchera-micrantha-palace-purple-purperklokje-wortelgoed-5-stuks\/#primaryimage\",\"url\":\"https:\/\/www.schramas.com\/wp-content\/uploads\/2025\/03\/Heuchera-micrantha-Palace-Purple.webp\",\"contentUrl\":\"https:\/\/www.schramas.com\/wp-content\/uploads\/2025\/03\/Heuchera-micrantha-Palace-Purple.webp\",\"width\":500,\"height\":500},{\"@type\":\"BreadcrumbList\",\"@id\":\"https:\/\/www.schramas.com\/winkel\/heuchera-micrantha-palace-purple-purperklokje-wortelgoed-5-stuks\/#breadcrumb\",\"itemListElement\":[{\"@type\":\"ListItem\",\"position\":1,\"name\":\"Product\",\"item\":\"https:\/\/www.schramas.com\/assortiment\/\"},{\"@type\":\"ListItem\",\"position\":2,\"name\":\"Tuinplanten\",\"item\":\"https:\/\/www.schramas.com\/product-category\/planten-heesters\/\"},{\"@type\":\"ListItem\",\"position\":3,\"name\":\"Heuchera micrantha &#8216;Palace Purple&#8217; &#8211; Purperklokje &#8211; Wortelgoed &#8211; 5 stuks\"}]},{\"@type\":\"WebSite\",\"@id\":\"https:\/\/www.schramas.com\/#website\",\"url\":\"https:\/\/www.schramas.com\/\",\"name\":\"Schramas.com | Tuinplanten eenvoudig online bestellen | Direct van onze Kwekerij\",\"description\":\"\",\"alternateName\":\"Schramas.com - Alle planten direct van de kweker\",\"potentialAction\":[{\"@type\":\"SearchAction\",\"target\":{\"@type\":\"EntryPoint\",\"urlTemplate\":\"https:\/\/www.schramas.com\/?s={search_term_string}\"},\"query-input\":{\"@type\":\"PropertyValueSpecification\",\"valueRequired\":true,\"valueName\":\"search_term_string\"}}],\"inLanguage\":\"de\"}]}<\/script>\n<!-- \/ Yoast SEO plugin. -->","yoast_head_json":{"title":"Heuchera micrantha 'Palace Purple' - Purpurgl\u00f6ckchen - Wurzelst\u00f6cke - 5 Pflanzen kaufen | Pflanzen einfach online bestellen | Schramas.de","robots":{"index":"index","follow":"follow","max-snippet":"max-snippet:-1","max-image-preview":"max-image-preview:large","max-video-preview":"max-video-preview:-1"},"canonical":"https:\/\/www.schramas.com\/de\/shop\/heuchera-micrantha-palace-purple-bellflower-unterlage-5-stuck\/","og_locale":"de_DE","og_type":"article","og_title":"Heuchera micrantha 'Palace Purple' - Purperklokje - Wortelgoed - 5 stuks kopen | Planten eenvoudig online bestellen | Schramas.com","og_description":"5x Heuchera micrantha 'Palace Purple'  Purperklokje  Hoogte: 40cm  Leverwijze: Wortelgoed  &nbsp;","og_url":"https:\/\/www.schramas.com\/de\/shop\/heuchera-micrantha-palace-purple-bellflower-unterlage-5-stuck\/","og_site_name":"Planten eenvoudig online bestellen | Schramas.com","article_publisher":"https:\/\/www.facebook.com\/Schramascom-106872874153195\/","article_modified_time":"2026-04-14T10:56:19+00:00","og_image":[{"width":500,"height":500,"url":"https:\/\/www.schramas.com\/wp-content\/uploads\/2025\/03\/Heuchera-micrantha-Palace-Purple.webp","type":"image\/webp"}],"twitter_card":"summary_large_image","twitter_misc":{"Gesch\u00e4tzte Lesezeit":"1\u00a0Minute"},"schema":{"@context":"https:\/\/schema.org","@graph":[{"@type":["WebPage","ItemPage"],"@id":"https:\/\/www.schramas.com\/winkel\/heuchera-micrantha-palace-purple-purperklokje-wortelgoed-5-stuks\/","url":"https:\/\/www.schramas.com\/winkel\/heuchera-micrantha-palace-purple-purperklokje-wortelgoed-5-stuks\/","name":"Heuchera micrantha 'Palace Purple' - Purpurgl\u00f6ckchen - Wurzelst\u00f6cke - 5 Pflanzen kaufen | Pflanzen einfach online bestellen | Schramas.de","isPartOf":{"@id":"https:\/\/www.schramas.com\/#website"},"primaryImageOfPage":{"@id":"https:\/\/www.schramas.com\/winkel\/heuchera-micrantha-palace-purple-purperklokje-wortelgoed-5-stuks\/#primaryimage"},"image":{"@id":"https:\/\/www.schramas.com\/winkel\/heuchera-micrantha-palace-purple-purperklokje-wortelgoed-5-stuks\/#primaryimage"},"thumbnailUrl":"https:\/\/www.schramas.com\/wp-content\/uploads\/2025\/03\/Heuchera-micrantha-Palace-Purple.webp","datePublished":"2025-03-20T07:43:33+00:00","dateModified":"2026-04-14T10:56:19+00:00","breadcrumb":{"@id":"https:\/\/www.schramas.com\/winkel\/heuchera-micrantha-palace-purple-purperklokje-wortelgoed-5-stuks\/#breadcrumb"},"inLanguage":"de","potentialAction":[{"@type":"ReadAction","target":["https:\/\/www.schramas.com\/winkel\/heuchera-micrantha-palace-purple-purperklokje-wortelgoed-5-stuks\/"]}]},{"@type":"ImageObject","inLanguage":"de","@id":"https:\/\/www.schramas.com\/winkel\/heuchera-micrantha-palace-purple-purperklokje-wortelgoed-5-stuks\/#primaryimage","url":"https:\/\/www.schramas.com\/wp-content\/uploads\/2025\/03\/Heuchera-micrantha-Palace-Purple.webp","contentUrl":"https:\/\/www.schramas.com\/wp-content\/uploads\/2025\/03\/Heuchera-micrantha-Palace-Purple.webp","width":500,"height":500},{"@type":"BreadcrumbList","@id":"https:\/\/www.schramas.com\/winkel\/heuchera-micrantha-palace-purple-purperklokje-wortelgoed-5-stuks\/#breadcrumb","itemListElement":[{"@type":"ListItem","position":1,"name":"Product","item":"https:\/\/www.schramas.com\/assortiment\/"},{"@type":"ListItem","position":2,"name":"Tuinplanten","item":"https:\/\/www.schramas.com\/product-category\/planten-heesters\/"},{"@type":"ListItem","position":3,"name":"Heuchera micrantha &#8216;Palace Purple&#8217; &#8211; Purperklokje &#8211; Wortelgoed &#8211; 5 stuks"}]},{"@type":"WebSite","@id":"https:\/\/www.schramas.com\/#website","url":"https:\/\/www.schramas.com\/","name":"Schramas.com | Gartenpflanzen einfach online bestellen | Direkt aus unserer G\u00e4rtnerei","description":"","alternateName":"Schramas.com - Alle planten direct van de kweker","potentialAction":[{"@type":"SearchAction","target":{"@type":"EntryPoint","urlTemplate":"https:\/\/www.schramas.com\/?s={search_term_string}"},"query-input":{"@type":"PropertyValueSpecification","valueRequired":true,"valueName":"search_term_string"}}],"inLanguage":"de"}]}},"_links":{"self":[{"href":"https:\/\/www.schramas.com\/de\/wp-json\/wp\/v2\/product\/48563","targetHints":{"allow":["GET"]}}],"collection":[{"href":"https:\/\/www.schramas.com\/de\/wp-json\/wp\/v2\/product"}],"about":[{"href":"https:\/\/www.schramas.com\/de\/wp-json\/wp\/v2\/types\/product"}],"version-history":[{"count":1,"href":"https:\/\/www.schramas.com\/de\/wp-json\/wp\/v2\/product\/48563\/revisions"}],"predecessor-version":[{"id":48565,"href":"https:\/\/www.schramas.com\/de\/wp-json\/wp\/v2\/product\/48563\/revisions\/48565"}],"wp:featuredmedia":[{"embeddable":true,"href":"https:\/\/www.schramas.com\/de\/wp-json\/wp\/v2\/media\/48564"}],"wp:attachment":[{"href":"https:\/\/www.schramas.com\/de\/wp-json\/wp\/v2\/media?parent=48563"}],"wp:term":[{"taxonomy":"product_brand","embeddable":true,"href":"https:\/\/www.schramas.com\/de\/wp-json\/wp\/v2\/product_brand?post=48563"},{"taxonomy":"product_cat","embeddable":true,"href":"https:\/\/www.schramas.com\/de\/wp-json\/wp\/v2\/product_cat?post=48563"},{"taxonomy":"product_tag","embeddable":true,"href":"https:\/\/www.schramas.com\/de\/wp-json\/wp\/v2\/product_tag?post=48563"}],"curies":[{"name":"wp","href":"https:\/\/api.w.org\/{rel}","templated":true}]}}